{"id":7,"date":"2024-10-01T10:48:20","date_gmt":"2024-10-01T08:48:20","guid":{"rendered":"https:\/\/lebenleben.de\/gesundheit\/?page_id=7"},"modified":"2025-06-26T15:46:13","modified_gmt":"2025-06-26T13:46:13","slug":"startseite","status":"publish","type":"page","link":"https:\/\/lebenleben.de\/gesundheit\/","title":{"rendered":"Startseite"},"content":{"rendered":"\n<div id=\"llimageslider-block_b0f4300bba80b52e616e9fcf83ee1af0\" class=\"block-llimageslider llimageslider alignwide\">\n\n    \n\t\t<div class=\"llimageslider-slider\" data-slick='{\"autoplaySpeed\": 5000}'>\n\t\t\t\t\t\t\t<div class=\"single-slide-wrapper slide-1\">\n\t\t\t\t\t<img loading=\"lazy\" decoding=\"async\" width=\"1400\" height=\"440\" src=\"https:\/\/lebenleben.de\/gesundheit\/wp-content\/uploads\/sites\/19\/2024\/10\/ll_content_image_1400x1000_0002_MVZ_2017_FotoJQuast_252_resized-1400x440-1.jpg\" class=\"single-slide-image slider-desktop-image\" alt=\"\" srcset=\"https:\/\/lebenleben.de\/gesundheit\/wp-content\/uploads\/sites\/19\/2024\/10\/ll_content_image_1400x1000_0002_MVZ_2017_FotoJQuast_252_resized-1400x440-1.jpg 1400w, https:\/\/lebenleben.de\/gesundheit\/wp-content\/uploads\/sites\/19\/2024\/10\/ll_content_image_1400x1000_0002_MVZ_2017_FotoJQuast_252_resized-1400x440-1-300x94.jpg 300w, https:\/\/lebenleben.de\/gesundheit\/wp-content\/uploads\/sites\/19\/2024\/10\/ll_content_image_1400x1000_0002_MVZ_2017_FotoJQuast_252_resized-1400x440-1-1024x322.jpg 1024w, https:\/\/lebenleben.de\/gesundheit\/wp-content\/uploads\/sites\/19\/2024\/10\/ll_content_image_1400x1000_0002_MVZ_2017_FotoJQuast_252_resized-1400x440-1-768x241.jpg 768w\" sizes=\"auto, (max-width: 1400px) 100vw, 1400px\" \/>          <img loading=\"lazy\" decoding=\"async\" width=\"1000\" height=\"314\" src=\"https:\/\/lebenleben.de\/gesundheit\/wp-content\/uploads\/sites\/19\/2024\/10\/ll_content_image_1400x1000_0002_MVZ_2017_FotoJQuast_252_resized-1400x440-1-1024x322.jpg\" class=\"single-slide-image slider-mobile-image\" alt=\"\" srcset=\"https:\/\/lebenleben.de\/gesundheit\/wp-content\/uploads\/sites\/19\/2024\/10\/ll_content_image_1400x1000_0002_MVZ_2017_FotoJQuast_252_resized-1400x440-1-1024x322.jpg 1024w, https:\/\/lebenleben.de\/gesundheit\/wp-content\/uploads\/sites\/19\/2024\/10\/ll_content_image_1400x1000_0002_MVZ_2017_FotoJQuast_252_resized-1400x440-1-300x94.jpg 300w, https:\/\/lebenleben.de\/gesundheit\/wp-content\/uploads\/sites\/19\/2024\/10\/ll_content_image_1400x1000_0002_MVZ_2017_FotoJQuast_252_resized-1400x440-1-768x241.jpg 768w, https:\/\/lebenleben.de\/gesundheit\/wp-content\/uploads\/sites\/19\/2024\/10\/ll_content_image_1400x1000_0002_MVZ_2017_FotoJQuast_252_resized-1400x440-1.jpg 1400w\" sizes=\"auto, (max-width: 1000px) 100vw, 1000px\" \/>\n                    <div class=\"single-slide-text\">\n          <h2>Leben Leben Gesundheit<\/h2><h3>Individuelle Betreuung f\u00fcr Ihre Gesundheit.<\/h3>                  <\/div>\n        \n\t\t\t\t<\/div>\n\t\t\t\t\t<\/div>\n\t  <script>\n    jQuery(document).ready(function() {\n        jQuery('.llimageslider-slider').slick({\n          dots: true,\n          infinite: true,\n          speed: 1000,\n          autoplay: true,\n          adaptiveHeight: true,\n          slidesToShow: 1,\n          fade: true,\n          focusOnSelect: true\n        });\n    });\n    <\/script>\n<\/div>\n\n\n\n<div style=\"height:10px\" aria-hidden=\"true\" class=\"wp-block-spacer\"><\/div>\n\n\n\n<h2 class=\"wp-block-heading has-text-align-center\">Gemeinsam f\u00fcr ein gesundes Leben.<\/h2>\n\n\n\n<p class=\"has-text-align-center\">In unseren drei modernen Gesundheitszentren bieten wir Patient:innen eine ganzheitliche medizinische und therapeutische Betreuung auf h\u00f6chstem Niveau. Mit unserem Team aus erfahrenen Fachkr\u00e4ften decken wir ein breites Spektrum an Gesundheitsdienstleistungen f\u00fcr alle Altersgruppen ab \u2013 von der Kindermedizin bis hin zur spezialisierten Versorgung von Erwachsenen. Unser Ziel ist es, Ihre Gesundheit bestm\u00f6glich zu f\u00f6rdern und langfristig zu erhalten.<\/p>\n\n\n\n<div style=\"height:35px\" aria-hidden=\"true\" class=\"wp-block-spacer\"><\/div>\n\n\n\n<div class=\"wp-block-group alignfull\"><div class=\"wp-block-group__inner-container is-layout-constrained wp-block-group-is-layout-constrained\">\n<h2 class=\"wp-block-heading has-text-align-center\">Unsere Gesundheitsangebote<\/h2>\n\n\n    <script>\n    jQuery(document).ready(function() {\n        jQuery('.uid-1').slick({\n            dots: true,\n            infinite: true,\n            arrows: true,\n            speed: 1000,\n            autoplay: false,\n            slidesToShow: 3,\n            slidesToScroll: 1,\n            fade: false,\n            responsive: [\n                {\n                    breakpoint: 1024,\n                    settings: {\n                        slidesToShow: 2,\n                        slidesToScroll: 1\n                    }\n                },\n                {\n                    breakpoint: 800,\n                    settings: {\n                        slidesToShow: 1,\n                        slidesToScroll: 1\n                    }\n                }\n            ]\n        });\n    });\n    <\/script>\n\n<div id=\"listteaser-block_ed722d5af38df7bffa2aab192df02cff\" class=\"block-listteaser-wrapper columns-3 uid-1 testimonial block-listteaser--style-grey\">\n                        <div class=\"listteaser-single single-teaser block-subpage-wrapper__single\">\n                <a class='imagelink' href='https:\/\/lebenleben.de\/mvz\/' rel='bookmark' target=\"_blank\" title='MVZ'><img loading=\"lazy\" decoding=\"async\" width=\"800\" height=\"480\" src=\"https:\/\/lebenleben.de\/gesundheit\/wp-content\/uploads\/sites\/19\/2024\/10\/ll_content_image_1400x1000_0000_MVZ_Aussenansicht_FotoJQuast_6-800x480.jpg\" class=\"\" alt=\"\" srcset=\"https:\/\/lebenleben.de\/gesundheit\/wp-content\/uploads\/sites\/19\/2024\/10\/ll_content_image_1400x1000_0000_MVZ_Aussenansicht_FotoJQuast_6-800x480.jpg 800w, https:\/\/lebenleben.de\/gesundheit\/wp-content\/uploads\/sites\/19\/2024\/10\/ll_content_image_1400x1000_0000_MVZ_Aussenansicht_FotoJQuast_6-400x240.jpg 400w\" sizes=\"auto, (max-width: 800px) 100vw, 800px\" \/><\/a>                <div class=\"textwrapper\">\n                    <h3 class='block-listteaser__headline text-align-center'><a href='https:\/\/lebenleben.de\/mvz\/' rel='bookmark' target=\"_blank\" title='MVZ'>MVZ<\/a><\/h3>                    \n                    <p style=\"text-align: center\">\u00c4rztliche und therapeutische Versorgung in unserem haus\u00e4rztlichen MVZ am Hammersteinplatz sowie im fach\u00e4rztlichen MVZ Drei Linden.<\/p>\n\n                                            <p class=\"text-align-center\">\n                            <a href=\"https:\/\/lebenleben.de\/mvz\/\" rel=\"bookmark\" title=\"MVZ\" class=\"button\">\n                                Zur Website des MVZ&nbsp;&raquo;\n                            <\/a>\n                        <\/p>\n                                    <\/div>\n            <\/div>\n                    <div class=\"listteaser-single single-teaser block-subpage-wrapper__single\">\n                <a class='imagelink' href='https:\/\/lebenleben.de\/therapiezentrum\/' rel='bookmark' target=\"_blank\" title='Therapiezentrum'><img loading=\"lazy\" decoding=\"async\" width=\"800\" height=\"480\" src=\"https:\/\/lebenleben.de\/gesundheit\/wp-content\/uploads\/sites\/19\/2024\/10\/ll_header_slider_image_1400x560_0001_StiftungLeben_2203_7531-800x480.jpg\" class=\"\" alt=\"\" srcset=\"https:\/\/lebenleben.de\/gesundheit\/wp-content\/uploads\/sites\/19\/2024\/10\/ll_header_slider_image_1400x560_0001_StiftungLeben_2203_7531-800x480.jpg 800w, https:\/\/lebenleben.de\/gesundheit\/wp-content\/uploads\/sites\/19\/2024\/10\/ll_header_slider_image_1400x560_0001_StiftungLeben_2203_7531-400x240.jpg 400w\" sizes=\"auto, (max-width: 800px) 100vw, 800px\" \/><\/a>                <div class=\"textwrapper\">\n                    <h3 class='block-listteaser__headline text-align-center'><a href='https:\/\/lebenleben.de\/therapiezentrum\/' rel='bookmark' target=\"_blank\" title='Therapiezentrum'>Therapiezentrum<\/a><\/h3>                    \n                    <p style=\"text-align: center\">Ergotherapie, Logop\u00e4die und Physiotherapie f\u00fcr Kinder und Erwachsene jeden Alters in unserem Therapiezentrum.<\/p>\n\n                                            <p class=\"text-align-center\">\n                            <a href=\"https:\/\/lebenleben.de\/therapiezentrum\/\" rel=\"bookmark\" title=\"Therapiezentrum\" class=\"button\">\n                                Zur Website des TPZ&nbsp;&raquo;\n                            <\/a>\n                        <\/p>\n                                    <\/div>\n            <\/div>\n                    <div class=\"listteaser-single single-teaser block-subpage-wrapper__single\">\n                <a class='imagelink' href='https:\/\/lebenleben.de\/mzeb\/' rel='bookmark' target=\"_blank\" title='MZEB '><img loading=\"lazy\" decoding=\"async\" width=\"800\" height=\"480\" src=\"https:\/\/lebenleben.de\/gesundheit\/wp-content\/uploads\/sites\/19\/2024\/10\/ll_header_slider_image_1400x560_0002_Lebenleben_Bildung_9886-800x480.jpg\" class=\"\" alt=\"\" srcset=\"https:\/\/lebenleben.de\/gesundheit\/wp-content\/uploads\/sites\/19\/2024\/10\/ll_header_slider_image_1400x560_0002_Lebenleben_Bildung_9886-800x480.jpg 800w, https:\/\/lebenleben.de\/gesundheit\/wp-content\/uploads\/sites\/19\/2024\/10\/ll_header_slider_image_1400x560_0002_Lebenleben_Bildung_9886-400x240.jpg 400w\" sizes=\"auto, (max-width: 800px) 100vw, 800px\" \/><\/a>                <div class=\"textwrapper\">\n                    <h3 class='block-listteaser__headline text-align-center'><a href='https:\/\/lebenleben.de\/mzeb\/' rel='bookmark' target=\"_blank\" title='MZEB '>MZEB <\/a><\/h3>                    \n                    <p style=\"text-align: center\">Ganzheitliche und individuelle Behandlung von Erwachsenen mit einer schweren geistigen und\/oder k\u00f6rperlichen Behinderung.<\/p>\n\n                                            <p class=\"text-align-center\">\n                            <a href=\"https:\/\/lebenleben.de\/mzeb\/\" rel=\"bookmark\" title=\"MZEB \" class=\"button\">\n                                Zur Website des MZEB&nbsp;&raquo;\n                            <\/a>\n                        <\/p>\n                                    <\/div>\n            <\/div>\n            <\/div>\n<\/div><\/div>\n\n\n\n<h2 class=\"wp-block-heading has-text-align-center\">Unsere Standorte<\/h2>\n\n\n\n<div class=\"wp-block-group\"><div class=\"wp-block-group__inner-container is-layout-constrained wp-block-group-is-layout-constrained\">\n <div class=\"brlbs-cmpnt-container brlbs-cmpnt-content-blocker brlbs-cmpnt-with-individual-styles\" data-borlabs-cookie-content-blocker-id=\"google-maps\" data-borlabs-cookie-content=\"PGlmcmFtZSBzdHlsZT0iYm9yZGVyOiAwOyBjZW50ZXI7IiBzcmM9Imh0dHBzOi8vd3d3Lmdvb2dsZS5jb20vbWFwcy9kL2VtYmVkP21pZD0xOVA1Vm5WdzFlMUJ0SHBIcnltak1Nd1g0SXQ5YWNwNCZlaGJjPTJFMzEyRiZub3Byb2Y9MSIgd2lkdGg9IjEwMCUiIGhlaWdodD0iNjAwIj48L2lmcmFtZT4=\"><div class=\"brlbs-cmpnt-cb-preset-b brlbs-cmpnt-cb-google-maps\"> <div class=\"brlbs-cmpnt-cb-thumbnail\" style=\"background-image: url('https:\/\/lebenleben.de\/gesundheit\/wp-content\/uploads\/borlabs-cookie\/19\/brlbs-cb-google-maps-main.png')\"><\/div> <div class=\"brlbs-cmpnt-cb-main\"> <div class=\"brlbs-cmpnt-cb-content\"> <p class=\"brlbs-cmpnt-cb-description\">Sie sehen gerade einen Platzhalterinhalt von <strong>Google Maps<\/strong>. Um auf den eigentlichen Inhalt zuzugreifen, klicken Sie auf die Schaltfl\u00e4che unten. Bitte beachten Sie, dass dabei Daten an Drittanbieter weitergegeben werden.<\/p> <a class=\"brlbs-cmpnt-cb-provider-toggle\" href=\"#\" data-borlabs-cookie-show-provider-information role=\"button\">Mehr Informationen<\/a> <\/div> <div class=\"brlbs-cmpnt-cb-buttons\"> <a class=\"brlbs-cmpnt-cb-btn\" href=\"#\" data-borlabs-cookie-unblock role=\"button\">Inhalt entsperren<\/a> <a class=\"brlbs-cmpnt-cb-btn\" href=\"#\" data-borlabs-cookie-accept-service role=\"button\" style=\"display: inherit\">Erforderlichen Service akzeptieren und Inhalte entsperren<\/a> <\/div> <\/div> <\/div><\/div>\n<\/div><\/div>\n\n\n\n<div style=\"height:25px\" aria-hidden=\"true\" class=\"wp-block-spacer\"><\/div>\n","protected":false},"excerpt":{"rendered":"<p>Gemeinsam f\u00fcr ein gesundes Leben. In unseren drei modernen Gesundheitszentren bieten wir Patient:innen eine ganzheitliche medizinische und therapeutische Betreuung auf h\u00f6chstem Niveau. Mit unserem Team aus erfahrenen Fachkr\u00e4ften decken wir ein breites Spektrum an Gesundheitsdienstleistungen f\u00fcr alle Altersgruppen ab \u2013 von der Kindermedizin bis hin zur spezialisierten Versorgung von Erwachsenen. Unser Ziel ist es, Ihre [&hellip;]<\/p>\n","protected":false},"author":1,"featured_media":0,"parent":0,"menu_order":0,"comment_status":"closed","ping_status":"closed","template":"page-templates\/page-fullscreen.php","meta":{"_acf_changed":false,"footnotes":""},"class_list":["post-7","page","type-page","status-publish","hentry"],"acf":[],"yoast_head":"<!-- This site is optimized with the Yoast SEO plugin v27.3 - https:\/\/yoast.com\/product\/yoast-seo-wordpress\/ -->\n<title>Startseite - Leben leben Gesundheit<\/title>\n<meta name=\"robots\" content=\"index, follow, max-snippet:-1, max-image-preview:large, max-video-preview:-1\" \/>\n<link rel=\"canonical\" href=\"https:\/\/lebenleben.de\/gesundheit\/\" \/>\n<meta property=\"og:locale\" content=\"de_DE\" \/>\n<meta property=\"og:type\" content=\"article\" \/>\n<meta property=\"og:title\" content=\"Startseite - Leben leben Gesundheit\" \/>\n<meta property=\"og:description\" content=\"Gemeinsam f\u00fcr ein gesundes Leben. In unseren drei modernen Gesundheitszentren bieten wir Patient:innen eine ganzheitliche medizinische und therapeutische Betreuung auf h\u00f6chstem Niveau. Mit unserem Team aus erfahrenen Fachkr\u00e4ften decken wir ein breites Spektrum an Gesundheitsdienstleistungen f\u00fcr alle Altersgruppen ab \u2013 von der Kindermedizin bis hin zur spezialisierten Versorgung von Erwachsenen. Unser Ziel ist es, Ihre [&hellip;]\" \/>\n<meta property=\"og:url\" content=\"https:\/\/lebenleben.de\/gesundheit\/\" \/>\n<meta property=\"og:site_name\" content=\"Leben leben Gesundheit\" \/>\n<meta property=\"article:modified_time\" content=\"2025-06-26T13:46:13+00:00\" \/>\n<meta name=\"twitter:card\" content=\"summary_large_image\" \/>\n<meta name=\"twitter:label1\" content=\"Gesch\u00e4tzte Lesezeit\" \/>\n\t<meta name=\"twitter:data1\" content=\"2\u00a0Minuten\" \/>\n<script type=\"application\/ld+json\" class=\"yoast-schema-graph\">{\"@context\":\"https:\\\/\\\/schema.org\",\"@graph\":[{\"@type\":\"WebPage\",\"@id\":\"https:\\\/\\\/lebenleben.de\\\/gesundheit\\\/\",\"url\":\"https:\\\/\\\/lebenleben.de\\\/gesundheit\\\/\",\"name\":\"Startseite - Leben leben Gesundheit\",\"isPartOf\":{\"@id\":\"https:\\\/\\\/lebenleben.de\\\/gesundheit\\\/#website\"},\"datePublished\":\"2024-10-01T08:48:20+00:00\",\"dateModified\":\"2025-06-26T13:46:13+00:00\",\"breadcrumb\":{\"@id\":\"https:\\\/\\\/lebenleben.de\\\/gesundheit\\\/#breadcrumb\"},\"inLanguage\":\"de\",\"potentialAction\":[{\"@type\":\"ReadAction\",\"target\":[\"https:\\\/\\\/lebenleben.de\\\/gesundheit\\\/\"]}]},{\"@type\":\"BreadcrumbList\",\"@id\":\"https:\\\/\\\/lebenleben.de\\\/gesundheit\\\/#breadcrumb\",\"itemListElement\":[{\"@type\":\"ListItem\",\"position\":1,\"name\":\"Startseite\",\"item\":\"https:\\\/\\\/lebenleben.de\\\/gesundheit\\\/\"},{\"@type\":\"ListItem\",\"position\":2,\"name\":\"Startseite\"}]},{\"@type\":\"WebSite\",\"@id\":\"https:\\\/\\\/lebenleben.de\\\/gesundheit\\\/#website\",\"url\":\"https:\\\/\\\/lebenleben.de\\\/gesundheit\\\/\",\"name\":\"Leben leben Gesundheit\",\"description\":\"\",\"potentialAction\":[{\"@type\":\"SearchAction\",\"target\":{\"@type\":\"EntryPoint\",\"urlTemplate\":\"https:\\\/\\\/lebenleben.de\\\/gesundheit\\\/?s={search_term_string}\"},\"query-input\":{\"@type\":\"PropertyValueSpecification\",\"valueRequired\":true,\"valueName\":\"search_term_string\"}}],\"inLanguage\":\"de\"}]}<\/script>\n<!-- \/ Yoast SEO plugin. -->","yoast_head_json":{"title":"Startseite - Leben leben Gesundheit","robots":{"index":"index","follow":"follow","max-snippet":"max-snippet:-1","max-image-preview":"max-image-preview:large","max-video-preview":"max-video-preview:-1"},"canonical":"https:\/\/lebenleben.de\/gesundheit\/","og_locale":"de_DE","og_type":"article","og_title":"Startseite - Leben leben Gesundheit","og_description":"Gemeinsam f\u00fcr ein gesundes Leben. In unseren drei modernen Gesundheitszentren bieten wir Patient:innen eine ganzheitliche medizinische und therapeutische Betreuung auf h\u00f6chstem Niveau. Mit unserem Team aus erfahrenen Fachkr\u00e4ften decken wir ein breites Spektrum an Gesundheitsdienstleistungen f\u00fcr alle Altersgruppen ab \u2013 von der Kindermedizin bis hin zur spezialisierten Versorgung von Erwachsenen. Unser Ziel ist es, Ihre [&hellip;]","og_url":"https:\/\/lebenleben.de\/gesundheit\/","og_site_name":"Leben leben Gesundheit","article_modified_time":"2025-06-26T13:46:13+00:00","twitter_card":"summary_large_image","twitter_misc":{"Gesch\u00e4tzte Lesezeit":"2\u00a0Minuten"},"schema":{"@context":"https:\/\/schema.org","@graph":[{"@type":"WebPage","@id":"https:\/\/lebenleben.de\/gesundheit\/","url":"https:\/\/lebenleben.de\/gesundheit\/","name":"Startseite - Leben leben Gesundheit","isPartOf":{"@id":"https:\/\/lebenleben.de\/gesundheit\/#website"},"datePublished":"2024-10-01T08:48:20+00:00","dateModified":"2025-06-26T13:46:13+00:00","breadcrumb":{"@id":"https:\/\/lebenleben.de\/gesundheit\/#breadcrumb"},"inLanguage":"de","potentialAction":[{"@type":"ReadAction","target":["https:\/\/lebenleben.de\/gesundheit\/"]}]},{"@type":"BreadcrumbList","@id":"https:\/\/lebenleben.de\/gesundheit\/#breadcrumb","itemListElement":[{"@type":"ListItem","position":1,"name":"Startseite","item":"https:\/\/lebenleben.de\/gesundheit\/"},{"@type":"ListItem","position":2,"name":"Startseite"}]},{"@type":"WebSite","@id":"https:\/\/lebenleben.de\/gesundheit\/#website","url":"https:\/\/lebenleben.de\/gesundheit\/","name":"Leben leben Gesundheit","description":"","potentialAction":[{"@type":"SearchAction","target":{"@type":"EntryPoint","urlTemplate":"https:\/\/lebenleben.de\/gesundheit\/?s={search_term_string}"},"query-input":{"@type":"PropertyValueSpecification","valueRequired":true,"valueName":"search_term_string"}}],"inLanguage":"de"}]}},"_links":{"self":[{"href":"https:\/\/lebenleben.de\/gesundheit\/wp-json\/wp\/v2\/pages\/7","targetHints":{"allow":["GET"]}}],"collection":[{"href":"https:\/\/lebenleben.de\/gesundheit\/wp-json\/wp\/v2\/pages"}],"about":[{"href":"https:\/\/lebenleben.de\/gesundheit\/wp-json\/wp\/v2\/types\/page"}],"author":[{"embeddable":true,"href":"https:\/\/lebenleben.de\/gesundheit\/wp-json\/wp\/v2\/users\/1"}],"replies":[{"embeddable":true,"href":"https:\/\/lebenleben.de\/gesundheit\/wp-json\/wp\/v2\/comments?post=7"}],"version-history":[{"count":7,"href":"https:\/\/lebenleben.de\/gesundheit\/wp-json\/wp\/v2\/pages\/7\/revisions"}],"predecessor-version":[{"id":58,"href":"https:\/\/lebenleben.de\/gesundheit\/wp-json\/wp\/v2\/pages\/7\/revisions\/58"}],"wp:attachment":[{"href":"https:\/\/lebenleben.de\/gesundheit\/wp-json\/wp\/v2\/media?parent=7"}],"curies":[{"name":"wp","href":"https:\/\/api.w.org\/{rel}","templated":true}]}}