{"id":13517,"date":"2020-05-18T11:22:36","date_gmt":"2020-05-18T09:22:36","guid":{"rendered":"http:\/\/lebenleben.de\/karriere\/?page_id=13"},"modified":"2024-05-30T14:27:58","modified_gmt":"2024-05-30T12:27:58","slug":"unsere-unternehmensgruppe","status":"publish","type":"page","link":"https:\/\/lebenleben.de\/karriere\/unsere-unternehmensgruppe\/","title":{"rendered":"Unsere Unternehmensgruppe"},"content":{"rendered":"\n<div id=\"llimageslider-block_b37ca05ef85a0c6bf08930a0ef15130e\" class=\"block-llimageslider llimageslider alignwide\">\n\n    \n\t\t<div class=\"llimageslider-slider\" data-slick='{\"autoplaySpeed\": 5000}'>\n\t\t\t\t\t\t\t<div class=\"single-slide-wrapper slide-1\">\n\t\t\t\t\t<img loading=\"lazy\" decoding=\"async\" width=\"1400\" height=\"440\" src=\"https:\/\/lebenleben.de\/karriere\/wp-content\/uploads\/sites\/2\/2024\/05\/ll_karr_header_slider_image_1400x560_0010_Lebenshilfe_1-488-1-1400x440-1.jpg\" class=\"single-slide-image slider-desktop-image\" alt=\"\" srcset=\"https:\/\/lebenleben.de\/karriere\/wp-content\/uploads\/sites\/2\/2024\/05\/ll_karr_header_slider_image_1400x560_0010_Lebenshilfe_1-488-1-1400x440-1.jpg 1400w, https:\/\/lebenleben.de\/karriere\/wp-content\/uploads\/sites\/2\/2024\/05\/ll_karr_header_slider_image_1400x560_0010_Lebenshilfe_1-488-1-1400x440-1-300x94.jpg 300w, https:\/\/lebenleben.de\/karriere\/wp-content\/uploads\/sites\/2\/2024\/05\/ll_karr_header_slider_image_1400x560_0010_Lebenshilfe_1-488-1-1400x440-1-1024x322.jpg 1024w, https:\/\/lebenleben.de\/karriere\/wp-content\/uploads\/sites\/2\/2024\/05\/ll_karr_header_slider_image_1400x560_0010_Lebenshilfe_1-488-1-1400x440-1-768x241.jpg 768w\" sizes=\"auto, (max-width: 1400px) 100vw, 1400px\" \/>          <img loading=\"lazy\" decoding=\"async\" width=\"1000\" height=\"314\" src=\"https:\/\/lebenleben.de\/karriere\/wp-content\/uploads\/sites\/2\/2024\/05\/ll_karr_header_slider_image_1400x560_0010_Lebenshilfe_1-488-1-1400x440-1-1024x322.jpg\" class=\"single-slide-image slider-mobile-image\" alt=\"\" srcset=\"https:\/\/lebenleben.de\/karriere\/wp-content\/uploads\/sites\/2\/2024\/05\/ll_karr_header_slider_image_1400x560_0010_Lebenshilfe_1-488-1-1400x440-1-1024x322.jpg 1024w, https:\/\/lebenleben.de\/karriere\/wp-content\/uploads\/sites\/2\/2024\/05\/ll_karr_header_slider_image_1400x560_0010_Lebenshilfe_1-488-1-1400x440-1-300x94.jpg 300w, https:\/\/lebenleben.de\/karriere\/wp-content\/uploads\/sites\/2\/2024\/05\/ll_karr_header_slider_image_1400x560_0010_Lebenshilfe_1-488-1-1400x440-1-768x241.jpg 768w, https:\/\/lebenleben.de\/karriere\/wp-content\/uploads\/sites\/2\/2024\/05\/ll_karr_header_slider_image_1400x560_0010_Lebenshilfe_1-488-1-1400x440-1.jpg 1400w\" sizes=\"auto, (max-width: 1000px) 100vw, 1000px\" \/>\n                    <div class=\"single-slide-text\">\n          <h2>Unsere Unternehmensgruppe<\/h2><h3>Leben leben<\/h3>                  <\/div>\n        \n\t\t\t\t<\/div>\n\t\t\t\t\t<\/div>\n\t  <script>\n    jQuery(document).ready(function() {\n        jQuery('.llimageslider-slider').slick({\n          dots: true,\n          infinite: true,\n          speed: 1000,\n          autoplay: true,\n          adaptiveHeight: true,\n          slidesToShow: 1,\n          fade: true,\n          focusOnSelect: true\n        });\n    });\n    <\/script>\n<\/div>\n\n\n\n<div style=\"height:25px\" aria-hidden=\"true\" class=\"wp-block-spacer\"><\/div>\n\n\n<div id=\"childpagelist-block_edf64700108c556a90bdf32b0518384b\" class=\"block-subpage-wrapper columns-3 uid-1\">\n\n\t\n\t\n\t    <div class=\"block-subpage-wrapper__single post-13518 page type-page status-publish has-post-thumbnail hentry\">\n\t        \t           <a class=\"imagelink \"href=\"https:\/\/lebenleben.de\/karriere\/unsere-unternehmensgruppe\/ueber-uns\/\" rel=\"bookmark\" title=\"Wir sind\"><img loading=\"lazy\" decoding=\"async\" width=\"600\" height=\"360\" src=\"https:\/\/lebenleben.de\/karriere\/wp-content\/uploads\/sites\/2\/2024\/05\/ll_karr_content_image_1400x1000_0012_haende_206763342-1-768x549-1-600x360.jpg\" class=\"attachment-ll-thumb-medium size-ll-thumb-medium wp-post-image\" alt=\"\" srcset=\"https:\/\/lebenleben.de\/karriere\/wp-content\/uploads\/sites\/2\/2024\/05\/ll_karr_content_image_1400x1000_0012_haende_206763342-1-768x549-1-600x360.jpg 600w, https:\/\/lebenleben.de\/karriere\/wp-content\/uploads\/sites\/2\/2024\/05\/ll_karr_content_image_1400x1000_0012_haende_206763342-1-768x549-1-400x240.jpg 400w\" sizes=\"auto, (max-width: 600px) 100vw, 600px\" \/><\/a>\n\t        \t\t\t\t\t<div class=\"textwrapper\">\n\t\t        <h3><a href=\"https:\/\/lebenleben.de\/karriere\/unsere-unternehmensgruppe\/ueber-uns\/\" rel=\"bookmark\" title=\"Wir sind\">Wir sind<\/a><\/h3>\n\n\t\t\t\t<p>Wir sind ein gemeinn\u00fctziger Unternehmensverbund im Sozial- und Gesundheitswesen und besch\u00e4ftigen in den Landkreisen Uelzen, L\u00fcchow-Dannenberg und Gifhorn mehr als 1400 Besch\u00e4ftigte.<\/p>\n\t\t\t\t\t\t<a href=\"https:\/\/lebenleben.de\/karriere\/unsere-unternehmensgruppe\/ueber-uns\/\" rel=\"bookmark\" title=\"Wir sind\">Mehr Infos&nbsp;&raquo;<\/a>\n\t\t\t\t\t<\/div>\n\t    <\/div>\n\t\n\t    <div class=\"block-subpage-wrapper__single post-13520 page type-page status-publish has-post-thumbnail hentry\">\n\t        \t           <a class=\"imagelink \"href=\"https:\/\/lebenleben.de\/karriere\/unsere-unternehmensgruppe\/leistungen\/\" rel=\"bookmark\" title=\"Wir bieten\"><img loading=\"lazy\" decoding=\"async\" width=\"600\" height=\"360\" src=\"https:\/\/lebenleben.de\/karriere\/wp-content\/uploads\/sites\/2\/2024\/05\/ll_karr_content_image_1400x1000_0011_thumbs_up_213184235-1-768x549-1-600x360.jpg\" class=\"attachment-ll-thumb-medium size-ll-thumb-medium wp-post-image\" alt=\"\" srcset=\"https:\/\/lebenleben.de\/karriere\/wp-content\/uploads\/sites\/2\/2024\/05\/ll_karr_content_image_1400x1000_0011_thumbs_up_213184235-1-768x549-1-600x360.jpg 600w, https:\/\/lebenleben.de\/karriere\/wp-content\/uploads\/sites\/2\/2024\/05\/ll_karr_content_image_1400x1000_0011_thumbs_up_213184235-1-768x549-1-400x240.jpg 400w\" sizes=\"auto, (max-width: 600px) 100vw, 600px\" \/><\/a>\n\t        \t\t\t\t\t<div class=\"textwrapper\">\n\t\t        <h3><a href=\"https:\/\/lebenleben.de\/karriere\/unsere-unternehmensgruppe\/leistungen\/\" rel=\"bookmark\" title=\"Wir bieten\">Wir bieten<\/a><\/h3>\n\n\t\t\t\t<p>Uns ist es wichtig, dass unsere Mitarbeitenden zufrieden sind und sich an ihrem Arbeitsplatz wohlf\u00fchlen. <\/p>\n\t\t\t\t\t\t<a href=\"https:\/\/lebenleben.de\/karriere\/unsere-unternehmensgruppe\/leistungen\/\" rel=\"bookmark\" title=\"Wir bieten\">Mehr Infos&nbsp;&raquo;<\/a>\n\t\t\t\t\t<\/div>\n\t    <\/div>\n\t\n\t    <div class=\"block-subpage-wrapper__single post-13519 page type-page status-publish has-post-thumbnail hentry\">\n\t        \t           <a class=\"imagelink \"href=\"https:\/\/lebenleben.de\/karriere\/unsere-unternehmensgruppe\/vielfalt-und-inklusion\/\" rel=\"bookmark\" title=\"Vielfalt und Inklusion\"><img loading=\"lazy\" decoding=\"async\" width=\"600\" height=\"360\" src=\"https:\/\/lebenleben.de\/karriere\/wp-content\/uploads\/sites\/2\/2024\/05\/ll_karr_content_image_1400x1000_Lebenshilfe_1-1034-1-768x549-1-600x360.jpg\" class=\"attachment-ll-thumb-medium size-ll-thumb-medium wp-post-image\" alt=\"\" srcset=\"https:\/\/lebenleben.de\/karriere\/wp-content\/uploads\/sites\/2\/2024\/05\/ll_karr_content_image_1400x1000_Lebenshilfe_1-1034-1-768x549-1-600x360.jpg 600w, https:\/\/lebenleben.de\/karriere\/wp-content\/uploads\/sites\/2\/2024\/05\/ll_karr_content_image_1400x1000_Lebenshilfe_1-1034-1-768x549-1-400x240.jpg 400w\" sizes=\"auto, (max-width: 600px) 100vw, 600px\" \/><\/a>\n\t        \t\t\t\t\t<div class=\"textwrapper\">\n\t\t        <h3><a href=\"https:\/\/lebenleben.de\/karriere\/unsere-unternehmensgruppe\/vielfalt-und-inklusion\/\" rel=\"bookmark\" title=\"Vielfalt und Inklusion\">Vielfalt und Inklusion<\/a><\/h3>\n\n\t\t\t\t<p>Inklusion ist selbstverst\u00e4ndlich f\u00fcr unsere Arbeit mit und f\u00fcr Menschen \u2013 und pr\u00e4gend f\u00fcr das gesamte Angebot unserer Unternehmensgruppe.<\/p>\n\t\t\t\t\t\t<a href=\"https:\/\/lebenleben.de\/karriere\/unsere-unternehmensgruppe\/vielfalt-und-inklusion\/\" rel=\"bookmark\" title=\"Vielfalt und Inklusion\">Mehr Infos&nbsp;&raquo;<\/a>\n\t\t\t\t\t<\/div>\n\t    <\/div>\n\t\n\t    <div class=\"block-subpage-wrapper__single post-13521 page type-page status-publish has-post-thumbnail hentry\">\n\t        \t           <a class=\"imagelink \"href=\"https:\/\/lebenleben.de\/karriere\/unsere-unternehmensgruppe\/stimmen\/\" rel=\"bookmark\" title=\"Stimmen\"><img loading=\"lazy\" decoding=\"async\" width=\"600\" height=\"360\" src=\"https:\/\/lebenleben.de\/karriere\/wp-content\/uploads\/sites\/2\/2024\/05\/ll_karr_content_image_1400x1000_0010_Lebenshilfe_1-1109-1-768x549-1-600x360.jpg\" class=\"attachment-ll-thumb-medium size-ll-thumb-medium wp-post-image\" alt=\"\" srcset=\"https:\/\/lebenleben.de\/karriere\/wp-content\/uploads\/sites\/2\/2024\/05\/ll_karr_content_image_1400x1000_0010_Lebenshilfe_1-1109-1-768x549-1-600x360.jpg 600w, https:\/\/lebenleben.de\/karriere\/wp-content\/uploads\/sites\/2\/2024\/05\/ll_karr_content_image_1400x1000_0010_Lebenshilfe_1-1109-1-768x549-1-400x240.jpg 400w\" sizes=\"auto, (max-width: 600px) 100vw, 600px\" \/><\/a>\n\t        \t\t\t\t\t<div class=\"textwrapper\">\n\t\t        <h3><a href=\"https:\/\/lebenleben.de\/karriere\/unsere-unternehmensgruppe\/stimmen\/\" rel=\"bookmark\" title=\"Stimmen\">Stimmen<\/a><\/h3>\n\n\t\t\t\t<p>Lassen Sie sich von unseren Mitarbeitern mit auf eine Reise durch Leben leben nehmen. Was verbinde ich mit Leben leben, warum arbeite ich gerne bei Leben leben?<\/p>\n\t\t\t\t\t\t<a href=\"https:\/\/lebenleben.de\/karriere\/unsere-unternehmensgruppe\/stimmen\/\" rel=\"bookmark\" title=\"Stimmen\">Mehr Infos&nbsp;&raquo;<\/a>\n\t\t\t\t\t<\/div>\n\t    <\/div>\n\t\n\t    <div class=\"block-subpage-wrapper__single post-13522 page type-page status-publish has-post-thumbnail hentry\">\n\t        \t           <a class=\"imagelink \"href=\"https:\/\/lebenleben.de\/karriere\/unsere-unternehmensgruppe\/standorte\/\" rel=\"bookmark\" title=\"Standorte\"><img loading=\"lazy\" decoding=\"async\" width=\"600\" height=\"360\" src=\"https:\/\/lebenleben.de\/karriere\/wp-content\/uploads\/sites\/2\/2024\/05\/ll_landkreise-1-768x652-1-600x360.jpg\" class=\"attachment-ll-thumb-medium size-ll-thumb-medium wp-post-image\" alt=\"\" srcset=\"https:\/\/lebenleben.de\/karriere\/wp-content\/uploads\/sites\/2\/2024\/05\/ll_landkreise-1-768x652-1-600x360.jpg 600w, https:\/\/lebenleben.de\/karriere\/wp-content\/uploads\/sites\/2\/2024\/05\/ll_landkreise-1-768x652-1-400x240.jpg 400w\" sizes=\"auto, (max-width: 600px) 100vw, 600px\" \/><\/a>\n\t        \t\t\t\t\t<div class=\"textwrapper\">\n\t\t        <h3><a href=\"https:\/\/lebenleben.de\/karriere\/unsere-unternehmensgruppe\/standorte\/\" rel=\"bookmark\" title=\"Standorte\">Standorte<\/a><\/h3>\n\n\t\t\t\t<p>Unsere Unternehmensgruppe f\u00fchrt Einrichtungen in den Landkreisen Uelzen, L\u00fcchow-Dannenberg und Gifhorn.<\/p>\n\t\t\t\t\t\t<a href=\"https:\/\/lebenleben.de\/karriere\/unsere-unternehmensgruppe\/standorte\/\" rel=\"bookmark\" title=\"Standorte\">Mehr Infos&nbsp;&raquo;<\/a>\n\t\t\t\t\t<\/div>\n\t    <\/div>\n\t\n\t    <div class=\"block-subpage-wrapper__single post-12899 page type-page status-publish has-post-thumbnail hentry\">\n\t        \t           <a class=\"imagelink \"href=\"https:\/\/lebenleben.de\/karriere\/unsere-unternehmensgruppe\/leben-in-aktion\/\" rel=\"bookmark\" title=\"Videos\"><img loading=\"lazy\" decoding=\"async\" width=\"582\" height=\"360\" src=\"https:\/\/lebenleben.de\/karriere\/wp-content\/uploads\/sites\/2\/2024\/05\/ll_preview-scaled-2-768x416-1-582x360.jpg\" class=\"attachment-ll-thumb-medium size-ll-thumb-medium wp-post-image\" alt=\"\" \/><\/a>\n\t        \t\t\t\t\t<div class=\"textwrapper\">\n\t\t        <h3><a href=\"https:\/\/lebenleben.de\/karriere\/unsere-unternehmensgruppe\/leben-in-aktion\/\" rel=\"bookmark\" title=\"Videos\">Videos<\/a><\/h3>\n\n\t\t\t\t<p>Lassen Sie sich auf unterschiedliche Reisen in unsere Unternehmensgruppe mitnehmen!<\/p>\n\t\t\t\t\t\t<a href=\"https:\/\/lebenleben.de\/karriere\/unsere-unternehmensgruppe\/leben-in-aktion\/\" rel=\"bookmark\" title=\"Videos\">Mehr Infos&nbsp;&raquo;<\/a>\n\t\t\t\t\t<\/div>\n\t    <\/div>\n\t\n\t\n<\/div>\n\n\n\n<div style=\"height:50px\" aria-hidden=\"true\" class=\"wp-block-spacer\"><\/div>\n","protected":false},"excerpt":{"rendered":"<p>Was macht die Unternehmensgruppe Leben leben als Arbeitgeber aus? Das sollten Sie \u00fcber uns wissen.<\/p>\n","protected":false},"author":1,"featured_media":12826,"parent":0,"menu_order":20,"comment_status":"closed","ping_status":"closed","template":"page-templates\/page-fullscreen.php","meta":{"_acf_changed":false,"footnotes":""},"class_list":["post-13517","page","type-page","status-publish","has-post-thumbnail","hentry"],"acf":[],"yoast_head":"<!-- This site is optimized with the Yoast SEO plugin v27.3 - https:\/\/yoast.com\/product\/yoast-seo-wordpress\/ -->\n<title>Unsere Unternehmensgruppe - Leben leben Karriere<\/title>\n<meta name=\"description\" content=\"Was macht die Unternehmensgruppe Leben leben als Arbeitgeber aus? Das sollten Sie \u00fcber uns wissen.\" \/>\n<meta name=\"robots\" content=\"index, follow, max-snippet:-1, max-image-preview:large, max-video-preview:-1\" \/>\n<link rel=\"canonical\" href=\"https:\/\/lebenleben.de\/karriere\/unsere-unternehmensgruppe\/\" \/>\n<meta property=\"og:locale\" content=\"de_DE\" \/>\n<meta property=\"og:type\" content=\"article\" \/>\n<meta property=\"og:title\" content=\"Unsere Unternehmensgruppe - Leben leben Karriere\" \/>\n<meta property=\"og:description\" content=\"Was macht die Unternehmensgruppe Leben leben als Arbeitgeber aus? Das sollten Sie \u00fcber uns wissen.\" \/>\n<meta property=\"og:url\" content=\"https:\/\/lebenleben.de\/karriere\/unsere-unternehmensgruppe\/\" \/>\n<meta property=\"og:site_name\" content=\"Leben leben Karriere\" \/>\n<meta property=\"article:modified_time\" content=\"2024-05-30T12:27:58+00:00\" \/>\n<meta property=\"og:image\" content=\"https:\/\/lebenleben.de\/karriere\/wp-content\/uploads\/sites\/2\/2020\/08\/ll_karr_header_slider_image_1400x560_0010_Lebenshilfe_1-488-1.jpg\" \/>\n\t<meta property=\"og:image:width\" content=\"1400\" \/>\n\t<meta property=\"og:image:height\" content=\"560\" \/>\n\t<meta property=\"og:image:type\" content=\"image\/jpeg\" \/>\n<meta name=\"twitter:card\" content=\"summary_large_image\" \/>\n<meta name=\"twitter:label1\" content=\"Gesch\u00e4tzte Lesezeit\" \/>\n\t<meta name=\"twitter:data1\" content=\"1\u00a0Minute\" \/>\n<script type=\"application\/ld+json\" class=\"yoast-schema-graph\">{\"@context\":\"https:\\\/\\\/schema.org\",\"@graph\":[{\"@type\":\"WebPage\",\"@id\":\"https:\\\/\\\/lebenleben.de\\\/karriere\\\/unsere-unternehmensgruppe\\\/\",\"url\":\"https:\\\/\\\/lebenleben.de\\\/karriere\\\/unsere-unternehmensgruppe\\\/\",\"name\":\"Unsere Unternehmensgruppe - Leben leben Karriere\",\"isPartOf\":{\"@id\":\"https:\\\/\\\/lebenleben.de\\\/karriere\\\/#website\"},\"primaryImageOfPage\":{\"@id\":\"https:\\\/\\\/lebenleben.de\\\/karriere\\\/unsere-unternehmensgruppe\\\/#primaryimage\"},\"image\":{\"@id\":\"https:\\\/\\\/lebenleben.de\\\/karriere\\\/unsere-unternehmensgruppe\\\/#primaryimage\"},\"thumbnailUrl\":\"https:\\\/\\\/lebenleben.de\\\/karriere\\\/wp-content\\\/uploads\\\/sites\\\/2\\\/2020\\\/08\\\/ll_karr_header_slider_image_1400x560_0010_Lebenshilfe_1-488-1.jpg\",\"datePublished\":\"2020-05-18T09:22:36+00:00\",\"dateModified\":\"2024-05-30T12:27:58+00:00\",\"description\":\"Was macht die Unternehmensgruppe Leben leben als Arbeitgeber aus? Das sollten Sie \u00fcber uns wissen.\",\"breadcrumb\":{\"@id\":\"https:\\\/\\\/lebenleben.de\\\/karriere\\\/unsere-unternehmensgruppe\\\/#breadcrumb\"},\"inLanguage\":\"de\",\"potentialAction\":[{\"@type\":\"ReadAction\",\"target\":[\"https:\\\/\\\/lebenleben.de\\\/karriere\\\/unsere-unternehmensgruppe\\\/\"]}]},{\"@type\":\"ImageObject\",\"inLanguage\":\"de\",\"@id\":\"https:\\\/\\\/lebenleben.de\\\/karriere\\\/unsere-unternehmensgruppe\\\/#primaryimage\",\"url\":\"https:\\\/\\\/lebenleben.de\\\/karriere\\\/wp-content\\\/uploads\\\/sites\\\/2\\\/2020\\\/08\\\/ll_karr_header_slider_image_1400x560_0010_Lebenshilfe_1-488-1.jpg\",\"contentUrl\":\"https:\\\/\\\/lebenleben.de\\\/karriere\\\/wp-content\\\/uploads\\\/sites\\\/2\\\/2020\\\/08\\\/ll_karr_header_slider_image_1400x560_0010_Lebenshilfe_1-488-1.jpg\",\"width\":1400,\"height\":560},{\"@type\":\"BreadcrumbList\",\"@id\":\"https:\\\/\\\/lebenleben.de\\\/karriere\\\/unsere-unternehmensgruppe\\\/#breadcrumb\",\"itemListElement\":[{\"@type\":\"ListItem\",\"position\":1,\"name\":\"Startseite\",\"item\":\"https:\\\/\\\/lebenleben.de\\\/karriere\\\/\"},{\"@type\":\"ListItem\",\"position\":2,\"name\":\"Unsere Unternehmensgruppe\"}]},{\"@type\":\"WebSite\",\"@id\":\"https:\\\/\\\/lebenleben.de\\\/karriere\\\/#website\",\"url\":\"https:\\\/\\\/lebenleben.de\\\/karriere\\\/\",\"name\":\"Leben leben Karriere\",\"description\":\"Jobs &amp; Stellenangebote\",\"publisher\":{\"@id\":\"https:\\\/\\\/lebenleben.de\\\/karriere\\\/#organization\"},\"potentialAction\":[{\"@type\":\"SearchAction\",\"target\":{\"@type\":\"EntryPoint\",\"urlTemplate\":\"https:\\\/\\\/lebenleben.de\\\/karriere\\\/?s={search_term_string}\"},\"query-input\":{\"@type\":\"PropertyValueSpecification\",\"valueRequired\":true,\"valueName\":\"search_term_string\"}}],\"inLanguage\":\"de\"},{\"@type\":\"Organization\",\"@id\":\"https:\\\/\\\/lebenleben.de\\\/karriere\\\/#organization\",\"name\":\"Leben leben Karriere\",\"url\":\"https:\\\/\\\/lebenleben.de\\\/karriere\\\/\",\"logo\":{\"@type\":\"ImageObject\",\"inLanguage\":\"de\",\"@id\":\"https:\\\/\\\/lebenleben.de\\\/karriere\\\/#\\\/schema\\\/logo\\\/image\\\/\",\"url\":\"https:\\\/\\\/lebenleben.de\\\/karriere\\\/wp-content\\\/uploads\\\/sites\\\/2\\\/2021\\\/01\\\/ll_favicon-purple.png\",\"contentUrl\":\"https:\\\/\\\/lebenleben.de\\\/karriere\\\/wp-content\\\/uploads\\\/sites\\\/2\\\/2021\\\/01\\\/ll_favicon-purple.png\",\"width\":501,\"height\":501,\"caption\":\"Leben leben Karriere\"},\"image\":{\"@id\":\"https:\\\/\\\/lebenleben.de\\\/karriere\\\/#\\\/schema\\\/logo\\\/image\\\/\"}}]}<\/script>\n<!-- \/ Yoast SEO plugin. -->","yoast_head_json":{"title":"Unsere Unternehmensgruppe - Leben leben Karriere","description":"Was macht die Unternehmensgruppe Leben leben als Arbeitgeber aus? Das sollten Sie \u00fcber uns wissen.","robots":{"index":"index","follow":"follow","max-snippet":"max-snippet:-1","max-image-preview":"max-image-preview:large","max-video-preview":"max-video-preview:-1"},"canonical":"https:\/\/lebenleben.de\/karriere\/unsere-unternehmensgruppe\/","og_locale":"de_DE","og_type":"article","og_title":"Unsere Unternehmensgruppe - Leben leben Karriere","og_description":"Was macht die Unternehmensgruppe Leben leben als Arbeitgeber aus? Das sollten Sie \u00fcber uns wissen.","og_url":"https:\/\/lebenleben.de\/karriere\/unsere-unternehmensgruppe\/","og_site_name":"Leben leben Karriere","article_modified_time":"2024-05-30T12:27:58+00:00","og_image":[{"width":1400,"height":560,"url":"https:\/\/lebenleben.de\/karriere\/wp-content\/uploads\/sites\/2\/2020\/08\/ll_karr_header_slider_image_1400x560_0010_Lebenshilfe_1-488-1.jpg","type":"image\/jpeg"}],"twitter_card":"summary_large_image","twitter_misc":{"Gesch\u00e4tzte Lesezeit":"1\u00a0Minute"},"schema":{"@context":"https:\/\/schema.org","@graph":[{"@type":"WebPage","@id":"https:\/\/lebenleben.de\/karriere\/unsere-unternehmensgruppe\/","url":"https:\/\/lebenleben.de\/karriere\/unsere-unternehmensgruppe\/","name":"Unsere Unternehmensgruppe - Leben leben Karriere","isPartOf":{"@id":"https:\/\/lebenleben.de\/karriere\/#website"},"primaryImageOfPage":{"@id":"https:\/\/lebenleben.de\/karriere\/unsere-unternehmensgruppe\/#primaryimage"},"image":{"@id":"https:\/\/lebenleben.de\/karriere\/unsere-unternehmensgruppe\/#primaryimage"},"thumbnailUrl":"https:\/\/lebenleben.de\/karriere\/wp-content\/uploads\/sites\/2\/2020\/08\/ll_karr_header_slider_image_1400x560_0010_Lebenshilfe_1-488-1.jpg","datePublished":"2020-05-18T09:22:36+00:00","dateModified":"2024-05-30T12:27:58+00:00","description":"Was macht die Unternehmensgruppe Leben leben als Arbeitgeber aus? Das sollten Sie \u00fcber uns wissen.","breadcrumb":{"@id":"https:\/\/lebenleben.de\/karriere\/unsere-unternehmensgruppe\/#breadcrumb"},"inLanguage":"de","potentialAction":[{"@type":"ReadAction","target":["https:\/\/lebenleben.de\/karriere\/unsere-unternehmensgruppe\/"]}]},{"@type":"ImageObject","inLanguage":"de","@id":"https:\/\/lebenleben.de\/karriere\/unsere-unternehmensgruppe\/#primaryimage","url":"https:\/\/lebenleben.de\/karriere\/wp-content\/uploads\/sites\/2\/2020\/08\/ll_karr_header_slider_image_1400x560_0010_Lebenshilfe_1-488-1.jpg","contentUrl":"https:\/\/lebenleben.de\/karriere\/wp-content\/uploads\/sites\/2\/2020\/08\/ll_karr_header_slider_image_1400x560_0010_Lebenshilfe_1-488-1.jpg","width":1400,"height":560},{"@type":"BreadcrumbList","@id":"https:\/\/lebenleben.de\/karriere\/unsere-unternehmensgruppe\/#breadcrumb","itemListElement":[{"@type":"ListItem","position":1,"name":"Startseite","item":"https:\/\/lebenleben.de\/karriere\/"},{"@type":"ListItem","position":2,"name":"Unsere Unternehmensgruppe"}]},{"@type":"WebSite","@id":"https:\/\/lebenleben.de\/karriere\/#website","url":"https:\/\/lebenleben.de\/karriere\/","name":"Leben leben Karriere","description":"Jobs &amp; Stellenangebote","publisher":{"@id":"https:\/\/lebenleben.de\/karriere\/#organization"},"potentialAction":[{"@type":"SearchAction","target":{"@type":"EntryPoint","urlTemplate":"https:\/\/lebenleben.de\/karriere\/?s={search_term_string}"},"query-input":{"@type":"PropertyValueSpecification","valueRequired":true,"valueName":"search_term_string"}}],"inLanguage":"de"},{"@type":"Organization","@id":"https:\/\/lebenleben.de\/karriere\/#organization","name":"Leben leben Karriere","url":"https:\/\/lebenleben.de\/karriere\/","logo":{"@type":"ImageObject","inLanguage":"de","@id":"https:\/\/lebenleben.de\/karriere\/#\/schema\/logo\/image\/","url":"https:\/\/lebenleben.de\/karriere\/wp-content\/uploads\/sites\/2\/2021\/01\/ll_favicon-purple.png","contentUrl":"https:\/\/lebenleben.de\/karriere\/wp-content\/uploads\/sites\/2\/2021\/01\/ll_favicon-purple.png","width":501,"height":501,"caption":"Leben leben Karriere"},"image":{"@id":"https:\/\/lebenleben.de\/karriere\/#\/schema\/logo\/image\/"}}]}},"_links":{"self":[{"href":"https:\/\/lebenleben.de\/karriere\/wp-json\/wp\/v2\/pages\/13517","targetHints":{"allow":["GET"]}}],"collection":[{"href":"https:\/\/lebenleben.de\/karriere\/wp-json\/wp\/v2\/pages"}],"about":[{"href":"https:\/\/lebenleben.de\/karriere\/wp-json\/wp\/v2\/types\/page"}],"author":[{"embeddable":true,"href":"https:\/\/lebenleben.de\/karriere\/wp-json\/wp\/v2\/users\/1"}],"replies":[{"embeddable":true,"href":"https:\/\/lebenleben.de\/karriere\/wp-json\/wp\/v2\/comments?post=13517"}],"version-history":[{"count":12,"href":"https:\/\/lebenleben.de\/karriere\/wp-json\/wp\/v2\/pages\/13517\/revisions"}],"predecessor-version":[{"id":15252,"href":"https:\/\/lebenleben.de\/karriere\/wp-json\/wp\/v2\/pages\/13517\/revisions\/15252"}],"wp:featuredmedia":[{"embeddable":true,"href":"https:\/\/lebenleben.de\/karriere\/wp-json\/wp\/v2\/media\/12826"}],"wp:attachment":[{"href":"https:\/\/lebenleben.de\/karriere\/wp-json\/wp\/v2\/media?parent=13517"}],"curies":[{"name":"wp","href":"https:\/\/api.w.org\/{rel}","templated":true}]}}