{"id":13518,"date":"2020-05-18T11:22:56","date_gmt":"2020-05-18T09:22:56","guid":{"rendered":"http:\/\/lebenleben.de\/karriere\/?page_id=15"},"modified":"2024-05-30T14:30:31","modified_gmt":"2024-05-30T12:30:31","slug":"ueber-uns","status":"publish","type":"page","link":"https:\/\/lebenleben.de\/karriere\/unsere-unternehmensgruppe\/ueber-uns\/","title":{"rendered":"Wir sind"},"content":{"rendered":"\n<div id=\"llimageslider-block_57e4d52cd01e1c5553937ae406b0876b\" class=\"block-llimageslider llimageslider alignwide\">\n\n    \n\t\t<div class=\"llimageslider-slider\" data-slick='{\"autoplaySpeed\": 5000}'>\n\t\t\t\t\t\t\t<div class=\"single-slide-wrapper slide-1\">\n\t\t\t\t\t<img loading=\"lazy\" decoding=\"async\" width=\"1400\" height=\"440\" src=\"https:\/\/lebenleben.de\/karriere\/wp-content\/uploads\/sites\/2\/2024\/05\/ll_karr_header_slider_image_1400x560_0002_haende_206763342-1-1400x440-1.jpg\" class=\"single-slide-image slider-desktop-image\" alt=\"\" srcset=\"https:\/\/lebenleben.de\/karriere\/wp-content\/uploads\/sites\/2\/2024\/05\/ll_karr_header_slider_image_1400x560_0002_haende_206763342-1-1400x440-1.jpg 1400w, https:\/\/lebenleben.de\/karriere\/wp-content\/uploads\/sites\/2\/2024\/05\/ll_karr_header_slider_image_1400x560_0002_haende_206763342-1-1400x440-1-300x94.jpg 300w, https:\/\/lebenleben.de\/karriere\/wp-content\/uploads\/sites\/2\/2024\/05\/ll_karr_header_slider_image_1400x560_0002_haende_206763342-1-1400x440-1-1024x322.jpg 1024w, https:\/\/lebenleben.de\/karriere\/wp-content\/uploads\/sites\/2\/2024\/05\/ll_karr_header_slider_image_1400x560_0002_haende_206763342-1-1400x440-1-768x241.jpg 768w\" sizes=\"auto, (max-width: 1400px) 100vw, 1400px\" \/>          <img loading=\"lazy\" decoding=\"async\" width=\"1000\" height=\"314\" src=\"https:\/\/lebenleben.de\/karriere\/wp-content\/uploads\/sites\/2\/2024\/05\/ll_karr_header_slider_image_1400x560_0002_haende_206763342-1-1400x440-1-1024x322.jpg\" class=\"single-slide-image slider-mobile-image\" alt=\"\" srcset=\"https:\/\/lebenleben.de\/karriere\/wp-content\/uploads\/sites\/2\/2024\/05\/ll_karr_header_slider_image_1400x560_0002_haende_206763342-1-1400x440-1-1024x322.jpg 1024w, https:\/\/lebenleben.de\/karriere\/wp-content\/uploads\/sites\/2\/2024\/05\/ll_karr_header_slider_image_1400x560_0002_haende_206763342-1-1400x440-1-300x94.jpg 300w, https:\/\/lebenleben.de\/karriere\/wp-content\/uploads\/sites\/2\/2024\/05\/ll_karr_header_slider_image_1400x560_0002_haende_206763342-1-1400x440-1-768x241.jpg 768w, https:\/\/lebenleben.de\/karriere\/wp-content\/uploads\/sites\/2\/2024\/05\/ll_karr_header_slider_image_1400x560_0002_haende_206763342-1-1400x440-1.jpg 1400w\" sizes=\"auto, (max-width: 1000px) 100vw, 1000px\" \/>\n                    <div class=\"single-slide-text\">\n          <h2>Unternehmensgruppe Leben leben<\/h2><h3>Das sollten Sie \u00fcber uns wissen, bevor Sie Ihre Bewerbung abschicken<\/h3>                  <\/div>\n        \n\t\t\t\t<\/div>\n\t\t\t\t\t<\/div>\n\t  <script>\n    jQuery(document).ready(function() {\n        jQuery('.llimageslider-slider').slick({\n          dots: true,\n          infinite: true,\n          speed: 1000,\n          autoplay: true,\n          adaptiveHeight: true,\n          slidesToShow: 1,\n          fade: true,\n          focusOnSelect: true\n        });\n    });\n    <\/script>\n<\/div>\n\n\n\n<p>Wir sind ein gemeinn\u00fctziger Unternehmensverbund im Sozial- und Gesundheitswesen und besch\u00e4ftigen in den Landkreisen Uelzen, L\u00fcchow-Dannenberg und Gifhorn mehr als 1300 Besch\u00e4ftigte.<\/p>\n\n\n\n<p>Unsere Wurzeln liegen in der klassischen Arbeit f\u00fcr Menschen mit Behinderung. Im Laufe der Jahrzehnte haben wir uns zu einem Unternehmensverbund  mit einer Angebotsvielfalt entwickelt, die inzwischen weit \u00fcber die klassische Behindertenarbeit hinausgeht. Was uns zudem auszeichnet, ist das hohe Ma\u00df an Agilit\u00e4t: Ver\u00e4nderung bedeutet f\u00fcr uns Weiterentwicklung, wobei wir immer den Menschen im Blick behalten. Dabei sind wir auf jedes unserer Teams angewiesen, denn diese sind den Menschen und ihren Bed\u00fcrfnissen am n\u00e4chsten. Selbstorganisierte Teamarbeit und Eigenverantwortung bilden daher die Grundlage f\u00fcr die Weiterentwicklung unserer Unternehmensgruppe und sichern auch in Zukunft Ihren Arbeitsplatz.<\/p>\n\n\n\n<p>Was das Arbeiten bei uns so herausfordernd und interessant macht, ist die Kombination aus Tradition und Moderne: viel Erfahrung, verschiedenste Kompetenzen, Weitblick und der Mut, sich immer neuen Herausforderungen zu stellen.<\/p>\n\n\n\n<div style=\"height:50px\" aria-hidden=\"true\" class=\"wp-block-spacer\"><\/div>\n","protected":false},"excerpt":{"rendered":"<p>Wir sind ein gemeinn\u00fctziger Unternehmensverbund im Sozial- und Gesundheitswesen und besch\u00e4ftigen in den Landkreisen Uelzen, L\u00fcchow-Dannenberg und Gifhorn mehr als 1400 Besch\u00e4ftigte.<\/p>\n","protected":false},"author":1,"featured_media":15254,"parent":13517,"menu_order":10,"comment_status":"closed","ping_status":"closed","template":"page-templates\/page-fullscreen.php","meta":{"_acf_changed":false,"footnotes":""},"class_list":["post-13518","page","type-page","status-publish","has-post-thumbnail","hentry"],"acf":[],"yoast_head":"<!-- This site is optimized with the Yoast SEO plugin v27.3 - https:\/\/yoast.com\/product\/yoast-seo-wordpress\/ -->\n<title>Unternehmensgruppe Leben leben als Arbeitgeber | \u00dcber uns<\/title>\n<meta name=\"description\" content=\"Was macht die Unternehmensgruppe Leben leben als Arbeitgeber aus? Das sollten Sie \u00fcber uns wissen.\" \/>\n<meta name=\"robots\" content=\"index, follow, max-snippet:-1, max-image-preview:large, max-video-preview:-1\" \/>\n<link rel=\"canonical\" href=\"https:\/\/lebenleben.de\/karriere\/unsere-unternehmensgruppe\/ueber-uns\/\" \/>\n<meta property=\"og:locale\" content=\"de_DE\" \/>\n<meta property=\"og:type\" content=\"article\" \/>\n<meta property=\"og:title\" content=\"Unternehmensgruppe Leben leben als Arbeitgeber | \u00dcber uns\" \/>\n<meta property=\"og:description\" content=\"Was macht die Unternehmensgruppe Leben leben als Arbeitgeber aus? Das sollten Sie \u00fcber uns wissen.\" \/>\n<meta property=\"og:url\" content=\"https:\/\/lebenleben.de\/karriere\/unsere-unternehmensgruppe\/ueber-uns\/\" \/>\n<meta property=\"og:site_name\" content=\"Leben leben Karriere\" \/>\n<meta property=\"article:modified_time\" content=\"2024-05-30T12:30:31+00:00\" \/>\n<meta property=\"og:image\" content=\"https:\/\/lebenleben.de\/karriere\/wp-content\/uploads\/sites\/2\/2024\/05\/ll_karr_content_image_1400x1000_0012_haende_206763342-1-768x549-1.jpg\" \/>\n\t<meta property=\"og:image:width\" content=\"768\" \/>\n\t<meta property=\"og:image:height\" content=\"549\" \/>\n\t<meta property=\"og:image:type\" content=\"image\/jpeg\" \/>\n<meta name=\"twitter:card\" content=\"summary_large_image\" \/>\n<meta name=\"twitter:label1\" content=\"Gesch\u00e4tzte Lesezeit\" \/>\n\t<meta name=\"twitter:data1\" content=\"2\u00a0Minuten\" \/>\n<script type=\"application\/ld+json\" class=\"yoast-schema-graph\">{\"@context\":\"https:\\\/\\\/schema.org\",\"@graph\":[{\"@type\":\"WebPage\",\"@id\":\"https:\\\/\\\/lebenleben.de\\\/karriere\\\/unsere-unternehmensgruppe\\\/ueber-uns\\\/\",\"url\":\"https:\\\/\\\/lebenleben.de\\\/karriere\\\/unsere-unternehmensgruppe\\\/ueber-uns\\\/\",\"name\":\"Unternehmensgruppe Leben leben als Arbeitgeber | \u00dcber uns\",\"isPartOf\":{\"@id\":\"https:\\\/\\\/lebenleben.de\\\/karriere\\\/#website\"},\"primaryImageOfPage\":{\"@id\":\"https:\\\/\\\/lebenleben.de\\\/karriere\\\/unsere-unternehmensgruppe\\\/ueber-uns\\\/#primaryimage\"},\"image\":{\"@id\":\"https:\\\/\\\/lebenleben.de\\\/karriere\\\/unsere-unternehmensgruppe\\\/ueber-uns\\\/#primaryimage\"},\"thumbnailUrl\":\"https:\\\/\\\/lebenleben.de\\\/karriere\\\/wp-content\\\/uploads\\\/sites\\\/2\\\/2024\\\/05\\\/ll_karr_content_image_1400x1000_0012_haende_206763342-1-768x549-1.jpg\",\"datePublished\":\"2020-05-18T09:22:56+00:00\",\"dateModified\":\"2024-05-30T12:30:31+00:00\",\"description\":\"Was macht die Unternehmensgruppe Leben leben als Arbeitgeber aus? Das sollten Sie \u00fcber uns wissen.\",\"breadcrumb\":{\"@id\":\"https:\\\/\\\/lebenleben.de\\\/karriere\\\/unsere-unternehmensgruppe\\\/ueber-uns\\\/#breadcrumb\"},\"inLanguage\":\"de\",\"potentialAction\":[{\"@type\":\"ReadAction\",\"target\":[\"https:\\\/\\\/lebenleben.de\\\/karriere\\\/unsere-unternehmensgruppe\\\/ueber-uns\\\/\"]}]},{\"@type\":\"ImageObject\",\"inLanguage\":\"de\",\"@id\":\"https:\\\/\\\/lebenleben.de\\\/karriere\\\/unsere-unternehmensgruppe\\\/ueber-uns\\\/#primaryimage\",\"url\":\"https:\\\/\\\/lebenleben.de\\\/karriere\\\/wp-content\\\/uploads\\\/sites\\\/2\\\/2024\\\/05\\\/ll_karr_content_image_1400x1000_0012_haende_206763342-1-768x549-1.jpg\",\"contentUrl\":\"https:\\\/\\\/lebenleben.de\\\/karriere\\\/wp-content\\\/uploads\\\/sites\\\/2\\\/2024\\\/05\\\/ll_karr_content_image_1400x1000_0012_haende_206763342-1-768x549-1.jpg\",\"width\":768,\"height\":549},{\"@type\":\"BreadcrumbList\",\"@id\":\"https:\\\/\\\/lebenleben.de\\\/karriere\\\/unsere-unternehmensgruppe\\\/ueber-uns\\\/#breadcrumb\",\"itemListElement\":[{\"@type\":\"ListItem\",\"position\":1,\"name\":\"Startseite\",\"item\":\"https:\\\/\\\/lebenleben.de\\\/karriere\\\/\"},{\"@type\":\"ListItem\",\"position\":2,\"name\":\"Unsere Unternehmensgruppe\",\"item\":\"https:\\\/\\\/lebenleben.de\\\/karriere\\\/unsere-unternehmensgruppe\\\/\"},{\"@type\":\"ListItem\",\"position\":3,\"name\":\"Wir sind\"}]},{\"@type\":\"WebSite\",\"@id\":\"https:\\\/\\\/lebenleben.de\\\/karriere\\\/#website\",\"url\":\"https:\\\/\\\/lebenleben.de\\\/karriere\\\/\",\"name\":\"Leben leben Karriere\",\"description\":\"Jobs &amp; Stellenangebote\",\"publisher\":{\"@id\":\"https:\\\/\\\/lebenleben.de\\\/karriere\\\/#organization\"},\"potentialAction\":[{\"@type\":\"SearchAction\",\"target\":{\"@type\":\"EntryPoint\",\"urlTemplate\":\"https:\\\/\\\/lebenleben.de\\\/karriere\\\/?s={search_term_string}\"},\"query-input\":{\"@type\":\"PropertyValueSpecification\",\"valueRequired\":true,\"valueName\":\"search_term_string\"}}],\"inLanguage\":\"de\"},{\"@type\":\"Organization\",\"@id\":\"https:\\\/\\\/lebenleben.de\\\/karriere\\\/#organization\",\"name\":\"Leben leben Karriere\",\"url\":\"https:\\\/\\\/lebenleben.de\\\/karriere\\\/\",\"logo\":{\"@type\":\"ImageObject\",\"inLanguage\":\"de\",\"@id\":\"https:\\\/\\\/lebenleben.de\\\/karriere\\\/#\\\/schema\\\/logo\\\/image\\\/\",\"url\":\"https:\\\/\\\/lebenleben.de\\\/karriere\\\/wp-content\\\/uploads\\\/sites\\\/2\\\/2021\\\/01\\\/ll_favicon-purple.png\",\"contentUrl\":\"https:\\\/\\\/lebenleben.de\\\/karriere\\\/wp-content\\\/uploads\\\/sites\\\/2\\\/2021\\\/01\\\/ll_favicon-purple.png\",\"width\":501,\"height\":501,\"caption\":\"Leben leben Karriere\"},\"image\":{\"@id\":\"https:\\\/\\\/lebenleben.de\\\/karriere\\\/#\\\/schema\\\/logo\\\/image\\\/\"}}]}<\/script>\n<!-- \/ Yoast SEO plugin. -->","yoast_head_json":{"title":"Unternehmensgruppe Leben leben als Arbeitgeber | \u00dcber uns","description":"Was macht die Unternehmensgruppe Leben leben als Arbeitgeber aus? Das sollten Sie \u00fcber uns wissen.","robots":{"index":"index","follow":"follow","max-snippet":"max-snippet:-1","max-image-preview":"max-image-preview:large","max-video-preview":"max-video-preview:-1"},"canonical":"https:\/\/lebenleben.de\/karriere\/unsere-unternehmensgruppe\/ueber-uns\/","og_locale":"de_DE","og_type":"article","og_title":"Unternehmensgruppe Leben leben als Arbeitgeber | \u00dcber uns","og_description":"Was macht die Unternehmensgruppe Leben leben als Arbeitgeber aus? Das sollten Sie \u00fcber uns wissen.","og_url":"https:\/\/lebenleben.de\/karriere\/unsere-unternehmensgruppe\/ueber-uns\/","og_site_name":"Leben leben Karriere","article_modified_time":"2024-05-30T12:30:31+00:00","og_image":[{"width":768,"height":549,"url":"https:\/\/lebenleben.de\/karriere\/wp-content\/uploads\/sites\/2\/2024\/05\/ll_karr_content_image_1400x1000_0012_haende_206763342-1-768x549-1.jpg","type":"image\/jpeg"}],"twitter_card":"summary_large_image","twitter_misc":{"Gesch\u00e4tzte Lesezeit":"2\u00a0Minuten"},"schema":{"@context":"https:\/\/schema.org","@graph":[{"@type":"WebPage","@id":"https:\/\/lebenleben.de\/karriere\/unsere-unternehmensgruppe\/ueber-uns\/","url":"https:\/\/lebenleben.de\/karriere\/unsere-unternehmensgruppe\/ueber-uns\/","name":"Unternehmensgruppe Leben leben als Arbeitgeber | \u00dcber uns","isPartOf":{"@id":"https:\/\/lebenleben.de\/karriere\/#website"},"primaryImageOfPage":{"@id":"https:\/\/lebenleben.de\/karriere\/unsere-unternehmensgruppe\/ueber-uns\/#primaryimage"},"image":{"@id":"https:\/\/lebenleben.de\/karriere\/unsere-unternehmensgruppe\/ueber-uns\/#primaryimage"},"thumbnailUrl":"https:\/\/lebenleben.de\/karriere\/wp-content\/uploads\/sites\/2\/2024\/05\/ll_karr_content_image_1400x1000_0012_haende_206763342-1-768x549-1.jpg","datePublished":"2020-05-18T09:22:56+00:00","dateModified":"2024-05-30T12:30:31+00:00","description":"Was macht die Unternehmensgruppe Leben leben als Arbeitgeber aus? Das sollten Sie \u00fcber uns wissen.","breadcrumb":{"@id":"https:\/\/lebenleben.de\/karriere\/unsere-unternehmensgruppe\/ueber-uns\/#breadcrumb"},"inLanguage":"de","potentialAction":[{"@type":"ReadAction","target":["https:\/\/lebenleben.de\/karriere\/unsere-unternehmensgruppe\/ueber-uns\/"]}]},{"@type":"ImageObject","inLanguage":"de","@id":"https:\/\/lebenleben.de\/karriere\/unsere-unternehmensgruppe\/ueber-uns\/#primaryimage","url":"https:\/\/lebenleben.de\/karriere\/wp-content\/uploads\/sites\/2\/2024\/05\/ll_karr_content_image_1400x1000_0012_haende_206763342-1-768x549-1.jpg","contentUrl":"https:\/\/lebenleben.de\/karriere\/wp-content\/uploads\/sites\/2\/2024\/05\/ll_karr_content_image_1400x1000_0012_haende_206763342-1-768x549-1.jpg","width":768,"height":549},{"@type":"BreadcrumbList","@id":"https:\/\/lebenleben.de\/karriere\/unsere-unternehmensgruppe\/ueber-uns\/#breadcrumb","itemListElement":[{"@type":"ListItem","position":1,"name":"Startseite","item":"https:\/\/lebenleben.de\/karriere\/"},{"@type":"ListItem","position":2,"name":"Unsere Unternehmensgruppe","item":"https:\/\/lebenleben.de\/karriere\/unsere-unternehmensgruppe\/"},{"@type":"ListItem","position":3,"name":"Wir sind"}]},{"@type":"WebSite","@id":"https:\/\/lebenleben.de\/karriere\/#website","url":"https:\/\/lebenleben.de\/karriere\/","name":"Leben leben Karriere","description":"Jobs &amp; Stellenangebote","publisher":{"@id":"https:\/\/lebenleben.de\/karriere\/#organization"},"potentialAction":[{"@type":"SearchAction","target":{"@type":"EntryPoint","urlTemplate":"https:\/\/lebenleben.de\/karriere\/?s={search_term_string}"},"query-input":{"@type":"PropertyValueSpecification","valueRequired":true,"valueName":"search_term_string"}}],"inLanguage":"de"},{"@type":"Organization","@id":"https:\/\/lebenleben.de\/karriere\/#organization","name":"Leben leben Karriere","url":"https:\/\/lebenleben.de\/karriere\/","logo":{"@type":"ImageObject","inLanguage":"de","@id":"https:\/\/lebenleben.de\/karriere\/#\/schema\/logo\/image\/","url":"https:\/\/lebenleben.de\/karriere\/wp-content\/uploads\/sites\/2\/2021\/01\/ll_favicon-purple.png","contentUrl":"https:\/\/lebenleben.de\/karriere\/wp-content\/uploads\/sites\/2\/2021\/01\/ll_favicon-purple.png","width":501,"height":501,"caption":"Leben leben Karriere"},"image":{"@id":"https:\/\/lebenleben.de\/karriere\/#\/schema\/logo\/image\/"}}]}},"_links":{"self":[{"href":"https:\/\/lebenleben.de\/karriere\/wp-json\/wp\/v2\/pages\/13518","targetHints":{"allow":["GET"]}}],"collection":[{"href":"https:\/\/lebenleben.de\/karriere\/wp-json\/wp\/v2\/pages"}],"about":[{"href":"https:\/\/lebenleben.de\/karriere\/wp-json\/wp\/v2\/types\/page"}],"author":[{"embeddable":true,"href":"https:\/\/lebenleben.de\/karriere\/wp-json\/wp\/v2\/users\/1"}],"replies":[{"embeddable":true,"href":"https:\/\/lebenleben.de\/karriere\/wp-json\/wp\/v2\/comments?post=13518"}],"version-history":[{"count":15,"href":"https:\/\/lebenleben.de\/karriere\/wp-json\/wp\/v2\/pages\/13518\/revisions"}],"predecessor-version":[{"id":15257,"href":"https:\/\/lebenleben.de\/karriere\/wp-json\/wp\/v2\/pages\/13518\/revisions\/15257"}],"up":[{"embeddable":true,"href":"https:\/\/lebenleben.de\/karriere\/wp-json\/wp\/v2\/pages\/13517"}],"wp:featuredmedia":[{"embeddable":true,"href":"https:\/\/lebenleben.de\/karriere\/wp-json\/wp\/v2\/media\/15254"}],"wp:attachment":[{"href":"https:\/\/lebenleben.de\/karriere\/wp-json\/wp\/v2\/media?parent=13518"}],"curies":[{"name":"wp","href":"https:\/\/api.w.org\/{rel}","templated":true}]}}