{"id":13520,"date":"2020-05-18T11:23:50","date_gmt":"2020-05-18T09:23:50","guid":{"rendered":"http:\/\/lebenleben.de\/karriere\/?page_id=19"},"modified":"2025-04-04T12:26:54","modified_gmt":"2025-04-04T10:26:54","slug":"leistungen","status":"publish","type":"page","link":"https:\/\/lebenleben.de\/karriere\/unsere-unternehmensgruppe\/leistungen\/","title":{"rendered":"Wir bieten"},"content":{"rendered":"\n<div id=\"llimageslider-block_a5c176f6e4e3dd910402da57373c8302\" class=\"block-llimageslider llimageslider alignwide\">\n\n    \n\t\t<div class=\"llimageslider-slider\" data-slick='{\"autoplaySpeed\": 5000}'>\n\t\t\t\t\t\t\t<div class=\"single-slide-wrapper slide-1\">\n\t\t\t\t\t<img loading=\"lazy\" decoding=\"async\" width=\"1400\" height=\"440\" src=\"https:\/\/lebenleben.de\/karriere\/wp-content\/uploads\/sites\/2\/2024\/05\/ll_karr_header_slider_image_1400x560_0001_thumbs_up_213184235-1-1400x440-1.jpg\" class=\"single-slide-image slider-desktop-image\" alt=\"\" srcset=\"https:\/\/lebenleben.de\/karriere\/wp-content\/uploads\/sites\/2\/2024\/05\/ll_karr_header_slider_image_1400x560_0001_thumbs_up_213184235-1-1400x440-1.jpg 1400w, https:\/\/lebenleben.de\/karriere\/wp-content\/uploads\/sites\/2\/2024\/05\/ll_karr_header_slider_image_1400x560_0001_thumbs_up_213184235-1-1400x440-1-300x94.jpg 300w, https:\/\/lebenleben.de\/karriere\/wp-content\/uploads\/sites\/2\/2024\/05\/ll_karr_header_slider_image_1400x560_0001_thumbs_up_213184235-1-1400x440-1-1024x322.jpg 1024w, https:\/\/lebenleben.de\/karriere\/wp-content\/uploads\/sites\/2\/2024\/05\/ll_karr_header_slider_image_1400x560_0001_thumbs_up_213184235-1-1400x440-1-768x241.jpg 768w\" sizes=\"auto, (max-width: 1400px) 100vw, 1400px\" \/>          <img loading=\"lazy\" decoding=\"async\" width=\"1000\" height=\"314\" src=\"https:\/\/lebenleben.de\/karriere\/wp-content\/uploads\/sites\/2\/2024\/05\/ll_karr_header_slider_image_1400x560_0001_thumbs_up_213184235-1-1400x440-1-1024x322.jpg\" class=\"single-slide-image slider-mobile-image\" alt=\"\" srcset=\"https:\/\/lebenleben.de\/karriere\/wp-content\/uploads\/sites\/2\/2024\/05\/ll_karr_header_slider_image_1400x560_0001_thumbs_up_213184235-1-1400x440-1-1024x322.jpg 1024w, https:\/\/lebenleben.de\/karriere\/wp-content\/uploads\/sites\/2\/2024\/05\/ll_karr_header_slider_image_1400x560_0001_thumbs_up_213184235-1-1400x440-1-300x94.jpg 300w, https:\/\/lebenleben.de\/karriere\/wp-content\/uploads\/sites\/2\/2024\/05\/ll_karr_header_slider_image_1400x560_0001_thumbs_up_213184235-1-1400x440-1-768x241.jpg 768w, https:\/\/lebenleben.de\/karriere\/wp-content\/uploads\/sites\/2\/2024\/05\/ll_karr_header_slider_image_1400x560_0001_thumbs_up_213184235-1-1400x440-1.jpg 1400w\" sizes=\"auto, (max-width: 1000px) 100vw, 1000px\" \/>\n                    <div class=\"single-slide-text\">\n          <h2>Leben leben als Arbeitgeber<\/h2><h3>Das k\u00f6nnen Sie von uns erwarten<\/h3>                  <\/div>\n        \n\t\t\t\t<\/div>\n\t\t\t\t\t<\/div>\n\t  <script>\n    jQuery(document).ready(function() {\n        jQuery('.llimageslider-slider').slick({\n          dots: true,\n          infinite: true,\n          speed: 1000,\n          autoplay: true,\n          adaptiveHeight: true,\n          slidesToShow: 1,\n          fade: true,\n          focusOnSelect: true\n        });\n    });\n    <\/script>\n<\/div>\n\n\n\n<p>Uns ist es wichtig, dass unsere Mitarbeitenden zufrieden sind und sich dauerhaft an ihrem Arbeitsplatz wohlf\u00fchlen und ihr Potential zum Einsatz bringen k\u00f6nnen. F\u00fcr eine Beurteilung f\u00fchren wir in regelm\u00e4\u00dfigen Abst\u00e4nden Personalumfragen zum Thema Arbeitszufriedenheit\/Arbeitsbelastung durch.  <\/p>\n\n\n\n<p>Schon heute bieten wir &#8211; neben einem angenehmen und f\u00f6rdernden Arbeitsklima und den Grundleistungen wie einer leistungsgerechten Verg\u00fctung sowie Zusatzleistungen f\u00fcr die Alters- und Gesundheitsvorsorge &#8211; dar\u00fcber hinaus:<\/p>\n\n\n\n<div style=\"height:15px\" aria-hidden=\"true\" class=\"wp-block-spacer\"><\/div>\n\n\n\n<ul class=\"wp-block-list\">\n<li>Die Sicherheit eines gewachsenen Unternehmensverbunds mit Zukunftsperspektive<\/li>\n\n\n\n<li>Einstiegsm\u00f6glichkeiten f\u00fcr Berufsanf\u00e4nger, Berufserfahrene und Quereinsteiger<\/li>\n\n\n\n<li>Private und berufliche Fort- und Weiterbildungen \u00fcber unser internes Bildungsprogramm Horizont <\/li>\n\n\n\n<li>Die M\u00f6glichkeit, sich beruflich auch \u00fcber externe Anbieter weiterzuqualifizieren mit entsprechender Unterst\u00fctzung durch Leben leben<\/li>\n\n\n\n<li>attraktives Pr\u00e4mienprogramm &#8222;Mitarbeiter werben Mitarbeiter&#8220;<\/li>\n\n\n\n<li>Homeoffice in vielen Arbeitsfeldern<\/li>\n\n\n\n<li>Jobrad<\/li>\n\n\n\n<li>Die F\u00f6rderung von Fitness- und Gesundheitsangeboten<\/li>\n\n\n\n<li>Die M\u00f6glichkeit, Beruf und Familie zu vereinbaren<\/li>\n\n\n\n<li>Verschiedene Einkaufsvorteile innerhalb des Unternehmensverbunds<\/li>\n\n\n\n<li>\u00dcbernahme der Anschaffungskosten f\u00fcr Schulb\u00fccher bei Auszubildenden<\/li>\n<\/ul>\n\n\n\n<div style=\"height:10px\" aria-hidden=\"true\" class=\"wp-block-spacer\"><\/div>\n\n\n\n<figure class=\"wp-block-image size-full is-resized\"><img loading=\"lazy\" decoding=\"async\" width=\"500\" height=\"500\" src=\"https:\/\/lebenleben.de\/karriere\/wp-content\/uploads\/sites\/2\/2025\/04\/FaMi-Stempel_Logo_2025-2027.jpg\" alt=\"\" class=\"wp-image-16336\" style=\"width:225px\" srcset=\"https:\/\/lebenleben.de\/karriere\/wp-content\/uploads\/sites\/2\/2025\/04\/FaMi-Stempel_Logo_2025-2027.jpg 500w, https:\/\/lebenleben.de\/karriere\/wp-content\/uploads\/sites\/2\/2025\/04\/FaMi-Stempel_Logo_2025-2027-300x300.jpg 300w\" sizes=\"auto, (max-width: 500px) 100vw, 500px\" \/><\/figure>\n\n\n\n<div style=\"height:50px\" aria-hidden=\"true\" class=\"wp-block-spacer\"><\/div>\n","protected":false},"excerpt":{"rendered":"<p>Uns ist es wichtig, dass unsere Mitarbeitenden zufrieden sind und sich an ihrem Arbeitsplatz wohlf\u00fchlen. <\/p>\n","protected":false},"author":1,"featured_media":15253,"parent":13517,"menu_order":15,"comment_status":"closed","ping_status":"closed","template":"page-templates\/page-fullscreen.php","meta":{"_acf_changed":false,"footnotes":""},"class_list":["post-13520","page","type-page","status-publish","has-post-thumbnail","hentry"],"acf":[],"yoast_head":"<!-- This site is optimized with the Yoast SEO plugin v27.3 - https:\/\/yoast.com\/product\/yoast-seo-wordpress\/ -->\n<title>Unternehmensgruppe Leben leben | Leistungen f\u00fcr Arbeitnehmer:innen<\/title>\n<meta name=\"description\" content=\"Was macht die Unternehmensgruppe Leben leben als Arbeitgeber attraktiv? Erfahren Sie mehr \u00fcber unsere Leistungen f\u00fcr Arbeitnehmer:innen.\" \/>\n<meta name=\"robots\" content=\"index, follow, max-snippet:-1, max-image-preview:large, max-video-preview:-1\" \/>\n<link rel=\"canonical\" href=\"https:\/\/lebenleben.de\/karriere\/unsere-unternehmensgruppe\/leistungen\/\" \/>\n<meta property=\"og:locale\" content=\"de_DE\" \/>\n<meta property=\"og:type\" content=\"article\" \/>\n<meta property=\"og:title\" content=\"Unternehmensgruppe Leben leben | Leistungen f\u00fcr Arbeitnehmer:innen\" \/>\n<meta property=\"og:description\" content=\"Was macht die Unternehmensgruppe Leben leben als Arbeitgeber attraktiv? Erfahren Sie mehr \u00fcber unsere Leistungen f\u00fcr Arbeitnehmer:innen.\" \/>\n<meta property=\"og:url\" content=\"https:\/\/lebenleben.de\/karriere\/unsere-unternehmensgruppe\/leistungen\/\" \/>\n<meta property=\"og:site_name\" content=\"Leben leben Karriere\" \/>\n<meta property=\"article:modified_time\" content=\"2025-04-04T10:26:54+00:00\" \/>\n<meta property=\"og:image\" content=\"https:\/\/lebenleben.de\/karriere\/wp-content\/uploads\/sites\/2\/2024\/05\/ll_karr_content_image_1400x1000_0011_thumbs_up_213184235-1-768x549-1.jpg\" \/>\n\t<meta property=\"og:image:width\" content=\"768\" \/>\n\t<meta property=\"og:image:height\" content=\"549\" \/>\n\t<meta property=\"og:image:type\" content=\"image\/jpeg\" \/>\n<meta name=\"twitter:card\" content=\"summary_large_image\" \/>\n<meta name=\"twitter:label1\" content=\"Gesch\u00e4tzte Lesezeit\" \/>\n\t<meta name=\"twitter:data1\" content=\"2\u00a0Minuten\" \/>\n<script type=\"application\/ld+json\" class=\"yoast-schema-graph\">{\"@context\":\"https:\\\/\\\/schema.org\",\"@graph\":[{\"@type\":\"WebPage\",\"@id\":\"https:\\\/\\\/lebenleben.de\\\/karriere\\\/unsere-unternehmensgruppe\\\/leistungen\\\/\",\"url\":\"https:\\\/\\\/lebenleben.de\\\/karriere\\\/unsere-unternehmensgruppe\\\/leistungen\\\/\",\"name\":\"Unternehmensgruppe Leben leben | Leistungen f\u00fcr Arbeitnehmer:innen\",\"isPartOf\":{\"@id\":\"https:\\\/\\\/lebenleben.de\\\/karriere\\\/#website\"},\"primaryImageOfPage\":{\"@id\":\"https:\\\/\\\/lebenleben.de\\\/karriere\\\/unsere-unternehmensgruppe\\\/leistungen\\\/#primaryimage\"},\"image\":{\"@id\":\"https:\\\/\\\/lebenleben.de\\\/karriere\\\/unsere-unternehmensgruppe\\\/leistungen\\\/#primaryimage\"},\"thumbnailUrl\":\"https:\\\/\\\/lebenleben.de\\\/karriere\\\/wp-content\\\/uploads\\\/sites\\\/2\\\/2024\\\/05\\\/ll_karr_content_image_1400x1000_0011_thumbs_up_213184235-1-768x549-1.jpg\",\"datePublished\":\"2020-05-18T09:23:50+00:00\",\"dateModified\":\"2025-04-04T10:26:54+00:00\",\"description\":\"Was macht die Unternehmensgruppe Leben leben als Arbeitgeber attraktiv? Erfahren Sie mehr \u00fcber unsere Leistungen f\u00fcr Arbeitnehmer:innen.\",\"breadcrumb\":{\"@id\":\"https:\\\/\\\/lebenleben.de\\\/karriere\\\/unsere-unternehmensgruppe\\\/leistungen\\\/#breadcrumb\"},\"inLanguage\":\"de\",\"potentialAction\":[{\"@type\":\"ReadAction\",\"target\":[\"https:\\\/\\\/lebenleben.de\\\/karriere\\\/unsere-unternehmensgruppe\\\/leistungen\\\/\"]}]},{\"@type\":\"ImageObject\",\"inLanguage\":\"de\",\"@id\":\"https:\\\/\\\/lebenleben.de\\\/karriere\\\/unsere-unternehmensgruppe\\\/leistungen\\\/#primaryimage\",\"url\":\"https:\\\/\\\/lebenleben.de\\\/karriere\\\/wp-content\\\/uploads\\\/sites\\\/2\\\/2024\\\/05\\\/ll_karr_content_image_1400x1000_0011_thumbs_up_213184235-1-768x549-1.jpg\",\"contentUrl\":\"https:\\\/\\\/lebenleben.de\\\/karriere\\\/wp-content\\\/uploads\\\/sites\\\/2\\\/2024\\\/05\\\/ll_karr_content_image_1400x1000_0011_thumbs_up_213184235-1-768x549-1.jpg\",\"width\":768,\"height\":549},{\"@type\":\"BreadcrumbList\",\"@id\":\"https:\\\/\\\/lebenleben.de\\\/karriere\\\/unsere-unternehmensgruppe\\\/leistungen\\\/#breadcrumb\",\"itemListElement\":[{\"@type\":\"ListItem\",\"position\":1,\"name\":\"Startseite\",\"item\":\"https:\\\/\\\/lebenleben.de\\\/karriere\\\/\"},{\"@type\":\"ListItem\",\"position\":2,\"name\":\"Unsere Unternehmensgruppe\",\"item\":\"https:\\\/\\\/lebenleben.de\\\/karriere\\\/unsere-unternehmensgruppe\\\/\"},{\"@type\":\"ListItem\",\"position\":3,\"name\":\"Wir bieten\"}]},{\"@type\":\"WebSite\",\"@id\":\"https:\\\/\\\/lebenleben.de\\\/karriere\\\/#website\",\"url\":\"https:\\\/\\\/lebenleben.de\\\/karriere\\\/\",\"name\":\"Leben leben Karriere\",\"description\":\"Jobs &amp; Stellenangebote\",\"publisher\":{\"@id\":\"https:\\\/\\\/lebenleben.de\\\/karriere\\\/#organization\"},\"potentialAction\":[{\"@type\":\"SearchAction\",\"target\":{\"@type\":\"EntryPoint\",\"urlTemplate\":\"https:\\\/\\\/lebenleben.de\\\/karriere\\\/?s={search_term_string}\"},\"query-input\":{\"@type\":\"PropertyValueSpecification\",\"valueRequired\":true,\"valueName\":\"search_term_string\"}}],\"inLanguage\":\"de\"},{\"@type\":\"Organization\",\"@id\":\"https:\\\/\\\/lebenleben.de\\\/karriere\\\/#organization\",\"name\":\"Leben leben Karriere\",\"url\":\"https:\\\/\\\/lebenleben.de\\\/karriere\\\/\",\"logo\":{\"@type\":\"ImageObject\",\"inLanguage\":\"de\",\"@id\":\"https:\\\/\\\/lebenleben.de\\\/karriere\\\/#\\\/schema\\\/logo\\\/image\\\/\",\"url\":\"https:\\\/\\\/lebenleben.de\\\/karriere\\\/wp-content\\\/uploads\\\/sites\\\/2\\\/2021\\\/01\\\/ll_favicon-purple.png\",\"contentUrl\":\"https:\\\/\\\/lebenleben.de\\\/karriere\\\/wp-content\\\/uploads\\\/sites\\\/2\\\/2021\\\/01\\\/ll_favicon-purple.png\",\"width\":501,\"height\":501,\"caption\":\"Leben leben Karriere\"},\"image\":{\"@id\":\"https:\\\/\\\/lebenleben.de\\\/karriere\\\/#\\\/schema\\\/logo\\\/image\\\/\"}}]}<\/script>\n<!-- \/ Yoast SEO plugin. -->","yoast_head_json":{"title":"Unternehmensgruppe Leben leben | Leistungen f\u00fcr Arbeitnehmer:innen","description":"Was macht die Unternehmensgruppe Leben leben als Arbeitgeber attraktiv? Erfahren Sie mehr \u00fcber unsere Leistungen f\u00fcr Arbeitnehmer:innen.","robots":{"index":"index","follow":"follow","max-snippet":"max-snippet:-1","max-image-preview":"max-image-preview:large","max-video-preview":"max-video-preview:-1"},"canonical":"https:\/\/lebenleben.de\/karriere\/unsere-unternehmensgruppe\/leistungen\/","og_locale":"de_DE","og_type":"article","og_title":"Unternehmensgruppe Leben leben | Leistungen f\u00fcr Arbeitnehmer:innen","og_description":"Was macht die Unternehmensgruppe Leben leben als Arbeitgeber attraktiv? Erfahren Sie mehr \u00fcber unsere Leistungen f\u00fcr Arbeitnehmer:innen.","og_url":"https:\/\/lebenleben.de\/karriere\/unsere-unternehmensgruppe\/leistungen\/","og_site_name":"Leben leben Karriere","article_modified_time":"2025-04-04T10:26:54+00:00","og_image":[{"width":768,"height":549,"url":"https:\/\/lebenleben.de\/karriere\/wp-content\/uploads\/sites\/2\/2024\/05\/ll_karr_content_image_1400x1000_0011_thumbs_up_213184235-1-768x549-1.jpg","type":"image\/jpeg"}],"twitter_card":"summary_large_image","twitter_misc":{"Gesch\u00e4tzte Lesezeit":"2\u00a0Minuten"},"schema":{"@context":"https:\/\/schema.org","@graph":[{"@type":"WebPage","@id":"https:\/\/lebenleben.de\/karriere\/unsere-unternehmensgruppe\/leistungen\/","url":"https:\/\/lebenleben.de\/karriere\/unsere-unternehmensgruppe\/leistungen\/","name":"Unternehmensgruppe Leben leben | Leistungen f\u00fcr Arbeitnehmer:innen","isPartOf":{"@id":"https:\/\/lebenleben.de\/karriere\/#website"},"primaryImageOfPage":{"@id":"https:\/\/lebenleben.de\/karriere\/unsere-unternehmensgruppe\/leistungen\/#primaryimage"},"image":{"@id":"https:\/\/lebenleben.de\/karriere\/unsere-unternehmensgruppe\/leistungen\/#primaryimage"},"thumbnailUrl":"https:\/\/lebenleben.de\/karriere\/wp-content\/uploads\/sites\/2\/2024\/05\/ll_karr_content_image_1400x1000_0011_thumbs_up_213184235-1-768x549-1.jpg","datePublished":"2020-05-18T09:23:50+00:00","dateModified":"2025-04-04T10:26:54+00:00","description":"Was macht die Unternehmensgruppe Leben leben als Arbeitgeber attraktiv? Erfahren Sie mehr \u00fcber unsere Leistungen f\u00fcr Arbeitnehmer:innen.","breadcrumb":{"@id":"https:\/\/lebenleben.de\/karriere\/unsere-unternehmensgruppe\/leistungen\/#breadcrumb"},"inLanguage":"de","potentialAction":[{"@type":"ReadAction","target":["https:\/\/lebenleben.de\/karriere\/unsere-unternehmensgruppe\/leistungen\/"]}]},{"@type":"ImageObject","inLanguage":"de","@id":"https:\/\/lebenleben.de\/karriere\/unsere-unternehmensgruppe\/leistungen\/#primaryimage","url":"https:\/\/lebenleben.de\/karriere\/wp-content\/uploads\/sites\/2\/2024\/05\/ll_karr_content_image_1400x1000_0011_thumbs_up_213184235-1-768x549-1.jpg","contentUrl":"https:\/\/lebenleben.de\/karriere\/wp-content\/uploads\/sites\/2\/2024\/05\/ll_karr_content_image_1400x1000_0011_thumbs_up_213184235-1-768x549-1.jpg","width":768,"height":549},{"@type":"BreadcrumbList","@id":"https:\/\/lebenleben.de\/karriere\/unsere-unternehmensgruppe\/leistungen\/#breadcrumb","itemListElement":[{"@type":"ListItem","position":1,"name":"Startseite","item":"https:\/\/lebenleben.de\/karriere\/"},{"@type":"ListItem","position":2,"name":"Unsere Unternehmensgruppe","item":"https:\/\/lebenleben.de\/karriere\/unsere-unternehmensgruppe\/"},{"@type":"ListItem","position":3,"name":"Wir bieten"}]},{"@type":"WebSite","@id":"https:\/\/lebenleben.de\/karriere\/#website","url":"https:\/\/lebenleben.de\/karriere\/","name":"Leben leben Karriere","description":"Jobs &amp; Stellenangebote","publisher":{"@id":"https:\/\/lebenleben.de\/karriere\/#organization"},"potentialAction":[{"@type":"SearchAction","target":{"@type":"EntryPoint","urlTemplate":"https:\/\/lebenleben.de\/karriere\/?s={search_term_string}"},"query-input":{"@type":"PropertyValueSpecification","valueRequired":true,"valueName":"search_term_string"}}],"inLanguage":"de"},{"@type":"Organization","@id":"https:\/\/lebenleben.de\/karriere\/#organization","name":"Leben leben Karriere","url":"https:\/\/lebenleben.de\/karriere\/","logo":{"@type":"ImageObject","inLanguage":"de","@id":"https:\/\/lebenleben.de\/karriere\/#\/schema\/logo\/image\/","url":"https:\/\/lebenleben.de\/karriere\/wp-content\/uploads\/sites\/2\/2021\/01\/ll_favicon-purple.png","contentUrl":"https:\/\/lebenleben.de\/karriere\/wp-content\/uploads\/sites\/2\/2021\/01\/ll_favicon-purple.png","width":501,"height":501,"caption":"Leben leben Karriere"},"image":{"@id":"https:\/\/lebenleben.de\/karriere\/#\/schema\/logo\/image\/"}}]}},"_links":{"self":[{"href":"https:\/\/lebenleben.de\/karriere\/wp-json\/wp\/v2\/pages\/13520","targetHints":{"allow":["GET"]}}],"collection":[{"href":"https:\/\/lebenleben.de\/karriere\/wp-json\/wp\/v2\/pages"}],"about":[{"href":"https:\/\/lebenleben.de\/karriere\/wp-json\/wp\/v2\/types\/page"}],"author":[{"embeddable":true,"href":"https:\/\/lebenleben.de\/karriere\/wp-json\/wp\/v2\/users\/1"}],"replies":[{"embeddable":true,"href":"https:\/\/lebenleben.de\/karriere\/wp-json\/wp\/v2\/comments?post=13520"}],"version-history":[{"count":18,"href":"https:\/\/lebenleben.de\/karriere\/wp-json\/wp\/v2\/pages\/13520\/revisions"}],"predecessor-version":[{"id":16337,"href":"https:\/\/lebenleben.de\/karriere\/wp-json\/wp\/v2\/pages\/13520\/revisions\/16337"}],"up":[{"embeddable":true,"href":"https:\/\/lebenleben.de\/karriere\/wp-json\/wp\/v2\/pages\/13517"}],"wp:featuredmedia":[{"embeddable":true,"href":"https:\/\/lebenleben.de\/karriere\/wp-json\/wp\/v2\/media\/15253"}],"wp:attachment":[{"href":"https:\/\/lebenleben.de\/karriere\/wp-json\/wp\/v2\/media?parent=13520"}],"curies":[{"name":"wp","href":"https:\/\/api.w.org\/{rel}","templated":true}]}}