{"id":13521,"date":"2020-05-18T11:24:07","date_gmt":"2020-05-18T09:24:07","guid":{"rendered":"http:\/\/lebenleben.de\/karriere\/?page_id=21"},"modified":"2024-05-30T14:40:28","modified_gmt":"2024-05-30T12:40:28","slug":"stimmen","status":"publish","type":"page","link":"https:\/\/lebenleben.de\/karriere\/unsere-unternehmensgruppe\/stimmen\/","title":{"rendered":"Stimmen"},"content":{"rendered":"\n<div id=\"llimageslider-block_3fd477333ddc1a45e1aeda0c1e778c6f\" class=\"block-llimageslider llimageslider alignwide\">\n\n    \n\t\t<div class=\"llimageslider-slider\" data-slick='{\"autoplaySpeed\": 5000}'>\n\t\t\t\t\t\t\t<div class=\"single-slide-wrapper slide-1\">\n\t\t\t\t\t<img loading=\"lazy\" decoding=\"async\" width=\"1400\" height=\"440\" src=\"https:\/\/lebenleben.de\/karriere\/wp-content\/uploads\/sites\/2\/2024\/05\/ll_karr_header_slider_image_1400x560_0009_Lebenshilfe_1-1109-1-1400x440-1.jpg\" class=\"single-slide-image slider-desktop-image\" alt=\"\" srcset=\"https:\/\/lebenleben.de\/karriere\/wp-content\/uploads\/sites\/2\/2024\/05\/ll_karr_header_slider_image_1400x560_0009_Lebenshilfe_1-1109-1-1400x440-1.jpg 1400w, https:\/\/lebenleben.de\/karriere\/wp-content\/uploads\/sites\/2\/2024\/05\/ll_karr_header_slider_image_1400x560_0009_Lebenshilfe_1-1109-1-1400x440-1-300x94.jpg 300w, https:\/\/lebenleben.de\/karriere\/wp-content\/uploads\/sites\/2\/2024\/05\/ll_karr_header_slider_image_1400x560_0009_Lebenshilfe_1-1109-1-1400x440-1-1024x322.jpg 1024w, https:\/\/lebenleben.de\/karriere\/wp-content\/uploads\/sites\/2\/2024\/05\/ll_karr_header_slider_image_1400x560_0009_Lebenshilfe_1-1109-1-1400x440-1-768x241.jpg 768w\" sizes=\"auto, (max-width: 1400px) 100vw, 1400px\" \/>          <img loading=\"lazy\" decoding=\"async\" width=\"1000\" height=\"314\" src=\"https:\/\/lebenleben.de\/karriere\/wp-content\/uploads\/sites\/2\/2024\/05\/ll_karr_header_slider_image_1400x560_0009_Lebenshilfe_1-1109-1-1400x440-1-1024x322.jpg\" class=\"single-slide-image slider-mobile-image\" alt=\"\" srcset=\"https:\/\/lebenleben.de\/karriere\/wp-content\/uploads\/sites\/2\/2024\/05\/ll_karr_header_slider_image_1400x560_0009_Lebenshilfe_1-1109-1-1400x440-1-1024x322.jpg 1024w, https:\/\/lebenleben.de\/karriere\/wp-content\/uploads\/sites\/2\/2024\/05\/ll_karr_header_slider_image_1400x560_0009_Lebenshilfe_1-1109-1-1400x440-1-300x94.jpg 300w, https:\/\/lebenleben.de\/karriere\/wp-content\/uploads\/sites\/2\/2024\/05\/ll_karr_header_slider_image_1400x560_0009_Lebenshilfe_1-1109-1-1400x440-1-768x241.jpg 768w, https:\/\/lebenleben.de\/karriere\/wp-content\/uploads\/sites\/2\/2024\/05\/ll_karr_header_slider_image_1400x560_0009_Lebenshilfe_1-1109-1-1400x440-1.jpg 1400w\" sizes=\"auto, (max-width: 1000px) 100vw, 1000px\" \/>\n                    <div class=\"single-slide-text\">\n          <h2>Leben leben als Arbeitgeber<\/h2><h3>Das sagen unsere Arbeitnehmer:innen<\/h3>                  <\/div>\n        \n\t\t\t\t<\/div>\n\t\t\t\t\t<\/div>\n\t  <script>\n    jQuery(document).ready(function() {\n        jQuery('.llimageslider-slider').slick({\n          dots: true,\n          infinite: true,\n          speed: 1000,\n          autoplay: true,\n          adaptiveHeight: true,\n          slidesToShow: 1,\n          fade: true,\n          focusOnSelect: true\n        });\n    });\n    <\/script>\n<\/div>\n\n\n\n<div style=\"height:25px\" aria-hidden=\"true\" class=\"wp-block-spacer\"><\/div>\n\n\n    <script>\n    jQuery(document).ready(function() {\n        jQuery('.uid-1').slick({\n            dots: true,\n            infinite: true,\n            arrows: true,\n            speed: 1000,\n            autoplay: false,\n            slidesToShow: 3,\n            slidesToScroll: 1,\n            fade: false,\n            responsive: [\n                {\n                    breakpoint: 1024,\n                    settings: {\n                        slidesToShow: 2,\n                        slidesToScroll: 1\n                    }\n                },\n                {\n                    breakpoint: 800,\n                    settings: {\n                        slidesToShow: 1,\n                        slidesToScroll: 1\n                    }\n                }\n            ]\n        });\n    });\n    <\/script>\n\n<div id=\"listteaser-block_493823585313712c8deb5e74035da0b4\" class=\"block-listteaser-wrapper columns-3 uid-1 testimonial block-listteaser--style-default\">\n                        <div class=\"listteaser-single single-teaser block-subpage-wrapper__single\">\n                <img loading=\"lazy\" decoding=\"async\" width=\"720\" height=\"480\" src=\"https:\/\/lebenleben.de\/karriere\/wp-content\/uploads\/sites\/2\/2020\/11\/IMG_1121-1.jpg\" class=\"\" alt=\"\" srcset=\"https:\/\/lebenleben.de\/karriere\/wp-content\/uploads\/sites\/2\/2020\/11\/IMG_1121-1.jpg 1920w, https:\/\/lebenleben.de\/karriere\/wp-content\/uploads\/sites\/2\/2020\/11\/IMG_1121-1-300x200.jpg 300w, https:\/\/lebenleben.de\/karriere\/wp-content\/uploads\/sites\/2\/2020\/11\/IMG_1121-1-1024x683.jpg 1024w, https:\/\/lebenleben.de\/karriere\/wp-content\/uploads\/sites\/2\/2020\/11\/IMG_1121-1-768x512.jpg 768w, https:\/\/lebenleben.de\/karriere\/wp-content\/uploads\/sites\/2\/2020\/11\/IMG_1121-1-1536x1024.jpg 1536w\" sizes=\"auto, (max-width: 720px) 100vw, 720px\" \/>                <div class=\"textwrapper\">\n                    <h3 class='block-listteaser__headline text-align-left'>Andreas Bruns<\/h3>                    \n                    <p>Elektrotechnikermeister und Leiter Geb\u00e4udemanagement, seit 2005 im Unternehmen<\/p>\n<p><em>\u201eDie Unterst\u00fctzung meines Arbeitgebers in meiner pers\u00f6nlichen beruflichen Entwicklung wei\u00df ich sehr zu sch\u00e4tzen. Eigenverantwortung, Einsatz und Mut zur Weiterentwicklung wurden immer mitgetragen. Mit Leben leben verbinde ich Fortschritt, Modernit\u00e4t, Vielseitigkeit und nicht zuletzt ein auf allen Ebenen wertsch\u00e4tzendes Miteinander.\u201c<\/em><\/p>\n\n                                    <\/div>\n            <\/div>\n                    <div class=\"listteaser-single single-teaser block-subpage-wrapper__single\">\n                <img loading=\"lazy\" decoding=\"async\" width=\"720\" height=\"480\" src=\"https:\/\/lebenleben.de\/karriere\/wp-content\/uploads\/sites\/2\/2020\/11\/Henrik-Schulze-scaled-e1605792112235-1.jpg\" class=\"\" alt=\"\" srcset=\"https:\/\/lebenleben.de\/karriere\/wp-content\/uploads\/sites\/2\/2020\/11\/Henrik-Schulze-scaled-e1605792112235-1.jpg 900w, https:\/\/lebenleben.de\/karriere\/wp-content\/uploads\/sites\/2\/2020\/11\/Henrik-Schulze-scaled-e1605792112235-1-300x200.jpg 300w, https:\/\/lebenleben.de\/karriere\/wp-content\/uploads\/sites\/2\/2020\/11\/Henrik-Schulze-scaled-e1605792112235-1-768x512.jpg 768w\" sizes=\"auto, (max-width: 720px) 100vw, 720px\" \/>                <div class=\"textwrapper\">\n                    <h3 class='block-listteaser__headline text-align-left'>Henrik Schulze<\/h3>                    \n                    <p>Leiter Finanzen, seit 2011 im Unternehmen<\/p>\n<p><em>\u201eAls ich 2011 meine Ausbildung zum B\u00fcrokaufmann begann, habe ich zwei Dinge schnell feststellen k\u00f6nnen: Zum einen, dass ich gern mit Zahlen arbeite, und zum anderen, dass ich mich bei meinem Arbeitgeber wirklich gut aufgenommen f\u00fchlen konnte. Daran hat sich bis heute nichts ge\u00e4ndert. Mit Unterst\u00fctzung meines Arbeitgebers konnte ich mich beruflich weiterqualifizieren und bin seit 2020 Leiter Finanzen f\u00fcr die gesamte Unternehmensgruppe.\u201c<\/em><\/p>\n\n                                    <\/div>\n            <\/div>\n                    <div class=\"listteaser-single single-teaser block-subpage-wrapper__single\">\n                <img loading=\"lazy\" decoding=\"async\" width=\"720\" height=\"480\" src=\"https:\/\/lebenleben.de\/karriere\/wp-content\/uploads\/sites\/2\/2020\/11\/Lea-Detloff1-scaled-2.jpg\" class=\"\" alt=\"\" srcset=\"https:\/\/lebenleben.de\/karriere\/wp-content\/uploads\/sites\/2\/2020\/11\/Lea-Detloff1-scaled-2.jpg 2560w, https:\/\/lebenleben.de\/karriere\/wp-content\/uploads\/sites\/2\/2020\/11\/Lea-Detloff1-scaled-2-300x200.jpg 300w, https:\/\/lebenleben.de\/karriere\/wp-content\/uploads\/sites\/2\/2020\/11\/Lea-Detloff1-scaled-2-1024x683.jpg 1024w, https:\/\/lebenleben.de\/karriere\/wp-content\/uploads\/sites\/2\/2020\/11\/Lea-Detloff1-scaled-2-768x512.jpg 768w, https:\/\/lebenleben.de\/karriere\/wp-content\/uploads\/sites\/2\/2020\/11\/Lea-Detloff1-scaled-2-1536x1024.jpg 1536w, https:\/\/lebenleben.de\/karriere\/wp-content\/uploads\/sites\/2\/2020\/11\/Lea-Detloff1-scaled-2-2048x1366.jpg 2048w\" sizes=\"auto, (max-width: 720px) 100vw, 720px\" \/>                <div class=\"textwrapper\">\n                    <h3 class='block-listteaser__headline text-align-left'>Lea Detloff<\/h3>                    \n                    <p>Jahrespraktikantin FOS Wirtschaft<\/p>\n<p><em>\u201eAls Jahrespraktikantin bin ich in der Verwaltung der Unternehmensgruppe eingesetzt und habe mich vom ersten Tag an wirklich wohl gef\u00fchlt. Die Kolleg:innen in den einzelnen Abteilungen sind immer nett und ansprechbar und haben mir gleich zu Beginn das Gef\u00fchl vermittelt, Teil des Teams zu sein. Das hat mir den Einstieg, aber auch das Arbeiten so viel leichter gemacht.\u201c<\/em><\/p>\n\n                                    <\/div>\n            <\/div>\n                    <div class=\"listteaser-single single-teaser block-subpage-wrapper__single\">\n                <img loading=\"lazy\" decoding=\"async\" width=\"480\" height=\"480\" src=\"https:\/\/lebenleben.de\/karriere\/wp-content\/uploads\/sites\/2\/2020\/10\/Stracke-e1603989889204-1.jpg\" class=\"\" alt=\"\" srcset=\"https:\/\/lebenleben.de\/karriere\/wp-content\/uploads\/sites\/2\/2020\/10\/Stracke-e1603989889204-1.jpg 900w, https:\/\/lebenleben.de\/karriere\/wp-content\/uploads\/sites\/2\/2020\/10\/Stracke-e1603989889204-1-300x300.jpg 300w, https:\/\/lebenleben.de\/karriere\/wp-content\/uploads\/sites\/2\/2020\/10\/Stracke-e1603989889204-1-768x768.jpg 768w, https:\/\/lebenleben.de\/karriere\/wp-content\/uploads\/sites\/2\/2020\/10\/Stracke-e1603989889204-1-500x500.jpg 500w\" sizes=\"auto, (max-width: 480px) 100vw, 480px\" \/>                <div class=\"textwrapper\">\n                    <h3 class='block-listteaser__headline text-align-left'>Simone Stracke<\/h3>                    \n                    <p>Fachlehrerin L\u00f6wenwaldschule, seit 1997 im Unternehmen<\/p>\n<p><em>\u201eLeben leben hei\u00dft f\u00fcr mich: Bei uns steht der Mensch im Vordergrund. Und es ist sch\u00f6n zu sehen, wie die jungen Menschen in meinem Fachbereich Kinder &#038; Jugend nach dem Erf\u00fcllen ihrer Schulpflicht in den Berufsalltag oder in ein\u00a0\u2013 nach ihren M\u00f6glichkeiten\u00a0\u2013 selbstst\u00e4ndiges Leben entlassen werden k\u00f6nnen.\u201c<\/em><\/p>\n\n                                    <\/div>\n            <\/div>\n            <\/div>\n\n\n\n<div style=\"height:50px\" aria-hidden=\"true\" class=\"wp-block-spacer\"><\/div>\n","protected":false},"excerpt":{"rendered":"<p>Lassen Sie sich von unseren Mitarbeitern mit auf eine Reise durch Leben leben nehmen. Was verbinde ich mit Leben leben, warum arbeite ich gerne bei Leben leben?<\/p>\n","protected":false},"author":1,"featured_media":15246,"parent":13517,"menu_order":40,"comment_status":"closed","ping_status":"closed","template":"page-templates\/page-fullscreen.php","meta":{"_acf_changed":false,"footnotes":""},"class_list":["post-13521","page","type-page","status-publish","has-post-thumbnail","hentry"],"acf":[],"yoast_head":"<!-- This site is optimized with the Yoast SEO plugin v27.3 - https:\/\/yoast.com\/product\/yoast-seo-wordpress\/ -->\n<title>Leben leben | Meinungen unserer Arbeitnehmer:innen<\/title>\n<meta name=\"description\" content=\"Was macht die Unternehmensgruppe Leben leben als Arbeitgeber attraktiv? Das sagen unsere Arbeitnehmer:innen.\" \/>\n<meta name=\"robots\" content=\"index, follow, max-snippet:-1, max-image-preview:large, max-video-preview:-1\" \/>\n<link rel=\"canonical\" href=\"https:\/\/lebenleben.de\/karriere\/unsere-unternehmensgruppe\/stimmen\/\" \/>\n<meta property=\"og:locale\" content=\"de_DE\" \/>\n<meta property=\"og:type\" content=\"article\" \/>\n<meta property=\"og:title\" content=\"Leben leben | Meinungen unserer Arbeitnehmer:innen\" \/>\n<meta property=\"og:description\" content=\"Was macht die Unternehmensgruppe Leben leben als Arbeitgeber attraktiv? Das sagen unsere Arbeitnehmer:innen.\" \/>\n<meta property=\"og:url\" content=\"https:\/\/lebenleben.de\/karriere\/unsere-unternehmensgruppe\/stimmen\/\" \/>\n<meta property=\"og:site_name\" content=\"Leben leben Karriere\" \/>\n<meta property=\"article:modified_time\" content=\"2024-05-30T12:40:28+00:00\" \/>\n<meta property=\"og:image\" content=\"https:\/\/lebenleben.de\/karriere\/wp-content\/uploads\/sites\/2\/2024\/05\/ll_karr_content_image_1400x1000_0010_Lebenshilfe_1-1109-1-768x549-1.jpg\" \/>\n\t<meta property=\"og:image:width\" content=\"768\" \/>\n\t<meta property=\"og:image:height\" content=\"549\" \/>\n\t<meta property=\"og:image:type\" content=\"image\/jpeg\" \/>\n<meta name=\"twitter:card\" content=\"summary_large_image\" \/>\n<meta name=\"twitter:label1\" content=\"Gesch\u00e4tzte Lesezeit\" \/>\n\t<meta name=\"twitter:data1\" content=\"3\u00a0Minuten\" \/>\n<script type=\"application\/ld+json\" class=\"yoast-schema-graph\">{\"@context\":\"https:\\\/\\\/schema.org\",\"@graph\":[{\"@type\":\"WebPage\",\"@id\":\"https:\\\/\\\/lebenleben.de\\\/karriere\\\/unsere-unternehmensgruppe\\\/stimmen\\\/\",\"url\":\"https:\\\/\\\/lebenleben.de\\\/karriere\\\/unsere-unternehmensgruppe\\\/stimmen\\\/\",\"name\":\"Leben leben | Meinungen unserer Arbeitnehmer:innen\",\"isPartOf\":{\"@id\":\"https:\\\/\\\/lebenleben.de\\\/karriere\\\/#website\"},\"primaryImageOfPage\":{\"@id\":\"https:\\\/\\\/lebenleben.de\\\/karriere\\\/unsere-unternehmensgruppe\\\/stimmen\\\/#primaryimage\"},\"image\":{\"@id\":\"https:\\\/\\\/lebenleben.de\\\/karriere\\\/unsere-unternehmensgruppe\\\/stimmen\\\/#primaryimage\"},\"thumbnailUrl\":\"https:\\\/\\\/lebenleben.de\\\/karriere\\\/wp-content\\\/uploads\\\/sites\\\/2\\\/2024\\\/05\\\/ll_karr_content_image_1400x1000_0010_Lebenshilfe_1-1109-1-768x549-1.jpg\",\"datePublished\":\"2020-05-18T09:24:07+00:00\",\"dateModified\":\"2024-05-30T12:40:28+00:00\",\"description\":\"Was macht die Unternehmensgruppe Leben leben als Arbeitgeber attraktiv? Das sagen unsere Arbeitnehmer:innen.\",\"breadcrumb\":{\"@id\":\"https:\\\/\\\/lebenleben.de\\\/karriere\\\/unsere-unternehmensgruppe\\\/stimmen\\\/#breadcrumb\"},\"inLanguage\":\"de\",\"potentialAction\":[{\"@type\":\"ReadAction\",\"target\":[\"https:\\\/\\\/lebenleben.de\\\/karriere\\\/unsere-unternehmensgruppe\\\/stimmen\\\/\"]}]},{\"@type\":\"ImageObject\",\"inLanguage\":\"de\",\"@id\":\"https:\\\/\\\/lebenleben.de\\\/karriere\\\/unsere-unternehmensgruppe\\\/stimmen\\\/#primaryimage\",\"url\":\"https:\\\/\\\/lebenleben.de\\\/karriere\\\/wp-content\\\/uploads\\\/sites\\\/2\\\/2024\\\/05\\\/ll_karr_content_image_1400x1000_0010_Lebenshilfe_1-1109-1-768x549-1.jpg\",\"contentUrl\":\"https:\\\/\\\/lebenleben.de\\\/karriere\\\/wp-content\\\/uploads\\\/sites\\\/2\\\/2024\\\/05\\\/ll_karr_content_image_1400x1000_0010_Lebenshilfe_1-1109-1-768x549-1.jpg\",\"width\":768,\"height\":549},{\"@type\":\"BreadcrumbList\",\"@id\":\"https:\\\/\\\/lebenleben.de\\\/karriere\\\/unsere-unternehmensgruppe\\\/stimmen\\\/#breadcrumb\",\"itemListElement\":[{\"@type\":\"ListItem\",\"position\":1,\"name\":\"Startseite\",\"item\":\"https:\\\/\\\/lebenleben.de\\\/karriere\\\/\"},{\"@type\":\"ListItem\",\"position\":2,\"name\":\"Unsere Unternehmensgruppe\",\"item\":\"https:\\\/\\\/lebenleben.de\\\/karriere\\\/unsere-unternehmensgruppe\\\/\"},{\"@type\":\"ListItem\",\"position\":3,\"name\":\"Stimmen\"}]},{\"@type\":\"WebSite\",\"@id\":\"https:\\\/\\\/lebenleben.de\\\/karriere\\\/#website\",\"url\":\"https:\\\/\\\/lebenleben.de\\\/karriere\\\/\",\"name\":\"Leben leben Karriere\",\"description\":\"Jobs &amp; Stellenangebote\",\"publisher\":{\"@id\":\"https:\\\/\\\/lebenleben.de\\\/karriere\\\/#organization\"},\"potentialAction\":[{\"@type\":\"SearchAction\",\"target\":{\"@type\":\"EntryPoint\",\"urlTemplate\":\"https:\\\/\\\/lebenleben.de\\\/karriere\\\/?s={search_term_string}\"},\"query-input\":{\"@type\":\"PropertyValueSpecification\",\"valueRequired\":true,\"valueName\":\"search_term_string\"}}],\"inLanguage\":\"de\"},{\"@type\":\"Organization\",\"@id\":\"https:\\\/\\\/lebenleben.de\\\/karriere\\\/#organization\",\"name\":\"Leben leben Karriere\",\"url\":\"https:\\\/\\\/lebenleben.de\\\/karriere\\\/\",\"logo\":{\"@type\":\"ImageObject\",\"inLanguage\":\"de\",\"@id\":\"https:\\\/\\\/lebenleben.de\\\/karriere\\\/#\\\/schema\\\/logo\\\/image\\\/\",\"url\":\"https:\\\/\\\/lebenleben.de\\\/karriere\\\/wp-content\\\/uploads\\\/sites\\\/2\\\/2021\\\/01\\\/ll_favicon-purple.png\",\"contentUrl\":\"https:\\\/\\\/lebenleben.de\\\/karriere\\\/wp-content\\\/uploads\\\/sites\\\/2\\\/2021\\\/01\\\/ll_favicon-purple.png\",\"width\":501,\"height\":501,\"caption\":\"Leben leben Karriere\"},\"image\":{\"@id\":\"https:\\\/\\\/lebenleben.de\\\/karriere\\\/#\\\/schema\\\/logo\\\/image\\\/\"}}]}<\/script>\n<!-- \/ Yoast SEO plugin. -->","yoast_head_json":{"title":"Leben leben | Meinungen unserer Arbeitnehmer:innen","description":"Was macht die Unternehmensgruppe Leben leben als Arbeitgeber attraktiv? Das sagen unsere Arbeitnehmer:innen.","robots":{"index":"index","follow":"follow","max-snippet":"max-snippet:-1","max-image-preview":"max-image-preview:large","max-video-preview":"max-video-preview:-1"},"canonical":"https:\/\/lebenleben.de\/karriere\/unsere-unternehmensgruppe\/stimmen\/","og_locale":"de_DE","og_type":"article","og_title":"Leben leben | Meinungen unserer Arbeitnehmer:innen","og_description":"Was macht die Unternehmensgruppe Leben leben als Arbeitgeber attraktiv? Das sagen unsere Arbeitnehmer:innen.","og_url":"https:\/\/lebenleben.de\/karriere\/unsere-unternehmensgruppe\/stimmen\/","og_site_name":"Leben leben Karriere","article_modified_time":"2024-05-30T12:40:28+00:00","og_image":[{"width":768,"height":549,"url":"https:\/\/lebenleben.de\/karriere\/wp-content\/uploads\/sites\/2\/2024\/05\/ll_karr_content_image_1400x1000_0010_Lebenshilfe_1-1109-1-768x549-1.jpg","type":"image\/jpeg"}],"twitter_card":"summary_large_image","twitter_misc":{"Gesch\u00e4tzte Lesezeit":"3\u00a0Minuten"},"schema":{"@context":"https:\/\/schema.org","@graph":[{"@type":"WebPage","@id":"https:\/\/lebenleben.de\/karriere\/unsere-unternehmensgruppe\/stimmen\/","url":"https:\/\/lebenleben.de\/karriere\/unsere-unternehmensgruppe\/stimmen\/","name":"Leben leben | Meinungen unserer Arbeitnehmer:innen","isPartOf":{"@id":"https:\/\/lebenleben.de\/karriere\/#website"},"primaryImageOfPage":{"@id":"https:\/\/lebenleben.de\/karriere\/unsere-unternehmensgruppe\/stimmen\/#primaryimage"},"image":{"@id":"https:\/\/lebenleben.de\/karriere\/unsere-unternehmensgruppe\/stimmen\/#primaryimage"},"thumbnailUrl":"https:\/\/lebenleben.de\/karriere\/wp-content\/uploads\/sites\/2\/2024\/05\/ll_karr_content_image_1400x1000_0010_Lebenshilfe_1-1109-1-768x549-1.jpg","datePublished":"2020-05-18T09:24:07+00:00","dateModified":"2024-05-30T12:40:28+00:00","description":"Was macht die Unternehmensgruppe Leben leben als Arbeitgeber attraktiv? Das sagen unsere Arbeitnehmer:innen.","breadcrumb":{"@id":"https:\/\/lebenleben.de\/karriere\/unsere-unternehmensgruppe\/stimmen\/#breadcrumb"},"inLanguage":"de","potentialAction":[{"@type":"ReadAction","target":["https:\/\/lebenleben.de\/karriere\/unsere-unternehmensgruppe\/stimmen\/"]}]},{"@type":"ImageObject","inLanguage":"de","@id":"https:\/\/lebenleben.de\/karriere\/unsere-unternehmensgruppe\/stimmen\/#primaryimage","url":"https:\/\/lebenleben.de\/karriere\/wp-content\/uploads\/sites\/2\/2024\/05\/ll_karr_content_image_1400x1000_0010_Lebenshilfe_1-1109-1-768x549-1.jpg","contentUrl":"https:\/\/lebenleben.de\/karriere\/wp-content\/uploads\/sites\/2\/2024\/05\/ll_karr_content_image_1400x1000_0010_Lebenshilfe_1-1109-1-768x549-1.jpg","width":768,"height":549},{"@type":"BreadcrumbList","@id":"https:\/\/lebenleben.de\/karriere\/unsere-unternehmensgruppe\/stimmen\/#breadcrumb","itemListElement":[{"@type":"ListItem","position":1,"name":"Startseite","item":"https:\/\/lebenleben.de\/karriere\/"},{"@type":"ListItem","position":2,"name":"Unsere Unternehmensgruppe","item":"https:\/\/lebenleben.de\/karriere\/unsere-unternehmensgruppe\/"},{"@type":"ListItem","position":3,"name":"Stimmen"}]},{"@type":"WebSite","@id":"https:\/\/lebenleben.de\/karriere\/#website","url":"https:\/\/lebenleben.de\/karriere\/","name":"Leben leben Karriere","description":"Jobs &amp; Stellenangebote","publisher":{"@id":"https:\/\/lebenleben.de\/karriere\/#organization"},"potentialAction":[{"@type":"SearchAction","target":{"@type":"EntryPoint","urlTemplate":"https:\/\/lebenleben.de\/karriere\/?s={search_term_string}"},"query-input":{"@type":"PropertyValueSpecification","valueRequired":true,"valueName":"search_term_string"}}],"inLanguage":"de"},{"@type":"Organization","@id":"https:\/\/lebenleben.de\/karriere\/#organization","name":"Leben leben Karriere","url":"https:\/\/lebenleben.de\/karriere\/","logo":{"@type":"ImageObject","inLanguage":"de","@id":"https:\/\/lebenleben.de\/karriere\/#\/schema\/logo\/image\/","url":"https:\/\/lebenleben.de\/karriere\/wp-content\/uploads\/sites\/2\/2021\/01\/ll_favicon-purple.png","contentUrl":"https:\/\/lebenleben.de\/karriere\/wp-content\/uploads\/sites\/2\/2021\/01\/ll_favicon-purple.png","width":501,"height":501,"caption":"Leben leben Karriere"},"image":{"@id":"https:\/\/lebenleben.de\/karriere\/#\/schema\/logo\/image\/"}}]}},"_links":{"self":[{"href":"https:\/\/lebenleben.de\/karriere\/wp-json\/wp\/v2\/pages\/13521","targetHints":{"allow":["GET"]}}],"collection":[{"href":"https:\/\/lebenleben.de\/karriere\/wp-json\/wp\/v2\/pages"}],"about":[{"href":"https:\/\/lebenleben.de\/karriere\/wp-json\/wp\/v2\/types\/page"}],"author":[{"embeddable":true,"href":"https:\/\/lebenleben.de\/karriere\/wp-json\/wp\/v2\/users\/1"}],"replies":[{"embeddable":true,"href":"https:\/\/lebenleben.de\/karriere\/wp-json\/wp\/v2\/comments?post=13521"}],"version-history":[{"count":7,"href":"https:\/\/lebenleben.de\/karriere\/wp-json\/wp\/v2\/pages\/13521\/revisions"}],"predecessor-version":[{"id":15269,"href":"https:\/\/lebenleben.de\/karriere\/wp-json\/wp\/v2\/pages\/13521\/revisions\/15269"}],"up":[{"embeddable":true,"href":"https:\/\/lebenleben.de\/karriere\/wp-json\/wp\/v2\/pages\/13517"}],"wp:featuredmedia":[{"embeddable":true,"href":"https:\/\/lebenleben.de\/karriere\/wp-json\/wp\/v2\/media\/15246"}],"wp:attachment":[{"href":"https:\/\/lebenleben.de\/karriere\/wp-json\/wp\/v2\/media?parent=13521"}],"curies":[{"name":"wp","href":"https:\/\/api.w.org\/{rel}","templated":true}]}}