{"id":13522,"date":"2020-05-18T11:24:26","date_gmt":"2020-05-18T09:24:26","guid":{"rendered":"http:\/\/lebenleben.de\/karriere\/?page_id=23"},"modified":"2024-05-30T14:46:54","modified_gmt":"2024-05-30T12:46:54","slug":"standorte","status":"publish","type":"page","link":"https:\/\/lebenleben.de\/karriere\/unsere-unternehmensgruppe\/standorte\/","title":{"rendered":"Standorte"},"content":{"rendered":"\n<div id=\"llimageslider-block_4145258d6bf6d1313ce732b636d93a58\" class=\"block-llimageslider llimageslider alignwide\">\n\n    \n\t\t<div class=\"llimageslider-slider\" data-slick='{\"autoplaySpeed\": 5000}'>\n\t\t\t\t\t\t\t<div class=\"single-slide-wrapper slide-1\">\n\t\t\t\t\t<img loading=\"lazy\" decoding=\"async\" width=\"1400\" height=\"440\" src=\"https:\/\/lebenleben.de\/karriere\/wp-content\/uploads\/sites\/2\/2024\/05\/ll_landkreise-1-1400x440-1.jpg\" class=\"single-slide-image slider-desktop-image\" alt=\"\" srcset=\"https:\/\/lebenleben.de\/karriere\/wp-content\/uploads\/sites\/2\/2024\/05\/ll_landkreise-1-1400x440-1.jpg 1400w, https:\/\/lebenleben.de\/karriere\/wp-content\/uploads\/sites\/2\/2024\/05\/ll_landkreise-1-1400x440-1-300x94.jpg 300w, https:\/\/lebenleben.de\/karriere\/wp-content\/uploads\/sites\/2\/2024\/05\/ll_landkreise-1-1400x440-1-1024x322.jpg 1024w, https:\/\/lebenleben.de\/karriere\/wp-content\/uploads\/sites\/2\/2024\/05\/ll_landkreise-1-1400x440-1-768x241.jpg 768w\" sizes=\"auto, (max-width: 1400px) 100vw, 1400px\" \/>          <img loading=\"lazy\" decoding=\"async\" width=\"1000\" height=\"314\" src=\"https:\/\/lebenleben.de\/karriere\/wp-content\/uploads\/sites\/2\/2024\/05\/ll_landkreise-1-1400x440-1-1024x322.jpg\" class=\"single-slide-image slider-mobile-image\" alt=\"\" srcset=\"https:\/\/lebenleben.de\/karriere\/wp-content\/uploads\/sites\/2\/2024\/05\/ll_landkreise-1-1400x440-1-1024x322.jpg 1024w, https:\/\/lebenleben.de\/karriere\/wp-content\/uploads\/sites\/2\/2024\/05\/ll_landkreise-1-1400x440-1-300x94.jpg 300w, https:\/\/lebenleben.de\/karriere\/wp-content\/uploads\/sites\/2\/2024\/05\/ll_landkreise-1-1400x440-1-768x241.jpg 768w, https:\/\/lebenleben.de\/karriere\/wp-content\/uploads\/sites\/2\/2024\/05\/ll_landkreise-1-1400x440-1.jpg 1400w\" sizes=\"auto, (max-width: 1000px) 100vw, 1000px\" \/>\n                    <div class=\"single-slide-text\">\n          <h2>Leben leben<\/h2><h3>Das sind unsere Standorte<\/h3>                  <\/div>\n        \n\t\t\t\t<\/div>\n\t\t\t\t\t<\/div>\n\t  <script>\n    jQuery(document).ready(function() {\n        jQuery('.llimageslider-slider').slick({\n          dots: true,\n          infinite: true,\n          speed: 1000,\n          autoplay: true,\n          adaptiveHeight: true,\n          slidesToShow: 1,\n          fade: true,\n          focusOnSelect: true\n        });\n    });\n    <\/script>\n<\/div>\n\n\n\n<p>Unsere Einrichtungen und Dienstleistungen finden Sie in den St\u00e4dten und Landkreisen Uelzen, Dannenberg und Gifhorn. Sie kennen sich dort (noch) nicht aus? Macht nichts, wir verraten Ihnen hier, wo unsere jeweiligen Standorte sind und was diese Orte zu bieten haben.<\/p>\n\n\n\n<div style=\"height:25px\" aria-hidden=\"true\" class=\"wp-block-spacer\"><\/div>\n\n\n\n<script>\njQuery(document).ready(function(){\n    jQuery('.uid-1').slick({\n      dots: true,\n      infinite: true,\n      arrows: true,\n      speed: 1000,\n      autoplay: false,\n      slidesToShow: 3,\n      slidesToScroll: 1,\n      fade: false,\n      responsive: [\n        {\n          breakpoint: 1024,\n          settings: {\n            slidesToShow: 2,\n            slidesToScroll: 1\n          }\n        },\n        {\n          breakpoint: 800,\n          settings: {\n            slidesToShow: 1,\n            slidesToScroll: 1\n          }\n        }\n      ]\n\n    });\n  }); \n\n<\/script>\n\n<div id=\"childpagelist-block_39e8106ebc9ddad3b5578f69fc1a2896\" class=\"block-subpage-wrapper columns-3 uid-1\">\n\n\t\n\t\n\t    <div class=\"block-subpage-wrapper__single post-13523 page type-page status-publish has-post-thumbnail hentry\">\n\t        \t           <a class=\"imagelink \"href=\"https:\/\/lebenleben.de\/karriere\/unsere-unternehmensgruppe\/standorte\/uelzen\/\" rel=\"bookmark\" title=\"Stadt und Landkreis Uelzen\"><img loading=\"lazy\" decoding=\"async\" width=\"279\" height=\"181\" src=\"https:\/\/lebenleben.de\/karriere\/wp-content\/uploads\/sites\/2\/2020\/10\/Uelzen_onlinestreet.de_-1.png\" class=\"attachment-ll-thumb-medium size-ll-thumb-medium wp-post-image\" alt=\"\" \/><\/a>\n\t        \t\t\t\t\t<div class=\"textwrapper\">\n\t\t        <h3><a href=\"https:\/\/lebenleben.de\/karriere\/unsere-unternehmensgruppe\/standorte\/uelzen\/\" rel=\"bookmark\" title=\"Stadt und Landkreis Uelzen\">Stadt und Landkreis Uelzen<\/a><\/h3>\n\n\t\t\t\t<p>Wohnen und Arbeiten &#8211; direkt in der Hansestadt Uelzen oder im nahen Umland. Als Verkehrsknotenpunkt der Nord-S\u00fcd-Achse Hamburg &#8211; Hannover und der Ost-West-Achse Bremen &#8211; Berlin ist Uelzen in zentraler Lage offen nach allen Richtungen.<\/p>\n\t\t\t\t\t\t<a href=\"https:\/\/lebenleben.de\/karriere\/unsere-unternehmensgruppe\/standorte\/uelzen\/\" rel=\"bookmark\" title=\"Stadt und Landkreis Uelzen\">Mehr Infos&nbsp;&raquo;<\/a>\n\t\t\t\t\t<\/div>\n\t    <\/div>\n\t\n\t    <div class=\"block-subpage-wrapper__single post-13524 page type-page status-publish has-post-thumbnail hentry\">\n\t        \t           <a class=\"imagelink \"href=\"https:\/\/lebenleben.de\/karriere\/unsere-unternehmensgruppe\/standorte\/dannenberg\/\" rel=\"bookmark\" title=\"Stadt und Landkreis Dannenberg\"><img loading=\"lazy\" decoding=\"async\" width=\"279\" height=\"181\" src=\"https:\/\/lebenleben.de\/karriere\/wp-content\/uploads\/sites\/2\/2020\/11\/Dannenberg-Ortsschild-1.png\" class=\"attachment-ll-thumb-medium size-ll-thumb-medium wp-post-image\" alt=\"\" \/><\/a>\n\t        \t\t\t\t\t<div class=\"textwrapper\">\n\t\t        <h3><a href=\"https:\/\/lebenleben.de\/karriere\/unsere-unternehmensgruppe\/standorte\/dannenberg\/\" rel=\"bookmark\" title=\"Stadt und Landkreis Dannenberg\">Stadt und Landkreis Dannenberg<\/a><\/h3>\n\n\t\t\t\t<p>Leben und Arbeiten in Dannenberg hei\u00dft:  Leben in einer Kleinstadt &#8211; eingebettet in die l\u00e4ndliche Idylle des Wendlandes und arbeiten in einem innovativ ausgerichteten Landkreis!<\/p>\n\t\t\t\t\t\t<a href=\"https:\/\/lebenleben.de\/karriere\/unsere-unternehmensgruppe\/standorte\/dannenberg\/\" rel=\"bookmark\" title=\"Stadt und Landkreis Dannenberg\">Mehr Infos&nbsp;&raquo;<\/a>\n\t\t\t\t\t<\/div>\n\t    <\/div>\n\t\n\t    <div class=\"block-subpage-wrapper__single post-13525 page type-page status-publish has-post-thumbnail hentry\">\n\t        \t           <a class=\"imagelink \"href=\"https:\/\/lebenleben.de\/karriere\/unsere-unternehmensgruppe\/standorte\/gifhorn\/\" rel=\"bookmark\" title=\"Stadt und Landkreis Gifhorn\"><img loading=\"lazy\" decoding=\"async\" width=\"279\" height=\"181\" src=\"https:\/\/lebenleben.de\/karriere\/wp-content\/uploads\/sites\/2\/2020\/10\/gifhorn-Gamsen-1.png\" class=\"attachment-ll-thumb-medium size-ll-thumb-medium wp-post-image\" alt=\"\" \/><\/a>\n\t        \t\t\t\t\t<div class=\"textwrapper\">\n\t\t        <h3><a href=\"https:\/\/lebenleben.de\/karriere\/unsere-unternehmensgruppe\/standorte\/gifhorn\/\" rel=\"bookmark\" title=\"Stadt und Landkreis Gifhorn\">Stadt und Landkreis Gifhorn<\/a><\/h3>\n\n\t\t\t\t<p>Die ca. 42.000 Einwohner z\u00e4hlende Kreisstadt Gifhorn liegt im \u00f6stlichen Niedersachsen am Rand der L\u00fcneburger Heide. Das Autobahnkreuz Braunschweig Nord (A&nbsp;2\/A&nbsp;391) ist ca. 20&nbsp;km entfernt. Die nahe Anbindung an die Industrie- und Handelszentren Braunschweig und Wolfsburg machen die Stadt und den Landkreis zu einem interessanten Lebens- und Arbeitsmittelpunkt. Leben leben f\u00fchrt im Ortsteil Gamsen, im [&hellip;]<\/p>\n\t\t\t\t\t\t<a href=\"https:\/\/lebenleben.de\/karriere\/unsere-unternehmensgruppe\/standorte\/gifhorn\/\" rel=\"bookmark\" title=\"Stadt und Landkreis Gifhorn\">Mehr Infos&nbsp;&raquo;<\/a>\n\t\t\t\t\t<\/div>\n\t    <\/div>\n\t\n\t\n<\/div>\n\n\n\n<div style=\"height:50px\" aria-hidden=\"true\" class=\"wp-block-spacer\"><\/div>\n","protected":false},"excerpt":{"rendered":"<p>Unsere Unternehmensgruppe f\u00fchrt Einrichtungen in den Landkreisen Uelzen, L\u00fcchow-Dannenberg und Gifhorn.<\/p>\n","protected":false},"author":1,"featured_media":15243,"parent":13517,"menu_order":50,"comment_status":"closed","ping_status":"closed","template":"page-templates\/page-fullscreen.php","meta":{"_acf_changed":false,"footnotes":""},"class_list":["post-13522","page","type-page","status-publish","has-post-thumbnail","hentry"],"acf":[],"yoast_head":"<!-- This site is optimized with the Yoast SEO plugin v27.3 - https:\/\/yoast.com\/product\/yoast-seo-wordpress\/ -->\n<title>Unternehmensgruppe Leben leben als Arbeitgeber | Standorte<\/title>\n<meta name=\"description\" content=\"Die Unternehmensgruppe Leben leben besch\u00e4ftigt Arbeitnehmer:innen an ihren Standorten in und um Uelzen, Dannenberg und Gifhorn.\" \/>\n<meta name=\"robots\" content=\"index, follow, max-snippet:-1, max-image-preview:large, max-video-preview:-1\" \/>\n<link rel=\"canonical\" href=\"https:\/\/lebenleben.de\/karriere\/unsere-unternehmensgruppe\/standorte\/\" \/>\n<meta property=\"og:locale\" content=\"de_DE\" \/>\n<meta property=\"og:type\" content=\"article\" \/>\n<meta property=\"og:title\" content=\"Unternehmensgruppe Leben leben als Arbeitgeber | Standorte\" \/>\n<meta property=\"og:description\" content=\"Die Unternehmensgruppe Leben leben besch\u00e4ftigt Arbeitnehmer:innen an ihren Standorten in und um Uelzen, Dannenberg und Gifhorn.\" \/>\n<meta property=\"og:url\" content=\"https:\/\/lebenleben.de\/karriere\/unsere-unternehmensgruppe\/standorte\/\" \/>\n<meta property=\"og:site_name\" content=\"Leben leben Karriere\" \/>\n<meta property=\"article:modified_time\" content=\"2024-05-30T12:46:54+00:00\" \/>\n<meta property=\"og:image\" content=\"https:\/\/lebenleben.de\/karriere\/wp-content\/uploads\/sites\/2\/2024\/05\/ll_landkreise-1-768x652-1.jpg\" \/>\n\t<meta property=\"og:image:width\" content=\"768\" \/>\n\t<meta property=\"og:image:height\" content=\"550\" \/>\n\t<meta property=\"og:image:type\" content=\"image\/jpeg\" \/>\n<meta name=\"twitter:card\" content=\"summary_large_image\" \/>\n<meta name=\"twitter:label1\" content=\"Gesch\u00e4tzte Lesezeit\" \/>\n\t<meta name=\"twitter:data1\" content=\"1\u00a0Minute\" \/>\n<script type=\"application\/ld+json\" class=\"yoast-schema-graph\">{\"@context\":\"https:\\\/\\\/schema.org\",\"@graph\":[{\"@type\":\"WebPage\",\"@id\":\"https:\\\/\\\/lebenleben.de\\\/karriere\\\/unsere-unternehmensgruppe\\\/standorte\\\/\",\"url\":\"https:\\\/\\\/lebenleben.de\\\/karriere\\\/unsere-unternehmensgruppe\\\/standorte\\\/\",\"name\":\"Unternehmensgruppe Leben leben als Arbeitgeber | Standorte\",\"isPartOf\":{\"@id\":\"https:\\\/\\\/lebenleben.de\\\/karriere\\\/#website\"},\"primaryImageOfPage\":{\"@id\":\"https:\\\/\\\/lebenleben.de\\\/karriere\\\/unsere-unternehmensgruppe\\\/standorte\\\/#primaryimage\"},\"image\":{\"@id\":\"https:\\\/\\\/lebenleben.de\\\/karriere\\\/unsere-unternehmensgruppe\\\/standorte\\\/#primaryimage\"},\"thumbnailUrl\":\"https:\\\/\\\/lebenleben.de\\\/karriere\\\/wp-content\\\/uploads\\\/sites\\\/2\\\/2024\\\/05\\\/ll_landkreise-1-768x652-1.jpg\",\"datePublished\":\"2020-05-18T09:24:26+00:00\",\"dateModified\":\"2024-05-30T12:46:54+00:00\",\"description\":\"Die Unternehmensgruppe Leben leben besch\u00e4ftigt Arbeitnehmer:innen an ihren Standorten in und um Uelzen, Dannenberg und Gifhorn.\",\"breadcrumb\":{\"@id\":\"https:\\\/\\\/lebenleben.de\\\/karriere\\\/unsere-unternehmensgruppe\\\/standorte\\\/#breadcrumb\"},\"inLanguage\":\"de\",\"potentialAction\":[{\"@type\":\"ReadAction\",\"target\":[\"https:\\\/\\\/lebenleben.de\\\/karriere\\\/unsere-unternehmensgruppe\\\/standorte\\\/\"]}]},{\"@type\":\"ImageObject\",\"inLanguage\":\"de\",\"@id\":\"https:\\\/\\\/lebenleben.de\\\/karriere\\\/unsere-unternehmensgruppe\\\/standorte\\\/#primaryimage\",\"url\":\"https:\\\/\\\/lebenleben.de\\\/karriere\\\/wp-content\\\/uploads\\\/sites\\\/2\\\/2024\\\/05\\\/ll_landkreise-1-768x652-1.jpg\",\"contentUrl\":\"https:\\\/\\\/lebenleben.de\\\/karriere\\\/wp-content\\\/uploads\\\/sites\\\/2\\\/2024\\\/05\\\/ll_landkreise-1-768x652-1.jpg\",\"width\":768,\"height\":550},{\"@type\":\"BreadcrumbList\",\"@id\":\"https:\\\/\\\/lebenleben.de\\\/karriere\\\/unsere-unternehmensgruppe\\\/standorte\\\/#breadcrumb\",\"itemListElement\":[{\"@type\":\"ListItem\",\"position\":1,\"name\":\"Startseite\",\"item\":\"https:\\\/\\\/lebenleben.de\\\/karriere\\\/\"},{\"@type\":\"ListItem\",\"position\":2,\"name\":\"Unsere Unternehmensgruppe\",\"item\":\"https:\\\/\\\/lebenleben.de\\\/karriere\\\/unsere-unternehmensgruppe\\\/\"},{\"@type\":\"ListItem\",\"position\":3,\"name\":\"Standorte\"}]},{\"@type\":\"WebSite\",\"@id\":\"https:\\\/\\\/lebenleben.de\\\/karriere\\\/#website\",\"url\":\"https:\\\/\\\/lebenleben.de\\\/karriere\\\/\",\"name\":\"Leben leben Karriere\",\"description\":\"Jobs &amp; Stellenangebote\",\"publisher\":{\"@id\":\"https:\\\/\\\/lebenleben.de\\\/karriere\\\/#organization\"},\"potentialAction\":[{\"@type\":\"SearchAction\",\"target\":{\"@type\":\"EntryPoint\",\"urlTemplate\":\"https:\\\/\\\/lebenleben.de\\\/karriere\\\/?s={search_term_string}\"},\"query-input\":{\"@type\":\"PropertyValueSpecification\",\"valueRequired\":true,\"valueName\":\"search_term_string\"}}],\"inLanguage\":\"de\"},{\"@type\":\"Organization\",\"@id\":\"https:\\\/\\\/lebenleben.de\\\/karriere\\\/#organization\",\"name\":\"Leben leben Karriere\",\"url\":\"https:\\\/\\\/lebenleben.de\\\/karriere\\\/\",\"logo\":{\"@type\":\"ImageObject\",\"inLanguage\":\"de\",\"@id\":\"https:\\\/\\\/lebenleben.de\\\/karriere\\\/#\\\/schema\\\/logo\\\/image\\\/\",\"url\":\"https:\\\/\\\/lebenleben.de\\\/karriere\\\/wp-content\\\/uploads\\\/sites\\\/2\\\/2021\\\/01\\\/ll_favicon-purple.png\",\"contentUrl\":\"https:\\\/\\\/lebenleben.de\\\/karriere\\\/wp-content\\\/uploads\\\/sites\\\/2\\\/2021\\\/01\\\/ll_favicon-purple.png\",\"width\":501,\"height\":501,\"caption\":\"Leben leben Karriere\"},\"image\":{\"@id\":\"https:\\\/\\\/lebenleben.de\\\/karriere\\\/#\\\/schema\\\/logo\\\/image\\\/\"}}]}<\/script>\n<!-- \/ Yoast SEO plugin. -->","yoast_head_json":{"title":"Unternehmensgruppe Leben leben als Arbeitgeber | Standorte","description":"Die Unternehmensgruppe Leben leben besch\u00e4ftigt Arbeitnehmer:innen an ihren Standorten in und um Uelzen, Dannenberg und Gifhorn.","robots":{"index":"index","follow":"follow","max-snippet":"max-snippet:-1","max-image-preview":"max-image-preview:large","max-video-preview":"max-video-preview:-1"},"canonical":"https:\/\/lebenleben.de\/karriere\/unsere-unternehmensgruppe\/standorte\/","og_locale":"de_DE","og_type":"article","og_title":"Unternehmensgruppe Leben leben als Arbeitgeber | Standorte","og_description":"Die Unternehmensgruppe Leben leben besch\u00e4ftigt Arbeitnehmer:innen an ihren Standorten in und um Uelzen, Dannenberg und Gifhorn.","og_url":"https:\/\/lebenleben.de\/karriere\/unsere-unternehmensgruppe\/standorte\/","og_site_name":"Leben leben Karriere","article_modified_time":"2024-05-30T12:46:54+00:00","og_image":[{"width":768,"height":550,"url":"https:\/\/lebenleben.de\/karriere\/wp-content\/uploads\/sites\/2\/2024\/05\/ll_landkreise-1-768x652-1.jpg","type":"image\/jpeg"}],"twitter_card":"summary_large_image","twitter_misc":{"Gesch\u00e4tzte Lesezeit":"1\u00a0Minute"},"schema":{"@context":"https:\/\/schema.org","@graph":[{"@type":"WebPage","@id":"https:\/\/lebenleben.de\/karriere\/unsere-unternehmensgruppe\/standorte\/","url":"https:\/\/lebenleben.de\/karriere\/unsere-unternehmensgruppe\/standorte\/","name":"Unternehmensgruppe Leben leben als Arbeitgeber | Standorte","isPartOf":{"@id":"https:\/\/lebenleben.de\/karriere\/#website"},"primaryImageOfPage":{"@id":"https:\/\/lebenleben.de\/karriere\/unsere-unternehmensgruppe\/standorte\/#primaryimage"},"image":{"@id":"https:\/\/lebenleben.de\/karriere\/unsere-unternehmensgruppe\/standorte\/#primaryimage"},"thumbnailUrl":"https:\/\/lebenleben.de\/karriere\/wp-content\/uploads\/sites\/2\/2024\/05\/ll_landkreise-1-768x652-1.jpg","datePublished":"2020-05-18T09:24:26+00:00","dateModified":"2024-05-30T12:46:54+00:00","description":"Die Unternehmensgruppe Leben leben besch\u00e4ftigt Arbeitnehmer:innen an ihren Standorten in und um Uelzen, Dannenberg und Gifhorn.","breadcrumb":{"@id":"https:\/\/lebenleben.de\/karriere\/unsere-unternehmensgruppe\/standorte\/#breadcrumb"},"inLanguage":"de","potentialAction":[{"@type":"ReadAction","target":["https:\/\/lebenleben.de\/karriere\/unsere-unternehmensgruppe\/standorte\/"]}]},{"@type":"ImageObject","inLanguage":"de","@id":"https:\/\/lebenleben.de\/karriere\/unsere-unternehmensgruppe\/standorte\/#primaryimage","url":"https:\/\/lebenleben.de\/karriere\/wp-content\/uploads\/sites\/2\/2024\/05\/ll_landkreise-1-768x652-1.jpg","contentUrl":"https:\/\/lebenleben.de\/karriere\/wp-content\/uploads\/sites\/2\/2024\/05\/ll_landkreise-1-768x652-1.jpg","width":768,"height":550},{"@type":"BreadcrumbList","@id":"https:\/\/lebenleben.de\/karriere\/unsere-unternehmensgruppe\/standorte\/#breadcrumb","itemListElement":[{"@type":"ListItem","position":1,"name":"Startseite","item":"https:\/\/lebenleben.de\/karriere\/"},{"@type":"ListItem","position":2,"name":"Unsere Unternehmensgruppe","item":"https:\/\/lebenleben.de\/karriere\/unsere-unternehmensgruppe\/"},{"@type":"ListItem","position":3,"name":"Standorte"}]},{"@type":"WebSite","@id":"https:\/\/lebenleben.de\/karriere\/#website","url":"https:\/\/lebenleben.de\/karriere\/","name":"Leben leben Karriere","description":"Jobs &amp; Stellenangebote","publisher":{"@id":"https:\/\/lebenleben.de\/karriere\/#organization"},"potentialAction":[{"@type":"SearchAction","target":{"@type":"EntryPoint","urlTemplate":"https:\/\/lebenleben.de\/karriere\/?s={search_term_string}"},"query-input":{"@type":"PropertyValueSpecification","valueRequired":true,"valueName":"search_term_string"}}],"inLanguage":"de"},{"@type":"Organization","@id":"https:\/\/lebenleben.de\/karriere\/#organization","name":"Leben leben Karriere","url":"https:\/\/lebenleben.de\/karriere\/","logo":{"@type":"ImageObject","inLanguage":"de","@id":"https:\/\/lebenleben.de\/karriere\/#\/schema\/logo\/image\/","url":"https:\/\/lebenleben.de\/karriere\/wp-content\/uploads\/sites\/2\/2021\/01\/ll_favicon-purple.png","contentUrl":"https:\/\/lebenleben.de\/karriere\/wp-content\/uploads\/sites\/2\/2021\/01\/ll_favicon-purple.png","width":501,"height":501,"caption":"Leben leben Karriere"},"image":{"@id":"https:\/\/lebenleben.de\/karriere\/#\/schema\/logo\/image\/"}}]}},"_links":{"self":[{"href":"https:\/\/lebenleben.de\/karriere\/wp-json\/wp\/v2\/pages\/13522","targetHints":{"allow":["GET"]}}],"collection":[{"href":"https:\/\/lebenleben.de\/karriere\/wp-json\/wp\/v2\/pages"}],"about":[{"href":"https:\/\/lebenleben.de\/karriere\/wp-json\/wp\/v2\/types\/page"}],"author":[{"embeddable":true,"href":"https:\/\/lebenleben.de\/karriere\/wp-json\/wp\/v2\/users\/1"}],"replies":[{"embeddable":true,"href":"https:\/\/lebenleben.de\/karriere\/wp-json\/wp\/v2\/comments?post=13522"}],"version-history":[{"count":5,"href":"https:\/\/lebenleben.de\/karriere\/wp-json\/wp\/v2\/pages\/13522\/revisions"}],"predecessor-version":[{"id":15277,"href":"https:\/\/lebenleben.de\/karriere\/wp-json\/wp\/v2\/pages\/13522\/revisions\/15277"}],"up":[{"embeddable":true,"href":"https:\/\/lebenleben.de\/karriere\/wp-json\/wp\/v2\/pages\/13517"}],"wp:featuredmedia":[{"embeddable":true,"href":"https:\/\/lebenleben.de\/karriere\/wp-json\/wp\/v2\/media\/15243"}],"wp:attachment":[{"href":"https:\/\/lebenleben.de\/karriere\/wp-json\/wp\/v2\/media?parent=13522"}],"curies":[{"name":"wp","href":"https:\/\/api.w.org\/{rel}","templated":true}]}}