{"id":13523,"date":"2020-05-18T11:24:39","date_gmt":"2020-05-18T09:24:39","guid":{"rendered":"http:\/\/lebenleben.de\/karriere\/?page_id=25"},"modified":"2024-05-30T14:49:13","modified_gmt":"2024-05-30T12:49:13","slug":"uelzen","status":"publish","type":"page","link":"https:\/\/lebenleben.de\/karriere\/unsere-unternehmensgruppe\/standorte\/uelzen\/","title":{"rendered":"Stadt und Landkreis Uelzen"},"content":{"rendered":"\n<div id=\"llimageslider-block_ffa15f67e2ef94043492ed5417635a11\" class=\"block-llimageslider llimageslider alignwide\">\n\n    \n\t\t<div class=\"llimageslider-slider\" data-slick='{\"autoplaySpeed\": 5000}'>\n\t\t\t\t\t\t\t<div class=\"single-slide-wrapper slide-1\">\n\t\t\t\t\t<img loading=\"lazy\" decoding=\"async\" width=\"1400\" height=\"440\" src=\"https:\/\/lebenleben.de\/karriere\/wp-content\/uploads\/sites\/2\/2024\/05\/ll_landkreise-1-1400x440-1.jpg\" class=\"single-slide-image slider-desktop-image\" alt=\"\" srcset=\"https:\/\/lebenleben.de\/karriere\/wp-content\/uploads\/sites\/2\/2024\/05\/ll_landkreise-1-1400x440-1.jpg 1400w, https:\/\/lebenleben.de\/karriere\/wp-content\/uploads\/sites\/2\/2024\/05\/ll_landkreise-1-1400x440-1-300x94.jpg 300w, https:\/\/lebenleben.de\/karriere\/wp-content\/uploads\/sites\/2\/2024\/05\/ll_landkreise-1-1400x440-1-1024x322.jpg 1024w, https:\/\/lebenleben.de\/karriere\/wp-content\/uploads\/sites\/2\/2024\/05\/ll_landkreise-1-1400x440-1-768x241.jpg 768w\" sizes=\"auto, (max-width: 1400px) 100vw, 1400px\" \/>          <img loading=\"lazy\" decoding=\"async\" width=\"1000\" height=\"314\" src=\"https:\/\/lebenleben.de\/karriere\/wp-content\/uploads\/sites\/2\/2024\/05\/ll_landkreise-1-1400x440-1-1024x322.jpg\" class=\"single-slide-image slider-mobile-image\" alt=\"\" srcset=\"https:\/\/lebenleben.de\/karriere\/wp-content\/uploads\/sites\/2\/2024\/05\/ll_landkreise-1-1400x440-1-1024x322.jpg 1024w, https:\/\/lebenleben.de\/karriere\/wp-content\/uploads\/sites\/2\/2024\/05\/ll_landkreise-1-1400x440-1-300x94.jpg 300w, https:\/\/lebenleben.de\/karriere\/wp-content\/uploads\/sites\/2\/2024\/05\/ll_landkreise-1-1400x440-1-768x241.jpg 768w, https:\/\/lebenleben.de\/karriere\/wp-content\/uploads\/sites\/2\/2024\/05\/ll_landkreise-1-1400x440-1.jpg 1400w\" sizes=\"auto, (max-width: 1000px) 100vw, 1000px\" \/>\n                    <div class=\"single-slide-text\">\n          <h2>Stadt und Landkreis Uelzen<\/h2>                  <\/div>\n        \n\t\t\t\t<\/div>\n\t\t\t\t\t<\/div>\n\t  <script>\n    jQuery(document).ready(function() {\n        jQuery('.llimageslider-slider').slick({\n          dots: true,\n          infinite: true,\n          speed: 1000,\n          autoplay: true,\n          adaptiveHeight: true,\n          slidesToShow: 1,\n          fade: true,\n          focusOnSelect: true\n        });\n    });\n    <\/script>\n<\/div>\n\n\n\n<p>Die 35.000 Einwohner z\u00e4hlende Stadt nebst Landkreis liegt mitten in der L\u00fcneburger Heide. Der Charme und die Vorteile einer Kleinstadt machen Uelzen aus. Dazu geh\u00f6ren zahlreiche Shoppingm\u00f6glichkeiten, eine gewachsene Kunst- und Kulturszene mit Theater und Schauspielhaus, Freizeiteinrichtungen, Freibad und Hallenbad, alle Schulformen sowie die nahe Anbindung an die Universit\u00e4t in L\u00fcneburg und die Hochschule in Suderburg. Der bezahlbare Wohnraum im Speckg\u00fcrtel von Hamburg macht Uelzen nicht zuletzt f\u00fcr junge Familien zu einem attraktiven Wohn- und Arbeitsort.<\/p>\n\n\n\n<p>Unsere Firmenzentrale liegt etwas au\u00dferhalb des Stadtzentrums im Gewerbegebiet Am Funkturm und ist in gut 20 Gehminuten oder in 10 Minuten per Bus erreichbar. Hier finden Sie neben unserer Hauptverwaltung auch unsere Stiftung und unsere <a href=\"http:\/\/www.lebenleben.de\/arbeit-produktion\">Werkstatt f\u00fcr Menschen mit Behinderung<\/a>. Die zur Werkstatt geh\u00f6rende <a href=\"https:\/\/lebenleben.de\/arbeit-produktion\/fuer-privatkunden\/fahrzeugpflege\/\">Fahrzeugpflege<\/a> sowie unsere Dienstleister f\u00fcr Personenbef\u00f6rderung und Geb\u00e4udetechnik liegen in der benachbarten Hansestra\u00dfe.<\/p>\n\n\n\n<p>Zentrumsnah, in der Von-Estorff-Stra\u00dfe, finden Sie unseren gro\u00dfen <a href=\"http:\/\/www.lebenleben.de\/kinder-jugend\">Kinder- und Jugendbereich <\/a>mit der Kita Wunderland, unseren Heilp\u00e4dagogischen und unseren Spracheilkindergarten des Wunderlands sowie die Loewenwaldschule. In direkter Nachbarschaft liegt unser <a href=\"https:\/\/lebenleben.de\/therapiezentrum\/\">Therapiezentrum<\/a> mit Angeboten aus dem Bereich der Ergo- und Logop\u00e4die sowie der Physiotherapie. Ebenfalls zentral, in einem Neubau in der Veer\u00dfer Str. 58, sind verschiedene Fachbereiche der ambulanten Kinder- und Jugendhilfe angesiedelt. Unsere <a href=\"https:\/\/lebenleben.de\/spektral\/\">Autismusambulanz<\/a> hat im Herbst 2023 neue R\u00e4ume im Drei Linden, in der Dieterichsstra\u00dfe 1, Uelzen, beogen.<\/p>\n\n\n\n<p>Ebenfalls in der Stadtmitte beheimatet ist unser <a href=\"http:\/\/www.lebenleben.de\/mvz\">Medizinisches Versorgungszentrum<\/a> (MVZ) mit den Fachbereichen Kinder- und Jugendmedizin, Allgemeinmedizin, Neurologie, Psychotherapie, Psychologie und Psychiatrie. Alle Praxen unseres MVZ liegen in der Ripdorfer Stra\u00dfe \u2013 ausgenommen die Praxis f\u00fcr Neurologie. Deren R\u00e4ume befinden sich in der Bahnhofstra\u00dfe 6, direkt gegen\u00fcber dem Kinocenter. Im Verlaufe des ersten Halbjahres 2024 wird ein Gro\u00dfteil der Fachbereiche neue Praxisr\u00e4ume im Drei Linden beziehen. <\/p>\n\n\n\n<p>Auch die Uelzener <a href=\"http:\/\/www.lebenleben.de\/wohnen\">Wohngruppen und Wohngemeinschaften<\/a> f\u00fcr erwachsene Menschen mit Behinderung liegen innenstadtnah. Eine station\u00e4re Wohneinrichtung, unser Wohnen am M\u00fchlenteich, finden Sie ca. 8 km von Uelzen entfernt, in Ebstorf.<\/p>\n\n\n\n<p>Noch ein Tipp in eigener Sache: Einen Besuch im<a href=\"http:\/\/www.samocca-uelzen.de\"> Caf\u00e9 Hansemocca <\/a>sollten Sie nicht verpassen. Im Alten Rathaus am Eingang der Fu\u00dfg\u00e4ngerzone erwartet Sie ein Kaffeehaus mit besonderen Spezialit\u00e4ten und herzlicher Atmosph\u00e4re. Das Integrationscaf\u00e9 wird seit 2014 von uns gef\u00fchrt und ist ein leuchtendes Beispiel f\u00fcr gelebte Inklusion.<\/p>\n\n\n\n<div style=\"height:50px\" aria-hidden=\"true\" class=\"wp-block-spacer\"><\/div>\n","protected":false},"excerpt":{"rendered":"<p>Wohnen und Arbeiten &#8211; direkt in der Hansestadt Uelzen oder im nahen Umland. Als Verkehrsknotenpunkt der Nord-S\u00fcd-Achse Hamburg &#8211; Hannover und der Ost-West-Achse Bremen &#8211; Berlin ist Uelzen in zentraler Lage offen nach allen Richtungen.<\/p>\n","protected":false},"author":1,"featured_media":13136,"parent":13522,"menu_order":10,"comment_status":"closed","ping_status":"closed","template":"page-templates\/page-fullscreen.php","meta":{"_acf_changed":false,"footnotes":""},"class_list":["post-13523","page","type-page","status-publish","has-post-thumbnail","hentry"],"acf":[],"yoast_head":"<!-- This site is optimized with the Yoast SEO plugin v27.3 - https:\/\/yoast.com\/product\/yoast-seo-wordpress\/ -->\n<title>Stadt und Landkreis Uelzen - Leben leben Karriere<\/title>\n<meta name=\"robots\" content=\"index, follow, max-snippet:-1, max-image-preview:large, max-video-preview:-1\" \/>\n<link rel=\"canonical\" href=\"https:\/\/lebenleben.de\/karriere\/unsere-unternehmensgruppe\/standorte\/uelzen\/\" \/>\n<meta property=\"og:locale\" content=\"de_DE\" \/>\n<meta property=\"og:type\" content=\"article\" \/>\n<meta property=\"og:title\" content=\"Stadt und Landkreis Uelzen - Leben leben Karriere\" \/>\n<meta property=\"og:description\" content=\"Wohnen und Arbeiten - direkt in der Hansestadt Uelzen oder im nahen Umland. Als Verkehrsknotenpunkt der Nord-S\u00fcd-Achse Hamburg - Hannover und der Ost-West-Achse Bremen - Berlin ist Uelzen in zentraler Lage offen nach allen Richtungen.\" \/>\n<meta property=\"og:url\" content=\"https:\/\/lebenleben.de\/karriere\/unsere-unternehmensgruppe\/standorte\/uelzen\/\" \/>\n<meta property=\"og:site_name\" content=\"Leben leben Karriere\" \/>\n<meta property=\"article:modified_time\" content=\"2024-05-30T12:49:13+00:00\" \/>\n<meta property=\"og:image\" content=\"https:\/\/lebenleben.de\/karriere\/wp-content\/uploads\/sites\/2\/2020\/10\/Uelzen_onlinestreet.de_-1.png\" \/>\n\t<meta property=\"og:image:width\" content=\"279\" \/>\n\t<meta property=\"og:image:height\" content=\"181\" \/>\n\t<meta property=\"og:image:type\" content=\"image\/png\" \/>\n<meta name=\"twitter:card\" content=\"summary_large_image\" \/>\n<meta name=\"twitter:label1\" content=\"Gesch\u00e4tzte Lesezeit\" \/>\n\t<meta name=\"twitter:data1\" content=\"3\u00a0Minuten\" \/>\n<script type=\"application\/ld+json\" class=\"yoast-schema-graph\">{\"@context\":\"https:\\\/\\\/schema.org\",\"@graph\":[{\"@type\":\"WebPage\",\"@id\":\"https:\\\/\\\/lebenleben.de\\\/karriere\\\/unsere-unternehmensgruppe\\\/standorte\\\/uelzen\\\/\",\"url\":\"https:\\\/\\\/lebenleben.de\\\/karriere\\\/unsere-unternehmensgruppe\\\/standorte\\\/uelzen\\\/\",\"name\":\"Stadt und Landkreis Uelzen - Leben leben Karriere\",\"isPartOf\":{\"@id\":\"https:\\\/\\\/lebenleben.de\\\/karriere\\\/#website\"},\"primaryImageOfPage\":{\"@id\":\"https:\\\/\\\/lebenleben.de\\\/karriere\\\/unsere-unternehmensgruppe\\\/standorte\\\/uelzen\\\/#primaryimage\"},\"image\":{\"@id\":\"https:\\\/\\\/lebenleben.de\\\/karriere\\\/unsere-unternehmensgruppe\\\/standorte\\\/uelzen\\\/#primaryimage\"},\"thumbnailUrl\":\"https:\\\/\\\/lebenleben.de\\\/karriere\\\/wp-content\\\/uploads\\\/sites\\\/2\\\/2020\\\/10\\\/Uelzen_onlinestreet.de_-1.png\",\"datePublished\":\"2020-05-18T09:24:39+00:00\",\"dateModified\":\"2024-05-30T12:49:13+00:00\",\"breadcrumb\":{\"@id\":\"https:\\\/\\\/lebenleben.de\\\/karriere\\\/unsere-unternehmensgruppe\\\/standorte\\\/uelzen\\\/#breadcrumb\"},\"inLanguage\":\"de\",\"potentialAction\":[{\"@type\":\"ReadAction\",\"target\":[\"https:\\\/\\\/lebenleben.de\\\/karriere\\\/unsere-unternehmensgruppe\\\/standorte\\\/uelzen\\\/\"]}]},{\"@type\":\"ImageObject\",\"inLanguage\":\"de\",\"@id\":\"https:\\\/\\\/lebenleben.de\\\/karriere\\\/unsere-unternehmensgruppe\\\/standorte\\\/uelzen\\\/#primaryimage\",\"url\":\"https:\\\/\\\/lebenleben.de\\\/karriere\\\/wp-content\\\/uploads\\\/sites\\\/2\\\/2020\\\/10\\\/Uelzen_onlinestreet.de_-1.png\",\"contentUrl\":\"https:\\\/\\\/lebenleben.de\\\/karriere\\\/wp-content\\\/uploads\\\/sites\\\/2\\\/2020\\\/10\\\/Uelzen_onlinestreet.de_-1.png\",\"width\":279,\"height\":181},{\"@type\":\"BreadcrumbList\",\"@id\":\"https:\\\/\\\/lebenleben.de\\\/karriere\\\/unsere-unternehmensgruppe\\\/standorte\\\/uelzen\\\/#breadcrumb\",\"itemListElement\":[{\"@type\":\"ListItem\",\"position\":1,\"name\":\"Startseite\",\"item\":\"https:\\\/\\\/lebenleben.de\\\/karriere\\\/\"},{\"@type\":\"ListItem\",\"position\":2,\"name\":\"Unsere Unternehmensgruppe\",\"item\":\"https:\\\/\\\/lebenleben.de\\\/karriere\\\/unsere-unternehmensgruppe\\\/\"},{\"@type\":\"ListItem\",\"position\":3,\"name\":\"Standorte\",\"item\":\"https:\\\/\\\/lebenleben.de\\\/karriere\\\/unsere-unternehmensgruppe\\\/standorte\\\/\"},{\"@type\":\"ListItem\",\"position\":4,\"name\":\"Stadt und Landkreis Uelzen\"}]},{\"@type\":\"WebSite\",\"@id\":\"https:\\\/\\\/lebenleben.de\\\/karriere\\\/#website\",\"url\":\"https:\\\/\\\/lebenleben.de\\\/karriere\\\/\",\"name\":\"Leben leben Karriere\",\"description\":\"Jobs &amp; Stellenangebote\",\"publisher\":{\"@id\":\"https:\\\/\\\/lebenleben.de\\\/karriere\\\/#organization\"},\"potentialAction\":[{\"@type\":\"SearchAction\",\"target\":{\"@type\":\"EntryPoint\",\"urlTemplate\":\"https:\\\/\\\/lebenleben.de\\\/karriere\\\/?s={search_term_string}\"},\"query-input\":{\"@type\":\"PropertyValueSpecification\",\"valueRequired\":true,\"valueName\":\"search_term_string\"}}],\"inLanguage\":\"de\"},{\"@type\":\"Organization\",\"@id\":\"https:\\\/\\\/lebenleben.de\\\/karriere\\\/#organization\",\"name\":\"Leben leben Karriere\",\"url\":\"https:\\\/\\\/lebenleben.de\\\/karriere\\\/\",\"logo\":{\"@type\":\"ImageObject\",\"inLanguage\":\"de\",\"@id\":\"https:\\\/\\\/lebenleben.de\\\/karriere\\\/#\\\/schema\\\/logo\\\/image\\\/\",\"url\":\"https:\\\/\\\/lebenleben.de\\\/karriere\\\/wp-content\\\/uploads\\\/sites\\\/2\\\/2021\\\/01\\\/ll_favicon-purple.png\",\"contentUrl\":\"https:\\\/\\\/lebenleben.de\\\/karriere\\\/wp-content\\\/uploads\\\/sites\\\/2\\\/2021\\\/01\\\/ll_favicon-purple.png\",\"width\":501,\"height\":501,\"caption\":\"Leben leben Karriere\"},\"image\":{\"@id\":\"https:\\\/\\\/lebenleben.de\\\/karriere\\\/#\\\/schema\\\/logo\\\/image\\\/\"}}]}<\/script>\n<!-- \/ Yoast SEO plugin. -->","yoast_head_json":{"title":"Stadt und Landkreis Uelzen - Leben leben Karriere","robots":{"index":"index","follow":"follow","max-snippet":"max-snippet:-1","max-image-preview":"max-image-preview:large","max-video-preview":"max-video-preview:-1"},"canonical":"https:\/\/lebenleben.de\/karriere\/unsere-unternehmensgruppe\/standorte\/uelzen\/","og_locale":"de_DE","og_type":"article","og_title":"Stadt und Landkreis Uelzen - Leben leben Karriere","og_description":"Wohnen und Arbeiten - direkt in der Hansestadt Uelzen oder im nahen Umland. Als Verkehrsknotenpunkt der Nord-S\u00fcd-Achse Hamburg - Hannover und der Ost-West-Achse Bremen - Berlin ist Uelzen in zentraler Lage offen nach allen Richtungen.","og_url":"https:\/\/lebenleben.de\/karriere\/unsere-unternehmensgruppe\/standorte\/uelzen\/","og_site_name":"Leben leben Karriere","article_modified_time":"2024-05-30T12:49:13+00:00","og_image":[{"width":279,"height":181,"url":"https:\/\/lebenleben.de\/karriere\/wp-content\/uploads\/sites\/2\/2020\/10\/Uelzen_onlinestreet.de_-1.png","type":"image\/png"}],"twitter_card":"summary_large_image","twitter_misc":{"Gesch\u00e4tzte Lesezeit":"3\u00a0Minuten"},"schema":{"@context":"https:\/\/schema.org","@graph":[{"@type":"WebPage","@id":"https:\/\/lebenleben.de\/karriere\/unsere-unternehmensgruppe\/standorte\/uelzen\/","url":"https:\/\/lebenleben.de\/karriere\/unsere-unternehmensgruppe\/standorte\/uelzen\/","name":"Stadt und Landkreis Uelzen - Leben leben Karriere","isPartOf":{"@id":"https:\/\/lebenleben.de\/karriere\/#website"},"primaryImageOfPage":{"@id":"https:\/\/lebenleben.de\/karriere\/unsere-unternehmensgruppe\/standorte\/uelzen\/#primaryimage"},"image":{"@id":"https:\/\/lebenleben.de\/karriere\/unsere-unternehmensgruppe\/standorte\/uelzen\/#primaryimage"},"thumbnailUrl":"https:\/\/lebenleben.de\/karriere\/wp-content\/uploads\/sites\/2\/2020\/10\/Uelzen_onlinestreet.de_-1.png","datePublished":"2020-05-18T09:24:39+00:00","dateModified":"2024-05-30T12:49:13+00:00","breadcrumb":{"@id":"https:\/\/lebenleben.de\/karriere\/unsere-unternehmensgruppe\/standorte\/uelzen\/#breadcrumb"},"inLanguage":"de","potentialAction":[{"@type":"ReadAction","target":["https:\/\/lebenleben.de\/karriere\/unsere-unternehmensgruppe\/standorte\/uelzen\/"]}]},{"@type":"ImageObject","inLanguage":"de","@id":"https:\/\/lebenleben.de\/karriere\/unsere-unternehmensgruppe\/standorte\/uelzen\/#primaryimage","url":"https:\/\/lebenleben.de\/karriere\/wp-content\/uploads\/sites\/2\/2020\/10\/Uelzen_onlinestreet.de_-1.png","contentUrl":"https:\/\/lebenleben.de\/karriere\/wp-content\/uploads\/sites\/2\/2020\/10\/Uelzen_onlinestreet.de_-1.png","width":279,"height":181},{"@type":"BreadcrumbList","@id":"https:\/\/lebenleben.de\/karriere\/unsere-unternehmensgruppe\/standorte\/uelzen\/#breadcrumb","itemListElement":[{"@type":"ListItem","position":1,"name":"Startseite","item":"https:\/\/lebenleben.de\/karriere\/"},{"@type":"ListItem","position":2,"name":"Unsere Unternehmensgruppe","item":"https:\/\/lebenleben.de\/karriere\/unsere-unternehmensgruppe\/"},{"@type":"ListItem","position":3,"name":"Standorte","item":"https:\/\/lebenleben.de\/karriere\/unsere-unternehmensgruppe\/standorte\/"},{"@type":"ListItem","position":4,"name":"Stadt und Landkreis Uelzen"}]},{"@type":"WebSite","@id":"https:\/\/lebenleben.de\/karriere\/#website","url":"https:\/\/lebenleben.de\/karriere\/","name":"Leben leben Karriere","description":"Jobs &amp; Stellenangebote","publisher":{"@id":"https:\/\/lebenleben.de\/karriere\/#organization"},"potentialAction":[{"@type":"SearchAction","target":{"@type":"EntryPoint","urlTemplate":"https:\/\/lebenleben.de\/karriere\/?s={search_term_string}"},"query-input":{"@type":"PropertyValueSpecification","valueRequired":true,"valueName":"search_term_string"}}],"inLanguage":"de"},{"@type":"Organization","@id":"https:\/\/lebenleben.de\/karriere\/#organization","name":"Leben leben Karriere","url":"https:\/\/lebenleben.de\/karriere\/","logo":{"@type":"ImageObject","inLanguage":"de","@id":"https:\/\/lebenleben.de\/karriere\/#\/schema\/logo\/image\/","url":"https:\/\/lebenleben.de\/karriere\/wp-content\/uploads\/sites\/2\/2021\/01\/ll_favicon-purple.png","contentUrl":"https:\/\/lebenleben.de\/karriere\/wp-content\/uploads\/sites\/2\/2021\/01\/ll_favicon-purple.png","width":501,"height":501,"caption":"Leben leben Karriere"},"image":{"@id":"https:\/\/lebenleben.de\/karriere\/#\/schema\/logo\/image\/"}}]}},"_links":{"self":[{"href":"https:\/\/lebenleben.de\/karriere\/wp-json\/wp\/v2\/pages\/13523","targetHints":{"allow":["GET"]}}],"collection":[{"href":"https:\/\/lebenleben.de\/karriere\/wp-json\/wp\/v2\/pages"}],"about":[{"href":"https:\/\/lebenleben.de\/karriere\/wp-json\/wp\/v2\/types\/page"}],"author":[{"embeddable":true,"href":"https:\/\/lebenleben.de\/karriere\/wp-json\/wp\/v2\/users\/1"}],"replies":[{"embeddable":true,"href":"https:\/\/lebenleben.de\/karriere\/wp-json\/wp\/v2\/comments?post=13523"}],"version-history":[{"count":10,"href":"https:\/\/lebenleben.de\/karriere\/wp-json\/wp\/v2\/pages\/13523\/revisions"}],"predecessor-version":[{"id":15281,"href":"https:\/\/lebenleben.de\/karriere\/wp-json\/wp\/v2\/pages\/13523\/revisions\/15281"}],"up":[{"embeddable":true,"href":"https:\/\/lebenleben.de\/karriere\/wp-json\/wp\/v2\/pages\/13522"}],"wp:featuredmedia":[{"embeddable":true,"href":"https:\/\/lebenleben.de\/karriere\/wp-json\/wp\/v2\/media\/13136"}],"wp:attachment":[{"href":"https:\/\/lebenleben.de\/karriere\/wp-json\/wp\/v2\/media?parent=13523"}],"curies":[{"name":"wp","href":"https:\/\/api.w.org\/{rel}","templated":true}]}}