{"id":13524,"date":"2020-05-18T11:24:53","date_gmt":"2020-05-18T09:24:53","guid":{"rendered":"http:\/\/lebenleben.de\/karriere\/?page_id=27"},"modified":"2025-09-04T11:38:47","modified_gmt":"2025-09-04T09:38:47","slug":"dannenberg","status":"publish","type":"page","link":"https:\/\/lebenleben.de\/karriere\/unsere-unternehmensgruppe\/standorte\/dannenberg\/","title":{"rendered":"Stadt und Landkreis Dannenberg"},"content":{"rendered":"\n<div id=\"llimageslider-block_3ddd2b024f657749764ceec8588ec2cc\" class=\"block-llimageslider llimageslider alignwide\">\n\n    \n\t\t<div class=\"llimageslider-slider\" data-slick='{\"autoplaySpeed\": 5000}'>\n\t\t\t\t\t\t\t<div class=\"single-slide-wrapper slide-1\">\n\t\t\t\t\t<img loading=\"lazy\" decoding=\"async\" width=\"1400\" height=\"440\" src=\"https:\/\/lebenleben.de\/karriere\/wp-content\/uploads\/sites\/2\/2024\/05\/ll_landkreise-1-1400x440-1.jpg\" class=\"single-slide-image slider-desktop-image\" alt=\"\" srcset=\"https:\/\/lebenleben.de\/karriere\/wp-content\/uploads\/sites\/2\/2024\/05\/ll_landkreise-1-1400x440-1.jpg 1400w, https:\/\/lebenleben.de\/karriere\/wp-content\/uploads\/sites\/2\/2024\/05\/ll_landkreise-1-1400x440-1-300x94.jpg 300w, https:\/\/lebenleben.de\/karriere\/wp-content\/uploads\/sites\/2\/2024\/05\/ll_landkreise-1-1400x440-1-1024x322.jpg 1024w, https:\/\/lebenleben.de\/karriere\/wp-content\/uploads\/sites\/2\/2024\/05\/ll_landkreise-1-1400x440-1-768x241.jpg 768w\" sizes=\"auto, (max-width: 1400px) 100vw, 1400px\" \/>          <img loading=\"lazy\" decoding=\"async\" width=\"1000\" height=\"314\" src=\"https:\/\/lebenleben.de\/karriere\/wp-content\/uploads\/sites\/2\/2024\/05\/ll_landkreise-1-1400x440-1-1024x322.jpg\" class=\"single-slide-image slider-mobile-image\" alt=\"\" srcset=\"https:\/\/lebenleben.de\/karriere\/wp-content\/uploads\/sites\/2\/2024\/05\/ll_landkreise-1-1400x440-1-1024x322.jpg 1024w, https:\/\/lebenleben.de\/karriere\/wp-content\/uploads\/sites\/2\/2024\/05\/ll_landkreise-1-1400x440-1-300x94.jpg 300w, https:\/\/lebenleben.de\/karriere\/wp-content\/uploads\/sites\/2\/2024\/05\/ll_landkreise-1-1400x440-1-768x241.jpg 768w, https:\/\/lebenleben.de\/karriere\/wp-content\/uploads\/sites\/2\/2024\/05\/ll_landkreise-1-1400x440-1.jpg 1400w\" sizes=\"auto, (max-width: 1000px) 100vw, 1000px\" \/>\n                    <div class=\"single-slide-text\">\n          <h2>Stadt und Landkreis Dannenberg<\/h2>                  <\/div>\n        \n\t\t\t\t<\/div>\n\t\t\t\t\t<\/div>\n\t  <script>\n    jQuery(document).ready(function() {\n        jQuery('.llimageslider-slider').slick({\n          dots: true,\n          infinite: true,\n          speed: 1000,\n          autoplay: true,\n          adaptiveHeight: true,\n          slidesToShow: 1,\n          fade: true,\n          focusOnSelect: true\n        });\n    });\n    <\/script>\n<\/div>\n\n\n\n<p>Die Kleinstadt Dannenberg mit gut 8500 Einwohnern liegt in der Samtgemeinde Elbtalaue des Landkreises L\u00fcchow-Dannenberg. Eingebettet in die l\u00e4ndliche Idylle des Wendlands und zur Metropolregion Hamburg geh\u00f6rend bieten Stadt und Landkreis Dannenberg den perfekten Mix f\u00fcr alle, die gern in beschaulicher L\u00e4ndlichkeit, aber nicht v\u00f6llig abgeschieden leben m\u00f6chten. Die Kunst- und Kulturszene des Wendlands ist \u00fcber die Kreisgrenzen bekannt und j\u00e4hrlich Ausrichter der Kulturellen Landpartie. Dannenberg besitzt neben vielen Einkaufsm\u00f6glichkeiten und Freizeiteinrichtungen, ein Stadtbad, das Elbe-Jeetzel-Klinikum, Sportvereine und Schulen aller Schulformen, und Hannover und Hamburg sind in jeweils gut 60 Minuten mit dem Auto zu erreichen.<\/p>\n\n\n\n<p>Unsere Werkstatt f\u00fcr Menschen mit Behinderung (<a href=\"http:\/\/www.lebenleben.de\/arbeit-produktion\">WfbM<\/a>) sowie unsere station\u00e4re <a href=\"http:\/\/www.lebenleben.de\/wohnen\/jeetzeldeich\">Wohneinrichtung Am Jeetzeldeich<\/a> liegen am Stadtrand von Dannenberg in der Hermann-L\u00f6ns-Stra\u00dfe, gut 10 Autominuten vom Zentrum entfernt. Am gegen\u00fcberliegenden Ende der Stadt finden Sie Am Querdeich unsere <a href=\"https:\/\/lebenleben.de\/wunderland\/wunderland-dannenberg\/kindertagesstaette-kita-dannenberg\/\">Kita Wunderland<\/a> \u2013 direkt gegen\u00fcber dem Fritz-Reuter-Gymnasium. Die dortige Schulkantine wird von uns betrieben und ist offizieller Teil unserer WfbM.<\/p>\n\n\n\n<p>Ein paar Kilometer in westlicher Richtung entfernt, befindet sich in der L\u00fcneburger Stra\u00dfe die <a href=\"http:\/\/www.lebenleben.de\/integra\">Integra<\/a>, eine Fachwerkstatt f\u00fcr Menschen mit einer seelischen Beeintr\u00e4chtigung. Das Integrageb\u00e4ude ist zentraler Anlaufpunkt f\u00fcr unsere Kunden der Holzmanufaktur, des Elektroreycling und der digitalen Aktenverarbeitung.<\/p>\n\n\n\n<p>Dar\u00fcber hinaus f\u00fchren wir verschiedene <a href=\"http:\/\/www.lebenleben.de\/wohnen\">Wohneinrichtungen<\/a> f\u00fcr erwachsene Menschen mit Behinderung in Dannenberg&nbsp;\u2013 zentrumsnah am M\u00fchlentor sowie am Stadtrand im Birkenweg.<\/p>\n\n\n\n<div style=\"height:50px\" aria-hidden=\"true\" class=\"wp-block-spacer\"><\/div>\n","protected":false},"excerpt":{"rendered":"<p>Leben und Arbeiten in Dannenberg hei\u00dft:  Leben in einer Kleinstadt &#8211; eingebettet in die l\u00e4ndliche Idylle des Wendlandes und arbeiten in einem innovativ ausgerichteten Landkreis!<\/p>\n","protected":false},"author":1,"featured_media":13250,"parent":13522,"menu_order":20,"comment_status":"closed","ping_status":"closed","template":"page-templates\/page-fullscreen.php","meta":{"_acf_changed":false,"footnotes":""},"class_list":["post-13524","page","type-page","status-publish","has-post-thumbnail","hentry"],"acf":[],"yoast_head":"<!-- This site is optimized with the Yoast SEO plugin v27.3 - https:\/\/yoast.com\/product\/yoast-seo-wordpress\/ -->\n<title>Stadt und Landkreis Dannenberg - Leben leben Karriere<\/title>\n<meta name=\"robots\" content=\"index, follow, max-snippet:-1, max-image-preview:large, max-video-preview:-1\" \/>\n<link rel=\"canonical\" href=\"https:\/\/lebenleben.de\/karriere\/unsere-unternehmensgruppe\/standorte\/dannenberg\/\" \/>\n<meta property=\"og:locale\" content=\"de_DE\" \/>\n<meta property=\"og:type\" content=\"article\" \/>\n<meta property=\"og:title\" content=\"Stadt und Landkreis Dannenberg - Leben leben Karriere\" \/>\n<meta property=\"og:description\" content=\"Leben und Arbeiten in Dannenberg hei\u00dft: Leben in einer Kleinstadt - eingebettet in die l\u00e4ndliche Idylle des Wendlandes und arbeiten in einem innovativ ausgerichteten Landkreis!\" \/>\n<meta property=\"og:url\" content=\"https:\/\/lebenleben.de\/karriere\/unsere-unternehmensgruppe\/standorte\/dannenberg\/\" \/>\n<meta property=\"og:site_name\" content=\"Leben leben Karriere\" \/>\n<meta property=\"article:modified_time\" content=\"2025-09-04T09:38:47+00:00\" \/>\n<meta property=\"og:image\" content=\"https:\/\/lebenleben.de\/karriere\/wp-content\/uploads\/sites\/2\/2020\/11\/Dannenberg-Ortsschild-1.png\" \/>\n\t<meta property=\"og:image:width\" content=\"279\" \/>\n\t<meta property=\"og:image:height\" content=\"181\" \/>\n\t<meta property=\"og:image:type\" content=\"image\/png\" \/>\n<meta name=\"twitter:card\" content=\"summary_large_image\" \/>\n<meta name=\"twitter:label1\" content=\"Gesch\u00e4tzte Lesezeit\" \/>\n\t<meta name=\"twitter:data1\" content=\"2\u00a0Minuten\" \/>\n<script type=\"application\/ld+json\" class=\"yoast-schema-graph\">{\"@context\":\"https:\\\/\\\/schema.org\",\"@graph\":[{\"@type\":\"WebPage\",\"@id\":\"https:\\\/\\\/lebenleben.de\\\/karriere\\\/unsere-unternehmensgruppe\\\/standorte\\\/dannenberg\\\/\",\"url\":\"https:\\\/\\\/lebenleben.de\\\/karriere\\\/unsere-unternehmensgruppe\\\/standorte\\\/dannenberg\\\/\",\"name\":\"Stadt und Landkreis Dannenberg - Leben leben Karriere\",\"isPartOf\":{\"@id\":\"https:\\\/\\\/lebenleben.de\\\/karriere\\\/#website\"},\"primaryImageOfPage\":{\"@id\":\"https:\\\/\\\/lebenleben.de\\\/karriere\\\/unsere-unternehmensgruppe\\\/standorte\\\/dannenberg\\\/#primaryimage\"},\"image\":{\"@id\":\"https:\\\/\\\/lebenleben.de\\\/karriere\\\/unsere-unternehmensgruppe\\\/standorte\\\/dannenberg\\\/#primaryimage\"},\"thumbnailUrl\":\"https:\\\/\\\/lebenleben.de\\\/karriere\\\/wp-content\\\/uploads\\\/sites\\\/2\\\/2020\\\/11\\\/Dannenberg-Ortsschild-1.png\",\"datePublished\":\"2020-05-18T09:24:53+00:00\",\"dateModified\":\"2025-09-04T09:38:47+00:00\",\"breadcrumb\":{\"@id\":\"https:\\\/\\\/lebenleben.de\\\/karriere\\\/unsere-unternehmensgruppe\\\/standorte\\\/dannenberg\\\/#breadcrumb\"},\"inLanguage\":\"de\",\"potentialAction\":[{\"@type\":\"ReadAction\",\"target\":[\"https:\\\/\\\/lebenleben.de\\\/karriere\\\/unsere-unternehmensgruppe\\\/standorte\\\/dannenberg\\\/\"]}]},{\"@type\":\"ImageObject\",\"inLanguage\":\"de\",\"@id\":\"https:\\\/\\\/lebenleben.de\\\/karriere\\\/unsere-unternehmensgruppe\\\/standorte\\\/dannenberg\\\/#primaryimage\",\"url\":\"https:\\\/\\\/lebenleben.de\\\/karriere\\\/wp-content\\\/uploads\\\/sites\\\/2\\\/2020\\\/11\\\/Dannenberg-Ortsschild-1.png\",\"contentUrl\":\"https:\\\/\\\/lebenleben.de\\\/karriere\\\/wp-content\\\/uploads\\\/sites\\\/2\\\/2020\\\/11\\\/Dannenberg-Ortsschild-1.png\",\"width\":279,\"height\":181},{\"@type\":\"BreadcrumbList\",\"@id\":\"https:\\\/\\\/lebenleben.de\\\/karriere\\\/unsere-unternehmensgruppe\\\/standorte\\\/dannenberg\\\/#breadcrumb\",\"itemListElement\":[{\"@type\":\"ListItem\",\"position\":1,\"name\":\"Startseite\",\"item\":\"https:\\\/\\\/lebenleben.de\\\/karriere\\\/\"},{\"@type\":\"ListItem\",\"position\":2,\"name\":\"Unsere Unternehmensgruppe\",\"item\":\"https:\\\/\\\/lebenleben.de\\\/karriere\\\/unsere-unternehmensgruppe\\\/\"},{\"@type\":\"ListItem\",\"position\":3,\"name\":\"Standorte\",\"item\":\"https:\\\/\\\/lebenleben.de\\\/karriere\\\/unsere-unternehmensgruppe\\\/standorte\\\/\"},{\"@type\":\"ListItem\",\"position\":4,\"name\":\"Stadt und Landkreis Dannenberg\"}]},{\"@type\":\"WebSite\",\"@id\":\"https:\\\/\\\/lebenleben.de\\\/karriere\\\/#website\",\"url\":\"https:\\\/\\\/lebenleben.de\\\/karriere\\\/\",\"name\":\"Leben leben Karriere\",\"description\":\"Jobs &amp; Stellenangebote\",\"publisher\":{\"@id\":\"https:\\\/\\\/lebenleben.de\\\/karriere\\\/#organization\"},\"potentialAction\":[{\"@type\":\"SearchAction\",\"target\":{\"@type\":\"EntryPoint\",\"urlTemplate\":\"https:\\\/\\\/lebenleben.de\\\/karriere\\\/?s={search_term_string}\"},\"query-input\":{\"@type\":\"PropertyValueSpecification\",\"valueRequired\":true,\"valueName\":\"search_term_string\"}}],\"inLanguage\":\"de\"},{\"@type\":\"Organization\",\"@id\":\"https:\\\/\\\/lebenleben.de\\\/karriere\\\/#organization\",\"name\":\"Leben leben Karriere\",\"url\":\"https:\\\/\\\/lebenleben.de\\\/karriere\\\/\",\"logo\":{\"@type\":\"ImageObject\",\"inLanguage\":\"de\",\"@id\":\"https:\\\/\\\/lebenleben.de\\\/karriere\\\/#\\\/schema\\\/logo\\\/image\\\/\",\"url\":\"https:\\\/\\\/lebenleben.de\\\/karriere\\\/wp-content\\\/uploads\\\/sites\\\/2\\\/2021\\\/01\\\/ll_favicon-purple.png\",\"contentUrl\":\"https:\\\/\\\/lebenleben.de\\\/karriere\\\/wp-content\\\/uploads\\\/sites\\\/2\\\/2021\\\/01\\\/ll_favicon-purple.png\",\"width\":501,\"height\":501,\"caption\":\"Leben leben Karriere\"},\"image\":{\"@id\":\"https:\\\/\\\/lebenleben.de\\\/karriere\\\/#\\\/schema\\\/logo\\\/image\\\/\"}}]}<\/script>\n<!-- \/ Yoast SEO plugin. -->","yoast_head_json":{"title":"Stadt und Landkreis Dannenberg - Leben leben Karriere","robots":{"index":"index","follow":"follow","max-snippet":"max-snippet:-1","max-image-preview":"max-image-preview:large","max-video-preview":"max-video-preview:-1"},"canonical":"https:\/\/lebenleben.de\/karriere\/unsere-unternehmensgruppe\/standorte\/dannenberg\/","og_locale":"de_DE","og_type":"article","og_title":"Stadt und Landkreis Dannenberg - Leben leben Karriere","og_description":"Leben und Arbeiten in Dannenberg hei\u00dft: Leben in einer Kleinstadt - eingebettet in die l\u00e4ndliche Idylle des Wendlandes und arbeiten in einem innovativ ausgerichteten Landkreis!","og_url":"https:\/\/lebenleben.de\/karriere\/unsere-unternehmensgruppe\/standorte\/dannenberg\/","og_site_name":"Leben leben Karriere","article_modified_time":"2025-09-04T09:38:47+00:00","og_image":[{"width":279,"height":181,"url":"https:\/\/lebenleben.de\/karriere\/wp-content\/uploads\/sites\/2\/2020\/11\/Dannenberg-Ortsschild-1.png","type":"image\/png"}],"twitter_card":"summary_large_image","twitter_misc":{"Gesch\u00e4tzte Lesezeit":"2\u00a0Minuten"},"schema":{"@context":"https:\/\/schema.org","@graph":[{"@type":"WebPage","@id":"https:\/\/lebenleben.de\/karriere\/unsere-unternehmensgruppe\/standorte\/dannenberg\/","url":"https:\/\/lebenleben.de\/karriere\/unsere-unternehmensgruppe\/standorte\/dannenberg\/","name":"Stadt und Landkreis Dannenberg - Leben leben Karriere","isPartOf":{"@id":"https:\/\/lebenleben.de\/karriere\/#website"},"primaryImageOfPage":{"@id":"https:\/\/lebenleben.de\/karriere\/unsere-unternehmensgruppe\/standorte\/dannenberg\/#primaryimage"},"image":{"@id":"https:\/\/lebenleben.de\/karriere\/unsere-unternehmensgruppe\/standorte\/dannenberg\/#primaryimage"},"thumbnailUrl":"https:\/\/lebenleben.de\/karriere\/wp-content\/uploads\/sites\/2\/2020\/11\/Dannenberg-Ortsschild-1.png","datePublished":"2020-05-18T09:24:53+00:00","dateModified":"2025-09-04T09:38:47+00:00","breadcrumb":{"@id":"https:\/\/lebenleben.de\/karriere\/unsere-unternehmensgruppe\/standorte\/dannenberg\/#breadcrumb"},"inLanguage":"de","potentialAction":[{"@type":"ReadAction","target":["https:\/\/lebenleben.de\/karriere\/unsere-unternehmensgruppe\/standorte\/dannenberg\/"]}]},{"@type":"ImageObject","inLanguage":"de","@id":"https:\/\/lebenleben.de\/karriere\/unsere-unternehmensgruppe\/standorte\/dannenberg\/#primaryimage","url":"https:\/\/lebenleben.de\/karriere\/wp-content\/uploads\/sites\/2\/2020\/11\/Dannenberg-Ortsschild-1.png","contentUrl":"https:\/\/lebenleben.de\/karriere\/wp-content\/uploads\/sites\/2\/2020\/11\/Dannenberg-Ortsschild-1.png","width":279,"height":181},{"@type":"BreadcrumbList","@id":"https:\/\/lebenleben.de\/karriere\/unsere-unternehmensgruppe\/standorte\/dannenberg\/#breadcrumb","itemListElement":[{"@type":"ListItem","position":1,"name":"Startseite","item":"https:\/\/lebenleben.de\/karriere\/"},{"@type":"ListItem","position":2,"name":"Unsere Unternehmensgruppe","item":"https:\/\/lebenleben.de\/karriere\/unsere-unternehmensgruppe\/"},{"@type":"ListItem","position":3,"name":"Standorte","item":"https:\/\/lebenleben.de\/karriere\/unsere-unternehmensgruppe\/standorte\/"},{"@type":"ListItem","position":4,"name":"Stadt und Landkreis Dannenberg"}]},{"@type":"WebSite","@id":"https:\/\/lebenleben.de\/karriere\/#website","url":"https:\/\/lebenleben.de\/karriere\/","name":"Leben leben Karriere","description":"Jobs &amp; Stellenangebote","publisher":{"@id":"https:\/\/lebenleben.de\/karriere\/#organization"},"potentialAction":[{"@type":"SearchAction","target":{"@type":"EntryPoint","urlTemplate":"https:\/\/lebenleben.de\/karriere\/?s={search_term_string}"},"query-input":{"@type":"PropertyValueSpecification","valueRequired":true,"valueName":"search_term_string"}}],"inLanguage":"de"},{"@type":"Organization","@id":"https:\/\/lebenleben.de\/karriere\/#organization","name":"Leben leben Karriere","url":"https:\/\/lebenleben.de\/karriere\/","logo":{"@type":"ImageObject","inLanguage":"de","@id":"https:\/\/lebenleben.de\/karriere\/#\/schema\/logo\/image\/","url":"https:\/\/lebenleben.de\/karriere\/wp-content\/uploads\/sites\/2\/2021\/01\/ll_favicon-purple.png","contentUrl":"https:\/\/lebenleben.de\/karriere\/wp-content\/uploads\/sites\/2\/2021\/01\/ll_favicon-purple.png","width":501,"height":501,"caption":"Leben leben Karriere"},"image":{"@id":"https:\/\/lebenleben.de\/karriere\/#\/schema\/logo\/image\/"}}]}},"_links":{"self":[{"href":"https:\/\/lebenleben.de\/karriere\/wp-json\/wp\/v2\/pages\/13524","targetHints":{"allow":["GET"]}}],"collection":[{"href":"https:\/\/lebenleben.de\/karriere\/wp-json\/wp\/v2\/pages"}],"about":[{"href":"https:\/\/lebenleben.de\/karriere\/wp-json\/wp\/v2\/types\/page"}],"author":[{"embeddable":true,"href":"https:\/\/lebenleben.de\/karriere\/wp-json\/wp\/v2\/users\/1"}],"replies":[{"embeddable":true,"href":"https:\/\/lebenleben.de\/karriere\/wp-json\/wp\/v2\/comments?post=13524"}],"version-history":[{"count":3,"href":"https:\/\/lebenleben.de\/karriere\/wp-json\/wp\/v2\/pages\/13524\/revisions"}],"predecessor-version":[{"id":16398,"href":"https:\/\/lebenleben.de\/karriere\/wp-json\/wp\/v2\/pages\/13524\/revisions\/16398"}],"up":[{"embeddable":true,"href":"https:\/\/lebenleben.de\/karriere\/wp-json\/wp\/v2\/pages\/13522"}],"wp:featuredmedia":[{"embeddable":true,"href":"https:\/\/lebenleben.de\/karriere\/wp-json\/wp\/v2\/media\/13250"}],"wp:attachment":[{"href":"https:\/\/lebenleben.de\/karriere\/wp-json\/wp\/v2\/media?parent=13524"}],"curies":[{"name":"wp","href":"https:\/\/api.w.org\/{rel}","templated":true}]}}