{"id":13525,"date":"2020-05-18T11:25:22","date_gmt":"2020-05-18T09:25:22","guid":{"rendered":"http:\/\/lebenleben.de\/karriere\/?page_id=31"},"modified":"2024-05-30T14:49:18","modified_gmt":"2024-05-30T12:49:18","slug":"gifhorn","status":"publish","type":"page","link":"https:\/\/lebenleben.de\/karriere\/unsere-unternehmensgruppe\/standorte\/gifhorn\/","title":{"rendered":"Stadt und Landkreis Gifhorn"},"content":{"rendered":"\n<div id=\"llimageslider-block_55c39a65704b70de2927da97999f1ddf\" class=\"block-llimageslider llimageslider alignwide\">\n\n    \n\t\t<div class=\"llimageslider-slider\" data-slick='{\"autoplaySpeed\": 5000}'>\n\t\t\t\t\t\t\t<div class=\"single-slide-wrapper slide-1\">\n\t\t\t\t\t<img loading=\"lazy\" decoding=\"async\" width=\"1400\" height=\"440\" src=\"https:\/\/lebenleben.de\/karriere\/wp-content\/uploads\/sites\/2\/2024\/05\/ll_landkreise-1-1400x440-1.jpg\" class=\"single-slide-image slider-desktop-image\" alt=\"\" srcset=\"https:\/\/lebenleben.de\/karriere\/wp-content\/uploads\/sites\/2\/2024\/05\/ll_landkreise-1-1400x440-1.jpg 1400w, https:\/\/lebenleben.de\/karriere\/wp-content\/uploads\/sites\/2\/2024\/05\/ll_landkreise-1-1400x440-1-300x94.jpg 300w, https:\/\/lebenleben.de\/karriere\/wp-content\/uploads\/sites\/2\/2024\/05\/ll_landkreise-1-1400x440-1-1024x322.jpg 1024w, https:\/\/lebenleben.de\/karriere\/wp-content\/uploads\/sites\/2\/2024\/05\/ll_landkreise-1-1400x440-1-768x241.jpg 768w\" sizes=\"auto, (max-width: 1400px) 100vw, 1400px\" \/>          <img loading=\"lazy\" decoding=\"async\" width=\"1000\" height=\"314\" src=\"https:\/\/lebenleben.de\/karriere\/wp-content\/uploads\/sites\/2\/2024\/05\/ll_landkreise-1-1400x440-1-1024x322.jpg\" class=\"single-slide-image slider-mobile-image\" alt=\"\" srcset=\"https:\/\/lebenleben.de\/karriere\/wp-content\/uploads\/sites\/2\/2024\/05\/ll_landkreise-1-1400x440-1-1024x322.jpg 1024w, https:\/\/lebenleben.de\/karriere\/wp-content\/uploads\/sites\/2\/2024\/05\/ll_landkreise-1-1400x440-1-300x94.jpg 300w, https:\/\/lebenleben.de\/karriere\/wp-content\/uploads\/sites\/2\/2024\/05\/ll_landkreise-1-1400x440-1-768x241.jpg 768w, https:\/\/lebenleben.de\/karriere\/wp-content\/uploads\/sites\/2\/2024\/05\/ll_landkreise-1-1400x440-1.jpg 1400w\" sizes=\"auto, (max-width: 1000px) 100vw, 1000px\" \/>\n                    <div class=\"single-slide-text\">\n          <h2>Stadt und Landkreis Gifhorn<\/h2>                  <\/div>\n        \n\t\t\t\t<\/div>\n\t\t\t\t\t<\/div>\n\t  <script>\n    jQuery(document).ready(function() {\n        jQuery('.llimageslider-slider').slick({\n          dots: true,\n          infinite: true,\n          speed: 1000,\n          autoplay: true,\n          adaptiveHeight: true,\n          slidesToShow: 1,\n          fade: true,\n          focusOnSelect: true\n        });\n    });\n    <\/script>\n<\/div>\n\n\n\n<p>Die ca. 42.000 Einwohner z\u00e4hlende Kreisstadt Gifhorn liegt im \u00f6stlichen Niedersachsen am Rand der L\u00fcneburger Heide. Das Autobahnkreuz Braunschweig Nord (A&nbsp;2\/A&nbsp;391) ist ca. 20&nbsp;km entfernt. Die nahe Anbindung an die Industrie- und Handelszentren Braunschweig und Wolfsburg machen die Stadt und den Landkreis zu einem interessanten Lebens- und Arbeitsmittelpunkt.<\/p>\n\n\n\n<p>Leben leben f\u00fchrt im Ortsteil Gamsen, im n\u00f6rdlichen Stadtgebiet von Gifhorn, eine Niederlassung der ambulanten Kinder- und Jugendhilfe, mit Angeboten der <a href=\"http:\/\/www.lebenleben.de\/schulbegleitung\">Schulbegleitung<\/a>, unserer <a href=\"https:\/\/lebenleben.de\/spektral\/\">Autismusambulanz Spektral<\/a> sowie &#8211; aktuell im Aufbau &#8211;  familienunterst\u00fctzende Leistungen aus <a href=\"https:\/\/lebenleben.de\/alltag-freizeit\/unsere-leistungen\/\">Alltag &amp; Freizeit,<\/a> einschlie\u00dflich <a href=\"https:\/\/lebenleben.de\/alltag-freizeit\/ehrenamt-wir-suchen-sie\/\">ehrenamtlicher T\u00e4tigkeiten<\/a>.  <\/p>\n\n\n\n<div style=\"height:50px\" aria-hidden=\"true\" class=\"wp-block-spacer\"><\/div>\n","protected":false},"excerpt":{"rendered":"<p>Die ca. 42.000 Einwohner z\u00e4hlende Kreisstadt Gifhorn liegt im \u00f6stlichen Niedersachsen am Rand der L\u00fcneburger Heide. Das Autobahnkreuz Braunschweig Nord (A&nbsp;2\/A&nbsp;391) ist ca. 20&nbsp;km entfernt. Die nahe Anbindung an die Industrie- und Handelszentren Braunschweig und Wolfsburg machen die Stadt und den Landkreis zu einem interessanten Lebens- und Arbeitsmittelpunkt. Leben leben f\u00fchrt im Ortsteil Gamsen, im [&hellip;]<\/p>\n","protected":false},"author":1,"featured_media":13138,"parent":13522,"menu_order":50,"comment_status":"closed","ping_status":"closed","template":"page-templates\/page-fullscreen.php","meta":{"_acf_changed":false,"footnotes":""},"class_list":["post-13525","page","type-page","status-publish","has-post-thumbnail","hentry"],"acf":[],"yoast_head":"<!-- This site is optimized with the Yoast SEO plugin v27.3 - https:\/\/yoast.com\/product\/yoast-seo-wordpress\/ -->\n<title>Stadt und Landkreis Gifhorn - Leben leben Karriere<\/title>\n<meta name=\"robots\" content=\"index, follow, max-snippet:-1, max-image-preview:large, max-video-preview:-1\" \/>\n<link rel=\"canonical\" href=\"https:\/\/lebenleben.de\/karriere\/unsere-unternehmensgruppe\/standorte\/gifhorn\/\" \/>\n<meta property=\"og:locale\" content=\"de_DE\" \/>\n<meta property=\"og:type\" content=\"article\" \/>\n<meta property=\"og:title\" content=\"Stadt und Landkreis Gifhorn - Leben leben Karriere\" \/>\n<meta property=\"og:description\" content=\"Die ca. 42.000 Einwohner z\u00e4hlende Kreisstadt Gifhorn liegt im \u00f6stlichen Niedersachsen am Rand der L\u00fcneburger Heide. Das Autobahnkreuz Braunschweig Nord (A&nbsp;2\/A&nbsp;391) ist ca. 20&nbsp;km entfernt. Die nahe Anbindung an die Industrie- und Handelszentren Braunschweig und Wolfsburg machen die Stadt und den Landkreis zu einem interessanten Lebens- und Arbeitsmittelpunkt. Leben leben f\u00fchrt im Ortsteil Gamsen, im [&hellip;]\" \/>\n<meta property=\"og:url\" content=\"https:\/\/lebenleben.de\/karriere\/unsere-unternehmensgruppe\/standorte\/gifhorn\/\" \/>\n<meta property=\"og:site_name\" content=\"Leben leben Karriere\" \/>\n<meta property=\"article:modified_time\" content=\"2024-05-30T12:49:18+00:00\" \/>\n<meta property=\"og:image\" content=\"https:\/\/lebenleben.de\/karriere\/wp-content\/uploads\/sites\/2\/2020\/10\/gifhorn-Gamsen-1.png\" \/>\n\t<meta property=\"og:image:width\" content=\"279\" \/>\n\t<meta property=\"og:image:height\" content=\"181\" \/>\n\t<meta property=\"og:image:type\" content=\"image\/png\" \/>\n<meta name=\"twitter:card\" content=\"summary_large_image\" \/>\n<meta name=\"twitter:label1\" content=\"Gesch\u00e4tzte Lesezeit\" \/>\n\t<meta name=\"twitter:data1\" content=\"1\u00a0Minute\" \/>\n<script type=\"application\/ld+json\" class=\"yoast-schema-graph\">{\"@context\":\"https:\\\/\\\/schema.org\",\"@graph\":[{\"@type\":\"WebPage\",\"@id\":\"https:\\\/\\\/lebenleben.de\\\/karriere\\\/unsere-unternehmensgruppe\\\/standorte\\\/gifhorn\\\/\",\"url\":\"https:\\\/\\\/lebenleben.de\\\/karriere\\\/unsere-unternehmensgruppe\\\/standorte\\\/gifhorn\\\/\",\"name\":\"Stadt und Landkreis Gifhorn - Leben leben Karriere\",\"isPartOf\":{\"@id\":\"https:\\\/\\\/lebenleben.de\\\/karriere\\\/#website\"},\"primaryImageOfPage\":{\"@id\":\"https:\\\/\\\/lebenleben.de\\\/karriere\\\/unsere-unternehmensgruppe\\\/standorte\\\/gifhorn\\\/#primaryimage\"},\"image\":{\"@id\":\"https:\\\/\\\/lebenleben.de\\\/karriere\\\/unsere-unternehmensgruppe\\\/standorte\\\/gifhorn\\\/#primaryimage\"},\"thumbnailUrl\":\"https:\\\/\\\/lebenleben.de\\\/karriere\\\/wp-content\\\/uploads\\\/sites\\\/2\\\/2020\\\/10\\\/gifhorn-Gamsen-1.png\",\"datePublished\":\"2020-05-18T09:25:22+00:00\",\"dateModified\":\"2024-05-30T12:49:18+00:00\",\"breadcrumb\":{\"@id\":\"https:\\\/\\\/lebenleben.de\\\/karriere\\\/unsere-unternehmensgruppe\\\/standorte\\\/gifhorn\\\/#breadcrumb\"},\"inLanguage\":\"de\",\"potentialAction\":[{\"@type\":\"ReadAction\",\"target\":[\"https:\\\/\\\/lebenleben.de\\\/karriere\\\/unsere-unternehmensgruppe\\\/standorte\\\/gifhorn\\\/\"]}]},{\"@type\":\"ImageObject\",\"inLanguage\":\"de\",\"@id\":\"https:\\\/\\\/lebenleben.de\\\/karriere\\\/unsere-unternehmensgruppe\\\/standorte\\\/gifhorn\\\/#primaryimage\",\"url\":\"https:\\\/\\\/lebenleben.de\\\/karriere\\\/wp-content\\\/uploads\\\/sites\\\/2\\\/2020\\\/10\\\/gifhorn-Gamsen-1.png\",\"contentUrl\":\"https:\\\/\\\/lebenleben.de\\\/karriere\\\/wp-content\\\/uploads\\\/sites\\\/2\\\/2020\\\/10\\\/gifhorn-Gamsen-1.png\",\"width\":279,\"height\":181},{\"@type\":\"BreadcrumbList\",\"@id\":\"https:\\\/\\\/lebenleben.de\\\/karriere\\\/unsere-unternehmensgruppe\\\/standorte\\\/gifhorn\\\/#breadcrumb\",\"itemListElement\":[{\"@type\":\"ListItem\",\"position\":1,\"name\":\"Startseite\",\"item\":\"https:\\\/\\\/lebenleben.de\\\/karriere\\\/\"},{\"@type\":\"ListItem\",\"position\":2,\"name\":\"Unsere Unternehmensgruppe\",\"item\":\"https:\\\/\\\/lebenleben.de\\\/karriere\\\/unsere-unternehmensgruppe\\\/\"},{\"@type\":\"ListItem\",\"position\":3,\"name\":\"Standorte\",\"item\":\"https:\\\/\\\/lebenleben.de\\\/karriere\\\/unsere-unternehmensgruppe\\\/standorte\\\/\"},{\"@type\":\"ListItem\",\"position\":4,\"name\":\"Stadt und Landkreis Gifhorn\"}]},{\"@type\":\"WebSite\",\"@id\":\"https:\\\/\\\/lebenleben.de\\\/karriere\\\/#website\",\"url\":\"https:\\\/\\\/lebenleben.de\\\/karriere\\\/\",\"name\":\"Leben leben Karriere\",\"description\":\"Jobs &amp; Stellenangebote\",\"publisher\":{\"@id\":\"https:\\\/\\\/lebenleben.de\\\/karriere\\\/#organization\"},\"potentialAction\":[{\"@type\":\"SearchAction\",\"target\":{\"@type\":\"EntryPoint\",\"urlTemplate\":\"https:\\\/\\\/lebenleben.de\\\/karriere\\\/?s={search_term_string}\"},\"query-input\":{\"@type\":\"PropertyValueSpecification\",\"valueRequired\":true,\"valueName\":\"search_term_string\"}}],\"inLanguage\":\"de\"},{\"@type\":\"Organization\",\"@id\":\"https:\\\/\\\/lebenleben.de\\\/karriere\\\/#organization\",\"name\":\"Leben leben Karriere\",\"url\":\"https:\\\/\\\/lebenleben.de\\\/karriere\\\/\",\"logo\":{\"@type\":\"ImageObject\",\"inLanguage\":\"de\",\"@id\":\"https:\\\/\\\/lebenleben.de\\\/karriere\\\/#\\\/schema\\\/logo\\\/image\\\/\",\"url\":\"https:\\\/\\\/lebenleben.de\\\/karriere\\\/wp-content\\\/uploads\\\/sites\\\/2\\\/2021\\\/01\\\/ll_favicon-purple.png\",\"contentUrl\":\"https:\\\/\\\/lebenleben.de\\\/karriere\\\/wp-content\\\/uploads\\\/sites\\\/2\\\/2021\\\/01\\\/ll_favicon-purple.png\",\"width\":501,\"height\":501,\"caption\":\"Leben leben Karriere\"},\"image\":{\"@id\":\"https:\\\/\\\/lebenleben.de\\\/karriere\\\/#\\\/schema\\\/logo\\\/image\\\/\"}}]}<\/script>\n<!-- \/ Yoast SEO plugin. -->","yoast_head_json":{"title":"Stadt und Landkreis Gifhorn - Leben leben Karriere","robots":{"index":"index","follow":"follow","max-snippet":"max-snippet:-1","max-image-preview":"max-image-preview:large","max-video-preview":"max-video-preview:-1"},"canonical":"https:\/\/lebenleben.de\/karriere\/unsere-unternehmensgruppe\/standorte\/gifhorn\/","og_locale":"de_DE","og_type":"article","og_title":"Stadt und Landkreis Gifhorn - Leben leben Karriere","og_description":"Die ca. 42.000 Einwohner z\u00e4hlende Kreisstadt Gifhorn liegt im \u00f6stlichen Niedersachsen am Rand der L\u00fcneburger Heide. Das Autobahnkreuz Braunschweig Nord (A&nbsp;2\/A&nbsp;391) ist ca. 20&nbsp;km entfernt. Die nahe Anbindung an die Industrie- und Handelszentren Braunschweig und Wolfsburg machen die Stadt und den Landkreis zu einem interessanten Lebens- und Arbeitsmittelpunkt. Leben leben f\u00fchrt im Ortsteil Gamsen, im [&hellip;]","og_url":"https:\/\/lebenleben.de\/karriere\/unsere-unternehmensgruppe\/standorte\/gifhorn\/","og_site_name":"Leben leben Karriere","article_modified_time":"2024-05-30T12:49:18+00:00","og_image":[{"width":279,"height":181,"url":"https:\/\/lebenleben.de\/karriere\/wp-content\/uploads\/sites\/2\/2020\/10\/gifhorn-Gamsen-1.png","type":"image\/png"}],"twitter_card":"summary_large_image","twitter_misc":{"Gesch\u00e4tzte Lesezeit":"1\u00a0Minute"},"schema":{"@context":"https:\/\/schema.org","@graph":[{"@type":"WebPage","@id":"https:\/\/lebenleben.de\/karriere\/unsere-unternehmensgruppe\/standorte\/gifhorn\/","url":"https:\/\/lebenleben.de\/karriere\/unsere-unternehmensgruppe\/standorte\/gifhorn\/","name":"Stadt und Landkreis Gifhorn - Leben leben Karriere","isPartOf":{"@id":"https:\/\/lebenleben.de\/karriere\/#website"},"primaryImageOfPage":{"@id":"https:\/\/lebenleben.de\/karriere\/unsere-unternehmensgruppe\/standorte\/gifhorn\/#primaryimage"},"image":{"@id":"https:\/\/lebenleben.de\/karriere\/unsere-unternehmensgruppe\/standorte\/gifhorn\/#primaryimage"},"thumbnailUrl":"https:\/\/lebenleben.de\/karriere\/wp-content\/uploads\/sites\/2\/2020\/10\/gifhorn-Gamsen-1.png","datePublished":"2020-05-18T09:25:22+00:00","dateModified":"2024-05-30T12:49:18+00:00","breadcrumb":{"@id":"https:\/\/lebenleben.de\/karriere\/unsere-unternehmensgruppe\/standorte\/gifhorn\/#breadcrumb"},"inLanguage":"de","potentialAction":[{"@type":"ReadAction","target":["https:\/\/lebenleben.de\/karriere\/unsere-unternehmensgruppe\/standorte\/gifhorn\/"]}]},{"@type":"ImageObject","inLanguage":"de","@id":"https:\/\/lebenleben.de\/karriere\/unsere-unternehmensgruppe\/standorte\/gifhorn\/#primaryimage","url":"https:\/\/lebenleben.de\/karriere\/wp-content\/uploads\/sites\/2\/2020\/10\/gifhorn-Gamsen-1.png","contentUrl":"https:\/\/lebenleben.de\/karriere\/wp-content\/uploads\/sites\/2\/2020\/10\/gifhorn-Gamsen-1.png","width":279,"height":181},{"@type":"BreadcrumbList","@id":"https:\/\/lebenleben.de\/karriere\/unsere-unternehmensgruppe\/standorte\/gifhorn\/#breadcrumb","itemListElement":[{"@type":"ListItem","position":1,"name":"Startseite","item":"https:\/\/lebenleben.de\/karriere\/"},{"@type":"ListItem","position":2,"name":"Unsere Unternehmensgruppe","item":"https:\/\/lebenleben.de\/karriere\/unsere-unternehmensgruppe\/"},{"@type":"ListItem","position":3,"name":"Standorte","item":"https:\/\/lebenleben.de\/karriere\/unsere-unternehmensgruppe\/standorte\/"},{"@type":"ListItem","position":4,"name":"Stadt und Landkreis Gifhorn"}]},{"@type":"WebSite","@id":"https:\/\/lebenleben.de\/karriere\/#website","url":"https:\/\/lebenleben.de\/karriere\/","name":"Leben leben Karriere","description":"Jobs &amp; Stellenangebote","publisher":{"@id":"https:\/\/lebenleben.de\/karriere\/#organization"},"potentialAction":[{"@type":"SearchAction","target":{"@type":"EntryPoint","urlTemplate":"https:\/\/lebenleben.de\/karriere\/?s={search_term_string}"},"query-input":{"@type":"PropertyValueSpecification","valueRequired":true,"valueName":"search_term_string"}}],"inLanguage":"de"},{"@type":"Organization","@id":"https:\/\/lebenleben.de\/karriere\/#organization","name":"Leben leben Karriere","url":"https:\/\/lebenleben.de\/karriere\/","logo":{"@type":"ImageObject","inLanguage":"de","@id":"https:\/\/lebenleben.de\/karriere\/#\/schema\/logo\/image\/","url":"https:\/\/lebenleben.de\/karriere\/wp-content\/uploads\/sites\/2\/2021\/01\/ll_favicon-purple.png","contentUrl":"https:\/\/lebenleben.de\/karriere\/wp-content\/uploads\/sites\/2\/2021\/01\/ll_favicon-purple.png","width":501,"height":501,"caption":"Leben leben Karriere"},"image":{"@id":"https:\/\/lebenleben.de\/karriere\/#\/schema\/logo\/image\/"}}]}},"_links":{"self":[{"href":"https:\/\/lebenleben.de\/karriere\/wp-json\/wp\/v2\/pages\/13525","targetHints":{"allow":["GET"]}}],"collection":[{"href":"https:\/\/lebenleben.de\/karriere\/wp-json\/wp\/v2\/pages"}],"about":[{"href":"https:\/\/lebenleben.de\/karriere\/wp-json\/wp\/v2\/types\/page"}],"author":[{"embeddable":true,"href":"https:\/\/lebenleben.de\/karriere\/wp-json\/wp\/v2\/users\/1"}],"replies":[{"embeddable":true,"href":"https:\/\/lebenleben.de\/karriere\/wp-json\/wp\/v2\/comments?post=13525"}],"version-history":[{"count":6,"href":"https:\/\/lebenleben.de\/karriere\/wp-json\/wp\/v2\/pages\/13525\/revisions"}],"predecessor-version":[{"id":15278,"href":"https:\/\/lebenleben.de\/karriere\/wp-json\/wp\/v2\/pages\/13525\/revisions\/15278"}],"up":[{"embeddable":true,"href":"https:\/\/lebenleben.de\/karriere\/wp-json\/wp\/v2\/pages\/13522"}],"wp:featuredmedia":[{"embeddable":true,"href":"https:\/\/lebenleben.de\/karriere\/wp-json\/wp\/v2\/media\/13138"}],"wp:attachment":[{"href":"https:\/\/lebenleben.de\/karriere\/wp-json\/wp\/v2\/media?parent=13525"}],"curies":[{"name":"wp","href":"https:\/\/api.w.org\/{rel}","templated":true}]}}