{"id":18,"date":"2021-01-22T16:25:57","date_gmt":"2021-01-22T15:25:57","guid":{"rendered":"https:\/\/lebenleben.de\/kinder-jugend\/?page_id=18"},"modified":"2025-09-04T08:46:30","modified_gmt":"2025-09-04T06:46:30","slug":"begleitende-angebote","status":"publish","type":"page","link":"https:\/\/lebenleben.de\/kinder-jugend\/begleitende-angebote\/","title":{"rendered":"Begleitende Angebote"},"content":{"rendered":"\n<div id=\"llimageslider-block_af69114236657ba4412a9ee904404293\" class=\"block-llimageslider llimageslider alignwide\">\n\n    \n\t\t<div class=\"llimageslider-slider\" data-slick='{\"autoplaySpeed\": 5000}'>\n\t\t\t\t\t\t\t<div class=\"single-slide-wrapper slide-1\">\n\t\t\t\t\t<img loading=\"lazy\" decoding=\"async\" width=\"1400\" height=\"440\" src=\"https:\/\/lebenleben.de\/kinder-jugend\/wp-content\/uploads\/sites\/13\/2024\/05\/ll_header_slider_image_1400x560_0000_StiftungLeben_2203_7531-1400x440-1.jpg\" class=\"single-slide-image slider-desktop-image\" alt=\"\" srcset=\"https:\/\/lebenleben.de\/kinder-jugend\/wp-content\/uploads\/sites\/13\/2024\/05\/ll_header_slider_image_1400x560_0000_StiftungLeben_2203_7531-1400x440-1.jpg 1400w, https:\/\/lebenleben.de\/kinder-jugend\/wp-content\/uploads\/sites\/13\/2024\/05\/ll_header_slider_image_1400x560_0000_StiftungLeben_2203_7531-1400x440-1-300x94.jpg 300w, https:\/\/lebenleben.de\/kinder-jugend\/wp-content\/uploads\/sites\/13\/2024\/05\/ll_header_slider_image_1400x560_0000_StiftungLeben_2203_7531-1400x440-1-1024x322.jpg 1024w, https:\/\/lebenleben.de\/kinder-jugend\/wp-content\/uploads\/sites\/13\/2024\/05\/ll_header_slider_image_1400x560_0000_StiftungLeben_2203_7531-1400x440-1-768x241.jpg 768w\" sizes=\"auto, (max-width: 1400px) 100vw, 1400px\" \/>          <img loading=\"lazy\" decoding=\"async\" width=\"1000\" height=\"314\" src=\"https:\/\/lebenleben.de\/kinder-jugend\/wp-content\/uploads\/sites\/13\/2024\/05\/ll_header_slider_image_1400x560_0000_StiftungLeben_2203_7531-1400x440-1-1024x322.jpg\" class=\"single-slide-image slider-mobile-image\" alt=\"\" srcset=\"https:\/\/lebenleben.de\/kinder-jugend\/wp-content\/uploads\/sites\/13\/2024\/05\/ll_header_slider_image_1400x560_0000_StiftungLeben_2203_7531-1400x440-1-1024x322.jpg 1024w, https:\/\/lebenleben.de\/kinder-jugend\/wp-content\/uploads\/sites\/13\/2024\/05\/ll_header_slider_image_1400x560_0000_StiftungLeben_2203_7531-1400x440-1-300x94.jpg 300w, https:\/\/lebenleben.de\/kinder-jugend\/wp-content\/uploads\/sites\/13\/2024\/05\/ll_header_slider_image_1400x560_0000_StiftungLeben_2203_7531-1400x440-1-768x241.jpg 768w, https:\/\/lebenleben.de\/kinder-jugend\/wp-content\/uploads\/sites\/13\/2024\/05\/ll_header_slider_image_1400x560_0000_StiftungLeben_2203_7531-1400x440-1.jpg 1400w\" sizes=\"auto, (max-width: 1000px) 100vw, 1000px\" \/>\n                    <div class=\"single-slide-text\">\n          <h2>Begleitende Angebote<\/h2>                  <\/div>\n        \n\t\t\t\t<\/div>\n\t\t\t\t\t<\/div>\n\t  <script>\n    jQuery(document).ready(function() {\n        jQuery('.llimageslider-slider').slick({\n          dots: true,\n          infinite: true,\n          speed: 1000,\n          autoplay: true,\n          adaptiveHeight: true,\n          slidesToShow: 1,\n          fade: true,\n          focusOnSelect: true\n        });\n    });\n    <\/script>\n<\/div>\n\n\n\n<p>Im Rahmen der erg\u00e4nzenden Unterst\u00fctzung f\u00fcr unsere Sch\u00fcler:innen kooperieren wir mit dem&nbsp;<a href=\"https:\/\/lebenleben.de\/therapiezentrum\/\" target=\"_blank\" rel=\"noreferrer noopener\">Therapiezentrum Uelzen<\/a> und dem&nbsp;<a href=\"https:\/\/lebenleben.de\/mvz\/\" target=\"_blank\" rel=\"noreferrer noopener\">Medizinischen Versorgungszentrum<\/a>. \u00dcber das MVZ bieten wir seit Sommer 2022 auch professionelle Hilfe f\u00fcr Kinder und Jugendliche mit Lernschwierigkeiten an! Schwerpunkt: Lesen und Schreiben; weitere Hilfen nach individueller Absprache.<\/p>\n\n\n\n<p>Mehr Infos erhalten Sie unter dem nachfolgenden Link <a href=\"https:\/\/lebenleben.de\/mvz\/wp-content\/uploads\/sites\/3\/2022\/06\/LernPlakat-1.pdf\">https:\/\/lebenleben.de\/mvz\/wp-content\/uploads\/sites\/3\/2022\/06\/LernPlakat-1.pdf<\/a><\/p>\n\n\n\n<p>Hiermit stellen wir eine enge fachliche Abstimmung mit der erg\u00e4nzenden ergotherapeutischen sowie logop\u00e4dischen und psychologischen Versorgung unserer Kinder und Jugendlichen sicher. Im Bereich des erg\u00e4nzenden Freizeitangebots arbeiten wir mit unserem Gesch\u00e4ftsbereich\u00a0<a href=\"https:\/\/lebenleben.de\/kinder-jugend\/ambulante-angebote\/#alltag-freizeit\" target=\"_blank\" rel=\"noreferrer noopener\">Alltag &amp; Freizeit<\/a>.<\/p>\n\n\n\n<div style=\"height:50px\" aria-hidden=\"true\" class=\"wp-block-spacer\"><\/div>\n","protected":false},"excerpt":{"rendered":"<p>Im Rahmen der erg\u00e4nzenden Unterst\u00fctzung f\u00fcr unsere Sch\u00fcler:innen kooperieren wir mit dem&nbsp;Therapiezentrum Uelzen und dem&nbsp;Medizinischen Versorgungszentrum. \u00dcber das MVZ bieten wir seit Sommer 2022 auch professionelle Hilfe f\u00fcr Kinder und Jugendliche mit Lernschwierigkeiten an! Schwerpunkt: Lesen und Schreiben; weitere Hilfen nach individueller Absprache. Mehr Infos erhalten Sie unter dem nachfolgenden Link https:\/\/lebenleben.de\/mvz\/wp-content\/uploads\/sites\/3\/2022\/06\/LernPlakat-1.pdf Hiermit stellen wir [&hellip;]<\/p>\n","protected":false},"author":1,"featured_media":154,"parent":0,"menu_order":60,"comment_status":"closed","ping_status":"closed","template":"page-templates\/page-fullscreen.php","meta":{"_acf_changed":false,"footnotes":""},"class_list":["post-18","page","type-page","status-publish","has-post-thumbnail","hentry"],"acf":[],"yoast_head":"<!-- This site is optimized with the Yoast SEO plugin v27.3 - https:\/\/yoast.com\/product\/yoast-seo-wordpress\/ -->\n<title>Begleitende Angebote - Leben leben Kinder &amp; Jugend<\/title>\n<meta name=\"robots\" content=\"index, follow, max-snippet:-1, max-image-preview:large, max-video-preview:-1\" \/>\n<link rel=\"canonical\" href=\"https:\/\/lebenleben.de\/kinder-jugend\/begleitende-angebote\/\" \/>\n<meta property=\"og:locale\" content=\"de_DE\" \/>\n<meta property=\"og:type\" content=\"article\" \/>\n<meta property=\"og:title\" content=\"Begleitende Angebote - Leben leben Kinder &amp; Jugend\" \/>\n<meta property=\"og:description\" content=\"Im Rahmen der erg\u00e4nzenden Unterst\u00fctzung f\u00fcr unsere Sch\u00fcler:innen kooperieren wir mit dem&nbsp;Therapiezentrum Uelzen und dem&nbsp;Medizinischen Versorgungszentrum. \u00dcber das MVZ bieten wir seit Sommer 2022 auch professionelle Hilfe f\u00fcr Kinder und Jugendliche mit Lernschwierigkeiten an! Schwerpunkt: Lesen und Schreiben; weitere Hilfen nach individueller Absprache. Mehr Infos erhalten Sie unter dem nachfolgenden Link https:\/\/lebenleben.de\/mvz\/wp-content\/uploads\/sites\/3\/2022\/06\/LernPlakat-1.pdf Hiermit stellen wir [&hellip;]\" \/>\n<meta property=\"og:url\" content=\"https:\/\/lebenleben.de\/kinder-jugend\/begleitende-angebote\/\" \/>\n<meta property=\"og:site_name\" content=\"Leben leben Kinder &amp; Jugend\" \/>\n<meta property=\"article:modified_time\" content=\"2025-09-04T06:46:30+00:00\" \/>\n<meta property=\"og:image\" content=\"https:\/\/lebenleben.de\/kinder-jugend\/wp-content\/uploads\/sites\/13\/2021\/04\/ll_header_slider_image_1400x560_0000_StiftungLeben_2203_7531.jpg\" \/>\n\t<meta property=\"og:image:width\" content=\"1400\" \/>\n\t<meta property=\"og:image:height\" content=\"560\" \/>\n\t<meta property=\"og:image:type\" content=\"image\/jpeg\" \/>\n<meta name=\"twitter:card\" content=\"summary_large_image\" \/>\n<meta name=\"twitter:label1\" content=\"Gesch\u00e4tzte Lesezeit\" \/>\n\t<meta name=\"twitter:data1\" content=\"1\u00a0Minute\" \/>\n<script type=\"application\/ld+json\" class=\"yoast-schema-graph\">{\"@context\":\"https:\\\/\\\/schema.org\",\"@graph\":[{\"@type\":\"WebPage\",\"@id\":\"https:\\\/\\\/lebenleben.de\\\/kinder-jugend\\\/begleitende-angebote\\\/\",\"url\":\"https:\\\/\\\/lebenleben.de\\\/kinder-jugend\\\/begleitende-angebote\\\/\",\"name\":\"Begleitende Angebote - Leben leben Kinder &amp; Jugend\",\"isPartOf\":{\"@id\":\"https:\\\/\\\/lebenleben.de\\\/kinder-jugend\\\/#website\"},\"primaryImageOfPage\":{\"@id\":\"https:\\\/\\\/lebenleben.de\\\/kinder-jugend\\\/begleitende-angebote\\\/#primaryimage\"},\"image\":{\"@id\":\"https:\\\/\\\/lebenleben.de\\\/kinder-jugend\\\/begleitende-angebote\\\/#primaryimage\"},\"thumbnailUrl\":\"https:\\\/\\\/lebenleben.de\\\/kinder-jugend\\\/wp-content\\\/uploads\\\/sites\\\/13\\\/2021\\\/04\\\/ll_header_slider_image_1400x560_0000_StiftungLeben_2203_7531.jpg\",\"datePublished\":\"2021-01-22T15:25:57+00:00\",\"dateModified\":\"2025-09-04T06:46:30+00:00\",\"breadcrumb\":{\"@id\":\"https:\\\/\\\/lebenleben.de\\\/kinder-jugend\\\/begleitende-angebote\\\/#breadcrumb\"},\"inLanguage\":\"de\",\"potentialAction\":[{\"@type\":\"ReadAction\",\"target\":[\"https:\\\/\\\/lebenleben.de\\\/kinder-jugend\\\/begleitende-angebote\\\/\"]}]},{\"@type\":\"ImageObject\",\"inLanguage\":\"de\",\"@id\":\"https:\\\/\\\/lebenleben.de\\\/kinder-jugend\\\/begleitende-angebote\\\/#primaryimage\",\"url\":\"https:\\\/\\\/lebenleben.de\\\/kinder-jugend\\\/wp-content\\\/uploads\\\/sites\\\/13\\\/2021\\\/04\\\/ll_header_slider_image_1400x560_0000_StiftungLeben_2203_7531.jpg\",\"contentUrl\":\"https:\\\/\\\/lebenleben.de\\\/kinder-jugend\\\/wp-content\\\/uploads\\\/sites\\\/13\\\/2021\\\/04\\\/ll_header_slider_image_1400x560_0000_StiftungLeben_2203_7531.jpg\",\"width\":1400,\"height\":560},{\"@type\":\"BreadcrumbList\",\"@id\":\"https:\\\/\\\/lebenleben.de\\\/kinder-jugend\\\/begleitende-angebote\\\/#breadcrumb\",\"itemListElement\":[{\"@type\":\"ListItem\",\"position\":1,\"name\":\"Startseite\",\"item\":\"https:\\\/\\\/lebenleben.de\\\/kinder-jugend\\\/\"},{\"@type\":\"ListItem\",\"position\":2,\"name\":\"Begleitende Angebote\"}]},{\"@type\":\"WebSite\",\"@id\":\"https:\\\/\\\/lebenleben.de\\\/kinder-jugend\\\/#website\",\"url\":\"https:\\\/\\\/lebenleben.de\\\/kinder-jugend\\\/\",\"name\":\"Leben leben Kinder &amp; Jugend\",\"description\":\"Eine weitere Leben Leben Netzwerk Website\",\"publisher\":{\"@id\":\"https:\\\/\\\/lebenleben.de\\\/kinder-jugend\\\/#organization\"},\"potentialAction\":[{\"@type\":\"SearchAction\",\"target\":{\"@type\":\"EntryPoint\",\"urlTemplate\":\"https:\\\/\\\/lebenleben.de\\\/kinder-jugend\\\/?s={search_term_string}\"},\"query-input\":{\"@type\":\"PropertyValueSpecification\",\"valueRequired\":true,\"valueName\":\"search_term_string\"}}],\"inLanguage\":\"de\"},{\"@type\":\"Organization\",\"@id\":\"https:\\\/\\\/lebenleben.de\\\/kinder-jugend\\\/#organization\",\"name\":\"Leben leben Kinder & Jugend\",\"url\":\"https:\\\/\\\/lebenleben.de\\\/kinder-jugend\\\/\",\"logo\":{\"@type\":\"ImageObject\",\"inLanguage\":\"de\",\"@id\":\"https:\\\/\\\/lebenleben.de\\\/kinder-jugend\\\/#\\\/schema\\\/logo\\\/image\\\/\",\"url\":\"https:\\\/\\\/lebenleben.de\\\/kinder-jugend\\\/wp-content\\\/uploads\\\/sites\\\/13\\\/2021\\\/01\\\/ll_favicon-green.png\",\"contentUrl\":\"https:\\\/\\\/lebenleben.de\\\/kinder-jugend\\\/wp-content\\\/uploads\\\/sites\\\/13\\\/2021\\\/01\\\/ll_favicon-green.png\",\"width\":501,\"height\":501,\"caption\":\"Leben leben Kinder & Jugend\"},\"image\":{\"@id\":\"https:\\\/\\\/lebenleben.de\\\/kinder-jugend\\\/#\\\/schema\\\/logo\\\/image\\\/\"}}]}<\/script>\n<!-- \/ Yoast SEO plugin. -->","yoast_head_json":{"title":"Begleitende Angebote - Leben leben Kinder &amp; Jugend","robots":{"index":"index","follow":"follow","max-snippet":"max-snippet:-1","max-image-preview":"max-image-preview:large","max-video-preview":"max-video-preview:-1"},"canonical":"https:\/\/lebenleben.de\/kinder-jugend\/begleitende-angebote\/","og_locale":"de_DE","og_type":"article","og_title":"Begleitende Angebote - Leben leben Kinder &amp; Jugend","og_description":"Im Rahmen der erg\u00e4nzenden Unterst\u00fctzung f\u00fcr unsere Sch\u00fcler:innen kooperieren wir mit dem&nbsp;Therapiezentrum Uelzen und dem&nbsp;Medizinischen Versorgungszentrum. \u00dcber das MVZ bieten wir seit Sommer 2022 auch professionelle Hilfe f\u00fcr Kinder und Jugendliche mit Lernschwierigkeiten an! Schwerpunkt: Lesen und Schreiben; weitere Hilfen nach individueller Absprache. Mehr Infos erhalten Sie unter dem nachfolgenden Link https:\/\/lebenleben.de\/mvz\/wp-content\/uploads\/sites\/3\/2022\/06\/LernPlakat-1.pdf Hiermit stellen wir [&hellip;]","og_url":"https:\/\/lebenleben.de\/kinder-jugend\/begleitende-angebote\/","og_site_name":"Leben leben Kinder &amp; Jugend","article_modified_time":"2025-09-04T06:46:30+00:00","og_image":[{"width":1400,"height":560,"url":"https:\/\/lebenleben.de\/kinder-jugend\/wp-content\/uploads\/sites\/13\/2021\/04\/ll_header_slider_image_1400x560_0000_StiftungLeben_2203_7531.jpg","type":"image\/jpeg"}],"twitter_card":"summary_large_image","twitter_misc":{"Gesch\u00e4tzte Lesezeit":"1\u00a0Minute"},"schema":{"@context":"https:\/\/schema.org","@graph":[{"@type":"WebPage","@id":"https:\/\/lebenleben.de\/kinder-jugend\/begleitende-angebote\/","url":"https:\/\/lebenleben.de\/kinder-jugend\/begleitende-angebote\/","name":"Begleitende Angebote - Leben leben Kinder &amp; Jugend","isPartOf":{"@id":"https:\/\/lebenleben.de\/kinder-jugend\/#website"},"primaryImageOfPage":{"@id":"https:\/\/lebenleben.de\/kinder-jugend\/begleitende-angebote\/#primaryimage"},"image":{"@id":"https:\/\/lebenleben.de\/kinder-jugend\/begleitende-angebote\/#primaryimage"},"thumbnailUrl":"https:\/\/lebenleben.de\/kinder-jugend\/wp-content\/uploads\/sites\/13\/2021\/04\/ll_header_slider_image_1400x560_0000_StiftungLeben_2203_7531.jpg","datePublished":"2021-01-22T15:25:57+00:00","dateModified":"2025-09-04T06:46:30+00:00","breadcrumb":{"@id":"https:\/\/lebenleben.de\/kinder-jugend\/begleitende-angebote\/#breadcrumb"},"inLanguage":"de","potentialAction":[{"@type":"ReadAction","target":["https:\/\/lebenleben.de\/kinder-jugend\/begleitende-angebote\/"]}]},{"@type":"ImageObject","inLanguage":"de","@id":"https:\/\/lebenleben.de\/kinder-jugend\/begleitende-angebote\/#primaryimage","url":"https:\/\/lebenleben.de\/kinder-jugend\/wp-content\/uploads\/sites\/13\/2021\/04\/ll_header_slider_image_1400x560_0000_StiftungLeben_2203_7531.jpg","contentUrl":"https:\/\/lebenleben.de\/kinder-jugend\/wp-content\/uploads\/sites\/13\/2021\/04\/ll_header_slider_image_1400x560_0000_StiftungLeben_2203_7531.jpg","width":1400,"height":560},{"@type":"BreadcrumbList","@id":"https:\/\/lebenleben.de\/kinder-jugend\/begleitende-angebote\/#breadcrumb","itemListElement":[{"@type":"ListItem","position":1,"name":"Startseite","item":"https:\/\/lebenleben.de\/kinder-jugend\/"},{"@type":"ListItem","position":2,"name":"Begleitende Angebote"}]},{"@type":"WebSite","@id":"https:\/\/lebenleben.de\/kinder-jugend\/#website","url":"https:\/\/lebenleben.de\/kinder-jugend\/","name":"Leben leben Kinder &amp; Jugend","description":"Eine weitere Leben Leben Netzwerk Website","publisher":{"@id":"https:\/\/lebenleben.de\/kinder-jugend\/#organization"},"potentialAction":[{"@type":"SearchAction","target":{"@type":"EntryPoint","urlTemplate":"https:\/\/lebenleben.de\/kinder-jugend\/?s={search_term_string}"},"query-input":{"@type":"PropertyValueSpecification","valueRequired":true,"valueName":"search_term_string"}}],"inLanguage":"de"},{"@type":"Organization","@id":"https:\/\/lebenleben.de\/kinder-jugend\/#organization","name":"Leben leben Kinder & Jugend","url":"https:\/\/lebenleben.de\/kinder-jugend\/","logo":{"@type":"ImageObject","inLanguage":"de","@id":"https:\/\/lebenleben.de\/kinder-jugend\/#\/schema\/logo\/image\/","url":"https:\/\/lebenleben.de\/kinder-jugend\/wp-content\/uploads\/sites\/13\/2021\/01\/ll_favicon-green.png","contentUrl":"https:\/\/lebenleben.de\/kinder-jugend\/wp-content\/uploads\/sites\/13\/2021\/01\/ll_favicon-green.png","width":501,"height":501,"caption":"Leben leben Kinder & Jugend"},"image":{"@id":"https:\/\/lebenleben.de\/kinder-jugend\/#\/schema\/logo\/image\/"}}]}},"_links":{"self":[{"href":"https:\/\/lebenleben.de\/kinder-jugend\/wp-json\/wp\/v2\/pages\/18","targetHints":{"allow":["GET"]}}],"collection":[{"href":"https:\/\/lebenleben.de\/kinder-jugend\/wp-json\/wp\/v2\/pages"}],"about":[{"href":"https:\/\/lebenleben.de\/kinder-jugend\/wp-json\/wp\/v2\/types\/page"}],"author":[{"embeddable":true,"href":"https:\/\/lebenleben.de\/kinder-jugend\/wp-json\/wp\/v2\/users\/1"}],"replies":[{"embeddable":true,"href":"https:\/\/lebenleben.de\/kinder-jugend\/wp-json\/wp\/v2\/comments?post=18"}],"version-history":[{"count":17,"href":"https:\/\/lebenleben.de\/kinder-jugend\/wp-json\/wp\/v2\/pages\/18\/revisions"}],"predecessor-version":[{"id":1188,"href":"https:\/\/lebenleben.de\/kinder-jugend\/wp-json\/wp\/v2\/pages\/18\/revisions\/1188"}],"wp:featuredmedia":[{"embeddable":true,"href":"https:\/\/lebenleben.de\/kinder-jugend\/wp-json\/wp\/v2\/media\/154"}],"wp:attachment":[{"href":"https:\/\/lebenleben.de\/kinder-jugend\/wp-json\/wp\/v2\/media?parent=18"}],"curies":[{"name":"wp","href":"https:\/\/api.w.org\/{rel}","templated":true}]}}