{"id":8,"date":"2021-01-22T16:24:58","date_gmt":"2021-01-22T15:24:58","guid":{"rendered":"https:\/\/lebenleben.de\/kinder-jugend\/?page_id=8"},"modified":"2024-05-27T14:06:17","modified_gmt":"2024-05-27T12:06:17","slug":"wunderland-uelzen","status":"publish","type":"page","link":"https:\/\/lebenleben.de\/kinder-jugend\/wunderland-uelzen\/","title":{"rendered":"Wunderland Uelzen"},"content":{"rendered":"\n<div id=\"llimageslider-block_d41b79e2ef8084cce72c43ef7d0e3bc3\" class=\"block-llimageslider llimageslider alignwide\">\n\n    \n\t\t<div class=\"llimageslider-slider\" data-slick='{\"autoplaySpeed\": 5000}'>\n\t\t\t\t\t\t\t<div class=\"single-slide-wrapper slide-1\">\n\t\t\t\t\t<img loading=\"lazy\" decoding=\"async\" width=\"1400\" height=\"440\" src=\"https:\/\/lebenleben.de\/kinder-jugend\/wp-content\/uploads\/sites\/13\/2024\/05\/ll_header_slider_image_1400x560_0005_Krippe_Wunderland-1400x440-1.jpg\" class=\"single-slide-image slider-desktop-image\" alt=\"\" srcset=\"https:\/\/lebenleben.de\/kinder-jugend\/wp-content\/uploads\/sites\/13\/2024\/05\/ll_header_slider_image_1400x560_0005_Krippe_Wunderland-1400x440-1.jpg 1400w, https:\/\/lebenleben.de\/kinder-jugend\/wp-content\/uploads\/sites\/13\/2024\/05\/ll_header_slider_image_1400x560_0005_Krippe_Wunderland-1400x440-1-300x94.jpg 300w, https:\/\/lebenleben.de\/kinder-jugend\/wp-content\/uploads\/sites\/13\/2024\/05\/ll_header_slider_image_1400x560_0005_Krippe_Wunderland-1400x440-1-1024x322.jpg 1024w, https:\/\/lebenleben.de\/kinder-jugend\/wp-content\/uploads\/sites\/13\/2024\/05\/ll_header_slider_image_1400x560_0005_Krippe_Wunderland-1400x440-1-768x241.jpg 768w\" sizes=\"auto, (max-width: 1400px) 100vw, 1400px\" \/>          <img loading=\"lazy\" decoding=\"async\" width=\"1000\" height=\"314\" src=\"https:\/\/lebenleben.de\/kinder-jugend\/wp-content\/uploads\/sites\/13\/2024\/05\/ll_header_slider_image_1400x560_0005_Krippe_Wunderland-1400x440-1-1024x322.jpg\" class=\"single-slide-image slider-mobile-image\" alt=\"\" srcset=\"https:\/\/lebenleben.de\/kinder-jugend\/wp-content\/uploads\/sites\/13\/2024\/05\/ll_header_slider_image_1400x560_0005_Krippe_Wunderland-1400x440-1-1024x322.jpg 1024w, https:\/\/lebenleben.de\/kinder-jugend\/wp-content\/uploads\/sites\/13\/2024\/05\/ll_header_slider_image_1400x560_0005_Krippe_Wunderland-1400x440-1-300x94.jpg 300w, https:\/\/lebenleben.de\/kinder-jugend\/wp-content\/uploads\/sites\/13\/2024\/05\/ll_header_slider_image_1400x560_0005_Krippe_Wunderland-1400x440-1-768x241.jpg 768w, https:\/\/lebenleben.de\/kinder-jugend\/wp-content\/uploads\/sites\/13\/2024\/05\/ll_header_slider_image_1400x560_0005_Krippe_Wunderland-1400x440-1.jpg 1400w\" sizes=\"auto, (max-width: 1000px) 100vw, 1000px\" \/>\n                    <div class=\"single-slide-text\">\n          <h2>Wunderland Uelzen<\/h2>                  <\/div>\n        \n\t\t\t\t<\/div>\n\t\t\t\t\t<\/div>\n\t  <script>\n    jQuery(document).ready(function() {\n        jQuery('.llimageslider-slider').slick({\n          dots: true,\n          infinite: true,\n          speed: 1000,\n          autoplay: true,\n          adaptiveHeight: true,\n          slidesToShow: 1,\n          fade: true,\n          focusOnSelect: true\n        });\n    });\n    <\/script>\n<\/div>\n\n\n\n<p>Eine Reise ins Wunderland? F\u00fcr Kids mit und ohne Behinderung, die eine der beiden Kindertagesst\u00e4tten der Unternehmensgruppe Leben leben in Uelzen und Dannenberg besuchen, ist dies Kita-Alltag. Denn dort gibt es jede Menge zu entdecken, zu erforschen und zu lernen und nat\u00fcrlich die Gelegenheit, ausgiebig zu spielen und Spa\u00df zu haben.<\/p>\n\n\n\n<p>Das Wunderland bilden die integrativen Kitas und Heilp\u00e4dagogischen Kinderg\u00e4rten in Uelzen und Dannenberg sowie der Sprachheilkindergarten in Uelzen. Somit k\u00f6nnen wir Kinder zwischen 0 und 6 Jahren nicht nur altersgerecht, sondern bei Bedarf auch (sprach-)heilp\u00e4dagogisch f\u00f6rdern. Und darin haben wir seit mehr als 40 Jahren Erfahrung!<\/p>\n\n\n\n<p>Die Arbeit mit den uns anvertrauten Kindern steht bei uns an erster Stelle, wir pflegen einen wertfreien und respektvollen Umgang mit ihnen und gehen auf ihre individuellen Bed\u00fcrfnisse ein. Aber wir legen auch gro\u00dfen Wert auf eine vertrauensvolle und konstruktive Elternarbeit. Denn erst der regelm\u00e4\u00dfige Austausch mit Ihnen als Elternteil oder Erziehungsberechtigten erm\u00f6glicht es uns, die individuelle Entwicklung Ihres Kindes optimal zu f\u00f6rdern! Unsere und Ihre gemeinsame Aufgabe ist die F\u00f6rderplanung. Unsere kompetenten und hochqualifizierten KiTa-Teams sind dabei Ihre Ansprechpartner:innen.<\/p>\n\n\n\n<p>Wenn Sie sich dar\u00fcber hinaus f\u00fcr das Wunderland engagieren und sich einbringen m\u00f6chten, dann laden wir Sie ein, im Elternrat t\u00e4tig zu werden. Die Elternr\u00e4te in unserer Einrichtungen werden in regelm\u00e4\u00dfigen Abst\u00e4nden von den Eltern und Erziehungsberechtigten unserer Kinder gew\u00e4hlt und unterst\u00fctzen in wertvoller Art und Weise die Arbeit der jeweiligen Teamleitungen.<\/p>\n\n\n\n<div style=\"height:35px\" aria-hidden=\"true\" class=\"wp-block-spacer\"><\/div>\n\n\n\n<script>\njQuery(document).ready(function(){\n    jQuery('.uid-1').slick({\n      dots: true,\n      infinite: true,\n      arrows: true,\n      speed: 1000,\n      autoplay: false,\n      slidesToShow: 3,\n      slidesToScroll: 1,\n      fade: false,\n      responsive: [\n        {\n          breakpoint: 1024,\n          settings: {\n            slidesToShow: 2,\n            slidesToScroll: 1\n          }\n        },\n        {\n          breakpoint: 800,\n          settings: {\n            slidesToShow: 1,\n            slidesToScroll: 1\n          }\n        }\n      ]\n\n    });\n  }); \n\n<\/script>\n\n<div id=\"childpagelist-block_bd35cd1428a0c71fc1687b6e11dccfcc\" class=\"block-subpage-wrapper columns-3 uid-1\">\n\n\t\n\t\n\t\n<\/div>\n\n\n\n<div style=\"height:25px\" aria-hidden=\"true\" class=\"wp-block-spacer\"><\/div>\n","protected":false},"excerpt":{"rendered":"<p>Eine Reise ins Wunderland? F\u00fcr Kids mit und ohne Behinderung, die eine der beiden Kindertagesst\u00e4tten der Unternehmensgruppe Leben leben in Uelzen und Dannenberg besuchen, ist dies Kita-Alltag. Denn dort gibt es jede Menge zu entdecken, zu erforschen und zu lernen und nat\u00fcrlich die Gelegenheit, ausgiebig zu spielen und Spa\u00df zu haben. Das Wunderland bilden die [&hellip;]<\/p>\n","protected":false},"author":1,"featured_media":135,"parent":0,"menu_order":10,"comment_status":"closed","ping_status":"closed","template":"page-templates\/page-fullscreen.php","meta":{"_acf_changed":false,"footnotes":""},"class_list":["post-8","page","type-page","status-publish","has-post-thumbnail","hentry"],"acf":[],"yoast_head":"<!-- This site is optimized with the Yoast SEO plugin v27.3 - https:\/\/yoast.com\/product\/yoast-seo-wordpress\/ -->\n<title>Wunderland Uelzen - Leben leben Kinder &amp; Jugend<\/title>\n<meta name=\"robots\" content=\"index, follow, max-snippet:-1, max-image-preview:large, max-video-preview:-1\" \/>\n<link rel=\"canonical\" href=\"https:\/\/lebenleben.de\/kinder-jugend\/wunderland-uelzen\/\" \/>\n<meta property=\"og:locale\" content=\"de_DE\" \/>\n<meta property=\"og:type\" content=\"article\" \/>\n<meta property=\"og:title\" content=\"Wunderland Uelzen - Leben leben Kinder &amp; Jugend\" \/>\n<meta property=\"og:description\" content=\"Eine Reise ins Wunderland? F\u00fcr Kids mit und ohne Behinderung, die eine der beiden Kindertagesst\u00e4tten der Unternehmensgruppe Leben leben in Uelzen und Dannenberg besuchen, ist dies Kita-Alltag. Denn dort gibt es jede Menge zu entdecken, zu erforschen und zu lernen und nat\u00fcrlich die Gelegenheit, ausgiebig zu spielen und Spa\u00df zu haben. Das Wunderland bilden die [&hellip;]\" \/>\n<meta property=\"og:url\" content=\"https:\/\/lebenleben.de\/kinder-jugend\/wunderland-uelzen\/\" \/>\n<meta property=\"og:site_name\" content=\"Leben leben Kinder &amp; Jugend\" \/>\n<meta property=\"article:modified_time\" content=\"2024-05-27T12:06:17+00:00\" \/>\n<meta property=\"og:image\" content=\"https:\/\/lebenleben.de\/kinder-jugend\/wp-content\/uploads\/sites\/13\/2021\/04\/ll_header_slider_image_1400x560_0005_Krippe_Wunderland.jpg\" \/>\n\t<meta property=\"og:image:width\" content=\"1400\" \/>\n\t<meta property=\"og:image:height\" content=\"560\" \/>\n\t<meta property=\"og:image:type\" content=\"image\/jpeg\" \/>\n<meta name=\"twitter:card\" content=\"summary_large_image\" \/>\n<meta name=\"twitter:label1\" content=\"Gesch\u00e4tzte Lesezeit\" \/>\n\t<meta name=\"twitter:data1\" content=\"2\u00a0Minuten\" \/>\n<script type=\"application\/ld+json\" class=\"yoast-schema-graph\">{\"@context\":\"https:\\\/\\\/schema.org\",\"@graph\":[{\"@type\":\"WebPage\",\"@id\":\"https:\\\/\\\/lebenleben.de\\\/kinder-jugend\\\/wunderland-uelzen\\\/\",\"url\":\"https:\\\/\\\/lebenleben.de\\\/kinder-jugend\\\/wunderland-uelzen\\\/\",\"name\":\"Wunderland Uelzen - Leben leben Kinder &amp; Jugend\",\"isPartOf\":{\"@id\":\"https:\\\/\\\/lebenleben.de\\\/kinder-jugend\\\/#website\"},\"primaryImageOfPage\":{\"@id\":\"https:\\\/\\\/lebenleben.de\\\/kinder-jugend\\\/wunderland-uelzen\\\/#primaryimage\"},\"image\":{\"@id\":\"https:\\\/\\\/lebenleben.de\\\/kinder-jugend\\\/wunderland-uelzen\\\/#primaryimage\"},\"thumbnailUrl\":\"https:\\\/\\\/lebenleben.de\\\/kinder-jugend\\\/wp-content\\\/uploads\\\/sites\\\/13\\\/2021\\\/04\\\/ll_header_slider_image_1400x560_0005_Krippe_Wunderland.jpg\",\"datePublished\":\"2021-01-22T15:24:58+00:00\",\"dateModified\":\"2024-05-27T12:06:17+00:00\",\"breadcrumb\":{\"@id\":\"https:\\\/\\\/lebenleben.de\\\/kinder-jugend\\\/wunderland-uelzen\\\/#breadcrumb\"},\"inLanguage\":\"de\",\"potentialAction\":[{\"@type\":\"ReadAction\",\"target\":[\"https:\\\/\\\/lebenleben.de\\\/kinder-jugend\\\/wunderland-uelzen\\\/\"]}]},{\"@type\":\"ImageObject\",\"inLanguage\":\"de\",\"@id\":\"https:\\\/\\\/lebenleben.de\\\/kinder-jugend\\\/wunderland-uelzen\\\/#primaryimage\",\"url\":\"https:\\\/\\\/lebenleben.de\\\/kinder-jugend\\\/wp-content\\\/uploads\\\/sites\\\/13\\\/2021\\\/04\\\/ll_header_slider_image_1400x560_0005_Krippe_Wunderland.jpg\",\"contentUrl\":\"https:\\\/\\\/lebenleben.de\\\/kinder-jugend\\\/wp-content\\\/uploads\\\/sites\\\/13\\\/2021\\\/04\\\/ll_header_slider_image_1400x560_0005_Krippe_Wunderland.jpg\",\"width\":1400,\"height\":560},{\"@type\":\"BreadcrumbList\",\"@id\":\"https:\\\/\\\/lebenleben.de\\\/kinder-jugend\\\/wunderland-uelzen\\\/#breadcrumb\",\"itemListElement\":[{\"@type\":\"ListItem\",\"position\":1,\"name\":\"Startseite\",\"item\":\"https:\\\/\\\/lebenleben.de\\\/kinder-jugend\\\/\"},{\"@type\":\"ListItem\",\"position\":2,\"name\":\"Wunderland Uelzen\"}]},{\"@type\":\"WebSite\",\"@id\":\"https:\\\/\\\/lebenleben.de\\\/kinder-jugend\\\/#website\",\"url\":\"https:\\\/\\\/lebenleben.de\\\/kinder-jugend\\\/\",\"name\":\"Leben leben Kinder &amp; Jugend\",\"description\":\"Eine weitere Leben Leben Netzwerk Website\",\"publisher\":{\"@id\":\"https:\\\/\\\/lebenleben.de\\\/kinder-jugend\\\/#organization\"},\"potentialAction\":[{\"@type\":\"SearchAction\",\"target\":{\"@type\":\"EntryPoint\",\"urlTemplate\":\"https:\\\/\\\/lebenleben.de\\\/kinder-jugend\\\/?s={search_term_string}\"},\"query-input\":{\"@type\":\"PropertyValueSpecification\",\"valueRequired\":true,\"valueName\":\"search_term_string\"}}],\"inLanguage\":\"de\"},{\"@type\":\"Organization\",\"@id\":\"https:\\\/\\\/lebenleben.de\\\/kinder-jugend\\\/#organization\",\"name\":\"Leben leben Kinder & Jugend\",\"url\":\"https:\\\/\\\/lebenleben.de\\\/kinder-jugend\\\/\",\"logo\":{\"@type\":\"ImageObject\",\"inLanguage\":\"de\",\"@id\":\"https:\\\/\\\/lebenleben.de\\\/kinder-jugend\\\/#\\\/schema\\\/logo\\\/image\\\/\",\"url\":\"https:\\\/\\\/lebenleben.de\\\/kinder-jugend\\\/wp-content\\\/uploads\\\/sites\\\/13\\\/2021\\\/01\\\/ll_favicon-green.png\",\"contentUrl\":\"https:\\\/\\\/lebenleben.de\\\/kinder-jugend\\\/wp-content\\\/uploads\\\/sites\\\/13\\\/2021\\\/01\\\/ll_favicon-green.png\",\"width\":501,\"height\":501,\"caption\":\"Leben leben Kinder & Jugend\"},\"image\":{\"@id\":\"https:\\\/\\\/lebenleben.de\\\/kinder-jugend\\\/#\\\/schema\\\/logo\\\/image\\\/\"}}]}<\/script>\n<!-- \/ Yoast SEO plugin. -->","yoast_head_json":{"title":"Wunderland Uelzen - Leben leben Kinder &amp; Jugend","robots":{"index":"index","follow":"follow","max-snippet":"max-snippet:-1","max-image-preview":"max-image-preview:large","max-video-preview":"max-video-preview:-1"},"canonical":"https:\/\/lebenleben.de\/kinder-jugend\/wunderland-uelzen\/","og_locale":"de_DE","og_type":"article","og_title":"Wunderland Uelzen - Leben leben Kinder &amp; Jugend","og_description":"Eine Reise ins Wunderland? F\u00fcr Kids mit und ohne Behinderung, die eine der beiden Kindertagesst\u00e4tten der Unternehmensgruppe Leben leben in Uelzen und Dannenberg besuchen, ist dies Kita-Alltag. Denn dort gibt es jede Menge zu entdecken, zu erforschen und zu lernen und nat\u00fcrlich die Gelegenheit, ausgiebig zu spielen und Spa\u00df zu haben. Das Wunderland bilden die [&hellip;]","og_url":"https:\/\/lebenleben.de\/kinder-jugend\/wunderland-uelzen\/","og_site_name":"Leben leben Kinder &amp; Jugend","article_modified_time":"2024-05-27T12:06:17+00:00","og_image":[{"width":1400,"height":560,"url":"https:\/\/lebenleben.de\/kinder-jugend\/wp-content\/uploads\/sites\/13\/2021\/04\/ll_header_slider_image_1400x560_0005_Krippe_Wunderland.jpg","type":"image\/jpeg"}],"twitter_card":"summary_large_image","twitter_misc":{"Gesch\u00e4tzte Lesezeit":"2\u00a0Minuten"},"schema":{"@context":"https:\/\/schema.org","@graph":[{"@type":"WebPage","@id":"https:\/\/lebenleben.de\/kinder-jugend\/wunderland-uelzen\/","url":"https:\/\/lebenleben.de\/kinder-jugend\/wunderland-uelzen\/","name":"Wunderland Uelzen - Leben leben Kinder &amp; Jugend","isPartOf":{"@id":"https:\/\/lebenleben.de\/kinder-jugend\/#website"},"primaryImageOfPage":{"@id":"https:\/\/lebenleben.de\/kinder-jugend\/wunderland-uelzen\/#primaryimage"},"image":{"@id":"https:\/\/lebenleben.de\/kinder-jugend\/wunderland-uelzen\/#primaryimage"},"thumbnailUrl":"https:\/\/lebenleben.de\/kinder-jugend\/wp-content\/uploads\/sites\/13\/2021\/04\/ll_header_slider_image_1400x560_0005_Krippe_Wunderland.jpg","datePublished":"2021-01-22T15:24:58+00:00","dateModified":"2024-05-27T12:06:17+00:00","breadcrumb":{"@id":"https:\/\/lebenleben.de\/kinder-jugend\/wunderland-uelzen\/#breadcrumb"},"inLanguage":"de","potentialAction":[{"@type":"ReadAction","target":["https:\/\/lebenleben.de\/kinder-jugend\/wunderland-uelzen\/"]}]},{"@type":"ImageObject","inLanguage":"de","@id":"https:\/\/lebenleben.de\/kinder-jugend\/wunderland-uelzen\/#primaryimage","url":"https:\/\/lebenleben.de\/kinder-jugend\/wp-content\/uploads\/sites\/13\/2021\/04\/ll_header_slider_image_1400x560_0005_Krippe_Wunderland.jpg","contentUrl":"https:\/\/lebenleben.de\/kinder-jugend\/wp-content\/uploads\/sites\/13\/2021\/04\/ll_header_slider_image_1400x560_0005_Krippe_Wunderland.jpg","width":1400,"height":560},{"@type":"BreadcrumbList","@id":"https:\/\/lebenleben.de\/kinder-jugend\/wunderland-uelzen\/#breadcrumb","itemListElement":[{"@type":"ListItem","position":1,"name":"Startseite","item":"https:\/\/lebenleben.de\/kinder-jugend\/"},{"@type":"ListItem","position":2,"name":"Wunderland Uelzen"}]},{"@type":"WebSite","@id":"https:\/\/lebenleben.de\/kinder-jugend\/#website","url":"https:\/\/lebenleben.de\/kinder-jugend\/","name":"Leben leben Kinder &amp; Jugend","description":"Eine weitere Leben Leben Netzwerk Website","publisher":{"@id":"https:\/\/lebenleben.de\/kinder-jugend\/#organization"},"potentialAction":[{"@type":"SearchAction","target":{"@type":"EntryPoint","urlTemplate":"https:\/\/lebenleben.de\/kinder-jugend\/?s={search_term_string}"},"query-input":{"@type":"PropertyValueSpecification","valueRequired":true,"valueName":"search_term_string"}}],"inLanguage":"de"},{"@type":"Organization","@id":"https:\/\/lebenleben.de\/kinder-jugend\/#organization","name":"Leben leben Kinder & Jugend","url":"https:\/\/lebenleben.de\/kinder-jugend\/","logo":{"@type":"ImageObject","inLanguage":"de","@id":"https:\/\/lebenleben.de\/kinder-jugend\/#\/schema\/logo\/image\/","url":"https:\/\/lebenleben.de\/kinder-jugend\/wp-content\/uploads\/sites\/13\/2021\/01\/ll_favicon-green.png","contentUrl":"https:\/\/lebenleben.de\/kinder-jugend\/wp-content\/uploads\/sites\/13\/2021\/01\/ll_favicon-green.png","width":501,"height":501,"caption":"Leben leben Kinder & Jugend"},"image":{"@id":"https:\/\/lebenleben.de\/kinder-jugend\/#\/schema\/logo\/image\/"}}]}},"_links":{"self":[{"href":"https:\/\/lebenleben.de\/kinder-jugend\/wp-json\/wp\/v2\/pages\/8","targetHints":{"allow":["GET"]}}],"collection":[{"href":"https:\/\/lebenleben.de\/kinder-jugend\/wp-json\/wp\/v2\/pages"}],"about":[{"href":"https:\/\/lebenleben.de\/kinder-jugend\/wp-json\/wp\/v2\/types\/page"}],"author":[{"embeddable":true,"href":"https:\/\/lebenleben.de\/kinder-jugend\/wp-json\/wp\/v2\/users\/1"}],"replies":[{"embeddable":true,"href":"https:\/\/lebenleben.de\/kinder-jugend\/wp-json\/wp\/v2\/comments?post=8"}],"version-history":[{"count":20,"href":"https:\/\/lebenleben.de\/kinder-jugend\/wp-json\/wp\/v2\/pages\/8\/revisions"}],"predecessor-version":[{"id":694,"href":"https:\/\/lebenleben.de\/kinder-jugend\/wp-json\/wp\/v2\/pages\/8\/revisions\/694"}],"wp:featuredmedia":[{"embeddable":true,"href":"https:\/\/lebenleben.de\/kinder-jugend\/wp-json\/wp\/v2\/media\/135"}],"wp:attachment":[{"href":"https:\/\/lebenleben.de\/kinder-jugend\/wp-json\/wp\/v2\/media?parent=8"}],"curies":[{"name":"wp","href":"https:\/\/api.w.org\/{rel}","templated":true}]}}