{"id":11,"date":"2021-01-22T15:46:49","date_gmt":"2021-01-22T14:46:49","guid":{"rendered":"https:\/\/lebenleben.de\/loewenwaldschule\/?page_id=11"},"modified":"2024-07-10T16:49:33","modified_gmt":"2024-07-10T14:49:33","slug":"informationen","status":"publish","type":"page","link":"https:\/\/lebenleben.de\/loewenwaldschule\/informationen\/","title":{"rendered":"Informationen"},"content":{"rendered":"\n<div id=\"llimageslider-block_1414ffd7f9afa9995c59025d2a2fd4a7\" class=\"block-llimageslider llimageslider alignwide\">\n\n    \n\t\t<div class=\"llimageslider-slider\" data-slick='{\"autoplaySpeed\": 5000}'>\n\t\t\t\t\t\t\t<div class=\"single-slide-wrapper slide-1\">\n\t\t\t\t\t<img loading=\"lazy\" decoding=\"async\" width=\"1400\" height=\"440\" src=\"https:\/\/lebenleben.de\/loewenwaldschule\/wp-content\/uploads\/sites\/10\/2024\/05\/Header_Loewenwaldschule-3.jpg\" class=\"single-slide-image slider-desktop-image\" alt=\"\" srcset=\"https:\/\/lebenleben.de\/loewenwaldschule\/wp-content\/uploads\/sites\/10\/2024\/05\/Header_Loewenwaldschule-3.jpg 1400w, https:\/\/lebenleben.de\/loewenwaldschule\/wp-content\/uploads\/sites\/10\/2024\/05\/Header_Loewenwaldschule-3-300x94.jpg 300w, https:\/\/lebenleben.de\/loewenwaldschule\/wp-content\/uploads\/sites\/10\/2024\/05\/Header_Loewenwaldschule-3-1024x322.jpg 1024w, https:\/\/lebenleben.de\/loewenwaldschule\/wp-content\/uploads\/sites\/10\/2024\/05\/Header_Loewenwaldschule-3-768x241.jpg 768w\" sizes=\"auto, (max-width: 1400px) 100vw, 1400px\" \/>          <img loading=\"lazy\" decoding=\"async\" width=\"1000\" height=\"314\" src=\"https:\/\/lebenleben.de\/loewenwaldschule\/wp-content\/uploads\/sites\/10\/2024\/05\/Header_Loewenwaldschule-3-1024x322.jpg\" class=\"single-slide-image slider-mobile-image\" alt=\"\" srcset=\"https:\/\/lebenleben.de\/loewenwaldschule\/wp-content\/uploads\/sites\/10\/2024\/05\/Header_Loewenwaldschule-3-1024x322.jpg 1024w, https:\/\/lebenleben.de\/loewenwaldschule\/wp-content\/uploads\/sites\/10\/2024\/05\/Header_Loewenwaldschule-3-300x94.jpg 300w, https:\/\/lebenleben.de\/loewenwaldschule\/wp-content\/uploads\/sites\/10\/2024\/05\/Header_Loewenwaldschule-3-768x241.jpg 768w, https:\/\/lebenleben.de\/loewenwaldschule\/wp-content\/uploads\/sites\/10\/2024\/05\/Header_Loewenwaldschule-3.jpg 1400w\" sizes=\"auto, (max-width: 1000px) 100vw, 1000px\" \/>\n                    <div class=\"single-slide-text\">\n          <h2>Loewenwaldschule Uelzen<\/h2><h3>Aktuelle Informationen<\/h3>                  <\/div>\n        \n\t\t\t\t<\/div>\n\t\t\t\t\t<\/div>\n\t  <script>\n    jQuery(document).ready(function() {\n        jQuery('.llimageslider-slider').slick({\n          dots: true,\n          infinite: true,\n          speed: 1000,\n          autoplay: true,\n          adaptiveHeight: true,\n          slidesToShow: 1,\n          fade: true,\n          focusOnSelect: true\n        });\n    });\n    <\/script>\n<\/div>\n\n\n\n<h2 class=\"wp-block-heading\">Unterrichtszeiten<\/h2>\n\n\n\n<p><strong>Unterrichtsbeginn: <\/strong>8:00 \u2013 8:30 Uhr (je nach Anfahrt)<\/p>\n\n\n\n<p><strong>Unterrichtsende: <\/strong>Montag bis Donnerstag 14:45 Uhr, Freitag 13:15 Uhr<\/p>\n\n\n\n<div style=\"height:35px\" aria-hidden=\"true\" class=\"wp-block-spacer\"><\/div>\n\n\n\n<h2 class=\"wp-block-heading\">Telefonische Erreichbarkeit der p\u00e4dagogischen Kr\u00e4fte<\/h2>\n\n\n\n<p>Montag bis Freitag 7:00 \u2013 8:30 Uhr unter Telefon <a href=\"tel:+495819716634\">0581 97166-34<\/a><\/p>\n\n\n\n<p>Zu allen anderen Zeiten wenden Sie sich bitte an das Schulb\u00fcro.<\/p>\n\n\n\n<div style=\"height:35px\" aria-hidden=\"true\" class=\"wp-block-spacer\"><\/div>\n\n\n\n<div class=\"wp-block-group alignfull bg-grey\"><div class=\"wp-block-group__inner-container is-layout-flow wp-block-group-is-layout-flow\">\n<h2 class=\"wp-block-heading has-text-align-center\">Aktuelles<\/h2>\n\n\n\n<div style=\"height:25px\" aria-hidden=\"true\" class=\"wp-block-spacer\"><\/div>\n\n\n    <script>\n    jQuery(document).ready(function() {\n        jQuery('.uid-1').slick({\n            dots: true,\n            infinite: true,\n            arrows: true,\n            speed: 1000,\n            autoplay: false,\n            slidesToShow: 3,\n            slidesToScroll: 1,\n            fade: false,\n            responsive: [\n                {\n                    breakpoint: 1024,\n                    settings: {\n                        slidesToShow: 2,\n                        slidesToScroll: 1\n                    }\n                },\n                {\n                    breakpoint: 800,\n                    settings: {\n                        slidesToShow: 1,\n                        slidesToScroll: 1\n                    }\n                }\n            ]\n        });\n    });\n    <\/script>\n\n\n<div id=\"listteaser-block_5853e417a4481bc2dff3c6cd27610b57\" class=\"block-listteaser-wrapper columns-3 uid-1 testimonial\">\n\n\t\n\t\t\t\t\t\t\t\t\t\t\t<div class=\"listteaser-single single-teaser block-subpage-wrapper__single post-14686 post type-post status-publish format-standard has-post-thumbnail hentry category-allgemein\">\n\t\t\t\t\n\t\t        \t\t           <a class=\"imagelink \"href=\"https:\/\/lebenleben.de\/loewenwaldschule\/aktuelles\/2024\/10\/28\/mit-herz-und-huf\/\" rel=\"bookmark\" title=\"Mit Herz und Huf\"><img loading=\"lazy\" decoding=\"async\" width=\"400\" height=\"240\" src=\"https:\/\/lebenleben.de\/loewenwaldschule\/wp-content\/uploads\/sites\/10\/2024\/10\/BauckHof-scaled-e1730119402289-400x240.jpg\" class=\"attachment-ll-thumb size-ll-thumb wp-post-image\" alt=\"\" srcset=\"https:\/\/lebenleben.de\/loewenwaldschule\/wp-content\/uploads\/sites\/10\/2024\/10\/BauckHof-scaled-e1730119402289-400x240.jpg 400w, https:\/\/lebenleben.de\/loewenwaldschule\/wp-content\/uploads\/sites\/10\/2024\/10\/BauckHof-scaled-e1730119402289-800x480.jpg 800w\" sizes=\"auto, (max-width: 400px) 100vw, 400px\" \/><\/a>\n\t\t        \t\t\t\t\t\t<div class=\"textwrapper\">\n\t\t\t        <h3><a href=\"https:\/\/lebenleben.de\/loewenwaldschule\/aktuelles\/2024\/10\/28\/mit-herz-und-huf\/\" rel=\"bookmark\" title=\"Mit Herz und Huf\">Mit Herz und Huf<\/a><\/h3>\n\t\t\t\t\t<p><span class=\"entry-date listrecentposts__entry-date\">28. Oktober 2024<\/span><\/p>\n\t\t\t        <p>\u201eKinder halten uns nicht von Wichtigerem ab. Sie sind das Wichtigste\u201c. Frei nach Lewis durften so rund 35 Kinder der Loewenwaldschule ein Geschenk der besonderen Art entgegennehmen. Ungehindert von Orthesen oder Rollst\u00fchlen durften die Sch\u00fclerInnen am 21.10.2024 einen komplett barrierefreien Erlebnistag auf dem \u201eBio-Gut Bauck\u201c in Bad Bodenteich verbringen. Bereits bei der Anfahrt war die [&hellip;]<\/p>\n\t\t\t\t\t\t\t<a href=\"https:\/\/lebenleben.de\/loewenwaldschule\/aktuelles\/2024\/10\/28\/mit-herz-und-huf\/\" rel=\"bookmark\" title=\"Mit Herz und Huf\">Weiterlesen&nbsp;&raquo;<\/a>\n\t\t\t\t\t\t<\/div>\n\t\t    <\/div>\n\t\t\t\t\t\t\t\t\t\t\t<div class=\"listteaser-single single-teaser block-subpage-wrapper__single post-14402 post type-post status-publish format-standard has-post-thumbnail hentry category-loewenwaldschule\">\n\t\t\t\t\n\t\t        \t\t           <a class=\"imagelink \"href=\"https:\/\/lebenleben.de\/loewenwaldschule\/aktuelles\/2024\/01\/17\/vielsaitiges-musikerlebnis\/\" rel=\"bookmark\" title=\"&#8222;Vielsaitiges&#8220; Musikerlebnis\"><img loading=\"lazy\" decoding=\"async\" width=\"400\" height=\"240\" src=\"https:\/\/lebenleben.de\/loewenwaldschule\/wp-content\/uploads\/sites\/10\/2024\/01\/Vielsaitig_1-400x240.jpg\" class=\"attachment-ll-thumb size-ll-thumb wp-post-image\" alt=\"\" srcset=\"https:\/\/lebenleben.de\/loewenwaldschule\/wp-content\/uploads\/sites\/10\/2024\/01\/Vielsaitig_1-400x240.jpg 400w, https:\/\/lebenleben.de\/loewenwaldschule\/wp-content\/uploads\/sites\/10\/2024\/01\/Vielsaitig_1-600x360.jpg 600w\" sizes=\"auto, (max-width: 400px) 100vw, 400px\" \/><\/a>\n\t\t        \t\t\t\t\t\t<div class=\"textwrapper\">\n\t\t\t        <h3><a href=\"https:\/\/lebenleben.de\/loewenwaldschule\/aktuelles\/2024\/01\/17\/vielsaitiges-musikerlebnis\/\" rel=\"bookmark\" title=\"&#8222;Vielsaitiges&#8220; Musikerlebnis\">&#8222;Vielsaitiges&#8220; Musikerlebnis<\/a><\/h3>\n\t\t\t\t\t<p><span class=\"entry-date listrecentposts__entry-date\">17. Januar 2024<\/span><\/p>\n\t\t\t        <p>Sch\u00fcler und Sch\u00fclerinnen unserer Loewenwaldschule durften Anfang des Jahres 2024 an einem besonderen Musikerlebnis teilnehmen. Im Rahmen des Projektes VIELSAITIG besuchen Musiker:innen Schulen in ganz Niedersachsen und stellen die verschiedensten Zupf- und Saiteninstrumente, wie Gitarre, Laute, Ukulele, E-Bass, Harfe, Bass und das Cello vor. Gemeinsam wurde ein Musikquiz \u00fcber die dortig aufgef\u00fchrten Musikinstrumente gespielt. Im [&hellip;]<\/p>\n\t\t\t\t\t\t\t<a href=\"https:\/\/lebenleben.de\/loewenwaldschule\/aktuelles\/2024\/01\/17\/vielsaitiges-musikerlebnis\/\" rel=\"bookmark\" title=\"&#8222;Vielsaitiges&#8220; Musikerlebnis\">Weiterlesen&nbsp;&raquo;<\/a>\n\t\t\t\t\t\t<\/div>\n\t\t    <\/div>\n\t\t\t\t\t\t\t\t\t\t\t<div class=\"listteaser-single single-teaser block-subpage-wrapper__single post-14391 post type-post status-publish format-standard has-post-thumbnail hentry category-allgemein\">\n\t\t\t\t\n\t\t        \t\t           <a class=\"imagelink \"href=\"https:\/\/lebenleben.de\/loewenwaldschule\/aktuelles\/2024\/01\/04\/notbetreuung-am-08-01-2024\/\" rel=\"bookmark\" title=\"Notbetreuung am 08.01.2024\"><img loading=\"lazy\" decoding=\"async\" width=\"400\" height=\"240\" src=\"https:\/\/lebenleben.de\/loewenwaldschule\/wp-content\/uploads\/sites\/10\/2024\/01\/ACHTUNG_iStock-1139609190-400x240.jpg\" class=\"attachment-ll-thumb size-ll-thumb wp-post-image\" alt=\"\" srcset=\"https:\/\/lebenleben.de\/loewenwaldschule\/wp-content\/uploads\/sites\/10\/2024\/01\/ACHTUNG_iStock-1139609190-400x240.jpg 400w, https:\/\/lebenleben.de\/loewenwaldschule\/wp-content\/uploads\/sites\/10\/2024\/01\/ACHTUNG_iStock-1139609190-800x480.jpg 800w, https:\/\/lebenleben.de\/loewenwaldschule\/wp-content\/uploads\/sites\/10\/2024\/01\/ACHTUNG_iStock-1139609190-600x360.jpg 600w\" sizes=\"auto, (max-width: 400px) 100vw, 400px\" \/><\/a>\n\t\t        \t\t\t\t\t\t<div class=\"textwrapper\">\n\t\t\t        <h3><a href=\"https:\/\/lebenleben.de\/loewenwaldschule\/aktuelles\/2024\/01\/04\/notbetreuung-am-08-01-2024\/\" rel=\"bookmark\" title=\"Notbetreuung am 08.01.2024\">Notbetreuung am 08.01.2024<\/a><\/h3>\n\t\t\t\t\t<p><span class=\"entry-date listrecentposts__entry-date\">4. Januar 2024<\/span><\/p>\n\t\t\t        <p>Wie Sie sicherlich bereits aus den Medien erfahren haben, ist f\u00fcr Montag, den 08.01.2024, ein Massenstreik angek\u00fcndigt worden. Die zu erwartenden massiven verkehrsbedingten Einschr\u00e4nkungen haben zu folgendem Entschluss gef\u00fchrt: Die Unternehmensgruppe wird zu gro\u00dfen Teilen in den Notbetrieb versetzt. Hierzu z\u00e4hlt auch unsere Loewenwaldschule. Am Montag, den 08.01.2024, wird keine Sch\u00fclerbef\u00f6rderung stattfinden! Es wird dar\u00fcber [&hellip;]<\/p>\n\t\t\t\t\t\t\t<a href=\"https:\/\/lebenleben.de\/loewenwaldschule\/aktuelles\/2024\/01\/04\/notbetreuung-am-08-01-2024\/\" rel=\"bookmark\" title=\"Notbetreuung am 08.01.2024\">Weiterlesen&nbsp;&raquo;<\/a>\n\t\t\t\t\t\t<\/div>\n\t\t    <\/div>\n\t\t\t\t\t\t\t\t\t\t\t<div class=\"listteaser-single single-teaser block-subpage-wrapper__single post-14380 post type-post status-publish format-standard has-post-thumbnail hentry category-allgemein\">\n\t\t\t\t\n\t\t        \t\t           <a class=\"imagelink \"href=\"https:\/\/lebenleben.de\/loewenwaldschule\/aktuelles\/2023\/09\/22\/sportfest-2023\/\" rel=\"bookmark\" title=\"Sportfest 2023\"><img loading=\"lazy\" decoding=\"async\" width=\"400\" height=\"240\" src=\"https:\/\/lebenleben.de\/loewenwaldschule\/wp-content\/uploads\/sites\/10\/2023\/09\/IMG20230921105251-400x240.jpg\" class=\"attachment-ll-thumb size-ll-thumb wp-post-image\" alt=\"\" srcset=\"https:\/\/lebenleben.de\/loewenwaldschule\/wp-content\/uploads\/sites\/10\/2023\/09\/IMG20230921105251-400x240.jpg 400w, https:\/\/lebenleben.de\/loewenwaldschule\/wp-content\/uploads\/sites\/10\/2023\/09\/IMG20230921105251-800x480.jpg 800w, https:\/\/lebenleben.de\/loewenwaldschule\/wp-content\/uploads\/sites\/10\/2023\/09\/IMG20230921105251-600x360.jpg 600w\" sizes=\"auto, (max-width: 400px) 100vw, 400px\" \/><\/a>\n\t\t        \t\t\t\t\t\t<div class=\"textwrapper\">\n\t\t\t        <h3><a href=\"https:\/\/lebenleben.de\/loewenwaldschule\/aktuelles\/2023\/09\/22\/sportfest-2023\/\" rel=\"bookmark\" title=\"Sportfest 2023\">Sportfest 2023<\/a><\/h3>\n\t\t\t\t\t<p><span class=\"entry-date listrecentposts__entry-date\">22. September 2023<\/span><\/p>\n\t\t\t        <p>Am 21. September wurde in der Loewenwaldschule &#8222;gesportelt&#8220; was das Zeug h\u00e4lt! Bei allersch\u00f6nstem sp\u00e4tsommerlichen Wetter konnten sich die Sch\u00fcler und Sch\u00fclerinnen in verschiedenen Disziplinen ausprobieren. Vom Slalomlauf, \u00fcber das Sackh\u00fcpfen &#8230;was &#8222;Auge zu&#8220; nicht unbedingt eine sportliche Disziplin ist, aber trotzdem erst einmal bew\u00e4ltigt werden will, bis zum Hockeyspiel und einem Hindernisparcours. Die Sch\u00fcler:innen [&hellip;]<\/p>\n\t\t\t\t\t\t\t<a href=\"https:\/\/lebenleben.de\/loewenwaldschule\/aktuelles\/2023\/09\/22\/sportfest-2023\/\" rel=\"bookmark\" title=\"Sportfest 2023\">Weiterlesen&nbsp;&raquo;<\/a>\n\t\t\t\t\t\t<\/div>\n\t\t    <\/div>\n\t\t\t\t\t\t\t\t\t\t\t<div class=\"listteaser-single single-teaser block-subpage-wrapper__single post-14359 post type-post status-publish format-standard has-post-thumbnail hentry category-allgemein\">\n\t\t\t\t\n\t\t        \t\t           <a class=\"imagelink \"href=\"https:\/\/lebenleben.de\/loewenwaldschule\/aktuelles\/2023\/08\/24\/ferienzeiten-2024\/\" rel=\"bookmark\" title=\"Ferienzeiten 2024\"><img loading=\"lazy\" decoding=\"async\" width=\"400\" height=\"240\" src=\"https:\/\/lebenleben.de\/loewenwaldschule\/wp-content\/uploads\/sites\/10\/2023\/08\/DSC01748-400x240.jpg\" class=\"attachment-ll-thumb size-ll-thumb wp-post-image\" alt=\"\" srcset=\"https:\/\/lebenleben.de\/loewenwaldschule\/wp-content\/uploads\/sites\/10\/2023\/08\/DSC01748-400x240.jpg 400w, https:\/\/lebenleben.de\/loewenwaldschule\/wp-content\/uploads\/sites\/10\/2023\/08\/DSC01748-800x480.jpg 800w, https:\/\/lebenleben.de\/loewenwaldschule\/wp-content\/uploads\/sites\/10\/2023\/08\/DSC01748-600x360.jpg 600w\" sizes=\"auto, (max-width: 400px) 100vw, 400px\" \/><\/a>\n\t\t        \t\t\t\t\t\t<div class=\"textwrapper\">\n\t\t\t        <h3><a href=\"https:\/\/lebenleben.de\/loewenwaldschule\/aktuelles\/2023\/08\/24\/ferienzeiten-2024\/\" rel=\"bookmark\" title=\"Ferienzeiten 2024\">Ferienzeiten 2024<\/a><\/h3>\n\t\t\t\t\t<p><span class=\"entry-date listrecentposts__entry-date\">24. August 2023<\/span><\/p>\n\t\t\t        <p>Hier finden Sie die Ferienzeiten der Loewenwaldschule f\u00fcr 2024.<\/p>\n\t\t\t\t\t\t\t<a href=\"https:\/\/lebenleben.de\/loewenwaldschule\/aktuelles\/2023\/08\/24\/ferienzeiten-2024\/\" rel=\"bookmark\" title=\"Ferienzeiten 2024\">Weiterlesen&nbsp;&raquo;<\/a>\n\t\t\t\t\t\t<\/div>\n\t\t    <\/div>\n\t\t\t\t\t\t\t\t\t\t\t<div class=\"listteaser-single single-teaser block-subpage-wrapper__single post-14375 post type-post status-publish format-standard has-post-thumbnail hentry category-allgemein\">\n\t\t\t\t\n\t\t        \t\t           <a class=\"imagelink \"href=\"https:\/\/lebenleben.de\/loewenwaldschule\/aktuelles\/2023\/07\/31\/abschlussstufe-feiert-abschied\/\" rel=\"bookmark\" title=\"Abschlussstufe feiert Abschied\"><img loading=\"lazy\" decoding=\"async\" width=\"400\" height=\"240\" src=\"https:\/\/lebenleben.de\/loewenwaldschule\/wp-content\/uploads\/sites\/10\/2023\/09\/Abschiedsfeier-Sommer-2023-400x240.jpg\" class=\"attachment-ll-thumb size-ll-thumb wp-post-image\" alt=\"\" srcset=\"https:\/\/lebenleben.de\/loewenwaldschule\/wp-content\/uploads\/sites\/10\/2023\/09\/Abschiedsfeier-Sommer-2023-400x240.jpg 400w, https:\/\/lebenleben.de\/loewenwaldschule\/wp-content\/uploads\/sites\/10\/2023\/09\/Abschiedsfeier-Sommer-2023-800x480.jpg 800w, https:\/\/lebenleben.de\/loewenwaldschule\/wp-content\/uploads\/sites\/10\/2023\/09\/Abschiedsfeier-Sommer-2023-600x360.jpg 600w\" sizes=\"auto, (max-width: 400px) 100vw, 400px\" \/><\/a>\n\t\t        \t\t\t\t\t\t<div class=\"textwrapper\">\n\t\t\t        <h3><a href=\"https:\/\/lebenleben.de\/loewenwaldschule\/aktuelles\/2023\/07\/31\/abschlussstufe-feiert-abschied\/\" rel=\"bookmark\" title=\"Abschlussstufe feiert Abschied\">Abschlussstufe feiert Abschied<\/a><\/h3>\n\t\t\t\t\t<p><span class=\"entry-date listrecentposts__entry-date\">31. Juli 2023<\/span><\/p>\n\t\t\t        <p>Mit Softgetr\u00e4nken und einer Menge an kleinen (Grill) Leckereien haben die Jugendlichen unserer Abschlussstufe ihren Abschied gefeiert. Im Beisein der Schulleitung und deren Vertretung wurden feierlich die Zeugnisse \u00fcberreicht. Mit einer Rose und einem Thermobecher als paktisches Andenken ausgestattet, wurden die ehemaligen Sch\u00fcler:innen in &#8222;die Welt&#8220; entlassen. Ein ganz besonderer Moment f\u00fcr alle Beteiligten.<\/p>\n\t\t\t\t\t\t\t<a href=\"https:\/\/lebenleben.de\/loewenwaldschule\/aktuelles\/2023\/07\/31\/abschlussstufe-feiert-abschied\/\" rel=\"bookmark\" title=\"Abschlussstufe feiert Abschied\">Weiterlesen&nbsp;&raquo;<\/a>\n\t\t\t\t\t\t<\/div>\n\t\t    <\/div>\n\t\t\n\t\t\n\n\n<\/div>\n\n\n<div id=\"llreadmore-block_5e9bc017f92a34b1919644e99cffb3ec\" class=\"block-llreadmore llreadmore aligncenter\">\n\t<a class=\"button\" href=\"https:\/\/lebenleben.de\/wunderland\/aktuelles\/aktuelle-beitrage\/\" target=\"_self\">Mehr aktuelle Beitr\u00e4ge&nbsp;&raquo;<\/a>\n<\/div>\n<\/div><\/div>\n","protected":false},"excerpt":{"rendered":"<p>Unterrichtszeiten Unterrichtsbeginn: 8:00 \u2013 8:30 Uhr (je nach Anfahrt) Unterrichtsende: Montag bis Donnerstag 14:45 Uhr, Freitag 13:15 Uhr Telefonische Erreichbarkeit der p\u00e4dagogischen Kr\u00e4fte Montag bis Freitag 7:00 \u2013 8:30 Uhr unter Telefon 0581 97166-34 Zu allen anderen Zeiten wenden Sie sich bitte an das Schulb\u00fcro. Aktuelles<\/p>\n","protected":false},"author":1,"featured_media":0,"parent":0,"menu_order":30,"comment_status":"closed","ping_status":"closed","template":"page-templates\/page-fullscreen.php","meta":{"_acf_changed":false,"footnotes":""},"class_list":["post-11","page","type-page","status-publish","hentry"],"acf":[],"yoast_head":"<!-- This site is optimized with the Yoast SEO plugin v27.3 - https:\/\/yoast.com\/product\/yoast-seo-wordpress\/ -->\n<title>Informationen der Loewenwaldschule | Uelzen<\/title>\n<meta name=\"description\" content=\"Informationen zum Schulalltag, Termine und Aktuelles \u2013 wir halten Sie hier auf dem Laufenden.\" \/>\n<meta name=\"robots\" content=\"index, follow, max-snippet:-1, max-image-preview:large, max-video-preview:-1\" \/>\n<link rel=\"canonical\" href=\"https:\/\/lebenleben.de\/loewenwaldschule\/informationen\/\" \/>\n<meta property=\"og:locale\" content=\"de_DE\" \/>\n<meta property=\"og:type\" content=\"article\" \/>\n<meta property=\"og:title\" content=\"Informationen der Loewenwaldschule | Uelzen\" \/>\n<meta property=\"og:description\" content=\"Informationen zum Schulalltag, Termine und Aktuelles \u2013 wir halten Sie hier auf dem Laufenden.\" \/>\n<meta property=\"og:url\" content=\"https:\/\/lebenleben.de\/loewenwaldschule\/informationen\/\" \/>\n<meta property=\"og:site_name\" content=\"Leben leben Loewenwaldschule\" \/>\n<meta property=\"article:modified_time\" content=\"2024-07-10T14:49:33+00:00\" \/>\n<meta name=\"twitter:card\" content=\"summary_large_image\" \/>\n<meta name=\"twitter:label1\" content=\"Gesch\u00e4tzte Lesezeit\" \/>\n\t<meta name=\"twitter:data1\" content=\"1\u00a0Minute\" \/>\n<script type=\"application\/ld+json\" class=\"yoast-schema-graph\">{\"@context\":\"https:\\\/\\\/schema.org\",\"@graph\":[{\"@type\":\"WebPage\",\"@id\":\"https:\\\/\\\/lebenleben.de\\\/loewenwaldschule\\\/informationen\\\/\",\"url\":\"https:\\\/\\\/lebenleben.de\\\/loewenwaldschule\\\/informationen\\\/\",\"name\":\"Informationen der Loewenwaldschule | Uelzen\",\"isPartOf\":{\"@id\":\"https:\\\/\\\/lebenleben.de\\\/loewenwaldschule\\\/#website\"},\"datePublished\":\"2021-01-22T14:46:49+00:00\",\"dateModified\":\"2024-07-10T14:49:33+00:00\",\"description\":\"Informationen zum Schulalltag, Termine und Aktuelles \u2013 wir halten Sie hier auf dem Laufenden.\",\"breadcrumb\":{\"@id\":\"https:\\\/\\\/lebenleben.de\\\/loewenwaldschule\\\/informationen\\\/#breadcrumb\"},\"inLanguage\":\"de\",\"potentialAction\":[{\"@type\":\"ReadAction\",\"target\":[\"https:\\\/\\\/lebenleben.de\\\/loewenwaldschule\\\/informationen\\\/\"]}]},{\"@type\":\"BreadcrumbList\",\"@id\":\"https:\\\/\\\/lebenleben.de\\\/loewenwaldschule\\\/informationen\\\/#breadcrumb\",\"itemListElement\":[{\"@type\":\"ListItem\",\"position\":1,\"name\":\"Startseite\",\"item\":\"https:\\\/\\\/lebenleben.de\\\/loewenwaldschule\\\/\"},{\"@type\":\"ListItem\",\"position\":2,\"name\":\"Informationen\"}]},{\"@type\":\"WebSite\",\"@id\":\"https:\\\/\\\/lebenleben.de\\\/loewenwaldschule\\\/#website\",\"url\":\"https:\\\/\\\/lebenleben.de\\\/loewenwaldschule\\\/\",\"name\":\"Leben leben Loewenwaldschule\",\"description\":\"Eine weitere Leben Leben Netzwerk Website\",\"publisher\":{\"@id\":\"https:\\\/\\\/lebenleben.de\\\/loewenwaldschule\\\/#organization\"},\"potentialAction\":[{\"@type\":\"SearchAction\",\"target\":{\"@type\":\"EntryPoint\",\"urlTemplate\":\"https:\\\/\\\/lebenleben.de\\\/loewenwaldschule\\\/?s={search_term_string}\"},\"query-input\":{\"@type\":\"PropertyValueSpecification\",\"valueRequired\":true,\"valueName\":\"search_term_string\"}}],\"inLanguage\":\"de\"},{\"@type\":\"Organization\",\"@id\":\"https:\\\/\\\/lebenleben.de\\\/loewenwaldschule\\\/#organization\",\"name\":\"Leben leben Loewenwaldschule\",\"url\":\"https:\\\/\\\/lebenleben.de\\\/loewenwaldschule\\\/\",\"logo\":{\"@type\":\"ImageObject\",\"inLanguage\":\"de\",\"@id\":\"https:\\\/\\\/lebenleben.de\\\/loewenwaldschule\\\/#\\\/schema\\\/logo\\\/image\\\/\",\"url\":\"https:\\\/\\\/lebenleben.de\\\/loewenwaldschule\\\/wp-content\\\/uploads\\\/sites\\\/10\\\/2021\\\/01\\\/ll_favicon-green.png\",\"contentUrl\":\"https:\\\/\\\/lebenleben.de\\\/loewenwaldschule\\\/wp-content\\\/uploads\\\/sites\\\/10\\\/2021\\\/01\\\/ll_favicon-green.png\",\"width\":501,\"height\":501,\"caption\":\"Leben leben Loewenwaldschule\"},\"image\":{\"@id\":\"https:\\\/\\\/lebenleben.de\\\/loewenwaldschule\\\/#\\\/schema\\\/logo\\\/image\\\/\"}}]}<\/script>\n<!-- \/ Yoast SEO plugin. -->","yoast_head_json":{"title":"Informationen der Loewenwaldschule | Uelzen","description":"Informationen zum Schulalltag, Termine und Aktuelles \u2013 wir halten Sie hier auf dem Laufenden.","robots":{"index":"index","follow":"follow","max-snippet":"max-snippet:-1","max-image-preview":"max-image-preview:large","max-video-preview":"max-video-preview:-1"},"canonical":"https:\/\/lebenleben.de\/loewenwaldschule\/informationen\/","og_locale":"de_DE","og_type":"article","og_title":"Informationen der Loewenwaldschule | Uelzen","og_description":"Informationen zum Schulalltag, Termine und Aktuelles \u2013 wir halten Sie hier auf dem Laufenden.","og_url":"https:\/\/lebenleben.de\/loewenwaldschule\/informationen\/","og_site_name":"Leben leben Loewenwaldschule","article_modified_time":"2024-07-10T14:49:33+00:00","twitter_card":"summary_large_image","twitter_misc":{"Gesch\u00e4tzte Lesezeit":"1\u00a0Minute"},"schema":{"@context":"https:\/\/schema.org","@graph":[{"@type":"WebPage","@id":"https:\/\/lebenleben.de\/loewenwaldschule\/informationen\/","url":"https:\/\/lebenleben.de\/loewenwaldschule\/informationen\/","name":"Informationen der Loewenwaldschule | Uelzen","isPartOf":{"@id":"https:\/\/lebenleben.de\/loewenwaldschule\/#website"},"datePublished":"2021-01-22T14:46:49+00:00","dateModified":"2024-07-10T14:49:33+00:00","description":"Informationen zum Schulalltag, Termine und Aktuelles \u2013 wir halten Sie hier auf dem Laufenden.","breadcrumb":{"@id":"https:\/\/lebenleben.de\/loewenwaldschule\/informationen\/#breadcrumb"},"inLanguage":"de","potentialAction":[{"@type":"ReadAction","target":["https:\/\/lebenleben.de\/loewenwaldschule\/informationen\/"]}]},{"@type":"BreadcrumbList","@id":"https:\/\/lebenleben.de\/loewenwaldschule\/informationen\/#breadcrumb","itemListElement":[{"@type":"ListItem","position":1,"name":"Startseite","item":"https:\/\/lebenleben.de\/loewenwaldschule\/"},{"@type":"ListItem","position":2,"name":"Informationen"}]},{"@type":"WebSite","@id":"https:\/\/lebenleben.de\/loewenwaldschule\/#website","url":"https:\/\/lebenleben.de\/loewenwaldschule\/","name":"Leben leben Loewenwaldschule","description":"Eine weitere Leben Leben Netzwerk Website","publisher":{"@id":"https:\/\/lebenleben.de\/loewenwaldschule\/#organization"},"potentialAction":[{"@type":"SearchAction","target":{"@type":"EntryPoint","urlTemplate":"https:\/\/lebenleben.de\/loewenwaldschule\/?s={search_term_string}"},"query-input":{"@type":"PropertyValueSpecification","valueRequired":true,"valueName":"search_term_string"}}],"inLanguage":"de"},{"@type":"Organization","@id":"https:\/\/lebenleben.de\/loewenwaldschule\/#organization","name":"Leben leben Loewenwaldschule","url":"https:\/\/lebenleben.de\/loewenwaldschule\/","logo":{"@type":"ImageObject","inLanguage":"de","@id":"https:\/\/lebenleben.de\/loewenwaldschule\/#\/schema\/logo\/image\/","url":"https:\/\/lebenleben.de\/loewenwaldschule\/wp-content\/uploads\/sites\/10\/2021\/01\/ll_favicon-green.png","contentUrl":"https:\/\/lebenleben.de\/loewenwaldschule\/wp-content\/uploads\/sites\/10\/2021\/01\/ll_favicon-green.png","width":501,"height":501,"caption":"Leben leben Loewenwaldschule"},"image":{"@id":"https:\/\/lebenleben.de\/loewenwaldschule\/#\/schema\/logo\/image\/"}}]}},"_links":{"self":[{"href":"https:\/\/lebenleben.de\/loewenwaldschule\/wp-json\/wp\/v2\/pages\/11","targetHints":{"allow":["GET"]}}],"collection":[{"href":"https:\/\/lebenleben.de\/loewenwaldschule\/wp-json\/wp\/v2\/pages"}],"about":[{"href":"https:\/\/lebenleben.de\/loewenwaldschule\/wp-json\/wp\/v2\/types\/page"}],"author":[{"embeddable":true,"href":"https:\/\/lebenleben.de\/loewenwaldschule\/wp-json\/wp\/v2\/users\/1"}],"replies":[{"embeddable":true,"href":"https:\/\/lebenleben.de\/loewenwaldschule\/wp-json\/wp\/v2\/comments?post=11"}],"version-history":[{"count":50,"href":"https:\/\/lebenleben.de\/loewenwaldschule\/wp-json\/wp\/v2\/pages\/11\/revisions"}],"predecessor-version":[{"id":14680,"href":"https:\/\/lebenleben.de\/loewenwaldschule\/wp-json\/wp\/v2\/pages\/11\/revisions\/14680"}],"wp:attachment":[{"href":"https:\/\/lebenleben.de\/loewenwaldschule\/wp-json\/wp\/v2\/media?parent=11"}],"curies":[{"name":"wp","href":"https:\/\/api.w.org\/{rel}","templated":true}]}}