{"id":19,"date":"2021-01-22T15:47:59","date_gmt":"2021-01-22T14:47:59","guid":{"rendered":"https:\/\/lebenleben.de\/loewenwaldschule\/?page_id=19"},"modified":"2024-05-28T16:24:20","modified_gmt":"2024-05-28T14:24:20","slug":"primarstufe-1-4","status":"publish","type":"page","link":"https:\/\/lebenleben.de\/loewenwaldschule\/schule\/primarstufe-1-4\/","title":{"rendered":"Primarstufe 1-4"},"content":{"rendered":"\n<div id=\"llimageslider-block_937665fc89971a7fa0956c4289a582cb\" class=\"block-llimageslider llimageslider alignwide\">\n\n    \n\t\t<div class=\"llimageslider-slider\" data-slick='{\"autoplaySpeed\": 5000}'>\n\t\t\t\t\t\t\t<div class=\"single-slide-wrapper slide-1\">\n\t\t\t\t\t<img loading=\"lazy\" decoding=\"async\" width=\"1400\" height=\"440\" src=\"https:\/\/lebenleben.de\/loewenwaldschule\/wp-content\/uploads\/sites\/10\/2024\/05\/Header_Loewenwaldschule-3.jpg\" class=\"single-slide-image slider-desktop-image\" alt=\"\" srcset=\"https:\/\/lebenleben.de\/loewenwaldschule\/wp-content\/uploads\/sites\/10\/2024\/05\/Header_Loewenwaldschule-3.jpg 1400w, https:\/\/lebenleben.de\/loewenwaldschule\/wp-content\/uploads\/sites\/10\/2024\/05\/Header_Loewenwaldschule-3-300x94.jpg 300w, https:\/\/lebenleben.de\/loewenwaldschule\/wp-content\/uploads\/sites\/10\/2024\/05\/Header_Loewenwaldschule-3-1024x322.jpg 1024w, https:\/\/lebenleben.de\/loewenwaldschule\/wp-content\/uploads\/sites\/10\/2024\/05\/Header_Loewenwaldschule-3-768x241.jpg 768w\" sizes=\"auto, (max-width: 1400px) 100vw, 1400px\" \/>          <img loading=\"lazy\" decoding=\"async\" width=\"1000\" height=\"314\" src=\"https:\/\/lebenleben.de\/loewenwaldschule\/wp-content\/uploads\/sites\/10\/2024\/05\/Header_Loewenwaldschule-3-1024x322.jpg\" class=\"single-slide-image slider-mobile-image\" alt=\"\" srcset=\"https:\/\/lebenleben.de\/loewenwaldschule\/wp-content\/uploads\/sites\/10\/2024\/05\/Header_Loewenwaldschule-3-1024x322.jpg 1024w, https:\/\/lebenleben.de\/loewenwaldschule\/wp-content\/uploads\/sites\/10\/2024\/05\/Header_Loewenwaldschule-3-300x94.jpg 300w, https:\/\/lebenleben.de\/loewenwaldschule\/wp-content\/uploads\/sites\/10\/2024\/05\/Header_Loewenwaldschule-3-768x241.jpg 768w, https:\/\/lebenleben.de\/loewenwaldschule\/wp-content\/uploads\/sites\/10\/2024\/05\/Header_Loewenwaldschule-3.jpg 1400w\" sizes=\"auto, (max-width: 1000px) 100vw, 1000px\" \/>\n                    <div class=\"single-slide-text\">\n          <h2>Primarstufe der Loewenwaldschule<\/h2><h3>Neue Lebenssituation Schule<\/h3>                  <\/div>\n        \n\t\t\t\t<\/div>\n\t\t\t\t\t<\/div>\n\t  <script>\n    jQuery(document).ready(function() {\n        jQuery('.llimageslider-slider').slick({\n          dots: true,\n          infinite: true,\n          speed: 1000,\n          autoplay: true,\n          adaptiveHeight: true,\n          slidesToShow: 1,\n          fade: true,\n          focusOnSelect: true\n        });\n    });\n    <\/script>\n<\/div>\n\n\n\n<p>Unsere Primarstufe (Grundstufe) umfasst die Schulbesuchsjahre 1\u20134. Wir unterrichten in mehreren parallelen, jahrgangs\u00fcbergreifenden Klassenverb\u00e4nden. Als Ganztagsschule bieten wir den Kompetenzaufbau und die Kompetenzerweiterung im Bereich der Lebenspraxis, der Selbst- und Fremdwahrnehmung, des sozialen Miteinanders und selbstverst\u00e4ndlich den Unterricht in den \u00fcblichen F\u00e4chern. Dieser wird in unserem klassen\u00fcbergreifenden Fachunterricht in den Bereichen Deutsch\/Kommunikation, Mathematik, Werken, Musik, Schwimmen und Sport je nach Bedarfslage erg\u00e4nzend und vertiefend gef\u00f6rdert.<\/p>\n\n\n\n<p>Der Unterricht orientiert sich auch am Leitziel eines selbstbestimmten Lebens mit maximaler gesellschaftlicher Teilhabe im Sinne einer selbstst\u00e4ndigen, sinnerf\u00fcllten und eigenverantwortlichen Lebensf\u00fchrung. Dementsprechend lassen sich die Zielsetzungen des Unterrichts in drei Schwerpunkte gliedern:<\/p>\n\n\n\n<div style=\"height:15px\" aria-hidden=\"true\" class=\"wp-block-spacer\"><\/div>\n\n\n\n<ul class=\"wp-block-list\">\n<li>Hilfen zur selbstst\u00e4ndigen Lebensf\u00fchrung<\/li>\n\n\n\n<li>Entfaltung der Pers\u00f6nlichkeit<\/li>\n\n\n\n<li>Teilhabe am gesellschaftlichen und kulturellen Leben<\/li>\n<\/ul>\n\n\n\n<p>Neben den lebenspraktischen Zielen steht im Anfangsunterricht der Einstieg in die Kulturtechniken im Vordergrund. Rituale und ein strukturierter Tagesablauf geben den jungen Sch\u00fcler:innen Sicherheit und Orientierung in der neuen Lebenssituation Schule.<\/p>\n\n\n\n<p>Wir richten unsere Arbeit an den amtlichen Festlegungen in Niedersachsen, insbesondere am Kerncurriculum f\u00fcr den F\u00f6rderschwerpunkt \u201eGeistige Entwicklung\u201c des Nieders\u00e4chsischen Kultusministeriums und am Grundsatzerlass zur sonderp\u00e4dagogischen F\u00f6rderung aus. Die Sch\u00fcler:innen werden hierbei entsprechend ihrem Lern- und Entwicklungsniveau in folgenden Bereichen unterrichtet und gef\u00f6rdert:<\/p>\n\n\n\n<div style=\"height:15px\" aria-hidden=\"true\" class=\"wp-block-spacer\"><\/div>\n\n\n\n<ul class=\"wp-block-list\">\n<li>F\u00f6rderung der Wahrnehmung<\/li>\n\n\n\n<li>F\u00f6rderung der Sozialkompetenz<\/li>\n\n\n\n<li>Deutsch\/Kommunikation<\/li>\n\n\n\n<li>Mathematik<\/li>\n\n\n\n<li>Sachunterricht, Welt- und Umweltkunde<\/li>\n\n\n\n<li>Bewegung, Sport und Schwimmen<\/li>\n\n\n\n<li>Musik und Kunst<\/li>\n\n\n\n<li>Hauswirtschaft\/Kochen<\/li>\n\n\n\n<li>Gestalten, Werken<\/li>\n<\/ul>\n\n\n\n<div style=\"height:50px\" aria-hidden=\"true\" class=\"wp-block-spacer\"><\/div>\n","protected":false},"excerpt":{"rendered":"<p>Neue Lebenssituation Schule<\/p>\n","protected":false},"author":1,"featured_media":0,"parent":9,"menu_order":0,"comment_status":"closed","ping_status":"closed","template":"page-templates\/page-fullscreen.php","meta":{"_acf_changed":false,"footnotes":""},"class_list":["post-19","page","type-page","status-publish","hentry"],"acf":[],"yoast_head":"<!-- This site is optimized with the Yoast SEO plugin v27.3 - https:\/\/yoast.com\/product\/yoast-seo-wordpress\/ -->\n<title>Loewenwaldschule Uelzen | Primarstufe<\/title>\n<meta name=\"description\" content=\"Loewenwaldschule in Uelzen: Unterrichtsziele f\u00fcr Sch\u00fcler:innen der Primarstufe (1.\u20134. Schulbesuchsjahr).\" \/>\n<meta name=\"robots\" content=\"index, follow, max-snippet:-1, max-image-preview:large, max-video-preview:-1\" \/>\n<link rel=\"canonical\" href=\"https:\/\/lebenleben.de\/loewenwaldschule\/schule\/primarstufe-1-4\/\" \/>\n<meta property=\"og:locale\" content=\"de_DE\" \/>\n<meta property=\"og:type\" content=\"article\" \/>\n<meta property=\"og:title\" content=\"Loewenwaldschule Uelzen | Primarstufe\" \/>\n<meta property=\"og:description\" content=\"Loewenwaldschule in Uelzen: Unterrichtsziele f\u00fcr Sch\u00fcler:innen der Primarstufe (1.\u20134. Schulbesuchsjahr).\" \/>\n<meta property=\"og:url\" content=\"https:\/\/lebenleben.de\/loewenwaldschule\/schule\/primarstufe-1-4\/\" \/>\n<meta property=\"og:site_name\" content=\"Leben leben Loewenwaldschule\" \/>\n<meta property=\"article:modified_time\" content=\"2024-05-28T14:24:20+00:00\" \/>\n<meta name=\"twitter:card\" content=\"summary_large_image\" \/>\n<meta name=\"twitter:label1\" content=\"Gesch\u00e4tzte Lesezeit\" \/>\n\t<meta name=\"twitter:data1\" content=\"2\u00a0Minuten\" \/>\n<script type=\"application\/ld+json\" class=\"yoast-schema-graph\">{\"@context\":\"https:\\\/\\\/schema.org\",\"@graph\":[{\"@type\":\"WebPage\",\"@id\":\"https:\\\/\\\/lebenleben.de\\\/loewenwaldschule\\\/schule\\\/primarstufe-1-4\\\/\",\"url\":\"https:\\\/\\\/lebenleben.de\\\/loewenwaldschule\\\/schule\\\/primarstufe-1-4\\\/\",\"name\":\"Loewenwaldschule Uelzen | Primarstufe\",\"isPartOf\":{\"@id\":\"https:\\\/\\\/lebenleben.de\\\/loewenwaldschule\\\/#website\"},\"datePublished\":\"2021-01-22T14:47:59+00:00\",\"dateModified\":\"2024-05-28T14:24:20+00:00\",\"description\":\"Loewenwaldschule in Uelzen: Unterrichtsziele f\u00fcr Sch\u00fcler:innen der Primarstufe (1.\u20134. Schulbesuchsjahr).\",\"breadcrumb\":{\"@id\":\"https:\\\/\\\/lebenleben.de\\\/loewenwaldschule\\\/schule\\\/primarstufe-1-4\\\/#breadcrumb\"},\"inLanguage\":\"de\",\"potentialAction\":[{\"@type\":\"ReadAction\",\"target\":[\"https:\\\/\\\/lebenleben.de\\\/loewenwaldschule\\\/schule\\\/primarstufe-1-4\\\/\"]}]},{\"@type\":\"BreadcrumbList\",\"@id\":\"https:\\\/\\\/lebenleben.de\\\/loewenwaldschule\\\/schule\\\/primarstufe-1-4\\\/#breadcrumb\",\"itemListElement\":[{\"@type\":\"ListItem\",\"position\":1,\"name\":\"Startseite\",\"item\":\"https:\\\/\\\/lebenleben.de\\\/loewenwaldschule\\\/\"},{\"@type\":\"ListItem\",\"position\":2,\"name\":\"Schule\",\"item\":\"https:\\\/\\\/lebenleben.de\\\/loewenwaldschule\\\/schule\\\/\"},{\"@type\":\"ListItem\",\"position\":3,\"name\":\"Primarstufe 1-4\"}]},{\"@type\":\"WebSite\",\"@id\":\"https:\\\/\\\/lebenleben.de\\\/loewenwaldschule\\\/#website\",\"url\":\"https:\\\/\\\/lebenleben.de\\\/loewenwaldschule\\\/\",\"name\":\"Leben leben Loewenwaldschule\",\"description\":\"Eine weitere Leben Leben Netzwerk Website\",\"publisher\":{\"@id\":\"https:\\\/\\\/lebenleben.de\\\/loewenwaldschule\\\/#organization\"},\"potentialAction\":[{\"@type\":\"SearchAction\",\"target\":{\"@type\":\"EntryPoint\",\"urlTemplate\":\"https:\\\/\\\/lebenleben.de\\\/loewenwaldschule\\\/?s={search_term_string}\"},\"query-input\":{\"@type\":\"PropertyValueSpecification\",\"valueRequired\":true,\"valueName\":\"search_term_string\"}}],\"inLanguage\":\"de\"},{\"@type\":\"Organization\",\"@id\":\"https:\\\/\\\/lebenleben.de\\\/loewenwaldschule\\\/#organization\",\"name\":\"Leben leben Loewenwaldschule\",\"url\":\"https:\\\/\\\/lebenleben.de\\\/loewenwaldschule\\\/\",\"logo\":{\"@type\":\"ImageObject\",\"inLanguage\":\"de\",\"@id\":\"https:\\\/\\\/lebenleben.de\\\/loewenwaldschule\\\/#\\\/schema\\\/logo\\\/image\\\/\",\"url\":\"https:\\\/\\\/lebenleben.de\\\/loewenwaldschule\\\/wp-content\\\/uploads\\\/sites\\\/10\\\/2021\\\/01\\\/ll_favicon-green.png\",\"contentUrl\":\"https:\\\/\\\/lebenleben.de\\\/loewenwaldschule\\\/wp-content\\\/uploads\\\/sites\\\/10\\\/2021\\\/01\\\/ll_favicon-green.png\",\"width\":501,\"height\":501,\"caption\":\"Leben leben Loewenwaldschule\"},\"image\":{\"@id\":\"https:\\\/\\\/lebenleben.de\\\/loewenwaldschule\\\/#\\\/schema\\\/logo\\\/image\\\/\"}}]}<\/script>\n<!-- \/ Yoast SEO plugin. -->","yoast_head_json":{"title":"Loewenwaldschule Uelzen | Primarstufe","description":"Loewenwaldschule in Uelzen: Unterrichtsziele f\u00fcr Sch\u00fcler:innen der Primarstufe (1.\u20134. Schulbesuchsjahr).","robots":{"index":"index","follow":"follow","max-snippet":"max-snippet:-1","max-image-preview":"max-image-preview:large","max-video-preview":"max-video-preview:-1"},"canonical":"https:\/\/lebenleben.de\/loewenwaldschule\/schule\/primarstufe-1-4\/","og_locale":"de_DE","og_type":"article","og_title":"Loewenwaldschule Uelzen | Primarstufe","og_description":"Loewenwaldschule in Uelzen: Unterrichtsziele f\u00fcr Sch\u00fcler:innen der Primarstufe (1.\u20134. Schulbesuchsjahr).","og_url":"https:\/\/lebenleben.de\/loewenwaldschule\/schule\/primarstufe-1-4\/","og_site_name":"Leben leben Loewenwaldschule","article_modified_time":"2024-05-28T14:24:20+00:00","twitter_card":"summary_large_image","twitter_misc":{"Gesch\u00e4tzte Lesezeit":"2\u00a0Minuten"},"schema":{"@context":"https:\/\/schema.org","@graph":[{"@type":"WebPage","@id":"https:\/\/lebenleben.de\/loewenwaldschule\/schule\/primarstufe-1-4\/","url":"https:\/\/lebenleben.de\/loewenwaldschule\/schule\/primarstufe-1-4\/","name":"Loewenwaldschule Uelzen | Primarstufe","isPartOf":{"@id":"https:\/\/lebenleben.de\/loewenwaldschule\/#website"},"datePublished":"2021-01-22T14:47:59+00:00","dateModified":"2024-05-28T14:24:20+00:00","description":"Loewenwaldschule in Uelzen: Unterrichtsziele f\u00fcr Sch\u00fcler:innen der Primarstufe (1.\u20134. Schulbesuchsjahr).","breadcrumb":{"@id":"https:\/\/lebenleben.de\/loewenwaldschule\/schule\/primarstufe-1-4\/#breadcrumb"},"inLanguage":"de","potentialAction":[{"@type":"ReadAction","target":["https:\/\/lebenleben.de\/loewenwaldschule\/schule\/primarstufe-1-4\/"]}]},{"@type":"BreadcrumbList","@id":"https:\/\/lebenleben.de\/loewenwaldschule\/schule\/primarstufe-1-4\/#breadcrumb","itemListElement":[{"@type":"ListItem","position":1,"name":"Startseite","item":"https:\/\/lebenleben.de\/loewenwaldschule\/"},{"@type":"ListItem","position":2,"name":"Schule","item":"https:\/\/lebenleben.de\/loewenwaldschule\/schule\/"},{"@type":"ListItem","position":3,"name":"Primarstufe 1-4"}]},{"@type":"WebSite","@id":"https:\/\/lebenleben.de\/loewenwaldschule\/#website","url":"https:\/\/lebenleben.de\/loewenwaldschule\/","name":"Leben leben Loewenwaldschule","description":"Eine weitere Leben Leben Netzwerk Website","publisher":{"@id":"https:\/\/lebenleben.de\/loewenwaldschule\/#organization"},"potentialAction":[{"@type":"SearchAction","target":{"@type":"EntryPoint","urlTemplate":"https:\/\/lebenleben.de\/loewenwaldschule\/?s={search_term_string}"},"query-input":{"@type":"PropertyValueSpecification","valueRequired":true,"valueName":"search_term_string"}}],"inLanguage":"de"},{"@type":"Organization","@id":"https:\/\/lebenleben.de\/loewenwaldschule\/#organization","name":"Leben leben Loewenwaldschule","url":"https:\/\/lebenleben.de\/loewenwaldschule\/","logo":{"@type":"ImageObject","inLanguage":"de","@id":"https:\/\/lebenleben.de\/loewenwaldschule\/#\/schema\/logo\/image\/","url":"https:\/\/lebenleben.de\/loewenwaldschule\/wp-content\/uploads\/sites\/10\/2021\/01\/ll_favicon-green.png","contentUrl":"https:\/\/lebenleben.de\/loewenwaldschule\/wp-content\/uploads\/sites\/10\/2021\/01\/ll_favicon-green.png","width":501,"height":501,"caption":"Leben leben Loewenwaldschule"},"image":{"@id":"https:\/\/lebenleben.de\/loewenwaldschule\/#\/schema\/logo\/image\/"}}]}},"_links":{"self":[{"href":"https:\/\/lebenleben.de\/loewenwaldschule\/wp-json\/wp\/v2\/pages\/19","targetHints":{"allow":["GET"]}}],"collection":[{"href":"https:\/\/lebenleben.de\/loewenwaldschule\/wp-json\/wp\/v2\/pages"}],"about":[{"href":"https:\/\/lebenleben.de\/loewenwaldschule\/wp-json\/wp\/v2\/types\/page"}],"author":[{"embeddable":true,"href":"https:\/\/lebenleben.de\/loewenwaldschule\/wp-json\/wp\/v2\/users\/1"}],"replies":[{"embeddable":true,"href":"https:\/\/lebenleben.de\/loewenwaldschule\/wp-json\/wp\/v2\/comments?post=19"}],"version-history":[{"count":9,"href":"https:\/\/lebenleben.de\/loewenwaldschule\/wp-json\/wp\/v2\/pages\/19\/revisions"}],"predecessor-version":[{"id":14644,"href":"https:\/\/lebenleben.de\/loewenwaldschule\/wp-json\/wp\/v2\/pages\/19\/revisions\/14644"}],"up":[{"embeddable":true,"href":"https:\/\/lebenleben.de\/loewenwaldschule\/wp-json\/wp\/v2\/pages\/9"}],"wp:attachment":[{"href":"https:\/\/lebenleben.de\/loewenwaldschule\/wp-json\/wp\/v2\/media?parent=19"}],"curies":[{"name":"wp","href":"https:\/\/api.w.org\/{rel}","templated":true}]}}