{"id":20,"date":"2021-01-22T15:48:06","date_gmt":"2021-01-22T14:48:06","guid":{"rendered":"https:\/\/lebenleben.de\/loewenwaldschule\/?page_id=20"},"modified":"2024-05-28T16:24:56","modified_gmt":"2024-05-28T14:24:56","slug":"sekundarstufe-i","status":"publish","type":"page","link":"https:\/\/lebenleben.de\/loewenwaldschule\/schule\/sekundarstufe-i\/","title":{"rendered":"Sekundarstufe I"},"content":{"rendered":"\n<div id=\"llimageslider-block_e739e6bc7fd29f477a676100963f1f1c\" class=\"block-llimageslider llimageslider alignwide\">\n\n    \n\t\t<div class=\"llimageslider-slider\" data-slick='{\"autoplaySpeed\": 5000}'>\n\t\t\t\t\t\t\t<div class=\"single-slide-wrapper slide-1\">\n\t\t\t\t\t<img loading=\"lazy\" decoding=\"async\" width=\"1400\" height=\"440\" src=\"https:\/\/lebenleben.de\/loewenwaldschule\/wp-content\/uploads\/sites\/10\/2024\/05\/Header_Loewenwaldschule-3.jpg\" class=\"single-slide-image slider-desktop-image\" alt=\"\" srcset=\"https:\/\/lebenleben.de\/loewenwaldschule\/wp-content\/uploads\/sites\/10\/2024\/05\/Header_Loewenwaldschule-3.jpg 1400w, https:\/\/lebenleben.de\/loewenwaldschule\/wp-content\/uploads\/sites\/10\/2024\/05\/Header_Loewenwaldschule-3-300x94.jpg 300w, https:\/\/lebenleben.de\/loewenwaldschule\/wp-content\/uploads\/sites\/10\/2024\/05\/Header_Loewenwaldschule-3-1024x322.jpg 1024w, https:\/\/lebenleben.de\/loewenwaldschule\/wp-content\/uploads\/sites\/10\/2024\/05\/Header_Loewenwaldschule-3-768x241.jpg 768w\" sizes=\"auto, (max-width: 1400px) 100vw, 1400px\" \/>          <img loading=\"lazy\" decoding=\"async\" width=\"1000\" height=\"314\" src=\"https:\/\/lebenleben.de\/loewenwaldschule\/wp-content\/uploads\/sites\/10\/2024\/05\/Header_Loewenwaldschule-3-1024x322.jpg\" class=\"single-slide-image slider-mobile-image\" alt=\"\" srcset=\"https:\/\/lebenleben.de\/loewenwaldschule\/wp-content\/uploads\/sites\/10\/2024\/05\/Header_Loewenwaldschule-3-1024x322.jpg 1024w, https:\/\/lebenleben.de\/loewenwaldschule\/wp-content\/uploads\/sites\/10\/2024\/05\/Header_Loewenwaldschule-3-300x94.jpg 300w, https:\/\/lebenleben.de\/loewenwaldschule\/wp-content\/uploads\/sites\/10\/2024\/05\/Header_Loewenwaldschule-3-768x241.jpg 768w, https:\/\/lebenleben.de\/loewenwaldschule\/wp-content\/uploads\/sites\/10\/2024\/05\/Header_Loewenwaldschule-3.jpg 1400w\" sizes=\"auto, (max-width: 1000px) 100vw, 1000px\" \/>\n                    <div class=\"single-slide-text\">\n          <h2>Sekundarstufe I der Loewenwaldschule<\/h2><h3>Selbstst\u00e4ndigkeit und Eigenverantwortung<\/h3>                  <\/div>\n        \n\t\t\t\t<\/div>\n\t\t\t\t\t<\/div>\n\t  <script>\n    jQuery(document).ready(function() {\n        jQuery('.llimageslider-slider').slick({\n          dots: true,\n          infinite: true,\n          speed: 1000,\n          autoplay: true,\n          adaptiveHeight: true,\n          slidesToShow: 1,\n          fade: true,\n          focusOnSelect: true\n        });\n    });\n    <\/script>\n<\/div>\n\n\n\n<p>Die Sekundarstufe 1 (Sek. 1) umfasst die Schulbesuchsjahre 5\u20139. Auch hier unterrichten wir in mehreren parallelen, jahrgangs\u00fcbergreifenden Klassenverb\u00e4nden. Neben den Kulturtechniken stehen hier zunehmend Selbstst\u00e4ndigkeit und Eigenverantwortung im Vordergrund.<\/p>\n\n\n\n<p>Auch hier orientieren wir uns in unserer Arbeit an den amtlichen Festlegungen in Niedersachsen, insbesondere am Kerncurriculum f\u00fcr den F\u00f6rderschwerpunkt \u201egeistige Entwicklung\u201c des Nieders\u00e4chsischen Kultusministeriums sowie am Grundsatzerlass zur sonderp\u00e4dagogischen F\u00f6rderung.<\/p>\n\n\n\n<p>Unser Anspruch ist es, den Sch\u00fcler:innen und Eltern Sicherheit und Kontinuit\u00e4t zu vermitteln. Doch ausgehend von den sich ver\u00e4ndernden Bildungsanforderungen und den Besonderheiten unserer Sch\u00fcler:innen erg\u00e4nzen und passen wir unseren Unterricht immer wieder an. So suchen wir, ausgehend von der Individualit\u00e4t eines jeden Kindes, die angemessenen Formen inklusiven Lehrens und Lernens und entwickeln das Zusammenleben in der Schule kontinuierlich weiter&nbsp;\u2013 experimentell und professionell.<\/p>\n\n\n\n<div style=\"height:50px\" aria-hidden=\"true\" class=\"wp-block-spacer\"><\/div>\n","protected":false},"excerpt":{"rendered":"<p>Selbstst\u00e4ndigkeit und Eigenverantwortung<\/p>\n","protected":false},"author":1,"featured_media":0,"parent":9,"menu_order":10,"comment_status":"closed","ping_status":"closed","template":"page-templates\/page-fullscreen.php","meta":{"_acf_changed":false,"footnotes":""},"class_list":["post-20","page","type-page","status-publish","hentry"],"acf":[],"yoast_head":"<!-- This site is optimized with the Yoast SEO plugin v27.3 - https:\/\/yoast.com\/product\/yoast-seo-wordpress\/ -->\n<title>Loewenwaldschule Uelzen | Sekundarstufe I<\/title>\n<meta name=\"description\" content=\"Loewenwaldschule in Uelzen: Unterrichtsziele f\u00fcr Sch\u00fcler:innen der Sekundarstufe\u00a0I (5.\u20139. Schulbesuchsjahr).\" \/>\n<meta name=\"robots\" content=\"index, follow, max-snippet:-1, max-image-preview:large, max-video-preview:-1\" \/>\n<link rel=\"canonical\" href=\"https:\/\/lebenleben.de\/loewenwaldschule\/schule\/sekundarstufe-i\/\" \/>\n<meta property=\"og:locale\" content=\"de_DE\" \/>\n<meta property=\"og:type\" content=\"article\" \/>\n<meta property=\"og:title\" content=\"Loewenwaldschule Uelzen | Sekundarstufe I\" \/>\n<meta property=\"og:description\" content=\"Loewenwaldschule in Uelzen: Unterrichtsziele f\u00fcr Sch\u00fcler:innen der Sekundarstufe\u00a0I (5.\u20139. Schulbesuchsjahr).\" \/>\n<meta property=\"og:url\" content=\"https:\/\/lebenleben.de\/loewenwaldschule\/schule\/sekundarstufe-i\/\" \/>\n<meta property=\"og:site_name\" content=\"Leben leben Loewenwaldschule\" \/>\n<meta property=\"article:modified_time\" content=\"2024-05-28T14:24:56+00:00\" \/>\n<meta name=\"twitter:card\" content=\"summary_large_image\" \/>\n<meta name=\"twitter:label1\" content=\"Gesch\u00e4tzte Lesezeit\" \/>\n\t<meta name=\"twitter:data1\" content=\"1\u00a0Minute\" \/>\n<script type=\"application\/ld+json\" class=\"yoast-schema-graph\">{\"@context\":\"https:\\\/\\\/schema.org\",\"@graph\":[{\"@type\":\"WebPage\",\"@id\":\"https:\\\/\\\/lebenleben.de\\\/loewenwaldschule\\\/schule\\\/sekundarstufe-i\\\/\",\"url\":\"https:\\\/\\\/lebenleben.de\\\/loewenwaldschule\\\/schule\\\/sekundarstufe-i\\\/\",\"name\":\"Loewenwaldschule Uelzen | Sekundarstufe I\",\"isPartOf\":{\"@id\":\"https:\\\/\\\/lebenleben.de\\\/loewenwaldschule\\\/#website\"},\"datePublished\":\"2021-01-22T14:48:06+00:00\",\"dateModified\":\"2024-05-28T14:24:56+00:00\",\"description\":\"Loewenwaldschule in Uelzen: Unterrichtsziele f\u00fcr Sch\u00fcler:innen der Sekundarstufe\u00a0I (5.\u20139. Schulbesuchsjahr).\",\"breadcrumb\":{\"@id\":\"https:\\\/\\\/lebenleben.de\\\/loewenwaldschule\\\/schule\\\/sekundarstufe-i\\\/#breadcrumb\"},\"inLanguage\":\"de\",\"potentialAction\":[{\"@type\":\"ReadAction\",\"target\":[\"https:\\\/\\\/lebenleben.de\\\/loewenwaldschule\\\/schule\\\/sekundarstufe-i\\\/\"]}]},{\"@type\":\"BreadcrumbList\",\"@id\":\"https:\\\/\\\/lebenleben.de\\\/loewenwaldschule\\\/schule\\\/sekundarstufe-i\\\/#breadcrumb\",\"itemListElement\":[{\"@type\":\"ListItem\",\"position\":1,\"name\":\"Startseite\",\"item\":\"https:\\\/\\\/lebenleben.de\\\/loewenwaldschule\\\/\"},{\"@type\":\"ListItem\",\"position\":2,\"name\":\"Schule\",\"item\":\"https:\\\/\\\/lebenleben.de\\\/loewenwaldschule\\\/schule\\\/\"},{\"@type\":\"ListItem\",\"position\":3,\"name\":\"Sekundarstufe I\"}]},{\"@type\":\"WebSite\",\"@id\":\"https:\\\/\\\/lebenleben.de\\\/loewenwaldschule\\\/#website\",\"url\":\"https:\\\/\\\/lebenleben.de\\\/loewenwaldschule\\\/\",\"name\":\"Leben leben Loewenwaldschule\",\"description\":\"Eine weitere Leben Leben Netzwerk Website\",\"publisher\":{\"@id\":\"https:\\\/\\\/lebenleben.de\\\/loewenwaldschule\\\/#organization\"},\"potentialAction\":[{\"@type\":\"SearchAction\",\"target\":{\"@type\":\"EntryPoint\",\"urlTemplate\":\"https:\\\/\\\/lebenleben.de\\\/loewenwaldschule\\\/?s={search_term_string}\"},\"query-input\":{\"@type\":\"PropertyValueSpecification\",\"valueRequired\":true,\"valueName\":\"search_term_string\"}}],\"inLanguage\":\"de\"},{\"@type\":\"Organization\",\"@id\":\"https:\\\/\\\/lebenleben.de\\\/loewenwaldschule\\\/#organization\",\"name\":\"Leben leben Loewenwaldschule\",\"url\":\"https:\\\/\\\/lebenleben.de\\\/loewenwaldschule\\\/\",\"logo\":{\"@type\":\"ImageObject\",\"inLanguage\":\"de\",\"@id\":\"https:\\\/\\\/lebenleben.de\\\/loewenwaldschule\\\/#\\\/schema\\\/logo\\\/image\\\/\",\"url\":\"https:\\\/\\\/lebenleben.de\\\/loewenwaldschule\\\/wp-content\\\/uploads\\\/sites\\\/10\\\/2021\\\/01\\\/ll_favicon-green.png\",\"contentUrl\":\"https:\\\/\\\/lebenleben.de\\\/loewenwaldschule\\\/wp-content\\\/uploads\\\/sites\\\/10\\\/2021\\\/01\\\/ll_favicon-green.png\",\"width\":501,\"height\":501,\"caption\":\"Leben leben Loewenwaldschule\"},\"image\":{\"@id\":\"https:\\\/\\\/lebenleben.de\\\/loewenwaldschule\\\/#\\\/schema\\\/logo\\\/image\\\/\"}}]}<\/script>\n<!-- \/ Yoast SEO plugin. -->","yoast_head_json":{"title":"Loewenwaldschule Uelzen | Sekundarstufe I","description":"Loewenwaldschule in Uelzen: Unterrichtsziele f\u00fcr Sch\u00fcler:innen der Sekundarstufe\u00a0I (5.\u20139. Schulbesuchsjahr).","robots":{"index":"index","follow":"follow","max-snippet":"max-snippet:-1","max-image-preview":"max-image-preview:large","max-video-preview":"max-video-preview:-1"},"canonical":"https:\/\/lebenleben.de\/loewenwaldschule\/schule\/sekundarstufe-i\/","og_locale":"de_DE","og_type":"article","og_title":"Loewenwaldschule Uelzen | Sekundarstufe I","og_description":"Loewenwaldschule in Uelzen: Unterrichtsziele f\u00fcr Sch\u00fcler:innen der Sekundarstufe\u00a0I (5.\u20139. Schulbesuchsjahr).","og_url":"https:\/\/lebenleben.de\/loewenwaldschule\/schule\/sekundarstufe-i\/","og_site_name":"Leben leben Loewenwaldschule","article_modified_time":"2024-05-28T14:24:56+00:00","twitter_card":"summary_large_image","twitter_misc":{"Gesch\u00e4tzte Lesezeit":"1\u00a0Minute"},"schema":{"@context":"https:\/\/schema.org","@graph":[{"@type":"WebPage","@id":"https:\/\/lebenleben.de\/loewenwaldschule\/schule\/sekundarstufe-i\/","url":"https:\/\/lebenleben.de\/loewenwaldschule\/schule\/sekundarstufe-i\/","name":"Loewenwaldschule Uelzen | Sekundarstufe I","isPartOf":{"@id":"https:\/\/lebenleben.de\/loewenwaldschule\/#website"},"datePublished":"2021-01-22T14:48:06+00:00","dateModified":"2024-05-28T14:24:56+00:00","description":"Loewenwaldschule in Uelzen: Unterrichtsziele f\u00fcr Sch\u00fcler:innen der Sekundarstufe\u00a0I (5.\u20139. Schulbesuchsjahr).","breadcrumb":{"@id":"https:\/\/lebenleben.de\/loewenwaldschule\/schule\/sekundarstufe-i\/#breadcrumb"},"inLanguage":"de","potentialAction":[{"@type":"ReadAction","target":["https:\/\/lebenleben.de\/loewenwaldschule\/schule\/sekundarstufe-i\/"]}]},{"@type":"BreadcrumbList","@id":"https:\/\/lebenleben.de\/loewenwaldschule\/schule\/sekundarstufe-i\/#breadcrumb","itemListElement":[{"@type":"ListItem","position":1,"name":"Startseite","item":"https:\/\/lebenleben.de\/loewenwaldschule\/"},{"@type":"ListItem","position":2,"name":"Schule","item":"https:\/\/lebenleben.de\/loewenwaldschule\/schule\/"},{"@type":"ListItem","position":3,"name":"Sekundarstufe I"}]},{"@type":"WebSite","@id":"https:\/\/lebenleben.de\/loewenwaldschule\/#website","url":"https:\/\/lebenleben.de\/loewenwaldschule\/","name":"Leben leben Loewenwaldschule","description":"Eine weitere Leben Leben Netzwerk Website","publisher":{"@id":"https:\/\/lebenleben.de\/loewenwaldschule\/#organization"},"potentialAction":[{"@type":"SearchAction","target":{"@type":"EntryPoint","urlTemplate":"https:\/\/lebenleben.de\/loewenwaldschule\/?s={search_term_string}"},"query-input":{"@type":"PropertyValueSpecification","valueRequired":true,"valueName":"search_term_string"}}],"inLanguage":"de"},{"@type":"Organization","@id":"https:\/\/lebenleben.de\/loewenwaldschule\/#organization","name":"Leben leben Loewenwaldschule","url":"https:\/\/lebenleben.de\/loewenwaldschule\/","logo":{"@type":"ImageObject","inLanguage":"de","@id":"https:\/\/lebenleben.de\/loewenwaldschule\/#\/schema\/logo\/image\/","url":"https:\/\/lebenleben.de\/loewenwaldschule\/wp-content\/uploads\/sites\/10\/2021\/01\/ll_favicon-green.png","contentUrl":"https:\/\/lebenleben.de\/loewenwaldschule\/wp-content\/uploads\/sites\/10\/2021\/01\/ll_favicon-green.png","width":501,"height":501,"caption":"Leben leben Loewenwaldschule"},"image":{"@id":"https:\/\/lebenleben.de\/loewenwaldschule\/#\/schema\/logo\/image\/"}}]}},"_links":{"self":[{"href":"https:\/\/lebenleben.de\/loewenwaldschule\/wp-json\/wp\/v2\/pages\/20","targetHints":{"allow":["GET"]}}],"collection":[{"href":"https:\/\/lebenleben.de\/loewenwaldschule\/wp-json\/wp\/v2\/pages"}],"about":[{"href":"https:\/\/lebenleben.de\/loewenwaldschule\/wp-json\/wp\/v2\/types\/page"}],"author":[{"embeddable":true,"href":"https:\/\/lebenleben.de\/loewenwaldschule\/wp-json\/wp\/v2\/users\/1"}],"replies":[{"embeddable":true,"href":"https:\/\/lebenleben.de\/loewenwaldschule\/wp-json\/wp\/v2\/comments?post=20"}],"version-history":[{"count":9,"href":"https:\/\/lebenleben.de\/loewenwaldschule\/wp-json\/wp\/v2\/pages\/20\/revisions"}],"predecessor-version":[{"id":14647,"href":"https:\/\/lebenleben.de\/loewenwaldschule\/wp-json\/wp\/v2\/pages\/20\/revisions\/14647"}],"up":[{"embeddable":true,"href":"https:\/\/lebenleben.de\/loewenwaldschule\/wp-json\/wp\/v2\/pages\/9"}],"wp:attachment":[{"href":"https:\/\/lebenleben.de\/loewenwaldschule\/wp-json\/wp\/v2\/media?parent=20"}],"curies":[{"name":"wp","href":"https:\/\/api.w.org\/{rel}","templated":true}]}}