{"id":21,"date":"2021-01-22T15:48:21","date_gmt":"2021-01-22T14:48:21","guid":{"rendered":"https:\/\/lebenleben.de\/loewenwaldschule\/?page_id=21"},"modified":"2024-05-28T14:39:24","modified_gmt":"2024-05-28T12:39:24","slug":"sekundarstufe-ii","status":"publish","type":"page","link":"https:\/\/lebenleben.de\/loewenwaldschule\/schule\/sekundarstufe-ii\/","title":{"rendered":"Sekundarstufe II"},"content":{"rendered":"\n<div id=\"llimageslider-block_c6ca8fc8236d07eb70b060294b01885e\" class=\"block-llimageslider llimageslider alignwide\">\n\n    \n\t\t<div class=\"llimageslider-slider\" data-slick='{\"autoplaySpeed\": 5000}'>\n\t\t\t\t\t\t\t<div class=\"single-slide-wrapper slide-1\">\n\t\t\t\t\t<img loading=\"lazy\" decoding=\"async\" width=\"1400\" height=\"440\" src=\"https:\/\/lebenleben.de\/loewenwaldschule\/wp-content\/uploads\/sites\/10\/2024\/05\/ll_header_slider_image_1400x560_0004_Lebenshilfe_1-259-1400x440-1.jpg\" class=\"single-slide-image slider-desktop-image\" alt=\"\" srcset=\"https:\/\/lebenleben.de\/loewenwaldschule\/wp-content\/uploads\/sites\/10\/2024\/05\/ll_header_slider_image_1400x560_0004_Lebenshilfe_1-259-1400x440-1.jpg 1400w, https:\/\/lebenleben.de\/loewenwaldschule\/wp-content\/uploads\/sites\/10\/2024\/05\/ll_header_slider_image_1400x560_0004_Lebenshilfe_1-259-1400x440-1-300x94.jpg 300w, https:\/\/lebenleben.de\/loewenwaldschule\/wp-content\/uploads\/sites\/10\/2024\/05\/ll_header_slider_image_1400x560_0004_Lebenshilfe_1-259-1400x440-1-1024x322.jpg 1024w, https:\/\/lebenleben.de\/loewenwaldschule\/wp-content\/uploads\/sites\/10\/2024\/05\/ll_header_slider_image_1400x560_0004_Lebenshilfe_1-259-1400x440-1-768x241.jpg 768w\" sizes=\"auto, (max-width: 1400px) 100vw, 1400px\" \/>          <img loading=\"lazy\" decoding=\"async\" width=\"1000\" height=\"314\" src=\"https:\/\/lebenleben.de\/loewenwaldschule\/wp-content\/uploads\/sites\/10\/2024\/05\/ll_header_slider_image_1400x560_0004_Lebenshilfe_1-259-1400x440-1-1024x322.jpg\" class=\"single-slide-image slider-mobile-image\" alt=\"\" srcset=\"https:\/\/lebenleben.de\/loewenwaldschule\/wp-content\/uploads\/sites\/10\/2024\/05\/ll_header_slider_image_1400x560_0004_Lebenshilfe_1-259-1400x440-1-1024x322.jpg 1024w, https:\/\/lebenleben.de\/loewenwaldschule\/wp-content\/uploads\/sites\/10\/2024\/05\/ll_header_slider_image_1400x560_0004_Lebenshilfe_1-259-1400x440-1-300x94.jpg 300w, https:\/\/lebenleben.de\/loewenwaldschule\/wp-content\/uploads\/sites\/10\/2024\/05\/ll_header_slider_image_1400x560_0004_Lebenshilfe_1-259-1400x440-1-768x241.jpg 768w, https:\/\/lebenleben.de\/loewenwaldschule\/wp-content\/uploads\/sites\/10\/2024\/05\/ll_header_slider_image_1400x560_0004_Lebenshilfe_1-259-1400x440-1.jpg 1400w\" sizes=\"auto, (max-width: 1000px) 100vw, 1000px\" \/>\n                    <div class=\"single-slide-text\">\n          <h2>Sekundarstufe II der Loewenwaldschule<\/h2><h3>Vorbereitung auf das Erwachsenenleben und die Arbeitswelt<\/h3>                  <\/div>\n        \n\t\t\t\t<\/div>\n\t\t\t\t\t<\/div>\n\t  <script>\n    jQuery(document).ready(function() {\n        jQuery('.llimageslider-slider').slick({\n          dots: true,\n          infinite: true,\n          speed: 1000,\n          autoplay: true,\n          adaptiveHeight: true,\n          slidesToShow: 1,\n          fade: true,\n          focusOnSelect: true\n        });\n    });\n    <\/script>\n<\/div>\n\n\n\n<p>Die Sekundarstufe II (Abschlussstufe) umfasst die Schulbesuchsjahre 10\u201312, im Bedarfsfall auch ein 13. Jahr. Die Sch\u00fcler:innen werden gezielt auf das Erwachsenen- und Berufsleben vorbereitet, wobei der Lernort Schule mehr und mehr durch den Lernort Umwelt und Gesellschaft ersetzt wird. Die vielschichtige Vorbereitung auf die Arbeitswelt, der Erwerb unterschiedlicher praktischer Fertigkeiten sowie die St\u00e4rkung von Sozialkompetenzen haben einen hohen Stellenwert in der t\u00e4glichen Unterrichtsarbeit.<\/p>\n\n\n\n<p>Die Klassen der Abschlussstufe werden in unserer Au\u00dfenstelle in der Veer\u00dfer Str. 60 + 62 unterrichtet, da wir in diesen R\u00e4umlichkeiten den Anforderungen einer angemessen differenzierten F\u00f6rderung gerecht werden k\u00f6nnen, zu dem auch der einmal monatlich stattfindende Interessennachmittag geh\u00f6rt, der sich an den Freizeitinteressen der Jugendlichen orientiert. Von gro\u00dfer Bedeutung ist das ein- bis zweiw\u00f6chige Berufspraktikum, in dessen Rahmen im Bedarfsfall auch ein Wohnpraktikum absolviert werden kann.<\/p>\n\n\n\n<p>In der Sekundarstufe&nbsp;II ist es unser Anliegen,<\/p>\n\n\n\n<div style=\"height:15px\" aria-hidden=\"true\" class=\"wp-block-spacer\"><\/div>\n\n\n\n<ul class=\"wp-block-list\">\n<li>unsere Sch\u00fcler:innen beim Erwachsenwerden zu begleiten,<\/li>\n\n\n\n<li>in ihnen junge Erwachsene zu sehen, auch wenn sie noch kindliche Verhaltensweisen zeigen,<\/li>\n\n\n\n<li>sie darauf vorzubereiten, ein weitgehend selbstst\u00e4ndiges und eigenverantwortliches Leben zu f\u00fchren<\/li>\n\n\n\n<li>im Umgang mit ihnen p\u00e4dagogisch zu arbeiten,<\/li>\n\n\n\n<li>f\u00fcr die erfolgreiche Umsetzung der Unterrichtsinhalte vermehrt au\u00dferschulische Lernorte aufzusuchen,<\/li>\n\n\n\n<li>ihnen vielf\u00e4ltige Kontakten mit gleichaltrigen Jugendlichen zu erm\u00f6glichen.<\/li>\n<\/ul>\n\n\n\n<p>Der Unterricht der Abschlussstufen richtet sich nach dem Kerncurriculum f\u00fcr den F\u00f6rderschwerpunkt \u201eGeistige Entwicklung Sekundarbereich II\u201c des Nieders\u00e4chsischen Kultusministeriums.<\/p>\n\n\n\n<p>Unser Ziel ist es, den Sch\u00fcler:innen den \u00dcbergang vom Ich zum Wir als einen nat\u00fcrlichen Prozess erleben und begreifen zu lassen.<\/p>\n\n\n\n<div style=\"height:50px\" aria-hidden=\"true\" class=\"wp-block-spacer\"><\/div>\n","protected":false},"excerpt":{"rendered":"<p>Vorbereitung auf das Erwachsenenleben und die Arbeitswelt<\/p>\n","protected":false},"author":1,"featured_media":0,"parent":9,"menu_order":20,"comment_status":"closed","ping_status":"closed","template":"page-templates\/page-fullscreen.php","meta":{"_acf_changed":false,"footnotes":""},"class_list":["post-21","page","type-page","status-publish","hentry"],"acf":[],"yoast_head":"<!-- This site is optimized with the Yoast SEO plugin v27.3 - https:\/\/yoast.com\/product\/yoast-seo-wordpress\/ -->\n<title>Loewenwaldschule Uelzen | Sekundarstufe II<\/title>\n<meta name=\"description\" content=\"Loewenwaldschule in Uelzen: Unterrichtsziele f\u00fcr Sch\u00fcler:innen der Sekundarstufe\u00a0II (10.\u201312.\/13. Schulbesuchsjahr).\" \/>\n<meta name=\"robots\" content=\"index, follow, max-snippet:-1, max-image-preview:large, max-video-preview:-1\" \/>\n<link rel=\"canonical\" href=\"https:\/\/lebenleben.de\/loewenwaldschule\/schule\/sekundarstufe-ii\/\" \/>\n<meta property=\"og:locale\" content=\"de_DE\" \/>\n<meta property=\"og:type\" content=\"article\" \/>\n<meta property=\"og:title\" content=\"Loewenwaldschule Uelzen | Sekundarstufe II\" \/>\n<meta property=\"og:description\" content=\"Loewenwaldschule in Uelzen: Unterrichtsziele f\u00fcr Sch\u00fcler:innen der Sekundarstufe\u00a0II (10.\u201312.\/13. Schulbesuchsjahr).\" \/>\n<meta property=\"og:url\" content=\"https:\/\/lebenleben.de\/loewenwaldschule\/schule\/sekundarstufe-ii\/\" \/>\n<meta property=\"og:site_name\" content=\"Leben leben Loewenwaldschule\" \/>\n<meta property=\"article:modified_time\" content=\"2024-05-28T12:39:24+00:00\" \/>\n<meta name=\"twitter:card\" content=\"summary_large_image\" \/>\n<meta name=\"twitter:label1\" content=\"Gesch\u00e4tzte Lesezeit\" \/>\n\t<meta name=\"twitter:data1\" content=\"2\u00a0Minuten\" \/>\n<script type=\"application\/ld+json\" class=\"yoast-schema-graph\">{\"@context\":\"https:\\\/\\\/schema.org\",\"@graph\":[{\"@type\":\"WebPage\",\"@id\":\"https:\\\/\\\/lebenleben.de\\\/loewenwaldschule\\\/schule\\\/sekundarstufe-ii\\\/\",\"url\":\"https:\\\/\\\/lebenleben.de\\\/loewenwaldschule\\\/schule\\\/sekundarstufe-ii\\\/\",\"name\":\"Loewenwaldschule Uelzen | Sekundarstufe II\",\"isPartOf\":{\"@id\":\"https:\\\/\\\/lebenleben.de\\\/loewenwaldschule\\\/#website\"},\"datePublished\":\"2021-01-22T14:48:21+00:00\",\"dateModified\":\"2024-05-28T12:39:24+00:00\",\"description\":\"Loewenwaldschule in Uelzen: Unterrichtsziele f\u00fcr Sch\u00fcler:innen der Sekundarstufe\u00a0II (10.\u201312.\\\/13. Schulbesuchsjahr).\",\"breadcrumb\":{\"@id\":\"https:\\\/\\\/lebenleben.de\\\/loewenwaldschule\\\/schule\\\/sekundarstufe-ii\\\/#breadcrumb\"},\"inLanguage\":\"de\",\"potentialAction\":[{\"@type\":\"ReadAction\",\"target\":[\"https:\\\/\\\/lebenleben.de\\\/loewenwaldschule\\\/schule\\\/sekundarstufe-ii\\\/\"]}]},{\"@type\":\"BreadcrumbList\",\"@id\":\"https:\\\/\\\/lebenleben.de\\\/loewenwaldschule\\\/schule\\\/sekundarstufe-ii\\\/#breadcrumb\",\"itemListElement\":[{\"@type\":\"ListItem\",\"position\":1,\"name\":\"Startseite\",\"item\":\"https:\\\/\\\/lebenleben.de\\\/loewenwaldschule\\\/\"},{\"@type\":\"ListItem\",\"position\":2,\"name\":\"Schule\",\"item\":\"https:\\\/\\\/lebenleben.de\\\/loewenwaldschule\\\/schule\\\/\"},{\"@type\":\"ListItem\",\"position\":3,\"name\":\"Sekundarstufe II\"}]},{\"@type\":\"WebSite\",\"@id\":\"https:\\\/\\\/lebenleben.de\\\/loewenwaldschule\\\/#website\",\"url\":\"https:\\\/\\\/lebenleben.de\\\/loewenwaldschule\\\/\",\"name\":\"Leben leben Loewenwaldschule\",\"description\":\"Eine weitere Leben Leben Netzwerk Website\",\"publisher\":{\"@id\":\"https:\\\/\\\/lebenleben.de\\\/loewenwaldschule\\\/#organization\"},\"potentialAction\":[{\"@type\":\"SearchAction\",\"target\":{\"@type\":\"EntryPoint\",\"urlTemplate\":\"https:\\\/\\\/lebenleben.de\\\/loewenwaldschule\\\/?s={search_term_string}\"},\"query-input\":{\"@type\":\"PropertyValueSpecification\",\"valueRequired\":true,\"valueName\":\"search_term_string\"}}],\"inLanguage\":\"de\"},{\"@type\":\"Organization\",\"@id\":\"https:\\\/\\\/lebenleben.de\\\/loewenwaldschule\\\/#organization\",\"name\":\"Leben leben Loewenwaldschule\",\"url\":\"https:\\\/\\\/lebenleben.de\\\/loewenwaldschule\\\/\",\"logo\":{\"@type\":\"ImageObject\",\"inLanguage\":\"de\",\"@id\":\"https:\\\/\\\/lebenleben.de\\\/loewenwaldschule\\\/#\\\/schema\\\/logo\\\/image\\\/\",\"url\":\"https:\\\/\\\/lebenleben.de\\\/loewenwaldschule\\\/wp-content\\\/uploads\\\/sites\\\/10\\\/2021\\\/01\\\/ll_favicon-green.png\",\"contentUrl\":\"https:\\\/\\\/lebenleben.de\\\/loewenwaldschule\\\/wp-content\\\/uploads\\\/sites\\\/10\\\/2021\\\/01\\\/ll_favicon-green.png\",\"width\":501,\"height\":501,\"caption\":\"Leben leben Loewenwaldschule\"},\"image\":{\"@id\":\"https:\\\/\\\/lebenleben.de\\\/loewenwaldschule\\\/#\\\/schema\\\/logo\\\/image\\\/\"}}]}<\/script>\n<!-- \/ Yoast SEO plugin. -->","yoast_head_json":{"title":"Loewenwaldschule Uelzen | Sekundarstufe II","description":"Loewenwaldschule in Uelzen: Unterrichtsziele f\u00fcr Sch\u00fcler:innen der Sekundarstufe\u00a0II (10.\u201312.\/13. Schulbesuchsjahr).","robots":{"index":"index","follow":"follow","max-snippet":"max-snippet:-1","max-image-preview":"max-image-preview:large","max-video-preview":"max-video-preview:-1"},"canonical":"https:\/\/lebenleben.de\/loewenwaldschule\/schule\/sekundarstufe-ii\/","og_locale":"de_DE","og_type":"article","og_title":"Loewenwaldschule Uelzen | Sekundarstufe II","og_description":"Loewenwaldschule in Uelzen: Unterrichtsziele f\u00fcr Sch\u00fcler:innen der Sekundarstufe\u00a0II (10.\u201312.\/13. Schulbesuchsjahr).","og_url":"https:\/\/lebenleben.de\/loewenwaldschule\/schule\/sekundarstufe-ii\/","og_site_name":"Leben leben Loewenwaldschule","article_modified_time":"2024-05-28T12:39:24+00:00","twitter_card":"summary_large_image","twitter_misc":{"Gesch\u00e4tzte Lesezeit":"2\u00a0Minuten"},"schema":{"@context":"https:\/\/schema.org","@graph":[{"@type":"WebPage","@id":"https:\/\/lebenleben.de\/loewenwaldschule\/schule\/sekundarstufe-ii\/","url":"https:\/\/lebenleben.de\/loewenwaldschule\/schule\/sekundarstufe-ii\/","name":"Loewenwaldschule Uelzen | Sekundarstufe II","isPartOf":{"@id":"https:\/\/lebenleben.de\/loewenwaldschule\/#website"},"datePublished":"2021-01-22T14:48:21+00:00","dateModified":"2024-05-28T12:39:24+00:00","description":"Loewenwaldschule in Uelzen: Unterrichtsziele f\u00fcr Sch\u00fcler:innen der Sekundarstufe\u00a0II (10.\u201312.\/13. Schulbesuchsjahr).","breadcrumb":{"@id":"https:\/\/lebenleben.de\/loewenwaldschule\/schule\/sekundarstufe-ii\/#breadcrumb"},"inLanguage":"de","potentialAction":[{"@type":"ReadAction","target":["https:\/\/lebenleben.de\/loewenwaldschule\/schule\/sekundarstufe-ii\/"]}]},{"@type":"BreadcrumbList","@id":"https:\/\/lebenleben.de\/loewenwaldschule\/schule\/sekundarstufe-ii\/#breadcrumb","itemListElement":[{"@type":"ListItem","position":1,"name":"Startseite","item":"https:\/\/lebenleben.de\/loewenwaldschule\/"},{"@type":"ListItem","position":2,"name":"Schule","item":"https:\/\/lebenleben.de\/loewenwaldschule\/schule\/"},{"@type":"ListItem","position":3,"name":"Sekundarstufe II"}]},{"@type":"WebSite","@id":"https:\/\/lebenleben.de\/loewenwaldschule\/#website","url":"https:\/\/lebenleben.de\/loewenwaldschule\/","name":"Leben leben Loewenwaldschule","description":"Eine weitere Leben Leben Netzwerk Website","publisher":{"@id":"https:\/\/lebenleben.de\/loewenwaldschule\/#organization"},"potentialAction":[{"@type":"SearchAction","target":{"@type":"EntryPoint","urlTemplate":"https:\/\/lebenleben.de\/loewenwaldschule\/?s={search_term_string}"},"query-input":{"@type":"PropertyValueSpecification","valueRequired":true,"valueName":"search_term_string"}}],"inLanguage":"de"},{"@type":"Organization","@id":"https:\/\/lebenleben.de\/loewenwaldschule\/#organization","name":"Leben leben Loewenwaldschule","url":"https:\/\/lebenleben.de\/loewenwaldschule\/","logo":{"@type":"ImageObject","inLanguage":"de","@id":"https:\/\/lebenleben.de\/loewenwaldschule\/#\/schema\/logo\/image\/","url":"https:\/\/lebenleben.de\/loewenwaldschule\/wp-content\/uploads\/sites\/10\/2021\/01\/ll_favicon-green.png","contentUrl":"https:\/\/lebenleben.de\/loewenwaldschule\/wp-content\/uploads\/sites\/10\/2021\/01\/ll_favicon-green.png","width":501,"height":501,"caption":"Leben leben Loewenwaldschule"},"image":{"@id":"https:\/\/lebenleben.de\/loewenwaldschule\/#\/schema\/logo\/image\/"}}]}},"_links":{"self":[{"href":"https:\/\/lebenleben.de\/loewenwaldschule\/wp-json\/wp\/v2\/pages\/21","targetHints":{"allow":["GET"]}}],"collection":[{"href":"https:\/\/lebenleben.de\/loewenwaldschule\/wp-json\/wp\/v2\/pages"}],"about":[{"href":"https:\/\/lebenleben.de\/loewenwaldschule\/wp-json\/wp\/v2\/types\/page"}],"author":[{"embeddable":true,"href":"https:\/\/lebenleben.de\/loewenwaldschule\/wp-json\/wp\/v2\/users\/1"}],"replies":[{"embeddable":true,"href":"https:\/\/lebenleben.de\/loewenwaldschule\/wp-json\/wp\/v2\/comments?post=21"}],"version-history":[{"count":12,"href":"https:\/\/lebenleben.de\/loewenwaldschule\/wp-json\/wp\/v2\/pages\/21\/revisions"}],"predecessor-version":[{"id":14599,"href":"https:\/\/lebenleben.de\/loewenwaldschule\/wp-json\/wp\/v2\/pages\/21\/revisions\/14599"}],"up":[{"embeddable":true,"href":"https:\/\/lebenleben.de\/loewenwaldschule\/wp-json\/wp\/v2\/pages\/9"}],"wp:attachment":[{"href":"https:\/\/lebenleben.de\/loewenwaldschule\/wp-json\/wp\/v2\/media?parent=21"}],"curies":[{"name":"wp","href":"https:\/\/api.w.org\/{rel}","templated":true}]}}