{"id":25,"date":"2021-01-22T15:48:54","date_gmt":"2021-01-22T14:48:54","guid":{"rendered":"https:\/\/lebenleben.de\/loewenwaldschule\/?page_id=25"},"modified":"2024-05-28T11:40:32","modified_gmt":"2024-05-28T09:40:32","slug":"basale-foerderung","status":"publish","type":"page","link":"https:\/\/lebenleben.de\/loewenwaldschule\/ergaenzende-angebote\/basale-foerderung\/","title":{"rendered":"Basale F\u00f6rderung"},"content":{"rendered":"\n<div id=\"llimageslider-block_ad8dde9fa57ebf3f21d0c3688c34b354\" class=\"block-llimageslider llimageslider alignwide\">\n\n    \n\t\t<div class=\"llimageslider-slider\" data-slick='{\"autoplaySpeed\": 5000}'>\n\t\t\t\t\t\t\t<div class=\"single-slide-wrapper slide-1\">\n\t\t\t\t\t<img loading=\"lazy\" decoding=\"async\" width=\"1400\" height=\"440\" src=\"https:\/\/lebenleben.de\/loewenwaldschule\/wp-content\/uploads\/sites\/10\/2024\/05\/ll_header_slider_image_1400x560_0003_5N5A5992-1400x440-1.jpg\" class=\"single-slide-image slider-desktop-image\" alt=\"\" srcset=\"https:\/\/lebenleben.de\/loewenwaldschule\/wp-content\/uploads\/sites\/10\/2024\/05\/ll_header_slider_image_1400x560_0003_5N5A5992-1400x440-1.jpg 1400w, https:\/\/lebenleben.de\/loewenwaldschule\/wp-content\/uploads\/sites\/10\/2024\/05\/ll_header_slider_image_1400x560_0003_5N5A5992-1400x440-1-300x94.jpg 300w, https:\/\/lebenleben.de\/loewenwaldschule\/wp-content\/uploads\/sites\/10\/2024\/05\/ll_header_slider_image_1400x560_0003_5N5A5992-1400x440-1-1024x322.jpg 1024w, https:\/\/lebenleben.de\/loewenwaldschule\/wp-content\/uploads\/sites\/10\/2024\/05\/ll_header_slider_image_1400x560_0003_5N5A5992-1400x440-1-768x241.jpg 768w\" sizes=\"auto, (max-width: 1400px) 100vw, 1400px\" \/>          <img loading=\"lazy\" decoding=\"async\" width=\"1000\" height=\"314\" src=\"https:\/\/lebenleben.de\/loewenwaldschule\/wp-content\/uploads\/sites\/10\/2024\/05\/ll_header_slider_image_1400x560_0003_5N5A5992-1400x440-1-1024x322.jpg\" class=\"single-slide-image slider-mobile-image\" alt=\"\" srcset=\"https:\/\/lebenleben.de\/loewenwaldschule\/wp-content\/uploads\/sites\/10\/2024\/05\/ll_header_slider_image_1400x560_0003_5N5A5992-1400x440-1-1024x322.jpg 1024w, https:\/\/lebenleben.de\/loewenwaldschule\/wp-content\/uploads\/sites\/10\/2024\/05\/ll_header_slider_image_1400x560_0003_5N5A5992-1400x440-1-300x94.jpg 300w, https:\/\/lebenleben.de\/loewenwaldschule\/wp-content\/uploads\/sites\/10\/2024\/05\/ll_header_slider_image_1400x560_0003_5N5A5992-1400x440-1-768x241.jpg 768w, https:\/\/lebenleben.de\/loewenwaldschule\/wp-content\/uploads\/sites\/10\/2024\/05\/ll_header_slider_image_1400x560_0003_5N5A5992-1400x440-1.jpg 1400w\" sizes=\"auto, (max-width: 1000px) 100vw, 1000px\" \/>\n                    <div class=\"single-slide-text\">\n          <h2>Basale F\u00f6rderung<\/h2><h3>Individuelle Stimulation der Wahrnehmung und grundlegende Versorgung<\/h3>                  <\/div>\n        \n\t\t\t\t<\/div>\n\t\t\t\t\t<\/div>\n\t  <script>\n    jQuery(document).ready(function() {\n        jQuery('.llimageslider-slider').slick({\n          dots: true,\n          infinite: true,\n          speed: 1000,\n          autoplay: true,\n          adaptiveHeight: true,\n          slidesToShow: 1,\n          fade: true,\n          focusOnSelect: true\n        });\n    });\n    <\/script>\n<\/div>\n\n\n\n<p>20 Prozent unserer Sch\u00fcler:innen haben einen speziellen F\u00f6rderbedarf in diesem Bereich. Es handelt sich dabei um schwer bis schwerst mehrfachbehinderte Kinder und Jugendliche, deren Erlebens- und Ausdrucksm\u00f6glichkeiten erheblich eingeschr\u00e4nkt oder ver\u00e4ndert sind. Aufgrund der mitgebrachten L\u00e4sionen und der erlebten Beeintr\u00e4chtigungen haben diese Sch\u00fcler:innen ganz besondere Bed\u00fcrfnisse, was ihre eigene Entwicklung und den Umgang mit anderen Menschen angeht:<\/p>\n\n\n\n<div style=\"height:10px\" aria-hidden=\"true\" class=\"wp-block-spacer\"><\/div>\n\n\n\n<ul class=\"wp-block-list\">\n<li>Sie brauchen viel k\u00f6rperliche N\u00e4he, um direkte Erfahrungen machen zu k\u00f6nnen.<\/li>\n\n\n\n<li>Sie brauchen k\u00f6rperliche N\u00e4he, um andere Menschen wahrnehmen zu k\u00f6nnen.<\/li>\n\n\n\n<li>Sie brauchen andere Menschen, die ihnen die Umwelt auf einfachste Weise nahebringen.<\/li>\n\n\n\n<li>Sie brauchen andere Menschen, die ihnen Fortbewegung und Lagever\u00e4nderung erm\u00f6glichen.<\/li>\n\n\n\n<li>Sie brauchen jemanden, der sie auch ohne Sprache versteht und sie zuverl\u00e4ssig versorgt und pflegt.<\/li>\n<\/ul>\n\n\n\n<p>Zum Lern- und Entwicklungsprogramm dieser Sch\u00fcler:innen geh\u00f6ren daher u.&nbsp;a. grundlegende Wahrnehmungs\u00fcbungen \u00fcber alle sensorischen Kan\u00e4le, Hilfestellungen bei der grundlegenden Versorgung und die Mobilit\u00e4tsf\u00f6rderung.<\/p>\n\n\n\n<p>Nichtsdestotrotz sind auch diese Sch\u00fcler:innen voll in die Schulgemeinschaft integriert. Sie haben neben ihrer Klassenleitung eine:n Bezugsbetreuer:in, der\/die in der Regel auch Ansprechpartner:in f\u00fcr die Sorgeberechtigten ist.<\/p>\n\n\n\n<div style=\"height:50px\" aria-hidden=\"true\" class=\"wp-block-spacer\"><\/div>\n","protected":false},"excerpt":{"rendered":"<p>Individuelle Stimulation der Wahrnehmung und grundlegende Versorgung<\/p>\n","protected":false},"author":1,"featured_media":192,"parent":10,"menu_order":0,"comment_status":"closed","ping_status":"closed","template":"page-templates\/page-fullscreen.php","meta":{"_acf_changed":false,"footnotes":""},"class_list":["post-25","page","type-page","status-publish","has-post-thumbnail","hentry"],"acf":[],"yoast_head":"<!-- This site is optimized with the Yoast SEO plugin v27.3 - https:\/\/yoast.com\/product\/yoast-seo-wordpress\/ -->\n<title>Basale F\u00f6rderung an der Loewenwaldschule in Uelzen<\/title>\n<meta name=\"description\" content=\"Die Loewenwaldschule in Uelzen bietet Basale F\u00f6rderung f\u00fcr Sch\u00fcler:innen mit schwerwiegenden Beeintr\u00e4chtigungen.\" \/>\n<meta name=\"robots\" content=\"index, follow, max-snippet:-1, max-image-preview:large, max-video-preview:-1\" \/>\n<link rel=\"canonical\" href=\"https:\/\/lebenleben.de\/loewenwaldschule\/ergaenzende-angebote\/basale-foerderung\/\" \/>\n<meta property=\"og:locale\" content=\"de_DE\" \/>\n<meta property=\"og:type\" content=\"article\" \/>\n<meta property=\"og:title\" content=\"Basale F\u00f6rderung an der Loewenwaldschule in Uelzen\" \/>\n<meta property=\"og:description\" content=\"Die Loewenwaldschule in Uelzen bietet Basale F\u00f6rderung f\u00fcr Sch\u00fcler:innen mit schwerwiegenden Beeintr\u00e4chtigungen.\" \/>\n<meta property=\"og:url\" content=\"https:\/\/lebenleben.de\/loewenwaldschule\/ergaenzende-angebote\/basale-foerderung\/\" \/>\n<meta property=\"og:site_name\" content=\"Leben leben Loewenwaldschule\" \/>\n<meta property=\"article:modified_time\" content=\"2024-05-28T09:40:32+00:00\" \/>\n<meta property=\"og:image\" content=\"https:\/\/lebenleben.de\/loewenwaldschule\/wp-content\/uploads\/sites\/10\/2021\/04\/ll_header_slider_image_1400x560_0003_5N5A5992.jpg\" \/>\n\t<meta property=\"og:image:width\" content=\"1400\" \/>\n\t<meta property=\"og:image:height\" content=\"560\" \/>\n\t<meta property=\"og:image:type\" content=\"image\/jpeg\" \/>\n<meta name=\"twitter:card\" content=\"summary_large_image\" \/>\n<meta name=\"twitter:label1\" content=\"Gesch\u00e4tzte Lesezeit\" \/>\n\t<meta name=\"twitter:data1\" content=\"2\u00a0Minuten\" \/>\n<script type=\"application\/ld+json\" class=\"yoast-schema-graph\">{\"@context\":\"https:\\\/\\\/schema.org\",\"@graph\":[{\"@type\":\"WebPage\",\"@id\":\"https:\\\/\\\/lebenleben.de\\\/loewenwaldschule\\\/ergaenzende-angebote\\\/basale-foerderung\\\/\",\"url\":\"https:\\\/\\\/lebenleben.de\\\/loewenwaldschule\\\/ergaenzende-angebote\\\/basale-foerderung\\\/\",\"name\":\"Basale F\u00f6rderung an der Loewenwaldschule in Uelzen\",\"isPartOf\":{\"@id\":\"https:\\\/\\\/lebenleben.de\\\/loewenwaldschule\\\/#website\"},\"primaryImageOfPage\":{\"@id\":\"https:\\\/\\\/lebenleben.de\\\/loewenwaldschule\\\/ergaenzende-angebote\\\/basale-foerderung\\\/#primaryimage\"},\"image\":{\"@id\":\"https:\\\/\\\/lebenleben.de\\\/loewenwaldschule\\\/ergaenzende-angebote\\\/basale-foerderung\\\/#primaryimage\"},\"thumbnailUrl\":\"https:\\\/\\\/lebenleben.de\\\/loewenwaldschule\\\/wp-content\\\/uploads\\\/sites\\\/10\\\/2021\\\/04\\\/ll_header_slider_image_1400x560_0003_5N5A5992.jpg\",\"datePublished\":\"2021-01-22T14:48:54+00:00\",\"dateModified\":\"2024-05-28T09:40:32+00:00\",\"description\":\"Die Loewenwaldschule in Uelzen bietet Basale F\u00f6rderung f\u00fcr Sch\u00fcler:innen mit schwerwiegenden Beeintr\u00e4chtigungen.\",\"breadcrumb\":{\"@id\":\"https:\\\/\\\/lebenleben.de\\\/loewenwaldschule\\\/ergaenzende-angebote\\\/basale-foerderung\\\/#breadcrumb\"},\"inLanguage\":\"de\",\"potentialAction\":[{\"@type\":\"ReadAction\",\"target\":[\"https:\\\/\\\/lebenleben.de\\\/loewenwaldschule\\\/ergaenzende-angebote\\\/basale-foerderung\\\/\"]}]},{\"@type\":\"ImageObject\",\"inLanguage\":\"de\",\"@id\":\"https:\\\/\\\/lebenleben.de\\\/loewenwaldschule\\\/ergaenzende-angebote\\\/basale-foerderung\\\/#primaryimage\",\"url\":\"https:\\\/\\\/lebenleben.de\\\/loewenwaldschule\\\/wp-content\\\/uploads\\\/sites\\\/10\\\/2021\\\/04\\\/ll_header_slider_image_1400x560_0003_5N5A5992.jpg\",\"contentUrl\":\"https:\\\/\\\/lebenleben.de\\\/loewenwaldschule\\\/wp-content\\\/uploads\\\/sites\\\/10\\\/2021\\\/04\\\/ll_header_slider_image_1400x560_0003_5N5A5992.jpg\",\"width\":1400,\"height\":560},{\"@type\":\"BreadcrumbList\",\"@id\":\"https:\\\/\\\/lebenleben.de\\\/loewenwaldschule\\\/ergaenzende-angebote\\\/basale-foerderung\\\/#breadcrumb\",\"itemListElement\":[{\"@type\":\"ListItem\",\"position\":1,\"name\":\"Startseite\",\"item\":\"https:\\\/\\\/lebenleben.de\\\/loewenwaldschule\\\/\"},{\"@type\":\"ListItem\",\"position\":2,\"name\":\"Erg\u00e4nzende Angebote\",\"item\":\"https:\\\/\\\/lebenleben.de\\\/loewenwaldschule\\\/ergaenzende-angebote\\\/\"},{\"@type\":\"ListItem\",\"position\":3,\"name\":\"Basale F\u00f6rderung\"}]},{\"@type\":\"WebSite\",\"@id\":\"https:\\\/\\\/lebenleben.de\\\/loewenwaldschule\\\/#website\",\"url\":\"https:\\\/\\\/lebenleben.de\\\/loewenwaldschule\\\/\",\"name\":\"Leben leben Loewenwaldschule\",\"description\":\"Eine weitere Leben Leben Netzwerk Website\",\"publisher\":{\"@id\":\"https:\\\/\\\/lebenleben.de\\\/loewenwaldschule\\\/#organization\"},\"potentialAction\":[{\"@type\":\"SearchAction\",\"target\":{\"@type\":\"EntryPoint\",\"urlTemplate\":\"https:\\\/\\\/lebenleben.de\\\/loewenwaldschule\\\/?s={search_term_string}\"},\"query-input\":{\"@type\":\"PropertyValueSpecification\",\"valueRequired\":true,\"valueName\":\"search_term_string\"}}],\"inLanguage\":\"de\"},{\"@type\":\"Organization\",\"@id\":\"https:\\\/\\\/lebenleben.de\\\/loewenwaldschule\\\/#organization\",\"name\":\"Leben leben Loewenwaldschule\",\"url\":\"https:\\\/\\\/lebenleben.de\\\/loewenwaldschule\\\/\",\"logo\":{\"@type\":\"ImageObject\",\"inLanguage\":\"de\",\"@id\":\"https:\\\/\\\/lebenleben.de\\\/loewenwaldschule\\\/#\\\/schema\\\/logo\\\/image\\\/\",\"url\":\"https:\\\/\\\/lebenleben.de\\\/loewenwaldschule\\\/wp-content\\\/uploads\\\/sites\\\/10\\\/2021\\\/01\\\/ll_favicon-green.png\",\"contentUrl\":\"https:\\\/\\\/lebenleben.de\\\/loewenwaldschule\\\/wp-content\\\/uploads\\\/sites\\\/10\\\/2021\\\/01\\\/ll_favicon-green.png\",\"width\":501,\"height\":501,\"caption\":\"Leben leben Loewenwaldschule\"},\"image\":{\"@id\":\"https:\\\/\\\/lebenleben.de\\\/loewenwaldschule\\\/#\\\/schema\\\/logo\\\/image\\\/\"}}]}<\/script>\n<!-- \/ Yoast SEO plugin. -->","yoast_head_json":{"title":"Basale F\u00f6rderung an der Loewenwaldschule in Uelzen","description":"Die Loewenwaldschule in Uelzen bietet Basale F\u00f6rderung f\u00fcr Sch\u00fcler:innen mit schwerwiegenden Beeintr\u00e4chtigungen.","robots":{"index":"index","follow":"follow","max-snippet":"max-snippet:-1","max-image-preview":"max-image-preview:large","max-video-preview":"max-video-preview:-1"},"canonical":"https:\/\/lebenleben.de\/loewenwaldschule\/ergaenzende-angebote\/basale-foerderung\/","og_locale":"de_DE","og_type":"article","og_title":"Basale F\u00f6rderung an der Loewenwaldschule in Uelzen","og_description":"Die Loewenwaldschule in Uelzen bietet Basale F\u00f6rderung f\u00fcr Sch\u00fcler:innen mit schwerwiegenden Beeintr\u00e4chtigungen.","og_url":"https:\/\/lebenleben.de\/loewenwaldschule\/ergaenzende-angebote\/basale-foerderung\/","og_site_name":"Leben leben Loewenwaldschule","article_modified_time":"2024-05-28T09:40:32+00:00","og_image":[{"width":1400,"height":560,"url":"https:\/\/lebenleben.de\/loewenwaldschule\/wp-content\/uploads\/sites\/10\/2021\/04\/ll_header_slider_image_1400x560_0003_5N5A5992.jpg","type":"image\/jpeg"}],"twitter_card":"summary_large_image","twitter_misc":{"Gesch\u00e4tzte Lesezeit":"2\u00a0Minuten"},"schema":{"@context":"https:\/\/schema.org","@graph":[{"@type":"WebPage","@id":"https:\/\/lebenleben.de\/loewenwaldschule\/ergaenzende-angebote\/basale-foerderung\/","url":"https:\/\/lebenleben.de\/loewenwaldschule\/ergaenzende-angebote\/basale-foerderung\/","name":"Basale F\u00f6rderung an der Loewenwaldschule in Uelzen","isPartOf":{"@id":"https:\/\/lebenleben.de\/loewenwaldschule\/#website"},"primaryImageOfPage":{"@id":"https:\/\/lebenleben.de\/loewenwaldschule\/ergaenzende-angebote\/basale-foerderung\/#primaryimage"},"image":{"@id":"https:\/\/lebenleben.de\/loewenwaldschule\/ergaenzende-angebote\/basale-foerderung\/#primaryimage"},"thumbnailUrl":"https:\/\/lebenleben.de\/loewenwaldschule\/wp-content\/uploads\/sites\/10\/2021\/04\/ll_header_slider_image_1400x560_0003_5N5A5992.jpg","datePublished":"2021-01-22T14:48:54+00:00","dateModified":"2024-05-28T09:40:32+00:00","description":"Die Loewenwaldschule in Uelzen bietet Basale F\u00f6rderung f\u00fcr Sch\u00fcler:innen mit schwerwiegenden Beeintr\u00e4chtigungen.","breadcrumb":{"@id":"https:\/\/lebenleben.de\/loewenwaldschule\/ergaenzende-angebote\/basale-foerderung\/#breadcrumb"},"inLanguage":"de","potentialAction":[{"@type":"ReadAction","target":["https:\/\/lebenleben.de\/loewenwaldschule\/ergaenzende-angebote\/basale-foerderung\/"]}]},{"@type":"ImageObject","inLanguage":"de","@id":"https:\/\/lebenleben.de\/loewenwaldschule\/ergaenzende-angebote\/basale-foerderung\/#primaryimage","url":"https:\/\/lebenleben.de\/loewenwaldschule\/wp-content\/uploads\/sites\/10\/2021\/04\/ll_header_slider_image_1400x560_0003_5N5A5992.jpg","contentUrl":"https:\/\/lebenleben.de\/loewenwaldschule\/wp-content\/uploads\/sites\/10\/2021\/04\/ll_header_slider_image_1400x560_0003_5N5A5992.jpg","width":1400,"height":560},{"@type":"BreadcrumbList","@id":"https:\/\/lebenleben.de\/loewenwaldschule\/ergaenzende-angebote\/basale-foerderung\/#breadcrumb","itemListElement":[{"@type":"ListItem","position":1,"name":"Startseite","item":"https:\/\/lebenleben.de\/loewenwaldschule\/"},{"@type":"ListItem","position":2,"name":"Erg\u00e4nzende Angebote","item":"https:\/\/lebenleben.de\/loewenwaldschule\/ergaenzende-angebote\/"},{"@type":"ListItem","position":3,"name":"Basale F\u00f6rderung"}]},{"@type":"WebSite","@id":"https:\/\/lebenleben.de\/loewenwaldschule\/#website","url":"https:\/\/lebenleben.de\/loewenwaldschule\/","name":"Leben leben Loewenwaldschule","description":"Eine weitere Leben Leben Netzwerk Website","publisher":{"@id":"https:\/\/lebenleben.de\/loewenwaldschule\/#organization"},"potentialAction":[{"@type":"SearchAction","target":{"@type":"EntryPoint","urlTemplate":"https:\/\/lebenleben.de\/loewenwaldschule\/?s={search_term_string}"},"query-input":{"@type":"PropertyValueSpecification","valueRequired":true,"valueName":"search_term_string"}}],"inLanguage":"de"},{"@type":"Organization","@id":"https:\/\/lebenleben.de\/loewenwaldschule\/#organization","name":"Leben leben Loewenwaldschule","url":"https:\/\/lebenleben.de\/loewenwaldschule\/","logo":{"@type":"ImageObject","inLanguage":"de","@id":"https:\/\/lebenleben.de\/loewenwaldschule\/#\/schema\/logo\/image\/","url":"https:\/\/lebenleben.de\/loewenwaldschule\/wp-content\/uploads\/sites\/10\/2021\/01\/ll_favicon-green.png","contentUrl":"https:\/\/lebenleben.de\/loewenwaldschule\/wp-content\/uploads\/sites\/10\/2021\/01\/ll_favicon-green.png","width":501,"height":501,"caption":"Leben leben Loewenwaldschule"},"image":{"@id":"https:\/\/lebenleben.de\/loewenwaldschule\/#\/schema\/logo\/image\/"}}]}},"_links":{"self":[{"href":"https:\/\/lebenleben.de\/loewenwaldschule\/wp-json\/wp\/v2\/pages\/25","targetHints":{"allow":["GET"]}}],"collection":[{"href":"https:\/\/lebenleben.de\/loewenwaldschule\/wp-json\/wp\/v2\/pages"}],"about":[{"href":"https:\/\/lebenleben.de\/loewenwaldschule\/wp-json\/wp\/v2\/types\/page"}],"author":[{"embeddable":true,"href":"https:\/\/lebenleben.de\/loewenwaldschule\/wp-json\/wp\/v2\/users\/1"}],"replies":[{"embeddable":true,"href":"https:\/\/lebenleben.de\/loewenwaldschule\/wp-json\/wp\/v2\/comments?post=25"}],"version-history":[{"count":7,"href":"https:\/\/lebenleben.de\/loewenwaldschule\/wp-json\/wp\/v2\/pages\/25\/revisions"}],"predecessor-version":[{"id":14496,"href":"https:\/\/lebenleben.de\/loewenwaldschule\/wp-json\/wp\/v2\/pages\/25\/revisions\/14496"}],"up":[{"embeddable":true,"href":"https:\/\/lebenleben.de\/loewenwaldschule\/wp-json\/wp\/v2\/pages\/10"}],"wp:featuredmedia":[{"embeddable":true,"href":"https:\/\/lebenleben.de\/loewenwaldschule\/wp-json\/wp\/v2\/media\/192"}],"wp:attachment":[{"href":"https:\/\/lebenleben.de\/loewenwaldschule\/wp-json\/wp\/v2\/media?parent=25"}],"curies":[{"name":"wp","href":"https:\/\/api.w.org\/{rel}","templated":true}]}}