{"id":26,"date":"2021-01-22T15:49:41","date_gmt":"2021-01-22T14:49:41","guid":{"rendered":"https:\/\/lebenleben.de\/loewenwaldschule\/?page_id=26"},"modified":"2024-05-28T11:40:06","modified_gmt":"2024-05-28T09:40:06","slug":"unterstuetzte-kommunikation","status":"publish","type":"page","link":"https:\/\/lebenleben.de\/loewenwaldschule\/ergaenzende-angebote\/unterstuetzte-kommunikation\/","title":{"rendered":"Unterst\u00fctzte Kommunikation"},"content":{"rendered":"\n<div id=\"llimageslider-block_3bffc6ce253d0a120ebf964aadb2395d\" class=\"block-llimageslider llimageslider alignwide\">\n\n    \n\t\t<div class=\"llimageslider-slider\" data-slick='{\"autoplaySpeed\": 5000}'>\n\t\t\t\t\t\t\t<div class=\"single-slide-wrapper slide-1\">\n\t\t\t\t\t<img loading=\"lazy\" decoding=\"async\" width=\"1400\" height=\"440\" src=\"https:\/\/lebenleben.de\/loewenwaldschule\/wp-content\/uploads\/sites\/10\/2024\/05\/ll_header_slider_image_1400x560_0002_StiftungLeben_2203_7431-1400x440-1.jpg\" class=\"single-slide-image slider-desktop-image\" alt=\"\" srcset=\"https:\/\/lebenleben.de\/loewenwaldschule\/wp-content\/uploads\/sites\/10\/2024\/05\/ll_header_slider_image_1400x560_0002_StiftungLeben_2203_7431-1400x440-1.jpg 1400w, https:\/\/lebenleben.de\/loewenwaldschule\/wp-content\/uploads\/sites\/10\/2024\/05\/ll_header_slider_image_1400x560_0002_StiftungLeben_2203_7431-1400x440-1-300x94.jpg 300w, https:\/\/lebenleben.de\/loewenwaldschule\/wp-content\/uploads\/sites\/10\/2024\/05\/ll_header_slider_image_1400x560_0002_StiftungLeben_2203_7431-1400x440-1-1024x322.jpg 1024w, https:\/\/lebenleben.de\/loewenwaldschule\/wp-content\/uploads\/sites\/10\/2024\/05\/ll_header_slider_image_1400x560_0002_StiftungLeben_2203_7431-1400x440-1-768x241.jpg 768w\" sizes=\"auto, (max-width: 1400px) 100vw, 1400px\" \/>          <img loading=\"lazy\" decoding=\"async\" width=\"1000\" height=\"314\" src=\"https:\/\/lebenleben.de\/loewenwaldschule\/wp-content\/uploads\/sites\/10\/2024\/05\/ll_header_slider_image_1400x560_0002_StiftungLeben_2203_7431-1400x440-1-1024x322.jpg\" class=\"single-slide-image slider-mobile-image\" alt=\"\" srcset=\"https:\/\/lebenleben.de\/loewenwaldschule\/wp-content\/uploads\/sites\/10\/2024\/05\/ll_header_slider_image_1400x560_0002_StiftungLeben_2203_7431-1400x440-1-1024x322.jpg 1024w, https:\/\/lebenleben.de\/loewenwaldschule\/wp-content\/uploads\/sites\/10\/2024\/05\/ll_header_slider_image_1400x560_0002_StiftungLeben_2203_7431-1400x440-1-300x94.jpg 300w, https:\/\/lebenleben.de\/loewenwaldschule\/wp-content\/uploads\/sites\/10\/2024\/05\/ll_header_slider_image_1400x560_0002_StiftungLeben_2203_7431-1400x440-1-768x241.jpg 768w, https:\/\/lebenleben.de\/loewenwaldschule\/wp-content\/uploads\/sites\/10\/2024\/05\/ll_header_slider_image_1400x560_0002_StiftungLeben_2203_7431-1400x440-1.jpg 1400w\" sizes=\"auto, (max-width: 1000px) 100vw, 1000px\" \/>\n                    <div class=\"single-slide-text\">\n          <h2>Unterst\u00fctzte Kommunikation<\/h2><h3>Erweiterung der kommunikativen M\u00f6glichkeiten<\/h3>                  <\/div>\n        \n\t\t\t\t<\/div>\n\t\t\t\t\t<\/div>\n\t  <script>\n    jQuery(document).ready(function() {\n        jQuery('.llimageslider-slider').slick({\n          dots: true,\n          infinite: true,\n          speed: 1000,\n          autoplay: true,\n          adaptiveHeight: true,\n          slidesToShow: 1,\n          fade: true,\n          focusOnSelect: true\n        });\n    });\n    <\/script>\n<\/div>\n\n\n\n<p>Unter der Unterst\u00fctzten Kommunikation (UK) sind p\u00e4dagogische und therapeutische Ma\u00dfnahmen zu verstehen, die der Erweiterung der kommunikativen M\u00f6glichkeiten nicht sprechender Menschen dienen. Dabei k\u00f6nnen elektronische Kommunikationshilfen und verschiedene Kommunikationsstrategien zum Einsatz kommen.<\/p>\n\n\n\n<p>Wir unterrichten auch Sch\u00fcler:innen, die (noch) nicht, kaum oder nur eingeschr\u00e4nkt \u00fcber Lautsprache oder andere Kommunikationsstrategien verf\u00fcgen. Hier greifen die Ma\u00dfnahmen der Unterst\u00fctzten Kommunikation mit ihren zunehmend wachsenden M\u00f6glichkeiten f\u00fcr eine bessere Verst\u00e4ndigung, die auch h\u00f6here Entwicklungs- und Bildungschancen mit sich bringt.<\/p>\n\n\n\n<div style=\"height:50px\" aria-hidden=\"true\" class=\"wp-block-spacer\"><\/div>\n","protected":false},"excerpt":{"rendered":"<p>Erweiterung der kommunikativen M\u00f6glichkeiten<\/p>\n","protected":false},"author":1,"featured_media":210,"parent":10,"menu_order":10,"comment_status":"closed","ping_status":"closed","template":"page-templates\/page-fullscreen.php","meta":{"_acf_changed":false,"footnotes":""},"class_list":["post-26","page","type-page","status-publish","has-post-thumbnail","hentry"],"acf":[],"yoast_head":"<!-- This site is optimized with the Yoast SEO plugin v27.3 - https:\/\/yoast.com\/product\/yoast-seo-wordpress\/ -->\n<title>Unterst\u00fctzte Kommunikation an der Loewenwaldschule in Uelzen<\/title>\n<meta name=\"description\" content=\"Die Loewenwaldschule in Uelzen f\u00f6rdert Sch\u00fcler:innen bei Bedarf mit Unterst\u00fctzter Kommunikation.\" \/>\n<meta name=\"robots\" content=\"index, follow, max-snippet:-1, max-image-preview:large, max-video-preview:-1\" \/>\n<link rel=\"canonical\" href=\"https:\/\/lebenleben.de\/loewenwaldschule\/ergaenzende-angebote\/unterstuetzte-kommunikation\/\" \/>\n<meta property=\"og:locale\" content=\"de_DE\" \/>\n<meta property=\"og:type\" content=\"article\" \/>\n<meta property=\"og:title\" content=\"Unterst\u00fctzte Kommunikation an der Loewenwaldschule in Uelzen\" \/>\n<meta property=\"og:description\" content=\"Die Loewenwaldschule in Uelzen f\u00f6rdert Sch\u00fcler:innen bei Bedarf mit Unterst\u00fctzter Kommunikation.\" \/>\n<meta property=\"og:url\" content=\"https:\/\/lebenleben.de\/loewenwaldschule\/ergaenzende-angebote\/unterstuetzte-kommunikation\/\" \/>\n<meta property=\"og:site_name\" content=\"Leben leben Loewenwaldschule\" \/>\n<meta property=\"article:modified_time\" content=\"2024-05-28T09:40:06+00:00\" \/>\n<meta property=\"og:image\" content=\"https:\/\/lebenleben.de\/loewenwaldschule\/wp-content\/uploads\/sites\/10\/2021\/04\/ll_header_slider_image_1400x560_0002_StiftungLeben_2203_7431.jpg\" \/>\n\t<meta property=\"og:image:width\" content=\"1400\" \/>\n\t<meta property=\"og:image:height\" content=\"560\" \/>\n\t<meta property=\"og:image:type\" content=\"image\/jpeg\" \/>\n<meta name=\"twitter:card\" content=\"summary_large_image\" \/>\n<meta name=\"twitter:label1\" content=\"Gesch\u00e4tzte Lesezeit\" \/>\n\t<meta name=\"twitter:data1\" content=\"1\u00a0Minute\" \/>\n<script type=\"application\/ld+json\" class=\"yoast-schema-graph\">{\"@context\":\"https:\\\/\\\/schema.org\",\"@graph\":[{\"@type\":\"WebPage\",\"@id\":\"https:\\\/\\\/lebenleben.de\\\/loewenwaldschule\\\/ergaenzende-angebote\\\/unterstuetzte-kommunikation\\\/\",\"url\":\"https:\\\/\\\/lebenleben.de\\\/loewenwaldschule\\\/ergaenzende-angebote\\\/unterstuetzte-kommunikation\\\/\",\"name\":\"Unterst\u00fctzte Kommunikation an der Loewenwaldschule in Uelzen\",\"isPartOf\":{\"@id\":\"https:\\\/\\\/lebenleben.de\\\/loewenwaldschule\\\/#website\"},\"primaryImageOfPage\":{\"@id\":\"https:\\\/\\\/lebenleben.de\\\/loewenwaldschule\\\/ergaenzende-angebote\\\/unterstuetzte-kommunikation\\\/#primaryimage\"},\"image\":{\"@id\":\"https:\\\/\\\/lebenleben.de\\\/loewenwaldschule\\\/ergaenzende-angebote\\\/unterstuetzte-kommunikation\\\/#primaryimage\"},\"thumbnailUrl\":\"https:\\\/\\\/lebenleben.de\\\/loewenwaldschule\\\/wp-content\\\/uploads\\\/sites\\\/10\\\/2021\\\/04\\\/ll_header_slider_image_1400x560_0002_StiftungLeben_2203_7431.jpg\",\"datePublished\":\"2021-01-22T14:49:41+00:00\",\"dateModified\":\"2024-05-28T09:40:06+00:00\",\"description\":\"Die Loewenwaldschule in Uelzen f\u00f6rdert Sch\u00fcler:innen bei Bedarf mit Unterst\u00fctzter Kommunikation.\",\"breadcrumb\":{\"@id\":\"https:\\\/\\\/lebenleben.de\\\/loewenwaldschule\\\/ergaenzende-angebote\\\/unterstuetzte-kommunikation\\\/#breadcrumb\"},\"inLanguage\":\"de\",\"potentialAction\":[{\"@type\":\"ReadAction\",\"target\":[\"https:\\\/\\\/lebenleben.de\\\/loewenwaldschule\\\/ergaenzende-angebote\\\/unterstuetzte-kommunikation\\\/\"]}]},{\"@type\":\"ImageObject\",\"inLanguage\":\"de\",\"@id\":\"https:\\\/\\\/lebenleben.de\\\/loewenwaldschule\\\/ergaenzende-angebote\\\/unterstuetzte-kommunikation\\\/#primaryimage\",\"url\":\"https:\\\/\\\/lebenleben.de\\\/loewenwaldschule\\\/wp-content\\\/uploads\\\/sites\\\/10\\\/2021\\\/04\\\/ll_header_slider_image_1400x560_0002_StiftungLeben_2203_7431.jpg\",\"contentUrl\":\"https:\\\/\\\/lebenleben.de\\\/loewenwaldschule\\\/wp-content\\\/uploads\\\/sites\\\/10\\\/2021\\\/04\\\/ll_header_slider_image_1400x560_0002_StiftungLeben_2203_7431.jpg\",\"width\":1400,\"height\":560},{\"@type\":\"BreadcrumbList\",\"@id\":\"https:\\\/\\\/lebenleben.de\\\/loewenwaldschule\\\/ergaenzende-angebote\\\/unterstuetzte-kommunikation\\\/#breadcrumb\",\"itemListElement\":[{\"@type\":\"ListItem\",\"position\":1,\"name\":\"Startseite\",\"item\":\"https:\\\/\\\/lebenleben.de\\\/loewenwaldschule\\\/\"},{\"@type\":\"ListItem\",\"position\":2,\"name\":\"Erg\u00e4nzende Angebote\",\"item\":\"https:\\\/\\\/lebenleben.de\\\/loewenwaldschule\\\/ergaenzende-angebote\\\/\"},{\"@type\":\"ListItem\",\"position\":3,\"name\":\"Unterst\u00fctzte Kommunikation\"}]},{\"@type\":\"WebSite\",\"@id\":\"https:\\\/\\\/lebenleben.de\\\/loewenwaldschule\\\/#website\",\"url\":\"https:\\\/\\\/lebenleben.de\\\/loewenwaldschule\\\/\",\"name\":\"Leben leben Loewenwaldschule\",\"description\":\"Eine weitere Leben Leben Netzwerk Website\",\"publisher\":{\"@id\":\"https:\\\/\\\/lebenleben.de\\\/loewenwaldschule\\\/#organization\"},\"potentialAction\":[{\"@type\":\"SearchAction\",\"target\":{\"@type\":\"EntryPoint\",\"urlTemplate\":\"https:\\\/\\\/lebenleben.de\\\/loewenwaldschule\\\/?s={search_term_string}\"},\"query-input\":{\"@type\":\"PropertyValueSpecification\",\"valueRequired\":true,\"valueName\":\"search_term_string\"}}],\"inLanguage\":\"de\"},{\"@type\":\"Organization\",\"@id\":\"https:\\\/\\\/lebenleben.de\\\/loewenwaldschule\\\/#organization\",\"name\":\"Leben leben Loewenwaldschule\",\"url\":\"https:\\\/\\\/lebenleben.de\\\/loewenwaldschule\\\/\",\"logo\":{\"@type\":\"ImageObject\",\"inLanguage\":\"de\",\"@id\":\"https:\\\/\\\/lebenleben.de\\\/loewenwaldschule\\\/#\\\/schema\\\/logo\\\/image\\\/\",\"url\":\"https:\\\/\\\/lebenleben.de\\\/loewenwaldschule\\\/wp-content\\\/uploads\\\/sites\\\/10\\\/2021\\\/01\\\/ll_favicon-green.png\",\"contentUrl\":\"https:\\\/\\\/lebenleben.de\\\/loewenwaldschule\\\/wp-content\\\/uploads\\\/sites\\\/10\\\/2021\\\/01\\\/ll_favicon-green.png\",\"width\":501,\"height\":501,\"caption\":\"Leben leben Loewenwaldschule\"},\"image\":{\"@id\":\"https:\\\/\\\/lebenleben.de\\\/loewenwaldschule\\\/#\\\/schema\\\/logo\\\/image\\\/\"}}]}<\/script>\n<!-- \/ Yoast SEO plugin. -->","yoast_head_json":{"title":"Unterst\u00fctzte Kommunikation an der Loewenwaldschule in Uelzen","description":"Die Loewenwaldschule in Uelzen f\u00f6rdert Sch\u00fcler:innen bei Bedarf mit Unterst\u00fctzter Kommunikation.","robots":{"index":"index","follow":"follow","max-snippet":"max-snippet:-1","max-image-preview":"max-image-preview:large","max-video-preview":"max-video-preview:-1"},"canonical":"https:\/\/lebenleben.de\/loewenwaldschule\/ergaenzende-angebote\/unterstuetzte-kommunikation\/","og_locale":"de_DE","og_type":"article","og_title":"Unterst\u00fctzte Kommunikation an der Loewenwaldschule in Uelzen","og_description":"Die Loewenwaldschule in Uelzen f\u00f6rdert Sch\u00fcler:innen bei Bedarf mit Unterst\u00fctzter Kommunikation.","og_url":"https:\/\/lebenleben.de\/loewenwaldschule\/ergaenzende-angebote\/unterstuetzte-kommunikation\/","og_site_name":"Leben leben Loewenwaldschule","article_modified_time":"2024-05-28T09:40:06+00:00","og_image":[{"width":1400,"height":560,"url":"https:\/\/lebenleben.de\/loewenwaldschule\/wp-content\/uploads\/sites\/10\/2021\/04\/ll_header_slider_image_1400x560_0002_StiftungLeben_2203_7431.jpg","type":"image\/jpeg"}],"twitter_card":"summary_large_image","twitter_misc":{"Gesch\u00e4tzte Lesezeit":"1\u00a0Minute"},"schema":{"@context":"https:\/\/schema.org","@graph":[{"@type":"WebPage","@id":"https:\/\/lebenleben.de\/loewenwaldschule\/ergaenzende-angebote\/unterstuetzte-kommunikation\/","url":"https:\/\/lebenleben.de\/loewenwaldschule\/ergaenzende-angebote\/unterstuetzte-kommunikation\/","name":"Unterst\u00fctzte Kommunikation an der Loewenwaldschule in Uelzen","isPartOf":{"@id":"https:\/\/lebenleben.de\/loewenwaldschule\/#website"},"primaryImageOfPage":{"@id":"https:\/\/lebenleben.de\/loewenwaldschule\/ergaenzende-angebote\/unterstuetzte-kommunikation\/#primaryimage"},"image":{"@id":"https:\/\/lebenleben.de\/loewenwaldschule\/ergaenzende-angebote\/unterstuetzte-kommunikation\/#primaryimage"},"thumbnailUrl":"https:\/\/lebenleben.de\/loewenwaldschule\/wp-content\/uploads\/sites\/10\/2021\/04\/ll_header_slider_image_1400x560_0002_StiftungLeben_2203_7431.jpg","datePublished":"2021-01-22T14:49:41+00:00","dateModified":"2024-05-28T09:40:06+00:00","description":"Die Loewenwaldschule in Uelzen f\u00f6rdert Sch\u00fcler:innen bei Bedarf mit Unterst\u00fctzter Kommunikation.","breadcrumb":{"@id":"https:\/\/lebenleben.de\/loewenwaldschule\/ergaenzende-angebote\/unterstuetzte-kommunikation\/#breadcrumb"},"inLanguage":"de","potentialAction":[{"@type":"ReadAction","target":["https:\/\/lebenleben.de\/loewenwaldschule\/ergaenzende-angebote\/unterstuetzte-kommunikation\/"]}]},{"@type":"ImageObject","inLanguage":"de","@id":"https:\/\/lebenleben.de\/loewenwaldschule\/ergaenzende-angebote\/unterstuetzte-kommunikation\/#primaryimage","url":"https:\/\/lebenleben.de\/loewenwaldschule\/wp-content\/uploads\/sites\/10\/2021\/04\/ll_header_slider_image_1400x560_0002_StiftungLeben_2203_7431.jpg","contentUrl":"https:\/\/lebenleben.de\/loewenwaldschule\/wp-content\/uploads\/sites\/10\/2021\/04\/ll_header_slider_image_1400x560_0002_StiftungLeben_2203_7431.jpg","width":1400,"height":560},{"@type":"BreadcrumbList","@id":"https:\/\/lebenleben.de\/loewenwaldschule\/ergaenzende-angebote\/unterstuetzte-kommunikation\/#breadcrumb","itemListElement":[{"@type":"ListItem","position":1,"name":"Startseite","item":"https:\/\/lebenleben.de\/loewenwaldschule\/"},{"@type":"ListItem","position":2,"name":"Erg\u00e4nzende Angebote","item":"https:\/\/lebenleben.de\/loewenwaldschule\/ergaenzende-angebote\/"},{"@type":"ListItem","position":3,"name":"Unterst\u00fctzte Kommunikation"}]},{"@type":"WebSite","@id":"https:\/\/lebenleben.de\/loewenwaldschule\/#website","url":"https:\/\/lebenleben.de\/loewenwaldschule\/","name":"Leben leben Loewenwaldschule","description":"Eine weitere Leben Leben Netzwerk Website","publisher":{"@id":"https:\/\/lebenleben.de\/loewenwaldschule\/#organization"},"potentialAction":[{"@type":"SearchAction","target":{"@type":"EntryPoint","urlTemplate":"https:\/\/lebenleben.de\/loewenwaldschule\/?s={search_term_string}"},"query-input":{"@type":"PropertyValueSpecification","valueRequired":true,"valueName":"search_term_string"}}],"inLanguage":"de"},{"@type":"Organization","@id":"https:\/\/lebenleben.de\/loewenwaldschule\/#organization","name":"Leben leben Loewenwaldschule","url":"https:\/\/lebenleben.de\/loewenwaldschule\/","logo":{"@type":"ImageObject","inLanguage":"de","@id":"https:\/\/lebenleben.de\/loewenwaldschule\/#\/schema\/logo\/image\/","url":"https:\/\/lebenleben.de\/loewenwaldschule\/wp-content\/uploads\/sites\/10\/2021\/01\/ll_favicon-green.png","contentUrl":"https:\/\/lebenleben.de\/loewenwaldschule\/wp-content\/uploads\/sites\/10\/2021\/01\/ll_favicon-green.png","width":501,"height":501,"caption":"Leben leben Loewenwaldschule"},"image":{"@id":"https:\/\/lebenleben.de\/loewenwaldschule\/#\/schema\/logo\/image\/"}}]}},"_links":{"self":[{"href":"https:\/\/lebenleben.de\/loewenwaldschule\/wp-json\/wp\/v2\/pages\/26","targetHints":{"allow":["GET"]}}],"collection":[{"href":"https:\/\/lebenleben.de\/loewenwaldschule\/wp-json\/wp\/v2\/pages"}],"about":[{"href":"https:\/\/lebenleben.de\/loewenwaldschule\/wp-json\/wp\/v2\/types\/page"}],"author":[{"embeddable":true,"href":"https:\/\/lebenleben.de\/loewenwaldschule\/wp-json\/wp\/v2\/users\/1"}],"replies":[{"embeddable":true,"href":"https:\/\/lebenleben.de\/loewenwaldschule\/wp-json\/wp\/v2\/comments?post=26"}],"version-history":[{"count":6,"href":"https:\/\/lebenleben.de\/loewenwaldschule\/wp-json\/wp\/v2\/pages\/26\/revisions"}],"predecessor-version":[{"id":14495,"href":"https:\/\/lebenleben.de\/loewenwaldschule\/wp-json\/wp\/v2\/pages\/26\/revisions\/14495"}],"up":[{"embeddable":true,"href":"https:\/\/lebenleben.de\/loewenwaldschule\/wp-json\/wp\/v2\/pages\/10"}],"wp:featuredmedia":[{"embeddable":true,"href":"https:\/\/lebenleben.de\/loewenwaldschule\/wp-json\/wp\/v2\/media\/210"}],"wp:attachment":[{"href":"https:\/\/lebenleben.de\/loewenwaldschule\/wp-json\/wp\/v2\/media?parent=26"}],"curies":[{"name":"wp","href":"https:\/\/api.w.org\/{rel}","templated":true}]}}