{"id":27,"date":"2021-01-22T15:49:04","date_gmt":"2021-01-22T14:49:04","guid":{"rendered":"https:\/\/lebenleben.de\/loewenwaldschule\/?page_id=27"},"modified":"2024-05-28T11:43:47","modified_gmt":"2024-05-28T09:43:47","slug":"autistenfoerderung","status":"publish","type":"page","link":"https:\/\/lebenleben.de\/loewenwaldschule\/ergaenzende-angebote\/autistenfoerderung\/","title":{"rendered":"Autistenf\u00f6rderung"},"content":{"rendered":"\n<div id=\"llimageslider-block_c3fc584048e2709fa51c653a6039d420\" class=\"block-llimageslider llimageslider alignwide\">\n\n    \n\t\t<div class=\"llimageslider-slider\" data-slick='{\"autoplaySpeed\": 5000}'>\n\t\t\t\t\t\t\t<div class=\"single-slide-wrapper slide-1\">\n\t\t\t\t\t<img loading=\"lazy\" decoding=\"async\" width=\"1400\" height=\"440\" src=\"https:\/\/lebenleben.de\/loewenwaldschule\/wp-content\/uploads\/sites\/10\/2024\/05\/ll_header_slider_image_1400x560_0001_Fotolia_98670937_XL-1400x440-1.jpg\" class=\"single-slide-image slider-desktop-image\" alt=\"\" srcset=\"https:\/\/lebenleben.de\/loewenwaldschule\/wp-content\/uploads\/sites\/10\/2024\/05\/ll_header_slider_image_1400x560_0001_Fotolia_98670937_XL-1400x440-1.jpg 1400w, https:\/\/lebenleben.de\/loewenwaldschule\/wp-content\/uploads\/sites\/10\/2024\/05\/ll_header_slider_image_1400x560_0001_Fotolia_98670937_XL-1400x440-1-300x94.jpg 300w, https:\/\/lebenleben.de\/loewenwaldschule\/wp-content\/uploads\/sites\/10\/2024\/05\/ll_header_slider_image_1400x560_0001_Fotolia_98670937_XL-1400x440-1-1024x322.jpg 1024w, https:\/\/lebenleben.de\/loewenwaldschule\/wp-content\/uploads\/sites\/10\/2024\/05\/ll_header_slider_image_1400x560_0001_Fotolia_98670937_XL-1400x440-1-768x241.jpg 768w\" sizes=\"auto, (max-width: 1400px) 100vw, 1400px\" \/>          <img loading=\"lazy\" decoding=\"async\" width=\"1000\" height=\"314\" src=\"https:\/\/lebenleben.de\/loewenwaldschule\/wp-content\/uploads\/sites\/10\/2024\/05\/ll_header_slider_image_1400x560_0001_Fotolia_98670937_XL-1400x440-1-1024x322.jpg\" class=\"single-slide-image slider-mobile-image\" alt=\"\" srcset=\"https:\/\/lebenleben.de\/loewenwaldschule\/wp-content\/uploads\/sites\/10\/2024\/05\/ll_header_slider_image_1400x560_0001_Fotolia_98670937_XL-1400x440-1-1024x322.jpg 1024w, https:\/\/lebenleben.de\/loewenwaldschule\/wp-content\/uploads\/sites\/10\/2024\/05\/ll_header_slider_image_1400x560_0001_Fotolia_98670937_XL-1400x440-1-300x94.jpg 300w, https:\/\/lebenleben.de\/loewenwaldschule\/wp-content\/uploads\/sites\/10\/2024\/05\/ll_header_slider_image_1400x560_0001_Fotolia_98670937_XL-1400x440-1-768x241.jpg 768w, https:\/\/lebenleben.de\/loewenwaldschule\/wp-content\/uploads\/sites\/10\/2024\/05\/ll_header_slider_image_1400x560_0001_Fotolia_98670937_XL-1400x440-1.jpg 1400w\" sizes=\"auto, (max-width: 1000px) 100vw, 1000px\" \/>\n                    <div class=\"single-slide-text\">\n          <h2>Autistenf\u00f6rderung<\/h2><h3>Spezieller Zugang durch ausgebildete Fachkr\u00e4fte<\/h3>                  <\/div>\n        \n\t\t\t\t<\/div>\n\t\t\t\t\t<\/div>\n\t  <script>\n    jQuery(document).ready(function() {\n        jQuery('.llimageslider-slider').slick({\n          dots: true,\n          infinite: true,\n          speed: 1000,\n          autoplay: true,\n          adaptiveHeight: true,\n          slidesToShow: 1,\n          fade: true,\n          focusOnSelect: true\n        });\n    });\n    <\/script>\n<\/div>\n\n\n\n<p>Gemeinsam sind allen autistischen Symptomen, die 10 Prozent unserer Sch\u00fcler:innen aufweisen, die Beeintr\u00e4chtigung des Sozialverhaltens und die stereotypen bzw. ritualisierten Verhaltensweisen. Die Bandbreite des emotionalen Erlebens und Lebens reicht vom extremen R\u00fcckzug bis zu einem Ausbruchszwang. Beides ist bedingt durch ein hohes Angstniveau bzw. eine Hypersensibilit\u00e4t und kann von einem auf den anderen Moment wechseln.<\/p>\n\n\n\n<p>Aufgrund ihrer sehr spezifischen Verarbeitung von Sinneseindr\u00fccken und der Art ihrer Wahrnehmungs- und Intelligenzleistungen bedarf es eines besonderen Zugangs zu diesen Sch\u00fcler:innen, den unsere speziell fortgebildeten Fachkr\u00e4fte gew\u00e4hrleisten. Zudem stehen Kindern und Jugendlichen mit der Diagnose fr\u00fchkindlicher Autismus (F84.0), auch Kanner-Syndrom genannt, zus\u00e4tzliche Betreuungszeiten im Klassenverband zu.<\/p>\n\n\n\n<p>Doch selbstverst\u00e4ndlich profitieren alle Kinder und Jugendlichen \u2013 auch mit anderen Symptombildern \u2013 von unseren Fachkr\u00e4ften.<\/p>\n\n\n\n<div style=\"height:50px\" aria-hidden=\"true\" class=\"wp-block-spacer\"><\/div>\n","protected":false},"excerpt":{"rendered":"<p>Spezieller Zugang durch ausgebildete Fachkr\u00e4fte<\/p>\n","protected":false},"author":1,"featured_media":190,"parent":10,"menu_order":20,"comment_status":"closed","ping_status":"closed","template":"page-templates\/page-fullscreen.php","meta":{"_acf_changed":false,"footnotes":""},"class_list":["post-27","page","type-page","status-publish","has-post-thumbnail","hentry"],"acf":[],"yoast_head":"<!-- This site is optimized with the Yoast SEO plugin v27.3 - https:\/\/yoast.com\/product\/yoast-seo-wordpress\/ -->\n<title>Autistenf\u00f6rderung an der Loewenwaldschule in Uelzen<\/title>\n<meta name=\"description\" content=\"Die Loewenwaldschule in Uelzen besch\u00e4ftigt speziell ausgebildete Fachkr\u00e4fte f\u00fcr die F\u00f6rderung von Sch\u00fcler:innen mit autistischen Symptomen.\" \/>\n<meta name=\"robots\" content=\"index, follow, max-snippet:-1, max-image-preview:large, max-video-preview:-1\" \/>\n<link rel=\"canonical\" href=\"https:\/\/lebenleben.de\/loewenwaldschule\/ergaenzende-angebote\/autistenfoerderung\/\" \/>\n<meta property=\"og:locale\" content=\"de_DE\" \/>\n<meta property=\"og:type\" content=\"article\" \/>\n<meta property=\"og:title\" content=\"Autistenf\u00f6rderung an der Loewenwaldschule in Uelzen\" \/>\n<meta property=\"og:description\" content=\"Die Loewenwaldschule in Uelzen besch\u00e4ftigt speziell ausgebildete Fachkr\u00e4fte f\u00fcr die F\u00f6rderung von Sch\u00fcler:innen mit autistischen Symptomen.\" \/>\n<meta property=\"og:url\" content=\"https:\/\/lebenleben.de\/loewenwaldschule\/ergaenzende-angebote\/autistenfoerderung\/\" \/>\n<meta property=\"og:site_name\" content=\"Leben leben Loewenwaldschule\" \/>\n<meta property=\"article:modified_time\" content=\"2024-05-28T09:43:47+00:00\" \/>\n<meta property=\"og:image\" content=\"https:\/\/lebenleben.de\/loewenwaldschule\/wp-content\/uploads\/sites\/10\/2021\/04\/ll_header_slider_image_1400x560_0001_Fotolia_98670937_XL.jpg\" \/>\n\t<meta property=\"og:image:width\" content=\"1400\" \/>\n\t<meta property=\"og:image:height\" content=\"560\" \/>\n\t<meta property=\"og:image:type\" content=\"image\/jpeg\" \/>\n<meta name=\"twitter:card\" content=\"summary_large_image\" \/>\n<meta name=\"twitter:label1\" content=\"Gesch\u00e4tzte Lesezeit\" \/>\n\t<meta name=\"twitter:data1\" content=\"2\u00a0Minuten\" \/>\n<script type=\"application\/ld+json\" class=\"yoast-schema-graph\">{\"@context\":\"https:\\\/\\\/schema.org\",\"@graph\":[{\"@type\":\"WebPage\",\"@id\":\"https:\\\/\\\/lebenleben.de\\\/loewenwaldschule\\\/ergaenzende-angebote\\\/autistenfoerderung\\\/\",\"url\":\"https:\\\/\\\/lebenleben.de\\\/loewenwaldschule\\\/ergaenzende-angebote\\\/autistenfoerderung\\\/\",\"name\":\"Autistenf\u00f6rderung an der Loewenwaldschule in Uelzen\",\"isPartOf\":{\"@id\":\"https:\\\/\\\/lebenleben.de\\\/loewenwaldschule\\\/#website\"},\"primaryImageOfPage\":{\"@id\":\"https:\\\/\\\/lebenleben.de\\\/loewenwaldschule\\\/ergaenzende-angebote\\\/autistenfoerderung\\\/#primaryimage\"},\"image\":{\"@id\":\"https:\\\/\\\/lebenleben.de\\\/loewenwaldschule\\\/ergaenzende-angebote\\\/autistenfoerderung\\\/#primaryimage\"},\"thumbnailUrl\":\"https:\\\/\\\/lebenleben.de\\\/loewenwaldschule\\\/wp-content\\\/uploads\\\/sites\\\/10\\\/2021\\\/04\\\/ll_header_slider_image_1400x560_0001_Fotolia_98670937_XL.jpg\",\"datePublished\":\"2021-01-22T14:49:04+00:00\",\"dateModified\":\"2024-05-28T09:43:47+00:00\",\"description\":\"Die Loewenwaldschule in Uelzen besch\u00e4ftigt speziell ausgebildete Fachkr\u00e4fte f\u00fcr die F\u00f6rderung von Sch\u00fcler:innen mit autistischen Symptomen.\",\"breadcrumb\":{\"@id\":\"https:\\\/\\\/lebenleben.de\\\/loewenwaldschule\\\/ergaenzende-angebote\\\/autistenfoerderung\\\/#breadcrumb\"},\"inLanguage\":\"de\",\"potentialAction\":[{\"@type\":\"ReadAction\",\"target\":[\"https:\\\/\\\/lebenleben.de\\\/loewenwaldschule\\\/ergaenzende-angebote\\\/autistenfoerderung\\\/\"]}]},{\"@type\":\"ImageObject\",\"inLanguage\":\"de\",\"@id\":\"https:\\\/\\\/lebenleben.de\\\/loewenwaldschule\\\/ergaenzende-angebote\\\/autistenfoerderung\\\/#primaryimage\",\"url\":\"https:\\\/\\\/lebenleben.de\\\/loewenwaldschule\\\/wp-content\\\/uploads\\\/sites\\\/10\\\/2021\\\/04\\\/ll_header_slider_image_1400x560_0001_Fotolia_98670937_XL.jpg\",\"contentUrl\":\"https:\\\/\\\/lebenleben.de\\\/loewenwaldschule\\\/wp-content\\\/uploads\\\/sites\\\/10\\\/2021\\\/04\\\/ll_header_slider_image_1400x560_0001_Fotolia_98670937_XL.jpg\",\"width\":1400,\"height\":560},{\"@type\":\"BreadcrumbList\",\"@id\":\"https:\\\/\\\/lebenleben.de\\\/loewenwaldschule\\\/ergaenzende-angebote\\\/autistenfoerderung\\\/#breadcrumb\",\"itemListElement\":[{\"@type\":\"ListItem\",\"position\":1,\"name\":\"Startseite\",\"item\":\"https:\\\/\\\/lebenleben.de\\\/loewenwaldschule\\\/\"},{\"@type\":\"ListItem\",\"position\":2,\"name\":\"Erg\u00e4nzende Angebote\",\"item\":\"https:\\\/\\\/lebenleben.de\\\/loewenwaldschule\\\/ergaenzende-angebote\\\/\"},{\"@type\":\"ListItem\",\"position\":3,\"name\":\"Autistenf\u00f6rderung\"}]},{\"@type\":\"WebSite\",\"@id\":\"https:\\\/\\\/lebenleben.de\\\/loewenwaldschule\\\/#website\",\"url\":\"https:\\\/\\\/lebenleben.de\\\/loewenwaldschule\\\/\",\"name\":\"Leben leben Loewenwaldschule\",\"description\":\"Eine weitere Leben Leben Netzwerk Website\",\"publisher\":{\"@id\":\"https:\\\/\\\/lebenleben.de\\\/loewenwaldschule\\\/#organization\"},\"potentialAction\":[{\"@type\":\"SearchAction\",\"target\":{\"@type\":\"EntryPoint\",\"urlTemplate\":\"https:\\\/\\\/lebenleben.de\\\/loewenwaldschule\\\/?s={search_term_string}\"},\"query-input\":{\"@type\":\"PropertyValueSpecification\",\"valueRequired\":true,\"valueName\":\"search_term_string\"}}],\"inLanguage\":\"de\"},{\"@type\":\"Organization\",\"@id\":\"https:\\\/\\\/lebenleben.de\\\/loewenwaldschule\\\/#organization\",\"name\":\"Leben leben Loewenwaldschule\",\"url\":\"https:\\\/\\\/lebenleben.de\\\/loewenwaldschule\\\/\",\"logo\":{\"@type\":\"ImageObject\",\"inLanguage\":\"de\",\"@id\":\"https:\\\/\\\/lebenleben.de\\\/loewenwaldschule\\\/#\\\/schema\\\/logo\\\/image\\\/\",\"url\":\"https:\\\/\\\/lebenleben.de\\\/loewenwaldschule\\\/wp-content\\\/uploads\\\/sites\\\/10\\\/2021\\\/01\\\/ll_favicon-green.png\",\"contentUrl\":\"https:\\\/\\\/lebenleben.de\\\/loewenwaldschule\\\/wp-content\\\/uploads\\\/sites\\\/10\\\/2021\\\/01\\\/ll_favicon-green.png\",\"width\":501,\"height\":501,\"caption\":\"Leben leben Loewenwaldschule\"},\"image\":{\"@id\":\"https:\\\/\\\/lebenleben.de\\\/loewenwaldschule\\\/#\\\/schema\\\/logo\\\/image\\\/\"}}]}<\/script>\n<!-- \/ Yoast SEO plugin. -->","yoast_head_json":{"title":"Autistenf\u00f6rderung an der Loewenwaldschule in Uelzen","description":"Die Loewenwaldschule in Uelzen besch\u00e4ftigt speziell ausgebildete Fachkr\u00e4fte f\u00fcr die F\u00f6rderung von Sch\u00fcler:innen mit autistischen Symptomen.","robots":{"index":"index","follow":"follow","max-snippet":"max-snippet:-1","max-image-preview":"max-image-preview:large","max-video-preview":"max-video-preview:-1"},"canonical":"https:\/\/lebenleben.de\/loewenwaldschule\/ergaenzende-angebote\/autistenfoerderung\/","og_locale":"de_DE","og_type":"article","og_title":"Autistenf\u00f6rderung an der Loewenwaldschule in Uelzen","og_description":"Die Loewenwaldschule in Uelzen besch\u00e4ftigt speziell ausgebildete Fachkr\u00e4fte f\u00fcr die F\u00f6rderung von Sch\u00fcler:innen mit autistischen Symptomen.","og_url":"https:\/\/lebenleben.de\/loewenwaldschule\/ergaenzende-angebote\/autistenfoerderung\/","og_site_name":"Leben leben Loewenwaldschule","article_modified_time":"2024-05-28T09:43:47+00:00","og_image":[{"width":1400,"height":560,"url":"https:\/\/lebenleben.de\/loewenwaldschule\/wp-content\/uploads\/sites\/10\/2021\/04\/ll_header_slider_image_1400x560_0001_Fotolia_98670937_XL.jpg","type":"image\/jpeg"}],"twitter_card":"summary_large_image","twitter_misc":{"Gesch\u00e4tzte Lesezeit":"2\u00a0Minuten"},"schema":{"@context":"https:\/\/schema.org","@graph":[{"@type":"WebPage","@id":"https:\/\/lebenleben.de\/loewenwaldschule\/ergaenzende-angebote\/autistenfoerderung\/","url":"https:\/\/lebenleben.de\/loewenwaldschule\/ergaenzende-angebote\/autistenfoerderung\/","name":"Autistenf\u00f6rderung an der Loewenwaldschule in Uelzen","isPartOf":{"@id":"https:\/\/lebenleben.de\/loewenwaldschule\/#website"},"primaryImageOfPage":{"@id":"https:\/\/lebenleben.de\/loewenwaldschule\/ergaenzende-angebote\/autistenfoerderung\/#primaryimage"},"image":{"@id":"https:\/\/lebenleben.de\/loewenwaldschule\/ergaenzende-angebote\/autistenfoerderung\/#primaryimage"},"thumbnailUrl":"https:\/\/lebenleben.de\/loewenwaldschule\/wp-content\/uploads\/sites\/10\/2021\/04\/ll_header_slider_image_1400x560_0001_Fotolia_98670937_XL.jpg","datePublished":"2021-01-22T14:49:04+00:00","dateModified":"2024-05-28T09:43:47+00:00","description":"Die Loewenwaldschule in Uelzen besch\u00e4ftigt speziell ausgebildete Fachkr\u00e4fte f\u00fcr die F\u00f6rderung von Sch\u00fcler:innen mit autistischen Symptomen.","breadcrumb":{"@id":"https:\/\/lebenleben.de\/loewenwaldschule\/ergaenzende-angebote\/autistenfoerderung\/#breadcrumb"},"inLanguage":"de","potentialAction":[{"@type":"ReadAction","target":["https:\/\/lebenleben.de\/loewenwaldschule\/ergaenzende-angebote\/autistenfoerderung\/"]}]},{"@type":"ImageObject","inLanguage":"de","@id":"https:\/\/lebenleben.de\/loewenwaldschule\/ergaenzende-angebote\/autistenfoerderung\/#primaryimage","url":"https:\/\/lebenleben.de\/loewenwaldschule\/wp-content\/uploads\/sites\/10\/2021\/04\/ll_header_slider_image_1400x560_0001_Fotolia_98670937_XL.jpg","contentUrl":"https:\/\/lebenleben.de\/loewenwaldschule\/wp-content\/uploads\/sites\/10\/2021\/04\/ll_header_slider_image_1400x560_0001_Fotolia_98670937_XL.jpg","width":1400,"height":560},{"@type":"BreadcrumbList","@id":"https:\/\/lebenleben.de\/loewenwaldschule\/ergaenzende-angebote\/autistenfoerderung\/#breadcrumb","itemListElement":[{"@type":"ListItem","position":1,"name":"Startseite","item":"https:\/\/lebenleben.de\/loewenwaldschule\/"},{"@type":"ListItem","position":2,"name":"Erg\u00e4nzende Angebote","item":"https:\/\/lebenleben.de\/loewenwaldschule\/ergaenzende-angebote\/"},{"@type":"ListItem","position":3,"name":"Autistenf\u00f6rderung"}]},{"@type":"WebSite","@id":"https:\/\/lebenleben.de\/loewenwaldschule\/#website","url":"https:\/\/lebenleben.de\/loewenwaldschule\/","name":"Leben leben Loewenwaldschule","description":"Eine weitere Leben Leben Netzwerk Website","publisher":{"@id":"https:\/\/lebenleben.de\/loewenwaldschule\/#organization"},"potentialAction":[{"@type":"SearchAction","target":{"@type":"EntryPoint","urlTemplate":"https:\/\/lebenleben.de\/loewenwaldschule\/?s={search_term_string}"},"query-input":{"@type":"PropertyValueSpecification","valueRequired":true,"valueName":"search_term_string"}}],"inLanguage":"de"},{"@type":"Organization","@id":"https:\/\/lebenleben.de\/loewenwaldschule\/#organization","name":"Leben leben Loewenwaldschule","url":"https:\/\/lebenleben.de\/loewenwaldschule\/","logo":{"@type":"ImageObject","inLanguage":"de","@id":"https:\/\/lebenleben.de\/loewenwaldschule\/#\/schema\/logo\/image\/","url":"https:\/\/lebenleben.de\/loewenwaldschule\/wp-content\/uploads\/sites\/10\/2021\/01\/ll_favicon-green.png","contentUrl":"https:\/\/lebenleben.de\/loewenwaldschule\/wp-content\/uploads\/sites\/10\/2021\/01\/ll_favicon-green.png","width":501,"height":501,"caption":"Leben leben Loewenwaldschule"},"image":{"@id":"https:\/\/lebenleben.de\/loewenwaldschule\/#\/schema\/logo\/image\/"}}]}},"_links":{"self":[{"href":"https:\/\/lebenleben.de\/loewenwaldschule\/wp-json\/wp\/v2\/pages\/27","targetHints":{"allow":["GET"]}}],"collection":[{"href":"https:\/\/lebenleben.de\/loewenwaldschule\/wp-json\/wp\/v2\/pages"}],"about":[{"href":"https:\/\/lebenleben.de\/loewenwaldschule\/wp-json\/wp\/v2\/types\/page"}],"author":[{"embeddable":true,"href":"https:\/\/lebenleben.de\/loewenwaldschule\/wp-json\/wp\/v2\/users\/1"}],"replies":[{"embeddable":true,"href":"https:\/\/lebenleben.de\/loewenwaldschule\/wp-json\/wp\/v2\/comments?post=27"}],"version-history":[{"count":8,"href":"https:\/\/lebenleben.de\/loewenwaldschule\/wp-json\/wp\/v2\/pages\/27\/revisions"}],"predecessor-version":[{"id":14498,"href":"https:\/\/lebenleben.de\/loewenwaldschule\/wp-json\/wp\/v2\/pages\/27\/revisions\/14498"}],"up":[{"embeddable":true,"href":"https:\/\/lebenleben.de\/loewenwaldschule\/wp-json\/wp\/v2\/pages\/10"}],"wp:featuredmedia":[{"embeddable":true,"href":"https:\/\/lebenleben.de\/loewenwaldschule\/wp-json\/wp\/v2\/media\/190"}],"wp:attachment":[{"href":"https:\/\/lebenleben.de\/loewenwaldschule\/wp-json\/wp\/v2\/media?parent=27"}],"curies":[{"name":"wp","href":"https:\/\/api.w.org\/{rel}","templated":true}]}}