{"id":28,"date":"2021-01-22T15:49:05","date_gmt":"2021-01-22T14:49:05","guid":{"rendered":"https:\/\/lebenleben.de\/loewenwaldschule\/?page_id=28"},"modified":"2024-05-28T11:49:17","modified_gmt":"2024-05-28T09:49:17","slug":"kooperationen","status":"publish","type":"page","link":"https:\/\/lebenleben.de\/loewenwaldschule\/ergaenzende-angebote\/kooperationen\/","title":{"rendered":"Kooperationen"},"content":{"rendered":"\n<div id=\"llimageslider-block_d983b6780d87aa42f661eeed2b3e42f0\" class=\"block-llimageslider llimageslider alignwide\">\n\n    \n\t\t<div class=\"llimageslider-slider\" data-slick='{\"autoplaySpeed\": 5000}'>\n\t\t\t\t\t\t\t<div class=\"single-slide-wrapper slide-1\">\n\t\t\t\t\t<img loading=\"lazy\" decoding=\"async\" width=\"1400\" height=\"440\" src=\"https:\/\/lebenleben.de\/loewenwaldschule\/wp-content\/uploads\/sites\/10\/2024\/05\/ll_header_slider_image_1400x560_0001_Lebenshilfe_1-21-1400x440-1.jpg\" class=\"single-slide-image slider-desktop-image\" alt=\"\" srcset=\"https:\/\/lebenleben.de\/loewenwaldschule\/wp-content\/uploads\/sites\/10\/2024\/05\/ll_header_slider_image_1400x560_0001_Lebenshilfe_1-21-1400x440-1.jpg 1400w, https:\/\/lebenleben.de\/loewenwaldschule\/wp-content\/uploads\/sites\/10\/2024\/05\/ll_header_slider_image_1400x560_0001_Lebenshilfe_1-21-1400x440-1-300x94.jpg 300w, https:\/\/lebenleben.de\/loewenwaldschule\/wp-content\/uploads\/sites\/10\/2024\/05\/ll_header_slider_image_1400x560_0001_Lebenshilfe_1-21-1400x440-1-1024x322.jpg 1024w, https:\/\/lebenleben.de\/loewenwaldschule\/wp-content\/uploads\/sites\/10\/2024\/05\/ll_header_slider_image_1400x560_0001_Lebenshilfe_1-21-1400x440-1-768x241.jpg 768w\" sizes=\"auto, (max-width: 1400px) 100vw, 1400px\" \/>          <img loading=\"lazy\" decoding=\"async\" width=\"1000\" height=\"314\" src=\"https:\/\/lebenleben.de\/loewenwaldschule\/wp-content\/uploads\/sites\/10\/2024\/05\/ll_header_slider_image_1400x560_0001_Lebenshilfe_1-21-1400x440-1-1024x322.jpg\" class=\"single-slide-image slider-mobile-image\" alt=\"\" srcset=\"https:\/\/lebenleben.de\/loewenwaldschule\/wp-content\/uploads\/sites\/10\/2024\/05\/ll_header_slider_image_1400x560_0001_Lebenshilfe_1-21-1400x440-1-1024x322.jpg 1024w, https:\/\/lebenleben.de\/loewenwaldschule\/wp-content\/uploads\/sites\/10\/2024\/05\/ll_header_slider_image_1400x560_0001_Lebenshilfe_1-21-1400x440-1-300x94.jpg 300w, https:\/\/lebenleben.de\/loewenwaldschule\/wp-content\/uploads\/sites\/10\/2024\/05\/ll_header_slider_image_1400x560_0001_Lebenshilfe_1-21-1400x440-1-768x241.jpg 768w, https:\/\/lebenleben.de\/loewenwaldschule\/wp-content\/uploads\/sites\/10\/2024\/05\/ll_header_slider_image_1400x560_0001_Lebenshilfe_1-21-1400x440-1.jpg 1400w\" sizes=\"auto, (max-width: 1000px) 100vw, 1000px\" \/>\n                    <div class=\"single-slide-text\">\n          <h2>Kooperationen der Loewenwaldschule<\/h2><h3>Mehrwert f\u00fcr unsere Sch\u00fcler:innen<\/h3>                  <\/div>\n        \n\t\t\t\t<\/div>\n\t\t\t\t\t<\/div>\n\t  <script>\n    jQuery(document).ready(function() {\n        jQuery('.llimageslider-slider').slick({\n          dots: true,\n          infinite: true,\n          speed: 1000,\n          autoplay: true,\n          adaptiveHeight: true,\n          slidesToShow: 1,\n          fade: true,\n          focusOnSelect: true\n        });\n    });\n    <\/script>\n<\/div>\n\n\n\n<p>Nur wenn die Fachkr\u00e4fte der beiden Lebenswelten&nbsp;\u2013 Schule und Wohnen&nbsp;\u2013 gemeinsam im Sinne der Kinder und Jugendlichen handeln, entsteht die notwendige p\u00e4dagogische Kontinuit\u00e4t. Daher arbeiten wir in enger und kollegialer Abstimmung mit den Einrichtungen der Wiedereingliederungshilfe nach dem SBG&nbsp;XII, dem <a href=\"http:\/\/www.heidehof-eimke.de\/\">Heidehof Eimke <\/a>und dem <a href=\"http:\/\/www.stadorfev.de\/de\/m2\/home.html\">Stadorf e.V<\/a>., zusammen und stellen so die optimale Abstimmung der verschiedenen F\u00f6rderorte unserer Sch\u00fcler:innen sicher.<\/p>\n\n\n\n<p>Im Rahmen der Umgestaltung der Schullandschaft in der Stadt und im Landkreis Uelzen kooperieren wir mit dem RZI (Regionales Beratungs- und Unterst\u00fctzungsZentrum Inklusive Schule). Als traditionsreiche Einrichtung f\u00fcr Sch\u00fcler:innen und Sch\u00fcler mit F\u00f6rderbedarf im Bereich der geistigen Entwicklung am Standort Uelzen sind wir fester Bestandteil der inklusiven Schulkultur der Stadt und des Landkreises. Auf diese Weise gew\u00e4hrleisten wir die optimalen F\u00f6rderungsbedingungen f\u00fcr den jeweiligen Entwicklungsstand unserer Sch\u00fcler:innen.<\/p>\n\n\n\n<p>Mit der <a href=\"http:\/\/www.georgsanstalt.de\/abteilungen\/persoenliche-assistenz-sozialpaedagogik.html\">Fachschule Sozialp\u00e4dagogik<\/a>, <a href=\"http:\/\/www.georgsanstalt.de\/abteilungen\/bes-pflege\/248-fachschule-heilerziehungspflege.html\">Fachschule Heilerziehungspflege<\/a> der <a href=\"http:\/\/www.georgsanstalt.de\/\">Georgsanstalt,<\/a> mit den Berufsbildenden Schulen II des Landkreises Uelzen, der <a href=\"http:\/\/www.nibis.de\/~bfsergbb\/\">Berufsfachschule Ergotherapie<\/a> Bad Bevensen und der <a href=\"https:\/\/www.ostfalia.de\/cms\/de\">Ostfalia Hochschule<\/a> in Suderburg kooperieren wir, um unseren bedarf an hochgradig qualifizierten Nachwuchsfachkr\u00e4ften zu decken. Damit stellen wir eine enge Verzahnung der schulischen Ausbildung mit der beruflichen Praxis sicher und k\u00f6nnen den potenziellen neuen Fachkr\u00e4ften schon fr\u00fch Einblicke in das spannende und abwechslungsreiche Arbeitsfeld der sonderp\u00e4dagogischen F\u00f6rderung vermitteln.<\/p>\n\n\n\n<p>Mit unserer langj\u00e4hrigen Teilnahme am <a href=\"http:\/\/www.bio-brotbox.de\/projekt-biobrotbox\">Projekt Bio-BrotBox<\/a> unter der Schirmherrinnenschaft des Bundesumweltministeriums erg\u00e4nzen wir als Teil des Netzwerks f\u00fcr gesunde Kinderern\u00e4hrung unsere Bem\u00fchungen in diesem Bereich.<\/p>\n\n\n\n<div style=\"height:50px\" aria-hidden=\"true\" class=\"wp-block-spacer\"><\/div>\n","protected":false},"excerpt":{"rendered":"<p>Mehrwert f\u00fcr unsere Sch\u00fcler:innen<\/p>\n","protected":false},"author":1,"featured_media":209,"parent":10,"menu_order":30,"comment_status":"closed","ping_status":"closed","template":"page-templates\/page-fullscreen.php","meta":{"_acf_changed":false,"footnotes":""},"class_list":["post-28","page","type-page","status-publish","has-post-thumbnail","hentry"],"acf":[],"yoast_head":"<!-- This site is optimized with the Yoast SEO plugin v27.3 - https:\/\/yoast.com\/product\/yoast-seo-wordpress\/ -->\n<title>Kooperationen der Loewenwaldschule in Uelzen<\/title>\n<meta name=\"description\" content=\"Die Koperationen der Loewenwaldschule in Uelzen sind vielf\u00e4ltig. Lesen Sie, wie unsere Sch\u00fcler:innen davon profitieren.\" \/>\n<meta name=\"robots\" content=\"index, follow, max-snippet:-1, max-image-preview:large, max-video-preview:-1\" \/>\n<link rel=\"canonical\" href=\"https:\/\/lebenleben.de\/loewenwaldschule\/ergaenzende-angebote\/kooperationen\/\" \/>\n<meta property=\"og:locale\" content=\"de_DE\" \/>\n<meta property=\"og:type\" content=\"article\" \/>\n<meta property=\"og:title\" content=\"Kooperationen der Loewenwaldschule in Uelzen\" \/>\n<meta property=\"og:description\" content=\"Die Koperationen der Loewenwaldschule in Uelzen sind vielf\u00e4ltig. Lesen Sie, wie unsere Sch\u00fcler:innen davon profitieren.\" \/>\n<meta property=\"og:url\" content=\"https:\/\/lebenleben.de\/loewenwaldschule\/ergaenzende-angebote\/kooperationen\/\" \/>\n<meta property=\"og:site_name\" content=\"Leben leben Loewenwaldschule\" \/>\n<meta property=\"article:modified_time\" content=\"2024-05-28T09:49:17+00:00\" \/>\n<meta property=\"og:image\" content=\"https:\/\/lebenleben.de\/loewenwaldschule\/wp-content\/uploads\/sites\/10\/2021\/04\/ll_header_slider_image_1400x560_0001_Lebenshilfe_1-21.jpg\" \/>\n\t<meta property=\"og:image:width\" content=\"1400\" \/>\n\t<meta property=\"og:image:height\" content=\"560\" \/>\n\t<meta property=\"og:image:type\" content=\"image\/jpeg\" \/>\n<meta name=\"twitter:card\" content=\"summary_large_image\" \/>\n<meta name=\"twitter:label1\" content=\"Gesch\u00e4tzte Lesezeit\" \/>\n\t<meta name=\"twitter:data1\" content=\"2\u00a0Minuten\" \/>\n<script type=\"application\/ld+json\" class=\"yoast-schema-graph\">{\"@context\":\"https:\\\/\\\/schema.org\",\"@graph\":[{\"@type\":\"WebPage\",\"@id\":\"https:\\\/\\\/lebenleben.de\\\/loewenwaldschule\\\/ergaenzende-angebote\\\/kooperationen\\\/\",\"url\":\"https:\\\/\\\/lebenleben.de\\\/loewenwaldschule\\\/ergaenzende-angebote\\\/kooperationen\\\/\",\"name\":\"Kooperationen der Loewenwaldschule in Uelzen\",\"isPartOf\":{\"@id\":\"https:\\\/\\\/lebenleben.de\\\/loewenwaldschule\\\/#website\"},\"primaryImageOfPage\":{\"@id\":\"https:\\\/\\\/lebenleben.de\\\/loewenwaldschule\\\/ergaenzende-angebote\\\/kooperationen\\\/#primaryimage\"},\"image\":{\"@id\":\"https:\\\/\\\/lebenleben.de\\\/loewenwaldschule\\\/ergaenzende-angebote\\\/kooperationen\\\/#primaryimage\"},\"thumbnailUrl\":\"https:\\\/\\\/lebenleben.de\\\/loewenwaldschule\\\/wp-content\\\/uploads\\\/sites\\\/10\\\/2021\\\/04\\\/ll_header_slider_image_1400x560_0001_Lebenshilfe_1-21.jpg\",\"datePublished\":\"2021-01-22T14:49:05+00:00\",\"dateModified\":\"2024-05-28T09:49:17+00:00\",\"description\":\"Die Koperationen der Loewenwaldschule in Uelzen sind vielf\u00e4ltig. Lesen Sie, wie unsere Sch\u00fcler:innen davon profitieren.\",\"breadcrumb\":{\"@id\":\"https:\\\/\\\/lebenleben.de\\\/loewenwaldschule\\\/ergaenzende-angebote\\\/kooperationen\\\/#breadcrumb\"},\"inLanguage\":\"de\",\"potentialAction\":[{\"@type\":\"ReadAction\",\"target\":[\"https:\\\/\\\/lebenleben.de\\\/loewenwaldschule\\\/ergaenzende-angebote\\\/kooperationen\\\/\"]}]},{\"@type\":\"ImageObject\",\"inLanguage\":\"de\",\"@id\":\"https:\\\/\\\/lebenleben.de\\\/loewenwaldschule\\\/ergaenzende-angebote\\\/kooperationen\\\/#primaryimage\",\"url\":\"https:\\\/\\\/lebenleben.de\\\/loewenwaldschule\\\/wp-content\\\/uploads\\\/sites\\\/10\\\/2021\\\/04\\\/ll_header_slider_image_1400x560_0001_Lebenshilfe_1-21.jpg\",\"contentUrl\":\"https:\\\/\\\/lebenleben.de\\\/loewenwaldschule\\\/wp-content\\\/uploads\\\/sites\\\/10\\\/2021\\\/04\\\/ll_header_slider_image_1400x560_0001_Lebenshilfe_1-21.jpg\",\"width\":1400,\"height\":560},{\"@type\":\"BreadcrumbList\",\"@id\":\"https:\\\/\\\/lebenleben.de\\\/loewenwaldschule\\\/ergaenzende-angebote\\\/kooperationen\\\/#breadcrumb\",\"itemListElement\":[{\"@type\":\"ListItem\",\"position\":1,\"name\":\"Startseite\",\"item\":\"https:\\\/\\\/lebenleben.de\\\/loewenwaldschule\\\/\"},{\"@type\":\"ListItem\",\"position\":2,\"name\":\"Erg\u00e4nzende Angebote\",\"item\":\"https:\\\/\\\/lebenleben.de\\\/loewenwaldschule\\\/ergaenzende-angebote\\\/\"},{\"@type\":\"ListItem\",\"position\":3,\"name\":\"Kooperationen\"}]},{\"@type\":\"WebSite\",\"@id\":\"https:\\\/\\\/lebenleben.de\\\/loewenwaldschule\\\/#website\",\"url\":\"https:\\\/\\\/lebenleben.de\\\/loewenwaldschule\\\/\",\"name\":\"Leben leben Loewenwaldschule\",\"description\":\"Eine weitere Leben Leben Netzwerk Website\",\"publisher\":{\"@id\":\"https:\\\/\\\/lebenleben.de\\\/loewenwaldschule\\\/#organization\"},\"potentialAction\":[{\"@type\":\"SearchAction\",\"target\":{\"@type\":\"EntryPoint\",\"urlTemplate\":\"https:\\\/\\\/lebenleben.de\\\/loewenwaldschule\\\/?s={search_term_string}\"},\"query-input\":{\"@type\":\"PropertyValueSpecification\",\"valueRequired\":true,\"valueName\":\"search_term_string\"}}],\"inLanguage\":\"de\"},{\"@type\":\"Organization\",\"@id\":\"https:\\\/\\\/lebenleben.de\\\/loewenwaldschule\\\/#organization\",\"name\":\"Leben leben Loewenwaldschule\",\"url\":\"https:\\\/\\\/lebenleben.de\\\/loewenwaldschule\\\/\",\"logo\":{\"@type\":\"ImageObject\",\"inLanguage\":\"de\",\"@id\":\"https:\\\/\\\/lebenleben.de\\\/loewenwaldschule\\\/#\\\/schema\\\/logo\\\/image\\\/\",\"url\":\"https:\\\/\\\/lebenleben.de\\\/loewenwaldschule\\\/wp-content\\\/uploads\\\/sites\\\/10\\\/2021\\\/01\\\/ll_favicon-green.png\",\"contentUrl\":\"https:\\\/\\\/lebenleben.de\\\/loewenwaldschule\\\/wp-content\\\/uploads\\\/sites\\\/10\\\/2021\\\/01\\\/ll_favicon-green.png\",\"width\":501,\"height\":501,\"caption\":\"Leben leben Loewenwaldschule\"},\"image\":{\"@id\":\"https:\\\/\\\/lebenleben.de\\\/loewenwaldschule\\\/#\\\/schema\\\/logo\\\/image\\\/\"}}]}<\/script>\n<!-- \/ Yoast SEO plugin. -->","yoast_head_json":{"title":"Kooperationen der Loewenwaldschule in Uelzen","description":"Die Koperationen der Loewenwaldschule in Uelzen sind vielf\u00e4ltig. Lesen Sie, wie unsere Sch\u00fcler:innen davon profitieren.","robots":{"index":"index","follow":"follow","max-snippet":"max-snippet:-1","max-image-preview":"max-image-preview:large","max-video-preview":"max-video-preview:-1"},"canonical":"https:\/\/lebenleben.de\/loewenwaldschule\/ergaenzende-angebote\/kooperationen\/","og_locale":"de_DE","og_type":"article","og_title":"Kooperationen der Loewenwaldschule in Uelzen","og_description":"Die Koperationen der Loewenwaldschule in Uelzen sind vielf\u00e4ltig. Lesen Sie, wie unsere Sch\u00fcler:innen davon profitieren.","og_url":"https:\/\/lebenleben.de\/loewenwaldschule\/ergaenzende-angebote\/kooperationen\/","og_site_name":"Leben leben Loewenwaldschule","article_modified_time":"2024-05-28T09:49:17+00:00","og_image":[{"width":1400,"height":560,"url":"https:\/\/lebenleben.de\/loewenwaldschule\/wp-content\/uploads\/sites\/10\/2021\/04\/ll_header_slider_image_1400x560_0001_Lebenshilfe_1-21.jpg","type":"image\/jpeg"}],"twitter_card":"summary_large_image","twitter_misc":{"Gesch\u00e4tzte Lesezeit":"2\u00a0Minuten"},"schema":{"@context":"https:\/\/schema.org","@graph":[{"@type":"WebPage","@id":"https:\/\/lebenleben.de\/loewenwaldschule\/ergaenzende-angebote\/kooperationen\/","url":"https:\/\/lebenleben.de\/loewenwaldschule\/ergaenzende-angebote\/kooperationen\/","name":"Kooperationen der Loewenwaldschule in Uelzen","isPartOf":{"@id":"https:\/\/lebenleben.de\/loewenwaldschule\/#website"},"primaryImageOfPage":{"@id":"https:\/\/lebenleben.de\/loewenwaldschule\/ergaenzende-angebote\/kooperationen\/#primaryimage"},"image":{"@id":"https:\/\/lebenleben.de\/loewenwaldschule\/ergaenzende-angebote\/kooperationen\/#primaryimage"},"thumbnailUrl":"https:\/\/lebenleben.de\/loewenwaldschule\/wp-content\/uploads\/sites\/10\/2021\/04\/ll_header_slider_image_1400x560_0001_Lebenshilfe_1-21.jpg","datePublished":"2021-01-22T14:49:05+00:00","dateModified":"2024-05-28T09:49:17+00:00","description":"Die Koperationen der Loewenwaldschule in Uelzen sind vielf\u00e4ltig. Lesen Sie, wie unsere Sch\u00fcler:innen davon profitieren.","breadcrumb":{"@id":"https:\/\/lebenleben.de\/loewenwaldschule\/ergaenzende-angebote\/kooperationen\/#breadcrumb"},"inLanguage":"de","potentialAction":[{"@type":"ReadAction","target":["https:\/\/lebenleben.de\/loewenwaldschule\/ergaenzende-angebote\/kooperationen\/"]}]},{"@type":"ImageObject","inLanguage":"de","@id":"https:\/\/lebenleben.de\/loewenwaldschule\/ergaenzende-angebote\/kooperationen\/#primaryimage","url":"https:\/\/lebenleben.de\/loewenwaldschule\/wp-content\/uploads\/sites\/10\/2021\/04\/ll_header_slider_image_1400x560_0001_Lebenshilfe_1-21.jpg","contentUrl":"https:\/\/lebenleben.de\/loewenwaldschule\/wp-content\/uploads\/sites\/10\/2021\/04\/ll_header_slider_image_1400x560_0001_Lebenshilfe_1-21.jpg","width":1400,"height":560},{"@type":"BreadcrumbList","@id":"https:\/\/lebenleben.de\/loewenwaldschule\/ergaenzende-angebote\/kooperationen\/#breadcrumb","itemListElement":[{"@type":"ListItem","position":1,"name":"Startseite","item":"https:\/\/lebenleben.de\/loewenwaldschule\/"},{"@type":"ListItem","position":2,"name":"Erg\u00e4nzende Angebote","item":"https:\/\/lebenleben.de\/loewenwaldschule\/ergaenzende-angebote\/"},{"@type":"ListItem","position":3,"name":"Kooperationen"}]},{"@type":"WebSite","@id":"https:\/\/lebenleben.de\/loewenwaldschule\/#website","url":"https:\/\/lebenleben.de\/loewenwaldschule\/","name":"Leben leben Loewenwaldschule","description":"Eine weitere Leben Leben Netzwerk Website","publisher":{"@id":"https:\/\/lebenleben.de\/loewenwaldschule\/#organization"},"potentialAction":[{"@type":"SearchAction","target":{"@type":"EntryPoint","urlTemplate":"https:\/\/lebenleben.de\/loewenwaldschule\/?s={search_term_string}"},"query-input":{"@type":"PropertyValueSpecification","valueRequired":true,"valueName":"search_term_string"}}],"inLanguage":"de"},{"@type":"Organization","@id":"https:\/\/lebenleben.de\/loewenwaldschule\/#organization","name":"Leben leben Loewenwaldschule","url":"https:\/\/lebenleben.de\/loewenwaldschule\/","logo":{"@type":"ImageObject","inLanguage":"de","@id":"https:\/\/lebenleben.de\/loewenwaldschule\/#\/schema\/logo\/image\/","url":"https:\/\/lebenleben.de\/loewenwaldschule\/wp-content\/uploads\/sites\/10\/2021\/01\/ll_favicon-green.png","contentUrl":"https:\/\/lebenleben.de\/loewenwaldschule\/wp-content\/uploads\/sites\/10\/2021\/01\/ll_favicon-green.png","width":501,"height":501,"caption":"Leben leben Loewenwaldschule"},"image":{"@id":"https:\/\/lebenleben.de\/loewenwaldschule\/#\/schema\/logo\/image\/"}}]}},"_links":{"self":[{"href":"https:\/\/lebenleben.de\/loewenwaldschule\/wp-json\/wp\/v2\/pages\/28","targetHints":{"allow":["GET"]}}],"collection":[{"href":"https:\/\/lebenleben.de\/loewenwaldschule\/wp-json\/wp\/v2\/pages"}],"about":[{"href":"https:\/\/lebenleben.de\/loewenwaldschule\/wp-json\/wp\/v2\/types\/page"}],"author":[{"embeddable":true,"href":"https:\/\/lebenleben.de\/loewenwaldschule\/wp-json\/wp\/v2\/users\/1"}],"replies":[{"embeddable":true,"href":"https:\/\/lebenleben.de\/loewenwaldschule\/wp-json\/wp\/v2\/comments?post=28"}],"version-history":[{"count":7,"href":"https:\/\/lebenleben.de\/loewenwaldschule\/wp-json\/wp\/v2\/pages\/28\/revisions"}],"predecessor-version":[{"id":14500,"href":"https:\/\/lebenleben.de\/loewenwaldschule\/wp-json\/wp\/v2\/pages\/28\/revisions\/14500"}],"up":[{"embeddable":true,"href":"https:\/\/lebenleben.de\/loewenwaldschule\/wp-json\/wp\/v2\/pages\/10"}],"wp:featuredmedia":[{"embeddable":true,"href":"https:\/\/lebenleben.de\/loewenwaldschule\/wp-json\/wp\/v2\/media\/209"}],"wp:attachment":[{"href":"https:\/\/lebenleben.de\/loewenwaldschule\/wp-json\/wp\/v2\/media?parent=28"}],"curies":[{"name":"wp","href":"https:\/\/api.w.org\/{rel}","templated":true}]}}