{"id":7,"date":"2021-01-22T15:46:54","date_gmt":"2021-01-22T14:46:54","guid":{"rendered":"https:\/\/lebenleben.de\/loewenwaldschule\/?page_id=7"},"modified":"2024-05-28T16:25:35","modified_gmt":"2024-05-28T14:25:35","slug":"anmeldung","status":"publish","type":"page","link":"https:\/\/lebenleben.de\/loewenwaldschule\/anmeldung\/","title":{"rendered":"Anmeldung"},"content":{"rendered":"\n<div id=\"llimageslider-block_1f7ec5efc3d9d2c575edeec27751c4dd\" class=\"block-llimageslider llimageslider alignwide\">\n\n    \n\t\t<div class=\"llimageslider-slider\" data-slick='{\"autoplaySpeed\": 5000}'>\n\t\t\t\t\t\t\t<div class=\"single-slide-wrapper slide-1\">\n\t\t\t\t\t<img loading=\"lazy\" decoding=\"async\" width=\"1400\" height=\"440\" src=\"https:\/\/lebenleben.de\/loewenwaldschule\/wp-content\/uploads\/sites\/10\/2024\/05\/Header_Loewenwaldschule-3.jpg\" class=\"single-slide-image slider-desktop-image\" alt=\"\" srcset=\"https:\/\/lebenleben.de\/loewenwaldschule\/wp-content\/uploads\/sites\/10\/2024\/05\/Header_Loewenwaldschule-3.jpg 1400w, https:\/\/lebenleben.de\/loewenwaldschule\/wp-content\/uploads\/sites\/10\/2024\/05\/Header_Loewenwaldschule-3-300x94.jpg 300w, https:\/\/lebenleben.de\/loewenwaldschule\/wp-content\/uploads\/sites\/10\/2024\/05\/Header_Loewenwaldschule-3-1024x322.jpg 1024w, https:\/\/lebenleben.de\/loewenwaldschule\/wp-content\/uploads\/sites\/10\/2024\/05\/Header_Loewenwaldschule-3-768x241.jpg 768w\" sizes=\"auto, (max-width: 1400px) 100vw, 1400px\" \/>          <img loading=\"lazy\" decoding=\"async\" width=\"1000\" height=\"314\" src=\"https:\/\/lebenleben.de\/loewenwaldschule\/wp-content\/uploads\/sites\/10\/2024\/05\/Header_Loewenwaldschule-3-1024x322.jpg\" class=\"single-slide-image slider-mobile-image\" alt=\"\" srcset=\"https:\/\/lebenleben.de\/loewenwaldschule\/wp-content\/uploads\/sites\/10\/2024\/05\/Header_Loewenwaldschule-3-1024x322.jpg 1024w, https:\/\/lebenleben.de\/loewenwaldschule\/wp-content\/uploads\/sites\/10\/2024\/05\/Header_Loewenwaldschule-3-300x94.jpg 300w, https:\/\/lebenleben.de\/loewenwaldschule\/wp-content\/uploads\/sites\/10\/2024\/05\/Header_Loewenwaldschule-3-768x241.jpg 768w, https:\/\/lebenleben.de\/loewenwaldschule\/wp-content\/uploads\/sites\/10\/2024\/05\/Header_Loewenwaldschule-3.jpg 1400w\" sizes=\"auto, (max-width: 1000px) 100vw, 1000px\" \/>\n                    <div class=\"single-slide-text\">\n          <h2>Loewenwaldschule Uelzen<\/h2><h3>Voraussetzungen f\u00fcr den Besuch und Anmeldung<\/h3>                  <\/div>\n        \n\t\t\t\t<\/div>\n\t\t\t\t\t<\/div>\n\t  <script>\n    jQuery(document).ready(function() {\n        jQuery('.llimageslider-slider').slick({\n          dots: true,\n          infinite: true,\n          speed: 1000,\n          autoplay: true,\n          adaptiveHeight: true,\n          slidesToShow: 1,\n          fade: true,\n          focusOnSelect: true\n        });\n    });\n    <\/script>\n<\/div>\n\n\n\n<p>Die staatlich anerkannten Tagesbildungsst\u00e4tten mit dem F\u00f6rderschwerpunkt \u201eGeistige Entwicklung\u201c werden finanziert durch die \u00fcber\u00f6rtlichen Tr\u00e4ger der Sozialhilfe, z.&nbsp;B. durch das Nieders\u00e4chsische Landesamt f\u00fcr Soziales, Jugend und Familie oder die Beh\u00f6rde f\u00fcr Arbeit, Soziales, Familie und Integration der Freien und Hansestadt Hamburg. Die Erziehungsberechtigten entscheiden gem\u00e4\u00df \u00a7&nbsp;4 (1) NSchG dar\u00fcber, welche Schulform besucht wird. Dabei ist die Wahl der Schule keine Festlegung f\u00fcr die gesamte Schulzeit des Kindes.<\/p>\n\n\n\n<p>Zur Aufnahme in die Loewenwaldschule bedarf es der Feststellung eines sonderp\u00e4dagogischen F\u00f6rderbedarfs mit dem F\u00f6rderschwerpunkt im Bereich der \u201eGeistigen Entwicklung\u201c durch die Landesschulbeh\u00f6rde sowie des Kostenanerkenntnisses gem\u00e4\u00df SGB&nbsp;XII des Landessozialamts erg\u00e4nzt durch SGB&nbsp;IX.<\/p>\n\n\n\n<p>Der Bedarf an sonderp\u00e4dagogischer Unterst\u00fctzung wird beim \u00dcbergang von einer Schulform\/-stufe in die n\u00e4chste \u00fcberpr\u00fcft (z.&nbsp;B. beim \u00dcbergang von der 4. in die 5. Klasse). Eine \u00dcberpr\u00fcfung kann aber auch dann eingeleitet werden, wenn Anhaltspunkte daf\u00fcr bestehen, dass bei einer Sch\u00fclerin oder einem Sch\u00fcler sich der festgestellte Bedarf an sonderp\u00e4dagogischer Unterst\u00fctzung ge\u00e4ndert hat. Solche Anhaltspunkte k\u00f6nnen sich insbesondere aus der schulischen Entwicklung, aus au\u00dferschulischen Berichten und aus Angaben der Erziehungsberechtigten ergeben.<\/p>\n\n\n\n<p>Sprechen Sie uns gern direkt an, wenn Sie mehr Informationen ben\u00f6tigen! Telefon: <a href=\"tel:+495819716634\">0581 97166-34<\/a> oder per <a href=\"mailto:loewenwaldschule@lebenleben.de\">E-Mail<\/a>.<\/p>\n\n\n\n<div style=\"height:50px\" aria-hidden=\"true\" class=\"wp-block-spacer\"><\/div>\n","protected":false},"excerpt":{"rendered":"<p>Die staatlich anerkannten Tagesbildungsst\u00e4tten mit dem F\u00f6rderschwerpunkt \u201eGeistige Entwicklung\u201c werden finanziert durch die \u00fcber\u00f6rtlichen Tr\u00e4ger der Sozialhilfe, z.&nbsp;B. durch das Nieders\u00e4chsische Landesamt f\u00fcr Soziales, Jugend und Familie oder die Beh\u00f6rde f\u00fcr Arbeit, Soziales, Familie und Integration der Freien und Hansestadt Hamburg. Die Erziehungsberechtigten entscheiden gem\u00e4\u00df \u00a7&nbsp;4 (1) NSchG dar\u00fcber, welche Schulform besucht wird. Dabei ist [&hellip;]<\/p>\n","protected":false},"author":1,"featured_media":0,"parent":0,"menu_order":50,"comment_status":"closed","ping_status":"closed","template":"page-templates\/page-fullscreen.php","meta":{"_acf_changed":false,"footnotes":""},"class_list":["post-7","page","type-page","status-publish","hentry"],"acf":[],"yoast_head":"<!-- This site is optimized with the Yoast SEO plugin v27.3 - https:\/\/yoast.com\/product\/yoast-seo-wordpress\/ -->\n<title>Anmeldung an der Loewenwaldschule in Uelzen<\/title>\n<meta name=\"description\" content=\"Voraussetzungen f\u00fcr den Besuch der Loewenwaldschule in Uelzen und Informationen zur Anmeldung.\" \/>\n<meta name=\"robots\" content=\"index, follow, max-snippet:-1, max-image-preview:large, max-video-preview:-1\" \/>\n<link rel=\"canonical\" href=\"https:\/\/lebenleben.de\/loewenwaldschule\/anmeldung\/\" \/>\n<meta property=\"og:locale\" content=\"de_DE\" \/>\n<meta property=\"og:type\" content=\"article\" \/>\n<meta property=\"og:title\" content=\"Anmeldung an der Loewenwaldschule in Uelzen\" \/>\n<meta property=\"og:description\" content=\"Voraussetzungen f\u00fcr den Besuch der Loewenwaldschule in Uelzen und Informationen zur Anmeldung.\" \/>\n<meta property=\"og:url\" content=\"https:\/\/lebenleben.de\/loewenwaldschule\/anmeldung\/\" \/>\n<meta property=\"og:site_name\" content=\"Leben leben Loewenwaldschule\" \/>\n<meta property=\"article:modified_time\" content=\"2024-05-28T14:25:35+00:00\" \/>\n<meta name=\"twitter:card\" content=\"summary_large_image\" \/>\n<meta name=\"twitter:label1\" content=\"Gesch\u00e4tzte Lesezeit\" \/>\n\t<meta name=\"twitter:data1\" content=\"2\u00a0Minuten\" \/>\n<script type=\"application\/ld+json\" class=\"yoast-schema-graph\">{\"@context\":\"https:\\\/\\\/schema.org\",\"@graph\":[{\"@type\":\"WebPage\",\"@id\":\"https:\\\/\\\/lebenleben.de\\\/loewenwaldschule\\\/anmeldung\\\/\",\"url\":\"https:\\\/\\\/lebenleben.de\\\/loewenwaldschule\\\/anmeldung\\\/\",\"name\":\"Anmeldung an der Loewenwaldschule in Uelzen\",\"isPartOf\":{\"@id\":\"https:\\\/\\\/lebenleben.de\\\/loewenwaldschule\\\/#website\"},\"datePublished\":\"2021-01-22T14:46:54+00:00\",\"dateModified\":\"2024-05-28T14:25:35+00:00\",\"description\":\"Voraussetzungen f\u00fcr den Besuch der Loewenwaldschule in Uelzen und Informationen zur Anmeldung.\",\"breadcrumb\":{\"@id\":\"https:\\\/\\\/lebenleben.de\\\/loewenwaldschule\\\/anmeldung\\\/#breadcrumb\"},\"inLanguage\":\"de\",\"potentialAction\":[{\"@type\":\"ReadAction\",\"target\":[\"https:\\\/\\\/lebenleben.de\\\/loewenwaldschule\\\/anmeldung\\\/\"]}]},{\"@type\":\"BreadcrumbList\",\"@id\":\"https:\\\/\\\/lebenleben.de\\\/loewenwaldschule\\\/anmeldung\\\/#breadcrumb\",\"itemListElement\":[{\"@type\":\"ListItem\",\"position\":1,\"name\":\"Startseite\",\"item\":\"https:\\\/\\\/lebenleben.de\\\/loewenwaldschule\\\/\"},{\"@type\":\"ListItem\",\"position\":2,\"name\":\"Anmeldung\"}]},{\"@type\":\"WebSite\",\"@id\":\"https:\\\/\\\/lebenleben.de\\\/loewenwaldschule\\\/#website\",\"url\":\"https:\\\/\\\/lebenleben.de\\\/loewenwaldschule\\\/\",\"name\":\"Leben leben Loewenwaldschule\",\"description\":\"Eine weitere Leben Leben Netzwerk Website\",\"publisher\":{\"@id\":\"https:\\\/\\\/lebenleben.de\\\/loewenwaldschule\\\/#organization\"},\"potentialAction\":[{\"@type\":\"SearchAction\",\"target\":{\"@type\":\"EntryPoint\",\"urlTemplate\":\"https:\\\/\\\/lebenleben.de\\\/loewenwaldschule\\\/?s={search_term_string}\"},\"query-input\":{\"@type\":\"PropertyValueSpecification\",\"valueRequired\":true,\"valueName\":\"search_term_string\"}}],\"inLanguage\":\"de\"},{\"@type\":\"Organization\",\"@id\":\"https:\\\/\\\/lebenleben.de\\\/loewenwaldschule\\\/#organization\",\"name\":\"Leben leben Loewenwaldschule\",\"url\":\"https:\\\/\\\/lebenleben.de\\\/loewenwaldschule\\\/\",\"logo\":{\"@type\":\"ImageObject\",\"inLanguage\":\"de\",\"@id\":\"https:\\\/\\\/lebenleben.de\\\/loewenwaldschule\\\/#\\\/schema\\\/logo\\\/image\\\/\",\"url\":\"https:\\\/\\\/lebenleben.de\\\/loewenwaldschule\\\/wp-content\\\/uploads\\\/sites\\\/10\\\/2021\\\/01\\\/ll_favicon-green.png\",\"contentUrl\":\"https:\\\/\\\/lebenleben.de\\\/loewenwaldschule\\\/wp-content\\\/uploads\\\/sites\\\/10\\\/2021\\\/01\\\/ll_favicon-green.png\",\"width\":501,\"height\":501,\"caption\":\"Leben leben Loewenwaldschule\"},\"image\":{\"@id\":\"https:\\\/\\\/lebenleben.de\\\/loewenwaldschule\\\/#\\\/schema\\\/logo\\\/image\\\/\"}}]}<\/script>\n<!-- \/ Yoast SEO plugin. -->","yoast_head_json":{"title":"Anmeldung an der Loewenwaldschule in Uelzen","description":"Voraussetzungen f\u00fcr den Besuch der Loewenwaldschule in Uelzen und Informationen zur Anmeldung.","robots":{"index":"index","follow":"follow","max-snippet":"max-snippet:-1","max-image-preview":"max-image-preview:large","max-video-preview":"max-video-preview:-1"},"canonical":"https:\/\/lebenleben.de\/loewenwaldschule\/anmeldung\/","og_locale":"de_DE","og_type":"article","og_title":"Anmeldung an der Loewenwaldschule in Uelzen","og_description":"Voraussetzungen f\u00fcr den Besuch der Loewenwaldschule in Uelzen und Informationen zur Anmeldung.","og_url":"https:\/\/lebenleben.de\/loewenwaldschule\/anmeldung\/","og_site_name":"Leben leben Loewenwaldschule","article_modified_time":"2024-05-28T14:25:35+00:00","twitter_card":"summary_large_image","twitter_misc":{"Gesch\u00e4tzte Lesezeit":"2\u00a0Minuten"},"schema":{"@context":"https:\/\/schema.org","@graph":[{"@type":"WebPage","@id":"https:\/\/lebenleben.de\/loewenwaldschule\/anmeldung\/","url":"https:\/\/lebenleben.de\/loewenwaldschule\/anmeldung\/","name":"Anmeldung an der Loewenwaldschule in Uelzen","isPartOf":{"@id":"https:\/\/lebenleben.de\/loewenwaldschule\/#website"},"datePublished":"2021-01-22T14:46:54+00:00","dateModified":"2024-05-28T14:25:35+00:00","description":"Voraussetzungen f\u00fcr den Besuch der Loewenwaldschule in Uelzen und Informationen zur Anmeldung.","breadcrumb":{"@id":"https:\/\/lebenleben.de\/loewenwaldschule\/anmeldung\/#breadcrumb"},"inLanguage":"de","potentialAction":[{"@type":"ReadAction","target":["https:\/\/lebenleben.de\/loewenwaldschule\/anmeldung\/"]}]},{"@type":"BreadcrumbList","@id":"https:\/\/lebenleben.de\/loewenwaldschule\/anmeldung\/#breadcrumb","itemListElement":[{"@type":"ListItem","position":1,"name":"Startseite","item":"https:\/\/lebenleben.de\/loewenwaldschule\/"},{"@type":"ListItem","position":2,"name":"Anmeldung"}]},{"@type":"WebSite","@id":"https:\/\/lebenleben.de\/loewenwaldschule\/#website","url":"https:\/\/lebenleben.de\/loewenwaldschule\/","name":"Leben leben Loewenwaldschule","description":"Eine weitere Leben Leben Netzwerk Website","publisher":{"@id":"https:\/\/lebenleben.de\/loewenwaldschule\/#organization"},"potentialAction":[{"@type":"SearchAction","target":{"@type":"EntryPoint","urlTemplate":"https:\/\/lebenleben.de\/loewenwaldschule\/?s={search_term_string}"},"query-input":{"@type":"PropertyValueSpecification","valueRequired":true,"valueName":"search_term_string"}}],"inLanguage":"de"},{"@type":"Organization","@id":"https:\/\/lebenleben.de\/loewenwaldschule\/#organization","name":"Leben leben Loewenwaldschule","url":"https:\/\/lebenleben.de\/loewenwaldschule\/","logo":{"@type":"ImageObject","inLanguage":"de","@id":"https:\/\/lebenleben.de\/loewenwaldschule\/#\/schema\/logo\/image\/","url":"https:\/\/lebenleben.de\/loewenwaldschule\/wp-content\/uploads\/sites\/10\/2021\/01\/ll_favicon-green.png","contentUrl":"https:\/\/lebenleben.de\/loewenwaldschule\/wp-content\/uploads\/sites\/10\/2021\/01\/ll_favicon-green.png","width":501,"height":501,"caption":"Leben leben Loewenwaldschule"},"image":{"@id":"https:\/\/lebenleben.de\/loewenwaldschule\/#\/schema\/logo\/image\/"}}]}},"_links":{"self":[{"href":"https:\/\/lebenleben.de\/loewenwaldschule\/wp-json\/wp\/v2\/pages\/7","targetHints":{"allow":["GET"]}}],"collection":[{"href":"https:\/\/lebenleben.de\/loewenwaldschule\/wp-json\/wp\/v2\/pages"}],"about":[{"href":"https:\/\/lebenleben.de\/loewenwaldschule\/wp-json\/wp\/v2\/types\/page"}],"author":[{"embeddable":true,"href":"https:\/\/lebenleben.de\/loewenwaldschule\/wp-json\/wp\/v2\/users\/1"}],"replies":[{"embeddable":true,"href":"https:\/\/lebenleben.de\/loewenwaldschule\/wp-json\/wp\/v2\/comments?post=7"}],"version-history":[{"count":14,"href":"https:\/\/lebenleben.de\/loewenwaldschule\/wp-json\/wp\/v2\/pages\/7\/revisions"}],"predecessor-version":[{"id":14650,"href":"https:\/\/lebenleben.de\/loewenwaldschule\/wp-json\/wp\/v2\/pages\/7\/revisions\/14650"}],"wp:attachment":[{"href":"https:\/\/lebenleben.de\/loewenwaldschule\/wp-json\/wp\/v2\/media?parent=7"}],"curies":[{"name":"wp","href":"https:\/\/api.w.org\/{rel}","templated":true}]}}