{"id":9,"date":"2021-01-22T15:46:42","date_gmt":"2021-01-22T14:46:42","guid":{"rendered":"https:\/\/lebenleben.de\/loewenwaldschule\/?page_id=9"},"modified":"2024-05-28T16:27:03","modified_gmt":"2024-05-28T14:27:03","slug":"schule","status":"publish","type":"page","link":"https:\/\/lebenleben.de\/loewenwaldschule\/schule\/","title":{"rendered":"Schule"},"content":{"rendered":"\n<div id=\"llimageslider-block_e1456e381daa5fa4b75d7a2ef365d0d4\" class=\"block-llimageslider llimageslider alignwide\">\n\n    \n\t\t<div class=\"llimageslider-slider\" data-slick='{\"autoplaySpeed\": 5000}'>\n\t\t\t\t\t\t\t<div class=\"single-slide-wrapper slide-1\">\n\t\t\t\t\t<img loading=\"lazy\" decoding=\"async\" width=\"1400\" height=\"440\" src=\"https:\/\/lebenleben.de\/loewenwaldschule\/wp-content\/uploads\/sites\/10\/2024\/05\/Header_Loewenwaldschule-3.jpg\" class=\"single-slide-image slider-desktop-image\" alt=\"\" srcset=\"https:\/\/lebenleben.de\/loewenwaldschule\/wp-content\/uploads\/sites\/10\/2024\/05\/Header_Loewenwaldschule-3.jpg 1400w, https:\/\/lebenleben.de\/loewenwaldschule\/wp-content\/uploads\/sites\/10\/2024\/05\/Header_Loewenwaldschule-3-300x94.jpg 300w, https:\/\/lebenleben.de\/loewenwaldschule\/wp-content\/uploads\/sites\/10\/2024\/05\/Header_Loewenwaldschule-3-1024x322.jpg 1024w, https:\/\/lebenleben.de\/loewenwaldschule\/wp-content\/uploads\/sites\/10\/2024\/05\/Header_Loewenwaldschule-3-768x241.jpg 768w\" sizes=\"auto, (max-width: 1400px) 100vw, 1400px\" \/>          <img loading=\"lazy\" decoding=\"async\" width=\"1000\" height=\"314\" src=\"https:\/\/lebenleben.de\/loewenwaldschule\/wp-content\/uploads\/sites\/10\/2024\/05\/Header_Loewenwaldschule-3-1024x322.jpg\" class=\"single-slide-image slider-mobile-image\" alt=\"\" srcset=\"https:\/\/lebenleben.de\/loewenwaldschule\/wp-content\/uploads\/sites\/10\/2024\/05\/Header_Loewenwaldschule-3-1024x322.jpg 1024w, https:\/\/lebenleben.de\/loewenwaldschule\/wp-content\/uploads\/sites\/10\/2024\/05\/Header_Loewenwaldschule-3-300x94.jpg 300w, https:\/\/lebenleben.de\/loewenwaldschule\/wp-content\/uploads\/sites\/10\/2024\/05\/Header_Loewenwaldschule-3-768x241.jpg 768w, https:\/\/lebenleben.de\/loewenwaldschule\/wp-content\/uploads\/sites\/10\/2024\/05\/Header_Loewenwaldschule-3.jpg 1400w\" sizes=\"auto, (max-width: 1000px) 100vw, 1000px\" \/>\n                    <div class=\"single-slide-text\">\n          <h2>Loewenwaldschule Uelzen<\/h2><h3>Wir legen Wert auf individuelle F\u00f6rderung und Mitbestimmung<\/h3>                  <\/div>\n        \n\t\t\t\t<\/div>\n\t\t\t\t\t<\/div>\n\t  <script>\n    jQuery(document).ready(function() {\n        jQuery('.llimageslider-slider').slick({\n          dots: true,\n          infinite: true,\n          speed: 1000,\n          autoplay: true,\n          adaptiveHeight: true,\n          slidesToShow: 1,\n          fade: true,\n          focusOnSelect: true\n        });\n    });\n    <\/script>\n<\/div>\n\n\n\n<p>Mit dem Besuch der Loewenwaldschule erf\u00fcllen die Kinder und Jugendlichen die gesetzliche Schulpflicht, die auch f\u00fcr Kinder mit besonderem F\u00f6rderbedarf gilt. Sie werden von einem <a href=\"https:\/\/lebenleben.de\/loewenwaldschule\/wir-ueber-uns-loewenwaldschule\/unser-personal\/\">interdisziplin\u00e4ren Team<\/a> in ihrer Entwicklung gef\u00f6rdert und unterrichtet.<\/p>\n\n\n\n<p>Jede der 13 Klassen mit jeweils acht Sch\u00fcler:innen wird von zwei p\u00e4dagogischen Fachkr\u00e4ften unterrichtet. Hinzu kommen die Fachlehrer:innen und Fachkr\u00e4fte des \u00fcbergreifenden Dienstes. Mit unserem Fachunterricht in den Bereichen Deutsch\/Kommunikation, Mathematik, Werken, Musik, Schwimmen und Sport f\u00f6rdern wir unsere Sch\u00fcler:innen und Sch\u00fcler klassen\u00fcbergreifend. Ein Zusatzangebot gibt es in den Bereichen <a href=\"https:\/\/lebenleben.de\/loewenwaldschule\/schule\/basale-foerderung\/\">Basale F\u00f6rderung<\/a>, <a href=\"https:\/\/lebenleben.de\/loewenwaldschule\/schule\/unterstuetze-kommunikation\/\">Unterst\u00fctzte Kommunikation<\/a> und <a href=\"https:\/\/lebenleben.de\/loewenwaldschule\/schule\/autistenfoerderung\/\">Autistenf\u00f6rderung<\/a>.<\/p>\n\n\n\n<p>Inhaltlich richten wir uns nach den Vorgaben des Nieders\u00e4chsischen Kultusministeriums, und wir unterliegen der staatlichen Schulaufsicht gem\u00e4\u00df \u00a7&nbsp;167 (1) NSchG.<\/p>\n\n\n\n<div style=\"height:35px\" aria-hidden=\"true\" class=\"wp-block-spacer\"><\/div>\n\n\n\n<h2 class=\"wp-block-heading\">Mitbestimmung<\/h2>\n\n\n\n<p>Sch\u00fcler:innen und Eltern bzw. Erziehungsberechtigte haben die M\u00f6glichkeit, als Klassensprecher:innen bzw. Elternvertreter:innen den Schulalltag mitzugestalten.<\/p>\n\n\n\n<div style=\"height:25px\" aria-hidden=\"true\" class=\"wp-block-spacer\"><\/div>\n\n\n\n<h3 class=\"wp-block-heading\">Klassensprecher:innen<\/h3>\n\n\n\n<p>Jede Klasse der Loewenwaldschule wird durch gew\u00e4hlte Klassensprecher:innen vertreten, was den Sch\u00fcler:innen die M\u00f6glichkeit gibt, aktiv und bewusst die in einem Schulorganismus m\u00f6glichen Stufen der Partizipation \u2013 Information, Mitsprache und Mitbestimmung&nbsp;\u2013 zu nutzen.<\/p>\n\n\n\n<p>Das Team der Klassensprecher:innen trifft sich regelm\u00e4\u00dfig zum gemeinsamen Austausch. Die Anregungen und W\u00fcnsche aus den jeweiligen Klassen werden zusammengetragen, um anschlie\u00dfend zu Entscheidungen oder neuen Vorschl\u00e4gen zu kommen. Manchmal wird auch die Schulleitung zu den Sitzungen eingeladen, um bestimmte Anliegen im direkten Miteinander zu kl\u00e4ren oder gemeinsam nach L\u00f6sungen zu suchen.<\/p>\n\n\n\n<p>Die tolle Arbeit des Teams ist an der langen Liste der Erfolge zu erkennen, dazu geh\u00f6ren u.&nbsp;a.:<\/p>\n\n\n\n<div style=\"height:15px\" aria-hidden=\"true\" class=\"wp-block-spacer\"><\/div>\n\n\n\n<ul class=\"wp-block-list\">\n<li>Eine Ideenbox f\u00fcr alle Sch\u00fcler:innen<\/li>\n\n\n\n<li>Anschaffung von Spielger\u00e4ten und Fahrzeugen<\/li>\n\n\n\n<li>Mitbestimmung bei der Essensauswahl<\/li>\n\n\n\n<li>Gestaltungvon zahlreichen Veranstaltungen und Festen<\/li>\n<\/ul>\n\n\n\n<div style=\"height:25px\" aria-hidden=\"true\" class=\"wp-block-spacer\"><\/div>\n\n\n\n<h3 class=\"wp-block-heading\">Elternvertretung<\/h3>\n\n\n\n<p>Informationen \u00fcber die Elternvertretung der Loewenwaldschule und ihre Arbeit erhalten Sie unter der E-Mail-Adresse <a href=\"mailto:Elternrat.LWS@outlook.de\">Elternrat.LWS@outlook.de<\/a>.<\/p>\n\n\n\n<div style=\"height:35px\" aria-hidden=\"true\" class=\"wp-block-spacer\"><\/div>\n\n\n\n<h2 class=\"wp-block-heading\">Stufen der Loewenwaldschule<\/h2>\n\n\n\n<script>\njQuery(document).ready(function(){\n    jQuery('.uid-1').slick({\n      dots: true,\n      infinite: true,\n      arrows: true,\n      speed: 1000,\n      autoplay: false,\n      slidesToShow: 3,\n      slidesToScroll: 1,\n      fade: false,\n      responsive: [\n        {\n          breakpoint: 1024,\n          settings: {\n            slidesToShow: 2,\n            slidesToScroll: 1\n          }\n        },\n        {\n          breakpoint: 800,\n          settings: {\n            slidesToShow: 1,\n            slidesToScroll: 1\n          }\n        }\n      ]\n\n    });\n  }); \n\n<\/script>\n\n<div id=\"childpagelist-block_f5e00418e32ed55fa23618c1c93a1977\" class=\"block-subpage-wrapper columns-3 uid-1\">\n\n\t\n\t\n\t    <div class=\"block-subpage-wrapper__single post-19 page type-page status-publish hentry\">\n\t        \t\t\t\t\t<div class=\"textwrapper\">\n\t\t        <h3><a href=\"https:\/\/lebenleben.de\/loewenwaldschule\/schule\/primarstufe-1-4\/\" rel=\"bookmark\" title=\"Primarstufe 1-4\">Primarstufe 1-4<\/a><\/h3>\n\n\t\t\t\t<p>Neue Lebenssituation Schule<\/p>\n\t\t\t\t\t\t<a href=\"https:\/\/lebenleben.de\/loewenwaldschule\/schule\/primarstufe-1-4\/\" rel=\"bookmark\" title=\"Primarstufe 1-4\">Mehr Infos&nbsp;&raquo;<\/a>\n\t\t\t\t\t<\/div>\n\t    <\/div>\n\t\n\t    <div class=\"block-subpage-wrapper__single post-20 page type-page status-publish hentry\">\n\t        \t\t\t\t\t<div class=\"textwrapper\">\n\t\t        <h3><a href=\"https:\/\/lebenleben.de\/loewenwaldschule\/schule\/sekundarstufe-i\/\" rel=\"bookmark\" title=\"Sekundarstufe I\">Sekundarstufe I<\/a><\/h3>\n\n\t\t\t\t<p>Selbstst\u00e4ndigkeit und Eigenverantwortung<\/p>\n\t\t\t\t\t\t<a href=\"https:\/\/lebenleben.de\/loewenwaldschule\/schule\/sekundarstufe-i\/\" rel=\"bookmark\" title=\"Sekundarstufe I\">Mehr Infos&nbsp;&raquo;<\/a>\n\t\t\t\t\t<\/div>\n\t    <\/div>\n\t\n\t    <div class=\"block-subpage-wrapper__single post-21 page type-page status-publish hentry\">\n\t        \t\t\t\t\t<div class=\"textwrapper\">\n\t\t        <h3><a href=\"https:\/\/lebenleben.de\/loewenwaldschule\/schule\/sekundarstufe-ii\/\" rel=\"bookmark\" title=\"Sekundarstufe II\">Sekundarstufe II<\/a><\/h3>\n\n\t\t\t\t<p>Vorbereitung auf das Erwachsenenleben und die Arbeitswelt<\/p>\n\t\t\t\t\t\t<a href=\"https:\/\/lebenleben.de\/loewenwaldschule\/schule\/sekundarstufe-ii\/\" rel=\"bookmark\" title=\"Sekundarstufe II\">Mehr Infos&nbsp;&raquo;<\/a>\n\t\t\t\t\t<\/div>\n\t    <\/div>\n\t\n\t\n<\/div>\n","protected":false},"excerpt":{"rendered":"<p>Mit dem Besuch der Loewenwaldschule erf\u00fcllen die Kinder und Jugendlichen die gesetzliche Schulpflicht, die auch f\u00fcr Kinder mit besonderem F\u00f6rderbedarf gilt. Sie werden von einem interdisziplin\u00e4ren Team in ihrer Entwicklung gef\u00f6rdert und unterrichtet. Jede der 13 Klassen mit jeweils acht Sch\u00fcler:innen wird von zwei p\u00e4dagogischen Fachkr\u00e4ften unterrichtet. Hinzu kommen die Fachlehrer:innen und Fachkr\u00e4fte des \u00fcbergreifenden [&hellip;]<\/p>\n","protected":false},"author":1,"featured_media":0,"parent":0,"menu_order":10,"comment_status":"closed","ping_status":"closed","template":"page-templates\/page-fullscreen.php","meta":{"_acf_changed":false,"footnotes":""},"class_list":["post-9","page","type-page","status-publish","hentry"],"acf":[],"yoast_head":"<!-- This site is optimized with the Yoast SEO plugin v27.3 - https:\/\/yoast.com\/product\/yoast-seo-wordpress\/ -->\n<title>Loewenwaldschule Uelzen | Unser Konzept<\/title>\n<meta name=\"description\" content=\"Das Unterrichtskonzept der Loewenwaldschule legt Wert auf individuelle F\u00f6rderung und Mitbestimmung.\" \/>\n<meta name=\"robots\" content=\"index, follow, max-snippet:-1, max-image-preview:large, max-video-preview:-1\" \/>\n<link rel=\"canonical\" href=\"https:\/\/lebenleben.de\/loewenwaldschule\/schule\/\" \/>\n<meta property=\"og:locale\" content=\"de_DE\" \/>\n<meta property=\"og:type\" content=\"article\" \/>\n<meta property=\"og:title\" content=\"Loewenwaldschule Uelzen | Unser Konzept\" \/>\n<meta property=\"og:description\" content=\"Das Unterrichtskonzept der Loewenwaldschule legt Wert auf individuelle F\u00f6rderung und Mitbestimmung.\" \/>\n<meta property=\"og:url\" content=\"https:\/\/lebenleben.de\/loewenwaldschule\/schule\/\" \/>\n<meta property=\"og:site_name\" content=\"Leben leben Loewenwaldschule\" \/>\n<meta property=\"article:modified_time\" content=\"2024-05-28T14:27:03+00:00\" \/>\n<meta name=\"twitter:card\" content=\"summary_large_image\" \/>\n<meta name=\"twitter:label1\" content=\"Gesch\u00e4tzte Lesezeit\" \/>\n\t<meta name=\"twitter:data1\" content=\"2\u00a0Minuten\" \/>\n<script type=\"application\/ld+json\" class=\"yoast-schema-graph\">{\"@context\":\"https:\\\/\\\/schema.org\",\"@graph\":[{\"@type\":\"WebPage\",\"@id\":\"https:\\\/\\\/lebenleben.de\\\/loewenwaldschule\\\/schule\\\/\",\"url\":\"https:\\\/\\\/lebenleben.de\\\/loewenwaldschule\\\/schule\\\/\",\"name\":\"Loewenwaldschule Uelzen | Unser Konzept\",\"isPartOf\":{\"@id\":\"https:\\\/\\\/lebenleben.de\\\/loewenwaldschule\\\/#website\"},\"datePublished\":\"2021-01-22T14:46:42+00:00\",\"dateModified\":\"2024-05-28T14:27:03+00:00\",\"description\":\"Das Unterrichtskonzept der Loewenwaldschule legt Wert auf individuelle F\u00f6rderung und Mitbestimmung.\",\"breadcrumb\":{\"@id\":\"https:\\\/\\\/lebenleben.de\\\/loewenwaldschule\\\/schule\\\/#breadcrumb\"},\"inLanguage\":\"de\",\"potentialAction\":[{\"@type\":\"ReadAction\",\"target\":[\"https:\\\/\\\/lebenleben.de\\\/loewenwaldschule\\\/schule\\\/\"]}]},{\"@type\":\"BreadcrumbList\",\"@id\":\"https:\\\/\\\/lebenleben.de\\\/loewenwaldschule\\\/schule\\\/#breadcrumb\",\"itemListElement\":[{\"@type\":\"ListItem\",\"position\":1,\"name\":\"Startseite\",\"item\":\"https:\\\/\\\/lebenleben.de\\\/loewenwaldschule\\\/\"},{\"@type\":\"ListItem\",\"position\":2,\"name\":\"Schule\"}]},{\"@type\":\"WebSite\",\"@id\":\"https:\\\/\\\/lebenleben.de\\\/loewenwaldschule\\\/#website\",\"url\":\"https:\\\/\\\/lebenleben.de\\\/loewenwaldschule\\\/\",\"name\":\"Leben leben Loewenwaldschule\",\"description\":\"Eine weitere Leben Leben Netzwerk Website\",\"publisher\":{\"@id\":\"https:\\\/\\\/lebenleben.de\\\/loewenwaldschule\\\/#organization\"},\"potentialAction\":[{\"@type\":\"SearchAction\",\"target\":{\"@type\":\"EntryPoint\",\"urlTemplate\":\"https:\\\/\\\/lebenleben.de\\\/loewenwaldschule\\\/?s={search_term_string}\"},\"query-input\":{\"@type\":\"PropertyValueSpecification\",\"valueRequired\":true,\"valueName\":\"search_term_string\"}}],\"inLanguage\":\"de\"},{\"@type\":\"Organization\",\"@id\":\"https:\\\/\\\/lebenleben.de\\\/loewenwaldschule\\\/#organization\",\"name\":\"Leben leben Loewenwaldschule\",\"url\":\"https:\\\/\\\/lebenleben.de\\\/loewenwaldschule\\\/\",\"logo\":{\"@type\":\"ImageObject\",\"inLanguage\":\"de\",\"@id\":\"https:\\\/\\\/lebenleben.de\\\/loewenwaldschule\\\/#\\\/schema\\\/logo\\\/image\\\/\",\"url\":\"https:\\\/\\\/lebenleben.de\\\/loewenwaldschule\\\/wp-content\\\/uploads\\\/sites\\\/10\\\/2021\\\/01\\\/ll_favicon-green.png\",\"contentUrl\":\"https:\\\/\\\/lebenleben.de\\\/loewenwaldschule\\\/wp-content\\\/uploads\\\/sites\\\/10\\\/2021\\\/01\\\/ll_favicon-green.png\",\"width\":501,\"height\":501,\"caption\":\"Leben leben Loewenwaldschule\"},\"image\":{\"@id\":\"https:\\\/\\\/lebenleben.de\\\/loewenwaldschule\\\/#\\\/schema\\\/logo\\\/image\\\/\"}}]}<\/script>\n<!-- \/ Yoast SEO plugin. -->","yoast_head_json":{"title":"Loewenwaldschule Uelzen | Unser Konzept","description":"Das Unterrichtskonzept der Loewenwaldschule legt Wert auf individuelle F\u00f6rderung und Mitbestimmung.","robots":{"index":"index","follow":"follow","max-snippet":"max-snippet:-1","max-image-preview":"max-image-preview:large","max-video-preview":"max-video-preview:-1"},"canonical":"https:\/\/lebenleben.de\/loewenwaldschule\/schule\/","og_locale":"de_DE","og_type":"article","og_title":"Loewenwaldschule Uelzen | Unser Konzept","og_description":"Das Unterrichtskonzept der Loewenwaldschule legt Wert auf individuelle F\u00f6rderung und Mitbestimmung.","og_url":"https:\/\/lebenleben.de\/loewenwaldschule\/schule\/","og_site_name":"Leben leben Loewenwaldschule","article_modified_time":"2024-05-28T14:27:03+00:00","twitter_card":"summary_large_image","twitter_misc":{"Gesch\u00e4tzte Lesezeit":"2\u00a0Minuten"},"schema":{"@context":"https:\/\/schema.org","@graph":[{"@type":"WebPage","@id":"https:\/\/lebenleben.de\/loewenwaldschule\/schule\/","url":"https:\/\/lebenleben.de\/loewenwaldschule\/schule\/","name":"Loewenwaldschule Uelzen | Unser Konzept","isPartOf":{"@id":"https:\/\/lebenleben.de\/loewenwaldschule\/#website"},"datePublished":"2021-01-22T14:46:42+00:00","dateModified":"2024-05-28T14:27:03+00:00","description":"Das Unterrichtskonzept der Loewenwaldschule legt Wert auf individuelle F\u00f6rderung und Mitbestimmung.","breadcrumb":{"@id":"https:\/\/lebenleben.de\/loewenwaldschule\/schule\/#breadcrumb"},"inLanguage":"de","potentialAction":[{"@type":"ReadAction","target":["https:\/\/lebenleben.de\/loewenwaldschule\/schule\/"]}]},{"@type":"BreadcrumbList","@id":"https:\/\/lebenleben.de\/loewenwaldschule\/schule\/#breadcrumb","itemListElement":[{"@type":"ListItem","position":1,"name":"Startseite","item":"https:\/\/lebenleben.de\/loewenwaldschule\/"},{"@type":"ListItem","position":2,"name":"Schule"}]},{"@type":"WebSite","@id":"https:\/\/lebenleben.de\/loewenwaldschule\/#website","url":"https:\/\/lebenleben.de\/loewenwaldschule\/","name":"Leben leben Loewenwaldschule","description":"Eine weitere Leben Leben Netzwerk Website","publisher":{"@id":"https:\/\/lebenleben.de\/loewenwaldschule\/#organization"},"potentialAction":[{"@type":"SearchAction","target":{"@type":"EntryPoint","urlTemplate":"https:\/\/lebenleben.de\/loewenwaldschule\/?s={search_term_string}"},"query-input":{"@type":"PropertyValueSpecification","valueRequired":true,"valueName":"search_term_string"}}],"inLanguage":"de"},{"@type":"Organization","@id":"https:\/\/lebenleben.de\/loewenwaldschule\/#organization","name":"Leben leben Loewenwaldschule","url":"https:\/\/lebenleben.de\/loewenwaldschule\/","logo":{"@type":"ImageObject","inLanguage":"de","@id":"https:\/\/lebenleben.de\/loewenwaldschule\/#\/schema\/logo\/image\/","url":"https:\/\/lebenleben.de\/loewenwaldschule\/wp-content\/uploads\/sites\/10\/2021\/01\/ll_favicon-green.png","contentUrl":"https:\/\/lebenleben.de\/loewenwaldschule\/wp-content\/uploads\/sites\/10\/2021\/01\/ll_favicon-green.png","width":501,"height":501,"caption":"Leben leben Loewenwaldschule"},"image":{"@id":"https:\/\/lebenleben.de\/loewenwaldschule\/#\/schema\/logo\/image\/"}}]}},"_links":{"self":[{"href":"https:\/\/lebenleben.de\/loewenwaldschule\/wp-json\/wp\/v2\/pages\/9","targetHints":{"allow":["GET"]}}],"collection":[{"href":"https:\/\/lebenleben.de\/loewenwaldschule\/wp-json\/wp\/v2\/pages"}],"about":[{"href":"https:\/\/lebenleben.de\/loewenwaldschule\/wp-json\/wp\/v2\/types\/page"}],"author":[{"embeddable":true,"href":"https:\/\/lebenleben.de\/loewenwaldschule\/wp-json\/wp\/v2\/users\/1"}],"replies":[{"embeddable":true,"href":"https:\/\/lebenleben.de\/loewenwaldschule\/wp-json\/wp\/v2\/comments?post=9"}],"version-history":[{"count":16,"href":"https:\/\/lebenleben.de\/loewenwaldschule\/wp-json\/wp\/v2\/pages\/9\/revisions"}],"predecessor-version":[{"id":14652,"href":"https:\/\/lebenleben.de\/loewenwaldschule\/wp-json\/wp\/v2\/pages\/9\/revisions\/14652"}],"wp:attachment":[{"href":"https:\/\/lebenleben.de\/loewenwaldschule\/wp-json\/wp\/v2\/media?parent=9"}],"curies":[{"name":"wp","href":"https:\/\/api.w.org\/{rel}","templated":true}]}}