{"id":104,"date":"2021-01-22T10:00:53","date_gmt":"2021-01-22T09:00:53","guid":{"rendered":"https:\/\/lebenleben.de\/mvz\/?page_id=104"},"modified":"2026-02-16T11:05:14","modified_gmt":"2026-02-16T10:05:14","slug":"dipl-med-susanne-fuhrmann","status":"publish","type":"page","link":"https:\/\/lebenleben.de\/mvz\/kinder-und-jugendmedizin\/dipl-med-susanne-fuhrmann\/","title":{"rendered":"Dipl. med. Susanne Fuhrmann"},"content":{"rendered":"\n<div class=\"wp-block-columns is-layout-flex wp-container-core-columns-is-layout-9d6595d7 wp-block-columns-is-layout-flex\">\n<div class=\"wp-block-column is-layout-flow wp-block-column-is-layout-flow\" style=\"flex-basis:66%\">\n<h1 class=\"wp-block-heading\">Dipl. med. Susanne Fuhrmann<\/h1>\n\n\n\n<p><strong>Fach\u00e4rztin f\u00fcr Kinder- und Jugendmedizin<\/strong><\/p>\n\n\n\n<h2 class=\"wp-block-heading\">Beruflicher Werdegang<\/h2>\n\n\n\n<p>Seit 2017 &#8211; Kinder\u00e4rztin im Fach\u00e4rztlichen Versorgungszentrum Drei Linden<br>(ehemals MVZ am Hammersteinplatz)<\/p>\n\n\n\n<p>2008-2017 &#8211; Kinder\u00e4rztin in einer Kinderarztpraxis in L\u00fcneburg<\/p>\n\n\n\n<p>1996-2007 &#8211; Assistenz\u00e4rztin am Kinderkrankenhaus Wilhelmsstift, Hamburg (Schwerpunkte: Fr\u00fchgeborenen- und Intensivstation sowie Schwerbrandverletztenabteilung) sowie Nebent\u00e4tigkeit in einer Kinderarztpraxis in L\u00fcneburg<\/p>\n\n\n\n<p>Seit 1996 &#8211; Fach\u00e4rztin f\u00fcr P\u00e4diatrie<\/p>\n\n\n\n<p>1989-1996<strong> <\/strong>&#8211; Facharztausbildung P\u00e4diatrie am Bezirkskrankenhaus Stralsund und am Kinderkrankenhaus Wilhelmsstift Hamburg<\/p>\n\n\n\n<p>1989 &#8211; Approbation als \u00c4rztin<br><br><\/p>\n<\/div>\n\n\n\n<div class=\"wp-block-column is-layout-flow wp-block-column-is-layout-flow\" style=\"flex-basis:33%\">\n<figure class=\"wp-block-image size-large ll-corner-large\"><img loading=\"lazy\" decoding=\"async\" width=\"563\" height=\"844\" src=\"https:\/\/lebenleben.de\/mvz\/wp-content\/uploads\/sites\/3\/2021\/03\/ll_web_susanne_fuhrmann_2.jpg\" alt=\"Dipl. med. Susanne Fuhrmann\" class=\"wp-image-246\" srcset=\"https:\/\/lebenleben.de\/mvz\/wp-content\/uploads\/sites\/3\/2021\/03\/ll_web_susanne_fuhrmann_2.jpg 563w, https:\/\/lebenleben.de\/mvz\/wp-content\/uploads\/sites\/3\/2021\/03\/ll_web_susanne_fuhrmann_2-200x300.jpg 200w\" sizes=\"auto, (max-width: 563px) 100vw, 563px\" \/><figcaption class=\"wp-element-caption\">Dipl. med. Susanne Fuhrmann<\/figcaption><\/figure>\n<\/div>\n<\/div>\n","protected":false},"excerpt":{"rendered":"<p>Dipl. med. Susanne Fuhrmann Fach\u00e4rztin f\u00fcr Kinder- und Jugendmedizin Beruflicher Werdegang Seit 2017 &#8211; Kinder\u00e4rztin im Fach\u00e4rztlichen Versorgungszentrum Drei Linden(ehemals MVZ am Hammersteinplatz) 2008-2017 &#8211; Kinder\u00e4rztin in einer Kinderarztpraxis in L\u00fcneburg 1996-2007 &#8211; Assistenz\u00e4rztin am Kinderkrankenhaus Wilhelmsstift, Hamburg (Schwerpunkte: Fr\u00fchgeborenen- und Intensivstation sowie Schwerbrandverletztenabteilung) sowie Nebent\u00e4tigkeit in einer Kinderarztpraxis in L\u00fcneburg Seit 1996 &#8211; Fach\u00e4rztin [&hellip;]<\/p>\n","protected":false},"author":1,"featured_media":0,"parent":100,"menu_order":10,"comment_status":"closed","ping_status":"closed","template":"page-templates\/page-fullscreen.php","meta":{"_acf_changed":false,"footnotes":""},"class_list":["post-104","page","type-page","status-publish","hentry"],"acf":[],"yoast_head":"<!-- This site is optimized with the Yoast SEO plugin v27.3 - https:\/\/yoast.com\/product\/yoast-seo-wordpress\/ -->\n<title>Dipl. med. Susanne Fuhrmann | Kinder\u00e4rztin Uelzen<\/title>\n<meta name=\"description\" content=\"Dipl. med. Susanne Fuhrmann ist als Kinder\u00e4rztin in der Praxis f\u00fcr Kinder- und Jugendmedizin im Geb\u00e4ude des Drei Linden in Uelzen t\u00e4tig.\" \/>\n<meta name=\"robots\" content=\"index, follow, max-snippet:-1, max-image-preview:large, max-video-preview:-1\" \/>\n<link rel=\"canonical\" href=\"https:\/\/lebenleben.de\/mvz\/kinder-und-jugendmedizin\/dipl-med-susanne-fuhrmann\/\" \/>\n<meta property=\"og:locale\" content=\"de_DE\" \/>\n<meta property=\"og:type\" content=\"article\" \/>\n<meta property=\"og:title\" content=\"Dipl. med. Susanne Fuhrmann | Kinder\u00e4rztin Uelzen\" \/>\n<meta property=\"og:description\" content=\"Dipl. med. Susanne Fuhrmann ist als Kinder\u00e4rztin in der Praxis f\u00fcr Kinder- und Jugendmedizin im Geb\u00e4ude des Drei Linden in Uelzen t\u00e4tig.\" \/>\n<meta property=\"og:url\" content=\"https:\/\/lebenleben.de\/mvz\/kinder-und-jugendmedizin\/dipl-med-susanne-fuhrmann\/\" \/>\n<meta property=\"og:site_name\" content=\"Leben leben MVZ\" \/>\n<meta property=\"article:modified_time\" content=\"2026-02-16T10:05:14+00:00\" \/>\n<meta property=\"og:image\" content=\"https:\/\/lebenleben.de\/mvz\/wp-content\/uploads\/sites\/3\/2021\/03\/ll_web_susanne_fuhrmann_2.jpg\" \/>\n\t<meta property=\"og:image:width\" content=\"563\" \/>\n\t<meta property=\"og:image:height\" content=\"844\" \/>\n\t<meta property=\"og:image:type\" content=\"image\/jpeg\" \/>\n<meta name=\"twitter:card\" content=\"summary_large_image\" \/>\n<meta name=\"twitter:label1\" content=\"Gesch\u00e4tzte Lesezeit\" \/>\n\t<meta name=\"twitter:data1\" content=\"1\u00a0Minute\" \/>\n<script type=\"application\/ld+json\" class=\"yoast-schema-graph\">{\"@context\":\"https:\\\/\\\/schema.org\",\"@graph\":[{\"@type\":\"WebPage\",\"@id\":\"https:\\\/\\\/lebenleben.de\\\/mvz\\\/kinder-und-jugendmedizin\\\/dipl-med-susanne-fuhrmann\\\/\",\"url\":\"https:\\\/\\\/lebenleben.de\\\/mvz\\\/kinder-und-jugendmedizin\\\/dipl-med-susanne-fuhrmann\\\/\",\"name\":\"Dipl. med. Susanne Fuhrmann | Kinder\u00e4rztin Uelzen\",\"isPartOf\":{\"@id\":\"https:\\\/\\\/lebenleben.de\\\/mvz\\\/#website\"},\"primaryImageOfPage\":{\"@id\":\"https:\\\/\\\/lebenleben.de\\\/mvz\\\/kinder-und-jugendmedizin\\\/dipl-med-susanne-fuhrmann\\\/#primaryimage\"},\"image\":{\"@id\":\"https:\\\/\\\/lebenleben.de\\\/mvz\\\/kinder-und-jugendmedizin\\\/dipl-med-susanne-fuhrmann\\\/#primaryimage\"},\"thumbnailUrl\":\"https:\\\/\\\/lebenleben.de\\\/mvz\\\/wp-content\\\/uploads\\\/sites\\\/3\\\/2021\\\/03\\\/ll_web_susanne_fuhrmann_2.jpg\",\"datePublished\":\"2021-01-22T09:00:53+00:00\",\"dateModified\":\"2026-02-16T10:05:14+00:00\",\"description\":\"Dipl. med. Susanne Fuhrmann ist als Kinder\u00e4rztin in der Praxis f\u00fcr Kinder- und Jugendmedizin im Geb\u00e4ude des Drei Linden in Uelzen t\u00e4tig.\",\"breadcrumb\":{\"@id\":\"https:\\\/\\\/lebenleben.de\\\/mvz\\\/kinder-und-jugendmedizin\\\/dipl-med-susanne-fuhrmann\\\/#breadcrumb\"},\"inLanguage\":\"de\",\"potentialAction\":[{\"@type\":\"ReadAction\",\"target\":[\"https:\\\/\\\/lebenleben.de\\\/mvz\\\/kinder-und-jugendmedizin\\\/dipl-med-susanne-fuhrmann\\\/\"]}]},{\"@type\":\"ImageObject\",\"inLanguage\":\"de\",\"@id\":\"https:\\\/\\\/lebenleben.de\\\/mvz\\\/kinder-und-jugendmedizin\\\/dipl-med-susanne-fuhrmann\\\/#primaryimage\",\"url\":\"https:\\\/\\\/lebenleben.de\\\/mvz\\\/wp-content\\\/uploads\\\/sites\\\/3\\\/2021\\\/03\\\/ll_web_susanne_fuhrmann_2.jpg\",\"contentUrl\":\"https:\\\/\\\/lebenleben.de\\\/mvz\\\/wp-content\\\/uploads\\\/sites\\\/3\\\/2021\\\/03\\\/ll_web_susanne_fuhrmann_2.jpg\",\"width\":563,\"height\":844},{\"@type\":\"BreadcrumbList\",\"@id\":\"https:\\\/\\\/lebenleben.de\\\/mvz\\\/kinder-und-jugendmedizin\\\/dipl-med-susanne-fuhrmann\\\/#breadcrumb\",\"itemListElement\":[{\"@type\":\"ListItem\",\"position\":1,\"name\":\"Startseite\",\"item\":\"https:\\\/\\\/lebenleben.de\\\/mvz\\\/\"},{\"@type\":\"ListItem\",\"position\":2,\"name\":\"Kinder- und Jugendmedizin\",\"item\":\"https:\\\/\\\/lebenleben.de\\\/mvz\\\/kinder-und-jugendmedizin\\\/\"},{\"@type\":\"ListItem\",\"position\":3,\"name\":\"Dipl. med. Susanne Fuhrmann\"}]},{\"@type\":\"WebSite\",\"@id\":\"https:\\\/\\\/lebenleben.de\\\/mvz\\\/#website\",\"url\":\"https:\\\/\\\/lebenleben.de\\\/mvz\\\/\",\"name\":\"Leben leben MVZ\",\"description\":\"Medizinisches Versorgungszentrum am Hammersteinplatz\",\"publisher\":{\"@id\":\"https:\\\/\\\/lebenleben.de\\\/mvz\\\/#organization\"},\"potentialAction\":[{\"@type\":\"SearchAction\",\"target\":{\"@type\":\"EntryPoint\",\"urlTemplate\":\"https:\\\/\\\/lebenleben.de\\\/mvz\\\/?s={search_term_string}\"},\"query-input\":{\"@type\":\"PropertyValueSpecification\",\"valueRequired\":true,\"valueName\":\"search_term_string\"}}],\"inLanguage\":\"de\"},{\"@type\":\"Organization\",\"@id\":\"https:\\\/\\\/lebenleben.de\\\/mvz\\\/#organization\",\"name\":\"Leben leben MVZ\",\"url\":\"https:\\\/\\\/lebenleben.de\\\/mvz\\\/\",\"logo\":{\"@type\":\"ImageObject\",\"inLanguage\":\"de\",\"@id\":\"https:\\\/\\\/lebenleben.de\\\/mvz\\\/#\\\/schema\\\/logo\\\/image\\\/\",\"url\":\"https:\\\/\\\/lebenleben.de\\\/mvz\\\/wp-content\\\/uploads\\\/sites\\\/3\\\/2021\\\/01\\\/ll_favicon-cyan.png\",\"contentUrl\":\"https:\\\/\\\/lebenleben.de\\\/mvz\\\/wp-content\\\/uploads\\\/sites\\\/3\\\/2021\\\/01\\\/ll_favicon-cyan.png\",\"width\":501,\"height\":501,\"caption\":\"Leben leben MVZ\"},\"image\":{\"@id\":\"https:\\\/\\\/lebenleben.de\\\/mvz\\\/#\\\/schema\\\/logo\\\/image\\\/\"}}]}<\/script>\n<!-- \/ Yoast SEO plugin. -->","yoast_head_json":{"title":"Dipl. med. Susanne Fuhrmann | Kinder\u00e4rztin Uelzen","description":"Dipl. med. Susanne Fuhrmann ist als Kinder\u00e4rztin in der Praxis f\u00fcr Kinder- und Jugendmedizin im Geb\u00e4ude des Drei Linden in Uelzen t\u00e4tig.","robots":{"index":"index","follow":"follow","max-snippet":"max-snippet:-1","max-image-preview":"max-image-preview:large","max-video-preview":"max-video-preview:-1"},"canonical":"https:\/\/lebenleben.de\/mvz\/kinder-und-jugendmedizin\/dipl-med-susanne-fuhrmann\/","og_locale":"de_DE","og_type":"article","og_title":"Dipl. med. Susanne Fuhrmann | Kinder\u00e4rztin Uelzen","og_description":"Dipl. med. Susanne Fuhrmann ist als Kinder\u00e4rztin in der Praxis f\u00fcr Kinder- und Jugendmedizin im Geb\u00e4ude des Drei Linden in Uelzen t\u00e4tig.","og_url":"https:\/\/lebenleben.de\/mvz\/kinder-und-jugendmedizin\/dipl-med-susanne-fuhrmann\/","og_site_name":"Leben leben MVZ","article_modified_time":"2026-02-16T10:05:14+00:00","og_image":[{"width":563,"height":844,"url":"https:\/\/lebenleben.de\/mvz\/wp-content\/uploads\/sites\/3\/2021\/03\/ll_web_susanne_fuhrmann_2.jpg","type":"image\/jpeg"}],"twitter_card":"summary_large_image","twitter_misc":{"Gesch\u00e4tzte Lesezeit":"1\u00a0Minute"},"schema":{"@context":"https:\/\/schema.org","@graph":[{"@type":"WebPage","@id":"https:\/\/lebenleben.de\/mvz\/kinder-und-jugendmedizin\/dipl-med-susanne-fuhrmann\/","url":"https:\/\/lebenleben.de\/mvz\/kinder-und-jugendmedizin\/dipl-med-susanne-fuhrmann\/","name":"Dipl. med. Susanne Fuhrmann | Kinder\u00e4rztin Uelzen","isPartOf":{"@id":"https:\/\/lebenleben.de\/mvz\/#website"},"primaryImageOfPage":{"@id":"https:\/\/lebenleben.de\/mvz\/kinder-und-jugendmedizin\/dipl-med-susanne-fuhrmann\/#primaryimage"},"image":{"@id":"https:\/\/lebenleben.de\/mvz\/kinder-und-jugendmedizin\/dipl-med-susanne-fuhrmann\/#primaryimage"},"thumbnailUrl":"https:\/\/lebenleben.de\/mvz\/wp-content\/uploads\/sites\/3\/2021\/03\/ll_web_susanne_fuhrmann_2.jpg","datePublished":"2021-01-22T09:00:53+00:00","dateModified":"2026-02-16T10:05:14+00:00","description":"Dipl. med. Susanne Fuhrmann ist als Kinder\u00e4rztin in der Praxis f\u00fcr Kinder- und Jugendmedizin im Geb\u00e4ude des Drei Linden in Uelzen t\u00e4tig.","breadcrumb":{"@id":"https:\/\/lebenleben.de\/mvz\/kinder-und-jugendmedizin\/dipl-med-susanne-fuhrmann\/#breadcrumb"},"inLanguage":"de","potentialAction":[{"@type":"ReadAction","target":["https:\/\/lebenleben.de\/mvz\/kinder-und-jugendmedizin\/dipl-med-susanne-fuhrmann\/"]}]},{"@type":"ImageObject","inLanguage":"de","@id":"https:\/\/lebenleben.de\/mvz\/kinder-und-jugendmedizin\/dipl-med-susanne-fuhrmann\/#primaryimage","url":"https:\/\/lebenleben.de\/mvz\/wp-content\/uploads\/sites\/3\/2021\/03\/ll_web_susanne_fuhrmann_2.jpg","contentUrl":"https:\/\/lebenleben.de\/mvz\/wp-content\/uploads\/sites\/3\/2021\/03\/ll_web_susanne_fuhrmann_2.jpg","width":563,"height":844},{"@type":"BreadcrumbList","@id":"https:\/\/lebenleben.de\/mvz\/kinder-und-jugendmedizin\/dipl-med-susanne-fuhrmann\/#breadcrumb","itemListElement":[{"@type":"ListItem","position":1,"name":"Startseite","item":"https:\/\/lebenleben.de\/mvz\/"},{"@type":"ListItem","position":2,"name":"Kinder- und Jugendmedizin","item":"https:\/\/lebenleben.de\/mvz\/kinder-und-jugendmedizin\/"},{"@type":"ListItem","position":3,"name":"Dipl. med. Susanne Fuhrmann"}]},{"@type":"WebSite","@id":"https:\/\/lebenleben.de\/mvz\/#website","url":"https:\/\/lebenleben.de\/mvz\/","name":"Leben leben MVZ","description":"Medizinisches Versorgungszentrum am Hammersteinplatz","publisher":{"@id":"https:\/\/lebenleben.de\/mvz\/#organization"},"potentialAction":[{"@type":"SearchAction","target":{"@type":"EntryPoint","urlTemplate":"https:\/\/lebenleben.de\/mvz\/?s={search_term_string}"},"query-input":{"@type":"PropertyValueSpecification","valueRequired":true,"valueName":"search_term_string"}}],"inLanguage":"de"},{"@type":"Organization","@id":"https:\/\/lebenleben.de\/mvz\/#organization","name":"Leben leben MVZ","url":"https:\/\/lebenleben.de\/mvz\/","logo":{"@type":"ImageObject","inLanguage":"de","@id":"https:\/\/lebenleben.de\/mvz\/#\/schema\/logo\/image\/","url":"https:\/\/lebenleben.de\/mvz\/wp-content\/uploads\/sites\/3\/2021\/01\/ll_favicon-cyan.png","contentUrl":"https:\/\/lebenleben.de\/mvz\/wp-content\/uploads\/sites\/3\/2021\/01\/ll_favicon-cyan.png","width":501,"height":501,"caption":"Leben leben MVZ"},"image":{"@id":"https:\/\/lebenleben.de\/mvz\/#\/schema\/logo\/image\/"}}]}},"_links":{"self":[{"href":"https:\/\/lebenleben.de\/mvz\/wp-json\/wp\/v2\/pages\/104","targetHints":{"allow":["GET"]}}],"collection":[{"href":"https:\/\/lebenleben.de\/mvz\/wp-json\/wp\/v2\/pages"}],"about":[{"href":"https:\/\/lebenleben.de\/mvz\/wp-json\/wp\/v2\/types\/page"}],"author":[{"embeddable":true,"href":"https:\/\/lebenleben.de\/mvz\/wp-json\/wp\/v2\/users\/1"}],"replies":[{"embeddable":true,"href":"https:\/\/lebenleben.de\/mvz\/wp-json\/wp\/v2\/comments?post=104"}],"version-history":[{"count":32,"href":"https:\/\/lebenleben.de\/mvz\/wp-json\/wp\/v2\/pages\/104\/revisions"}],"predecessor-version":[{"id":2526,"href":"https:\/\/lebenleben.de\/mvz\/wp-json\/wp\/v2\/pages\/104\/revisions\/2526"}],"up":[{"embeddable":true,"href":"https:\/\/lebenleben.de\/mvz\/wp-json\/wp\/v2\/pages\/100"}],"wp:attachment":[{"href":"https:\/\/lebenleben.de\/mvz\/wp-json\/wp\/v2\/media?parent=104"}],"curies":[{"name":"wp","href":"https:\/\/api.w.org\/{rel}","templated":true}]}}