{"id":121,"date":"2021-01-22T10:08:46","date_gmt":"2021-01-22T09:08:46","guid":{"rendered":"https:\/\/lebenleben.de\/mvz\/?page_id=121"},"modified":"2024-05-24T09:39:21","modified_gmt":"2024-05-24T07:39:21","slug":"ausgewaehlte-publikationen","status":"publish","type":"page","link":"https:\/\/lebenleben.de\/mvz\/psychiatrie-und-psychotherapie\/dr-med-tomas-mueller-thomsen\/ausgewaehlte-publikationen\/","title":{"rendered":"Ausgew\u00e4hlte Publikationen"},"content":{"rendered":"\n<h1 class=\"wp-block-heading\">Ausgew\u00e4hlte Publikationen<\/h1>\n\n\n\n<div style=\"height:25px\" aria-hidden=\"true\" class=\"wp-block-spacer\"><\/div>\n\n\n\n<ul class=\"wp-block-list\">\n<li>M\u00fcller-Thomsen T: Bewusstseinsst\u00f6rungen (96-101), Sinnesst\u00f6rungen (101-106), Schlafst\u00f6rungen (106-107), Demenzen (202-205), Organische Depression und organisch bedingte Psychosen (205-207), Intoxikationen (207-210). In Lamparter U, Schmidt HU: Wirklich psychisch bedingt. Schattauer, Stuttgart, 2018.<\/li>\n\n\n\n<li>M\u00fcller-Thomsen, T. Vom Schlafen und von Schlafst\u00f6rung. Demenz 38-2018. (54-55).<\/li>\n\n\n\n<li>M\u00fcller-Thomsen, T. Zur Behandlung von Schlafst\u00f6rung. Demenz 38-2018. (56-57).<\/li>\n\n\n\n<li>M\u00fcller-Thomsen, T. Spiritualit\u00e4t und Demenz. Spiritual Care 2\/215.<\/li>\n\n\n\n<li>M\u00fcller-Thomsen T: Gott ist tot (315-322). In: Freyberger HJ, Dilling H: Fallbuch Psychiatrie. 2. \u00dcberarbeitete und erweiterte Auflage. Huber, Hogrefe; Bern, 2014.<\/li>\n\n\n\n<li>M\u00fcller-Thomsen, T. Was ist Demenz? Basiswissen f\u00fcr die Praxis. Bausteine.demenz 21-2014; 1-15.<\/li>\n\n\n\n<li>Arlt S, M\u00fcller-Thomsen T, Beisiegel U, Kontush A. <a href=\"http:\/\/www.ncbi.nlm.nih.gov\/pubmed\/22878647\">Effect of one-year vitamin C- and E-supplementation on cerebrospinal fluid oxidation parameters and clinical course in Alzheimer\u2019s disease.<\/a> Neurochem Res. 2012 Dec;37(12):2706-14. doi: 10.1007\/s11064-012-0860-8. Epub 2012 Aug 10.<\/li>\n\n\n\n<li>M\u00fcller-Thomsen, T; Ganz bei Sinnen; Bausteine.demenz 4-2010; 3-4.<\/li>\n\n\n\n<li>M\u00fcller-Thomsen, T: Demenz und Psychopharmaka; demenz-Leben 03-2009; 20-23.<\/li>\n\n\n\n<li>Wedeg\u00e4rtner F, Wedeg\u00e4rtner C, M\u00fcller-Thomsen T, Stefan Bleich: Wer erh\u00e4lt wie viel Versorgung in der Institutsambulanz und warum; Psychiatr Prax 2009; 36; 338-344.<\/li>\n\n\n\n<li>M\u00fcller-Thomsen T (2009). Wo findet eigentlich gerontopsychiatrische Versorgung statt? Ein Stadt-Land-Vergleich. In: Adler G, Gutzmann H, Haupt M, Kortus R, Wolter DK: Seelische Gesundheit und Lebensqualit\u00e4t im Alter. Kohlhammer, Stuttgart. 303-306.<\/li>\n\n\n\n<li>M\u00fcller-Thomsen T: Sozialpsychiatrie und der alternde Menschen. Soziale Psychiatrie 114; 1 Okt 2006: 2-13.<\/li>\n\n\n\n<li>M\u00fcller-Thomsen T, Arlt S, Ulrike Mann U, Ma\u00df R, Ganzer S: Detecting depression in Alzheimer\u2019s Disease: Evaluation of four different scales. Arch Clin Neuropsychol. 2005 Mar;20(2):271-276. (IF 2.497)<\/li>\n\n\n\n<li>M\u00fcller-Thomsen T: Zeichnen in der Demenzdiagnostik \u2013 Malen in der Therapie (114-17). In: Gan\u00df . Kunsttherapie mit demenzkranken Menschen. Marbuse-Verlag 2004 ISBN 3-935964-51-X,<\/li>\n\n\n\n<li>M\u00fcller-Thomsen T, Tabrizian S, Mittermeier O: Depression bei geriatrischen Patienten mit h\u00fcftgelenksnahen Frakturen und deren Auswirkung auf den Rehabilitationsverlauf Z Gerontol Geriat 2003; 36:136-142<\/li>\n\n\n\n<li>M\u00fcller-Thomsen T, Haasen C: Alcohol Consumption in Alzheimer\u00b4s disease? Eur Addict Res 9 (2003) 51-52.<\/li>\n\n\n\n<li>M\u00fcller-Thomsen T, Mittermeier O, Ganzer S. Unrecognised and untreated depression in geriatric patients with hip fractures. Int J Geriatr Psychiatry. 2002 Jul;17(7):683-4. (IF 1.981)<\/li>\n\n\n\n<li>M\u00fcller-Thomsen T, Arlt S; Ganzer S, Mann U, Ma\u00df R, Naber D, Beisiegel U: Depression in Alzheimer\u2019s Disease Might Be Associated with Apolipoprotein E epsilon4 Allele Frequency in Women but Not in Men. Dement Geriatr Cogn Disord. 2002;14(2):59-63. (IF 2.579)<\/li>\n\n\n\n<li>M\u00fcller-Thomsen T: Kunsttherapie bei Patienten mit Alzheimer Demenz. (197-203) In: Hampe R, Martius P, Ritschl, Spreti F (Hrsg.): Generationenwechsel Universit\u00e4t Bremen 2002. ISBN 3-88722-531-7<\/li>\n\n\n\n<li>M\u00fcller-Thomsen T, Rotter A: H\u00e4ufigkeit von Depression bei Schlaganfallpatienten in einer neurologischen Klinik f\u00fcr Rehabilitation und Auswirkung von Depressivit\u00e4t auf den Rehabilitationsverlauf (37-48). In: Gutzmann H, Hirsch RD, Teising M Kortus R (Hrsg.). Die Gerontopsychiatrie und ihre Nachbardisziplinen. Schriftenreihe der DGGPP Bd. 3. Berlin, Bonn, Frankfurt, Saarbr\u00fccken 2002. S.37-48. ISBN 3-935272-02-2<\/li>\n\n\n\n<li>M\u00fcller-Thomsen T, Mann U: Erfassung depressiver Syndrome bei Patienten mit Alzheimer Demenz (544-547). In Kretschmar C, Hirsch RD, Haupt M, Ihl, Kortus R, Stoppe, W\u00e4chtler C (Hrsg.): Angst \u2013 Sucht \u2013 Anpassungsst\u00f6rung im Alter. Schriftenreihe der Deutschen Gesellschaft f\u00fcr Gerontopsychiatrie und \u2013psychotherapie Bd 1, D\u00fcseldorf, Bonn, Saarbr\u00fccken, G\u00f6ttingen, Hamburg 2000. ISBN 3-935272-00-6<\/li>\n\n\n\n<li>M\u00fcller-Thomsen T: Demenz \u2013 F\u00e4hrten lesen. Schrittweise Diagnostik bei Verdacht auf dementielle Erkrankung. \u00c4P NeurologiePsychiatrie 3 (2000) 16.<\/li>\n\n\n\n<li>M\u00fcller-Thomsen T: Gerontopsychiatrische Aspekte. (165-181) In: Haasen C, Yagdiran 0 (Hrsg): Beurteilung psychischer St\u00f6rungen in einer multikulturellen Gesellschaft. Lambertus, Freiburg i.Br. 2000. ISBN 3-7841-1310-9.<\/li>\n\n\n\n<li>M\u00fcller-Thomsen T, Meins W, Manecke S: Psychiatrische St\u00f6rungen im Alter und deren psychosoziale Hintergr\u00fcnde \u2013 eine Untersuchung an station\u00e4ren geriatrischen Patienten. Psychiatrische Praxis 26 (1999) 267-272.<\/li>\n\n\n\n<li>M\u00fcller-Thomsen T, Mann U, Nitsch RM: Die Rolle des Amyloids und assozierter Ver\u00e4nderungen f\u00fcr die Entstehung, Diagnose und Therapie der Alzheimer Demenz. Hamburger \u00c4rzteblatt 52 (1998) 222-225<\/li>\n\n\n\n<li>M\u00fcller-Thomsen T, Meins W: Psychiatrische St\u00f6rung bei Patienten in geriatrischer Behandlung. Geriatrie Forschung 7 (1997) 19-24.<\/li>\n\n\n\n<li>M\u00fcller-Thomsen T, Niedermeyer, U, Haasen C, Krausz M: Schizophrenie und sch\u00e4dlicher Gebrauch psychotroper Substanzen (10-319. In: M\u00fcller-Thomsen T, Krausz M: Komorbidit\u00e4t \u2013 Therapie von psychischen St\u00f6rungen und Sucht. Lambertus, Freiburg i.Br. 1994. ISBN 3-7841-0762-1.<\/li>\n\n\n\n<li>M\u00fcller-Thomsen T, Stark FM: Zum therapeutischen Umgang mit psychisch erkrankten K\u00fcnstlern \u2013 ein Fallbeispiel. Musik-, Tanz- und Kunstherapie 4 (1993) 142-146.<\/li>\n<\/ul>\n\n\n\n<div style=\"height:50px\" aria-hidden=\"true\" class=\"wp-block-spacer\"><\/div>\n","protected":false},"excerpt":{"rendered":"<p>Ausgew\u00e4hlte Publikationen<\/p>\n","protected":false},"author":1,"featured_media":0,"parent":119,"menu_order":0,"comment_status":"closed","ping_status":"closed","template":"page-templates\/page-fullscreen.php","meta":{"_acf_changed":false,"footnotes":""},"class_list":["post-121","page","type-page","status-publish","hentry"],"acf":[],"yoast_head":"<!-- This site is optimized with the Yoast SEO plugin v27.3 - https:\/\/yoast.com\/product\/yoast-seo-wordpress\/ -->\n<title>Ausgew\u00e4hlte Publikationen - Leben leben MVZ<\/title>\n<meta name=\"robots\" content=\"index, follow, max-snippet:-1, max-image-preview:large, max-video-preview:-1\" \/>\n<link rel=\"canonical\" href=\"https:\/\/lebenleben.de\/mvz\/psychiatrie-und-psychotherapie\/dr-med-tomas-mueller-thomsen\/ausgewaehlte-publikationen\/\" \/>\n<meta property=\"og:locale\" content=\"de_DE\" \/>\n<meta property=\"og:type\" content=\"article\" \/>\n<meta property=\"og:title\" content=\"Ausgew\u00e4hlte Publikationen - Leben leben MVZ\" \/>\n<meta property=\"og:description\" content=\"Ausgew\u00e4hlte Publikationen\" \/>\n<meta property=\"og:url\" content=\"https:\/\/lebenleben.de\/mvz\/psychiatrie-und-psychotherapie\/dr-med-tomas-mueller-thomsen\/ausgewaehlte-publikationen\/\" \/>\n<meta property=\"og:site_name\" content=\"Leben leben MVZ\" \/>\n<meta property=\"article:modified_time\" content=\"2024-05-24T07:39:21+00:00\" \/>\n<meta name=\"twitter:card\" content=\"summary_large_image\" \/>\n<meta name=\"twitter:label1\" content=\"Gesch\u00e4tzte Lesezeit\" \/>\n\t<meta name=\"twitter:data1\" content=\"4\u00a0Minuten\" \/>\n<script type=\"application\/ld+json\" class=\"yoast-schema-graph\">{\"@context\":\"https:\\\/\\\/schema.org\",\"@graph\":[{\"@type\":\"WebPage\",\"@id\":\"https:\\\/\\\/lebenleben.de\\\/mvz\\\/psychiatrie-und-psychotherapie\\\/dr-med-tomas-mueller-thomsen\\\/ausgewaehlte-publikationen\\\/\",\"url\":\"https:\\\/\\\/lebenleben.de\\\/mvz\\\/psychiatrie-und-psychotherapie\\\/dr-med-tomas-mueller-thomsen\\\/ausgewaehlte-publikationen\\\/\",\"name\":\"Ausgew\u00e4hlte Publikationen - Leben leben MVZ\",\"isPartOf\":{\"@id\":\"https:\\\/\\\/lebenleben.de\\\/mvz\\\/#website\"},\"datePublished\":\"2021-01-22T09:08:46+00:00\",\"dateModified\":\"2024-05-24T07:39:21+00:00\",\"breadcrumb\":{\"@id\":\"https:\\\/\\\/lebenleben.de\\\/mvz\\\/psychiatrie-und-psychotherapie\\\/dr-med-tomas-mueller-thomsen\\\/ausgewaehlte-publikationen\\\/#breadcrumb\"},\"inLanguage\":\"de\",\"potentialAction\":[{\"@type\":\"ReadAction\",\"target\":[\"https:\\\/\\\/lebenleben.de\\\/mvz\\\/psychiatrie-und-psychotherapie\\\/dr-med-tomas-mueller-thomsen\\\/ausgewaehlte-publikationen\\\/\"]}]},{\"@type\":\"BreadcrumbList\",\"@id\":\"https:\\\/\\\/lebenleben.de\\\/mvz\\\/psychiatrie-und-psychotherapie\\\/dr-med-tomas-mueller-thomsen\\\/ausgewaehlte-publikationen\\\/#breadcrumb\",\"itemListElement\":[{\"@type\":\"ListItem\",\"position\":1,\"name\":\"Startseite\",\"item\":\"https:\\\/\\\/lebenleben.de\\\/mvz\\\/\"},{\"@type\":\"ListItem\",\"position\":2,\"name\":\"Psychiatrie\",\"item\":\"https:\\\/\\\/lebenleben.de\\\/mvz\\\/psychiatrie-und-psychotherapie\\\/\"},{\"@type\":\"ListItem\",\"position\":3,\"name\":\"Dr. med. Tomas M\u00fcller-Thomsen\",\"item\":\"https:\\\/\\\/lebenleben.de\\\/mvz\\\/psychiatrie-und-psychotherapie\\\/dr-med-tomas-mueller-thomsen\\\/\"},{\"@type\":\"ListItem\",\"position\":4,\"name\":\"Ausgew\u00e4hlte Publikationen\"}]},{\"@type\":\"WebSite\",\"@id\":\"https:\\\/\\\/lebenleben.de\\\/mvz\\\/#website\",\"url\":\"https:\\\/\\\/lebenleben.de\\\/mvz\\\/\",\"name\":\"Leben leben MVZ\",\"description\":\"Medizinisches Versorgungszentrum am Hammersteinplatz\",\"publisher\":{\"@id\":\"https:\\\/\\\/lebenleben.de\\\/mvz\\\/#organization\"},\"potentialAction\":[{\"@type\":\"SearchAction\",\"target\":{\"@type\":\"EntryPoint\",\"urlTemplate\":\"https:\\\/\\\/lebenleben.de\\\/mvz\\\/?s={search_term_string}\"},\"query-input\":{\"@type\":\"PropertyValueSpecification\",\"valueRequired\":true,\"valueName\":\"search_term_string\"}}],\"inLanguage\":\"de\"},{\"@type\":\"Organization\",\"@id\":\"https:\\\/\\\/lebenleben.de\\\/mvz\\\/#organization\",\"name\":\"Leben leben MVZ\",\"url\":\"https:\\\/\\\/lebenleben.de\\\/mvz\\\/\",\"logo\":{\"@type\":\"ImageObject\",\"inLanguage\":\"de\",\"@id\":\"https:\\\/\\\/lebenleben.de\\\/mvz\\\/#\\\/schema\\\/logo\\\/image\\\/\",\"url\":\"https:\\\/\\\/lebenleben.de\\\/mvz\\\/wp-content\\\/uploads\\\/sites\\\/3\\\/2021\\\/01\\\/ll_favicon-cyan.png\",\"contentUrl\":\"https:\\\/\\\/lebenleben.de\\\/mvz\\\/wp-content\\\/uploads\\\/sites\\\/3\\\/2021\\\/01\\\/ll_favicon-cyan.png\",\"width\":501,\"height\":501,\"caption\":\"Leben leben MVZ\"},\"image\":{\"@id\":\"https:\\\/\\\/lebenleben.de\\\/mvz\\\/#\\\/schema\\\/logo\\\/image\\\/\"}}]}<\/script>\n<!-- \/ Yoast SEO plugin. -->","yoast_head_json":{"title":"Ausgew\u00e4hlte Publikationen - Leben leben MVZ","robots":{"index":"index","follow":"follow","max-snippet":"max-snippet:-1","max-image-preview":"max-image-preview:large","max-video-preview":"max-video-preview:-1"},"canonical":"https:\/\/lebenleben.de\/mvz\/psychiatrie-und-psychotherapie\/dr-med-tomas-mueller-thomsen\/ausgewaehlte-publikationen\/","og_locale":"de_DE","og_type":"article","og_title":"Ausgew\u00e4hlte Publikationen - Leben leben MVZ","og_description":"Ausgew\u00e4hlte Publikationen","og_url":"https:\/\/lebenleben.de\/mvz\/psychiatrie-und-psychotherapie\/dr-med-tomas-mueller-thomsen\/ausgewaehlte-publikationen\/","og_site_name":"Leben leben MVZ","article_modified_time":"2024-05-24T07:39:21+00:00","twitter_card":"summary_large_image","twitter_misc":{"Gesch\u00e4tzte Lesezeit":"4\u00a0Minuten"},"schema":{"@context":"https:\/\/schema.org","@graph":[{"@type":"WebPage","@id":"https:\/\/lebenleben.de\/mvz\/psychiatrie-und-psychotherapie\/dr-med-tomas-mueller-thomsen\/ausgewaehlte-publikationen\/","url":"https:\/\/lebenleben.de\/mvz\/psychiatrie-und-psychotherapie\/dr-med-tomas-mueller-thomsen\/ausgewaehlte-publikationen\/","name":"Ausgew\u00e4hlte Publikationen - Leben leben MVZ","isPartOf":{"@id":"https:\/\/lebenleben.de\/mvz\/#website"},"datePublished":"2021-01-22T09:08:46+00:00","dateModified":"2024-05-24T07:39:21+00:00","breadcrumb":{"@id":"https:\/\/lebenleben.de\/mvz\/psychiatrie-und-psychotherapie\/dr-med-tomas-mueller-thomsen\/ausgewaehlte-publikationen\/#breadcrumb"},"inLanguage":"de","potentialAction":[{"@type":"ReadAction","target":["https:\/\/lebenleben.de\/mvz\/psychiatrie-und-psychotherapie\/dr-med-tomas-mueller-thomsen\/ausgewaehlte-publikationen\/"]}]},{"@type":"BreadcrumbList","@id":"https:\/\/lebenleben.de\/mvz\/psychiatrie-und-psychotherapie\/dr-med-tomas-mueller-thomsen\/ausgewaehlte-publikationen\/#breadcrumb","itemListElement":[{"@type":"ListItem","position":1,"name":"Startseite","item":"https:\/\/lebenleben.de\/mvz\/"},{"@type":"ListItem","position":2,"name":"Psychiatrie","item":"https:\/\/lebenleben.de\/mvz\/psychiatrie-und-psychotherapie\/"},{"@type":"ListItem","position":3,"name":"Dr. med. Tomas M\u00fcller-Thomsen","item":"https:\/\/lebenleben.de\/mvz\/psychiatrie-und-psychotherapie\/dr-med-tomas-mueller-thomsen\/"},{"@type":"ListItem","position":4,"name":"Ausgew\u00e4hlte Publikationen"}]},{"@type":"WebSite","@id":"https:\/\/lebenleben.de\/mvz\/#website","url":"https:\/\/lebenleben.de\/mvz\/","name":"Leben leben MVZ","description":"Medizinisches Versorgungszentrum am Hammersteinplatz","publisher":{"@id":"https:\/\/lebenleben.de\/mvz\/#organization"},"potentialAction":[{"@type":"SearchAction","target":{"@type":"EntryPoint","urlTemplate":"https:\/\/lebenleben.de\/mvz\/?s={search_term_string}"},"query-input":{"@type":"PropertyValueSpecification","valueRequired":true,"valueName":"search_term_string"}}],"inLanguage":"de"},{"@type":"Organization","@id":"https:\/\/lebenleben.de\/mvz\/#organization","name":"Leben leben MVZ","url":"https:\/\/lebenleben.de\/mvz\/","logo":{"@type":"ImageObject","inLanguage":"de","@id":"https:\/\/lebenleben.de\/mvz\/#\/schema\/logo\/image\/","url":"https:\/\/lebenleben.de\/mvz\/wp-content\/uploads\/sites\/3\/2021\/01\/ll_favicon-cyan.png","contentUrl":"https:\/\/lebenleben.de\/mvz\/wp-content\/uploads\/sites\/3\/2021\/01\/ll_favicon-cyan.png","width":501,"height":501,"caption":"Leben leben MVZ"},"image":{"@id":"https:\/\/lebenleben.de\/mvz\/#\/schema\/logo\/image\/"}}]}},"_links":{"self":[{"href":"https:\/\/lebenleben.de\/mvz\/wp-json\/wp\/v2\/pages\/121","targetHints":{"allow":["GET"]}}],"collection":[{"href":"https:\/\/lebenleben.de\/mvz\/wp-json\/wp\/v2\/pages"}],"about":[{"href":"https:\/\/lebenleben.de\/mvz\/wp-json\/wp\/v2\/types\/page"}],"author":[{"embeddable":true,"href":"https:\/\/lebenleben.de\/mvz\/wp-json\/wp\/v2\/users\/1"}],"replies":[{"embeddable":true,"href":"https:\/\/lebenleben.de\/mvz\/wp-json\/wp\/v2\/comments?post=121"}],"version-history":[{"count":6,"href":"https:\/\/lebenleben.de\/mvz\/wp-json\/wp\/v2\/pages\/121\/revisions"}],"predecessor-version":[{"id":1611,"href":"https:\/\/lebenleben.de\/mvz\/wp-json\/wp\/v2\/pages\/121\/revisions\/1611"}],"up":[{"embeddable":true,"href":"https:\/\/lebenleben.de\/mvz\/wp-json\/wp\/v2\/pages\/119"}],"wp:attachment":[{"href":"https:\/\/lebenleben.de\/mvz\/wp-json\/wp\/v2\/media?parent=121"}],"curies":[{"name":"wp","href":"https:\/\/api.w.org\/{rel}","templated":true}]}}