{"id":123,"date":"2021-01-22T10:10:08","date_gmt":"2021-01-22T09:10:08","guid":{"rendered":"https:\/\/lebenleben.de\/mvz\/?page_id=123"},"modified":"2026-02-17T13:37:55","modified_gmt":"2026-02-17T12:37:55","slug":"dr-med-jens-plagge","status":"publish","type":"page","link":"https:\/\/lebenleben.de\/mvz\/psychiatrie-und-psychotherapie\/dr-med-jens-plagge\/","title":{"rendered":"Dr. med. Jens Plagge"},"content":{"rendered":"\n<div class=\"wp-block-columns is-layout-flex wp-container-core-columns-is-layout-9d6595d7 wp-block-columns-is-layout-flex\">\n<div class=\"wp-block-column is-layout-flow wp-block-column-is-layout-flow\" style=\"flex-basis:66%\">\n<h1 class=\"wp-block-heading\">Dr. med. Jens Plagge<\/h1>\n\n\n\n<p><strong>Facharzt f\u00fcr Psychiatrie und Psychotherapie<\/strong><\/p>\n\n\n\n<h2 class=\"wp-block-heading\">Beruf<\/h2>\n\n\n\n<p>seit 02\/2020 Re-Zertifizierung als EMDR-Therapeut<br>seit 01\/2018 angestellter Facharzt f\u00fcr Psychiatrie und Psychotherapie im MVZ am Hammersteinplatz<br>05\/2017\u201312\/2017 Chefarzt der Caduceus Klinik Bad Bevensen<br>05\/2010\u201304\/2017 Oberarzt Abteilung Psychosomatik Dianaklinik Bad Bevensen<br>05\/2009\u201304\/2010 Neurologische Abteilung Klinikum Uelzen<br>07\/2003\u201304\/2009 T\u00e4tigkeit in der Psychiatrischen Klinik H\u00e4cklingen\/Uelzen<br>01\/2000\u201306\/2003 Seeparklinik Bad Bodenteich Klinik f\u00fcr Psychotherapeutische Medizin und Psychosomatik<br>01\/99\u201312\/99 Allgemeinmedizinische Praxis P.G. K\u00f6bler, Himbergen<br>05\/98\u201312\/98 Chirugische Abteilung Herz-Kreislaufklinik<br>02\/98\u201304\/98 Chirurgische und urologische Praxis Dr. med. Greger, Hamburg<br>07\/96\u201312\/97 Innere Abteilung im Hamburgischen Krankenhaus Bad Bevensen<\/p>\n\n\n\n<h2 class=\"wp-block-heading\">Ausbildung<\/h2>\n\n\n\n<p>07.01.2015\u201306.01.2020 regelm\u00e4\u00dfige Fortbildungen gem. \u00a74 der Berufsordnung der \u00c4KN \/\u00a795d\/ \u00a7136 b SBG V \u201eFortbildungszertifikat\u201c <a href=\"https:\/\/lebenleben.de\/wp-content\/uploads\/2020\/01\/Fortbildungszertifikat-Dr.-med.-Plagge.pdf\">Fortbildungszertifikat Dr. med. Plagge<\/a><br>seit 10\/2019 Qualifikation \u201eMedizinische Betreuung von Menschen mit geistiger oder mehrfacher Behinderung\u201c<br>2015\u20132019 Promotionsstudium zum Dr. med. an der Medizinischen Fakult\u00e4t der Christian-Albrechts-Universit\u00e4t zu Kiel; Promotion zum 12.07.2019 erlangt<br>01\/2019 Zusatzbezeichnung Sozialmedizin<br>02\/2015 zertifizierter EMDR-Therapeut<br>08\/2013 Zertifikat Ohrakkupunktur nach dem NADA-Protokoll<br>03\/2011 Facharzt f\u00fcr Psychiatrie und Psychotherapie<br>03\/2009 Facharzt f\u00fcr Psychosomatische Medizin und Psychotherapie<br>01\/2003 Zusatzbezeichnung Psychotherapie<br>02\/2002 Zusatzbezeichnung Naturheilverfahren<br>05\/2000 Facharzt f\u00fcr Allgemeinmedizin<br>04\/99 Zusatzbezeichnung Hom\u00f6opathie<br>07\/96\u201312\/97 Arzt im Praktikum, Innere Abteilung im Hamburgischen Krankenhaus Bad Bevensen<br>04\/95\u201305\/96 Praktisches Jahr im St\u00e4dischen Krankenhaus L\u00fcneburg, Wahlfach: P\u00e4diatrie<br>04\/89\u201304\/96 Studium der Humanmedizin an der Freien Universit\u00e4t Berlin, ab 1990 an der Georg-August-Universit\u00e4t G\u00f6ttingen<br>05\/1987 Abitur, Albert-Schweizer-Gymnasium, Wolfsburg<\/p>\n<\/div>\n\n\n\n<div class=\"wp-block-column is-layout-flow wp-block-column-is-layout-flow\" style=\"flex-basis:33%\">\n<figure class=\"wp-block-image size-full ll-corner-large\"><img loading=\"lazy\" decoding=\"async\" width=\"667\" height=\"1000\" src=\"https:\/\/lebenleben.de\/mvz\/wp-content\/uploads\/sites\/3\/2026\/02\/Jens-Plagge.jpg\" alt=\"\" class=\"wp-image-2536\" srcset=\"https:\/\/lebenleben.de\/mvz\/wp-content\/uploads\/sites\/3\/2026\/02\/Jens-Plagge.jpg 667w, https:\/\/lebenleben.de\/mvz\/wp-content\/uploads\/sites\/3\/2026\/02\/Jens-Plagge-200x300.jpg 200w\" sizes=\"auto, (max-width: 667px) 100vw, 667px\" \/><figcaption class=\"wp-element-caption\">Dr. med. Jens Plagge<\/figcaption><\/figure>\n<\/div>\n<\/div>\n","protected":false},"excerpt":{"rendered":"<p>Dr. med. Jens Plagge Facharzt f\u00fcr Psychiatrie und Psychotherapie Beruf seit 02\/2020 Re-Zertifizierung als EMDR-Therapeutseit 01\/2018 angestellter Facharzt f\u00fcr Psychiatrie und Psychotherapie im MVZ am Hammersteinplatz05\/2017\u201312\/2017 Chefarzt der Caduceus Klinik Bad Bevensen05\/2010\u201304\/2017 Oberarzt Abteilung Psychosomatik Dianaklinik Bad Bevensen05\/2009\u201304\/2010 Neurologische Abteilung Klinikum Uelzen07\/2003\u201304\/2009 T\u00e4tigkeit in der Psychiatrischen Klinik H\u00e4cklingen\/Uelzen01\/2000\u201306\/2003 Seeparklinik Bad Bodenteich Klinik f\u00fcr Psychotherapeutische Medizin [&hellip;]<\/p>\n","protected":false},"author":1,"featured_media":0,"parent":117,"menu_order":20,"comment_status":"closed","ping_status":"closed","template":"page-templates\/page-fullscreen.php","meta":{"_acf_changed":false,"footnotes":""},"class_list":["post-123","page","type-page","status-publish","hentry"],"acf":[],"yoast_head":"<!-- This site is optimized with the Yoast SEO plugin v27.3 - https:\/\/yoast.com\/product\/yoast-seo-wordpress\/ -->\n<title>Dr. med. Jens Plagge | Psychiatrie und Psychotherapie in Uelzen<\/title>\n<meta name=\"description\" content=\"Dr. med. Jens Plagge ist Facharzt f\u00fcr Psychiatrie und Psychotherapie im MVZ am Hammersteinplatz in Uelzen.\" \/>\n<meta name=\"robots\" content=\"index, follow, max-snippet:-1, max-image-preview:large, max-video-preview:-1\" \/>\n<link rel=\"canonical\" href=\"https:\/\/lebenleben.de\/mvz\/psychiatrie-und-psychotherapie\/dr-med-jens-plagge\/\" \/>\n<meta property=\"og:locale\" content=\"de_DE\" \/>\n<meta property=\"og:type\" content=\"article\" \/>\n<meta property=\"og:title\" content=\"Dr. med. Jens Plagge | Psychiatrie und Psychotherapie in Uelzen\" \/>\n<meta property=\"og:description\" content=\"Dr. med. Jens Plagge ist Facharzt f\u00fcr Psychiatrie und Psychotherapie im MVZ am Hammersteinplatz in Uelzen.\" \/>\n<meta property=\"og:url\" content=\"https:\/\/lebenleben.de\/mvz\/psychiatrie-und-psychotherapie\/dr-med-jens-plagge\/\" \/>\n<meta property=\"og:site_name\" content=\"Leben leben MVZ\" \/>\n<meta property=\"article:modified_time\" content=\"2026-02-17T12:37:55+00:00\" \/>\n<meta property=\"og:image\" content=\"https:\/\/lebenleben.de\/mvz\/wp-content\/uploads\/sites\/3\/2026\/02\/Jens-Plagge.jpg\" \/>\n\t<meta property=\"og:image:width\" content=\"667\" \/>\n\t<meta property=\"og:image:height\" content=\"1000\" \/>\n\t<meta property=\"og:image:type\" content=\"image\/jpeg\" \/>\n<meta name=\"twitter:card\" content=\"summary_large_image\" \/>\n<meta name=\"twitter:label1\" content=\"Gesch\u00e4tzte Lesezeit\" \/>\n\t<meta name=\"twitter:data1\" content=\"2\u00a0Minuten\" \/>\n<script type=\"application\/ld+json\" class=\"yoast-schema-graph\">{\"@context\":\"https:\\\/\\\/schema.org\",\"@graph\":[{\"@type\":\"WebPage\",\"@id\":\"https:\\\/\\\/lebenleben.de\\\/mvz\\\/psychiatrie-und-psychotherapie\\\/dr-med-jens-plagge\\\/\",\"url\":\"https:\\\/\\\/lebenleben.de\\\/mvz\\\/psychiatrie-und-psychotherapie\\\/dr-med-jens-plagge\\\/\",\"name\":\"Dr. med. Jens Plagge | Psychiatrie und Psychotherapie in Uelzen\",\"isPartOf\":{\"@id\":\"https:\\\/\\\/lebenleben.de\\\/mvz\\\/#website\"},\"primaryImageOfPage\":{\"@id\":\"https:\\\/\\\/lebenleben.de\\\/mvz\\\/psychiatrie-und-psychotherapie\\\/dr-med-jens-plagge\\\/#primaryimage\"},\"image\":{\"@id\":\"https:\\\/\\\/lebenleben.de\\\/mvz\\\/psychiatrie-und-psychotherapie\\\/dr-med-jens-plagge\\\/#primaryimage\"},\"thumbnailUrl\":\"https:\\\/\\\/lebenleben.de\\\/mvz\\\/wp-content\\\/uploads\\\/sites\\\/3\\\/2026\\\/02\\\/Jens-Plagge.jpg\",\"datePublished\":\"2021-01-22T09:10:08+00:00\",\"dateModified\":\"2026-02-17T12:37:55+00:00\",\"description\":\"Dr. med. Jens Plagge ist Facharzt f\u00fcr Psychiatrie und Psychotherapie im MVZ am Hammersteinplatz in Uelzen.\",\"breadcrumb\":{\"@id\":\"https:\\\/\\\/lebenleben.de\\\/mvz\\\/psychiatrie-und-psychotherapie\\\/dr-med-jens-plagge\\\/#breadcrumb\"},\"inLanguage\":\"de\",\"potentialAction\":[{\"@type\":\"ReadAction\",\"target\":[\"https:\\\/\\\/lebenleben.de\\\/mvz\\\/psychiatrie-und-psychotherapie\\\/dr-med-jens-plagge\\\/\"]}]},{\"@type\":\"ImageObject\",\"inLanguage\":\"de\",\"@id\":\"https:\\\/\\\/lebenleben.de\\\/mvz\\\/psychiatrie-und-psychotherapie\\\/dr-med-jens-plagge\\\/#primaryimage\",\"url\":\"https:\\\/\\\/lebenleben.de\\\/mvz\\\/wp-content\\\/uploads\\\/sites\\\/3\\\/2026\\\/02\\\/Jens-Plagge.jpg\",\"contentUrl\":\"https:\\\/\\\/lebenleben.de\\\/mvz\\\/wp-content\\\/uploads\\\/sites\\\/3\\\/2026\\\/02\\\/Jens-Plagge.jpg\",\"width\":667,\"height\":1000},{\"@type\":\"BreadcrumbList\",\"@id\":\"https:\\\/\\\/lebenleben.de\\\/mvz\\\/psychiatrie-und-psychotherapie\\\/dr-med-jens-plagge\\\/#breadcrumb\",\"itemListElement\":[{\"@type\":\"ListItem\",\"position\":1,\"name\":\"Startseite\",\"item\":\"https:\\\/\\\/lebenleben.de\\\/mvz\\\/\"},{\"@type\":\"ListItem\",\"position\":2,\"name\":\"Psychiatrie\",\"item\":\"https:\\\/\\\/lebenleben.de\\\/mvz\\\/psychiatrie-und-psychotherapie\\\/\"},{\"@type\":\"ListItem\",\"position\":3,\"name\":\"Dr. med. Jens Plagge\"}]},{\"@type\":\"WebSite\",\"@id\":\"https:\\\/\\\/lebenleben.de\\\/mvz\\\/#website\",\"url\":\"https:\\\/\\\/lebenleben.de\\\/mvz\\\/\",\"name\":\"Leben leben MVZ\",\"description\":\"Medizinisches Versorgungszentrum am Hammersteinplatz\",\"publisher\":{\"@id\":\"https:\\\/\\\/lebenleben.de\\\/mvz\\\/#organization\"},\"potentialAction\":[{\"@type\":\"SearchAction\",\"target\":{\"@type\":\"EntryPoint\",\"urlTemplate\":\"https:\\\/\\\/lebenleben.de\\\/mvz\\\/?s={search_term_string}\"},\"query-input\":{\"@type\":\"PropertyValueSpecification\",\"valueRequired\":true,\"valueName\":\"search_term_string\"}}],\"inLanguage\":\"de\"},{\"@type\":\"Organization\",\"@id\":\"https:\\\/\\\/lebenleben.de\\\/mvz\\\/#organization\",\"name\":\"Leben leben MVZ\",\"url\":\"https:\\\/\\\/lebenleben.de\\\/mvz\\\/\",\"logo\":{\"@type\":\"ImageObject\",\"inLanguage\":\"de\",\"@id\":\"https:\\\/\\\/lebenleben.de\\\/mvz\\\/#\\\/schema\\\/logo\\\/image\\\/\",\"url\":\"https:\\\/\\\/lebenleben.de\\\/mvz\\\/wp-content\\\/uploads\\\/sites\\\/3\\\/2021\\\/01\\\/ll_favicon-cyan.png\",\"contentUrl\":\"https:\\\/\\\/lebenleben.de\\\/mvz\\\/wp-content\\\/uploads\\\/sites\\\/3\\\/2021\\\/01\\\/ll_favicon-cyan.png\",\"width\":501,\"height\":501,\"caption\":\"Leben leben MVZ\"},\"image\":{\"@id\":\"https:\\\/\\\/lebenleben.de\\\/mvz\\\/#\\\/schema\\\/logo\\\/image\\\/\"}}]}<\/script>\n<!-- \/ Yoast SEO plugin. -->","yoast_head_json":{"title":"Dr. med. Jens Plagge | Psychiatrie und Psychotherapie in Uelzen","description":"Dr. med. Jens Plagge ist Facharzt f\u00fcr Psychiatrie und Psychotherapie im MVZ am Hammersteinplatz in Uelzen.","robots":{"index":"index","follow":"follow","max-snippet":"max-snippet:-1","max-image-preview":"max-image-preview:large","max-video-preview":"max-video-preview:-1"},"canonical":"https:\/\/lebenleben.de\/mvz\/psychiatrie-und-psychotherapie\/dr-med-jens-plagge\/","og_locale":"de_DE","og_type":"article","og_title":"Dr. med. Jens Plagge | Psychiatrie und Psychotherapie in Uelzen","og_description":"Dr. med. Jens Plagge ist Facharzt f\u00fcr Psychiatrie und Psychotherapie im MVZ am Hammersteinplatz in Uelzen.","og_url":"https:\/\/lebenleben.de\/mvz\/psychiatrie-und-psychotherapie\/dr-med-jens-plagge\/","og_site_name":"Leben leben MVZ","article_modified_time":"2026-02-17T12:37:55+00:00","og_image":[{"width":667,"height":1000,"url":"https:\/\/lebenleben.de\/mvz\/wp-content\/uploads\/sites\/3\/2026\/02\/Jens-Plagge.jpg","type":"image\/jpeg"}],"twitter_card":"summary_large_image","twitter_misc":{"Gesch\u00e4tzte Lesezeit":"2\u00a0Minuten"},"schema":{"@context":"https:\/\/schema.org","@graph":[{"@type":"WebPage","@id":"https:\/\/lebenleben.de\/mvz\/psychiatrie-und-psychotherapie\/dr-med-jens-plagge\/","url":"https:\/\/lebenleben.de\/mvz\/psychiatrie-und-psychotherapie\/dr-med-jens-plagge\/","name":"Dr. med. Jens Plagge | Psychiatrie und Psychotherapie in Uelzen","isPartOf":{"@id":"https:\/\/lebenleben.de\/mvz\/#website"},"primaryImageOfPage":{"@id":"https:\/\/lebenleben.de\/mvz\/psychiatrie-und-psychotherapie\/dr-med-jens-plagge\/#primaryimage"},"image":{"@id":"https:\/\/lebenleben.de\/mvz\/psychiatrie-und-psychotherapie\/dr-med-jens-plagge\/#primaryimage"},"thumbnailUrl":"https:\/\/lebenleben.de\/mvz\/wp-content\/uploads\/sites\/3\/2026\/02\/Jens-Plagge.jpg","datePublished":"2021-01-22T09:10:08+00:00","dateModified":"2026-02-17T12:37:55+00:00","description":"Dr. med. Jens Plagge ist Facharzt f\u00fcr Psychiatrie und Psychotherapie im MVZ am Hammersteinplatz in Uelzen.","breadcrumb":{"@id":"https:\/\/lebenleben.de\/mvz\/psychiatrie-und-psychotherapie\/dr-med-jens-plagge\/#breadcrumb"},"inLanguage":"de","potentialAction":[{"@type":"ReadAction","target":["https:\/\/lebenleben.de\/mvz\/psychiatrie-und-psychotherapie\/dr-med-jens-plagge\/"]}]},{"@type":"ImageObject","inLanguage":"de","@id":"https:\/\/lebenleben.de\/mvz\/psychiatrie-und-psychotherapie\/dr-med-jens-plagge\/#primaryimage","url":"https:\/\/lebenleben.de\/mvz\/wp-content\/uploads\/sites\/3\/2026\/02\/Jens-Plagge.jpg","contentUrl":"https:\/\/lebenleben.de\/mvz\/wp-content\/uploads\/sites\/3\/2026\/02\/Jens-Plagge.jpg","width":667,"height":1000},{"@type":"BreadcrumbList","@id":"https:\/\/lebenleben.de\/mvz\/psychiatrie-und-psychotherapie\/dr-med-jens-plagge\/#breadcrumb","itemListElement":[{"@type":"ListItem","position":1,"name":"Startseite","item":"https:\/\/lebenleben.de\/mvz\/"},{"@type":"ListItem","position":2,"name":"Psychiatrie","item":"https:\/\/lebenleben.de\/mvz\/psychiatrie-und-psychotherapie\/"},{"@type":"ListItem","position":3,"name":"Dr. med. Jens Plagge"}]},{"@type":"WebSite","@id":"https:\/\/lebenleben.de\/mvz\/#website","url":"https:\/\/lebenleben.de\/mvz\/","name":"Leben leben MVZ","description":"Medizinisches Versorgungszentrum am Hammersteinplatz","publisher":{"@id":"https:\/\/lebenleben.de\/mvz\/#organization"},"potentialAction":[{"@type":"SearchAction","target":{"@type":"EntryPoint","urlTemplate":"https:\/\/lebenleben.de\/mvz\/?s={search_term_string}"},"query-input":{"@type":"PropertyValueSpecification","valueRequired":true,"valueName":"search_term_string"}}],"inLanguage":"de"},{"@type":"Organization","@id":"https:\/\/lebenleben.de\/mvz\/#organization","name":"Leben leben MVZ","url":"https:\/\/lebenleben.de\/mvz\/","logo":{"@type":"ImageObject","inLanguage":"de","@id":"https:\/\/lebenleben.de\/mvz\/#\/schema\/logo\/image\/","url":"https:\/\/lebenleben.de\/mvz\/wp-content\/uploads\/sites\/3\/2021\/01\/ll_favicon-cyan.png","contentUrl":"https:\/\/lebenleben.de\/mvz\/wp-content\/uploads\/sites\/3\/2021\/01\/ll_favicon-cyan.png","width":501,"height":501,"caption":"Leben leben MVZ"},"image":{"@id":"https:\/\/lebenleben.de\/mvz\/#\/schema\/logo\/image\/"}}]}},"_links":{"self":[{"href":"https:\/\/lebenleben.de\/mvz\/wp-json\/wp\/v2\/pages\/123","targetHints":{"allow":["GET"]}}],"collection":[{"href":"https:\/\/lebenleben.de\/mvz\/wp-json\/wp\/v2\/pages"}],"about":[{"href":"https:\/\/lebenleben.de\/mvz\/wp-json\/wp\/v2\/types\/page"}],"author":[{"embeddable":true,"href":"https:\/\/lebenleben.de\/mvz\/wp-json\/wp\/v2\/users\/1"}],"replies":[{"embeddable":true,"href":"https:\/\/lebenleben.de\/mvz\/wp-json\/wp\/v2\/comments?post=123"}],"version-history":[{"count":8,"href":"https:\/\/lebenleben.de\/mvz\/wp-json\/wp\/v2\/pages\/123\/revisions"}],"predecessor-version":[{"id":2537,"href":"https:\/\/lebenleben.de\/mvz\/wp-json\/wp\/v2\/pages\/123\/revisions\/2537"}],"up":[{"embeddable":true,"href":"https:\/\/lebenleben.de\/mvz\/wp-json\/wp\/v2\/pages\/117"}],"wp:attachment":[{"href":"https:\/\/lebenleben.de\/mvz\/wp-json\/wp\/v2\/media?parent=123"}],"curies":[{"name":"wp","href":"https:\/\/api.w.org\/{rel}","templated":true}]}}