{"id":129,"date":"2021-01-22T10:11:30","date_gmt":"2021-01-22T09:11:30","guid":{"rendered":"https:\/\/lebenleben.de\/mvz\/?page_id=129"},"modified":"2025-12-09T12:51:30","modified_gmt":"2025-12-09T11:51:30","slug":"dipl-psych-joern-h-dieterich","status":"publish","type":"page","link":"https:\/\/lebenleben.de\/mvz\/psychotherapie\/dipl-psych-joern-h-dieterich\/","title":{"rendered":"Dipl.-Psych. J\u00f6rn H. Dieterich"},"content":{"rendered":"\n<div class=\"wp-block-columns is-layout-flex wp-container-core-columns-is-layout-9d6595d7 wp-block-columns-is-layout-flex\">\n<div class=\"wp-block-column is-layout-flow wp-block-column-is-layout-flow\" style=\"flex-basis:66%\">\n<h1 class=\"wp-block-heading\">Dipl.-Psych. J\u00f6rn H. Dieterich<\/h1>\n\n\n\n<p><strong>Psychologischer Psychotherapeut<\/strong><\/p>\n\n\n\n<p><\/p>\n\n\n\n<h2 class=\"wp-block-heading\">Beruf<\/h2>\n\n\n\n<p>2019 Vorstandsmitglied im <a href=\"https:\/\/www.bmvz.de\/\" target=\"_blank\" rel=\"noreferrer noopener\">BMVZ<\/a><br>2018 Gesch\u00e4ftsf\u00fchrung der TPZ Uelzen gGmbH<br>2016 Aufbau und organisatorische Leitung des MZEB Uelzen<br>2015 Gesch\u00e4ftsf\u00fchrung der MVZ am Hammersteinplatz gGmbH<br>2013 Organisatorische Leitung im MVZ und des Psychologischen Dienstes<br>2012 Angestellter Psychotherapeut im MVZ am Hammersteinplatz gGmbH<br>2009\u20132012 Leitung Psychologischer Dienst der Haus der Lebenshilfe gGmbH<br>2007\u20132009 Angestellter Psychologe in der Psychiatrischen Klinik Uelzen, Ambulanz<br>2006\u20132007 Psychologe im Praktikum (PIP)&nbsp;in der psychiatrischen Klinik H\u00e4cklingen<br>2003\u20132007 SOS Hof Bockum, Betreuung einer Hausgemeinschaft geistig behinderter Menschen.<br>1996\u20131997 Zivildienst an der evangelischen Akademie Nordelbien<\/p>\n\n\n\n<h2 class=\"wp-block-heading\">Ausbildung<\/h2>\n\n\n\n<p>2017\u20132019 Strukturierte curriculare Fortbildung \u201eMedizinische Betreuung von Menschen mit geistiger oder mehrfacher Behinderung\u201c an der \u00c4rztekammer Hamburg.<br>Okt. 2013 Weiterbildung in CBASP \u2013 Cognitiv Behavioral Analysis System of Psychotherapy- Spezifische Methode zur Behandlung chronischer Depressionen<br>Nov. 2012 Erteilung der Approbation<br>2005\u20132012 Ausbildung zum Psychologischen Psychotherapeuten am Institut f\u00fcr Verhaltenstherapieausbildung Hamburg (IVAH)<br>1999\u20132004 Studium Diplom-Psychologie an der Universit\u00e4t G\u00f6ttingen<br>1997\u20131999 Magisterstudiengang Soziologie, Erziehungswissenschaften, Psychologie an der Universit\u00e4t Kassel, Studiengang Diplom-P\u00e4dagogik.<br>1996 Abitur in Heide Holst.<\/p>\n<\/div>\n\n\n\n<div class=\"wp-block-column is-layout-flow wp-block-column-is-layout-flow\" style=\"flex-basis:33%\">\n<figure class=\"wp-block-image size-large ll-corner-large\"><img loading=\"lazy\" decoding=\"async\" width=\"683\" height=\"1024\" src=\"https:\/\/lebenleben.de\/mvz\/wp-content\/uploads\/sites\/3\/2021\/03\/JoernDieterich_FotoJQuast_06_resized-683x1024.jpg\" alt=\"Dipl.-Psych. J\u00f6rn H. Dieterich\" class=\"wp-image-367\" srcset=\"https:\/\/lebenleben.de\/mvz\/wp-content\/uploads\/sites\/3\/2021\/03\/JoernDieterich_FotoJQuast_06_resized-683x1024.jpg 683w, https:\/\/lebenleben.de\/mvz\/wp-content\/uploads\/sites\/3\/2021\/03\/JoernDieterich_FotoJQuast_06_resized-200x300.jpg 200w, https:\/\/lebenleben.de\/mvz\/wp-content\/uploads\/sites\/3\/2021\/03\/JoernDieterich_FotoJQuast_06_resized-768x1152.jpg 768w, https:\/\/lebenleben.de\/mvz\/wp-content\/uploads\/sites\/3\/2021\/03\/JoernDieterich_FotoJQuast_06_resized-1024x1536.jpg 1024w, https:\/\/lebenleben.de\/mvz\/wp-content\/uploads\/sites\/3\/2021\/03\/JoernDieterich_FotoJQuast_06_resized-1365x2048.jpg 1365w, https:\/\/lebenleben.de\/mvz\/wp-content\/uploads\/sites\/3\/2021\/03\/JoernDieterich_FotoJQuast_06_resized.jpg 1500w\" sizes=\"auto, (max-width: 683px) 100vw, 683px\" \/><figcaption class=\"wp-element-caption\">Dipl.-Psych. J\u00f6rn H. Dieterich<\/figcaption><\/figure>\n<\/div>\n<\/div>\n","protected":false},"excerpt":{"rendered":"<p>Dipl.-Psych. J\u00f6rn H. Dieterich Psychologischer Psychotherapeut Beruf 2019 Vorstandsmitglied im BMVZ2018 Gesch\u00e4ftsf\u00fchrung der TPZ Uelzen gGmbH2016 Aufbau und organisatorische Leitung des MZEB Uelzen2015 Gesch\u00e4ftsf\u00fchrung der MVZ am Hammersteinplatz gGmbH2013 Organisatorische Leitung im MVZ und des Psychologischen Dienstes2012 Angestellter Psychotherapeut im MVZ am Hammersteinplatz gGmbH2009\u20132012 Leitung Psychologischer Dienst der Haus der Lebenshilfe gGmbH2007\u20132009 Angestellter Psychologe in [&hellip;]<\/p>\n","protected":false},"author":1,"featured_media":0,"parent":127,"menu_order":10,"comment_status":"closed","ping_status":"closed","template":"page-templates\/page-fullscreen.php","meta":{"_acf_changed":false,"footnotes":""},"class_list":["post-129","page","type-page","status-publish","hentry"],"acf":[],"yoast_head":"<!-- This site is optimized with the Yoast SEO plugin v27.3 - https:\/\/yoast.com\/product\/yoast-seo-wordpress\/ -->\n<title>Dipl.-Psych. J\u00f6rn Dieterich | Psychologischer Psychotherapeut | Uelzen<\/title>\n<meta name=\"description\" content=\"Dipl.-Psych. J\u00f6rn Dieterich ist als Psychologischer Psychotherapeut f\u00fcr privat Versicherte im MVZ am Hammersteinplatz in Uelzen t\u00e4tig.\" \/>\n<meta name=\"robots\" content=\"index, follow, max-snippet:-1, max-image-preview:large, max-video-preview:-1\" \/>\n<link rel=\"canonical\" href=\"https:\/\/lebenleben.de\/mvz\/psychotherapie\/dipl-psych-joern-h-dieterich\/\" \/>\n<meta property=\"og:locale\" content=\"de_DE\" \/>\n<meta property=\"og:type\" content=\"article\" \/>\n<meta property=\"og:title\" content=\"Dipl.-Psych. J\u00f6rn Dieterich | Psychologischer Psychotherapeut | Uelzen\" \/>\n<meta property=\"og:description\" content=\"Dipl.-Psych. J\u00f6rn Dieterich ist als Psychologischer Psychotherapeut f\u00fcr privat Versicherte im MVZ am Hammersteinplatz in Uelzen t\u00e4tig.\" \/>\n<meta property=\"og:url\" content=\"https:\/\/lebenleben.de\/mvz\/psychotherapie\/dipl-psych-joern-h-dieterich\/\" \/>\n<meta property=\"og:site_name\" content=\"Leben leben MVZ\" \/>\n<meta property=\"article:modified_time\" content=\"2025-12-09T11:51:30+00:00\" \/>\n<meta property=\"og:image\" content=\"https:\/\/lebenleben.de\/mvz\/wp-content\/uploads\/sites\/3\/2021\/03\/JoernDieterich_FotoJQuast_06_resized.jpg\" \/>\n\t<meta property=\"og:image:width\" content=\"1500\" \/>\n\t<meta property=\"og:image:height\" content=\"2250\" \/>\n\t<meta property=\"og:image:type\" content=\"image\/jpeg\" \/>\n<meta name=\"twitter:card\" content=\"summary_large_image\" \/>\n<meta name=\"twitter:label1\" content=\"Gesch\u00e4tzte Lesezeit\" \/>\n\t<meta name=\"twitter:data1\" content=\"2\u00a0Minuten\" \/>\n<script type=\"application\/ld+json\" class=\"yoast-schema-graph\">{\"@context\":\"https:\\\/\\\/schema.org\",\"@graph\":[{\"@type\":\"WebPage\",\"@id\":\"https:\\\/\\\/lebenleben.de\\\/mvz\\\/psychotherapie\\\/dipl-psych-joern-h-dieterich\\\/\",\"url\":\"https:\\\/\\\/lebenleben.de\\\/mvz\\\/psychotherapie\\\/dipl-psych-joern-h-dieterich\\\/\",\"name\":\"Dipl.-Psych. J\u00f6rn Dieterich | Psychologischer Psychotherapeut | Uelzen\",\"isPartOf\":{\"@id\":\"https:\\\/\\\/lebenleben.de\\\/mvz\\\/#website\"},\"primaryImageOfPage\":{\"@id\":\"https:\\\/\\\/lebenleben.de\\\/mvz\\\/psychotherapie\\\/dipl-psych-joern-h-dieterich\\\/#primaryimage\"},\"image\":{\"@id\":\"https:\\\/\\\/lebenleben.de\\\/mvz\\\/psychotherapie\\\/dipl-psych-joern-h-dieterich\\\/#primaryimage\"},\"thumbnailUrl\":\"https:\\\/\\\/lebenleben.de\\\/mvz\\\/wp-content\\\/uploads\\\/sites\\\/3\\\/2021\\\/03\\\/JoernDieterich_FotoJQuast_06_resized-683x1024.jpg\",\"datePublished\":\"2021-01-22T09:11:30+00:00\",\"dateModified\":\"2025-12-09T11:51:30+00:00\",\"description\":\"Dipl.-Psych. J\u00f6rn Dieterich ist als Psychologischer Psychotherapeut f\u00fcr privat Versicherte im MVZ am Hammersteinplatz in Uelzen t\u00e4tig.\",\"breadcrumb\":{\"@id\":\"https:\\\/\\\/lebenleben.de\\\/mvz\\\/psychotherapie\\\/dipl-psych-joern-h-dieterich\\\/#breadcrumb\"},\"inLanguage\":\"de\",\"potentialAction\":[{\"@type\":\"ReadAction\",\"target\":[\"https:\\\/\\\/lebenleben.de\\\/mvz\\\/psychotherapie\\\/dipl-psych-joern-h-dieterich\\\/\"]}]},{\"@type\":\"ImageObject\",\"inLanguage\":\"de\",\"@id\":\"https:\\\/\\\/lebenleben.de\\\/mvz\\\/psychotherapie\\\/dipl-psych-joern-h-dieterich\\\/#primaryimage\",\"url\":\"https:\\\/\\\/lebenleben.de\\\/mvz\\\/wp-content\\\/uploads\\\/sites\\\/3\\\/2021\\\/03\\\/JoernDieterich_FotoJQuast_06_resized.jpg\",\"contentUrl\":\"https:\\\/\\\/lebenleben.de\\\/mvz\\\/wp-content\\\/uploads\\\/sites\\\/3\\\/2021\\\/03\\\/JoernDieterich_FotoJQuast_06_resized.jpg\",\"width\":1500,\"height\":2250},{\"@type\":\"BreadcrumbList\",\"@id\":\"https:\\\/\\\/lebenleben.de\\\/mvz\\\/psychotherapie\\\/dipl-psych-joern-h-dieterich\\\/#breadcrumb\",\"itemListElement\":[{\"@type\":\"ListItem\",\"position\":1,\"name\":\"Startseite\",\"item\":\"https:\\\/\\\/lebenleben.de\\\/mvz\\\/\"},{\"@type\":\"ListItem\",\"position\":2,\"name\":\"Psychotherapie\",\"item\":\"https:\\\/\\\/lebenleben.de\\\/mvz\\\/psychotherapie\\\/\"},{\"@type\":\"ListItem\",\"position\":3,\"name\":\"Dipl.-Psych. J\u00f6rn H. Dieterich\"}]},{\"@type\":\"WebSite\",\"@id\":\"https:\\\/\\\/lebenleben.de\\\/mvz\\\/#website\",\"url\":\"https:\\\/\\\/lebenleben.de\\\/mvz\\\/\",\"name\":\"Leben leben MVZ\",\"description\":\"Medizinisches Versorgungszentrum am Hammersteinplatz\",\"publisher\":{\"@id\":\"https:\\\/\\\/lebenleben.de\\\/mvz\\\/#organization\"},\"potentialAction\":[{\"@type\":\"SearchAction\",\"target\":{\"@type\":\"EntryPoint\",\"urlTemplate\":\"https:\\\/\\\/lebenleben.de\\\/mvz\\\/?s={search_term_string}\"},\"query-input\":{\"@type\":\"PropertyValueSpecification\",\"valueRequired\":true,\"valueName\":\"search_term_string\"}}],\"inLanguage\":\"de\"},{\"@type\":\"Organization\",\"@id\":\"https:\\\/\\\/lebenleben.de\\\/mvz\\\/#organization\",\"name\":\"Leben leben MVZ\",\"url\":\"https:\\\/\\\/lebenleben.de\\\/mvz\\\/\",\"logo\":{\"@type\":\"ImageObject\",\"inLanguage\":\"de\",\"@id\":\"https:\\\/\\\/lebenleben.de\\\/mvz\\\/#\\\/schema\\\/logo\\\/image\\\/\",\"url\":\"https:\\\/\\\/lebenleben.de\\\/mvz\\\/wp-content\\\/uploads\\\/sites\\\/3\\\/2021\\\/01\\\/ll_favicon-cyan.png\",\"contentUrl\":\"https:\\\/\\\/lebenleben.de\\\/mvz\\\/wp-content\\\/uploads\\\/sites\\\/3\\\/2021\\\/01\\\/ll_favicon-cyan.png\",\"width\":501,\"height\":501,\"caption\":\"Leben leben MVZ\"},\"image\":{\"@id\":\"https:\\\/\\\/lebenleben.de\\\/mvz\\\/#\\\/schema\\\/logo\\\/image\\\/\"}}]}<\/script>\n<!-- \/ Yoast SEO plugin. -->","yoast_head_json":{"title":"Dipl.-Psych. J\u00f6rn Dieterich | Psychologischer Psychotherapeut | Uelzen","description":"Dipl.-Psych. J\u00f6rn Dieterich ist als Psychologischer Psychotherapeut f\u00fcr privat Versicherte im MVZ am Hammersteinplatz in Uelzen t\u00e4tig.","robots":{"index":"index","follow":"follow","max-snippet":"max-snippet:-1","max-image-preview":"max-image-preview:large","max-video-preview":"max-video-preview:-1"},"canonical":"https:\/\/lebenleben.de\/mvz\/psychotherapie\/dipl-psych-joern-h-dieterich\/","og_locale":"de_DE","og_type":"article","og_title":"Dipl.-Psych. J\u00f6rn Dieterich | Psychologischer Psychotherapeut | Uelzen","og_description":"Dipl.-Psych. J\u00f6rn Dieterich ist als Psychologischer Psychotherapeut f\u00fcr privat Versicherte im MVZ am Hammersteinplatz in Uelzen t\u00e4tig.","og_url":"https:\/\/lebenleben.de\/mvz\/psychotherapie\/dipl-psych-joern-h-dieterich\/","og_site_name":"Leben leben MVZ","article_modified_time":"2025-12-09T11:51:30+00:00","og_image":[{"width":1500,"height":2250,"url":"https:\/\/lebenleben.de\/mvz\/wp-content\/uploads\/sites\/3\/2021\/03\/JoernDieterich_FotoJQuast_06_resized.jpg","type":"image\/jpeg"}],"twitter_card":"summary_large_image","twitter_misc":{"Gesch\u00e4tzte Lesezeit":"2\u00a0Minuten"},"schema":{"@context":"https:\/\/schema.org","@graph":[{"@type":"WebPage","@id":"https:\/\/lebenleben.de\/mvz\/psychotherapie\/dipl-psych-joern-h-dieterich\/","url":"https:\/\/lebenleben.de\/mvz\/psychotherapie\/dipl-psych-joern-h-dieterich\/","name":"Dipl.-Psych. J\u00f6rn Dieterich | Psychologischer Psychotherapeut | Uelzen","isPartOf":{"@id":"https:\/\/lebenleben.de\/mvz\/#website"},"primaryImageOfPage":{"@id":"https:\/\/lebenleben.de\/mvz\/psychotherapie\/dipl-psych-joern-h-dieterich\/#primaryimage"},"image":{"@id":"https:\/\/lebenleben.de\/mvz\/psychotherapie\/dipl-psych-joern-h-dieterich\/#primaryimage"},"thumbnailUrl":"https:\/\/lebenleben.de\/mvz\/wp-content\/uploads\/sites\/3\/2021\/03\/JoernDieterich_FotoJQuast_06_resized-683x1024.jpg","datePublished":"2021-01-22T09:11:30+00:00","dateModified":"2025-12-09T11:51:30+00:00","description":"Dipl.-Psych. J\u00f6rn Dieterich ist als Psychologischer Psychotherapeut f\u00fcr privat Versicherte im MVZ am Hammersteinplatz in Uelzen t\u00e4tig.","breadcrumb":{"@id":"https:\/\/lebenleben.de\/mvz\/psychotherapie\/dipl-psych-joern-h-dieterich\/#breadcrumb"},"inLanguage":"de","potentialAction":[{"@type":"ReadAction","target":["https:\/\/lebenleben.de\/mvz\/psychotherapie\/dipl-psych-joern-h-dieterich\/"]}]},{"@type":"ImageObject","inLanguage":"de","@id":"https:\/\/lebenleben.de\/mvz\/psychotherapie\/dipl-psych-joern-h-dieterich\/#primaryimage","url":"https:\/\/lebenleben.de\/mvz\/wp-content\/uploads\/sites\/3\/2021\/03\/JoernDieterich_FotoJQuast_06_resized.jpg","contentUrl":"https:\/\/lebenleben.de\/mvz\/wp-content\/uploads\/sites\/3\/2021\/03\/JoernDieterich_FotoJQuast_06_resized.jpg","width":1500,"height":2250},{"@type":"BreadcrumbList","@id":"https:\/\/lebenleben.de\/mvz\/psychotherapie\/dipl-psych-joern-h-dieterich\/#breadcrumb","itemListElement":[{"@type":"ListItem","position":1,"name":"Startseite","item":"https:\/\/lebenleben.de\/mvz\/"},{"@type":"ListItem","position":2,"name":"Psychotherapie","item":"https:\/\/lebenleben.de\/mvz\/psychotherapie\/"},{"@type":"ListItem","position":3,"name":"Dipl.-Psych. J\u00f6rn H. Dieterich"}]},{"@type":"WebSite","@id":"https:\/\/lebenleben.de\/mvz\/#website","url":"https:\/\/lebenleben.de\/mvz\/","name":"Leben leben MVZ","description":"Medizinisches Versorgungszentrum am Hammersteinplatz","publisher":{"@id":"https:\/\/lebenleben.de\/mvz\/#organization"},"potentialAction":[{"@type":"SearchAction","target":{"@type":"EntryPoint","urlTemplate":"https:\/\/lebenleben.de\/mvz\/?s={search_term_string}"},"query-input":{"@type":"PropertyValueSpecification","valueRequired":true,"valueName":"search_term_string"}}],"inLanguage":"de"},{"@type":"Organization","@id":"https:\/\/lebenleben.de\/mvz\/#organization","name":"Leben leben MVZ","url":"https:\/\/lebenleben.de\/mvz\/","logo":{"@type":"ImageObject","inLanguage":"de","@id":"https:\/\/lebenleben.de\/mvz\/#\/schema\/logo\/image\/","url":"https:\/\/lebenleben.de\/mvz\/wp-content\/uploads\/sites\/3\/2021\/01\/ll_favicon-cyan.png","contentUrl":"https:\/\/lebenleben.de\/mvz\/wp-content\/uploads\/sites\/3\/2021\/01\/ll_favicon-cyan.png","width":501,"height":501,"caption":"Leben leben MVZ"},"image":{"@id":"https:\/\/lebenleben.de\/mvz\/#\/schema\/logo\/image\/"}}]}},"_links":{"self":[{"href":"https:\/\/lebenleben.de\/mvz\/wp-json\/wp\/v2\/pages\/129","targetHints":{"allow":["GET"]}}],"collection":[{"href":"https:\/\/lebenleben.de\/mvz\/wp-json\/wp\/v2\/pages"}],"about":[{"href":"https:\/\/lebenleben.de\/mvz\/wp-json\/wp\/v2\/types\/page"}],"author":[{"embeddable":true,"href":"https:\/\/lebenleben.de\/mvz\/wp-json\/wp\/v2\/users\/1"}],"replies":[{"embeddable":true,"href":"https:\/\/lebenleben.de\/mvz\/wp-json\/wp\/v2\/comments?post=129"}],"version-history":[{"count":10,"href":"https:\/\/lebenleben.de\/mvz\/wp-json\/wp\/v2\/pages\/129\/revisions"}],"predecessor-version":[{"id":2384,"href":"https:\/\/lebenleben.de\/mvz\/wp-json\/wp\/v2\/pages\/129\/revisions\/2384"}],"up":[{"embeddable":true,"href":"https:\/\/lebenleben.de\/mvz\/wp-json\/wp\/v2\/pages\/127"}],"wp:attachment":[{"href":"https:\/\/lebenleben.de\/mvz\/wp-json\/wp\/v2\/media?parent=129"}],"curies":[{"name":"wp","href":"https:\/\/api.w.org\/{rel}","templated":true}]}}