{"id":133,"date":"2021-01-22T10:12:43","date_gmt":"2021-01-22T09:12:43","guid":{"rendered":"https:\/\/lebenleben.de\/mvz\/?page_id=133"},"modified":"2025-02-10T08:41:11","modified_gmt":"2025-02-10T07:41:11","slug":"dipl-psych-dr-phil-julie-klinkhammer","status":"publish","type":"page","link":"https:\/\/lebenleben.de\/mvz\/psychotherapie\/dipl-psych-dr-phil-julie-klinkhammer\/","title":{"rendered":"Dipl.-Psych. Dr. phil. Julie Klinkhammer"},"content":{"rendered":"\n<div class=\"wp-block-columns is-layout-flex wp-container-core-columns-is-layout-9d6595d7 wp-block-columns-is-layout-flex\">\n<div class=\"wp-block-column is-layout-flow wp-block-column-is-layout-flow\" style=\"flex-basis:66%\">\n<h1 class=\"wp-block-heading\">Dipl.-Psych. Dr. phil. Julie Klinkhammer<\/h1>\n\n\n\n<p><strong>Psychotherapeutin<\/strong><\/p>\n\n\n\n<h2 class=\"wp-block-heading\">Beruf<\/h2>\n\n\n\n<p>seit 2018 psychotherapeutische T\u00e4tigkeit als Psychologische Psychotherapeutin im Fach\u00e4rztlichen MVZ Drei Linden (ehemals im MVZ am Hammersteinplatz)<br>2015\u20132017 Elternzeit<br>2010\u20132015 Aus\u00fcbung der ambulanten psychotherapeutischen T\u00e4tigkeit als Dipl.-Psychologin im Rahmen der Weiterbildung am Institut f\u00fcr Therapie- und Gesundheitsforschung (IFT-Nord, Kiel)<br>2008\u20132013 wissenschaftliche Mitarbeit am Institut f\u00fcr Psychologie an der Leuphana Universit\u00e4t L\u00fcneburg<br>2008\u20132008 psychotherapeutische T\u00e4tigkeit als Dipl.-Psychologin in der Akut-Aufnahme und auf der Suchtstation des Psychiatrischen Zentrums Rickling<br>2007\u20132008 psychotherapeutische T\u00e4tigkeit als Dipl.-Psychologin auf der psychosomatischen Station (Rehabilitations-Bereich) der Segeberger Kliniken<\/p>\n\n\n\n<h2 class=\"wp-block-heading\">Ausbildung<\/h2>\n\n\n\n<p>2018 Staatliche Pr\u00fcfung und Approbation als Psychologische Psychotherapeutin, Fachrichtung Verhaltenstherapie<br>2010\u20132013 Promotionsstudium an der Leuphana Universit\u00e4t L\u00fcneburg (Fachrichtung Entwicklungspsychologie) mit Abschluss Promotion<br>2000\u20132006 Studium der Psychologie an der Universit\u00e4t Bremen mit Abschluss Diplom<br>1999\u20132000 Au-pair-Aufenthalt in Paris<br>1999 Abitur in Hamburg<\/p>\n<\/div>\n\n\n\n<div class=\"wp-block-column is-layout-flow wp-block-column-is-layout-flow\" style=\"flex-basis:33%\">\n<figure class=\"wp-block-image size-large is-resized ll-corner-large\"><img loading=\"lazy\" decoding=\"async\" width=\"683\" height=\"1024\" src=\"https:\/\/lebenleben.de\/mvz\/wp-content\/uploads\/sites\/3\/2025\/02\/Julie_Klinkhammer-683x1024.jpg\" alt=\"\" class=\"wp-image-2307\" srcset=\"https:\/\/lebenleben.de\/mvz\/wp-content\/uploads\/sites\/3\/2025\/02\/Julie_Klinkhammer-683x1024.jpg 683w, https:\/\/lebenleben.de\/mvz\/wp-content\/uploads\/sites\/3\/2025\/02\/Julie_Klinkhammer-200x300.jpg 200w, https:\/\/lebenleben.de\/mvz\/wp-content\/uploads\/sites\/3\/2025\/02\/Julie_Klinkhammer-768x1152.jpg 768w, https:\/\/lebenleben.de\/mvz\/wp-content\/uploads\/sites\/3\/2025\/02\/Julie_Klinkhammer-1024x1536.jpg 1024w, https:\/\/lebenleben.de\/mvz\/wp-content\/uploads\/sites\/3\/2025\/02\/Julie_Klinkhammer.jpg 1249w\" sizes=\"auto, (max-width: 683px) 100vw, 683px\" \/><figcaption class=\"wp-element-caption\">Dr. phil. Julie Klinkhammer<\/figcaption><\/figure>\n<\/div>\n<\/div>\n","protected":false},"excerpt":{"rendered":"<p>Dipl.-Psych. Dr. phil. Julie Klinkhammer Psychotherapeutin Beruf seit 2018 psychotherapeutische T\u00e4tigkeit als Psychologische Psychotherapeutin im Fach\u00e4rztlichen MVZ Drei Linden (ehemals im MVZ am Hammersteinplatz)2015\u20132017 Elternzeit2010\u20132015 Aus\u00fcbung der ambulanten psychotherapeutischen T\u00e4tigkeit als Dipl.-Psychologin im Rahmen der Weiterbildung am Institut f\u00fcr Therapie- und Gesundheitsforschung (IFT-Nord, Kiel)2008\u20132013 wissenschaftliche Mitarbeit am Institut f\u00fcr Psychologie an der Leuphana Universit\u00e4t L\u00fcneburg2008\u20132008 [&hellip;]<\/p>\n","protected":false},"author":1,"featured_media":0,"parent":127,"menu_order":30,"comment_status":"closed","ping_status":"closed","template":"page-templates\/page-fullscreen.php","meta":{"_acf_changed":false,"footnotes":""},"class_list":["post-133","page","type-page","status-publish","hentry"],"acf":[],"yoast_head":"<!-- This site is optimized with the Yoast SEO plugin v27.3 - https:\/\/yoast.com\/product\/yoast-seo-wordpress\/ -->\n<title>Dipl.-Psych. Dr. phil. Julie Klinkhammer | Psychotherapeutin | Uelzen<\/title>\n<meta name=\"description\" content=\"Dipl.-Psych. Dr. phil. Julie Klinkhammer ist als Psychotherapeutin im MVZ Drei Linden in Uelzen t\u00e4tig.\" \/>\n<meta name=\"robots\" content=\"index, follow, max-snippet:-1, max-image-preview:large, max-video-preview:-1\" \/>\n<link rel=\"canonical\" href=\"https:\/\/lebenleben.de\/mvz\/psychotherapie\/dipl-psych-dr-phil-julie-klinkhammer\/\" \/>\n<meta property=\"og:locale\" content=\"de_DE\" \/>\n<meta property=\"og:type\" content=\"article\" \/>\n<meta property=\"og:title\" content=\"Dipl.-Psych. Dr. phil. Julie Klinkhammer | Psychotherapeutin | Uelzen\" \/>\n<meta property=\"og:description\" content=\"Dipl.-Psych. Dr. phil. Julie Klinkhammer ist als Psychotherapeutin im MVZ Drei Linden in Uelzen t\u00e4tig.\" \/>\n<meta property=\"og:url\" content=\"https:\/\/lebenleben.de\/mvz\/psychotherapie\/dipl-psych-dr-phil-julie-klinkhammer\/\" \/>\n<meta property=\"og:site_name\" content=\"Leben leben MVZ\" \/>\n<meta property=\"article:modified_time\" content=\"2025-02-10T07:41:11+00:00\" \/>\n<meta property=\"og:image\" content=\"https:\/\/lebenleben.de\/mvz\/wp-content\/uploads\/sites\/3\/2025\/02\/Julie_Klinkhammer.jpg\" \/>\n\t<meta property=\"og:image:width\" content=\"1249\" \/>\n\t<meta property=\"og:image:height\" content=\"1873\" \/>\n\t<meta property=\"og:image:type\" content=\"image\/jpeg\" \/>\n<meta name=\"twitter:card\" content=\"summary_large_image\" \/>\n<meta name=\"twitter:label1\" content=\"Gesch\u00e4tzte Lesezeit\" \/>\n\t<meta name=\"twitter:data1\" content=\"1\u00a0Minute\" \/>\n<script type=\"application\/ld+json\" class=\"yoast-schema-graph\">{\"@context\":\"https:\\\/\\\/schema.org\",\"@graph\":[{\"@type\":\"WebPage\",\"@id\":\"https:\\\/\\\/lebenleben.de\\\/mvz\\\/psychotherapie\\\/dipl-psych-dr-phil-julie-klinkhammer\\\/\",\"url\":\"https:\\\/\\\/lebenleben.de\\\/mvz\\\/psychotherapie\\\/dipl-psych-dr-phil-julie-klinkhammer\\\/\",\"name\":\"Dipl.-Psych. Dr. phil. Julie Klinkhammer | Psychotherapeutin | Uelzen\",\"isPartOf\":{\"@id\":\"https:\\\/\\\/lebenleben.de\\\/mvz\\\/#website\"},\"primaryImageOfPage\":{\"@id\":\"https:\\\/\\\/lebenleben.de\\\/mvz\\\/psychotherapie\\\/dipl-psych-dr-phil-julie-klinkhammer\\\/#primaryimage\"},\"image\":{\"@id\":\"https:\\\/\\\/lebenleben.de\\\/mvz\\\/psychotherapie\\\/dipl-psych-dr-phil-julie-klinkhammer\\\/#primaryimage\"},\"thumbnailUrl\":\"https:\\\/\\\/lebenleben.de\\\/mvz\\\/wp-content\\\/uploads\\\/sites\\\/3\\\/2025\\\/02\\\/Julie_Klinkhammer-683x1024.jpg\",\"datePublished\":\"2021-01-22T09:12:43+00:00\",\"dateModified\":\"2025-02-10T07:41:11+00:00\",\"description\":\"Dipl.-Psych. Dr. phil. Julie Klinkhammer ist als Psychotherapeutin im MVZ Drei Linden in Uelzen t\u00e4tig.\",\"breadcrumb\":{\"@id\":\"https:\\\/\\\/lebenleben.de\\\/mvz\\\/psychotherapie\\\/dipl-psych-dr-phil-julie-klinkhammer\\\/#breadcrumb\"},\"inLanguage\":\"de\",\"potentialAction\":[{\"@type\":\"ReadAction\",\"target\":[\"https:\\\/\\\/lebenleben.de\\\/mvz\\\/psychotherapie\\\/dipl-psych-dr-phil-julie-klinkhammer\\\/\"]}]},{\"@type\":\"ImageObject\",\"inLanguage\":\"de\",\"@id\":\"https:\\\/\\\/lebenleben.de\\\/mvz\\\/psychotherapie\\\/dipl-psych-dr-phil-julie-klinkhammer\\\/#primaryimage\",\"url\":\"https:\\\/\\\/lebenleben.de\\\/mvz\\\/wp-content\\\/uploads\\\/sites\\\/3\\\/2025\\\/02\\\/Julie_Klinkhammer.jpg\",\"contentUrl\":\"https:\\\/\\\/lebenleben.de\\\/mvz\\\/wp-content\\\/uploads\\\/sites\\\/3\\\/2025\\\/02\\\/Julie_Klinkhammer.jpg\",\"width\":1249,\"height\":1873},{\"@type\":\"BreadcrumbList\",\"@id\":\"https:\\\/\\\/lebenleben.de\\\/mvz\\\/psychotherapie\\\/dipl-psych-dr-phil-julie-klinkhammer\\\/#breadcrumb\",\"itemListElement\":[{\"@type\":\"ListItem\",\"position\":1,\"name\":\"Startseite\",\"item\":\"https:\\\/\\\/lebenleben.de\\\/mvz\\\/\"},{\"@type\":\"ListItem\",\"position\":2,\"name\":\"Psychotherapie\",\"item\":\"https:\\\/\\\/lebenleben.de\\\/mvz\\\/psychotherapie\\\/\"},{\"@type\":\"ListItem\",\"position\":3,\"name\":\"Dipl.-Psych. Dr. phil. Julie Klinkhammer\"}]},{\"@type\":\"WebSite\",\"@id\":\"https:\\\/\\\/lebenleben.de\\\/mvz\\\/#website\",\"url\":\"https:\\\/\\\/lebenleben.de\\\/mvz\\\/\",\"name\":\"Leben leben MVZ\",\"description\":\"Medizinisches Versorgungszentrum am Hammersteinplatz\",\"publisher\":{\"@id\":\"https:\\\/\\\/lebenleben.de\\\/mvz\\\/#organization\"},\"potentialAction\":[{\"@type\":\"SearchAction\",\"target\":{\"@type\":\"EntryPoint\",\"urlTemplate\":\"https:\\\/\\\/lebenleben.de\\\/mvz\\\/?s={search_term_string}\"},\"query-input\":{\"@type\":\"PropertyValueSpecification\",\"valueRequired\":true,\"valueName\":\"search_term_string\"}}],\"inLanguage\":\"de\"},{\"@type\":\"Organization\",\"@id\":\"https:\\\/\\\/lebenleben.de\\\/mvz\\\/#organization\",\"name\":\"Leben leben MVZ\",\"url\":\"https:\\\/\\\/lebenleben.de\\\/mvz\\\/\",\"logo\":{\"@type\":\"ImageObject\",\"inLanguage\":\"de\",\"@id\":\"https:\\\/\\\/lebenleben.de\\\/mvz\\\/#\\\/schema\\\/logo\\\/image\\\/\",\"url\":\"https:\\\/\\\/lebenleben.de\\\/mvz\\\/wp-content\\\/uploads\\\/sites\\\/3\\\/2021\\\/01\\\/ll_favicon-cyan.png\",\"contentUrl\":\"https:\\\/\\\/lebenleben.de\\\/mvz\\\/wp-content\\\/uploads\\\/sites\\\/3\\\/2021\\\/01\\\/ll_favicon-cyan.png\",\"width\":501,\"height\":501,\"caption\":\"Leben leben MVZ\"},\"image\":{\"@id\":\"https:\\\/\\\/lebenleben.de\\\/mvz\\\/#\\\/schema\\\/logo\\\/image\\\/\"}}]}<\/script>\n<!-- \/ Yoast SEO plugin. -->","yoast_head_json":{"title":"Dipl.-Psych. Dr. phil. Julie Klinkhammer | Psychotherapeutin | Uelzen","description":"Dipl.-Psych. Dr. phil. Julie Klinkhammer ist als Psychotherapeutin im MVZ Drei Linden in Uelzen t\u00e4tig.","robots":{"index":"index","follow":"follow","max-snippet":"max-snippet:-1","max-image-preview":"max-image-preview:large","max-video-preview":"max-video-preview:-1"},"canonical":"https:\/\/lebenleben.de\/mvz\/psychotherapie\/dipl-psych-dr-phil-julie-klinkhammer\/","og_locale":"de_DE","og_type":"article","og_title":"Dipl.-Psych. Dr. phil. Julie Klinkhammer | Psychotherapeutin | Uelzen","og_description":"Dipl.-Psych. Dr. phil. Julie Klinkhammer ist als Psychotherapeutin im MVZ Drei Linden in Uelzen t\u00e4tig.","og_url":"https:\/\/lebenleben.de\/mvz\/psychotherapie\/dipl-psych-dr-phil-julie-klinkhammer\/","og_site_name":"Leben leben MVZ","article_modified_time":"2025-02-10T07:41:11+00:00","og_image":[{"width":1249,"height":1873,"url":"https:\/\/lebenleben.de\/mvz\/wp-content\/uploads\/sites\/3\/2025\/02\/Julie_Klinkhammer.jpg","type":"image\/jpeg"}],"twitter_card":"summary_large_image","twitter_misc":{"Gesch\u00e4tzte Lesezeit":"1\u00a0Minute"},"schema":{"@context":"https:\/\/schema.org","@graph":[{"@type":"WebPage","@id":"https:\/\/lebenleben.de\/mvz\/psychotherapie\/dipl-psych-dr-phil-julie-klinkhammer\/","url":"https:\/\/lebenleben.de\/mvz\/psychotherapie\/dipl-psych-dr-phil-julie-klinkhammer\/","name":"Dipl.-Psych. Dr. phil. Julie Klinkhammer | Psychotherapeutin | Uelzen","isPartOf":{"@id":"https:\/\/lebenleben.de\/mvz\/#website"},"primaryImageOfPage":{"@id":"https:\/\/lebenleben.de\/mvz\/psychotherapie\/dipl-psych-dr-phil-julie-klinkhammer\/#primaryimage"},"image":{"@id":"https:\/\/lebenleben.de\/mvz\/psychotherapie\/dipl-psych-dr-phil-julie-klinkhammer\/#primaryimage"},"thumbnailUrl":"https:\/\/lebenleben.de\/mvz\/wp-content\/uploads\/sites\/3\/2025\/02\/Julie_Klinkhammer-683x1024.jpg","datePublished":"2021-01-22T09:12:43+00:00","dateModified":"2025-02-10T07:41:11+00:00","description":"Dipl.-Psych. Dr. phil. Julie Klinkhammer ist als Psychotherapeutin im MVZ Drei Linden in Uelzen t\u00e4tig.","breadcrumb":{"@id":"https:\/\/lebenleben.de\/mvz\/psychotherapie\/dipl-psych-dr-phil-julie-klinkhammer\/#breadcrumb"},"inLanguage":"de","potentialAction":[{"@type":"ReadAction","target":["https:\/\/lebenleben.de\/mvz\/psychotherapie\/dipl-psych-dr-phil-julie-klinkhammer\/"]}]},{"@type":"ImageObject","inLanguage":"de","@id":"https:\/\/lebenleben.de\/mvz\/psychotherapie\/dipl-psych-dr-phil-julie-klinkhammer\/#primaryimage","url":"https:\/\/lebenleben.de\/mvz\/wp-content\/uploads\/sites\/3\/2025\/02\/Julie_Klinkhammer.jpg","contentUrl":"https:\/\/lebenleben.de\/mvz\/wp-content\/uploads\/sites\/3\/2025\/02\/Julie_Klinkhammer.jpg","width":1249,"height":1873},{"@type":"BreadcrumbList","@id":"https:\/\/lebenleben.de\/mvz\/psychotherapie\/dipl-psych-dr-phil-julie-klinkhammer\/#breadcrumb","itemListElement":[{"@type":"ListItem","position":1,"name":"Startseite","item":"https:\/\/lebenleben.de\/mvz\/"},{"@type":"ListItem","position":2,"name":"Psychotherapie","item":"https:\/\/lebenleben.de\/mvz\/psychotherapie\/"},{"@type":"ListItem","position":3,"name":"Dipl.-Psych. Dr. phil. Julie Klinkhammer"}]},{"@type":"WebSite","@id":"https:\/\/lebenleben.de\/mvz\/#website","url":"https:\/\/lebenleben.de\/mvz\/","name":"Leben leben MVZ","description":"Medizinisches Versorgungszentrum am Hammersteinplatz","publisher":{"@id":"https:\/\/lebenleben.de\/mvz\/#organization"},"potentialAction":[{"@type":"SearchAction","target":{"@type":"EntryPoint","urlTemplate":"https:\/\/lebenleben.de\/mvz\/?s={search_term_string}"},"query-input":{"@type":"PropertyValueSpecification","valueRequired":true,"valueName":"search_term_string"}}],"inLanguage":"de"},{"@type":"Organization","@id":"https:\/\/lebenleben.de\/mvz\/#organization","name":"Leben leben MVZ","url":"https:\/\/lebenleben.de\/mvz\/","logo":{"@type":"ImageObject","inLanguage":"de","@id":"https:\/\/lebenleben.de\/mvz\/#\/schema\/logo\/image\/","url":"https:\/\/lebenleben.de\/mvz\/wp-content\/uploads\/sites\/3\/2021\/01\/ll_favicon-cyan.png","contentUrl":"https:\/\/lebenleben.de\/mvz\/wp-content\/uploads\/sites\/3\/2021\/01\/ll_favicon-cyan.png","width":501,"height":501,"caption":"Leben leben MVZ"},"image":{"@id":"https:\/\/lebenleben.de\/mvz\/#\/schema\/logo\/image\/"}}]}},"_links":{"self":[{"href":"https:\/\/lebenleben.de\/mvz\/wp-json\/wp\/v2\/pages\/133","targetHints":{"allow":["GET"]}}],"collection":[{"href":"https:\/\/lebenleben.de\/mvz\/wp-json\/wp\/v2\/pages"}],"about":[{"href":"https:\/\/lebenleben.de\/mvz\/wp-json\/wp\/v2\/types\/page"}],"author":[{"embeddable":true,"href":"https:\/\/lebenleben.de\/mvz\/wp-json\/wp\/v2\/users\/1"}],"replies":[{"embeddable":true,"href":"https:\/\/lebenleben.de\/mvz\/wp-json\/wp\/v2\/comments?post=133"}],"version-history":[{"count":9,"href":"https:\/\/lebenleben.de\/mvz\/wp-json\/wp\/v2\/pages\/133\/revisions"}],"predecessor-version":[{"id":2308,"href":"https:\/\/lebenleben.de\/mvz\/wp-json\/wp\/v2\/pages\/133\/revisions\/2308"}],"up":[{"embeddable":true,"href":"https:\/\/lebenleben.de\/mvz\/wp-json\/wp\/v2\/pages\/127"}],"wp:attachment":[{"href":"https:\/\/lebenleben.de\/mvz\/wp-json\/wp\/v2\/media?parent=133"}],"curies":[{"name":"wp","href":"https:\/\/api.w.org\/{rel}","templated":true}]}}