{"id":142,"date":"2021-01-22T10:18:22","date_gmt":"2021-01-22T09:18:22","guid":{"rendered":"https:\/\/lebenleben.de\/mvz\/?page_id=142"},"modified":"2024-05-24T09:44:22","modified_gmt":"2024-05-24T07:44:22","slug":"dipl-psych-antje-wild","status":"publish","type":"page","link":"https:\/\/lebenleben.de\/mvz\/psychologie\/dipl-psych-antje-wild\/","title":{"rendered":"Dipl.-Psych. Antje Wild"},"content":{"rendered":"\n<div class=\"wp-block-columns is-layout-flex wp-container-core-columns-is-layout-9d6595d7 wp-block-columns-is-layout-flex\">\n<div class=\"wp-block-column is-layout-flow wp-block-column-is-layout-flow\" style=\"flex-basis:66%\">\n<h1 class=\"wp-block-heading\">Dipl.-Psych. Antje Wild<\/h1>\n\n\n\n<p><strong>Psychologin<\/strong><\/p>\n\n\n\n<h2 class=\"wp-block-heading\">Beruf<\/h2>\n\n\n\n<p>seit 2012 Angestellte Psychologin im MVZ am Hammersteinplatz, Psychologischer Dienst<br>2011\u20132012 Psychologischer Dienst im Haus der Lebenshilfe, Schwerpunkt: Kinder- und Jugendbereich<br>2007\u20132011 fach\u00fcbergreifender, psychologischer Dienst f\u00fcr heilp\u00e4dagogischen Kindergarten<br>1998\u20132007 fach\u00fcbergreifender, psychologischer Dienst f\u00fcr heilp\u00e4dagogischen Kindergarten und Loewenwaldschule<br>1994\u20131998 fach\u00fcbergreifender, psychologischer Dienst f\u00fcr Sprachheilkindergarten und Loewenwaldschule (Schule f\u00fcr Kinder mit F\u00f6rderschwerpunkt geistige Entwicklung)<br>seit 1994 im Haus der Lebenshilfe berufst\u00e4tig<br>1993\u20131994 wissenschaftliche Mitarbeiterin in der Suchtforschungsstelle Ostniedersachsen im Landeskrankenhaus K\u00f6nigslutter<\/p>\n\n\n\n<h2 class=\"wp-block-heading\">Ausbildung<\/h2>\n\n\n\n<p>2010 Ausbildung zur insoweit erfahrenen Fachkraft nach \u00a7 8a SGB&nbsp;VIII<br>2006 Ausbildung zur Elternkursleitung \u201eStarke Eltern \u2013 starke Kinder\u201c<br>1987\u20131993 Studium Diplom-Psychologie an der TU Braunschweig<br>Fortbildungen in folgenden Themen: Traumatherapie,&nbsp; ADHS, sexueller Missbrauch und Gestalttherapie mit Kindern und Jugendlichen<\/p>\n<\/div>\n\n\n\n<div class=\"wp-block-column is-layout-flow wp-block-column-is-layout-flow\" style=\"flex-basis:33%\">\n<figure class=\"wp-block-image size-large ll-corner-large\"><img loading=\"lazy\" decoding=\"async\" width=\"563\" height=\"844\" src=\"https:\/\/lebenleben.de\/mvz\/wp-content\/uploads\/sites\/3\/2021\/03\/StiftungLeben_1034.jpg\" alt=\"Dipl.-Psych. Antje Wild\" class=\"wp-image-401\" srcset=\"https:\/\/lebenleben.de\/mvz\/wp-content\/uploads\/sites\/3\/2021\/03\/StiftungLeben_1034.jpg 563w, https:\/\/lebenleben.de\/mvz\/wp-content\/uploads\/sites\/3\/2021\/03\/StiftungLeben_1034-200x300.jpg 200w\" sizes=\"auto, (max-width: 563px) 100vw, 563px\" \/><figcaption>Dipl.-Psych. Antje Wild<\/figcaption><\/figure>\n<\/div>\n<\/div>\n","protected":false},"excerpt":{"rendered":"<p>Dipl.-Psych. Antje Wild Psychologin Beruf seit 2012 Angestellte Psychologin im MVZ am Hammersteinplatz, Psychologischer Dienst2011\u20132012 Psychologischer Dienst im Haus der Lebenshilfe, Schwerpunkt: Kinder- und Jugendbereich2007\u20132011 fach\u00fcbergreifender, psychologischer Dienst f\u00fcr heilp\u00e4dagogischen Kindergarten1998\u20132007 fach\u00fcbergreifender, psychologischer Dienst f\u00fcr heilp\u00e4dagogischen Kindergarten und Loewenwaldschule1994\u20131998 fach\u00fcbergreifender, psychologischer Dienst f\u00fcr Sprachheilkindergarten und Loewenwaldschule (Schule f\u00fcr Kinder mit F\u00f6rderschwerpunkt geistige Entwicklung)seit 1994 im [&hellip;]<\/p>\n","protected":false},"author":1,"featured_media":0,"parent":139,"menu_order":20,"comment_status":"closed","ping_status":"closed","template":"page-templates\/page-fullscreen.php","meta":{"_acf_changed":false,"footnotes":""},"class_list":["post-142","page","type-page","status-publish","hentry"],"acf":[],"yoast_head":"<!-- This site is optimized with the Yoast SEO plugin v27.3 - https:\/\/yoast.com\/product\/yoast-seo-wordpress\/ -->\n<title>Dipl.-Psych. Antje Wild | Psychologin | Uelzen<\/title>\n<meta name=\"description\" content=\"Dipl.-Psych. Antje Wild ist als Psychologin im MVZ am Hammersteinplatz in Uelzen t\u00e4tig.\" \/>\n<meta name=\"robots\" content=\"index, follow, max-snippet:-1, max-image-preview:large, max-video-preview:-1\" \/>\n<link rel=\"canonical\" href=\"https:\/\/lebenleben.de\/mvz\/psychologie\/dipl-psych-antje-wild\/\" \/>\n<meta property=\"og:locale\" content=\"de_DE\" \/>\n<meta property=\"og:type\" content=\"article\" \/>\n<meta property=\"og:title\" content=\"Dipl.-Psych. Antje Wild | Psychologin | Uelzen\" \/>\n<meta property=\"og:description\" content=\"Dipl.-Psych. Antje Wild ist als Psychologin im MVZ am Hammersteinplatz in Uelzen t\u00e4tig.\" \/>\n<meta property=\"og:url\" content=\"https:\/\/lebenleben.de\/mvz\/psychologie\/dipl-psych-antje-wild\/\" \/>\n<meta property=\"og:site_name\" content=\"Leben leben MVZ\" \/>\n<meta property=\"article:modified_time\" content=\"2024-05-24T07:44:22+00:00\" \/>\n<meta property=\"og:image\" content=\"https:\/\/lebenleben.de\/mvz\/wp-content\/uploads\/sites\/3\/2021\/03\/StiftungLeben_1034.jpg\" \/>\n<meta name=\"twitter:card\" content=\"summary_large_image\" \/>\n<meta name=\"twitter:label1\" content=\"Gesch\u00e4tzte Lesezeit\" \/>\n\t<meta name=\"twitter:data1\" content=\"1\u00a0Minute\" \/>\n<script type=\"application\/ld+json\" class=\"yoast-schema-graph\">{\"@context\":\"https:\\\/\\\/schema.org\",\"@graph\":[{\"@type\":\"WebPage\",\"@id\":\"https:\\\/\\\/lebenleben.de\\\/mvz\\\/psychologie\\\/dipl-psych-antje-wild\\\/\",\"url\":\"https:\\\/\\\/lebenleben.de\\\/mvz\\\/psychologie\\\/dipl-psych-antje-wild\\\/\",\"name\":\"Dipl.-Psych. Antje Wild | Psychologin | Uelzen\",\"isPartOf\":{\"@id\":\"https:\\\/\\\/lebenleben.de\\\/mvz\\\/#website\"},\"primaryImageOfPage\":{\"@id\":\"https:\\\/\\\/lebenleben.de\\\/mvz\\\/psychologie\\\/dipl-psych-antje-wild\\\/#primaryimage\"},\"image\":{\"@id\":\"https:\\\/\\\/lebenleben.de\\\/mvz\\\/psychologie\\\/dipl-psych-antje-wild\\\/#primaryimage\"},\"thumbnailUrl\":\"https:\\\/\\\/lebenleben.de\\\/mvz\\\/wp-content\\\/uploads\\\/sites\\\/3\\\/2021\\\/03\\\/StiftungLeben_1034.jpg\",\"datePublished\":\"2021-01-22T09:18:22+00:00\",\"dateModified\":\"2024-05-24T07:44:22+00:00\",\"description\":\"Dipl.-Psych. Antje Wild ist als Psychologin im MVZ am Hammersteinplatz in Uelzen t\u00e4tig.\",\"breadcrumb\":{\"@id\":\"https:\\\/\\\/lebenleben.de\\\/mvz\\\/psychologie\\\/dipl-psych-antje-wild\\\/#breadcrumb\"},\"inLanguage\":\"de\",\"potentialAction\":[{\"@type\":\"ReadAction\",\"target\":[\"https:\\\/\\\/lebenleben.de\\\/mvz\\\/psychologie\\\/dipl-psych-antje-wild\\\/\"]}]},{\"@type\":\"ImageObject\",\"inLanguage\":\"de\",\"@id\":\"https:\\\/\\\/lebenleben.de\\\/mvz\\\/psychologie\\\/dipl-psych-antje-wild\\\/#primaryimage\",\"url\":\"https:\\\/\\\/lebenleben.de\\\/mvz\\\/wp-content\\\/uploads\\\/sites\\\/3\\\/2021\\\/03\\\/StiftungLeben_1034.jpg\",\"contentUrl\":\"https:\\\/\\\/lebenleben.de\\\/mvz\\\/wp-content\\\/uploads\\\/sites\\\/3\\\/2021\\\/03\\\/StiftungLeben_1034.jpg\",\"width\":563,\"height\":844},{\"@type\":\"BreadcrumbList\",\"@id\":\"https:\\\/\\\/lebenleben.de\\\/mvz\\\/psychologie\\\/dipl-psych-antje-wild\\\/#breadcrumb\",\"itemListElement\":[{\"@type\":\"ListItem\",\"position\":1,\"name\":\"Startseite\",\"item\":\"https:\\\/\\\/lebenleben.de\\\/mvz\\\/\"},{\"@type\":\"ListItem\",\"position\":2,\"name\":\"Psychologischer Dienst\",\"item\":\"https:\\\/\\\/lebenleben.de\\\/mvz\\\/psychologie\\\/\"},{\"@type\":\"ListItem\",\"position\":3,\"name\":\"Dipl.-Psych. Antje Wild\"}]},{\"@type\":\"WebSite\",\"@id\":\"https:\\\/\\\/lebenleben.de\\\/mvz\\\/#website\",\"url\":\"https:\\\/\\\/lebenleben.de\\\/mvz\\\/\",\"name\":\"Leben leben MVZ\",\"description\":\"Medizinisches Versorgungszentrum am Hammersteinplatz\",\"publisher\":{\"@id\":\"https:\\\/\\\/lebenleben.de\\\/mvz\\\/#organization\"},\"potentialAction\":[{\"@type\":\"SearchAction\",\"target\":{\"@type\":\"EntryPoint\",\"urlTemplate\":\"https:\\\/\\\/lebenleben.de\\\/mvz\\\/?s={search_term_string}\"},\"query-input\":{\"@type\":\"PropertyValueSpecification\",\"valueRequired\":true,\"valueName\":\"search_term_string\"}}],\"inLanguage\":\"de\"},{\"@type\":\"Organization\",\"@id\":\"https:\\\/\\\/lebenleben.de\\\/mvz\\\/#organization\",\"name\":\"Leben leben MVZ\",\"url\":\"https:\\\/\\\/lebenleben.de\\\/mvz\\\/\",\"logo\":{\"@type\":\"ImageObject\",\"inLanguage\":\"de\",\"@id\":\"https:\\\/\\\/lebenleben.de\\\/mvz\\\/#\\\/schema\\\/logo\\\/image\\\/\",\"url\":\"https:\\\/\\\/lebenleben.de\\\/mvz\\\/wp-content\\\/uploads\\\/sites\\\/3\\\/2021\\\/01\\\/ll_favicon-cyan.png\",\"contentUrl\":\"https:\\\/\\\/lebenleben.de\\\/mvz\\\/wp-content\\\/uploads\\\/sites\\\/3\\\/2021\\\/01\\\/ll_favicon-cyan.png\",\"width\":501,\"height\":501,\"caption\":\"Leben leben MVZ\"},\"image\":{\"@id\":\"https:\\\/\\\/lebenleben.de\\\/mvz\\\/#\\\/schema\\\/logo\\\/image\\\/\"}}]}<\/script>\n<!-- \/ Yoast SEO plugin. -->","yoast_head_json":{"title":"Dipl.-Psych. Antje Wild | Psychologin | Uelzen","description":"Dipl.-Psych. Antje Wild ist als Psychologin im MVZ am Hammersteinplatz in Uelzen t\u00e4tig.","robots":{"index":"index","follow":"follow","max-snippet":"max-snippet:-1","max-image-preview":"max-image-preview:large","max-video-preview":"max-video-preview:-1"},"canonical":"https:\/\/lebenleben.de\/mvz\/psychologie\/dipl-psych-antje-wild\/","og_locale":"de_DE","og_type":"article","og_title":"Dipl.-Psych. Antje Wild | Psychologin | Uelzen","og_description":"Dipl.-Psych. Antje Wild ist als Psychologin im MVZ am Hammersteinplatz in Uelzen t\u00e4tig.","og_url":"https:\/\/lebenleben.de\/mvz\/psychologie\/dipl-psych-antje-wild\/","og_site_name":"Leben leben MVZ","article_modified_time":"2024-05-24T07:44:22+00:00","og_image":[{"url":"https:\/\/lebenleben.de\/mvz\/wp-content\/uploads\/sites\/3\/2021\/03\/StiftungLeben_1034.jpg","type":"","width":"","height":""}],"twitter_card":"summary_large_image","twitter_misc":{"Gesch\u00e4tzte Lesezeit":"1\u00a0Minute"},"schema":{"@context":"https:\/\/schema.org","@graph":[{"@type":"WebPage","@id":"https:\/\/lebenleben.de\/mvz\/psychologie\/dipl-psych-antje-wild\/","url":"https:\/\/lebenleben.de\/mvz\/psychologie\/dipl-psych-antje-wild\/","name":"Dipl.-Psych. Antje Wild | Psychologin | Uelzen","isPartOf":{"@id":"https:\/\/lebenleben.de\/mvz\/#website"},"primaryImageOfPage":{"@id":"https:\/\/lebenleben.de\/mvz\/psychologie\/dipl-psych-antje-wild\/#primaryimage"},"image":{"@id":"https:\/\/lebenleben.de\/mvz\/psychologie\/dipl-psych-antje-wild\/#primaryimage"},"thumbnailUrl":"https:\/\/lebenleben.de\/mvz\/wp-content\/uploads\/sites\/3\/2021\/03\/StiftungLeben_1034.jpg","datePublished":"2021-01-22T09:18:22+00:00","dateModified":"2024-05-24T07:44:22+00:00","description":"Dipl.-Psych. Antje Wild ist als Psychologin im MVZ am Hammersteinplatz in Uelzen t\u00e4tig.","breadcrumb":{"@id":"https:\/\/lebenleben.de\/mvz\/psychologie\/dipl-psych-antje-wild\/#breadcrumb"},"inLanguage":"de","potentialAction":[{"@type":"ReadAction","target":["https:\/\/lebenleben.de\/mvz\/psychologie\/dipl-psych-antje-wild\/"]}]},{"@type":"ImageObject","inLanguage":"de","@id":"https:\/\/lebenleben.de\/mvz\/psychologie\/dipl-psych-antje-wild\/#primaryimage","url":"https:\/\/lebenleben.de\/mvz\/wp-content\/uploads\/sites\/3\/2021\/03\/StiftungLeben_1034.jpg","contentUrl":"https:\/\/lebenleben.de\/mvz\/wp-content\/uploads\/sites\/3\/2021\/03\/StiftungLeben_1034.jpg","width":563,"height":844},{"@type":"BreadcrumbList","@id":"https:\/\/lebenleben.de\/mvz\/psychologie\/dipl-psych-antje-wild\/#breadcrumb","itemListElement":[{"@type":"ListItem","position":1,"name":"Startseite","item":"https:\/\/lebenleben.de\/mvz\/"},{"@type":"ListItem","position":2,"name":"Psychologischer Dienst","item":"https:\/\/lebenleben.de\/mvz\/psychologie\/"},{"@type":"ListItem","position":3,"name":"Dipl.-Psych. Antje Wild"}]},{"@type":"WebSite","@id":"https:\/\/lebenleben.de\/mvz\/#website","url":"https:\/\/lebenleben.de\/mvz\/","name":"Leben leben MVZ","description":"Medizinisches Versorgungszentrum am Hammersteinplatz","publisher":{"@id":"https:\/\/lebenleben.de\/mvz\/#organization"},"potentialAction":[{"@type":"SearchAction","target":{"@type":"EntryPoint","urlTemplate":"https:\/\/lebenleben.de\/mvz\/?s={search_term_string}"},"query-input":{"@type":"PropertyValueSpecification","valueRequired":true,"valueName":"search_term_string"}}],"inLanguage":"de"},{"@type":"Organization","@id":"https:\/\/lebenleben.de\/mvz\/#organization","name":"Leben leben MVZ","url":"https:\/\/lebenleben.de\/mvz\/","logo":{"@type":"ImageObject","inLanguage":"de","@id":"https:\/\/lebenleben.de\/mvz\/#\/schema\/logo\/image\/","url":"https:\/\/lebenleben.de\/mvz\/wp-content\/uploads\/sites\/3\/2021\/01\/ll_favicon-cyan.png","contentUrl":"https:\/\/lebenleben.de\/mvz\/wp-content\/uploads\/sites\/3\/2021\/01\/ll_favicon-cyan.png","width":501,"height":501,"caption":"Leben leben MVZ"},"image":{"@id":"https:\/\/lebenleben.de\/mvz\/#\/schema\/logo\/image\/"}}]}},"_links":{"self":[{"href":"https:\/\/lebenleben.de\/mvz\/wp-json\/wp\/v2\/pages\/142","targetHints":{"allow":["GET"]}}],"collection":[{"href":"https:\/\/lebenleben.de\/mvz\/wp-json\/wp\/v2\/pages"}],"about":[{"href":"https:\/\/lebenleben.de\/mvz\/wp-json\/wp\/v2\/types\/page"}],"author":[{"embeddable":true,"href":"https:\/\/lebenleben.de\/mvz\/wp-json\/wp\/v2\/users\/1"}],"replies":[{"embeddable":true,"href":"https:\/\/lebenleben.de\/mvz\/wp-json\/wp\/v2\/comments?post=142"}],"version-history":[{"count":8,"href":"https:\/\/lebenleben.de\/mvz\/wp-json\/wp\/v2\/pages\/142\/revisions"}],"predecessor-version":[{"id":777,"href":"https:\/\/lebenleben.de\/mvz\/wp-json\/wp\/v2\/pages\/142\/revisions\/777"}],"up":[{"embeddable":true,"href":"https:\/\/lebenleben.de\/mvz\/wp-json\/wp\/v2\/pages\/139"}],"wp:attachment":[{"href":"https:\/\/lebenleben.de\/mvz\/wp-json\/wp\/v2\/media?parent=142"}],"curies":[{"name":"wp","href":"https:\/\/api.w.org\/{rel}","templated":true}]}}