{"id":11,"date":"2021-01-22T16:15:37","date_gmt":"2021-01-22T15:15:37","guid":{"rendered":"https:\/\/lebenleben.de\/schulbegleitung\/?page_id=11"},"modified":"2024-05-29T08:54:53","modified_gmt":"2024-05-29T06:54:53","slug":"angebote-fuer-schulen","status":"publish","type":"page","link":"https:\/\/lebenleben.de\/schulbegleitung\/angebote-fuer-schulen\/","title":{"rendered":"Angebote f\u00fcr Schulen"},"content":{"rendered":"\n<div id=\"llimageslider-block_855aa77b7866353255318e494d6d1e80\" class=\"block-llimageslider llimageslider alignwide\">\n\n    \n\t\t<div class=\"llimageslider-slider\" data-slick='{\"autoplaySpeed\": 5000}'>\n\t\t\t\t\t\t\t<div class=\"single-slide-wrapper slide-1\">\n\t\t\t\t\t<img loading=\"lazy\" decoding=\"async\" width=\"1400\" height=\"440\" src=\"https:\/\/lebenleben.de\/schulbegleitung\/wp-content\/uploads\/sites\/12\/2024\/05\/ll_header_slider_image_1400x560_0000_angebote_fuer_schulen-1400x440-1.jpg\" class=\"single-slide-image slider-desktop-image\" alt=\"\" srcset=\"https:\/\/lebenleben.de\/schulbegleitung\/wp-content\/uploads\/sites\/12\/2024\/05\/ll_header_slider_image_1400x560_0000_angebote_fuer_schulen-1400x440-1.jpg 1400w, https:\/\/lebenleben.de\/schulbegleitung\/wp-content\/uploads\/sites\/12\/2024\/05\/ll_header_slider_image_1400x560_0000_angebote_fuer_schulen-1400x440-1-300x94.jpg 300w, https:\/\/lebenleben.de\/schulbegleitung\/wp-content\/uploads\/sites\/12\/2024\/05\/ll_header_slider_image_1400x560_0000_angebote_fuer_schulen-1400x440-1-1024x322.jpg 1024w, https:\/\/lebenleben.de\/schulbegleitung\/wp-content\/uploads\/sites\/12\/2024\/05\/ll_header_slider_image_1400x560_0000_angebote_fuer_schulen-1400x440-1-768x241.jpg 768w\" sizes=\"auto, (max-width: 1400px) 100vw, 1400px\" \/>          <img loading=\"lazy\" decoding=\"async\" width=\"1000\" height=\"314\" src=\"https:\/\/lebenleben.de\/schulbegleitung\/wp-content\/uploads\/sites\/12\/2024\/05\/ll_header_slider_image_1400x560_0000_angebote_fuer_schulen-1400x440-1-1024x322.jpg\" class=\"single-slide-image slider-mobile-image\" alt=\"\" srcset=\"https:\/\/lebenleben.de\/schulbegleitung\/wp-content\/uploads\/sites\/12\/2024\/05\/ll_header_slider_image_1400x560_0000_angebote_fuer_schulen-1400x440-1-1024x322.jpg 1024w, https:\/\/lebenleben.de\/schulbegleitung\/wp-content\/uploads\/sites\/12\/2024\/05\/ll_header_slider_image_1400x560_0000_angebote_fuer_schulen-1400x440-1-300x94.jpg 300w, https:\/\/lebenleben.de\/schulbegleitung\/wp-content\/uploads\/sites\/12\/2024\/05\/ll_header_slider_image_1400x560_0000_angebote_fuer_schulen-1400x440-1-768x241.jpg 768w, https:\/\/lebenleben.de\/schulbegleitung\/wp-content\/uploads\/sites\/12\/2024\/05\/ll_header_slider_image_1400x560_0000_angebote_fuer_schulen-1400x440-1.jpg 1400w\" sizes=\"auto, (max-width: 1000px) 100vw, 1000px\" \/>\n                    <div class=\"single-slide-text\">\n          <h2>Schulbegleitung in Uelzen und Gifhorn<\/h2><h3>Informationen f\u00fcr Schulen<\/h3>                  <\/div>\n        \n\t\t\t\t<\/div>\n\t\t\t\t\t<\/div>\n\t  <script>\n    jQuery(document).ready(function() {\n        jQuery('.llimageslider-slider').slick({\n          dots: true,\n          infinite: true,\n          speed: 1000,\n          autoplay: true,\n          adaptiveHeight: true,\n          slidesToShow: 1,\n          fade: true,\n          focusOnSelect: true\n        });\n    });\n    <\/script>\n<\/div>\n\n\n\n<p>Gem\u00e4\u00df dem Inklusionsgedanken er\u00f6ffnet die Schulbegleitung von Leben leben Kindern und Jugendlichen mit einer seelischen, geistigen und\/oder k\u00f6rperlichen Einschr\u00e4nkung die M\u00f6glichkeit, eine wohnortnahe Schule zu besuchen.<\/p>\n\n\n\n<p>Leben leben bietet diese individuelle Unterst\u00fctzungsma\u00dfnahme f\u00fcr Sch\u00fcler:innen zur Bew\u00e4ltigung des Schultags seit 2010 und f\u00fcr alle Schulformen. Soweit es mithilfe der pers\u00f6nlichen Unterst\u00fctzung durch den\/die Schulbegleiter:in m\u00f6glich ist, soll der\/die Sch\u00fcler:in in den laufenden Unterricht einer Schule integriert bzw. reintegriert werden. Ziel ist es, behinderungsbedingte Einschr\u00e4nkungen zu \u00fcberwinden und\/oder seelische Behinderung zu vermeiden, sodass der\/die Betroffene eine seinen\/ihren F\u00e4higkeiten angemessene Schulbildung wahrnehmen kann. Dar\u00fcber werden sichergestellt:<\/p>\n\n\n\n<div style=\"height:15px\" aria-hidden=\"true\" class=\"wp-block-spacer\"><\/div>\n\n\n\n<ul class=\"wp-block-list\">\n<li>die Teilhabe am Schulleben,<\/li>\n\n\n\n<li>die Sicherstellung der sozialen Kontakte und<\/li>\n\n\n\n<li>die Erf\u00fcllung der Schulpflicht<\/li>\n<\/ul>\n\n\n\n<p>Die individuellen Ziele der Schulbegleitung sowie die jeweiligen Leistungselemente werden in den Zielplanungen definiert und k\u00f6nnen bedarfsorientiert angepasst werden. Dabei stehen betreuerische und p\u00e4dagogische Leistungselemente im Vordergrund. Die praktische Arbeit der\/die Schulbegleiterin umfasst ein breites Aufgabenspektrum. Je nach individuellem Bedarf und der Gew\u00e4hrung durch das jeweilige Amt k\u00f6nnen zum T\u00e4tigkeitsbereich die Begleitung w\u00e4hrend der gesamten Unterrichts- und Pausenzeit, im offenen oder geschlossenen Ganztagsschulbereich, auf dem Schulweg sowie bei Sonderveranstaltungen der Schule z\u00e4hlen.<\/p>\n\n\n\n<p>In Abgrenzung zum Lehrauftrag der Schulen bietet Schulbegleitung eine individuelle, bedarfsorientierte Unterst\u00fctzung bei der Bew\u00e4ltigung der schulischen Anforderungen. Der Lehrauftrag und die Verantwortung der Gesamtf\u00f6rderung des\/der jeweiligen Sch\u00fcler:in verbleiben dabei weiterhin bei der Schule bzw. bei den Erziehungsberechtigten.<\/p>\n\n\n\n<div style=\"height:50px\" aria-hidden=\"true\" class=\"wp-block-spacer\"><\/div>\n","protected":false},"excerpt":{"rendered":"<p>Gem\u00e4\u00df dem Inklusionsgedanken er\u00f6ffnet die Schulbegleitung von Leben leben Kindern und Jugendlichen mit einer seelischen, geistigen und\/oder k\u00f6rperlichen Einschr\u00e4nkung die M\u00f6glichkeit, eine wohnortnahe Schule zu besuchen. Leben leben bietet diese individuelle Unterst\u00fctzungsma\u00dfnahme f\u00fcr Sch\u00fcler:innen zur Bew\u00e4ltigung des Schultags seit 2010 und f\u00fcr alle Schulformen. Soweit es mithilfe der pers\u00f6nlichen Unterst\u00fctzung durch den\/die Schulbegleiter:in m\u00f6glich ist, [&hellip;]<\/p>\n","protected":false},"author":1,"featured_media":97,"parent":0,"menu_order":30,"comment_status":"closed","ping_status":"closed","template":"page-templates\/page-fullscreen.php","meta":{"_acf_changed":false,"footnotes":""},"class_list":["post-11","page","type-page","status-publish","has-post-thumbnail","hentry"],"acf":[],"yoast_head":"<!-- This site is optimized with the Yoast SEO plugin v27.3 - https:\/\/yoast.com\/product\/yoast-seo-wordpress\/ -->\n<title>Schulbegleitung in Uelzen und Gifhorn | Informationen f\u00fcr Schulen<\/title>\n<meta name=\"description\" content=\"Ziel der Schulbegleitung f\u00fcr Kinder und Jugendliche mit Behinderung ist die (Re-)Integration der Sch\u00fcler:innen in den laufenden Unterricht aller Schulformen.\" \/>\n<meta name=\"robots\" content=\"index, follow, max-snippet:-1, max-image-preview:large, max-video-preview:-1\" \/>\n<link rel=\"canonical\" href=\"https:\/\/lebenleben.de\/schulbegleitung\/angebote-fuer-schulen\/\" \/>\n<meta property=\"og:locale\" content=\"de_DE\" \/>\n<meta property=\"og:type\" content=\"article\" \/>\n<meta property=\"og:title\" content=\"Schulbegleitung in Uelzen und Gifhorn | Informationen f\u00fcr Schulen\" \/>\n<meta property=\"og:description\" content=\"Ziel der Schulbegleitung f\u00fcr Kinder und Jugendliche mit Behinderung ist die (Re-)Integration der Sch\u00fcler:innen in den laufenden Unterricht aller Schulformen.\" \/>\n<meta property=\"og:url\" content=\"https:\/\/lebenleben.de\/schulbegleitung\/angebote-fuer-schulen\/\" \/>\n<meta property=\"og:site_name\" content=\"Leben leben Schulbegleitung\" \/>\n<meta property=\"article:modified_time\" content=\"2024-05-29T06:54:53+00:00\" \/>\n<meta property=\"og:image\" content=\"https:\/\/lebenleben.de\/schulbegleitung\/wp-content\/uploads\/sites\/12\/2021\/04\/ll_header_slider_image_1400x560_0000_angebote_fuer_schulen.jpg\" \/>\n\t<meta property=\"og:image:width\" content=\"1400\" \/>\n\t<meta property=\"og:image:height\" content=\"560\" \/>\n\t<meta property=\"og:image:type\" content=\"image\/jpeg\" \/>\n<meta name=\"twitter:card\" content=\"summary_large_image\" \/>\n<meta name=\"twitter:label1\" content=\"Gesch\u00e4tzte Lesezeit\" \/>\n\t<meta name=\"twitter:data1\" content=\"2\u00a0Minuten\" \/>\n<script type=\"application\/ld+json\" class=\"yoast-schema-graph\">{\"@context\":\"https:\\\/\\\/schema.org\",\"@graph\":[{\"@type\":\"WebPage\",\"@id\":\"https:\\\/\\\/lebenleben.de\\\/schulbegleitung\\\/angebote-fuer-schulen\\\/\",\"url\":\"https:\\\/\\\/lebenleben.de\\\/schulbegleitung\\\/angebote-fuer-schulen\\\/\",\"name\":\"Schulbegleitung in Uelzen und Gifhorn | Informationen f\u00fcr Schulen\",\"isPartOf\":{\"@id\":\"https:\\\/\\\/lebenleben.de\\\/schulbegleitung\\\/#website\"},\"primaryImageOfPage\":{\"@id\":\"https:\\\/\\\/lebenleben.de\\\/schulbegleitung\\\/angebote-fuer-schulen\\\/#primaryimage\"},\"image\":{\"@id\":\"https:\\\/\\\/lebenleben.de\\\/schulbegleitung\\\/angebote-fuer-schulen\\\/#primaryimage\"},\"thumbnailUrl\":\"https:\\\/\\\/lebenleben.de\\\/schulbegleitung\\\/wp-content\\\/uploads\\\/sites\\\/12\\\/2021\\\/04\\\/ll_header_slider_image_1400x560_0000_angebote_fuer_schulen.jpg\",\"datePublished\":\"2021-01-22T15:15:37+00:00\",\"dateModified\":\"2024-05-29T06:54:53+00:00\",\"description\":\"Ziel der Schulbegleitung f\u00fcr Kinder und Jugendliche mit Behinderung ist die (Re-)Integration der Sch\u00fcler:innen in den laufenden Unterricht aller Schulformen.\",\"breadcrumb\":{\"@id\":\"https:\\\/\\\/lebenleben.de\\\/schulbegleitung\\\/angebote-fuer-schulen\\\/#breadcrumb\"},\"inLanguage\":\"de\",\"potentialAction\":[{\"@type\":\"ReadAction\",\"target\":[\"https:\\\/\\\/lebenleben.de\\\/schulbegleitung\\\/angebote-fuer-schulen\\\/\"]}]},{\"@type\":\"ImageObject\",\"inLanguage\":\"de\",\"@id\":\"https:\\\/\\\/lebenleben.de\\\/schulbegleitung\\\/angebote-fuer-schulen\\\/#primaryimage\",\"url\":\"https:\\\/\\\/lebenleben.de\\\/schulbegleitung\\\/wp-content\\\/uploads\\\/sites\\\/12\\\/2021\\\/04\\\/ll_header_slider_image_1400x560_0000_angebote_fuer_schulen.jpg\",\"contentUrl\":\"https:\\\/\\\/lebenleben.de\\\/schulbegleitung\\\/wp-content\\\/uploads\\\/sites\\\/12\\\/2021\\\/04\\\/ll_header_slider_image_1400x560_0000_angebote_fuer_schulen.jpg\",\"width\":1400,\"height\":560},{\"@type\":\"BreadcrumbList\",\"@id\":\"https:\\\/\\\/lebenleben.de\\\/schulbegleitung\\\/angebote-fuer-schulen\\\/#breadcrumb\",\"itemListElement\":[{\"@type\":\"ListItem\",\"position\":1,\"name\":\"Startseite\",\"item\":\"https:\\\/\\\/lebenleben.de\\\/schulbegleitung\\\/\"},{\"@type\":\"ListItem\",\"position\":2,\"name\":\"Angebote f\u00fcr Schulen\"}]},{\"@type\":\"WebSite\",\"@id\":\"https:\\\/\\\/lebenleben.de\\\/schulbegleitung\\\/#website\",\"url\":\"https:\\\/\\\/lebenleben.de\\\/schulbegleitung\\\/\",\"name\":\"Leben leben Schulbegleitung\",\"description\":\"Eine weitere Leben Leben Netzwerk Website\",\"publisher\":{\"@id\":\"https:\\\/\\\/lebenleben.de\\\/schulbegleitung\\\/#organization\"},\"potentialAction\":[{\"@type\":\"SearchAction\",\"target\":{\"@type\":\"EntryPoint\",\"urlTemplate\":\"https:\\\/\\\/lebenleben.de\\\/schulbegleitung\\\/?s={search_term_string}\"},\"query-input\":{\"@type\":\"PropertyValueSpecification\",\"valueRequired\":true,\"valueName\":\"search_term_string\"}}],\"inLanguage\":\"de\"},{\"@type\":\"Organization\",\"@id\":\"https:\\\/\\\/lebenleben.de\\\/schulbegleitung\\\/#organization\",\"name\":\"Leben leben Schulbegleitung\",\"url\":\"https:\\\/\\\/lebenleben.de\\\/schulbegleitung\\\/\",\"logo\":{\"@type\":\"ImageObject\",\"inLanguage\":\"de\",\"@id\":\"https:\\\/\\\/lebenleben.de\\\/schulbegleitung\\\/#\\\/schema\\\/logo\\\/image\\\/\",\"url\":\"https:\\\/\\\/lebenleben.de\\\/schulbegleitung\\\/wp-content\\\/uploads\\\/sites\\\/12\\\/2021\\\/01\\\/ll_favicon-green.png\",\"contentUrl\":\"https:\\\/\\\/lebenleben.de\\\/schulbegleitung\\\/wp-content\\\/uploads\\\/sites\\\/12\\\/2021\\\/01\\\/ll_favicon-green.png\",\"width\":501,\"height\":501,\"caption\":\"Leben leben Schulbegleitung\"},\"image\":{\"@id\":\"https:\\\/\\\/lebenleben.de\\\/schulbegleitung\\\/#\\\/schema\\\/logo\\\/image\\\/\"}}]}<\/script>\n<!-- \/ Yoast SEO plugin. -->","yoast_head_json":{"title":"Schulbegleitung in Uelzen und Gifhorn | Informationen f\u00fcr Schulen","description":"Ziel der Schulbegleitung f\u00fcr Kinder und Jugendliche mit Behinderung ist die (Re-)Integration der Sch\u00fcler:innen in den laufenden Unterricht aller Schulformen.","robots":{"index":"index","follow":"follow","max-snippet":"max-snippet:-1","max-image-preview":"max-image-preview:large","max-video-preview":"max-video-preview:-1"},"canonical":"https:\/\/lebenleben.de\/schulbegleitung\/angebote-fuer-schulen\/","og_locale":"de_DE","og_type":"article","og_title":"Schulbegleitung in Uelzen und Gifhorn | Informationen f\u00fcr Schulen","og_description":"Ziel der Schulbegleitung f\u00fcr Kinder und Jugendliche mit Behinderung ist die (Re-)Integration der Sch\u00fcler:innen in den laufenden Unterricht aller Schulformen.","og_url":"https:\/\/lebenleben.de\/schulbegleitung\/angebote-fuer-schulen\/","og_site_name":"Leben leben Schulbegleitung","article_modified_time":"2024-05-29T06:54:53+00:00","og_image":[{"width":1400,"height":560,"url":"https:\/\/lebenleben.de\/schulbegleitung\/wp-content\/uploads\/sites\/12\/2021\/04\/ll_header_slider_image_1400x560_0000_angebote_fuer_schulen.jpg","type":"image\/jpeg"}],"twitter_card":"summary_large_image","twitter_misc":{"Gesch\u00e4tzte Lesezeit":"2\u00a0Minuten"},"schema":{"@context":"https:\/\/schema.org","@graph":[{"@type":"WebPage","@id":"https:\/\/lebenleben.de\/schulbegleitung\/angebote-fuer-schulen\/","url":"https:\/\/lebenleben.de\/schulbegleitung\/angebote-fuer-schulen\/","name":"Schulbegleitung in Uelzen und Gifhorn | Informationen f\u00fcr Schulen","isPartOf":{"@id":"https:\/\/lebenleben.de\/schulbegleitung\/#website"},"primaryImageOfPage":{"@id":"https:\/\/lebenleben.de\/schulbegleitung\/angebote-fuer-schulen\/#primaryimage"},"image":{"@id":"https:\/\/lebenleben.de\/schulbegleitung\/angebote-fuer-schulen\/#primaryimage"},"thumbnailUrl":"https:\/\/lebenleben.de\/schulbegleitung\/wp-content\/uploads\/sites\/12\/2021\/04\/ll_header_slider_image_1400x560_0000_angebote_fuer_schulen.jpg","datePublished":"2021-01-22T15:15:37+00:00","dateModified":"2024-05-29T06:54:53+00:00","description":"Ziel der Schulbegleitung f\u00fcr Kinder und Jugendliche mit Behinderung ist die (Re-)Integration der Sch\u00fcler:innen in den laufenden Unterricht aller Schulformen.","breadcrumb":{"@id":"https:\/\/lebenleben.de\/schulbegleitung\/angebote-fuer-schulen\/#breadcrumb"},"inLanguage":"de","potentialAction":[{"@type":"ReadAction","target":["https:\/\/lebenleben.de\/schulbegleitung\/angebote-fuer-schulen\/"]}]},{"@type":"ImageObject","inLanguage":"de","@id":"https:\/\/lebenleben.de\/schulbegleitung\/angebote-fuer-schulen\/#primaryimage","url":"https:\/\/lebenleben.de\/schulbegleitung\/wp-content\/uploads\/sites\/12\/2021\/04\/ll_header_slider_image_1400x560_0000_angebote_fuer_schulen.jpg","contentUrl":"https:\/\/lebenleben.de\/schulbegleitung\/wp-content\/uploads\/sites\/12\/2021\/04\/ll_header_slider_image_1400x560_0000_angebote_fuer_schulen.jpg","width":1400,"height":560},{"@type":"BreadcrumbList","@id":"https:\/\/lebenleben.de\/schulbegleitung\/angebote-fuer-schulen\/#breadcrumb","itemListElement":[{"@type":"ListItem","position":1,"name":"Startseite","item":"https:\/\/lebenleben.de\/schulbegleitung\/"},{"@type":"ListItem","position":2,"name":"Angebote f\u00fcr Schulen"}]},{"@type":"WebSite","@id":"https:\/\/lebenleben.de\/schulbegleitung\/#website","url":"https:\/\/lebenleben.de\/schulbegleitung\/","name":"Leben leben Schulbegleitung","description":"Eine weitere Leben Leben Netzwerk Website","publisher":{"@id":"https:\/\/lebenleben.de\/schulbegleitung\/#organization"},"potentialAction":[{"@type":"SearchAction","target":{"@type":"EntryPoint","urlTemplate":"https:\/\/lebenleben.de\/schulbegleitung\/?s={search_term_string}"},"query-input":{"@type":"PropertyValueSpecification","valueRequired":true,"valueName":"search_term_string"}}],"inLanguage":"de"},{"@type":"Organization","@id":"https:\/\/lebenleben.de\/schulbegleitung\/#organization","name":"Leben leben Schulbegleitung","url":"https:\/\/lebenleben.de\/schulbegleitung\/","logo":{"@type":"ImageObject","inLanguage":"de","@id":"https:\/\/lebenleben.de\/schulbegleitung\/#\/schema\/logo\/image\/","url":"https:\/\/lebenleben.de\/schulbegleitung\/wp-content\/uploads\/sites\/12\/2021\/01\/ll_favicon-green.png","contentUrl":"https:\/\/lebenleben.de\/schulbegleitung\/wp-content\/uploads\/sites\/12\/2021\/01\/ll_favicon-green.png","width":501,"height":501,"caption":"Leben leben Schulbegleitung"},"image":{"@id":"https:\/\/lebenleben.de\/schulbegleitung\/#\/schema\/logo\/image\/"}}]}},"_links":{"self":[{"href":"https:\/\/lebenleben.de\/schulbegleitung\/wp-json\/wp\/v2\/pages\/11","targetHints":{"allow":["GET"]}}],"collection":[{"href":"https:\/\/lebenleben.de\/schulbegleitung\/wp-json\/wp\/v2\/pages"}],"about":[{"href":"https:\/\/lebenleben.de\/schulbegleitung\/wp-json\/wp\/v2\/types\/page"}],"author":[{"embeddable":true,"href":"https:\/\/lebenleben.de\/schulbegleitung\/wp-json\/wp\/v2\/users\/1"}],"replies":[{"embeddable":true,"href":"https:\/\/lebenleben.de\/schulbegleitung\/wp-json\/wp\/v2\/comments?post=11"}],"version-history":[{"count":5,"href":"https:\/\/lebenleben.de\/schulbegleitung\/wp-json\/wp\/v2\/pages\/11\/revisions"}],"predecessor-version":[{"id":237,"href":"https:\/\/lebenleben.de\/schulbegleitung\/wp-json\/wp\/v2\/pages\/11\/revisions\/237"}],"wp:featuredmedia":[{"embeddable":true,"href":"https:\/\/lebenleben.de\/schulbegleitung\/wp-json\/wp\/v2\/media\/97"}],"wp:attachment":[{"href":"https:\/\/lebenleben.de\/schulbegleitung\/wp-json\/wp\/v2\/media?parent=11"}],"curies":[{"name":"wp","href":"https:\/\/api.w.org\/{rel}","templated":true}]}}