{"id":12,"date":"2021-01-22T16:15:45","date_gmt":"2021-01-22T15:15:45","guid":{"rendered":"https:\/\/lebenleben.de\/schulbegleitung\/?page_id=12"},"modified":"2024-05-29T08:53:20","modified_gmt":"2024-05-29T06:53:20","slug":"angebote-fuer-kostentraeger","status":"publish","type":"page","link":"https:\/\/lebenleben.de\/schulbegleitung\/angebote-fuer-kostentraeger\/","title":{"rendered":"Angebote f\u00fcr Kostentr\u00e4ger"},"content":{"rendered":"\n<div id=\"llimageslider-block_99b769d7589cf961c4ed05a93dbac51c\" class=\"block-llimageslider llimageslider alignwide\">\n\n    \n\t\t<div class=\"llimageslider-slider\" data-slick='{\"autoplaySpeed\": 5000}'>\n\t\t\t\t\t\t\t<div class=\"single-slide-wrapper slide-1\">\n\t\t\t\t\t<img loading=\"lazy\" decoding=\"async\" width=\"1400\" height=\"440\" src=\"https:\/\/lebenleben.de\/schulbegleitung\/wp-content\/uploads\/sites\/12\/2024\/05\/ll_header_slider_image_1400x560_0001_Trabacho_2203_8445-1-1400x440-1.jpg\" class=\"single-slide-image slider-desktop-image\" alt=\"\" srcset=\"https:\/\/lebenleben.de\/schulbegleitung\/wp-content\/uploads\/sites\/12\/2024\/05\/ll_header_slider_image_1400x560_0001_Trabacho_2203_8445-1-1400x440-1.jpg 1400w, https:\/\/lebenleben.de\/schulbegleitung\/wp-content\/uploads\/sites\/12\/2024\/05\/ll_header_slider_image_1400x560_0001_Trabacho_2203_8445-1-1400x440-1-300x94.jpg 300w, https:\/\/lebenleben.de\/schulbegleitung\/wp-content\/uploads\/sites\/12\/2024\/05\/ll_header_slider_image_1400x560_0001_Trabacho_2203_8445-1-1400x440-1-1024x322.jpg 1024w, https:\/\/lebenleben.de\/schulbegleitung\/wp-content\/uploads\/sites\/12\/2024\/05\/ll_header_slider_image_1400x560_0001_Trabacho_2203_8445-1-1400x440-1-768x241.jpg 768w\" sizes=\"auto, (max-width: 1400px) 100vw, 1400px\" \/>          <img loading=\"lazy\" decoding=\"async\" width=\"1000\" height=\"314\" src=\"https:\/\/lebenleben.de\/schulbegleitung\/wp-content\/uploads\/sites\/12\/2024\/05\/ll_header_slider_image_1400x560_0001_Trabacho_2203_8445-1-1400x440-1-1024x322.jpg\" class=\"single-slide-image slider-mobile-image\" alt=\"\" srcset=\"https:\/\/lebenleben.de\/schulbegleitung\/wp-content\/uploads\/sites\/12\/2024\/05\/ll_header_slider_image_1400x560_0001_Trabacho_2203_8445-1-1400x440-1-1024x322.jpg 1024w, https:\/\/lebenleben.de\/schulbegleitung\/wp-content\/uploads\/sites\/12\/2024\/05\/ll_header_slider_image_1400x560_0001_Trabacho_2203_8445-1-1400x440-1-300x94.jpg 300w, https:\/\/lebenleben.de\/schulbegleitung\/wp-content\/uploads\/sites\/12\/2024\/05\/ll_header_slider_image_1400x560_0001_Trabacho_2203_8445-1-1400x440-1-768x241.jpg 768w, https:\/\/lebenleben.de\/schulbegleitung\/wp-content\/uploads\/sites\/12\/2024\/05\/ll_header_slider_image_1400x560_0001_Trabacho_2203_8445-1-1400x440-1.jpg 1400w\" sizes=\"auto, (max-width: 1000px) 100vw, 1000px\" \/>\n                    <div class=\"single-slide-text\">\n          <h2>Schulbegleitung in Uelzen und Gifhorn<\/h2><h3>Informationen f\u00fcr Kostentr\u00e4ger<\/h3>                  <\/div>\n        \n\t\t\t\t<\/div>\n\t\t\t\t\t<\/div>\n\t  <script>\n    jQuery(document).ready(function() {\n        jQuery('.llimageslider-slider').slick({\n          dots: true,\n          infinite: true,\n          speed: 1000,\n          autoplay: true,\n          adaptiveHeight: true,\n          slidesToShow: 1,\n          fade: true,\n          focusOnSelect: true\n        });\n    });\n    <\/script>\n<\/div>\n\n\n\n<p>Ziel der Schulbegleitung ist es, dem\/der Sch\u00fcler:in eine geeignete wohnortnahe Schulbildung zu erm\u00f6glichen und die Teilhabe am Schulleben, die Sicherstellung der sozialen Kontakte sowie die Erf\u00fcllung der Schulpflicht zu gew\u00e4hrleisten. Dies beinhaltet:<\/p>\n\n\n\n<div style=\"height:15px\" aria-hidden=\"true\" class=\"wp-block-spacer\"><\/div>\n\n\n\n<ul class=\"wp-block-list\">\n<li>Die M\u00f6glichkeit, am Unterricht teilzunehmen, in die Klasse integriert\/reintegriert zu werden und Lerninhalte ad\u00e4quat zu erfassen. Durch die Schulbegleitung k\u00f6nnen Schulabbr\u00fcche verhindert, Schulabschl\u00fcsse erreicht und erfolgreiche \u00dcberg\u00e4nge in weiterf\u00fchrende Einrichtungen eingeleitet werden. Die Verantwortung der Gesamtf\u00f6rderung des Sch\u00fclers bleibt dabei weiterhin bei der Schule bzw. bei den Erziehungsberechtigten.<\/li>\n\n\n\n<li>Die Integration und Reintegration des\/der Sch\u00fcler:in in das Klassengeschehen mit dem Ziel, m\u00f6glichst selbstst\u00e4ndig und unabh\u00e4ngig handeln zu k\u00f6nnen. Er\/Sie wird durch den\/die Schulbegleiter:in zielorientiert begleitet und unterst\u00fctzt. Dabei soll Selbstst\u00e4ndigkeit erlernt und das Selbstwertgef\u00fchl gest\u00e4rkt werden.<\/li>\n<\/ul>\n\n\n\n<p>Die Zielgruppe der Schulbegleitung von Leben leben besteht, bedingt durch die gesetzlichen Grundlagen, aus zwei Klientelgruppen:<\/p>\n\n\n\n<div style=\"height:15px\" aria-hidden=\"true\" class=\"wp-block-spacer\"><\/div>\n\n\n\n<ul class=\"wp-block-list\">\n<li>Aus seelisch behinderten Kindern und Jugendlichen und solchen, die von einer seelischen Behinderung bedroht sind. Das Kinder- und Jugendhilfegesetz (\u00a7&nbsp;35a SGB&nbsp;VIII) stellt die rechtliche Grundlage f\u00fcr die Gew\u00e4hrung einer Schulbegleitung bei eingeschr\u00e4nkter seelischer Gesundheit oder bei drohender Einschr\u00e4nkung der seelischen Gesundheit dar. Leistungsberechtigt sind Personen, deren Teilhabe am Leben in der Gesellschaft beeintr\u00e4chtigt ist oder bei denen eine solche Beeintr\u00e4chtigung zu erwarten ist. Der Leistungstr\u00e4ger ist das zust\u00e4ndige Jugendamt.<\/li>\n\n\n\n<li>Aus Sch\u00fcler:innen, die durch Behinderung im Sinne von \u00a7&nbsp;2 Abs.&nbsp;1 Satz&nbsp;1 des SGB&nbsp;IX wesentlich in ihrer F\u00e4higkeit, an der Gesellschaft teilzuhaben, eingeschr\u00e4nkt sind oder von einer solchen wesentlichen Behinderung bedroht sind. Innerhalb der Hilfe zur angemessenen Schulbildung (\u00a7\u00a7&nbsp;53, 54 Abs.&nbsp;1 Nr.&nbsp;1 SGB&nbsp;XII in Verbindung mit \u00a7&nbsp;12 Eingliederungshilfeverordnung) haben diese Personen das Recht auf eine Schulbegleitung. Der Anspruch besteht bei eingeschr\u00e4nkter k\u00f6rperlicher und\/oder geistiger Gesundheit. Der Leistungstr\u00e4ger ist das zust\u00e4ndige Sozialamt.<\/li>\n<\/ul>\n\n\n\n<div style=\"height:50px\" aria-hidden=\"true\" class=\"wp-block-spacer\"><\/div>\n","protected":false},"excerpt":{"rendered":"<p>Ziel der Schulbegleitung ist es, dem\/der Sch\u00fcler:in eine geeignete wohnortnahe Schulbildung zu erm\u00f6glichen und die Teilhabe am Schulleben, die Sicherstellung der sozialen Kontakte sowie die Erf\u00fcllung der Schulpflicht zu gew\u00e4hrleisten. Dies beinhaltet: Die Zielgruppe der Schulbegleitung von Leben leben besteht, bedingt durch die gesetzlichen Grundlagen, aus zwei Klientelgruppen:<\/p>\n","protected":false},"author":1,"featured_media":107,"parent":0,"menu_order":40,"comment_status":"closed","ping_status":"closed","template":"page-templates\/page-fullscreen.php","meta":{"_acf_changed":false,"footnotes":""},"class_list":["post-12","page","type-page","status-publish","has-post-thumbnail","hentry"],"acf":[],"yoast_head":"<!-- This site is optimized with the Yoast SEO plugin v27.3 - https:\/\/yoast.com\/product\/yoast-seo-wordpress\/ -->\n<title>Schulbegleitung in Uelzen und Gifhorn | Informationen f\u00fcr Kostentr\u00e4ger<\/title>\n<meta name=\"description\" content=\"Die Schulbegleitung f\u00fcr Kinder und Jugendliche mit Behinderung in Uelzen und Gifhorn erm\u00f6glicht die geeignete wohnortnahe Schulbildung und Teilhabe.\" \/>\n<meta name=\"robots\" content=\"index, follow, max-snippet:-1, max-image-preview:large, max-video-preview:-1\" \/>\n<link rel=\"canonical\" href=\"https:\/\/lebenleben.de\/schulbegleitung\/angebote-fuer-kostentraeger\/\" \/>\n<meta property=\"og:locale\" content=\"de_DE\" \/>\n<meta property=\"og:type\" content=\"article\" \/>\n<meta property=\"og:title\" content=\"Schulbegleitung in Uelzen und Gifhorn | Informationen f\u00fcr Kostentr\u00e4ger\" \/>\n<meta property=\"og:description\" content=\"Die Schulbegleitung f\u00fcr Kinder und Jugendliche mit Behinderung in Uelzen und Gifhorn erm\u00f6glicht die geeignete wohnortnahe Schulbildung und Teilhabe.\" \/>\n<meta property=\"og:url\" content=\"https:\/\/lebenleben.de\/schulbegleitung\/angebote-fuer-kostentraeger\/\" \/>\n<meta property=\"og:site_name\" content=\"Leben leben Schulbegleitung\" \/>\n<meta property=\"article:modified_time\" content=\"2024-05-29T06:53:20+00:00\" \/>\n<meta property=\"og:image\" content=\"https:\/\/lebenleben.de\/schulbegleitung\/wp-content\/uploads\/sites\/12\/2021\/04\/ll_header_slider_image_1400x560_0001_Trabacho_2203_8445-1.jpg\" \/>\n\t<meta property=\"og:image:width\" content=\"1400\" \/>\n\t<meta property=\"og:image:height\" content=\"560\" \/>\n\t<meta property=\"og:image:type\" content=\"image\/jpeg\" \/>\n<meta name=\"twitter:card\" content=\"summary_large_image\" \/>\n<meta name=\"twitter:label1\" content=\"Gesch\u00e4tzte Lesezeit\" \/>\n\t<meta name=\"twitter:data1\" content=\"3\u00a0Minuten\" \/>\n<script type=\"application\/ld+json\" class=\"yoast-schema-graph\">{\"@context\":\"https:\\\/\\\/schema.org\",\"@graph\":[{\"@type\":\"WebPage\",\"@id\":\"https:\\\/\\\/lebenleben.de\\\/schulbegleitung\\\/angebote-fuer-kostentraeger\\\/\",\"url\":\"https:\\\/\\\/lebenleben.de\\\/schulbegleitung\\\/angebote-fuer-kostentraeger\\\/\",\"name\":\"Schulbegleitung in Uelzen und Gifhorn | Informationen f\u00fcr Kostentr\u00e4ger\",\"isPartOf\":{\"@id\":\"https:\\\/\\\/lebenleben.de\\\/schulbegleitung\\\/#website\"},\"primaryImageOfPage\":{\"@id\":\"https:\\\/\\\/lebenleben.de\\\/schulbegleitung\\\/angebote-fuer-kostentraeger\\\/#primaryimage\"},\"image\":{\"@id\":\"https:\\\/\\\/lebenleben.de\\\/schulbegleitung\\\/angebote-fuer-kostentraeger\\\/#primaryimage\"},\"thumbnailUrl\":\"https:\\\/\\\/lebenleben.de\\\/schulbegleitung\\\/wp-content\\\/uploads\\\/sites\\\/12\\\/2021\\\/04\\\/ll_header_slider_image_1400x560_0001_Trabacho_2203_8445-1.jpg\",\"datePublished\":\"2021-01-22T15:15:45+00:00\",\"dateModified\":\"2024-05-29T06:53:20+00:00\",\"description\":\"Die Schulbegleitung f\u00fcr Kinder und Jugendliche mit Behinderung in Uelzen und Gifhorn erm\u00f6glicht die geeignete wohnortnahe Schulbildung und Teilhabe.\",\"breadcrumb\":{\"@id\":\"https:\\\/\\\/lebenleben.de\\\/schulbegleitung\\\/angebote-fuer-kostentraeger\\\/#breadcrumb\"},\"inLanguage\":\"de\",\"potentialAction\":[{\"@type\":\"ReadAction\",\"target\":[\"https:\\\/\\\/lebenleben.de\\\/schulbegleitung\\\/angebote-fuer-kostentraeger\\\/\"]}]},{\"@type\":\"ImageObject\",\"inLanguage\":\"de\",\"@id\":\"https:\\\/\\\/lebenleben.de\\\/schulbegleitung\\\/angebote-fuer-kostentraeger\\\/#primaryimage\",\"url\":\"https:\\\/\\\/lebenleben.de\\\/schulbegleitung\\\/wp-content\\\/uploads\\\/sites\\\/12\\\/2021\\\/04\\\/ll_header_slider_image_1400x560_0001_Trabacho_2203_8445-1.jpg\",\"contentUrl\":\"https:\\\/\\\/lebenleben.de\\\/schulbegleitung\\\/wp-content\\\/uploads\\\/sites\\\/12\\\/2021\\\/04\\\/ll_header_slider_image_1400x560_0001_Trabacho_2203_8445-1.jpg\",\"width\":1400,\"height\":560},{\"@type\":\"BreadcrumbList\",\"@id\":\"https:\\\/\\\/lebenleben.de\\\/schulbegleitung\\\/angebote-fuer-kostentraeger\\\/#breadcrumb\",\"itemListElement\":[{\"@type\":\"ListItem\",\"position\":1,\"name\":\"Startseite\",\"item\":\"https:\\\/\\\/lebenleben.de\\\/schulbegleitung\\\/\"},{\"@type\":\"ListItem\",\"position\":2,\"name\":\"Angebote f\u00fcr Kostentr\u00e4ger\"}]},{\"@type\":\"WebSite\",\"@id\":\"https:\\\/\\\/lebenleben.de\\\/schulbegleitung\\\/#website\",\"url\":\"https:\\\/\\\/lebenleben.de\\\/schulbegleitung\\\/\",\"name\":\"Leben leben Schulbegleitung\",\"description\":\"Eine weitere Leben Leben Netzwerk Website\",\"publisher\":{\"@id\":\"https:\\\/\\\/lebenleben.de\\\/schulbegleitung\\\/#organization\"},\"potentialAction\":[{\"@type\":\"SearchAction\",\"target\":{\"@type\":\"EntryPoint\",\"urlTemplate\":\"https:\\\/\\\/lebenleben.de\\\/schulbegleitung\\\/?s={search_term_string}\"},\"query-input\":{\"@type\":\"PropertyValueSpecification\",\"valueRequired\":true,\"valueName\":\"search_term_string\"}}],\"inLanguage\":\"de\"},{\"@type\":\"Organization\",\"@id\":\"https:\\\/\\\/lebenleben.de\\\/schulbegleitung\\\/#organization\",\"name\":\"Leben leben Schulbegleitung\",\"url\":\"https:\\\/\\\/lebenleben.de\\\/schulbegleitung\\\/\",\"logo\":{\"@type\":\"ImageObject\",\"inLanguage\":\"de\",\"@id\":\"https:\\\/\\\/lebenleben.de\\\/schulbegleitung\\\/#\\\/schema\\\/logo\\\/image\\\/\",\"url\":\"https:\\\/\\\/lebenleben.de\\\/schulbegleitung\\\/wp-content\\\/uploads\\\/sites\\\/12\\\/2021\\\/01\\\/ll_favicon-green.png\",\"contentUrl\":\"https:\\\/\\\/lebenleben.de\\\/schulbegleitung\\\/wp-content\\\/uploads\\\/sites\\\/12\\\/2021\\\/01\\\/ll_favicon-green.png\",\"width\":501,\"height\":501,\"caption\":\"Leben leben Schulbegleitung\"},\"image\":{\"@id\":\"https:\\\/\\\/lebenleben.de\\\/schulbegleitung\\\/#\\\/schema\\\/logo\\\/image\\\/\"}}]}<\/script>\n<!-- \/ Yoast SEO plugin. -->","yoast_head_json":{"title":"Schulbegleitung in Uelzen und Gifhorn | Informationen f\u00fcr Kostentr\u00e4ger","description":"Die Schulbegleitung f\u00fcr Kinder und Jugendliche mit Behinderung in Uelzen und Gifhorn erm\u00f6glicht die geeignete wohnortnahe Schulbildung und Teilhabe.","robots":{"index":"index","follow":"follow","max-snippet":"max-snippet:-1","max-image-preview":"max-image-preview:large","max-video-preview":"max-video-preview:-1"},"canonical":"https:\/\/lebenleben.de\/schulbegleitung\/angebote-fuer-kostentraeger\/","og_locale":"de_DE","og_type":"article","og_title":"Schulbegleitung in Uelzen und Gifhorn | Informationen f\u00fcr Kostentr\u00e4ger","og_description":"Die Schulbegleitung f\u00fcr Kinder und Jugendliche mit Behinderung in Uelzen und Gifhorn erm\u00f6glicht die geeignete wohnortnahe Schulbildung und Teilhabe.","og_url":"https:\/\/lebenleben.de\/schulbegleitung\/angebote-fuer-kostentraeger\/","og_site_name":"Leben leben Schulbegleitung","article_modified_time":"2024-05-29T06:53:20+00:00","og_image":[{"width":1400,"height":560,"url":"https:\/\/lebenleben.de\/schulbegleitung\/wp-content\/uploads\/sites\/12\/2021\/04\/ll_header_slider_image_1400x560_0001_Trabacho_2203_8445-1.jpg","type":"image\/jpeg"}],"twitter_card":"summary_large_image","twitter_misc":{"Gesch\u00e4tzte Lesezeit":"3\u00a0Minuten"},"schema":{"@context":"https:\/\/schema.org","@graph":[{"@type":"WebPage","@id":"https:\/\/lebenleben.de\/schulbegleitung\/angebote-fuer-kostentraeger\/","url":"https:\/\/lebenleben.de\/schulbegleitung\/angebote-fuer-kostentraeger\/","name":"Schulbegleitung in Uelzen und Gifhorn | Informationen f\u00fcr Kostentr\u00e4ger","isPartOf":{"@id":"https:\/\/lebenleben.de\/schulbegleitung\/#website"},"primaryImageOfPage":{"@id":"https:\/\/lebenleben.de\/schulbegleitung\/angebote-fuer-kostentraeger\/#primaryimage"},"image":{"@id":"https:\/\/lebenleben.de\/schulbegleitung\/angebote-fuer-kostentraeger\/#primaryimage"},"thumbnailUrl":"https:\/\/lebenleben.de\/schulbegleitung\/wp-content\/uploads\/sites\/12\/2021\/04\/ll_header_slider_image_1400x560_0001_Trabacho_2203_8445-1.jpg","datePublished":"2021-01-22T15:15:45+00:00","dateModified":"2024-05-29T06:53:20+00:00","description":"Die Schulbegleitung f\u00fcr Kinder und Jugendliche mit Behinderung in Uelzen und Gifhorn erm\u00f6glicht die geeignete wohnortnahe Schulbildung und Teilhabe.","breadcrumb":{"@id":"https:\/\/lebenleben.de\/schulbegleitung\/angebote-fuer-kostentraeger\/#breadcrumb"},"inLanguage":"de","potentialAction":[{"@type":"ReadAction","target":["https:\/\/lebenleben.de\/schulbegleitung\/angebote-fuer-kostentraeger\/"]}]},{"@type":"ImageObject","inLanguage":"de","@id":"https:\/\/lebenleben.de\/schulbegleitung\/angebote-fuer-kostentraeger\/#primaryimage","url":"https:\/\/lebenleben.de\/schulbegleitung\/wp-content\/uploads\/sites\/12\/2021\/04\/ll_header_slider_image_1400x560_0001_Trabacho_2203_8445-1.jpg","contentUrl":"https:\/\/lebenleben.de\/schulbegleitung\/wp-content\/uploads\/sites\/12\/2021\/04\/ll_header_slider_image_1400x560_0001_Trabacho_2203_8445-1.jpg","width":1400,"height":560},{"@type":"BreadcrumbList","@id":"https:\/\/lebenleben.de\/schulbegleitung\/angebote-fuer-kostentraeger\/#breadcrumb","itemListElement":[{"@type":"ListItem","position":1,"name":"Startseite","item":"https:\/\/lebenleben.de\/schulbegleitung\/"},{"@type":"ListItem","position":2,"name":"Angebote f\u00fcr Kostentr\u00e4ger"}]},{"@type":"WebSite","@id":"https:\/\/lebenleben.de\/schulbegleitung\/#website","url":"https:\/\/lebenleben.de\/schulbegleitung\/","name":"Leben leben Schulbegleitung","description":"Eine weitere Leben Leben Netzwerk Website","publisher":{"@id":"https:\/\/lebenleben.de\/schulbegleitung\/#organization"},"potentialAction":[{"@type":"SearchAction","target":{"@type":"EntryPoint","urlTemplate":"https:\/\/lebenleben.de\/schulbegleitung\/?s={search_term_string}"},"query-input":{"@type":"PropertyValueSpecification","valueRequired":true,"valueName":"search_term_string"}}],"inLanguage":"de"},{"@type":"Organization","@id":"https:\/\/lebenleben.de\/schulbegleitung\/#organization","name":"Leben leben Schulbegleitung","url":"https:\/\/lebenleben.de\/schulbegleitung\/","logo":{"@type":"ImageObject","inLanguage":"de","@id":"https:\/\/lebenleben.de\/schulbegleitung\/#\/schema\/logo\/image\/","url":"https:\/\/lebenleben.de\/schulbegleitung\/wp-content\/uploads\/sites\/12\/2021\/01\/ll_favicon-green.png","contentUrl":"https:\/\/lebenleben.de\/schulbegleitung\/wp-content\/uploads\/sites\/12\/2021\/01\/ll_favicon-green.png","width":501,"height":501,"caption":"Leben leben Schulbegleitung"},"image":{"@id":"https:\/\/lebenleben.de\/schulbegleitung\/#\/schema\/logo\/image\/"}}]}},"_links":{"self":[{"href":"https:\/\/lebenleben.de\/schulbegleitung\/wp-json\/wp\/v2\/pages\/12","targetHints":{"allow":["GET"]}}],"collection":[{"href":"https:\/\/lebenleben.de\/schulbegleitung\/wp-json\/wp\/v2\/pages"}],"about":[{"href":"https:\/\/lebenleben.de\/schulbegleitung\/wp-json\/wp\/v2\/types\/page"}],"author":[{"embeddable":true,"href":"https:\/\/lebenleben.de\/schulbegleitung\/wp-json\/wp\/v2\/users\/1"}],"replies":[{"embeddable":true,"href":"https:\/\/lebenleben.de\/schulbegleitung\/wp-json\/wp\/v2\/comments?post=12"}],"version-history":[{"count":5,"href":"https:\/\/lebenleben.de\/schulbegleitung\/wp-json\/wp\/v2\/pages\/12\/revisions"}],"predecessor-version":[{"id":235,"href":"https:\/\/lebenleben.de\/schulbegleitung\/wp-json\/wp\/v2\/pages\/12\/revisions\/235"}],"wp:featuredmedia":[{"embeddable":true,"href":"https:\/\/lebenleben.de\/schulbegleitung\/wp-json\/wp\/v2\/media\/107"}],"wp:attachment":[{"href":"https:\/\/lebenleben.de\/schulbegleitung\/wp-json\/wp\/v2\/media?parent=12"}],"curies":[{"name":"wp","href":"https:\/\/api.w.org\/{rel}","templated":true}]}}