{"id":13,"date":"2021-01-22T10:52:17","date_gmt":"2021-01-22T09:52:17","guid":{"rendered":"https:\/\/lebenleben.de\/therapiezentrum\/?page_id=13"},"modified":"2025-10-27T08:13:56","modified_gmt":"2025-10-27T07:13:56","slug":"physiotherapie","status":"publish","type":"page","link":"https:\/\/lebenleben.de\/therapiezentrum\/physiotherapie\/","title":{"rendered":"Physiotherapie"},"content":{"rendered":"\n<div id=\"llimageslider-block_7f0dcb72a0dde58768f475a5d3d2eab7\" class=\"block-llimageslider llimageslider alignwide\">\n\n    \n\t\t<div class=\"llimageslider-slider\" data-slick='{\"autoplaySpeed\": 5000}'>\n\t\t\t\t\t\t\t<div class=\"single-slide-wrapper slide-1\">\n\t\t\t\t\t<img loading=\"lazy\" decoding=\"async\" width=\"1400\" height=\"440\" src=\"https:\/\/lebenleben.de\/therapiezentrum\/wp-content\/uploads\/sites\/4\/2025\/01\/Header_Physio.jpg\" class=\"single-slide-image slider-desktop-image\" alt=\"\" srcset=\"https:\/\/lebenleben.de\/therapiezentrum\/wp-content\/uploads\/sites\/4\/2025\/01\/Header_Physio.jpg 1400w, https:\/\/lebenleben.de\/therapiezentrum\/wp-content\/uploads\/sites\/4\/2025\/01\/Header_Physio-300x94.jpg 300w, https:\/\/lebenleben.de\/therapiezentrum\/wp-content\/uploads\/sites\/4\/2025\/01\/Header_Physio-1024x322.jpg 1024w, https:\/\/lebenleben.de\/therapiezentrum\/wp-content\/uploads\/sites\/4\/2025\/01\/Header_Physio-768x241.jpg 768w\" sizes=\"auto, (max-width: 1400px) 100vw, 1400px\" \/>          <img loading=\"lazy\" decoding=\"async\" width=\"1000\" height=\"314\" src=\"https:\/\/lebenleben.de\/therapiezentrum\/wp-content\/uploads\/sites\/4\/2025\/01\/Header_Physio-1024x322.jpg\" class=\"single-slide-image slider-mobile-image\" alt=\"\" srcset=\"https:\/\/lebenleben.de\/therapiezentrum\/wp-content\/uploads\/sites\/4\/2025\/01\/Header_Physio-1024x322.jpg 1024w, https:\/\/lebenleben.de\/therapiezentrum\/wp-content\/uploads\/sites\/4\/2025\/01\/Header_Physio-300x94.jpg 300w, https:\/\/lebenleben.de\/therapiezentrum\/wp-content\/uploads\/sites\/4\/2025\/01\/Header_Physio-768x241.jpg 768w, https:\/\/lebenleben.de\/therapiezentrum\/wp-content\/uploads\/sites\/4\/2025\/01\/Header_Physio.jpg 1400w\" sizes=\"auto, (max-width: 1000px) 100vw, 1000px\" \/>\n                    <div class=\"single-slide-text\">\n          <h2>Physiotherapie<\/h2><h3>Behandlungen f\u00fcr Kinder, Jugendliche und Erwachsene<\/h3>                  <\/div>\n        \n\t\t\t\t<\/div>\n\t\t\t\t\t<\/div>\n\t  <script>\n    jQuery(document).ready(function() {\n        jQuery('.llimageslider-slider').slick({\n          dots: true,\n          infinite: true,\n          speed: 1000,\n          autoplay: true,\n          adaptiveHeight: true,\n          slidesToShow: 1,\n          fade: true,\n          focusOnSelect: true\n        });\n    });\n    <\/script>\n<\/div>\n\n\n\n<h2 class=\"wp-block-heading has-text-align-center\">Ihre Gesundheit ist unendlich wertvoll!<\/h2>\n\n\n\n<div style=\"height:15px\" aria-hidden=\"true\" class=\"wp-block-spacer\"><\/div>\n\n\n\n<p class=\"has-text-align-center\">Profitieren Sie von unserer langj\u00e4hrigen Therapieerfahrung und der modernen Ausstattung unserer Praxen in <a href=\"https:\/\/lebenleben.de\/therapiezentrum\/praxen\/#uelzen\">Uelzen<\/a> und <a href=\"https:\/\/lebenleben.de\/therapiezentrum\/praxen\/#suderburg\">Suderburg<\/a>.<\/p>\n\n\n\n<p class=\"has-text-align-center\">In der Therapie setzen wir uns immer f\u00fcr Ihre individuellen Bed\u00fcrfnisse ein und unterst\u00fctzen Sie aktiv in Ihrem Heilungsprozess \u2013 mittels genauer Analyse, dem Verstehen aller Zusammenh\u00e4nge und der direkten Behandlung unter Ber\u00fccksichtigung der Ursachen-Folgen-Kette.<\/p>\n\n\n\n<div style=\"height:50px\" aria-hidden=\"true\" class=\"wp-block-spacer\"><\/div>\n\n\n\n<div class=\"wp-block-group alignfull bg-grey\"><div class=\"wp-block-group__inner-container is-layout-constrained wp-block-group-is-layout-constrained\">\n<h2 class=\"wp-block-heading has-text-align-center\">Unsere Therapieangebote<\/h2>\n\n\n\n<p class=\"has-text-align-center\">Wir bieten Ihnen ein umfangreiches Spektrum an spezialisierten physiotherapeutischen Behandlungen f\u00fcr Kinder, Jugendliche und Erwachsene.<\/p>\n\n\n\n<div style=\"height:25px\" aria-hidden=\"true\" class=\"wp-block-spacer\"><\/div>\n\n\n    <script>\n    jQuery(document).ready(function() {\n        jQuery('.uid-1').slick({\n            dots: true,\n            infinite: true,\n            arrows: true,\n            speed: 1000,\n            autoplay: false,\n            slidesToShow: 3,\n            slidesToScroll: 1,\n            fade: false,\n            responsive: [\n                {\n                    breakpoint: 1024,\n                    settings: {\n                        slidesToShow: 2,\n                        slidesToScroll: 1\n                    }\n                },\n                {\n                    breakpoint: 800,\n                    settings: {\n                        slidesToShow: 1,\n                        slidesToScroll: 1\n                    }\n                }\n            ]\n        });\n    });\n    <\/script>\n\n<div id=\"listteaser-block_f0e49000c0c234373670d2ce4a8fb883\" class=\"block-listteaser-wrapper columns-3 uid-1 testimonial block-listteaser--style-default\">\n                        <div class=\"listteaser-single single-teaser block-subpage-wrapper__single\">\n                <img loading=\"lazy\" decoding=\"async\" width=\"800\" height=\"480\" src=\"https:\/\/lebenleben.de\/therapiezentrum\/wp-content\/uploads\/sites\/4\/2025\/01\/Krankengymnastik-800x480.jpg\" class=\"\" alt=\"\" srcset=\"https:\/\/lebenleben.de\/therapiezentrum\/wp-content\/uploads\/sites\/4\/2025\/01\/Krankengymnastik-800x480.jpg 800w, https:\/\/lebenleben.de\/therapiezentrum\/wp-content\/uploads\/sites\/4\/2025\/01\/Krankengymnastik-400x240.jpg 400w\" sizes=\"auto, (max-width: 800px) 100vw, 800px\" \/>                <div class=\"textwrapper\">\n                    <h3 class='block-listteaser__headline text-align-center'>Allgemeine Krankengymnastik<\/h3>                    \n                    <p><p style=\"text-align: center\">Die Allgemeine Krankengymnastik f\u00f6rdert Beweglichkeit, Kraft und Wohlbefinden durch individuell angepasste \u00dcbungen und physiotherapeutische Techniken zur Pr\u00e4vention, Rehabilitation und Schmerzlinderung.<\/p>\n<h4 style=\"text-align: center\">Behandlungsdauer: 20 Minuten<\/h4>\n<\/p>\n                                    <\/div>\n            <\/div>\n                    <div class=\"listteaser-single single-teaser block-subpage-wrapper__single\">\n                <img loading=\"lazy\" decoding=\"async\" width=\"800\" height=\"480\" src=\"https:\/\/lebenleben.de\/therapiezentrum\/wp-content\/uploads\/sites\/4\/2025\/01\/PNF-800x480.jpg\" class=\"\" alt=\"\" srcset=\"https:\/\/lebenleben.de\/therapiezentrum\/wp-content\/uploads\/sites\/4\/2025\/01\/PNF-800x480.jpg 800w, https:\/\/lebenleben.de\/therapiezentrum\/wp-content\/uploads\/sites\/4\/2025\/01\/PNF-400x240.jpg 400w\" sizes=\"auto, (max-width: 800px) 100vw, 800px\" \/>                <div class=\"textwrapper\">\n                    <h3 class='block-listteaser__headline text-align-center'>Propriozeptive Neuromuskul\u00e4re Fazilitation<\/h3>                    \n                    <p><p style=\"text-align: center\">Propriozeptive Neuromuskul\u00e4re Fazilitation (PNF) ist eine physiotherapeutische Methode, die durch gezielte Bewegungsreize und Muskelaktivierung nat\u00fcrliche Bewegungsmuster f\u00f6rdert und verbessert.<\/p>\n<h4 style=\"text-align: center\">Behandlungsdauer: 30 Minuten<\/h4>\n<\/p>\n                                    <\/div>\n            <\/div>\n                    <div class=\"listteaser-single single-teaser block-subpage-wrapper__single\">\n                <img loading=\"lazy\" decoding=\"async\" width=\"800\" height=\"480\" src=\"https:\/\/lebenleben.de\/therapiezentrum\/wp-content\/uploads\/sites\/4\/2025\/01\/Bobath-800x480.jpg\" class=\"\" alt=\"\" srcset=\"https:\/\/lebenleben.de\/therapiezentrum\/wp-content\/uploads\/sites\/4\/2025\/01\/Bobath-800x480.jpg 800w, https:\/\/lebenleben.de\/therapiezentrum\/wp-content\/uploads\/sites\/4\/2025\/01\/Bobath-400x240.jpg 400w\" sizes=\"auto, (max-width: 800px) 100vw, 800px\" \/>                <div class=\"textwrapper\">\n                    <h3 class='block-listteaser__headline text-align-center'>Bobath (Erwachsene)<\/h3>                    \n                    <p><p style=\"text-align: center\">Bobath ist ein ganzheitlicher Ansatz, der speziell zur Behandlung neurologischer St\u00f6rungen entwickelt wurde und die Wiedererlangung nat\u00fcrlicher Bewegungsabl\u00e4ufe durch individuelle F\u00f6rderung unterst\u00fctzt.<\/p>\n<h4 style=\"text-align: center\">Behandlungsdauer: 30 Minuten<\/h4>\n<\/p>\n                                    <\/div>\n            <\/div>\n                    <div class=\"listteaser-single single-teaser block-subpage-wrapper__single\">\n                <img loading=\"lazy\" decoding=\"async\" width=\"800\" height=\"480\" src=\"https:\/\/lebenleben.de\/therapiezentrum\/wp-content\/uploads\/sites\/4\/2025\/01\/Manuelle-Lymphdrainage-800x480.jpg\" class=\"\" alt=\"\" srcset=\"https:\/\/lebenleben.de\/therapiezentrum\/wp-content\/uploads\/sites\/4\/2025\/01\/Manuelle-Lymphdrainage-800x480.jpg 800w, https:\/\/lebenleben.de\/therapiezentrum\/wp-content\/uploads\/sites\/4\/2025\/01\/Manuelle-Lymphdrainage-400x240.jpg 400w\" sizes=\"auto, (max-width: 800px) 100vw, 800px\" \/>                <div class=\"textwrapper\">\n                    <h3 class='block-listteaser__headline text-align-center'>Manuelle Lymphdrainage<\/h3>                    \n                    <p><p style=\"text-align: center\">Die Manuelle Lymphdrainage ist eine sanfte Therapieform, die durch gezielte Grifftechniken den Lymphfluss anregt, Schwellungen reduziert und den Heilungsprozess unterst\u00fctzt.<\/p>\n<h4 style=\"text-align: center\">Behandlungsdauer: 30 &#8211; 60 Minuten<\/h4>\n<\/p>\n                                    <\/div>\n            <\/div>\n            <\/div>\n<\/div><\/div>\n\n\n\n<div style=\"height:35px\" aria-hidden=\"true\" class=\"wp-block-spacer\"><\/div>\n\n\n\n<h2 class=\"wp-block-heading has-text-align-center\">Terminvereinbarung und Kontakt<\/h2>\n\n\n\n<div style=\"height:35px\" aria-hidden=\"true\" class=\"wp-block-spacer\"><\/div>\n\n\n\n<div class=\"wp-block-columns is-layout-flex wp-container-core-columns-is-layout-9d6595d7 wp-block-columns-is-layout-flex\">\n<div class=\"wp-block-column is-layout-flow wp-block-column-is-layout-flow\" style=\"flex-basis:35%\">\n<h3 class=\"wp-block-heading\">Therapiezentrum Uelzen<\/h3>\n\n\n\n<p>Von-Estorff-Stra\u00dfe 3<br>29525 Uelzen<\/p>\n\n\n\n<p><strong>Saskia Kr\u00fcger<br><\/strong>Praxisassistentin<\/p>\n\n\n\n<p><strong>Telefon<\/strong>: <a href=\"tel:+495819716650\">0581 97166-50<\/a><br><strong>E-Mail<\/strong>: <a href=\"javascript:;\">therapiezentrum@lebenleben.de<\/a><\/p>\n\n\n<div id=\"llreadmore-block_981e6c14017bb579d7c358e03ffa20e9\" class=\"block-llreadmore llreadmore\">\n\t<a class=\"button\" href=\"https:\/\/lebenleben.de\/therapiezentrum\/terminanfrage\/\" target=\"_self\">Online-Terminanfrage&nbsp;&raquo;<\/a>\n<\/div>\n<\/div>\n\n\n\n<div class=\"wp-block-column is-layout-flow wp-block-column-is-layout-flow\" style=\"flex-basis:65%\">\n <div class=\"brlbs-cmpnt-container brlbs-cmpnt-content-blocker brlbs-cmpnt-with-individual-styles\" data-borlabs-cookie-content-blocker-id=\"google-maps\" data-borlabs-cookie-content=\"PGlmcmFtZSBzdHlsZT0iYm9yZGVyOiAwIiBzcmM9Imh0dHBzOi8vd3d3Lmdvb2dsZS5jb20vbWFwcy9lbWJlZD9wYj0hMW0xOCExbTEyITFtMyExZDI0MDMuMzExMDc0NDEzNDY5NyEyZDEwLjU0MzEwMzg3Njk0ODcwNCEzZDUyLjk2MDgxODIwMzQ5OTI4ITJtMyExZjAhMmYwITNmMCEzbTIhMWkxMDI0ITJpNzY4ITRmMTMuMSEzbTMhMW0yITFzMHg0N2FlMmI3OTg4ZWM1OTMzJTNBMHgzODJhY2M3MTllZmE3NTJhITJzVGhlcmFwaWV6ZW50cnVtJTIwVWVsemVuJTIwZ0dtYkghNWUwITNtMiExc2RlITJzZGUhNHYxNzM3MDIxMzQ5MTg3ITVtMiExc2RlITJzZGUmbm9wcm9mPTEiIHdpZHRoPSIxMDAlIiBoZWlnaHQ9IjMwMCI+PC9pZnJhbWU+\"><div class=\"brlbs-cmpnt-cb-preset-b brlbs-cmpnt-cb-google-maps\"> <div class=\"brlbs-cmpnt-cb-thumbnail\" style=\"background-image: url('https:\/\/lebenleben.de\/therapiezentrum\/wp-content\/uploads\/borlabs-cookie\/4\/brlbs-cb-google-maps-main.png')\"><\/div> <div class=\"brlbs-cmpnt-cb-main\"> <div class=\"brlbs-cmpnt-cb-content\"> <p class=\"brlbs-cmpnt-cb-description\">Sie sehen gerade einen Platzhalterinhalt von <strong>Google Maps<\/strong>. Um auf den eigentlichen Inhalt zuzugreifen, klicken Sie auf die Schaltfl\u00e4che unten. Bitte beachten Sie, dass dabei Daten an Drittanbieter weitergegeben werden.<\/p> <a class=\"brlbs-cmpnt-cb-provider-toggle\" href=\"#\" data-borlabs-cookie-show-provider-information role=\"button\">Mehr Informationen<\/a> <\/div> <div class=\"brlbs-cmpnt-cb-buttons\"> <a class=\"brlbs-cmpnt-cb-btn\" href=\"#\" data-borlabs-cookie-unblock role=\"button\">Inhalt entsperren<\/a> <a class=\"brlbs-cmpnt-cb-btn\" href=\"#\" data-borlabs-cookie-accept-service role=\"button\" style=\"display: inherit\">Erforderlichen Service akzeptieren und Inhalte entsperren<\/a> <\/div> <\/div> <\/div><\/div>\n<\/div>\n<\/div>\n\n\n\n<div style=\"height:50px\" aria-hidden=\"true\" class=\"wp-block-spacer\"><\/div>\n","protected":false},"excerpt":{"rendered":"<p>Ihre Gesundheit ist unendlich wertvoll! Profitieren Sie von unserer langj\u00e4hrigen Therapieerfahrung und der modernen Ausstattung unserer Praxen in Uelzen und Suderburg. In der Therapie setzen wir uns immer f\u00fcr Ihre individuellen Bed\u00fcrfnisse ein und unterst\u00fctzen Sie aktiv in Ihrem Heilungsprozess \u2013 mittels genauer Analyse, dem Verstehen aller Zusammenh\u00e4nge und der direkten Behandlung unter Ber\u00fccksichtigung der [&hellip;]<\/p>\n","protected":false},"author":1,"featured_media":663,"parent":0,"menu_order":40,"comment_status":"closed","ping_status":"closed","template":"page-templates\/page-fullscreen.php","meta":{"_acf_changed":false,"footnotes":""},"class_list":["post-13","page","type-page","status-publish","has-post-thumbnail","hentry"],"acf":[],"yoast_head":"<!-- This site is optimized with the Yoast SEO plugin v27.3 - https:\/\/yoast.com\/product\/yoast-seo-wordpress\/ -->\n<title>Physiotherapie Uelzen | Wir vermitteln Sie an eine Kooperationspraxis<\/title>\n<meta name=\"description\" content=\"Zurzeit bieten wir keine Physiotherapie im Therapiezentrum Uelzen an.\" \/>\n<meta name=\"robots\" content=\"index, follow, max-snippet:-1, max-image-preview:large, max-video-preview:-1\" \/>\n<link rel=\"canonical\" href=\"https:\/\/lebenleben.de\/therapiezentrum\/physiotherapie\/\" \/>\n<meta property=\"og:locale\" content=\"de_DE\" \/>\n<meta property=\"og:type\" content=\"article\" \/>\n<meta property=\"og:title\" content=\"Physiotherapie Uelzen | Wir vermitteln Sie an eine Kooperationspraxis\" \/>\n<meta property=\"og:description\" content=\"Zurzeit bieten wir keine Physiotherapie im Therapiezentrum Uelzen an.\" \/>\n<meta property=\"og:url\" content=\"https:\/\/lebenleben.de\/therapiezentrum\/physiotherapie\/\" \/>\n<meta property=\"og:site_name\" content=\"Leben leben Therapiezentrum\" \/>\n<meta property=\"article:modified_time\" content=\"2025-10-27T07:13:56+00:00\" \/>\n<meta property=\"og:image\" content=\"https:\/\/lebenleben.de\/therapiezentrum\/wp-content\/uploads\/sites\/4\/2025\/01\/Physio.jpg\" \/>\n\t<meta property=\"og:image:width\" content=\"903\" \/>\n\t<meta property=\"og:image:height\" content=\"542\" \/>\n\t<meta property=\"og:image:type\" content=\"image\/jpeg\" \/>\n<meta name=\"twitter:card\" content=\"summary_large_image\" \/>\n<meta name=\"twitter:label1\" content=\"Gesch\u00e4tzte Lesezeit\" \/>\n\t<meta name=\"twitter:data1\" content=\"3\u00a0Minuten\" \/>\n<script type=\"application\/ld+json\" class=\"yoast-schema-graph\">{\"@context\":\"https:\\\/\\\/schema.org\",\"@graph\":[{\"@type\":\"WebPage\",\"@id\":\"https:\\\/\\\/lebenleben.de\\\/therapiezentrum\\\/physiotherapie\\\/\",\"url\":\"https:\\\/\\\/lebenleben.de\\\/therapiezentrum\\\/physiotherapie\\\/\",\"name\":\"Physiotherapie Uelzen | Wir vermitteln Sie an eine Kooperationspraxis\",\"isPartOf\":{\"@id\":\"https:\\\/\\\/lebenleben.de\\\/therapiezentrum\\\/#website\"},\"primaryImageOfPage\":{\"@id\":\"https:\\\/\\\/lebenleben.de\\\/therapiezentrum\\\/physiotherapie\\\/#primaryimage\"},\"image\":{\"@id\":\"https:\\\/\\\/lebenleben.de\\\/therapiezentrum\\\/physiotherapie\\\/#primaryimage\"},\"thumbnailUrl\":\"https:\\\/\\\/lebenleben.de\\\/therapiezentrum\\\/wp-content\\\/uploads\\\/sites\\\/4\\\/2025\\\/01\\\/Physio.jpg\",\"datePublished\":\"2021-01-22T09:52:17+00:00\",\"dateModified\":\"2025-10-27T07:13:56+00:00\",\"description\":\"Zurzeit bieten wir keine Physiotherapie im Therapiezentrum Uelzen an.\",\"breadcrumb\":{\"@id\":\"https:\\\/\\\/lebenleben.de\\\/therapiezentrum\\\/physiotherapie\\\/#breadcrumb\"},\"inLanguage\":\"de\",\"potentialAction\":[{\"@type\":\"ReadAction\",\"target\":[\"https:\\\/\\\/lebenleben.de\\\/therapiezentrum\\\/physiotherapie\\\/\"]}]},{\"@type\":\"ImageObject\",\"inLanguage\":\"de\",\"@id\":\"https:\\\/\\\/lebenleben.de\\\/therapiezentrum\\\/physiotherapie\\\/#primaryimage\",\"url\":\"https:\\\/\\\/lebenleben.de\\\/therapiezentrum\\\/wp-content\\\/uploads\\\/sites\\\/4\\\/2025\\\/01\\\/Physio.jpg\",\"contentUrl\":\"https:\\\/\\\/lebenleben.de\\\/therapiezentrum\\\/wp-content\\\/uploads\\\/sites\\\/4\\\/2025\\\/01\\\/Physio.jpg\",\"width\":903,\"height\":542},{\"@type\":\"BreadcrumbList\",\"@id\":\"https:\\\/\\\/lebenleben.de\\\/therapiezentrum\\\/physiotherapie\\\/#breadcrumb\",\"itemListElement\":[{\"@type\":\"ListItem\",\"position\":1,\"name\":\"Startseite\",\"item\":\"https:\\\/\\\/lebenleben.de\\\/therapiezentrum\\\/\"},{\"@type\":\"ListItem\",\"position\":2,\"name\":\"Physiotherapie\"}]},{\"@type\":\"WebSite\",\"@id\":\"https:\\\/\\\/lebenleben.de\\\/therapiezentrum\\\/#website\",\"url\":\"https:\\\/\\\/lebenleben.de\\\/therapiezentrum\\\/\",\"name\":\"Leben leben Therapiezentrum\",\"description\":\"Eine weitere Leben Leben Netzwerk Website\",\"publisher\":{\"@id\":\"https:\\\/\\\/lebenleben.de\\\/therapiezentrum\\\/#organization\"},\"potentialAction\":[{\"@type\":\"SearchAction\",\"target\":{\"@type\":\"EntryPoint\",\"urlTemplate\":\"https:\\\/\\\/lebenleben.de\\\/therapiezentrum\\\/?s={search_term_string}\"},\"query-input\":{\"@type\":\"PropertyValueSpecification\",\"valueRequired\":true,\"valueName\":\"search_term_string\"}}],\"inLanguage\":\"de\"},{\"@type\":\"Organization\",\"@id\":\"https:\\\/\\\/lebenleben.de\\\/therapiezentrum\\\/#organization\",\"name\":\"Leben leben Therapiezentrum\",\"url\":\"https:\\\/\\\/lebenleben.de\\\/therapiezentrum\\\/\",\"logo\":{\"@type\":\"ImageObject\",\"inLanguage\":\"de\",\"@id\":\"https:\\\/\\\/lebenleben.de\\\/therapiezentrum\\\/#\\\/schema\\\/logo\\\/image\\\/\",\"url\":\"https:\\\/\\\/lebenleben.de\\\/therapiezentrum\\\/wp-content\\\/uploads\\\/sites\\\/4\\\/2021\\\/01\\\/ll_favicon-cyan.png\",\"contentUrl\":\"https:\\\/\\\/lebenleben.de\\\/therapiezentrum\\\/wp-content\\\/uploads\\\/sites\\\/4\\\/2021\\\/01\\\/ll_favicon-cyan.png\",\"width\":501,\"height\":501,\"caption\":\"Leben leben Therapiezentrum\"},\"image\":{\"@id\":\"https:\\\/\\\/lebenleben.de\\\/therapiezentrum\\\/#\\\/schema\\\/logo\\\/image\\\/\"}}]}<\/script>\n<!-- \/ Yoast SEO plugin. -->","yoast_head_json":{"title":"Physiotherapie Uelzen | Wir vermitteln Sie an eine Kooperationspraxis","description":"Zurzeit bieten wir keine Physiotherapie im Therapiezentrum Uelzen an.","robots":{"index":"index","follow":"follow","max-snippet":"max-snippet:-1","max-image-preview":"max-image-preview:large","max-video-preview":"max-video-preview:-1"},"canonical":"https:\/\/lebenleben.de\/therapiezentrum\/physiotherapie\/","og_locale":"de_DE","og_type":"article","og_title":"Physiotherapie Uelzen | Wir vermitteln Sie an eine Kooperationspraxis","og_description":"Zurzeit bieten wir keine Physiotherapie im Therapiezentrum Uelzen an.","og_url":"https:\/\/lebenleben.de\/therapiezentrum\/physiotherapie\/","og_site_name":"Leben leben Therapiezentrum","article_modified_time":"2025-10-27T07:13:56+00:00","og_image":[{"width":903,"height":542,"url":"https:\/\/lebenleben.de\/therapiezentrum\/wp-content\/uploads\/sites\/4\/2025\/01\/Physio.jpg","type":"image\/jpeg"}],"twitter_card":"summary_large_image","twitter_misc":{"Gesch\u00e4tzte Lesezeit":"3\u00a0Minuten"},"schema":{"@context":"https:\/\/schema.org","@graph":[{"@type":"WebPage","@id":"https:\/\/lebenleben.de\/therapiezentrum\/physiotherapie\/","url":"https:\/\/lebenleben.de\/therapiezentrum\/physiotherapie\/","name":"Physiotherapie Uelzen | Wir vermitteln Sie an eine Kooperationspraxis","isPartOf":{"@id":"https:\/\/lebenleben.de\/therapiezentrum\/#website"},"primaryImageOfPage":{"@id":"https:\/\/lebenleben.de\/therapiezentrum\/physiotherapie\/#primaryimage"},"image":{"@id":"https:\/\/lebenleben.de\/therapiezentrum\/physiotherapie\/#primaryimage"},"thumbnailUrl":"https:\/\/lebenleben.de\/therapiezentrum\/wp-content\/uploads\/sites\/4\/2025\/01\/Physio.jpg","datePublished":"2021-01-22T09:52:17+00:00","dateModified":"2025-10-27T07:13:56+00:00","description":"Zurzeit bieten wir keine Physiotherapie im Therapiezentrum Uelzen an.","breadcrumb":{"@id":"https:\/\/lebenleben.de\/therapiezentrum\/physiotherapie\/#breadcrumb"},"inLanguage":"de","potentialAction":[{"@type":"ReadAction","target":["https:\/\/lebenleben.de\/therapiezentrum\/physiotherapie\/"]}]},{"@type":"ImageObject","inLanguage":"de","@id":"https:\/\/lebenleben.de\/therapiezentrum\/physiotherapie\/#primaryimage","url":"https:\/\/lebenleben.de\/therapiezentrum\/wp-content\/uploads\/sites\/4\/2025\/01\/Physio.jpg","contentUrl":"https:\/\/lebenleben.de\/therapiezentrum\/wp-content\/uploads\/sites\/4\/2025\/01\/Physio.jpg","width":903,"height":542},{"@type":"BreadcrumbList","@id":"https:\/\/lebenleben.de\/therapiezentrum\/physiotherapie\/#breadcrumb","itemListElement":[{"@type":"ListItem","position":1,"name":"Startseite","item":"https:\/\/lebenleben.de\/therapiezentrum\/"},{"@type":"ListItem","position":2,"name":"Physiotherapie"}]},{"@type":"WebSite","@id":"https:\/\/lebenleben.de\/therapiezentrum\/#website","url":"https:\/\/lebenleben.de\/therapiezentrum\/","name":"Leben leben Therapiezentrum","description":"Eine weitere Leben Leben Netzwerk Website","publisher":{"@id":"https:\/\/lebenleben.de\/therapiezentrum\/#organization"},"potentialAction":[{"@type":"SearchAction","target":{"@type":"EntryPoint","urlTemplate":"https:\/\/lebenleben.de\/therapiezentrum\/?s={search_term_string}"},"query-input":{"@type":"PropertyValueSpecification","valueRequired":true,"valueName":"search_term_string"}}],"inLanguage":"de"},{"@type":"Organization","@id":"https:\/\/lebenleben.de\/therapiezentrum\/#organization","name":"Leben leben Therapiezentrum","url":"https:\/\/lebenleben.de\/therapiezentrum\/","logo":{"@type":"ImageObject","inLanguage":"de","@id":"https:\/\/lebenleben.de\/therapiezentrum\/#\/schema\/logo\/image\/","url":"https:\/\/lebenleben.de\/therapiezentrum\/wp-content\/uploads\/sites\/4\/2021\/01\/ll_favicon-cyan.png","contentUrl":"https:\/\/lebenleben.de\/therapiezentrum\/wp-content\/uploads\/sites\/4\/2021\/01\/ll_favicon-cyan.png","width":501,"height":501,"caption":"Leben leben Therapiezentrum"},"image":{"@id":"https:\/\/lebenleben.de\/therapiezentrum\/#\/schema\/logo\/image\/"}}]}},"_links":{"self":[{"href":"https:\/\/lebenleben.de\/therapiezentrum\/wp-json\/wp\/v2\/pages\/13","targetHints":{"allow":["GET"]}}],"collection":[{"href":"https:\/\/lebenleben.de\/therapiezentrum\/wp-json\/wp\/v2\/pages"}],"about":[{"href":"https:\/\/lebenleben.de\/therapiezentrum\/wp-json\/wp\/v2\/types\/page"}],"author":[{"embeddable":true,"href":"https:\/\/lebenleben.de\/therapiezentrum\/wp-json\/wp\/v2\/users\/1"}],"replies":[{"embeddable":true,"href":"https:\/\/lebenleben.de\/therapiezentrum\/wp-json\/wp\/v2\/comments?post=13"}],"version-history":[{"count":23,"href":"https:\/\/lebenleben.de\/therapiezentrum\/wp-json\/wp\/v2\/pages\/13\/revisions"}],"predecessor-version":[{"id":923,"href":"https:\/\/lebenleben.de\/therapiezentrum\/wp-json\/wp\/v2\/pages\/13\/revisions\/923"}],"wp:featuredmedia":[{"embeddable":true,"href":"https:\/\/lebenleben.de\/therapiezentrum\/wp-json\/wp\/v2\/media\/663"}],"wp:attachment":[{"href":"https:\/\/lebenleben.de\/therapiezentrum\/wp-json\/wp\/v2\/media?parent=13"}],"curies":[{"name":"wp","href":"https:\/\/api.w.org\/{rel}","templated":true}]}}