{"id":7,"date":"2021-01-22T10:51:18","date_gmt":"2021-01-22T09:51:18","guid":{"rendered":"https:\/\/lebenleben.de\/therapiezentrum\/?page_id=7"},"modified":"2025-06-26T08:26:50","modified_gmt":"2025-06-26T06:26:50","slug":"startseite","status":"publish","type":"page","link":"https:\/\/lebenleben.de\/therapiezentrum\/","title":{"rendered":"Startseite"},"content":{"rendered":"\n<div id=\"llimageslider-block_4f03a54c4167304645751e2ccb3573d4\" class=\"block-llimageslider llimageslider alignwide\">\n\n    \n\t\t<div class=\"llimageslider-slider\" data-slick='{\"autoplaySpeed\": 5000}'>\n\t\t\t\t\t\t\t<div class=\"single-slide-wrapper slide-1\">\n\t\t\t\t\t<img loading=\"lazy\" decoding=\"async\" width=\"1400\" height=\"440\" src=\"https:\/\/lebenleben.de\/therapiezentrum\/wp-content\/uploads\/sites\/4\/2025\/01\/Image.png\" class=\"single-slide-image slider-desktop-image\" alt=\"\" srcset=\"https:\/\/lebenleben.de\/therapiezentrum\/wp-content\/uploads\/sites\/4\/2025\/01\/Image.png 1400w, https:\/\/lebenleben.de\/therapiezentrum\/wp-content\/uploads\/sites\/4\/2025\/01\/Image-300x94.png 300w, https:\/\/lebenleben.de\/therapiezentrum\/wp-content\/uploads\/sites\/4\/2025\/01\/Image-1024x322.png 1024w, https:\/\/lebenleben.de\/therapiezentrum\/wp-content\/uploads\/sites\/4\/2025\/01\/Image-768x241.png 768w\" sizes=\"auto, (max-width: 1400px) 100vw, 1400px\" \/>          <img loading=\"lazy\" decoding=\"async\" width=\"1000\" height=\"314\" src=\"https:\/\/lebenleben.de\/therapiezentrum\/wp-content\/uploads\/sites\/4\/2025\/01\/Image-1024x322.png\" class=\"single-slide-image slider-mobile-image\" alt=\"\" srcset=\"https:\/\/lebenleben.de\/therapiezentrum\/wp-content\/uploads\/sites\/4\/2025\/01\/Image-1024x322.png 1024w, https:\/\/lebenleben.de\/therapiezentrum\/wp-content\/uploads\/sites\/4\/2025\/01\/Image-300x94.png 300w, https:\/\/lebenleben.de\/therapiezentrum\/wp-content\/uploads\/sites\/4\/2025\/01\/Image-768x241.png 768w, https:\/\/lebenleben.de\/therapiezentrum\/wp-content\/uploads\/sites\/4\/2025\/01\/Image.png 1400w\" sizes=\"auto, (max-width: 1000px) 100vw, 1000px\" \/>\n                    <div class=\"single-slide-text\">\n          <h2>Therapiezentrum Uelzen<\/h2><h3>&#8222;Ergo &#8211; Logo &#8211; Physio&#8220; f\u00fcr alle Altersgruppen<\/h3>                  <\/div>\n        \n\t\t\t\t<\/div>\n\t\t\t\t\t<\/div>\n\t  <script>\n    jQuery(document).ready(function() {\n        jQuery('.llimageslider-slider').slick({\n          dots: true,\n          infinite: true,\n          speed: 1000,\n          autoplay: true,\n          adaptiveHeight: true,\n          slidesToShow: 1,\n          fade: true,\n          focusOnSelect: true\n        });\n    });\n    <\/script>\n<\/div>\n\n\n\n<div class=\"wp-block-columns is-layout-flex wp-container-core-columns-is-layout-9d6595d7 wp-block-columns-is-layout-flex\">\n<div class=\"wp-block-column is-layout-flow wp-block-column-is-layout-flow\" style=\"flex-basis:75%\">\n<h1 class=\"wp-block-heading\">Therapiezentrum Uelzen<\/h1>\n\n\n\n<p>Die Leistungen unseres barrierefrei zug\u00e4nglichen Therapiezentrum Uelzen richten sich an Menschen jeden Alters. Sie finden uns in der Von-Estorff-Stra\u00dfe 3 in Uelzen, mit Parkm\u00f6glichkeiten direkt vor dem Haus. Ein weiterer Praxisstandort f\u00fcr Logop\u00e4die befindet sich in T\u00e4tendorf-Eppensen sowie eine Praxis f\u00fcr Ergotherapie in Suderburg.<\/p>\n\n\n\n<p>Unsere Therapeut:innen verf\u00fcgen \u00fcber zus\u00e4tzliche Qualifikationen. So k\u00f6nnen wir beispielsweise im Bereich der Ergotherapie auf M\u00f6glichkeiten des Neurofeedback oder der tiergest\u00fctzten Therapie zur\u00fcckgreifen.<\/p>\n<\/div>\n\n\n\n<div class=\"wp-block-column is-layout-flow wp-block-column-is-layout-flow\" style=\"flex-basis:25%\">\n<div class=\"wp-block-group widget\"><div class=\"wp-block-group__inner-container is-layout-flow wp-block-group-is-layout-flow\">\n<h3 class=\"wp-block-heading\">Kontakt &amp; Termine<\/h3>\n\n\n\n<p>Finden Sie Ihre Ansprechpartner und Adressen unseres Therapiezentrums.<\/p>\n\n\n\n<p><a href=\"https:\/\/lebenleben.de\/therapiezentrum\/kontakt\/\">Kontakt \u00bb<\/a><\/p>\n\n\n\n<p><a href=\"https:\/\/lebenleben.de\/therapiezentrum\/terminanfrage\/\">Online-Terminanfrage \u00bb<\/a><\/p>\n<\/div><\/div>\n<\/div>\n<\/div>\n\n\n\n<div style=\"height:25px\" aria-hidden=\"true\" class=\"wp-block-spacer\"><\/div>\n\n\n\n<div class=\"wp-block-group alignfull bg-grey\"><div class=\"wp-block-group__inner-container is-layout-flow wp-block-group-is-layout-flow\">\n<h2 class=\"wp-block-heading has-text-align-center\">Unser Angebot<\/h2>\n\n\n    <script>\n    jQuery(document).ready(function() {\n        jQuery('.uid-1').slick({\n            dots: true,\n            infinite: true,\n            arrows: true,\n            speed: 1000,\n            autoplay: false,\n            slidesToShow: 3,\n            slidesToScroll: 1,\n            fade: false,\n            responsive: [\n                {\n                    breakpoint: 1024,\n                    settings: {\n                        slidesToShow: 2,\n                        slidesToScroll: 1\n                    }\n                },\n                {\n                    breakpoint: 800,\n                    settings: {\n                        slidesToShow: 1,\n                        slidesToScroll: 1\n                    }\n                }\n            ]\n        });\n    });\n    <\/script>\n\n<div id=\"listteaser-block_6b715a7e2a3667867dc806713194e1c4\" class=\"block-listteaser-wrapper columns-3 uid-1 testimonial block-listteaser--style-default\">\n                        <div class=\"listteaser-single single-teaser block-subpage-wrapper__single\">\n                <a class='imagelink' href='https:\/\/lebenleben.de\/therapiezentrum\/ergotherapie\/' rel='bookmark'  title='Ergotherapie'><img loading=\"lazy\" decoding=\"async\" width=\"800\" height=\"480\" src=\"https:\/\/lebenleben.de\/therapiezentrum\/wp-content\/uploads\/sites\/4\/2025\/01\/Ergo-800x480.jpg\" class=\"\" alt=\"\" srcset=\"https:\/\/lebenleben.de\/therapiezentrum\/wp-content\/uploads\/sites\/4\/2025\/01\/Ergo-800x480.jpg 800w, https:\/\/lebenleben.de\/therapiezentrum\/wp-content\/uploads\/sites\/4\/2025\/01\/Ergo-300x180.jpg 300w, https:\/\/lebenleben.de\/therapiezentrum\/wp-content\/uploads\/sites\/4\/2025\/01\/Ergo-768x461.jpg 768w, https:\/\/lebenleben.de\/therapiezentrum\/wp-content\/uploads\/sites\/4\/2025\/01\/Ergo-400x240.jpg 400w, https:\/\/lebenleben.de\/therapiezentrum\/wp-content\/uploads\/sites\/4\/2025\/01\/Ergo.jpg 1000w\" sizes=\"auto, (max-width: 800px) 100vw, 800px\" \/><\/a>                <div class=\"textwrapper\">\n                    <h3 class='block-listteaser__headline text-align-center'><a href='https:\/\/lebenleben.de\/therapiezentrum\/ergotherapie\/' rel='bookmark'  title='Ergotherapie'>Ergotherapie<\/a><\/h3>                    \n                    <p style=\"text-align: center\">Individuell abgestimmte F\u00f6rderung f\u00fcr mehr Selbstst\u00e4ndigkeit und Handlungsf\u00e4higkeit im Alltag.<\/p>\n\n                                            <p class=\"text-align-center\">\n                            <a href=\"https:\/\/lebenleben.de\/therapiezentrum\/ergotherapie\/\" rel=\"bookmark\" title=\"Ergotherapie\" class=\"button\">\n                                Zur Ergotherapie&nbsp;&raquo;\n                            <\/a>\n                        <\/p>\n                                    <\/div>\n            <\/div>\n                    <div class=\"listteaser-single single-teaser block-subpage-wrapper__single\">\n                <a class='imagelink' href='https:\/\/lebenleben.de\/therapiezentrum\/logopaedie\/' rel='bookmark'  title='Logop\u00e4die'><img loading=\"lazy\" decoding=\"async\" width=\"600\" height=\"361\" src=\"https:\/\/lebenleben.de\/therapiezentrum\/wp-content\/uploads\/sites\/4\/2025\/03\/Teaser_Logo-1.png\" class=\"\" alt=\"\" srcset=\"https:\/\/lebenleben.de\/therapiezentrum\/wp-content\/uploads\/sites\/4\/2025\/03\/Teaser_Logo-1.png 600w, https:\/\/lebenleben.de\/therapiezentrum\/wp-content\/uploads\/sites\/4\/2025\/03\/Teaser_Logo-1-300x181.png 300w, https:\/\/lebenleben.de\/therapiezentrum\/wp-content\/uploads\/sites\/4\/2025\/03\/Teaser_Logo-1-400x240.png 400w\" sizes=\"auto, (max-width: 600px) 100vw, 600px\" \/><\/a>                <div class=\"textwrapper\">\n                    <h3 class='block-listteaser__headline text-align-center'><a href='https:\/\/lebenleben.de\/therapiezentrum\/logopaedie\/' rel='bookmark'  title='Logop\u00e4die'>Logop\u00e4die<\/a><\/h3>                    \n                    <p style=\"text-align: center\">Gezielte Therapie von Sprach-, Sprech-, Stimm- und Schluckst\u00f6rungen.<\/p>\n\n                                            <p class=\"text-align-center\">\n                            <a href=\"https:\/\/lebenleben.de\/therapiezentrum\/logopaedie\/\" rel=\"bookmark\" title=\"Logop\u00e4die\" class=\"button\">\n                                Zur Logop\u00e4die&nbsp;&raquo;\n                            <\/a>\n                        <\/p>\n                                    <\/div>\n            <\/div>\n                    <div class=\"listteaser-single single-teaser block-subpage-wrapper__single\">\n                <a class='imagelink' href='https:\/\/lebenleben.de\/therapiezentrum\/physiotherapie\/' rel='bookmark'  title='Physiotherapie'><img loading=\"lazy\" decoding=\"async\" width=\"800\" height=\"480\" src=\"https:\/\/lebenleben.de\/therapiezentrum\/wp-content\/uploads\/sites\/4\/2025\/01\/Physio-800x480.jpg\" class=\"\" alt=\"\" srcset=\"https:\/\/lebenleben.de\/therapiezentrum\/wp-content\/uploads\/sites\/4\/2025\/01\/Physio-800x480.jpg 800w, https:\/\/lebenleben.de\/therapiezentrum\/wp-content\/uploads\/sites\/4\/2025\/01\/Physio-300x180.jpg 300w, https:\/\/lebenleben.de\/therapiezentrum\/wp-content\/uploads\/sites\/4\/2025\/01\/Physio-768x461.jpg 768w, https:\/\/lebenleben.de\/therapiezentrum\/wp-content\/uploads\/sites\/4\/2025\/01\/Physio-400x240.jpg 400w, https:\/\/lebenleben.de\/therapiezentrum\/wp-content\/uploads\/sites\/4\/2025\/01\/Physio.jpg 903w\" sizes=\"auto, (max-width: 800px) 100vw, 800px\" \/><\/a>                <div class=\"textwrapper\">\n                    <h3 class='block-listteaser__headline text-align-center'><a href='https:\/\/lebenleben.de\/therapiezentrum\/physiotherapie\/' rel='bookmark'  title='Physiotherapie'>Physiotherapie<\/a><\/h3>                    \n                    <p style=\"text-align: center\">Physiotherapeutische Behandlungen f\u00fcr Kinder, Jugendliche und Erwachsene.<\/p>\n\n                                            <p class=\"text-align-center\">\n                            <a href=\"https:\/\/lebenleben.de\/therapiezentrum\/physiotherapie\/\" rel=\"bookmark\" title=\"Physiotherapie\" class=\"button\">\n                                Zur Physiotherapie&nbsp;&raquo;\n                            <\/a>\n                        <\/p>\n                                    <\/div>\n            <\/div>\n            <\/div>\n<\/div><\/div>\n","protected":false},"excerpt":{"rendered":"<p>Therapiezentrum Uelzen Die Leistungen unseres barrierefrei zug\u00e4nglichen Therapiezentrum Uelzen richten sich an Menschen jeden Alters. Sie finden uns in der Von-Estorff-Stra\u00dfe 3 in Uelzen, mit Parkm\u00f6glichkeiten direkt vor dem Haus. Ein weiterer Praxisstandort f\u00fcr Logop\u00e4die befindet sich in T\u00e4tendorf-Eppensen sowie eine Praxis f\u00fcr Ergotherapie in Suderburg. Unsere Therapeut:innen verf\u00fcgen \u00fcber zus\u00e4tzliche Qualifikationen. So k\u00f6nnen wir [&hellip;]<\/p>\n","protected":false},"author":1,"featured_media":0,"parent":0,"menu_order":0,"comment_status":"closed","ping_status":"closed","template":"page-templates\/page-fullscreen.php","meta":{"_acf_changed":false,"footnotes":""},"class_list":["post-7","page","type-page","status-publish","hentry"],"acf":[],"yoast_head":"<!-- This site is optimized with the Yoast SEO plugin v27.3 - https:\/\/yoast.com\/product\/yoast-seo-wordpress\/ -->\n<title>Therapiezentrum Uelzen | Ergotherapie, Logop\u00e4die, Physiotherapie<\/title>\n<meta name=\"description\" content=\"Das Therapiezentrum Uelzen bietet Ergotherapie, Logop\u00e4die und Physiotherapie f\u00fcr alle Altersgruppen.\" \/>\n<meta name=\"robots\" content=\"index, follow, max-snippet:-1, max-image-preview:large, max-video-preview:-1\" \/>\n<link rel=\"canonical\" href=\"https:\/\/lebenleben.de\/therapiezentrum\/\" \/>\n<meta property=\"og:locale\" content=\"de_DE\" \/>\n<meta property=\"og:type\" content=\"article\" \/>\n<meta property=\"og:title\" content=\"Therapiezentrum Uelzen | Ergotherapie, Logop\u00e4die, Physiotherapie\" \/>\n<meta property=\"og:description\" content=\"Das Therapiezentrum Uelzen bietet Ergotherapie, Logop\u00e4die und Physiotherapie f\u00fcr alle Altersgruppen.\" \/>\n<meta property=\"og:url\" content=\"https:\/\/lebenleben.de\/therapiezentrum\/\" \/>\n<meta property=\"og:site_name\" content=\"Leben leben Therapiezentrum\" \/>\n<meta property=\"article:modified_time\" content=\"2025-06-26T06:26:50+00:00\" \/>\n<meta name=\"twitter:card\" content=\"summary_large_image\" \/>\n<meta name=\"twitter:label1\" content=\"Gesch\u00e4tzte Lesezeit\" \/>\n\t<meta name=\"twitter:data1\" content=\"2\u00a0Minuten\" \/>\n<script type=\"application\/ld+json\" class=\"yoast-schema-graph\">{\"@context\":\"https:\\\/\\\/schema.org\",\"@graph\":[{\"@type\":\"WebPage\",\"@id\":\"https:\\\/\\\/lebenleben.de\\\/therapiezentrum\\\/\",\"url\":\"https:\\\/\\\/lebenleben.de\\\/therapiezentrum\\\/\",\"name\":\"Therapiezentrum Uelzen | Ergotherapie, Logop\u00e4die, Physiotherapie\",\"isPartOf\":{\"@id\":\"https:\\\/\\\/lebenleben.de\\\/therapiezentrum\\\/#website\"},\"datePublished\":\"2021-01-22T09:51:18+00:00\",\"dateModified\":\"2025-06-26T06:26:50+00:00\",\"description\":\"Das Therapiezentrum Uelzen bietet Ergotherapie, Logop\u00e4die und Physiotherapie f\u00fcr alle Altersgruppen.\",\"breadcrumb\":{\"@id\":\"https:\\\/\\\/lebenleben.de\\\/therapiezentrum\\\/#breadcrumb\"},\"inLanguage\":\"de\",\"potentialAction\":[{\"@type\":\"ReadAction\",\"target\":[\"https:\\\/\\\/lebenleben.de\\\/therapiezentrum\\\/\"]}]},{\"@type\":\"BreadcrumbList\",\"@id\":\"https:\\\/\\\/lebenleben.de\\\/therapiezentrum\\\/#breadcrumb\",\"itemListElement\":[{\"@type\":\"ListItem\",\"position\":1,\"name\":\"Startseite\",\"item\":\"https:\\\/\\\/lebenleben.de\\\/therapiezentrum\\\/\"},{\"@type\":\"ListItem\",\"position\":2,\"name\":\"Startseite\"}]},{\"@type\":\"WebSite\",\"@id\":\"https:\\\/\\\/lebenleben.de\\\/therapiezentrum\\\/#website\",\"url\":\"https:\\\/\\\/lebenleben.de\\\/therapiezentrum\\\/\",\"name\":\"Leben leben Therapiezentrum\",\"description\":\"Eine weitere Leben Leben Netzwerk Website\",\"publisher\":{\"@id\":\"https:\\\/\\\/lebenleben.de\\\/therapiezentrum\\\/#organization\"},\"potentialAction\":[{\"@type\":\"SearchAction\",\"target\":{\"@type\":\"EntryPoint\",\"urlTemplate\":\"https:\\\/\\\/lebenleben.de\\\/therapiezentrum\\\/?s={search_term_string}\"},\"query-input\":{\"@type\":\"PropertyValueSpecification\",\"valueRequired\":true,\"valueName\":\"search_term_string\"}}],\"inLanguage\":\"de\"},{\"@type\":\"Organization\",\"@id\":\"https:\\\/\\\/lebenleben.de\\\/therapiezentrum\\\/#organization\",\"name\":\"Leben leben Therapiezentrum\",\"url\":\"https:\\\/\\\/lebenleben.de\\\/therapiezentrum\\\/\",\"logo\":{\"@type\":\"ImageObject\",\"inLanguage\":\"de\",\"@id\":\"https:\\\/\\\/lebenleben.de\\\/therapiezentrum\\\/#\\\/schema\\\/logo\\\/image\\\/\",\"url\":\"https:\\\/\\\/lebenleben.de\\\/therapiezentrum\\\/wp-content\\\/uploads\\\/sites\\\/4\\\/2021\\\/01\\\/ll_favicon-cyan.png\",\"contentUrl\":\"https:\\\/\\\/lebenleben.de\\\/therapiezentrum\\\/wp-content\\\/uploads\\\/sites\\\/4\\\/2021\\\/01\\\/ll_favicon-cyan.png\",\"width\":501,\"height\":501,\"caption\":\"Leben leben Therapiezentrum\"},\"image\":{\"@id\":\"https:\\\/\\\/lebenleben.de\\\/therapiezentrum\\\/#\\\/schema\\\/logo\\\/image\\\/\"}}]}<\/script>\n<!-- \/ Yoast SEO plugin. -->","yoast_head_json":{"title":"Therapiezentrum Uelzen | Ergotherapie, Logop\u00e4die, Physiotherapie","description":"Das Therapiezentrum Uelzen bietet Ergotherapie, Logop\u00e4die und Physiotherapie f\u00fcr alle Altersgruppen.","robots":{"index":"index","follow":"follow","max-snippet":"max-snippet:-1","max-image-preview":"max-image-preview:large","max-video-preview":"max-video-preview:-1"},"canonical":"https:\/\/lebenleben.de\/therapiezentrum\/","og_locale":"de_DE","og_type":"article","og_title":"Therapiezentrum Uelzen | Ergotherapie, Logop\u00e4die, Physiotherapie","og_description":"Das Therapiezentrum Uelzen bietet Ergotherapie, Logop\u00e4die und Physiotherapie f\u00fcr alle Altersgruppen.","og_url":"https:\/\/lebenleben.de\/therapiezentrum\/","og_site_name":"Leben leben Therapiezentrum","article_modified_time":"2025-06-26T06:26:50+00:00","twitter_card":"summary_large_image","twitter_misc":{"Gesch\u00e4tzte Lesezeit":"2\u00a0Minuten"},"schema":{"@context":"https:\/\/schema.org","@graph":[{"@type":"WebPage","@id":"https:\/\/lebenleben.de\/therapiezentrum\/","url":"https:\/\/lebenleben.de\/therapiezentrum\/","name":"Therapiezentrum Uelzen | Ergotherapie, Logop\u00e4die, Physiotherapie","isPartOf":{"@id":"https:\/\/lebenleben.de\/therapiezentrum\/#website"},"datePublished":"2021-01-22T09:51:18+00:00","dateModified":"2025-06-26T06:26:50+00:00","description":"Das Therapiezentrum Uelzen bietet Ergotherapie, Logop\u00e4die und Physiotherapie f\u00fcr alle Altersgruppen.","breadcrumb":{"@id":"https:\/\/lebenleben.de\/therapiezentrum\/#breadcrumb"},"inLanguage":"de","potentialAction":[{"@type":"ReadAction","target":["https:\/\/lebenleben.de\/therapiezentrum\/"]}]},{"@type":"BreadcrumbList","@id":"https:\/\/lebenleben.de\/therapiezentrum\/#breadcrumb","itemListElement":[{"@type":"ListItem","position":1,"name":"Startseite","item":"https:\/\/lebenleben.de\/therapiezentrum\/"},{"@type":"ListItem","position":2,"name":"Startseite"}]},{"@type":"WebSite","@id":"https:\/\/lebenleben.de\/therapiezentrum\/#website","url":"https:\/\/lebenleben.de\/therapiezentrum\/","name":"Leben leben Therapiezentrum","description":"Eine weitere Leben Leben Netzwerk Website","publisher":{"@id":"https:\/\/lebenleben.de\/therapiezentrum\/#organization"},"potentialAction":[{"@type":"SearchAction","target":{"@type":"EntryPoint","urlTemplate":"https:\/\/lebenleben.de\/therapiezentrum\/?s={search_term_string}"},"query-input":{"@type":"PropertyValueSpecification","valueRequired":true,"valueName":"search_term_string"}}],"inLanguage":"de"},{"@type":"Organization","@id":"https:\/\/lebenleben.de\/therapiezentrum\/#organization","name":"Leben leben Therapiezentrum","url":"https:\/\/lebenleben.de\/therapiezentrum\/","logo":{"@type":"ImageObject","inLanguage":"de","@id":"https:\/\/lebenleben.de\/therapiezentrum\/#\/schema\/logo\/image\/","url":"https:\/\/lebenleben.de\/therapiezentrum\/wp-content\/uploads\/sites\/4\/2021\/01\/ll_favicon-cyan.png","contentUrl":"https:\/\/lebenleben.de\/therapiezentrum\/wp-content\/uploads\/sites\/4\/2021\/01\/ll_favicon-cyan.png","width":501,"height":501,"caption":"Leben leben Therapiezentrum"},"image":{"@id":"https:\/\/lebenleben.de\/therapiezentrum\/#\/schema\/logo\/image\/"}}]}},"_links":{"self":[{"href":"https:\/\/lebenleben.de\/therapiezentrum\/wp-json\/wp\/v2\/pages\/7","targetHints":{"allow":["GET"]}}],"collection":[{"href":"https:\/\/lebenleben.de\/therapiezentrum\/wp-json\/wp\/v2\/pages"}],"about":[{"href":"https:\/\/lebenleben.de\/therapiezentrum\/wp-json\/wp\/v2\/types\/page"}],"author":[{"embeddable":true,"href":"https:\/\/lebenleben.de\/therapiezentrum\/wp-json\/wp\/v2\/users\/1"}],"replies":[{"embeddable":true,"href":"https:\/\/lebenleben.de\/therapiezentrum\/wp-json\/wp\/v2\/comments?post=7"}],"version-history":[{"count":89,"href":"https:\/\/lebenleben.de\/therapiezentrum\/wp-json\/wp\/v2\/pages\/7\/revisions"}],"predecessor-version":[{"id":867,"href":"https:\/\/lebenleben.de\/therapiezentrum\/wp-json\/wp\/v2\/pages\/7\/revisions\/867"}],"wp:attachment":[{"href":"https:\/\/lebenleben.de\/therapiezentrum\/wp-json\/wp\/v2\/media?parent=7"}],"curies":[{"name":"wp","href":"https:\/\/api.w.org\/{rel}","templated":true}]}}