{"id":812,"date":"2025-06-25T14:24:12","date_gmt":"2025-06-25T12:24:12","guid":{"rendered":"https:\/\/lebenleben.de\/therapiezentrum\/?page_id=812"},"modified":"2025-08-20T13:10:57","modified_gmt":"2025-08-20T11:10:57","slug":"sexuelle-gesundheit","status":"publish","type":"page","link":"https:\/\/lebenleben.de\/therapiezentrum\/ergotherapie\/sexuelle-gesundheit\/","title":{"rendered":"Ergotherapie f\u00fcr sexuelle Gesundheit"},"content":{"rendered":"\n<div id=\"llimageslider-block_dfb2dce2a12066ff1a49b6d5ca444a6e\" class=\"block-llimageslider llimageslider alignwide\">\n\n    \n\t\t<div class=\"llimageslider-slider\" data-slick='{\"autoplaySpeed\": 5000}'>\n\t\t\t\t\t\t\t<div class=\"single-slide-wrapper slide-1\">\n\t\t\t\t\t<img loading=\"lazy\" decoding=\"async\" width=\"1400\" height=\"560\" src=\"https:\/\/lebenleben.de\/therapiezentrum\/wp-content\/uploads\/sites\/4\/2025\/06\/Header_sex_Gesundheit-1400x560.png\" class=\"single-slide-image slider-desktop-image\" alt=\"\" \/>          <img loading=\"lazy\" decoding=\"async\" width=\"1000\" height=\"314\" src=\"https:\/\/lebenleben.de\/therapiezentrum\/wp-content\/uploads\/sites\/4\/2025\/06\/Header_sex_Gesundheit-1024x322.png\" class=\"single-slide-image slider-mobile-image\" alt=\"\" srcset=\"https:\/\/lebenleben.de\/therapiezentrum\/wp-content\/uploads\/sites\/4\/2025\/06\/Header_sex_Gesundheit-1024x322.png 1024w, https:\/\/lebenleben.de\/therapiezentrum\/wp-content\/uploads\/sites\/4\/2025\/06\/Header_sex_Gesundheit-300x94.png 300w, https:\/\/lebenleben.de\/therapiezentrum\/wp-content\/uploads\/sites\/4\/2025\/06\/Header_sex_Gesundheit-768x242.png 768w, https:\/\/lebenleben.de\/therapiezentrum\/wp-content\/uploads\/sites\/4\/2025\/06\/Header_sex_Gesundheit-1536x483.png 1536w, https:\/\/lebenleben.de\/therapiezentrum\/wp-content\/uploads\/sites\/4\/2025\/06\/Header_sex_Gesundheit-1400x440.png 1400w, https:\/\/lebenleben.de\/therapiezentrum\/wp-content\/uploads\/sites\/4\/2025\/06\/Header_sex_Gesundheit.png 2048w\" sizes=\"auto, (max-width: 1000px) 100vw, 1000px\" \/>\n                    <div class=\"single-slide-text\">\n          <h2>Ergotherapie f\u00fcr sexuelle Gesundheit<\/h2><h3>Individuelle Begleitung f\u00fcr einen freien und selbstbestimmten Umgang mit Sexualit\u00e4t.<\/h3>                  <\/div>\n        \n\t\t\t\t<\/div>\n\t\t\t\t\t<\/div>\n\t  <script>\n    jQuery(document).ready(function() {\n        jQuery('.llimageslider-slider').slick({\n          dots: true,\n          infinite: true,\n          speed: 1000,\n          autoplay: true,\n          adaptiveHeight: true,\n          slidesToShow: 1,\n          fade: true,\n          focusOnSelect: true\n        });\n    });\n    <\/script>\n<\/div>\n\n\n\n<h2 class=\"wp-block-heading has-text-align-center\">Wenn Sexualit\u00e4t herausfordert, schafft Ergotherapie Raum<\/h2>\n\n\n\n<div style=\"height:15px\" aria-hidden=\"true\" class=\"wp-block-spacer\"><\/div>\n\n\n\n<p class=\"has-text-align-center\">Krankheit, Behinderung, Trauma oder belastende Lebensumst\u00e4nde k\u00f6nnen die Sexualit\u00e4t stark beeintr\u00e4chtigen. Im Therapiezentrum Uelzen bieten wir erwachsenen Menschen einen gesch\u00fctzten, vertrauensvollen Rahmen, um offen, respektvoll und ohne Tabus \u00fcber intime Themen zu sprechen. Unser Ansatz ist individuell, l\u00f6sungsorientiert und f\u00f6rdert einen selbstbestimmten, achtsamen Umgang mit Sexualit\u00e4t.<\/p>\n\n\n\n<div style=\"height:65px\" aria-hidden=\"true\" class=\"wp-block-spacer\"><\/div>\n\n\n\n<div class=\"wp-block-group alignfull bg-grey\"><div class=\"wp-block-group__inner-container is-layout-constrained wp-block-group-is-layout-constrained\">\n<div style=\"height:50px\" aria-hidden=\"true\" class=\"wp-block-spacer\"><\/div>\n\n\n    <script>\n    jQuery(document).ready(function() {\n        jQuery('.uid-1').slick({\n            dots: true,\n            infinite: true,\n            arrows: true,\n            speed: 1000,\n            autoplay: false,\n            slidesToShow: 3,\n            slidesToScroll: 1,\n            fade: false,\n            responsive: [\n                {\n                    breakpoint: 1024,\n                    settings: {\n                        slidesToShow: 2,\n                        slidesToScroll: 1\n                    }\n                },\n                {\n                    breakpoint: 800,\n                    settings: {\n                        slidesToShow: 1,\n                        slidesToScroll: 1\n                    }\n                }\n            ]\n        });\n    });\n    <\/script>\n\n<div id=\"listteaser-block_03475fa904002da7013fa401effe8270\" class=\"block-listteaser-wrapper columns-3 uid-1 testimonial block-listteaser--style-default\">\n                        <div class=\"listteaser-single single-teaser block-subpage-wrapper__single\">\n                <img loading=\"lazy\" decoding=\"async\" width=\"100\" height=\"120\" src=\"https:\/\/lebenleben.de\/therapiezentrum\/wp-content\/uploads\/sites\/4\/2025\/06\/kommunikation_.png\" class=\"keep-size\" alt=\"\" \/>                <div class=\"textwrapper\">\n                    <h3 class='block-listteaser__headline text-align-center'>Offene Kommunikation<\/h3>                    \n                    <p style=\"text-align: center\" data-start=\"595\" data-end=\"791\">F\u00f6rderung des Abbaus von Tabus sowie die Entwicklung eines positiven Selbstbildes und K\u00f6rpergef\u00fchls.<br data-start=\"695\" data-end=\"698\" \/><br data-start=\"695\" data-end=\"698\" \/>Daf\u00fcr bieten wir einen sicheren, wertfreien Raum f\u00fcr Fragen und Gespr\u00e4che rund um Sexualit\u00e4t.<\/p>\n\n                                    <\/div>\n            <\/div>\n                    <div class=\"listteaser-single single-teaser block-subpage-wrapper__single\">\n                <img loading=\"lazy\" decoding=\"async\" width=\"100\" height=\"120\" src=\"https:\/\/lebenleben.de\/therapiezentrum\/wp-content\/uploads\/sites\/4\/2025\/06\/handbewegung.png\" class=\"keep-size\" alt=\"\" \/>                <div class=\"textwrapper\">\n                    <h3 class='block-listteaser__headline text-align-center'>Selbstbestimmung<\/h3>                    \n                    <p style=\"text-align: center\" data-start=\"821\" data-end=\"1083\">Menschen mit k\u00f6rperlichen, psychischen oder kognitiven Beeintr\u00e4chtigungen werden darin unterst\u00fctzt, ihr Leben selbstbestimmt zu gestalten.<br \/>\n<br data-start=\"959\" data-end=\"962\" \/>Dazu geh\u00f6rt auch die F\u00f6rderung einer selbstbestimmten Sexualit\u00e4t \u2013 im Einklang mit den eigenen W\u00fcnschen und Bed\u00fcrfnissen.<\/p>\n\n                                    <\/div>\n            <\/div>\n                    <div class=\"listteaser-single single-teaser block-subpage-wrapper__single\">\n                <img loading=\"lazy\" decoding=\"async\" width=\"100\" height=\"120\" src=\"https:\/\/lebenleben.de\/therapiezentrum\/wp-content\/uploads\/sites\/4\/2025\/06\/therapie.png\" class=\"keep-size\" alt=\"\" \/>                <div class=\"textwrapper\">\n                    <h3 class='block-listteaser__headline text-align-center'>Therapieverlauf<\/h3>                    \n                    <p style=\"text-align: center\" data-start=\"1112\" data-end=\"1334\">Es kann dabei sowohl um die Vermittlung von Wissen und Tipps gehen als auch um die St\u00e4rkung des Selbstvertrauens, K\u00f6rperwahrnehmung, Kommunikation etc.<br \/>\n<br data-start=\"1263\" data-end=\"1266\" \/><strong>Wichtig:<\/strong> Es finden keine sexuellen \u00dcbungen, Ber\u00fchrungen oder Praktiken statt. Gruppentherapie und Workshops auf Anfrage.<\/p>\n\n                                    <\/div>\n            <\/div>\n                    <div class=\"listteaser-single single-teaser block-subpage-wrapper__single\">\n                <img loading=\"lazy\" decoding=\"async\" width=\"100\" height=\"120\" src=\"https:\/\/lebenleben.de\/therapiezentrum\/wp-content\/uploads\/sites\/4\/2025\/07\/Abrechnung.png\" class=\"keep-size\" alt=\"\" \/>                <div class=\"textwrapper\">\n                    <h3 class='block-listteaser__headline text-align-center'>Kosten &amp; Abrechnung<\/h3>                    \n                    <p style=\"text-align: center\" data-start=\"1112\" data-end=\"1334\">Mit ergotherapeutischer Verordnung \u00fcbernehmen die Krankenkassen die Kosten, es f\u00e4llt lediglich eine Zuzahlung von 10\u202f% an, sofern keine Zuzahlungsbefreiung vorliegt.<br \/>\n<br data-start=\"1263\" data-end=\"1266\" \/>Eine Behandlung ist auch als Selbstzahler m\u00f6glich, der Preis f\u00fcr eine Therapiestunde betr\u00e4gt 114\u202f\u20ac.<\/p>\n\n                                    <\/div>\n            <\/div>\n            <\/div>\n<\/div><\/div>\n\n\n\n<div style=\"height:45px\" aria-hidden=\"true\" class=\"wp-block-spacer\"><\/div>\n\n\n\n<h2 class=\"wp-block-heading has-text-align-center\">Ansprechpartnerin und Kontakt<\/h2>\n\n\n\n<div style=\"height:35px\" aria-hidden=\"true\" class=\"wp-block-spacer\"><\/div>\n\n\n\n<div class=\"wp-block-columns is-layout-flex wp-container-core-columns-is-layout-9d6595d7 wp-block-columns-is-layout-flex\">\n<div class=\"wp-block-column is-layout-flow wp-block-column-is-layout-flow\" style=\"flex-basis:21%\">\n<figure class=\"wp-block-image size-full\"><img loading=\"lazy\" decoding=\"async\" width=\"500\" height=\"600\" src=\"https:\/\/lebenleben.de\/therapiezentrum\/wp-content\/uploads\/sites\/4\/2025\/02\/Riebau_Lina.jpg\" alt=\"\" class=\"wp-image-768\" style=\"object-fit:cover\" srcset=\"https:\/\/lebenleben.de\/therapiezentrum\/wp-content\/uploads\/sites\/4\/2025\/02\/Riebau_Lina.jpg 500w, https:\/\/lebenleben.de\/therapiezentrum\/wp-content\/uploads\/sites\/4\/2025\/02\/Riebau_Lina-250x300.jpg 250w, https:\/\/lebenleben.de\/therapiezentrum\/wp-content\/uploads\/sites\/4\/2025\/02\/Riebau_Lina-100x120.jpg 100w, https:\/\/lebenleben.de\/therapiezentrum\/wp-content\/uploads\/sites\/4\/2025\/02\/Riebau_Lina-200x240.jpg 200w\" sizes=\"auto, (max-width: 500px) 100vw, 500px\" \/><\/figure>\n<\/div>\n\n\n\n<div class=\"wp-block-column is-layout-flow wp-block-column-is-layout-flow\" style=\"flex-basis:29%\">\n<div style=\"height:20px\" aria-hidden=\"true\" class=\"wp-block-spacer\"><\/div>\n\n\n\n<h3 class=\"wp-block-heading\">Lina Riebau<\/h3>\n\n\n\n<p>Ergotherapeutin &amp; Fachtherapeutin f\u00fcr sexuelle Gesundheit<\/p>\n\n\n\n<p><strong>Termine und Kontakt<\/strong><\/p>\n\n\n\n<p><strong>Telefon<\/strong>: <a href=\"tel:+495819716650\">0581 97166-50<\/a><br><strong>E-Mail<\/strong>: <a href=\"javascript:;\">therapiezentrum@lebenleben.de<\/a><\/p>\n\n\n<div id=\"llreadmore-block_5213a2351d417e3e6997ea01c13b05dd\" class=\"block-llreadmore llreadmore\">\n\t<a class=\"button\" href=\"https:\/\/lebenleben.de\/therapiezentrum\/terminanfrage\/\" target=\"_self\">Online-Terminanfrage&nbsp;&raquo;<\/a>\n<\/div>\n<\/div>\n\n\n\n<div class=\"wp-block-column is-layout-flow wp-block-column-is-layout-flow\" style=\"flex-basis:50%\">\n<div style=\"height:10px\" aria-hidden=\"true\" class=\"wp-block-spacer\"><\/div>\n\n\n\n <div class=\"brlbs-cmpnt-container brlbs-cmpnt-content-blocker brlbs-cmpnt-with-individual-styles\" data-borlabs-cookie-content-blocker-id=\"google-maps\" data-borlabs-cookie-content=\"PGlmcmFtZSBzdHlsZT0iYm9yZGVyOiAwIiBzcmM9Imh0dHBzOi8vd3d3Lmdvb2dsZS5jb20vbWFwcy9lbWJlZD9wYj0hMW0xOCExbTEyITFtMyExZDI0MDMuMzExMDc0NDEzNDY5NyEyZDEwLjU0MzEwMzg3Njk0ODcwNCEzZDUyLjk2MDgxODIwMzQ5OTI4ITJtMyExZjAhMmYwITNmMCEzbTIhMWkxMDI0ITJpNzY4ITRmMTMuMSEzbTMhMW0yITFzMHg0N2FlMmI3OTg4ZWM1OTMzJTNBMHgzODJhY2M3MTllZmE3NTJhITJzVGhlcmFwaWV6ZW50cnVtJTIwVWVsemVuJTIwZ0dtYkghNWUwITNtMiExc2RlITJzZGUhNHYxNzM3MDIxMzQ5MTg3ITVtMiExc2RlITJzZGUmbm9wcm9mPTEiIHdpZHRoPSIxMDAlIiBoZWlnaHQ9IjMwMCI+PC9pZnJhbWU+\"><div class=\"brlbs-cmpnt-cb-preset-b brlbs-cmpnt-cb-google-maps\"> <div class=\"brlbs-cmpnt-cb-thumbnail\" style=\"background-image: url('https:\/\/lebenleben.de\/therapiezentrum\/wp-content\/uploads\/borlabs-cookie\/4\/brlbs-cb-google-maps-main.png')\"><\/div> <div class=\"brlbs-cmpnt-cb-main\"> <div class=\"brlbs-cmpnt-cb-content\"> <p class=\"brlbs-cmpnt-cb-description\">Sie sehen gerade einen Platzhalterinhalt von <strong>Google Maps<\/strong>. Um auf den eigentlichen Inhalt zuzugreifen, klicken Sie auf die Schaltfl\u00e4che unten. Bitte beachten Sie, dass dabei Daten an Drittanbieter weitergegeben werden.<\/p> <a class=\"brlbs-cmpnt-cb-provider-toggle\" href=\"#\" data-borlabs-cookie-show-provider-information role=\"button\">Mehr Informationen<\/a> <\/div> <div class=\"brlbs-cmpnt-cb-buttons\"> <a class=\"brlbs-cmpnt-cb-btn\" href=\"#\" data-borlabs-cookie-unblock role=\"button\">Inhalt entsperren<\/a> <a class=\"brlbs-cmpnt-cb-btn\" href=\"#\" data-borlabs-cookie-accept-service role=\"button\" style=\"display: inherit\">Erforderlichen Service akzeptieren und Inhalte entsperren<\/a> <\/div> <\/div> <\/div><\/div>\n<\/div>\n<\/div>\n\n\n\n<div style=\"height:50px\" aria-hidden=\"true\" class=\"wp-block-spacer\"><\/div>\n","protected":false},"excerpt":{"rendered":"<p>Im Therapiezentrum Uelzen schaffen wir einen gesch\u00fctzten Raum, um offen und wertfrei \u00fcber Sexualit\u00e4t zu sprechen und neue Wege zu finden.<\/p>\n","protected":false},"author":15,"featured_media":814,"parent":9,"menu_order":0,"comment_status":"closed","ping_status":"closed","template":"page-templates\/page-fullscreen.php","meta":{"_acf_changed":false,"footnotes":""},"class_list":["post-812","page","type-page","status-publish","has-post-thumbnail","hentry"],"acf":[],"yoast_head":"<!-- This site is optimized with the Yoast SEO plugin v27.3 - https:\/\/yoast.com\/product\/yoast-seo-wordpress\/ -->\n<title>Ergotherapie f\u00fcr sexuelle Gesundheit - Leben leben Therapiezentrum<\/title>\n<meta name=\"description\" content=\"Im Therapiezentrum Uelzen schaffen wir einen gesch\u00fctzten Raum, um offen und wertfrei \u00fcber Sexualit\u00e4t zu sprechen und neue Wege zu finden.\" \/>\n<meta name=\"robots\" content=\"index, follow, max-snippet:-1, max-image-preview:large, max-video-preview:-1\" \/>\n<link rel=\"canonical\" href=\"https:\/\/lebenleben.de\/therapiezentrum\/ergotherapie\/sexuelle-gesundheit\/\" \/>\n<meta property=\"og:locale\" content=\"de_DE\" \/>\n<meta property=\"og:type\" content=\"article\" \/>\n<meta property=\"og:title\" content=\"Ergotherapie f\u00fcr sexuelle Gesundheit - Leben leben Therapiezentrum\" \/>\n<meta property=\"og:description\" content=\"Im Therapiezentrum Uelzen schaffen wir einen gesch\u00fctzten Raum, um offen und wertfrei \u00fcber Sexualit\u00e4t zu sprechen und neue Wege zu finden.\" \/>\n<meta property=\"og:url\" content=\"https:\/\/lebenleben.de\/therapiezentrum\/ergotherapie\/sexuelle-gesundheit\/\" \/>\n<meta property=\"og:site_name\" content=\"Leben leben Therapiezentrum\" \/>\n<meta property=\"article:modified_time\" content=\"2025-08-20T11:10:57+00:00\" \/>\n<meta property=\"og:image\" content=\"https:\/\/lebenleben.de\/therapiezentrum\/wp-content\/uploads\/sites\/4\/2025\/06\/Teaser_sex_Gesundheit.png\" \/>\n\t<meta property=\"og:image:width\" content=\"1563\" \/>\n\t<meta property=\"og:image:height\" content=\"937\" \/>\n\t<meta property=\"og:image:type\" content=\"image\/png\" \/>\n<meta name=\"twitter:card\" content=\"summary_large_image\" \/>\n<meta name=\"twitter:label1\" content=\"Gesch\u00e4tzte Lesezeit\" \/>\n\t<meta name=\"twitter:data1\" content=\"3\u00a0Minuten\" \/>\n<script type=\"application\/ld+json\" class=\"yoast-schema-graph\">{\"@context\":\"https:\\\/\\\/schema.org\",\"@graph\":[{\"@type\":\"WebPage\",\"@id\":\"https:\\\/\\\/lebenleben.de\\\/therapiezentrum\\\/ergotherapie\\\/sexuelle-gesundheit\\\/\",\"url\":\"https:\\\/\\\/lebenleben.de\\\/therapiezentrum\\\/ergotherapie\\\/sexuelle-gesundheit\\\/\",\"name\":\"Ergotherapie f\u00fcr sexuelle Gesundheit - Leben leben Therapiezentrum\",\"isPartOf\":{\"@id\":\"https:\\\/\\\/lebenleben.de\\\/therapiezentrum\\\/#website\"},\"primaryImageOfPage\":{\"@id\":\"https:\\\/\\\/lebenleben.de\\\/therapiezentrum\\\/ergotherapie\\\/sexuelle-gesundheit\\\/#primaryimage\"},\"image\":{\"@id\":\"https:\\\/\\\/lebenleben.de\\\/therapiezentrum\\\/ergotherapie\\\/sexuelle-gesundheit\\\/#primaryimage\"},\"thumbnailUrl\":\"https:\\\/\\\/lebenleben.de\\\/therapiezentrum\\\/wp-content\\\/uploads\\\/sites\\\/4\\\/2025\\\/06\\\/Teaser_sex_Gesundheit.png\",\"datePublished\":\"2025-06-25T12:24:12+00:00\",\"dateModified\":\"2025-08-20T11:10:57+00:00\",\"description\":\"Im Therapiezentrum Uelzen schaffen wir einen gesch\u00fctzten Raum, um offen und wertfrei \u00fcber Sexualit\u00e4t zu sprechen und neue Wege zu finden.\",\"breadcrumb\":{\"@id\":\"https:\\\/\\\/lebenleben.de\\\/therapiezentrum\\\/ergotherapie\\\/sexuelle-gesundheit\\\/#breadcrumb\"},\"inLanguage\":\"de\",\"potentialAction\":[{\"@type\":\"ReadAction\",\"target\":[\"https:\\\/\\\/lebenleben.de\\\/therapiezentrum\\\/ergotherapie\\\/sexuelle-gesundheit\\\/\"]}]},{\"@type\":\"ImageObject\",\"inLanguage\":\"de\",\"@id\":\"https:\\\/\\\/lebenleben.de\\\/therapiezentrum\\\/ergotherapie\\\/sexuelle-gesundheit\\\/#primaryimage\",\"url\":\"https:\\\/\\\/lebenleben.de\\\/therapiezentrum\\\/wp-content\\\/uploads\\\/sites\\\/4\\\/2025\\\/06\\\/Teaser_sex_Gesundheit.png\",\"contentUrl\":\"https:\\\/\\\/lebenleben.de\\\/therapiezentrum\\\/wp-content\\\/uploads\\\/sites\\\/4\\\/2025\\\/06\\\/Teaser_sex_Gesundheit.png\",\"width\":1563,\"height\":937},{\"@type\":\"BreadcrumbList\",\"@id\":\"https:\\\/\\\/lebenleben.de\\\/therapiezentrum\\\/ergotherapie\\\/sexuelle-gesundheit\\\/#breadcrumb\",\"itemListElement\":[{\"@type\":\"ListItem\",\"position\":1,\"name\":\"Startseite\",\"item\":\"https:\\\/\\\/lebenleben.de\\\/therapiezentrum\\\/\"},{\"@type\":\"ListItem\",\"position\":2,\"name\":\"Ergotherapie\",\"item\":\"https:\\\/\\\/lebenleben.de\\\/therapiezentrum\\\/ergotherapie\\\/\"},{\"@type\":\"ListItem\",\"position\":3,\"name\":\"Ergotherapie f\u00fcr sexuelle Gesundheit\"}]},{\"@type\":\"WebSite\",\"@id\":\"https:\\\/\\\/lebenleben.de\\\/therapiezentrum\\\/#website\",\"url\":\"https:\\\/\\\/lebenleben.de\\\/therapiezentrum\\\/\",\"name\":\"Leben leben Therapiezentrum\",\"description\":\"Eine weitere Leben Leben Netzwerk Website\",\"publisher\":{\"@id\":\"https:\\\/\\\/lebenleben.de\\\/therapiezentrum\\\/#organization\"},\"potentialAction\":[{\"@type\":\"SearchAction\",\"target\":{\"@type\":\"EntryPoint\",\"urlTemplate\":\"https:\\\/\\\/lebenleben.de\\\/therapiezentrum\\\/?s={search_term_string}\"},\"query-input\":{\"@type\":\"PropertyValueSpecification\",\"valueRequired\":true,\"valueName\":\"search_term_string\"}}],\"inLanguage\":\"de\"},{\"@type\":\"Organization\",\"@id\":\"https:\\\/\\\/lebenleben.de\\\/therapiezentrum\\\/#organization\",\"name\":\"Leben leben Therapiezentrum\",\"url\":\"https:\\\/\\\/lebenleben.de\\\/therapiezentrum\\\/\",\"logo\":{\"@type\":\"ImageObject\",\"inLanguage\":\"de\",\"@id\":\"https:\\\/\\\/lebenleben.de\\\/therapiezentrum\\\/#\\\/schema\\\/logo\\\/image\\\/\",\"url\":\"https:\\\/\\\/lebenleben.de\\\/therapiezentrum\\\/wp-content\\\/uploads\\\/sites\\\/4\\\/2021\\\/01\\\/ll_favicon-cyan.png\",\"contentUrl\":\"https:\\\/\\\/lebenleben.de\\\/therapiezentrum\\\/wp-content\\\/uploads\\\/sites\\\/4\\\/2021\\\/01\\\/ll_favicon-cyan.png\",\"width\":501,\"height\":501,\"caption\":\"Leben leben Therapiezentrum\"},\"image\":{\"@id\":\"https:\\\/\\\/lebenleben.de\\\/therapiezentrum\\\/#\\\/schema\\\/logo\\\/image\\\/\"}}]}<\/script>\n<!-- \/ Yoast SEO plugin. -->","yoast_head_json":{"title":"Ergotherapie f\u00fcr sexuelle Gesundheit - Leben leben Therapiezentrum","description":"Im Therapiezentrum Uelzen schaffen wir einen gesch\u00fctzten Raum, um offen und wertfrei \u00fcber Sexualit\u00e4t zu sprechen und neue Wege zu finden.","robots":{"index":"index","follow":"follow","max-snippet":"max-snippet:-1","max-image-preview":"max-image-preview:large","max-video-preview":"max-video-preview:-1"},"canonical":"https:\/\/lebenleben.de\/therapiezentrum\/ergotherapie\/sexuelle-gesundheit\/","og_locale":"de_DE","og_type":"article","og_title":"Ergotherapie f\u00fcr sexuelle Gesundheit - Leben leben Therapiezentrum","og_description":"Im Therapiezentrum Uelzen schaffen wir einen gesch\u00fctzten Raum, um offen und wertfrei \u00fcber Sexualit\u00e4t zu sprechen und neue Wege zu finden.","og_url":"https:\/\/lebenleben.de\/therapiezentrum\/ergotherapie\/sexuelle-gesundheit\/","og_site_name":"Leben leben Therapiezentrum","article_modified_time":"2025-08-20T11:10:57+00:00","og_image":[{"width":1563,"height":937,"url":"https:\/\/lebenleben.de\/therapiezentrum\/wp-content\/uploads\/sites\/4\/2025\/06\/Teaser_sex_Gesundheit.png","type":"image\/png"}],"twitter_card":"summary_large_image","twitter_misc":{"Gesch\u00e4tzte Lesezeit":"3\u00a0Minuten"},"schema":{"@context":"https:\/\/schema.org","@graph":[{"@type":"WebPage","@id":"https:\/\/lebenleben.de\/therapiezentrum\/ergotherapie\/sexuelle-gesundheit\/","url":"https:\/\/lebenleben.de\/therapiezentrum\/ergotherapie\/sexuelle-gesundheit\/","name":"Ergotherapie f\u00fcr sexuelle Gesundheit - Leben leben Therapiezentrum","isPartOf":{"@id":"https:\/\/lebenleben.de\/therapiezentrum\/#website"},"primaryImageOfPage":{"@id":"https:\/\/lebenleben.de\/therapiezentrum\/ergotherapie\/sexuelle-gesundheit\/#primaryimage"},"image":{"@id":"https:\/\/lebenleben.de\/therapiezentrum\/ergotherapie\/sexuelle-gesundheit\/#primaryimage"},"thumbnailUrl":"https:\/\/lebenleben.de\/therapiezentrum\/wp-content\/uploads\/sites\/4\/2025\/06\/Teaser_sex_Gesundheit.png","datePublished":"2025-06-25T12:24:12+00:00","dateModified":"2025-08-20T11:10:57+00:00","description":"Im Therapiezentrum Uelzen schaffen wir einen gesch\u00fctzten Raum, um offen und wertfrei \u00fcber Sexualit\u00e4t zu sprechen und neue Wege zu finden.","breadcrumb":{"@id":"https:\/\/lebenleben.de\/therapiezentrum\/ergotherapie\/sexuelle-gesundheit\/#breadcrumb"},"inLanguage":"de","potentialAction":[{"@type":"ReadAction","target":["https:\/\/lebenleben.de\/therapiezentrum\/ergotherapie\/sexuelle-gesundheit\/"]}]},{"@type":"ImageObject","inLanguage":"de","@id":"https:\/\/lebenleben.de\/therapiezentrum\/ergotherapie\/sexuelle-gesundheit\/#primaryimage","url":"https:\/\/lebenleben.de\/therapiezentrum\/wp-content\/uploads\/sites\/4\/2025\/06\/Teaser_sex_Gesundheit.png","contentUrl":"https:\/\/lebenleben.de\/therapiezentrum\/wp-content\/uploads\/sites\/4\/2025\/06\/Teaser_sex_Gesundheit.png","width":1563,"height":937},{"@type":"BreadcrumbList","@id":"https:\/\/lebenleben.de\/therapiezentrum\/ergotherapie\/sexuelle-gesundheit\/#breadcrumb","itemListElement":[{"@type":"ListItem","position":1,"name":"Startseite","item":"https:\/\/lebenleben.de\/therapiezentrum\/"},{"@type":"ListItem","position":2,"name":"Ergotherapie","item":"https:\/\/lebenleben.de\/therapiezentrum\/ergotherapie\/"},{"@type":"ListItem","position":3,"name":"Ergotherapie f\u00fcr sexuelle Gesundheit"}]},{"@type":"WebSite","@id":"https:\/\/lebenleben.de\/therapiezentrum\/#website","url":"https:\/\/lebenleben.de\/therapiezentrum\/","name":"Leben leben Therapiezentrum","description":"Eine weitere Leben Leben Netzwerk Website","publisher":{"@id":"https:\/\/lebenleben.de\/therapiezentrum\/#organization"},"potentialAction":[{"@type":"SearchAction","target":{"@type":"EntryPoint","urlTemplate":"https:\/\/lebenleben.de\/therapiezentrum\/?s={search_term_string}"},"query-input":{"@type":"PropertyValueSpecification","valueRequired":true,"valueName":"search_term_string"}}],"inLanguage":"de"},{"@type":"Organization","@id":"https:\/\/lebenleben.de\/therapiezentrum\/#organization","name":"Leben leben Therapiezentrum","url":"https:\/\/lebenleben.de\/therapiezentrum\/","logo":{"@type":"ImageObject","inLanguage":"de","@id":"https:\/\/lebenleben.de\/therapiezentrum\/#\/schema\/logo\/image\/","url":"https:\/\/lebenleben.de\/therapiezentrum\/wp-content\/uploads\/sites\/4\/2021\/01\/ll_favicon-cyan.png","contentUrl":"https:\/\/lebenleben.de\/therapiezentrum\/wp-content\/uploads\/sites\/4\/2021\/01\/ll_favicon-cyan.png","width":501,"height":501,"caption":"Leben leben Therapiezentrum"},"image":{"@id":"https:\/\/lebenleben.de\/therapiezentrum\/#\/schema\/logo\/image\/"}}]}},"_links":{"self":[{"href":"https:\/\/lebenleben.de\/therapiezentrum\/wp-json\/wp\/v2\/pages\/812","targetHints":{"allow":["GET"]}}],"collection":[{"href":"https:\/\/lebenleben.de\/therapiezentrum\/wp-json\/wp\/v2\/pages"}],"about":[{"href":"https:\/\/lebenleben.de\/therapiezentrum\/wp-json\/wp\/v2\/types\/page"}],"author":[{"embeddable":true,"href":"https:\/\/lebenleben.de\/therapiezentrum\/wp-json\/wp\/v2\/users\/15"}],"replies":[{"embeddable":true,"href":"https:\/\/lebenleben.de\/therapiezentrum\/wp-json\/wp\/v2\/comments?post=812"}],"version-history":[{"count":42,"href":"https:\/\/lebenleben.de\/therapiezentrum\/wp-json\/wp\/v2\/pages\/812\/revisions"}],"predecessor-version":[{"id":901,"href":"https:\/\/lebenleben.de\/therapiezentrum\/wp-json\/wp\/v2\/pages\/812\/revisions\/901"}],"up":[{"embeddable":true,"href":"https:\/\/lebenleben.de\/therapiezentrum\/wp-json\/wp\/v2\/pages\/9"}],"wp:featuredmedia":[{"embeddable":true,"href":"https:\/\/lebenleben.de\/therapiezentrum\/wp-json\/wp\/v2\/media\/814"}],"wp:attachment":[{"href":"https:\/\/lebenleben.de\/therapiezentrum\/wp-json\/wp\/v2\/media?parent=812"}],"curies":[{"name":"wp","href":"https:\/\/api.w.org\/{rel}","templated":true}]}}