{"id":1076,"date":"2022-06-22T15:44:22","date_gmt":"2022-06-22T13:44:22","guid":{"rendered":"https:\/\/lebenleben.de\/arbeit-produktion\/?page_id=1076"},"modified":"2025-06-24T10:32:38","modified_gmt":"2025-06-24T08:32:38","slug":"ergaenzende-geschaeftsbedingungen-fahrzeugpflege-2","status":"publish","type":"page","link":"https:\/\/lebenleben.de\/werkstatt\/ergaenzende-geschaeftsbedingungen-fahrzeugpflege-2\/","title":{"rendered":"Erg\u00e4nzende AGB &#8211; Fahrzeugpflege"},"content":{"rendered":"\n<h1 class=\"wp-block-heading\">Erg\u00e4nzende AGB <\/h1>\n\n\n\n<h2 class=\"wp-block-heading\">Fahrzeugpflege<\/h2>\n\n\n\n<p><strong>F\u00fcr die Fahrzeugpflege der Leben leben Arbeit &amp; Produktion gGmbH unter der Marke Fahrzeugpflege hand in hand gelten in Verbindung mit den Allgemeinen Gesch\u00e4ftsbedingungen von Leben leben (s. <\/strong><a href=\"https:\/\/lebenleben.de\/agb\/\" target=\"_blank\" rel=\"noreferrer noopener\"><strong>lebenleben.de\/agb<\/strong><\/a><strong>) folgende erg\u00e4nzende Bestimmungen:<\/strong><\/p>\n\n\n\n<h4 class=\"wp-block-heading\"><strong>1. Auftragsbedingungen<\/strong><\/h4>\n\n\n\n<p>1.1 Unsere Angebote sind freibleibend. Ein Angebot wird erst verbindlich, nachdem wir den Auftrag m\u00fcndlich oder schriftlich best\u00e4tigt haben.<\/p>\n\n\n\n<p>Als Verbraucher f\u00fcllen Sie vor der Fahrzeugreinigung\/-aufbereitung eine Auftragskarte aus und best\u00e4tigen verbindlich den Inhalt Ihres Auftrages mit Ihrer Unterschrift. Mit Ihrer Unterschrift best\u00e4tigen Sie gleichzeitig, dass Sie unsere Gesch\u00e4ftsbedingungen zur Kenntnis genommen haben und anerkennen.<\/p>\n\n\n\n<p>Handeln Sie im Auftrag eines Unternehmens, ist es m\u00f6glich, die Auftragsbedingungen individuell zu vereinbaren (z.B. Pauschalpreise pro Fahrzeug zu vereinbaren). Die einmalige Unterschrift eines Vertretungsberechtigten Ihres Unternehmens best\u00e4tigt dann die Anerkennung unserer Gesch\u00e4ftsbedingungen f\u00fcr alle aktuellen und zuk\u00fcnftigen Auftr\u00e4ge bis zum schriftlichen Widerruf durch einen der beiden Vertragspartner.<\/p>\n\n\n\n<p>1.2 Eilauftr\u00e4ge m\u00fcssen vom Auftraggeber als solche angegeben werden. Ob eine Auftragsannahme m\u00f6glich ist, richtet sich insbesondere nach der Auftragslage.<\/p>\n\n\n\n<h4 class=\"wp-block-heading\"><strong>2. Preise, Zahlungsbedingungen<\/strong><\/h4>\n\n\n\n<p>2.1 Unsere Preise richten sich nach dem Zustand bzw. Verschmutzungsgrad des zu reinigenden Fahrzeugs.<\/p>\n\n\n\n<p>2.2 Telefonische Preisangaben sowie Preisangaben auf Informationsunterlagen dienen einer groben Orientierung und sind unverbindlich. Der verbindliche Preis kann stark davon abweichen.<\/p>\n\n\n\n<p>2.3 Insbesondere bei Verschmutzungen, bei denen eine spezielle Behandlung erforderlich ist, kann ein h\u00f6herer Endpreis berechnet werden.<\/p>\n\n\n\n<p>2.4 Als Verbraucher teilen wir Ihnen den maximalen Endpreis vor Auftragsdurchf\u00fchrung mit.<\/p>\n\n\n\n<p>Sollten wir st\u00e4rkere Verschmutzungen erst w\u00e4hrend der Reinigung bemerken, setzen wir Sie unverz\u00fcglich dar\u00fcber sowie \u00fcber entsprechende Mehrkosten in Kenntnis. Sie haben in diesem Fall die M\u00f6glichkeit, den erh\u00f6hten Endpreis telefonisch verbindlich zu best\u00e4tigen oder Ihren Auftrag zur\u00fcckzuziehen.<\/p>\n\n\n\n<p>2.5 Zus\u00e4tzlich berechnen wir die Kosten f\u00fcr eine eventuelle Fahrzeug\u00fcberf\u00fchrung.<\/p>\n\n\n\n<p>2.6 Bei Unternehmern verstehen sich unsere Preise netto zzgl. 7% Mehrwertsteuer.<\/p>\n\n\n\n<p>2.7 Als Verbraucher begleichen Sie die Rechnungsbetr\u00e4ge bei Abholung des Fahrzeugs sofort in bar.<\/p>\n\n\n\n<p>Wir weisen hiermit darauf hin, dass wir im Falle des Zahlungsverzugs berechtigt sind, Verzugszinsen von 5 Prozentpunkten \u00fcber dem aktuellen Basiszinssatz (nach \u00a7 247 BGB), bei Unternehmern von 8 Prozentpunkten \u00fcber dem Basiszinssatz, zu erheben. Die Geltendmachung eines weitergehenden Schadens bleibt vorbehalten.<\/p>\n\n\n\n<p>Im \u00dcbrigen gelten die Zahlungsbedingungen entsprechend den Allgemeinen Gesch\u00e4ftsbedingungen der Unternehmensgruppe Leben leben.<\/p>\n\n\n\n<p>2.8 Wir weisen hiermit darauf hin, dass Sie als Unternehmer die im Rechnungsbetrag enthaltende Arbeitsleistung zu 50 % auf die Ausgleichsabgabe anrechnen k\u00f6nnen (nach \u00a7 140 SGB IX).<\/p>\n\n\n\n<h4 class=\"wp-block-heading\"><strong>3. Nichteinhaltung von Terminvereinbarungen<\/strong><\/h4>\n\n\n\n<p>Wird eine Terminvereinbarung vom Auftraggeber nicht eingehalten, behalten wir uns vor, eine Unkostenpauschale in H\u00f6he von bis zu 40 \u20ac zu erheben, sofern der Auftraggeber nicht nachweisen kann, dass uns kein oder nur ein wesentlich niedrigerer Schaden entstanden ist.<\/p>\n\n\n\n<h4 class=\"wp-block-heading\"><strong>4. Pflichten des Auftraggebers<\/strong><\/h4>\n\n\n\n<p>4.1 Der Auftraggeber verpflichtet sich, an und aus dem zu reinigenden Fahrzeug alle Wertsachen zu entfernen. Wir \u00fcbernehmen keine Haftung f\u00fcr Wertsachen im Fahrzeug (vgl. 5.4). Auf Wunsch r\u00e4umen wir lose Gegenst\u00e4nde f\u00fcr Sie aus dem Fahrzeug. Doch auch f\u00fcr diese \u00fcbernehmen wir keine Haftung (vgl. 5.4).<\/p>\n\n\n\n<p>4.2 Motor- bzw. Motorenraumw\u00e4sche f\u00fchren wir nur auf ausdr\u00fccklichen Wunsch aus. M\u00f6chten Sie diese dennoch beauftragen, so ist es Ihre Pflicht, eine einwandfreie Elektroabdichtung sicherzustellen.<\/p>\n\n\n\n<p>Als Verbraucher best\u00e4tigen Sie mit Ihrer Unterschrift auf der Auftragskarte den einwandfreien Zustand der Elektroabdichtung des zu reinigenden Fahrzeugs.<\/p>\n\n\n\n<p>4.3 Der Auftraggeber hat uns vor Auftragsdurchf\u00fchrung \u00fcber alle empfindlichen Elektrobauteile zu informieren.<\/p>\n\n\n\n<p>Als Verbraucher sind Sie verpflichtet, diese auf der Auftragskarte schriftlich zu vermerken.<\/p>\n\n\n\n<p>4.4 Ferner hat uns der Auftraggeber vor Auftragsdurchf\u00fchrung alle ggf. vorhandenen Sch\u00e4den am Fahrzeug mitzuteilen.<\/p>\n\n\n\n<p>Als Verbraucher sind Sie verpflichtet, diese auf der Auftragskarte schriftlich anzugeben.<\/p>\n\n\n\n<h4 class=\"wp-block-heading\"><strong>5. Reklamationen, Haftung<\/strong><\/h4>\n\n\n\n<p>5.1 Mit Verbrauchern \u00fcberpr\u00fcfen wir die durchgef\u00fchrten Leistungen bei Fahrzeug\u00fcbergabe gemeinsam und nehmen diese dann auch gemeinsam ab.<\/p>\n\n\n\n<p>Reklamationen sind unverz\u00fcglich w\u00e4hrend der Abnahme bzw. bei nicht offensichtlichen M\u00e4ngeln nach Kenntnisnahme geltend zu machen.<\/p>\n\n\n\n<p>5.2 Halten Sie Reklamationen vor Ort und unverz\u00fcglich gemeinsam mit unserem Personal schriftlich fest.<\/p>\n\n\n\n<p>5.3 Reklamationen, die sich auf Besch\u00e4digungen am Fahrzeug durch unser Personal beziehen k\u00f6nnten, m\u00fcssen zus\u00e4tzlich unverz\u00fcglich fotographisch dokumentiert werden.<\/p>\n\n\n\n<p>5.4 Wir haften nicht f\u00fcr Wertsachen oder andere lose Gegenst\u00e4nde im Fahrzeug (vgl. Ziff. 4.1) und \u00fcbernehmen keine Gew\u00e4hr in folgenden F\u00e4llen:<\/p>\n\n\n\n<ul class=\"wp-block-list\">\n<li>Wir haften nicht f\u00fcr Sch\u00e4den, die aufgrund von Nichtbeachtung deutlich angebrachter Einfahrt- und Benutzungsanweisungen verursacht wurden sowie aufgrund von Nichtbefolgung von Anweisungen unseres Personals<\/li>\n\n\n\n<li>Wir haften nicht f\u00fcr Sch\u00e4den, die ihren Ursprung in schadhaften Lacken haben<\/li>\n\n\n\n<li>Wir haften nicht f\u00fcr Sch\u00e4den an der Innenausstattung, die durch den Einsatz von leicht aggressiven Chemikalien verursacht wurden, sofern der Auftraggeber vor Auftragsdurchf\u00fchrung \u00fcber diese Gefahr informiert wurde und den Auftrag dennoch erteilt hat.<\/li>\n\n\n\n<li>Wir haften nicht f\u00fcr Sch\u00e4den, die mit einer funktionierenden Elektroabdichtung h\u00e4tten vermieden werden k\u00f6nnen (vgl. Ziff. 4.2)<\/li>\n\n\n\n<li>Wir haften nicht f\u00fcr Sch\u00e4den an empfindlichen Elektrobauteilen, die der Auftraggeber nicht auf der Auftragskarte schriftlich vermerkt hatte (vgl. Ziff. 4.3)<\/li>\n\n\n\n<li>Wir haften nicht f\u00fcr Sch\u00e4den, die bereits vor der Auftragsdurchf\u00fchrung an dem Fahrzeug vorhanden waren bzw. durch die Auftragsdurchf\u00fchrung vergr\u00f6\u00dfert wurden, sofern der Auftraggeber vor Auftragsdurchf\u00fchrung \u00fcber diese Gefahr informiert wurde und den Auftrag dennoch erteilt hat.<\/li>\n<\/ul>\n\n\n\n<p>Wir behalten uns rechtliche Schritte gegen den Auftraggeber vor, sofern dieser Schadenersatzanspr\u00fcche geltend machen m\u00f6chte, die sich auf bereits vor der Auftragsdurchf\u00fchrung vorhandene Sch\u00e4den beziehen.<\/p>\n\n\n\n<p>Im \u00dcbrigen gelten die Allgemeinen Gesch\u00e4ftsbedingungen von Leben leben (s. <a href=\"http:\/\/www.lebenleben.de\/agb\" target=\"_blank\" rel=\"noreferrer noopener\">www.lebenleben.de\/agb<\/a>) sowie die gesetzlichen Regelungen und Verj\u00e4hrungsfristen.<\/p>\n\n\n\n<p>Sofern einzelne der in diesem Dokument aufgef\u00fchrten erg\u00e4nzenden Gesch\u00e4ftsbedingungen der Fahrzeugpflege von den Allgemeinen Gesch\u00e4ftsbedingungen von Leben leben abweichen, haben die hier aufgef\u00fchrten Regelungen Vorrang.<\/p>\n\n\n\n<p>Stand: April 2022<\/p>\n\n\n\n<div style=\"height:50px\" aria-hidden=\"true\" class=\"wp-block-spacer\"><\/div>\n","protected":false},"excerpt":{"rendered":"<p>Erg\u00e4nzende AGB Fahrzeugpflege F\u00fcr die Fahrzeugpflege der Leben leben Arbeit &amp; Produktion gGmbH unter der Marke Fahrzeugpflege hand in hand gelten in Verbindung mit den Allgemeinen Gesch\u00e4ftsbedingungen von Leben leben (s. lebenleben.de\/agb) folgende erg\u00e4nzende Bestimmungen: 1. Auftragsbedingungen 1.1 Unsere Angebote sind freibleibend. Ein Angebot wird erst verbindlich, nachdem wir den Auftrag m\u00fcndlich oder schriftlich best\u00e4tigt [&hellip;]<\/p>\n","protected":false},"author":4,"featured_media":0,"parent":0,"menu_order":900,"comment_status":"closed","ping_status":"closed","template":"page-templates\/page-fullscreen.php","meta":{"_acf_changed":false,"footnotes":""},"class_list":["post-1076","page","type-page","status-publish","hentry"],"acf":[],"yoast_head":"<!-- This site is optimized with the Yoast SEO plugin v27.3 - https:\/\/yoast.com\/product\/yoast-seo-wordpress\/ -->\n<title>Erg\u00e4nzende AGB - Fahrzeugpflege - Leben leben Werkstatt<\/title>\n<meta name=\"robots\" content=\"index, follow, max-snippet:-1, max-image-preview:large, max-video-preview:-1\" \/>\n<link rel=\"canonical\" href=\"https:\/\/lebenleben.de\/werkstatt\/ergaenzende-geschaeftsbedingungen-fahrzeugpflege-2\/\" \/>\n<meta property=\"og:locale\" content=\"de_DE\" \/>\n<meta property=\"og:type\" content=\"article\" \/>\n<meta property=\"og:title\" content=\"Erg\u00e4nzende AGB - Fahrzeugpflege - Leben leben Werkstatt\" \/>\n<meta property=\"og:description\" content=\"Erg\u00e4nzende AGB Fahrzeugpflege F\u00fcr die Fahrzeugpflege der Leben leben Arbeit &amp; Produktion gGmbH unter der Marke Fahrzeugpflege hand in hand gelten in Verbindung mit den Allgemeinen Gesch\u00e4ftsbedingungen von Leben leben (s. lebenleben.de\/agb) folgende erg\u00e4nzende Bestimmungen: 1. Auftragsbedingungen 1.1 Unsere Angebote sind freibleibend. Ein Angebot wird erst verbindlich, nachdem wir den Auftrag m\u00fcndlich oder schriftlich best\u00e4tigt [&hellip;]\" \/>\n<meta property=\"og:url\" content=\"https:\/\/lebenleben.de\/werkstatt\/ergaenzende-geschaeftsbedingungen-fahrzeugpflege-2\/\" \/>\n<meta property=\"og:site_name\" content=\"Leben leben Werkstatt\" \/>\n<meta property=\"article:modified_time\" content=\"2025-06-24T08:32:38+00:00\" \/>\n<meta name=\"twitter:card\" content=\"summary_large_image\" \/>\n<meta name=\"twitter:label1\" content=\"Gesch\u00e4tzte Lesezeit\" \/>\n\t<meta name=\"twitter:data1\" content=\"5\u00a0Minuten\" \/>\n<script type=\"application\/ld+json\" class=\"yoast-schema-graph\">{\"@context\":\"https:\\\/\\\/schema.org\",\"@graph\":[{\"@type\":\"WebPage\",\"@id\":\"https:\\\/\\\/lebenleben.de\\\/werkstatt\\\/ergaenzende-geschaeftsbedingungen-fahrzeugpflege-2\\\/\",\"url\":\"https:\\\/\\\/lebenleben.de\\\/werkstatt\\\/ergaenzende-geschaeftsbedingungen-fahrzeugpflege-2\\\/\",\"name\":\"Erg\u00e4nzende AGB - Fahrzeugpflege - Leben leben Werkstatt\",\"isPartOf\":{\"@id\":\"https:\\\/\\\/lebenleben.de\\\/werkstatt\\\/#website\"},\"datePublished\":\"2022-06-22T13:44:22+00:00\",\"dateModified\":\"2025-06-24T08:32:38+00:00\",\"breadcrumb\":{\"@id\":\"https:\\\/\\\/lebenleben.de\\\/werkstatt\\\/ergaenzende-geschaeftsbedingungen-fahrzeugpflege-2\\\/#breadcrumb\"},\"inLanguage\":\"de\",\"potentialAction\":[{\"@type\":\"ReadAction\",\"target\":[\"https:\\\/\\\/lebenleben.de\\\/werkstatt\\\/ergaenzende-geschaeftsbedingungen-fahrzeugpflege-2\\\/\"]}]},{\"@type\":\"BreadcrumbList\",\"@id\":\"https:\\\/\\\/lebenleben.de\\\/werkstatt\\\/ergaenzende-geschaeftsbedingungen-fahrzeugpflege-2\\\/#breadcrumb\",\"itemListElement\":[{\"@type\":\"ListItem\",\"position\":1,\"name\":\"Startseite\",\"item\":\"https:\\\/\\\/lebenleben.de\\\/werkstatt\\\/\"},{\"@type\":\"ListItem\",\"position\":2,\"name\":\"Erg\u00e4nzende AGB &#8211; Fahrzeugpflege\"}]},{\"@type\":\"WebSite\",\"@id\":\"https:\\\/\\\/lebenleben.de\\\/werkstatt\\\/#website\",\"url\":\"https:\\\/\\\/lebenleben.de\\\/werkstatt\\\/\",\"name\":\"Leben leben Werkstatt\",\"description\":\"Eine weitere Leben Leben Netzwerk Website\",\"publisher\":{\"@id\":\"https:\\\/\\\/lebenleben.de\\\/werkstatt\\\/#organization\"},\"potentialAction\":[{\"@type\":\"SearchAction\",\"target\":{\"@type\":\"EntryPoint\",\"urlTemplate\":\"https:\\\/\\\/lebenleben.de\\\/werkstatt\\\/?s={search_term_string}\"},\"query-input\":{\"@type\":\"PropertyValueSpecification\",\"valueRequired\":true,\"valueName\":\"search_term_string\"}}],\"inLanguage\":\"de\"},{\"@type\":\"Organization\",\"@id\":\"https:\\\/\\\/lebenleben.de\\\/werkstatt\\\/#organization\",\"name\":\"Leben leben Arbeit & Produktion\",\"url\":\"https:\\\/\\\/lebenleben.de\\\/werkstatt\\\/\",\"logo\":{\"@type\":\"ImageObject\",\"inLanguage\":\"de\",\"@id\":\"https:\\\/\\\/lebenleben.de\\\/werkstatt\\\/#\\\/schema\\\/logo\\\/image\\\/\",\"url\":\"https:\\\/\\\/lebenleben.de\\\/arbeit-produktion\\\/wp-content\\\/uploads\\\/sites\\\/14\\\/2021\\\/01\\\/ll_favicon-blue.png\",\"contentUrl\":\"https:\\\/\\\/lebenleben.de\\\/arbeit-produktion\\\/wp-content\\\/uploads\\\/sites\\\/14\\\/2021\\\/01\\\/ll_favicon-blue.png\",\"width\":501,\"height\":501,\"caption\":\"Leben leben Arbeit & Produktion\"},\"image\":{\"@id\":\"https:\\\/\\\/lebenleben.de\\\/werkstatt\\\/#\\\/schema\\\/logo\\\/image\\\/\"}}]}<\/script>\n<!-- \/ Yoast SEO plugin. -->","yoast_head_json":{"title":"Erg\u00e4nzende AGB - Fahrzeugpflege - Leben leben Werkstatt","robots":{"index":"index","follow":"follow","max-snippet":"max-snippet:-1","max-image-preview":"max-image-preview:large","max-video-preview":"max-video-preview:-1"},"canonical":"https:\/\/lebenleben.de\/werkstatt\/ergaenzende-geschaeftsbedingungen-fahrzeugpflege-2\/","og_locale":"de_DE","og_type":"article","og_title":"Erg\u00e4nzende AGB - Fahrzeugpflege - Leben leben Werkstatt","og_description":"Erg\u00e4nzende AGB Fahrzeugpflege F\u00fcr die Fahrzeugpflege der Leben leben Arbeit &amp; Produktion gGmbH unter der Marke Fahrzeugpflege hand in hand gelten in Verbindung mit den Allgemeinen Gesch\u00e4ftsbedingungen von Leben leben (s. lebenleben.de\/agb) folgende erg\u00e4nzende Bestimmungen: 1. Auftragsbedingungen 1.1 Unsere Angebote sind freibleibend. Ein Angebot wird erst verbindlich, nachdem wir den Auftrag m\u00fcndlich oder schriftlich best\u00e4tigt [&hellip;]","og_url":"https:\/\/lebenleben.de\/werkstatt\/ergaenzende-geschaeftsbedingungen-fahrzeugpflege-2\/","og_site_name":"Leben leben Werkstatt","article_modified_time":"2025-06-24T08:32:38+00:00","twitter_card":"summary_large_image","twitter_misc":{"Gesch\u00e4tzte Lesezeit":"5\u00a0Minuten"},"schema":{"@context":"https:\/\/schema.org","@graph":[{"@type":"WebPage","@id":"https:\/\/lebenleben.de\/werkstatt\/ergaenzende-geschaeftsbedingungen-fahrzeugpflege-2\/","url":"https:\/\/lebenleben.de\/werkstatt\/ergaenzende-geschaeftsbedingungen-fahrzeugpflege-2\/","name":"Erg\u00e4nzende AGB - Fahrzeugpflege - Leben leben Werkstatt","isPartOf":{"@id":"https:\/\/lebenleben.de\/werkstatt\/#website"},"datePublished":"2022-06-22T13:44:22+00:00","dateModified":"2025-06-24T08:32:38+00:00","breadcrumb":{"@id":"https:\/\/lebenleben.de\/werkstatt\/ergaenzende-geschaeftsbedingungen-fahrzeugpflege-2\/#breadcrumb"},"inLanguage":"de","potentialAction":[{"@type":"ReadAction","target":["https:\/\/lebenleben.de\/werkstatt\/ergaenzende-geschaeftsbedingungen-fahrzeugpflege-2\/"]}]},{"@type":"BreadcrumbList","@id":"https:\/\/lebenleben.de\/werkstatt\/ergaenzende-geschaeftsbedingungen-fahrzeugpflege-2\/#breadcrumb","itemListElement":[{"@type":"ListItem","position":1,"name":"Startseite","item":"https:\/\/lebenleben.de\/werkstatt\/"},{"@type":"ListItem","position":2,"name":"Erg\u00e4nzende AGB &#8211; Fahrzeugpflege"}]},{"@type":"WebSite","@id":"https:\/\/lebenleben.de\/werkstatt\/#website","url":"https:\/\/lebenleben.de\/werkstatt\/","name":"Leben leben Werkstatt","description":"Eine weitere Leben Leben Netzwerk Website","publisher":{"@id":"https:\/\/lebenleben.de\/werkstatt\/#organization"},"potentialAction":[{"@type":"SearchAction","target":{"@type":"EntryPoint","urlTemplate":"https:\/\/lebenleben.de\/werkstatt\/?s={search_term_string}"},"query-input":{"@type":"PropertyValueSpecification","valueRequired":true,"valueName":"search_term_string"}}],"inLanguage":"de"},{"@type":"Organization","@id":"https:\/\/lebenleben.de\/werkstatt\/#organization","name":"Leben leben Arbeit & Produktion","url":"https:\/\/lebenleben.de\/werkstatt\/","logo":{"@type":"ImageObject","inLanguage":"de","@id":"https:\/\/lebenleben.de\/werkstatt\/#\/schema\/logo\/image\/","url":"https:\/\/lebenleben.de\/arbeit-produktion\/wp-content\/uploads\/sites\/14\/2021\/01\/ll_favicon-blue.png","contentUrl":"https:\/\/lebenleben.de\/arbeit-produktion\/wp-content\/uploads\/sites\/14\/2021\/01\/ll_favicon-blue.png","width":501,"height":501,"caption":"Leben leben Arbeit & Produktion"},"image":{"@id":"https:\/\/lebenleben.de\/werkstatt\/#\/schema\/logo\/image\/"}}]}},"_links":{"self":[{"href":"https:\/\/lebenleben.de\/werkstatt\/wp-json\/wp\/v2\/pages\/1076","targetHints":{"allow":["GET"]}}],"collection":[{"href":"https:\/\/lebenleben.de\/werkstatt\/wp-json\/wp\/v2\/pages"}],"about":[{"href":"https:\/\/lebenleben.de\/werkstatt\/wp-json\/wp\/v2\/types\/page"}],"author":[{"embeddable":true,"href":"https:\/\/lebenleben.de\/werkstatt\/wp-json\/wp\/v2\/users\/4"}],"replies":[{"embeddable":true,"href":"https:\/\/lebenleben.de\/werkstatt\/wp-json\/wp\/v2\/comments?post=1076"}],"version-history":[{"count":10,"href":"https:\/\/lebenleben.de\/werkstatt\/wp-json\/wp\/v2\/pages\/1076\/revisions"}],"predecessor-version":[{"id":1946,"href":"https:\/\/lebenleben.de\/werkstatt\/wp-json\/wp\/v2\/pages\/1076\/revisions\/1946"}],"wp:attachment":[{"href":"https:\/\/lebenleben.de\/werkstatt\/wp-json\/wp\/v2\/media?parent=1076"}],"curies":[{"name":"wp","href":"https:\/\/api.w.org\/{rel}","templated":true}]}}