{"id":1082,"date":"2022-06-23T18:41:52","date_gmt":"2022-06-23T16:41:52","guid":{"rendered":"https:\/\/lebenleben.de\/arbeit-produktion\/?page_id=1082"},"modified":"2025-06-24T10:32:29","modified_gmt":"2025-06-24T08:32:29","slug":"ergaenzende-agb-pulverbeschichtung","status":"publish","type":"page","link":"https:\/\/lebenleben.de\/werkstatt\/ergaenzende-agb-pulverbeschichtung\/","title":{"rendered":"Erg\u00e4nzende AGB &#8211; Pulverbeschichtung"},"content":{"rendered":"\n<h1 class=\"wp-block-heading\">Erg\u00e4nzende AGB<\/h1>\n\n\n\n<h2 class=\"wp-block-heading\">Pulverbeschichtung<\/h2>\n\n\n\n<p><strong>F\u00fcr die Pulverbeschichtung der Leben leben Arbeit &amp; Produktion gGmbH gelten in Verbindung mit den Allgemeinen Gesch\u00e4ftsbedingungen der Stiftung Leben leben (s: <a href=\"https:\/\/lebenleben.de\/agb\/\" target=\"_blank\" rel=\"noreferrer noopener\">lebenleben.de\/agb<\/a>) folgende erg\u00e4nzende Bestimmungen:<\/strong><\/p>\n\n\n\n<h4 class=\"wp-block-heading\"><strong>1. Auftragsbedingungen<\/strong><\/h4>\n\n\n\n<p>1.1 Unsere Angebote sind freibleibend. Ein Angebot wird erst verbindlich, nachdem wir die Bestellung schriftlich aufgenommen haben oder eine schriftliche Auftragsbest\u00e4tigung erteilt wurde. F\u00fcr den Inhalt des Auftrages ist die Auftragsbest\u00e4tigung bzw. der Inhalt des schriftlich aufgenommenen Auftrags ma\u00dfgebend.<\/p>\n\n\n\n<p>1.2 Zur Angebotserstellung sind vom Auftraggeber folgende Angaben n\u00f6tig:<\/p>\n\n\n\n<p>a) In welcher Farbe soll beschichtet werden?<\/p>\n\n\n\n<p>b) Welche Aufh\u00e4ngungspunkte genutzt werden k\u00f6nnen\/m\u00fcssen?<\/p>\n\n\n\n<p>c) Sollen zus\u00e4tzliche Leistungen, wie das Strahlen, Maskieren, Tempern, 2-Schicht-Lackierungen, besondere Verpackungsarten erbracht werden?<\/p>\n\n\n\n<p>d) Wo werden die beschichteten Gegenst\u00e4nde eingesetzt, insbesondere Angabe, ob im Innen-oder Au\u00dfenbereich?<\/p>\n\n\n\n<p>e) Sonstige wichtige Informationen, ggf. auch Terminw\u00fcnsche, sofern noch nicht im Vorfeld besprochen.<\/p>\n\n\n\n<p>1.3 An Abbildungen, Zeichnungen, Kalkulationen und sonstigen Unterlagen behalten wir uns Eigentums- und Urheberrechte vor. Vor ihrer Weitergabe an Dritte bedarf der Auftraggeber unserer ausdr\u00fccklichen schriftlichen Zustimmung.<\/p>\n\n\n\n<h4 class=\"wp-block-heading\"><strong>2. Preise, Zahlungsbedingungen<\/strong><\/h4>\n\n\n\n<p>2.1 Auftr\u00e4ge, f\u00fcr die nicht ausdr\u00fccklich feste Preise vereinbart worden sind, werden zu den am Tage der Lieferung g\u00fcltigen Listenpreisen (qm-Preis, netto zzgl.&nbsp; gesetzlicher Mehrwertsteuer) bzw. Lohnverrechnungs-s\u00e4tzen berechnet. 2.2 Sofern nichts anderes vereinbart ist, gelten unsere Preise ab Werk. Zus\u00e4tzlich berechnen wir die Kosten f\u00fcr Verpackung und bei Auslieferung die Kosten f\u00fcr den Transport. Bei Unternehmern verstehen sich die Preise netto zzgl. gesetzlicher Mehrwertsteuer von 7%.<\/p>\n\n\n\n<p>2.3 Wird mangelhafte Ware, z.B. rostige, verschmutzte oder verzunderte Ware durch den Auftraggeber angeliefert und werden hierdurch Leistungen \u00fcber den vertraglichen Umfang hinaus erforderlich, sind nach gemeinsamer Auftrags\u00e4nderung die Mehrkosten vom Auftraggeber zu ersetzen.<\/p>\n\n\n\n<p>2.4 Rechnungsbetr\u00e4ge von Verbrauchern sind bei Abholung der Fertigware sofort bar zu begleichen. Wir weisen hiermit darauf hin, dass wir im Falle des Zahlungsverzugs berechtigt sind, Verzugszinsen von 5 Prozentpunkten \u00fcber dem aktuellen Basiszinssatz (nach \u00a7 247 BGB), bei Unternehmern von 8 Prozentpunkten \u00fcber dem Basiszinssatz, zu erheben. Die Geltendmachung eines weitergehenden Schadens bleibt vorbehalten.<strong> <\/strong>Im \u00dcbrigen gelten die Zahlungsbedingungen entsprechend den Allgemeinen Gesch\u00e4ftsbedingungen der Stiftung Leben leben.<\/p>\n\n\n\n<p>2.5 Wir weisen hiermit darauf hin, dass Sie als Unternehmer die im Rechnungsbetrag enthaltende Arbeitsleistung zu 50 % auf die Ausgleichsabgabe anrechnen k\u00f6nnen (nach \u00a7 140 SGB IX).<\/p>\n\n\n\n<h4 class=\"wp-block-heading\"><strong>3. Lieferbedingungen<\/strong><\/h4>\n\n\n\n<p>3.1 Der Beginn der von uns angegebenen Lieferzeit setzt die vorherige Abkl\u00e4rung aller technischen Fragen voraus.<\/p>\n\n\n\n<p>3.2 Die Einhaltung unserer Lieferverpflichtung setzt weiter die rechtzeitige und ordnungsgem\u00e4\u00dfe Erf\u00fcllung der Verpflichtungen des Auftraggebers voraus. Dies gilt insbesondere f\u00fcr eine ordnungsgem\u00e4\u00dfe Vorbereitung der Ware f\u00fcr die Pulverbeschichtung (vgl. Ziff. 4). Bei Leistungsverz\u00f6gerungen, die der Auftraggeber zu vertreten hat, verl\u00e4ngern bzw. verschieben sich vereinbarte Liefertermine entsprechend.<\/p>\n\n\n\n<p>3.3 Sofern sich aus der Auftragsbest\u00e4tigung nichts anderes ergibt oder nichts anderes vereinbart ist, ist Lieferung ab Werk vereinbart. Der Auftraggeber hat die Ware Am Funkturm 3-9, Lager H abzuholen. Im \u00dcbrigen gelten die Lieferbedingungen entsprechend den Allgemeinen Gesch\u00e4ftsbedingungen der Stiftung Leben leben.<\/p>\n\n\n\n<h4 class=\"wp-block-heading\"><strong>4. Pflichten des Auftraggebers, Vorbereitung der Ware<\/strong><\/h4>\n\n\n\n<p>4.1<strong> <\/strong>Der Auftraggeber hat die zu beschichtenden Teile von nicht zu beschichtenden Teilen zu trennen.<\/p>\n\n\n\n<p>4.2 Die Ware muss metallisch rein (d.h. frei von Verunreinigungen und Oxydationsschichten) angeliefert werden. Die Reinigung darf nur mit silikonfreien Reinigungsmitteln ausgef\u00fchrt werden, so dass diese fettfrei und sauber ist. Auf den zu beschichtenden Fl\u00e4chen d\u00fcrfen keine Markierungen (z.B. Edding) vorhanden sein.<\/p>\n\n\n\n<p>4.3 Der Auftraggeber hat uns den Verwendungszweck der zu beschichtenden Ware mitzuteilen, insbesondere, ob diese im Au\u00dfen- oder Innenbereich genutzt werden soll.<\/p>\n\n\n\n<p>4.4 Die Ware muss L\u00f6cher oder Kantungen aufweisen, damit wir die Ware aufh\u00e4ngen k\u00f6nnen.<\/p>\n\n\n\n<p>4.5 Der Grad der Vorbehandlung ist mit uns bei Auftragserteilung abzukl\u00e4ren.<\/p>\n\n\n\n<h4 class=\"wp-block-heading\"><strong>5. Beschaffenheit der Ware, Toleranzen<\/strong><\/h4>\n\n\n\n<p>5.1 Der Auftraggeber steht daf\u00fcr ein, dass die zu beschichtenden Teile hitzebest\u00e4ndig bis zu 220\u00b0 C<strong> <\/strong>sind. Beim Beschichtungsvorgang sind sonst Formver\u00e4nderungen m\u00f6glich.<\/p>\n\n\n\n<p>5.2 Geringe Farbabweichungen vom Muster sind m\u00f6glich. Farbvorgaben, z.B. nach RAL oder Verlaufs- und Glanzgradangaben sind immer, auch wenn sie vom Lieferanten best\u00e4tigt werden, &#8222;Circa-Vorschriften&#8220;. Abweichungen in Farbe, Glanz und Verlauf innerhalb der branchen\u00fcblichen Toleranzen berechtigen nicht zur M\u00e4ngelr\u00fcge; dies gilt auch f\u00fcr Lieferungen nach Muster.<\/p>\n\n\n\n<p>5.3 An s\u00e4mtlichen Kanten und N\u00e4hten des zu beschichtenden Materials kann es zu einem Kantenaufbau kommen. Dieser ist nicht vermeidbar.<\/p>\n\n\n\n<p>5.4 Bei zu beschichtenden St\u00fcckteilen gilt eine Fehlmengentoleranz bis zu 2 % als vertragsgem\u00e4\u00dfe Leistung.<\/p>\n\n\n\n<p>5.5 Bei Beschichtungen von Vorlackierungen (Pulverlack), Gussteilen und von st\u00fcckverzinkten Werkst\u00fccken, gleich welcher Herkunft, erfolgt die Veredelung grunds\u00e4tzlich auf Risiko und Gefahr des Auftraggebers. Vorhandene Nasslackierungen k\u00f6nnen nicht pulverbeschichtet werden und m\u00fcssen vorher entlackt werden.<\/p>\n\n\n\n<h4 class=\"wp-block-heading\"><strong>6. Merkmale der Oberfl\u00e4chen<\/strong><\/h4>\n\n\n\n<p>6.1 Schleifriefen k\u00f6nnen vom Beschichter nicht beeinflusst werden (Schleifen ist nicht im Arbeitsumfang des Beschichters enthalten). Sie werden in der Regel bei konventionellen Pulverlacksystemen ab einer maximalen Rauhigkeit von Rmax &lt; 9 um (entsprechend Schleifpapier der K\u00f6rnung 180 mit Excenterschwingschleifer) abgedeckt.<\/p>\n\n\n\n<p>6.2 Die Untergrundbeschaffenheit (z.B. Ziehstreifen, Schwei\u00dfn\u00e4hte, Abdr\u00fccke, Strukturen, fertigungsbedingte mechanische Besch\u00e4digungen, Dellen, Beulen, Kratzer) kann vom Beschichter nicht beeinflusst werden. Unregelm\u00e4\u00dfigkeiten werden gegebenenfalls erst nach der Beschichtung augenf\u00e4llig<\/p>\n\n\n\n<h4 class=\"wp-block-heading\"><strong>7. Gefahr\u00fcbergang<\/strong><\/h4>\n\n\n\n<p>7.1 Ist der Kunde Unternehmer, geht die Gefahr des zuf\u00e4lligen Untergangs und der zuf\u00e4lligen Verschlechterung der Ware mit der \u00dcbergabe, beim Versendungskauf mit der Auslieferung der Ware an die zur Ausf\u00fchrung der Versendung bestimmte Person auf den Auftraggeber \u00fcber.<\/p>\n\n\n\n<h4 class=\"wp-block-heading\"><strong>8. Sachm\u00e4ngelhaftung<\/strong><\/h4>\n\n\n\n<p>8.1 Wir \u00fcbernehmen keine Gew\u00e4hr in folgenden F\u00e4llen:<\/p>\n\n\n\n<p>&#8211; Wenn die pulverbeschichtete Oberfl\u00e4che durch mechanische oder chemische Einwirkungen besch\u00e4digt wird.<\/p>\n\n\n\n<p>&#8211; Aufh\u00e4ngungspunkte sind produktionstechnisch unvermeidbar und stellen einen Schwachpunkt der fertigen Beschichtung dar.&nbsp; Daher wird dem Auftraggeber empfohlen diese Stellen eigenst\u00e4ndig nachzubessern.<\/p>\n\n\n\n<p>&#8211; Bei unsachgem\u00e4\u00dfer bzw. nicht lackiergerechter Konstruktion und bei Standorten der beschichteten Ware innerhalb der direkten Einflusszonen von Salzwasser, chemischer Industrie oder sonstiger aggressiver Emissionsherde, die lacksch\u00e4digende Substanzen aussto\u00dfen.<\/p>\n\n\n\n<p>&nbsp;&#8211; Bei unsachgem\u00e4\u00dfer Bearbeitung der beschichteten Ware durch Schneide-, Biege- oder andere Umformprozesse.<\/p>\n\n\n\n<p>&#8211; Bei \u00fcberm\u00e4\u00dfiger Belastung des Lackfilms durch W\u00e4rme \u00fcber 70\u00b0 C.<\/p>\n\n\n\n<p>&#8211; Bei Formver\u00e4nderungen, Rissen bei gespachtelten Teilen sowie Beeintr\u00e4chtigungen der Ma\u00df- und Passgenauigkeit in Folge des Bearbeitungsprozesses, sofern sie nicht auf grobe Fahrl\u00e4ssigkeit unsererseits zur\u00fcckzuf\u00fchren sind.<\/p>\n\n\n\n<p>&#8211; Wenn die beschichteten Teile vom Auftraggeber oder einem Dritten nachbehandelt werden, insbesondere L\u00f6cher oder sonstige Perforierungen im beschichteten Material vorgenommen werden.<\/p>\n\n\n\n<p>Im \u00dcbrigen gelten die Allgemeinen Gesch\u00e4ftsbedingungen der Stiftung Leben leben (s: <a href=\"http:\/\/lebenleben.de\/stiftung\/startseite-stift\/agb\/\" target=\"_blank\" rel=\"noreferrer noopener\">www.lebenleben.de\/agb<\/a>) sowie die gesetzlichen Regelungen und Verj\u00e4hrungsfristen.<\/p>\n\n\n\n<p>Sofern einzelne der in diesem Dokument aufgef\u00fchrten erg\u00e4nzenden Gesch\u00e4ftsbedingungen der Pulverbeschichtung von den Allgemeinen Gesch\u00e4ftsbedingungen der Stiftung Leben leben abweichen, haben die hier aufgef\u00fchrten Regelungen Vorrang.<\/p>\n\n\n\n<p>Stand: April 2022<\/p>\n\n\n\n<div style=\"height:50px\" aria-hidden=\"true\" class=\"wp-block-spacer\"><\/div>\n","protected":false},"excerpt":{"rendered":"<p>Erg\u00e4nzende AGB Pulverbeschichtung F\u00fcr die Pulverbeschichtung der Leben leben Arbeit &amp; Produktion gGmbH gelten in Verbindung mit den Allgemeinen Gesch\u00e4ftsbedingungen der Stiftung Leben leben (s: lebenleben.de\/agb) folgende erg\u00e4nzende Bestimmungen: 1. Auftragsbedingungen 1.1 Unsere Angebote sind freibleibend. Ein Angebot wird erst verbindlich, nachdem wir die Bestellung schriftlich aufgenommen haben oder eine schriftliche Auftragsbest\u00e4tigung erteilt wurde. F\u00fcr [&hellip;]<\/p>\n","protected":false},"author":4,"featured_media":0,"parent":0,"menu_order":900,"comment_status":"closed","ping_status":"closed","template":"page-templates\/page-fullscreen.php","meta":{"_acf_changed":false,"footnotes":""},"class_list":["post-1082","page","type-page","status-publish","hentry"],"acf":[],"yoast_head":"<!-- This site is optimized with the Yoast SEO plugin v27.3 - https:\/\/yoast.com\/product\/yoast-seo-wordpress\/ -->\n<title>Erg\u00e4nzende AGB - Pulverbeschichtung - Leben leben Werkstatt<\/title>\n<meta name=\"robots\" content=\"index, follow, max-snippet:-1, max-image-preview:large, max-video-preview:-1\" \/>\n<link rel=\"canonical\" href=\"https:\/\/lebenleben.de\/werkstatt\/ergaenzende-agb-pulverbeschichtung\/\" \/>\n<meta property=\"og:locale\" content=\"de_DE\" \/>\n<meta property=\"og:type\" content=\"article\" \/>\n<meta property=\"og:title\" content=\"Erg\u00e4nzende AGB - Pulverbeschichtung - Leben leben Werkstatt\" \/>\n<meta property=\"og:description\" content=\"Erg\u00e4nzende AGB Pulverbeschichtung F\u00fcr die Pulverbeschichtung der Leben leben Arbeit &amp; Produktion gGmbH gelten in Verbindung mit den Allgemeinen Gesch\u00e4ftsbedingungen der Stiftung Leben leben (s: lebenleben.de\/agb) folgende erg\u00e4nzende Bestimmungen: 1. Auftragsbedingungen 1.1 Unsere Angebote sind freibleibend. Ein Angebot wird erst verbindlich, nachdem wir die Bestellung schriftlich aufgenommen haben oder eine schriftliche Auftragsbest\u00e4tigung erteilt wurde. F\u00fcr [&hellip;]\" \/>\n<meta property=\"og:url\" content=\"https:\/\/lebenleben.de\/werkstatt\/ergaenzende-agb-pulverbeschichtung\/\" \/>\n<meta property=\"og:site_name\" content=\"Leben leben Werkstatt\" \/>\n<meta property=\"article:modified_time\" content=\"2025-06-24T08:32:29+00:00\" \/>\n<meta name=\"twitter:card\" content=\"summary_large_image\" \/>\n<meta name=\"twitter:label1\" content=\"Gesch\u00e4tzte Lesezeit\" \/>\n\t<meta name=\"twitter:data1\" content=\"6\u00a0Minuten\" \/>\n<script type=\"application\/ld+json\" class=\"yoast-schema-graph\">{\"@context\":\"https:\\\/\\\/schema.org\",\"@graph\":[{\"@type\":\"WebPage\",\"@id\":\"https:\\\/\\\/lebenleben.de\\\/werkstatt\\\/ergaenzende-agb-pulverbeschichtung\\\/\",\"url\":\"https:\\\/\\\/lebenleben.de\\\/werkstatt\\\/ergaenzende-agb-pulverbeschichtung\\\/\",\"name\":\"Erg\u00e4nzende AGB - Pulverbeschichtung - Leben leben Werkstatt\",\"isPartOf\":{\"@id\":\"https:\\\/\\\/lebenleben.de\\\/werkstatt\\\/#website\"},\"datePublished\":\"2022-06-23T16:41:52+00:00\",\"dateModified\":\"2025-06-24T08:32:29+00:00\",\"breadcrumb\":{\"@id\":\"https:\\\/\\\/lebenleben.de\\\/werkstatt\\\/ergaenzende-agb-pulverbeschichtung\\\/#breadcrumb\"},\"inLanguage\":\"de\",\"potentialAction\":[{\"@type\":\"ReadAction\",\"target\":[\"https:\\\/\\\/lebenleben.de\\\/werkstatt\\\/ergaenzende-agb-pulverbeschichtung\\\/\"]}]},{\"@type\":\"BreadcrumbList\",\"@id\":\"https:\\\/\\\/lebenleben.de\\\/werkstatt\\\/ergaenzende-agb-pulverbeschichtung\\\/#breadcrumb\",\"itemListElement\":[{\"@type\":\"ListItem\",\"position\":1,\"name\":\"Startseite\",\"item\":\"https:\\\/\\\/lebenleben.de\\\/werkstatt\\\/\"},{\"@type\":\"ListItem\",\"position\":2,\"name\":\"Erg\u00e4nzende AGB &#8211; Pulverbeschichtung\"}]},{\"@type\":\"WebSite\",\"@id\":\"https:\\\/\\\/lebenleben.de\\\/werkstatt\\\/#website\",\"url\":\"https:\\\/\\\/lebenleben.de\\\/werkstatt\\\/\",\"name\":\"Leben leben Werkstatt\",\"description\":\"Eine weitere Leben Leben Netzwerk Website\",\"publisher\":{\"@id\":\"https:\\\/\\\/lebenleben.de\\\/werkstatt\\\/#organization\"},\"potentialAction\":[{\"@type\":\"SearchAction\",\"target\":{\"@type\":\"EntryPoint\",\"urlTemplate\":\"https:\\\/\\\/lebenleben.de\\\/werkstatt\\\/?s={search_term_string}\"},\"query-input\":{\"@type\":\"PropertyValueSpecification\",\"valueRequired\":true,\"valueName\":\"search_term_string\"}}],\"inLanguage\":\"de\"},{\"@type\":\"Organization\",\"@id\":\"https:\\\/\\\/lebenleben.de\\\/werkstatt\\\/#organization\",\"name\":\"Leben leben Arbeit & Produktion\",\"url\":\"https:\\\/\\\/lebenleben.de\\\/werkstatt\\\/\",\"logo\":{\"@type\":\"ImageObject\",\"inLanguage\":\"de\",\"@id\":\"https:\\\/\\\/lebenleben.de\\\/werkstatt\\\/#\\\/schema\\\/logo\\\/image\\\/\",\"url\":\"https:\\\/\\\/lebenleben.de\\\/arbeit-produktion\\\/wp-content\\\/uploads\\\/sites\\\/14\\\/2021\\\/01\\\/ll_favicon-blue.png\",\"contentUrl\":\"https:\\\/\\\/lebenleben.de\\\/arbeit-produktion\\\/wp-content\\\/uploads\\\/sites\\\/14\\\/2021\\\/01\\\/ll_favicon-blue.png\",\"width\":501,\"height\":501,\"caption\":\"Leben leben Arbeit & Produktion\"},\"image\":{\"@id\":\"https:\\\/\\\/lebenleben.de\\\/werkstatt\\\/#\\\/schema\\\/logo\\\/image\\\/\"}}]}<\/script>\n<!-- \/ Yoast SEO plugin. -->","yoast_head_json":{"title":"Erg\u00e4nzende AGB - Pulverbeschichtung - Leben leben Werkstatt","robots":{"index":"index","follow":"follow","max-snippet":"max-snippet:-1","max-image-preview":"max-image-preview:large","max-video-preview":"max-video-preview:-1"},"canonical":"https:\/\/lebenleben.de\/werkstatt\/ergaenzende-agb-pulverbeschichtung\/","og_locale":"de_DE","og_type":"article","og_title":"Erg\u00e4nzende AGB - Pulverbeschichtung - Leben leben Werkstatt","og_description":"Erg\u00e4nzende AGB Pulverbeschichtung F\u00fcr die Pulverbeschichtung der Leben leben Arbeit &amp; Produktion gGmbH gelten in Verbindung mit den Allgemeinen Gesch\u00e4ftsbedingungen der Stiftung Leben leben (s: lebenleben.de\/agb) folgende erg\u00e4nzende Bestimmungen: 1. Auftragsbedingungen 1.1 Unsere Angebote sind freibleibend. Ein Angebot wird erst verbindlich, nachdem wir die Bestellung schriftlich aufgenommen haben oder eine schriftliche Auftragsbest\u00e4tigung erteilt wurde. F\u00fcr [&hellip;]","og_url":"https:\/\/lebenleben.de\/werkstatt\/ergaenzende-agb-pulverbeschichtung\/","og_site_name":"Leben leben Werkstatt","article_modified_time":"2025-06-24T08:32:29+00:00","twitter_card":"summary_large_image","twitter_misc":{"Gesch\u00e4tzte Lesezeit":"6\u00a0Minuten"},"schema":{"@context":"https:\/\/schema.org","@graph":[{"@type":"WebPage","@id":"https:\/\/lebenleben.de\/werkstatt\/ergaenzende-agb-pulverbeschichtung\/","url":"https:\/\/lebenleben.de\/werkstatt\/ergaenzende-agb-pulverbeschichtung\/","name":"Erg\u00e4nzende AGB - Pulverbeschichtung - Leben leben Werkstatt","isPartOf":{"@id":"https:\/\/lebenleben.de\/werkstatt\/#website"},"datePublished":"2022-06-23T16:41:52+00:00","dateModified":"2025-06-24T08:32:29+00:00","breadcrumb":{"@id":"https:\/\/lebenleben.de\/werkstatt\/ergaenzende-agb-pulverbeschichtung\/#breadcrumb"},"inLanguage":"de","potentialAction":[{"@type":"ReadAction","target":["https:\/\/lebenleben.de\/werkstatt\/ergaenzende-agb-pulverbeschichtung\/"]}]},{"@type":"BreadcrumbList","@id":"https:\/\/lebenleben.de\/werkstatt\/ergaenzende-agb-pulverbeschichtung\/#breadcrumb","itemListElement":[{"@type":"ListItem","position":1,"name":"Startseite","item":"https:\/\/lebenleben.de\/werkstatt\/"},{"@type":"ListItem","position":2,"name":"Erg\u00e4nzende AGB &#8211; Pulverbeschichtung"}]},{"@type":"WebSite","@id":"https:\/\/lebenleben.de\/werkstatt\/#website","url":"https:\/\/lebenleben.de\/werkstatt\/","name":"Leben leben Werkstatt","description":"Eine weitere Leben Leben Netzwerk Website","publisher":{"@id":"https:\/\/lebenleben.de\/werkstatt\/#organization"},"potentialAction":[{"@type":"SearchAction","target":{"@type":"EntryPoint","urlTemplate":"https:\/\/lebenleben.de\/werkstatt\/?s={search_term_string}"},"query-input":{"@type":"PropertyValueSpecification","valueRequired":true,"valueName":"search_term_string"}}],"inLanguage":"de"},{"@type":"Organization","@id":"https:\/\/lebenleben.de\/werkstatt\/#organization","name":"Leben leben Arbeit & Produktion","url":"https:\/\/lebenleben.de\/werkstatt\/","logo":{"@type":"ImageObject","inLanguage":"de","@id":"https:\/\/lebenleben.de\/werkstatt\/#\/schema\/logo\/image\/","url":"https:\/\/lebenleben.de\/arbeit-produktion\/wp-content\/uploads\/sites\/14\/2021\/01\/ll_favicon-blue.png","contentUrl":"https:\/\/lebenleben.de\/arbeit-produktion\/wp-content\/uploads\/sites\/14\/2021\/01\/ll_favicon-blue.png","width":501,"height":501,"caption":"Leben leben Arbeit & Produktion"},"image":{"@id":"https:\/\/lebenleben.de\/werkstatt\/#\/schema\/logo\/image\/"}}]}},"_links":{"self":[{"href":"https:\/\/lebenleben.de\/werkstatt\/wp-json\/wp\/v2\/pages\/1082","targetHints":{"allow":["GET"]}}],"collection":[{"href":"https:\/\/lebenleben.de\/werkstatt\/wp-json\/wp\/v2\/pages"}],"about":[{"href":"https:\/\/lebenleben.de\/werkstatt\/wp-json\/wp\/v2\/types\/page"}],"author":[{"embeddable":true,"href":"https:\/\/lebenleben.de\/werkstatt\/wp-json\/wp\/v2\/users\/4"}],"replies":[{"embeddable":true,"href":"https:\/\/lebenleben.de\/werkstatt\/wp-json\/wp\/v2\/comments?post=1082"}],"version-history":[{"count":11,"href":"https:\/\/lebenleben.de\/werkstatt\/wp-json\/wp\/v2\/pages\/1082\/revisions"}],"predecessor-version":[{"id":1945,"href":"https:\/\/lebenleben.de\/werkstatt\/wp-json\/wp\/v2\/pages\/1082\/revisions\/1945"}],"wp:attachment":[{"href":"https:\/\/lebenleben.de\/werkstatt\/wp-json\/wp\/v2\/media?parent=1082"}],"curies":[{"name":"wp","href":"https:\/\/api.w.org\/{rel}","templated":true}]}}