{"id":2191,"date":"2025-04-24T09:50:06","date_gmt":"2025-04-24T07:50:06","guid":{"rendered":"https:\/\/lebenleben.de\/arbeit-produktion\/?page_id=2191"},"modified":"2025-09-16T07:36:33","modified_gmt":"2025-09-16T05:36:33","slug":"startseite","status":"publish","type":"page","link":"https:\/\/lebenleben.de\/werkstatt\/","title":{"rendered":"Startseite"},"content":{"rendered":"\n<div id=\"llimageslider-block_fc54fa7af32f0913e9f7c3807ef3101f\" class=\"block-llimageslider llimageslider alignwide\">\n\n    \n\t\t<div class=\"llimageslider-slider\" data-slick='{\"autoplaySpeed\": 5000}'>\n\t\t\t\t\t\t\t<div class=\"single-slide-wrapper slide-1\">\n\t\t\t\t\t<img loading=\"lazy\" decoding=\"async\" width=\"1400\" height=\"560\" src=\"https:\/\/lebenleben.de\/werkstatt\/wp-content\/uploads\/sites\/14\/2021\/07\/lebenleben_werkstaetten_dannenberg_2015-s.tramsen-031-1400x560.jpg\" class=\"single-slide-image slider-desktop-image\" alt=\"\" srcset=\"https:\/\/lebenleben.de\/werkstatt\/wp-content\/uploads\/sites\/14\/2021\/07\/lebenleben_werkstaetten_dannenberg_2015-s.tramsen-031-e1625671553912.jpg 1400w, https:\/\/lebenleben.de\/werkstatt\/wp-content\/uploads\/sites\/14\/2021\/07\/lebenleben_werkstaetten_dannenberg_2015-s.tramsen-031-e1625671553912-300x120.jpg 300w, https:\/\/lebenleben.de\/werkstatt\/wp-content\/uploads\/sites\/14\/2021\/07\/lebenleben_werkstaetten_dannenberg_2015-s.tramsen-031-e1625671553912-1024x410.jpg 1024w, https:\/\/lebenleben.de\/werkstatt\/wp-content\/uploads\/sites\/14\/2021\/07\/lebenleben_werkstaetten_dannenberg_2015-s.tramsen-031-e1625671553912-768x307.jpg 768w\" sizes=\"auto, (max-width: 1400px) 100vw, 1400px\" \/>          <img loading=\"lazy\" decoding=\"async\" width=\"1000\" height=\"400\" src=\"https:\/\/lebenleben.de\/werkstatt\/wp-content\/uploads\/sites\/14\/2021\/07\/lebenleben_werkstaetten_dannenberg_2015-s.tramsen-031-e1625671553912-1024x410.jpg\" class=\"single-slide-image slider-mobile-image\" alt=\"\" srcset=\"https:\/\/lebenleben.de\/werkstatt\/wp-content\/uploads\/sites\/14\/2021\/07\/lebenleben_werkstaetten_dannenberg_2015-s.tramsen-031-e1625671553912-1024x410.jpg 1024w, https:\/\/lebenleben.de\/werkstatt\/wp-content\/uploads\/sites\/14\/2021\/07\/lebenleben_werkstaetten_dannenberg_2015-s.tramsen-031-e1625671553912-300x120.jpg 300w, https:\/\/lebenleben.de\/werkstatt\/wp-content\/uploads\/sites\/14\/2021\/07\/lebenleben_werkstaetten_dannenberg_2015-s.tramsen-031-e1625671553912-768x307.jpg 768w, https:\/\/lebenleben.de\/werkstatt\/wp-content\/uploads\/sites\/14\/2021\/07\/lebenleben_werkstaetten_dannenberg_2015-s.tramsen-031-e1625671553912.jpg 1400w\" sizes=\"auto, (max-width: 1000px) 100vw, 1000px\" \/>\n                    <div class=\"single-slide-text\">\n          <h2>Leben leben Werkstatt<\/h2><h3>Individuelle F\u00f6rderung f\u00fcr Ihre berufliche Entwicklung und Teilhabe.<\/h3>          <a class=\"button button-hollow button-hollow-secondary\" href=\"#mehr\">Mehr erfahren&nbsp;&raquo;<\/a>        <\/div>\n        \n\t\t\t\t<\/div>\n\t\t\t\t\t<\/div>\n\t  <script>\n    jQuery(document).ready(function() {\n        jQuery('.llimageslider-slider').slick({\n          dots: true,\n          infinite: true,\n          speed: 1000,\n          autoplay: true,\n          adaptiveHeight: true,\n          slidesToShow: 1,\n          fade: true,\n          focusOnSelect: true\n        });\n    });\n    <\/script>\n<\/div>\n\n\n\n<div class=\"wp-block-columns is-layout-flex wp-container-core-columns-is-layout-9d6595d7 wp-block-columns-is-layout-flex\">\n<div class=\"wp-block-column is-layout-flow wp-block-column-is-layout-flow\" style=\"flex-basis:75%\">\n<h2 class=\"wp-block-heading\" id=\"leben-leben-arbeit-produktion-arbeitgeber-und-dienstleister\">Zusammen Chancen entwickeln.<\/h2>\n\n\n\n<p>Als Teil der Unternehmensgruppe Leben leben begleiten wir in den Landkreisen Uelzen und L\u00fcchow-Dannenberg Menschen mit Unterst\u00fctzungsbedarf auf ihrem pers\u00f6nlichen Weg in Bildung, Arbeit und Teilhabe. Wir setzen uns daf\u00fcr ein, dass jeder Mensch die Chance hat, sich nach seinen F\u00e4higkeiten zu entwickeln \u2013 in einem bew\u00e4hrten, sicheren und wertsch\u00e4tzenden Umfeld.<\/p>\n\n\n\n<p>Von der ersten Orientierung \u00fcber individuelle Bildungswege bis hin zu dauerhaften Arbeitspl\u00e4tzen und besonderen F\u00f6rderangeboten.<\/p>\n<\/div>\n\n\n\n<div class=\"wp-block-column is-layout-flow wp-block-column-is-layout-flow\" style=\"flex-basis:25%\">\n<div class=\"wp-block-group widget\"><div class=\"wp-block-group__inner-container is-layout-flow wp-block-group-is-layout-flow\">\n<h3 class=\"wp-block-heading\" id=\"kontakt\">Kontakt<\/h3>\n\n\n\n<p>Finden Sie Ihre Ansprechpartner bei Leben leben Werkstatt.<\/p>\n\n\n\n<p><a href=\"https:\/\/lebenleben.de\/arbeit-produktion\/kontakt\/\">Kontakt \u00bb<\/a><\/p>\n<\/div><\/div>\n<\/div>\n<\/div>\n\n\n\n<div style=\"height:25px\" aria-hidden=\"true\" class=\"wp-block-spacer\"><\/div>\n\n\n\n<div class=\"wp-block-group alignfull bg-grey\" id=\"mehr\"><div class=\"wp-block-group__inner-container is-layout-flow wp-block-group-is-layout-flow\">\n<div class=\"wp-block-columns is-layout-flex wp-container-core-columns-is-layout-9d6595d7 wp-block-columns-is-layout-flex\">\n<div class=\"wp-block-column is-layout-flow wp-block-column-is-layout-flow\">\n<h2 class=\"wp-block-heading has-text-align-center\">Unsere Ziele<\/h2>\n\n\n\n<p class=\"has-text-align-center\">Wir m\u00f6chten, dass Sie Ihre F\u00e4higkeiten und Potenziale entfalten k\u00f6nnen \u2013 in Ihrem Tempo und mit unserer Unterst\u00fctzung. Ob in der Tagesf\u00f6rderung, bei der beruflichen Bildung, an einem Werkstattarbeitsplatz oder auf dem Weg in den ersten Arbeitsmarkt: Wir begleiten Sie dabei, Ihren Platz im Arbeitsleben zu finden und selbstbestimmt zu gestalten.<\/p>\n\n\n\n<div style=\"height:20px\" aria-hidden=\"true\" class=\"wp-block-spacer\"><\/div>\n\n\n\n<div id=\"listteaser-block_8c61f3cfeac3f27393dabd5f1b08a2f0\" class=\"block-listteaser-wrapper columns-4 uid-1 testimonial block-listteaser--style-grey\">\n                        <div class=\"listteaser-single single-teaser block-subpage-wrapper__single\">\n                <img loading=\"lazy\" decoding=\"async\" width=\"75\" height=\"75\" src=\"https:\/\/lebenleben.de\/werkstatt\/wp-content\/uploads\/sites\/14\/2025\/04\/individuell.png\" class=\"keep-size\" alt=\"\" \/>                <div class=\"textwrapper\">\n                    <h3 class='block-listteaser__headline text-align-center'>Individuelle F\u00f6rderung<\/h3>                    \n                    <p style=\"text-align: center\">Wir erkennen und f\u00f6rdern Ihre St\u00e4rken \u2013<br \/>\npers\u00f6nlich und passgenau.<\/p>\n\n                                    <\/div>\n            <\/div>\n                    <div class=\"listteaser-single single-teaser block-subpage-wrapper__single\">\n                <img loading=\"lazy\" decoding=\"async\" width=\"75\" height=\"75\" src=\"https:\/\/lebenleben.de\/werkstatt\/wp-content\/uploads\/sites\/14\/2025\/04\/sicherheit.png\" class=\"keep-size\" alt=\"\" \/>                <div class=\"textwrapper\">\n                    <h3 class='block-listteaser__headline text-align-center'>Sicherheit &amp; Struktur<\/h3>                    \n                    <p style=\"text-align: center\">Ein verl\u00e4sslicher und stabiler Rahmen gibt Halt und Orientierung.<\/p>\n\n                                    <\/div>\n            <\/div>\n                    <div class=\"listteaser-single single-teaser block-subpage-wrapper__single\">\n                <img loading=\"lazy\" decoding=\"async\" width=\"75\" height=\"75\" src=\"https:\/\/lebenleben.de\/werkstatt\/wp-content\/uploads\/sites\/14\/2025\/04\/arbeitsmarkt.png\" class=\"keep-size\" alt=\"\" \/>                <div class=\"textwrapper\">\n                    <h3 class='block-listteaser__headline text-align-center'>Einblicke &amp; \u00dcberg\u00e4nge<\/h3>                    \n                    <p style=\"text-align: center\">Einstieg in den Arbeitsmarkt \u2013 durch Arbeitserprobungen, Au\u00dfenarbeitspl\u00e4tze und pers\u00f6nliche Qualifizierung.<\/p>\n\n                                    <\/div>\n            <\/div>\n                    <div class=\"listteaser-single single-teaser block-subpage-wrapper__single\">\n                <img loading=\"lazy\" decoding=\"async\" width=\"75\" height=\"75\" src=\"https:\/\/lebenleben.de\/werkstatt\/wp-content\/uploads\/sites\/14\/2025\/04\/gemeinschaft.png\" class=\"keep-size\" alt=\"\" \/>                <div class=\"textwrapper\">\n                    <h3 class='block-listteaser__headline text-align-center'>Teilhabe<\/h3>                    \n                    <p style=\"text-align: center\">Jeder Mensch ist Teil unserer Gemeinschaft \u2013 von Anfang an.<\/p>\n\n                                    <\/div>\n            <\/div>\n            <\/div>\n<\/div>\n<\/div>\n<\/div><\/div>\n\n\n\n<div style=\"height:25px\" aria-hidden=\"true\" class=\"wp-block-spacer\"><\/div>\n\n\n\n<div class=\"wp-block-group bg-white\"><div class=\"wp-block-group__inner-container is-layout-constrained wp-block-group-is-layout-constrained\">\n<h2 class=\"wp-block-heading has-text-align-center\">Unsere Angebote<\/h2>\n\n\n\n<div style=\"height:15px\" aria-hidden=\"true\" class=\"wp-block-spacer\"><\/div>\n\n\n    <script>\n    jQuery(document).ready(function() {\n        jQuery('.uid-2').slick({\n            dots: true,\n            infinite: true,\n            arrows: true,\n            speed: 1000,\n            autoplay: false,\n            slidesToShow: 3,\n            slidesToScroll: 1,\n            fade: false,\n            responsive: [\n                {\n                    breakpoint: 1024,\n                    settings: {\n                        slidesToShow: 2,\n                        slidesToScroll: 1\n                    }\n                },\n                {\n                    breakpoint: 800,\n                    settings: {\n                        slidesToShow: 1,\n                        slidesToScroll: 1\n                    }\n                }\n            ]\n        });\n    });\n    <\/script>\n\n<div id=\"listteaser-block_3a7bf4b918425a0f008deb542b790c42\" class=\"block-listteaser-wrapper columns-3 uid-2 testimonial block-listteaser--style-grey\">\n                        <div class=\"listteaser-single single-teaser block-subpage-wrapper__single\">\n                <a class='imagelink' href='https:\/\/lebenleben.de\/werkstatt\/eingangsverfahren\/' rel='bookmark'  title='Eingangsverfahren'><img loading=\"lazy\" decoding=\"async\" width=\"600\" height=\"360\" src=\"https:\/\/lebenleben.de\/werkstatt\/wp-content\/uploads\/sites\/14\/2021\/04\/ll_header_slider_image_1400x560_0002_is_1187822646-1-600x360.jpg\" class=\"\" alt=\"\" srcset=\"https:\/\/lebenleben.de\/werkstatt\/wp-content\/uploads\/sites\/14\/2021\/04\/ll_header_slider_image_1400x560_0002_is_1187822646-1-600x360.jpg 600w, https:\/\/lebenleben.de\/werkstatt\/wp-content\/uploads\/sites\/14\/2021\/04\/ll_header_slider_image_1400x560_0002_is_1187822646-1-800x480.jpg 800w, https:\/\/lebenleben.de\/werkstatt\/wp-content\/uploads\/sites\/14\/2021\/04\/ll_header_slider_image_1400x560_0002_is_1187822646-1-400x240.jpg 400w\" sizes=\"auto, (max-width: 600px) 100vw, 600px\" \/><\/a>                <div class=\"textwrapper\">\n                    <h3 class='block-listteaser__headline text-align-center'><a href='https:\/\/lebenleben.de\/werkstatt\/eingangsverfahren\/' rel='bookmark'  title='Eingangsverfahren'>Eingangsverfahren<\/a><\/h3>                    \n                    <p style=\"text-align: center\">Ein gemeinsamer Start zur Kl\u00e4rung Ihrer beruflichen Ziele und M\u00f6glichkeiten.<\/p>\n\n                                            <p class=\"text-align-center\">\n                            <a href=\"https:\/\/lebenleben.de\/werkstatt\/eingangsverfahren\/\" rel=\"bookmark\" title=\"Eingangsverfahren\" class=\"button\">\n                                Mehr erfahren&nbsp;&raquo;\n                            <\/a>\n                        <\/p>\n                                    <\/div>\n            <\/div>\n                    <div class=\"listteaser-single single-teaser block-subpage-wrapper__single\">\n                <a class='imagelink' href='https:\/\/lebenleben.de\/werkstatt\/berufsbildungsbereich\/' rel='bookmark'  title='Berufsbildungsbereich (BBB)'><img loading=\"lazy\" decoding=\"async\" width=\"600\" height=\"360\" src=\"https:\/\/lebenleben.de\/werkstatt\/wp-content\/uploads\/sites\/14\/2021\/03\/ll_header_slider_image_1400x560_0012_Lebenshilfe_1-488-600x360.jpg\" class=\"\" alt=\"\" srcset=\"https:\/\/lebenleben.de\/werkstatt\/wp-content\/uploads\/sites\/14\/2021\/03\/ll_header_slider_image_1400x560_0012_Lebenshilfe_1-488-600x360.jpg 600w, https:\/\/lebenleben.de\/werkstatt\/wp-content\/uploads\/sites\/14\/2021\/03\/ll_header_slider_image_1400x560_0012_Lebenshilfe_1-488-800x480.jpg 800w, https:\/\/lebenleben.de\/werkstatt\/wp-content\/uploads\/sites\/14\/2021\/03\/ll_header_slider_image_1400x560_0012_Lebenshilfe_1-488-400x240.jpg 400w\" sizes=\"auto, (max-width: 600px) 100vw, 600px\" \/><\/a>                <div class=\"textwrapper\">\n                    <h3 class='block-listteaser__headline text-align-center'><a href='https:\/\/lebenleben.de\/werkstatt\/berufsbildungsbereich\/' rel='bookmark'  title='Berufsbildungsbereich (BBB)'>Berufsbildungsbereich (BBB)<\/a><\/h3>                    \n                    <p style=\"text-align: center\">Individuelle Qualifizierung und gezielte Vorbereitung auf eine T\u00e4tigkeit im Arbeitsbereich.<\/p>\n\n                                            <p class=\"text-align-center\">\n                            <a href=\"https:\/\/lebenleben.de\/werkstatt\/berufsbildungsbereich\/\" rel=\"bookmark\" title=\"Berufsbildungsbereich (BBB)\" class=\"button\">\n                                Mehr erfahren&nbsp;&raquo;\n                            <\/a>\n                        <\/p>\n                                    <\/div>\n            <\/div>\n                    <div class=\"listteaser-single single-teaser block-subpage-wrapper__single\">\n                <a class='imagelink' href='https:\/\/lebenleben.de\/werkstatt\/arbeitsbereich\/' rel='bookmark'  title='Arbeitsbereich'><img loading=\"lazy\" decoding=\"async\" width=\"600\" height=\"360\" src=\"https:\/\/lebenleben.de\/werkstatt\/wp-content\/uploads\/sites\/14\/2021\/04\/ll_header_slider_image_1400x560_0001_merkens_retusche-1-600x360.jpg\" class=\"\" alt=\"\" srcset=\"https:\/\/lebenleben.de\/werkstatt\/wp-content\/uploads\/sites\/14\/2021\/04\/ll_header_slider_image_1400x560_0001_merkens_retusche-1-600x360.jpg 600w, https:\/\/lebenleben.de\/werkstatt\/wp-content\/uploads\/sites\/14\/2021\/04\/ll_header_slider_image_1400x560_0001_merkens_retusche-1-800x480.jpg 800w, https:\/\/lebenleben.de\/werkstatt\/wp-content\/uploads\/sites\/14\/2021\/04\/ll_header_slider_image_1400x560_0001_merkens_retusche-1-400x240.jpg 400w\" sizes=\"auto, (max-width: 600px) 100vw, 600px\" \/><\/a>                <div class=\"textwrapper\">\n                    <h3 class='block-listteaser__headline text-align-center'><a href='https:\/\/lebenleben.de\/werkstatt\/arbeitsbereich\/' rel='bookmark'  title='Arbeitsbereich'>Arbeitsbereich<\/a><\/h3>                    \n                    <p style=\"text-align: center\">Vielf\u00e4ltige T\u00e4tigkeiten mit Perspektive \u2013 auch f\u00fcr den allgemeinen Arbeitsmarkt.<\/p>\n\n                                            <p class=\"text-align-center\">\n                            <a href=\"https:\/\/lebenleben.de\/werkstatt\/arbeitsbereich\/\" rel=\"bookmark\" title=\"Arbeitsbereich\" class=\"button\">\n                                Mehr erfahren&nbsp;&raquo;\n                            <\/a>\n                        <\/p>\n                                    <\/div>\n            <\/div>\n                    <div class=\"listteaser-single single-teaser block-subpage-wrapper__single\">\n                <a class='imagelink' href='https:\/\/lebenleben.de\/werkstatt\/tagesfoerderung\/' rel='bookmark'  title='Tagesf\u00f6rderung'><img loading=\"lazy\" decoding=\"async\" width=\"600\" height=\"360\" src=\"https:\/\/lebenleben.de\/werkstatt\/wp-content\/uploads\/sites\/14\/2025\/09\/Tafoe_Mini.jpg\" class=\"\" alt=\"\" srcset=\"https:\/\/lebenleben.de\/werkstatt\/wp-content\/uploads\/sites\/14\/2025\/09\/Tafoe_Mini.jpg 600w, https:\/\/lebenleben.de\/werkstatt\/wp-content\/uploads\/sites\/14\/2025\/09\/Tafoe_Mini-300x180.jpg 300w, https:\/\/lebenleben.de\/werkstatt\/wp-content\/uploads\/sites\/14\/2025\/09\/Tafoe_Mini-400x240.jpg 400w\" sizes=\"auto, (max-width: 600px) 100vw, 600px\" \/><\/a>                <div class=\"textwrapper\">\n                    <h3 class='block-listteaser__headline text-align-center'><a href='https:\/\/lebenleben.de\/werkstatt\/tagesfoerderung\/' rel='bookmark'  title='Tagesf\u00f6rderung'>Tagesf\u00f6rderung<\/a><\/h3>                    \n                    <p style=\"text-align: center\">Tagesstrukturierende Angebote f\u00fcr Menschen mit hohem Unterst\u00fctzungsbedarf.<\/p>\n\n                                            <p class=\"text-align-center\">\n                            <a href=\"https:\/\/lebenleben.de\/werkstatt\/tagesfoerderung\/\" rel=\"bookmark\" title=\"Tagesf\u00f6rderung\" class=\"button\">\n                                Mehr erfahren&nbsp;&raquo;\n                            <\/a>\n                        <\/p>\n                                    <\/div>\n            <\/div>\n            <\/div>\n<\/div><\/div>\n\n\n\n<div style=\"height:25px\" aria-hidden=\"true\" class=\"wp-block-spacer\"><\/div>\n","protected":false},"excerpt":{"rendered":"<p>Zusammen Chancen entwickeln. Als Teil der Unternehmensgruppe Leben leben begleiten wir in den Landkreisen Uelzen und L\u00fcchow-Dannenberg Menschen mit Unterst\u00fctzungsbedarf auf ihrem pers\u00f6nlichen Weg in Bildung, Arbeit und Teilhabe. Wir setzen uns daf\u00fcr ein, dass jeder Mensch die Chance hat, sich nach seinen F\u00e4higkeiten zu entwickeln \u2013 in einem bew\u00e4hrten, sicheren und wertsch\u00e4tzenden Umfeld. Von [&hellip;]<\/p>\n","protected":false},"author":15,"featured_media":0,"parent":0,"menu_order":0,"comment_status":"closed","ping_status":"closed","template":"page-templates\/page-fullscreen.php","meta":{"_acf_changed":false,"footnotes":""},"class_list":["post-2191","page","type-page","status-publish","hentry"],"acf":[],"yoast_head":"<!-- This site is optimized with the Yoast SEO plugin v27.3 - https:\/\/yoast.com\/product\/yoast-seo-wordpress\/ -->\n<title>Startseite - Leben leben Werkstatt<\/title>\n<meta name=\"description\" content=\"Leben Leben Werkstatt \u2013 wir begleiten Menschen mit Behinderungen in Arbeit, Bildung und Teilhabe. Zusammen Chancen entwickeln.\" \/>\n<meta name=\"robots\" content=\"index, follow, max-snippet:-1, max-image-preview:large, max-video-preview:-1\" \/>\n<link rel=\"canonical\" href=\"https:\/\/lebenleben.de\/werkstatt\/\" \/>\n<meta property=\"og:locale\" content=\"de_DE\" \/>\n<meta property=\"og:type\" content=\"article\" \/>\n<meta property=\"og:title\" content=\"Startseite - Leben leben Werkstatt\" \/>\n<meta property=\"og:description\" content=\"Leben Leben Werkstatt \u2013 wir begleiten Menschen mit Behinderungen in Arbeit, Bildung und Teilhabe. Zusammen Chancen entwickeln.\" \/>\n<meta property=\"og:url\" content=\"https:\/\/lebenleben.de\/werkstatt\/\" \/>\n<meta property=\"og:site_name\" content=\"Leben leben Werkstatt\" \/>\n<meta property=\"article:modified_time\" content=\"2025-09-16T05:36:33+00:00\" \/>\n<meta name=\"twitter:card\" content=\"summary_large_image\" \/>\n<meta name=\"twitter:label1\" content=\"Gesch\u00e4tzte Lesezeit\" \/>\n\t<meta name=\"twitter:data1\" content=\"3\u00a0Minuten\" \/>\n<script type=\"application\/ld+json\" class=\"yoast-schema-graph\">{\"@context\":\"https:\\\/\\\/schema.org\",\"@graph\":[{\"@type\":\"WebPage\",\"@id\":\"https:\\\/\\\/lebenleben.de\\\/werkstatt\\\/\",\"url\":\"https:\\\/\\\/lebenleben.de\\\/werkstatt\\\/\",\"name\":\"Startseite - Leben leben Werkstatt\",\"isPartOf\":{\"@id\":\"https:\\\/\\\/lebenleben.de\\\/werkstatt\\\/#website\"},\"datePublished\":\"2025-04-24T07:50:06+00:00\",\"dateModified\":\"2025-09-16T05:36:33+00:00\",\"description\":\"Leben Leben Werkstatt \u2013 wir begleiten Menschen mit Behinderungen in Arbeit, Bildung und Teilhabe. Zusammen Chancen entwickeln.\",\"breadcrumb\":{\"@id\":\"https:\\\/\\\/lebenleben.de\\\/werkstatt\\\/#breadcrumb\"},\"inLanguage\":\"de\",\"potentialAction\":[{\"@type\":\"ReadAction\",\"target\":[\"https:\\\/\\\/lebenleben.de\\\/werkstatt\\\/\"]}]},{\"@type\":\"BreadcrumbList\",\"@id\":\"https:\\\/\\\/lebenleben.de\\\/werkstatt\\\/#breadcrumb\",\"itemListElement\":[{\"@type\":\"ListItem\",\"position\":1,\"name\":\"Startseite\",\"item\":\"https:\\\/\\\/lebenleben.de\\\/werkstatt\\\/\"},{\"@type\":\"ListItem\",\"position\":2,\"name\":\"Startseite\"}]},{\"@type\":\"WebSite\",\"@id\":\"https:\\\/\\\/lebenleben.de\\\/werkstatt\\\/#website\",\"url\":\"https:\\\/\\\/lebenleben.de\\\/werkstatt\\\/\",\"name\":\"Leben leben Werkstatt\",\"description\":\"Eine weitere Leben Leben Netzwerk Website\",\"publisher\":{\"@id\":\"https:\\\/\\\/lebenleben.de\\\/werkstatt\\\/#organization\"},\"potentialAction\":[{\"@type\":\"SearchAction\",\"target\":{\"@type\":\"EntryPoint\",\"urlTemplate\":\"https:\\\/\\\/lebenleben.de\\\/werkstatt\\\/?s={search_term_string}\"},\"query-input\":{\"@type\":\"PropertyValueSpecification\",\"valueRequired\":true,\"valueName\":\"search_term_string\"}}],\"inLanguage\":\"de\"},{\"@type\":\"Organization\",\"@id\":\"https:\\\/\\\/lebenleben.de\\\/werkstatt\\\/#organization\",\"name\":\"Leben leben Arbeit & Produktion\",\"url\":\"https:\\\/\\\/lebenleben.de\\\/werkstatt\\\/\",\"logo\":{\"@type\":\"ImageObject\",\"inLanguage\":\"de\",\"@id\":\"https:\\\/\\\/lebenleben.de\\\/werkstatt\\\/#\\\/schema\\\/logo\\\/image\\\/\",\"url\":\"https:\\\/\\\/lebenleben.de\\\/arbeit-produktion\\\/wp-content\\\/uploads\\\/sites\\\/14\\\/2021\\\/01\\\/ll_favicon-blue.png\",\"contentUrl\":\"https:\\\/\\\/lebenleben.de\\\/arbeit-produktion\\\/wp-content\\\/uploads\\\/sites\\\/14\\\/2021\\\/01\\\/ll_favicon-blue.png\",\"width\":501,\"height\":501,\"caption\":\"Leben leben Arbeit & Produktion\"},\"image\":{\"@id\":\"https:\\\/\\\/lebenleben.de\\\/werkstatt\\\/#\\\/schema\\\/logo\\\/image\\\/\"}}]}<\/script>\n<!-- \/ Yoast SEO plugin. -->","yoast_head_json":{"title":"Startseite - Leben leben Werkstatt","description":"Leben Leben Werkstatt \u2013 wir begleiten Menschen mit Behinderungen in Arbeit, Bildung und Teilhabe. Zusammen Chancen entwickeln.","robots":{"index":"index","follow":"follow","max-snippet":"max-snippet:-1","max-image-preview":"max-image-preview:large","max-video-preview":"max-video-preview:-1"},"canonical":"https:\/\/lebenleben.de\/werkstatt\/","og_locale":"de_DE","og_type":"article","og_title":"Startseite - Leben leben Werkstatt","og_description":"Leben Leben Werkstatt \u2013 wir begleiten Menschen mit Behinderungen in Arbeit, Bildung und Teilhabe. Zusammen Chancen entwickeln.","og_url":"https:\/\/lebenleben.de\/werkstatt\/","og_site_name":"Leben leben Werkstatt","article_modified_time":"2025-09-16T05:36:33+00:00","twitter_card":"summary_large_image","twitter_misc":{"Gesch\u00e4tzte Lesezeit":"3\u00a0Minuten"},"schema":{"@context":"https:\/\/schema.org","@graph":[{"@type":"WebPage","@id":"https:\/\/lebenleben.de\/werkstatt\/","url":"https:\/\/lebenleben.de\/werkstatt\/","name":"Startseite - Leben leben Werkstatt","isPartOf":{"@id":"https:\/\/lebenleben.de\/werkstatt\/#website"},"datePublished":"2025-04-24T07:50:06+00:00","dateModified":"2025-09-16T05:36:33+00:00","description":"Leben Leben Werkstatt \u2013 wir begleiten Menschen mit Behinderungen in Arbeit, Bildung und Teilhabe. Zusammen Chancen entwickeln.","breadcrumb":{"@id":"https:\/\/lebenleben.de\/werkstatt\/#breadcrumb"},"inLanguage":"de","potentialAction":[{"@type":"ReadAction","target":["https:\/\/lebenleben.de\/werkstatt\/"]}]},{"@type":"BreadcrumbList","@id":"https:\/\/lebenleben.de\/werkstatt\/#breadcrumb","itemListElement":[{"@type":"ListItem","position":1,"name":"Startseite","item":"https:\/\/lebenleben.de\/werkstatt\/"},{"@type":"ListItem","position":2,"name":"Startseite"}]},{"@type":"WebSite","@id":"https:\/\/lebenleben.de\/werkstatt\/#website","url":"https:\/\/lebenleben.de\/werkstatt\/","name":"Leben leben Werkstatt","description":"Eine weitere Leben Leben Netzwerk Website","publisher":{"@id":"https:\/\/lebenleben.de\/werkstatt\/#organization"},"potentialAction":[{"@type":"SearchAction","target":{"@type":"EntryPoint","urlTemplate":"https:\/\/lebenleben.de\/werkstatt\/?s={search_term_string}"},"query-input":{"@type":"PropertyValueSpecification","valueRequired":true,"valueName":"search_term_string"}}],"inLanguage":"de"},{"@type":"Organization","@id":"https:\/\/lebenleben.de\/werkstatt\/#organization","name":"Leben leben Arbeit & Produktion","url":"https:\/\/lebenleben.de\/werkstatt\/","logo":{"@type":"ImageObject","inLanguage":"de","@id":"https:\/\/lebenleben.de\/werkstatt\/#\/schema\/logo\/image\/","url":"https:\/\/lebenleben.de\/arbeit-produktion\/wp-content\/uploads\/sites\/14\/2021\/01\/ll_favicon-blue.png","contentUrl":"https:\/\/lebenleben.de\/arbeit-produktion\/wp-content\/uploads\/sites\/14\/2021\/01\/ll_favicon-blue.png","width":501,"height":501,"caption":"Leben leben Arbeit & Produktion"},"image":{"@id":"https:\/\/lebenleben.de\/werkstatt\/#\/schema\/logo\/image\/"}}]}},"_links":{"self":[{"href":"https:\/\/lebenleben.de\/werkstatt\/wp-json\/wp\/v2\/pages\/2191","targetHints":{"allow":["GET"]}}],"collection":[{"href":"https:\/\/lebenleben.de\/werkstatt\/wp-json\/wp\/v2\/pages"}],"about":[{"href":"https:\/\/lebenleben.de\/werkstatt\/wp-json\/wp\/v2\/types\/page"}],"author":[{"embeddable":true,"href":"https:\/\/lebenleben.de\/werkstatt\/wp-json\/wp\/v2\/users\/15"}],"replies":[{"embeddable":true,"href":"https:\/\/lebenleben.de\/werkstatt\/wp-json\/wp\/v2\/comments?post=2191"}],"version-history":[{"count":59,"href":"https:\/\/lebenleben.de\/werkstatt\/wp-json\/wp\/v2\/pages\/2191\/revisions"}],"predecessor-version":[{"id":2446,"href":"https:\/\/lebenleben.de\/werkstatt\/wp-json\/wp\/v2\/pages\/2191\/revisions\/2446"}],"wp:attachment":[{"href":"https:\/\/lebenleben.de\/werkstatt\/wp-json\/wp\/v2\/media?parent=2191"}],"curies":[{"name":"wp","href":"https:\/\/api.w.org\/{rel}","templated":true}]}}