{"id":2246,"date":"2025-04-24T10:43:32","date_gmt":"2025-04-24T08:43:32","guid":{"rendered":"https:\/\/lebenleben.de\/arbeit-produktion\/?page_id=2246"},"modified":"2025-06-25T09:33:00","modified_gmt":"2025-06-25T07:33:00","slug":"eingangsverfahren","status":"publish","type":"page","link":"https:\/\/lebenleben.de\/werkstatt\/eingangsverfahren\/","title":{"rendered":"Eingangsverfahren"},"content":{"rendered":"\n<div id=\"llimageslider-block_5a393cbb7b27f6fad6fbd9f3fa7c5aad\" class=\"block-llimageslider llimageslider alignwide\">\n\n    \n\t\t<div class=\"llimageslider-slider\" data-slick='{\"autoplaySpeed\": 5000}'>\n\t\t\t\t\t\t\t<div class=\"single-slide-wrapper slide-1\">\n\t\t\t\t\t<img loading=\"lazy\" decoding=\"async\" width=\"1400\" height=\"440\" src=\"https:\/\/lebenleben.de\/werkstatt\/wp-content\/uploads\/sites\/14\/2024\/05\/ll_header_slider_image_1400x560_0002_is_1187822646-1400x440-1.jpg\" class=\"single-slide-image slider-desktop-image\" alt=\"\" srcset=\"https:\/\/lebenleben.de\/werkstatt\/wp-content\/uploads\/sites\/14\/2024\/05\/ll_header_slider_image_1400x560_0002_is_1187822646-1400x440-1.jpg 1400w, https:\/\/lebenleben.de\/werkstatt\/wp-content\/uploads\/sites\/14\/2024\/05\/ll_header_slider_image_1400x560_0002_is_1187822646-1400x440-1-300x94.jpg 300w, https:\/\/lebenleben.de\/werkstatt\/wp-content\/uploads\/sites\/14\/2024\/05\/ll_header_slider_image_1400x560_0002_is_1187822646-1400x440-1-1024x322.jpg 1024w, https:\/\/lebenleben.de\/werkstatt\/wp-content\/uploads\/sites\/14\/2024\/05\/ll_header_slider_image_1400x560_0002_is_1187822646-1400x440-1-768x241.jpg 768w\" sizes=\"auto, (max-width: 1400px) 100vw, 1400px\" \/>          <img loading=\"lazy\" decoding=\"async\" width=\"1000\" height=\"314\" src=\"https:\/\/lebenleben.de\/werkstatt\/wp-content\/uploads\/sites\/14\/2024\/05\/ll_header_slider_image_1400x560_0002_is_1187822646-1400x440-1-1024x322.jpg\" class=\"single-slide-image slider-mobile-image\" alt=\"\" srcset=\"https:\/\/lebenleben.de\/werkstatt\/wp-content\/uploads\/sites\/14\/2024\/05\/ll_header_slider_image_1400x560_0002_is_1187822646-1400x440-1-1024x322.jpg 1024w, https:\/\/lebenleben.de\/werkstatt\/wp-content\/uploads\/sites\/14\/2024\/05\/ll_header_slider_image_1400x560_0002_is_1187822646-1400x440-1-300x94.jpg 300w, https:\/\/lebenleben.de\/werkstatt\/wp-content\/uploads\/sites\/14\/2024\/05\/ll_header_slider_image_1400x560_0002_is_1187822646-1400x440-1-768x241.jpg 768w, https:\/\/lebenleben.de\/werkstatt\/wp-content\/uploads\/sites\/14\/2024\/05\/ll_header_slider_image_1400x560_0002_is_1187822646-1400x440-1.jpg 1400w\" sizes=\"auto, (max-width: 1000px) 100vw, 1000px\" \/>\n                    <div class=\"single-slide-text\">\n          <h2>Eingangsverfahren<\/h2><h3>Ihr pers\u00f6nlicher Einstieg mit Raum zur Orientierung und Entwicklung.<\/h3>                  <\/div>\n        \n\t\t\t\t<\/div>\n\t\t\t\t\t<\/div>\n\t  <script>\n    jQuery(document).ready(function() {\n        jQuery('.llimageslider-slider').slick({\n          dots: true,\n          infinite: true,\n          speed: 1000,\n          autoplay: true,\n          adaptiveHeight: true,\n          slidesToShow: 1,\n          fade: true,\n          focusOnSelect: true\n        });\n    });\n    <\/script>\n<\/div>\n\n\n\n<p class=\"has-text-align-center\">Das Eingangsverfahren ist der erste Schritt in unsere Werkstatt und dauert in der Regel bis zu drei Monate. In dieser Zeit finden wir gemeinsam heraus, ob unsere Werkstatt der passende Ort f\u00fcr Ihre berufliche Entwicklung ist. Sie lernen unsere Arbeitsbereiche kennen, und wir erstellen zusammen einen Eingliederungsplan, der Ihre F\u00e4higkeiten, Interessen und Ziele ber\u00fccksichtigt. Wenn Sie bereits vor der Aufnahme einen ersten Einblick erhalten m\u00f6chten, besteht die M\u00f6glichkeit, ein kurzes Praktikum zu absolvieren.<\/p>\n\n\n\n<div style=\"height:35px\" aria-hidden=\"true\" class=\"wp-block-spacer\"><\/div>\n\n\n\n<div class=\"wp-block-group bg-white\"><div class=\"wp-block-group__inner-container is-layout-constrained wp-block-group-is-layout-constrained\">\n<h2 class=\"wp-block-heading has-text-align-center\">Unsere Leistungen im \u00dcberblick<\/h2>\n\n\n    <script>\n    jQuery(document).ready(function() {\n        jQuery('.uid-1').slick({\n            dots: true,\n            infinite: true,\n            arrows: true,\n            speed: 1000,\n            autoplay: false,\n            slidesToShow: 3,\n            slidesToScroll: 1,\n            fade: false,\n            responsive: [\n                {\n                    breakpoint: 1024,\n                    settings: {\n                        slidesToShow: 2,\n                        slidesToScroll: 1\n                    }\n                },\n                {\n                    breakpoint: 800,\n                    settings: {\n                        slidesToShow: 1,\n                        slidesToScroll: 1\n                    }\n                }\n            ]\n        });\n    });\n    <\/script>\n\n<div id=\"listteaser-block_cd51d92eeb054264911edcf8e9f528ff\" class=\"block-listteaser-wrapper columns-3 uid-1 testimonial block-listteaser--style-grey\">\n                        <div class=\"listteaser-single single-teaser block-subpage-wrapper__single\">\n                                <div class=\"textwrapper\">\n                    <h3 class='block-listteaser__headline text-align-center'>Schwerpunkte &amp; Angebote<\/h3>                    \n                    <p><ul>\n<li>Gemeinsames Kennenlernen und Ankommen<\/li>\n<li>Erprobung verschiedener Arbeitsfelder<\/li>\n<li>Erstellung eines individuellen Eingliederungsplans<\/li>\n<\/ul>\n<\/p>\n                                    <\/div>\n            <\/div>\n                    <div class=\"listteaser-single single-teaser block-subpage-wrapper__single\">\n                                <div class=\"textwrapper\">\n                    <h3 class='block-listteaser__headline text-align-center'>Ihre Vorteile<\/h3>                    \n                    <p><ul>\n<li>Aufbau beruflicher F\u00e4higkeiten und Fertigkeiten<\/li>\n<li>M\u00f6glichkeit zur Entwicklung beruflicher Perspektiven<\/li>\n<li>Entdeckung pers\u00f6nlicher St\u00e4rken und Interessen<\/li>\n<li>Vertrauensvolle Begleitung durch Fachkr\u00e4fte<\/li>\n<\/ul>\n<\/p>\n                                    <\/div>\n            <\/div>\n                    <div class=\"listteaser-single single-teaser block-subpage-wrapper__single\">\n                                <div class=\"textwrapper\">\n                    <h3 class='block-listteaser__headline text-align-center'>Zugang &amp; Voraussetzungen<\/h3>                    \n                    <p><ul>\n<li>Menschen mit anerkannter Behinderung<\/li>\n<li>Bewilligung durch die Agentur f\u00fcr Arbeit, Deutsche Rentenversicherung oder andere Leistungstr\u00e4ger<\/li>\n<li>Motivation, sich beruflich zu orientieren<\/li>\n<\/ul>\n<\/p>\n                                    <\/div>\n            <\/div>\n            <\/div>\n<\/div><\/div>\n\n\n\n<h2 class=\"wp-block-heading has-text-align-center\">Erstkontakt f\u00fcr Interessierte<\/h2>\n\n\n\n<p class=\"has-text-align-center\">Unser Team freut sich auf Ihre Anfrage und ber\u00e4t Sie gerne pers\u00f6nlich.<\/p>\n\n\n\n<div style=\"height:5px\" aria-hidden=\"true\" class=\"wp-block-spacer\"><\/div>\n\n\n\n<div class=\"wp-block-columns is-layout-flex wp-container-core-columns-is-layout-9d6595d7 wp-block-columns-is-layout-flex\">\n<div class=\"wp-block-column is-layout-flow wp-block-column-is-layout-flow\" style=\"flex-basis:25%\"><\/div>\n\n\n\n<div class=\"wp-block-column is-layout-flow wp-block-column-is-layout-flow\" style=\"flex-basis:25%\">\n<p class=\"has-text-align-center has-medium-font-size\"><svg class=\"ll-icon icon-mail-alt\" enable-background=\"new 0 0 24 24\" height=\"24px\" id=\"Layer_1\" version=\"1.1\" viewBox=\"0 0 24 24\" width=\"24px\" xml:space=\"preserve\" xmlns=\"http:\/\/www.w3.org\/2000\/svg\" xmlns:xlink=\"http:\/\/www.w3.org\/1999\/xlink\"><path clip-rule=\"evenodd\" d=\"M11.984,13C10.031,13-0.031,4.891-0.031,4.891V4c0-1.104,0.896-2,2.002-2h20.026  C23.104,2,24,2.896,24,4l-0.016,1C23.984,5,14.031,13,11.984,13z M11.984,15.75c2.141,0,12-7.75,12-7.75L24,20  c0,1.104-0.896,2-2.003,2H1.971c-1.105,0-2.002-0.896-2.002-2l0.016-12C-0.016,8,10.031,15.75,11.984,15.75z\" fill-rule=\"evenodd\"\/><\/svg>  <a href=\"javascript:;\">erstkontakt@lebenleben.de<\/a><\/p>\n<\/div>\n\n\n\n<div class=\"wp-block-column is-layout-flow wp-block-column-is-layout-flow\" style=\"flex-basis:25%\">\n<p class=\"has-text-align-center has-medium-font-size\"><svg class=\"ll-icon icon-telephone\"  enable-background=\"new 0 0 64 64\" height=\"64px\" version=\"1.1\" viewBox=\"0 0 64 64\" width=\"64px\" xml:space=\"preserve\" xmlns=\"http:\/\/www.w3.org\/2000\/svg\" xmlns:xlink=\"http:\/\/www.w3.org\/1999\/xlink\"><g id=\"_x31_-Call\"\/><g id=\"_x32_-24_Hours_Call\"\/><g id=\"_x33_-Sending_Call\"\/><g id=\"_x34_-Incoming_Call\"\/><g id=\"_x35_-Talk_On_Phone\"\/><g id=\"_x36_-Block_Call\"\/><g id=\"_x37_-Hold_Call\"\/><g id=\"_x38_-Mute_Call\"\/><g id=\"_x39_-Phone_Book\"\/><g id=\"_x31_0-Add_Contact\"\/><g id=\"_x31_1-Delete_Contact\"\/><g id=\"_x31_2-Mail\"\/><g id=\"_x31_3-Message_Read\"\/><g id=\"_x31_4-Email\"\/><g id=\"_x31_5-Send_Mail\"\/><g id=\"_x31_6-Important_Mail\"\/><g id=\"_x31_7-Mail_Chain\"\/><g id=\"_x31_8-Messaging\"\/><g id=\"_x31_9-Sending\"\/><g id=\"_x32_0-Chat\"\/><g id=\"_x32_1-Mail_Attachment\"\/><g id=\"_x32_2-Mobile_Link\"\/><g id=\"_x32_3-Smartphone\"\/><g id=\"_x32_4-Social_Media\"\/><g id=\"_x32_5-Support\"\/><g id=\"_x32_6-Links\"\/><g id=\"_x32_7-Phone\"><path d=\"M52.1478348,42.6777344l-6.4785156-4.5263672c-0.847168-0.5908203-1.8374023-0.9023438-2.8642578-0.9023438   c-1.6328125,0-3.1655273,0.8007813-4.0991211,2.140625l-1.5039063,2.1552734   c-2.5205078-1.6904297-5.3330097-4.0507813-8.0141621-6.7314453c-2.6806641-2.6806641-5.0405273-5.4931641-6.7304688-8.0136719   l2.1542969-1.5039063c1.0981445-0.7646484,1.831543-1.9101563,2.0644531-3.2246094   c0.2324219-1.3134766-0.0605469-2.640625-0.8261719-3.7392578l-4.5253906-6.4785156   C20.3783016,10.5,18.8514462,9.6914063,17.2396297,9.6914063c-0.5585938,0-1.1064453,0.0986328-1.6279297,0.2910156   c-0.5922852,0.21875-1.144043,0.4873047-1.6850586,0.8271484l-0.8945313,0.6298828   c-0.2236328,0.1738281-0.4316406,0.3642578-0.6308594,0.5634766c-1.0913086,1.0908203-1.8657227,2.4716797-2.3027344,4.1044922   c-1.8647461,6.9902344,2.7548828,17.5605469,11.4951172,26.3007813   c7.3398438,7.3398438,16.1577168,11.8994141,23.0117207,11.9003906h0.0004883c1.1738281,0,2.2802734-0.1367188,3.2890625-0.40625   c1.6328125-0.4365234,3.0136719-1.2109375,4.1054688-2.3027344c0.1982422-0.1982422,0.3876953-0.40625,0.5908203-0.6689453   l0.6303711-0.8994141c0.3081055-0.4921875,0.5761719-1.0439453,0.7978516-1.640625   C54.7816238,46.3300781,54.0120926,43.9804688,52.1478348,42.6777344z\"\/><\/g><g id=\"_x32_8-Phone-2\"\/><g id=\"_x32_9-Map\"\/><g id=\"_x33_0-Location\"\/><g id=\"_x33_1-Write\"\/><g id=\"_x33_2-World\"\/><g id=\"_x33_3-Home\"\/><g id=\"_x33_4-Calendar\"\/><g id=\"_x33_5-Website\"\/><g id=\"_x33_6-Info\"\/><g id=\"_x33_7-Bull_Horn\"\/><g id=\"_x33_8-Profile\"\/><g id=\"_x33_9-Quote__x26__Answer\"\/><g id=\"_x34_0-Notification\"\/><g id=\"_x34_1-Share\"\/><g id=\"_x34_2-Time\"\/><\/svg> <a href=\"tel:058188541220\">0581 8854-1220<\/a><\/p>\n<\/div>\n\n\n\n<div class=\"wp-block-column is-layout-flow wp-block-column-is-layout-flow\" style=\"flex-basis:25%\"><\/div>\n<\/div>\n\n\n\n<div style=\"height:50px\" aria-hidden=\"true\" class=\"wp-block-spacer\"><\/div>\n","protected":false},"excerpt":{"rendered":"<p>Das Eingangsverfahren ist der erste Schritt in unsere Werkstatt und dauert in der Regel bis zu drei Monate. In dieser Zeit finden wir gemeinsam heraus, ob unsere Werkstatt der passende Ort f\u00fcr Ihre berufliche Entwicklung ist. Sie lernen unsere Arbeitsbereiche kennen, und wir erstellen zusammen einen Eingliederungsplan, der Ihre F\u00e4higkeiten, Interessen und Ziele ber\u00fccksichtigt. Wenn [&hellip;]<\/p>\n","protected":false},"author":15,"featured_media":0,"parent":0,"menu_order":10,"comment_status":"closed","ping_status":"closed","template":"page-templates\/page-fullscreen.php","meta":{"_acf_changed":false,"footnotes":""},"class_list":["post-2246","page","type-page","status-publish","hentry"],"acf":[],"yoast_head":"<!-- This site is optimized with the Yoast SEO plugin v27.3 - https:\/\/yoast.com\/product\/yoast-seo-wordpress\/ -->\n<title>Eingangsverfahren - Leben leben Werkstatt<\/title>\n<meta name=\"description\" content=\"Im Eingangsverfahren pr\u00fcfen wir gemeinsam, ob unsere Werkstatt zu Ihnen passt \u2013 mit individueller Beratung und Eingliederungsplan.\" \/>\n<meta name=\"robots\" content=\"index, follow, max-snippet:-1, max-image-preview:large, max-video-preview:-1\" \/>\n<link rel=\"canonical\" href=\"https:\/\/lebenleben.de\/werkstatt\/eingangsverfahren\/\" \/>\n<meta property=\"og:locale\" content=\"de_DE\" \/>\n<meta property=\"og:type\" content=\"article\" \/>\n<meta property=\"og:title\" content=\"Eingangsverfahren - Leben leben Werkstatt\" \/>\n<meta property=\"og:description\" content=\"Im Eingangsverfahren pr\u00fcfen wir gemeinsam, ob unsere Werkstatt zu Ihnen passt \u2013 mit individueller Beratung und Eingliederungsplan.\" \/>\n<meta property=\"og:url\" content=\"https:\/\/lebenleben.de\/werkstatt\/eingangsverfahren\/\" \/>\n<meta property=\"og:site_name\" content=\"Leben leben Werkstatt\" \/>\n<meta property=\"article:modified_time\" content=\"2025-06-25T07:33:00+00:00\" \/>\n<meta name=\"twitter:card\" content=\"summary_large_image\" \/>\n<meta name=\"twitter:label1\" content=\"Gesch\u00e4tzte Lesezeit\" \/>\n\t<meta name=\"twitter:data1\" content=\"2\u00a0Minuten\" \/>\n<script type=\"application\/ld+json\" class=\"yoast-schema-graph\">{\"@context\":\"https:\\\/\\\/schema.org\",\"@graph\":[{\"@type\":\"WebPage\",\"@id\":\"https:\\\/\\\/lebenleben.de\\\/werkstatt\\\/eingangsverfahren\\\/\",\"url\":\"https:\\\/\\\/lebenleben.de\\\/werkstatt\\\/eingangsverfahren\\\/\",\"name\":\"Eingangsverfahren - Leben leben Werkstatt\",\"isPartOf\":{\"@id\":\"https:\\\/\\\/lebenleben.de\\\/werkstatt\\\/#website\"},\"datePublished\":\"2025-04-24T08:43:32+00:00\",\"dateModified\":\"2025-06-25T07:33:00+00:00\",\"description\":\"Im Eingangsverfahren pr\u00fcfen wir gemeinsam, ob unsere Werkstatt zu Ihnen passt \u2013 mit individueller Beratung und Eingliederungsplan.\",\"breadcrumb\":{\"@id\":\"https:\\\/\\\/lebenleben.de\\\/werkstatt\\\/eingangsverfahren\\\/#breadcrumb\"},\"inLanguage\":\"de\",\"potentialAction\":[{\"@type\":\"ReadAction\",\"target\":[\"https:\\\/\\\/lebenleben.de\\\/werkstatt\\\/eingangsverfahren\\\/\"]}]},{\"@type\":\"BreadcrumbList\",\"@id\":\"https:\\\/\\\/lebenleben.de\\\/werkstatt\\\/eingangsverfahren\\\/#breadcrumb\",\"itemListElement\":[{\"@type\":\"ListItem\",\"position\":1,\"name\":\"Startseite\",\"item\":\"https:\\\/\\\/lebenleben.de\\\/werkstatt\\\/\"},{\"@type\":\"ListItem\",\"position\":2,\"name\":\"Eingangsverfahren\"}]},{\"@type\":\"WebSite\",\"@id\":\"https:\\\/\\\/lebenleben.de\\\/werkstatt\\\/#website\",\"url\":\"https:\\\/\\\/lebenleben.de\\\/werkstatt\\\/\",\"name\":\"Leben leben Werkstatt\",\"description\":\"Eine weitere Leben Leben Netzwerk Website\",\"publisher\":{\"@id\":\"https:\\\/\\\/lebenleben.de\\\/werkstatt\\\/#organization\"},\"potentialAction\":[{\"@type\":\"SearchAction\",\"target\":{\"@type\":\"EntryPoint\",\"urlTemplate\":\"https:\\\/\\\/lebenleben.de\\\/werkstatt\\\/?s={search_term_string}\"},\"query-input\":{\"@type\":\"PropertyValueSpecification\",\"valueRequired\":true,\"valueName\":\"search_term_string\"}}],\"inLanguage\":\"de\"},{\"@type\":\"Organization\",\"@id\":\"https:\\\/\\\/lebenleben.de\\\/werkstatt\\\/#organization\",\"name\":\"Leben leben Arbeit & Produktion\",\"url\":\"https:\\\/\\\/lebenleben.de\\\/werkstatt\\\/\",\"logo\":{\"@type\":\"ImageObject\",\"inLanguage\":\"de\",\"@id\":\"https:\\\/\\\/lebenleben.de\\\/werkstatt\\\/#\\\/schema\\\/logo\\\/image\\\/\",\"url\":\"https:\\\/\\\/lebenleben.de\\\/arbeit-produktion\\\/wp-content\\\/uploads\\\/sites\\\/14\\\/2021\\\/01\\\/ll_favicon-blue.png\",\"contentUrl\":\"https:\\\/\\\/lebenleben.de\\\/arbeit-produktion\\\/wp-content\\\/uploads\\\/sites\\\/14\\\/2021\\\/01\\\/ll_favicon-blue.png\",\"width\":501,\"height\":501,\"caption\":\"Leben leben Arbeit & Produktion\"},\"image\":{\"@id\":\"https:\\\/\\\/lebenleben.de\\\/werkstatt\\\/#\\\/schema\\\/logo\\\/image\\\/\"}}]}<\/script>\n<!-- \/ Yoast SEO plugin. -->","yoast_head_json":{"title":"Eingangsverfahren - Leben leben Werkstatt","description":"Im Eingangsverfahren pr\u00fcfen wir gemeinsam, ob unsere Werkstatt zu Ihnen passt \u2013 mit individueller Beratung und Eingliederungsplan.","robots":{"index":"index","follow":"follow","max-snippet":"max-snippet:-1","max-image-preview":"max-image-preview:large","max-video-preview":"max-video-preview:-1"},"canonical":"https:\/\/lebenleben.de\/werkstatt\/eingangsverfahren\/","og_locale":"de_DE","og_type":"article","og_title":"Eingangsverfahren - Leben leben Werkstatt","og_description":"Im Eingangsverfahren pr\u00fcfen wir gemeinsam, ob unsere Werkstatt zu Ihnen passt \u2013 mit individueller Beratung und Eingliederungsplan.","og_url":"https:\/\/lebenleben.de\/werkstatt\/eingangsverfahren\/","og_site_name":"Leben leben Werkstatt","article_modified_time":"2025-06-25T07:33:00+00:00","twitter_card":"summary_large_image","twitter_misc":{"Gesch\u00e4tzte Lesezeit":"2\u00a0Minuten"},"schema":{"@context":"https:\/\/schema.org","@graph":[{"@type":"WebPage","@id":"https:\/\/lebenleben.de\/werkstatt\/eingangsverfahren\/","url":"https:\/\/lebenleben.de\/werkstatt\/eingangsverfahren\/","name":"Eingangsverfahren - Leben leben Werkstatt","isPartOf":{"@id":"https:\/\/lebenleben.de\/werkstatt\/#website"},"datePublished":"2025-04-24T08:43:32+00:00","dateModified":"2025-06-25T07:33:00+00:00","description":"Im Eingangsverfahren pr\u00fcfen wir gemeinsam, ob unsere Werkstatt zu Ihnen passt \u2013 mit individueller Beratung und Eingliederungsplan.","breadcrumb":{"@id":"https:\/\/lebenleben.de\/werkstatt\/eingangsverfahren\/#breadcrumb"},"inLanguage":"de","potentialAction":[{"@type":"ReadAction","target":["https:\/\/lebenleben.de\/werkstatt\/eingangsverfahren\/"]}]},{"@type":"BreadcrumbList","@id":"https:\/\/lebenleben.de\/werkstatt\/eingangsverfahren\/#breadcrumb","itemListElement":[{"@type":"ListItem","position":1,"name":"Startseite","item":"https:\/\/lebenleben.de\/werkstatt\/"},{"@type":"ListItem","position":2,"name":"Eingangsverfahren"}]},{"@type":"WebSite","@id":"https:\/\/lebenleben.de\/werkstatt\/#website","url":"https:\/\/lebenleben.de\/werkstatt\/","name":"Leben leben Werkstatt","description":"Eine weitere Leben Leben Netzwerk Website","publisher":{"@id":"https:\/\/lebenleben.de\/werkstatt\/#organization"},"potentialAction":[{"@type":"SearchAction","target":{"@type":"EntryPoint","urlTemplate":"https:\/\/lebenleben.de\/werkstatt\/?s={search_term_string}"},"query-input":{"@type":"PropertyValueSpecification","valueRequired":true,"valueName":"search_term_string"}}],"inLanguage":"de"},{"@type":"Organization","@id":"https:\/\/lebenleben.de\/werkstatt\/#organization","name":"Leben leben Arbeit & Produktion","url":"https:\/\/lebenleben.de\/werkstatt\/","logo":{"@type":"ImageObject","inLanguage":"de","@id":"https:\/\/lebenleben.de\/werkstatt\/#\/schema\/logo\/image\/","url":"https:\/\/lebenleben.de\/arbeit-produktion\/wp-content\/uploads\/sites\/14\/2021\/01\/ll_favicon-blue.png","contentUrl":"https:\/\/lebenleben.de\/arbeit-produktion\/wp-content\/uploads\/sites\/14\/2021\/01\/ll_favicon-blue.png","width":501,"height":501,"caption":"Leben leben Arbeit & Produktion"},"image":{"@id":"https:\/\/lebenleben.de\/werkstatt\/#\/schema\/logo\/image\/"}}]}},"_links":{"self":[{"href":"https:\/\/lebenleben.de\/werkstatt\/wp-json\/wp\/v2\/pages\/2246","targetHints":{"allow":["GET"]}}],"collection":[{"href":"https:\/\/lebenleben.de\/werkstatt\/wp-json\/wp\/v2\/pages"}],"about":[{"href":"https:\/\/lebenleben.de\/werkstatt\/wp-json\/wp\/v2\/types\/page"}],"author":[{"embeddable":true,"href":"https:\/\/lebenleben.de\/werkstatt\/wp-json\/wp\/v2\/users\/15"}],"replies":[{"embeddable":true,"href":"https:\/\/lebenleben.de\/werkstatt\/wp-json\/wp\/v2\/comments?post=2246"}],"version-history":[{"count":46,"href":"https:\/\/lebenleben.de\/werkstatt\/wp-json\/wp\/v2\/pages\/2246\/revisions"}],"predecessor-version":[{"id":2420,"href":"https:\/\/lebenleben.de\/werkstatt\/wp-json\/wp\/v2\/pages\/2246\/revisions\/2420"}],"wp:attachment":[{"href":"https:\/\/lebenleben.de\/werkstatt\/wp-json\/wp\/v2\/media?parent=2246"}],"curies":[{"name":"wp","href":"https:\/\/api.w.org\/{rel}","templated":true}]}}