{"id":12,"date":"2021-01-22T11:55:29","date_gmt":"2021-01-22T10:55:29","guid":{"rendered":"https:\/\/lebenleben.de\/wohnen\/?page_id=12"},"modified":"2024-05-27T12:22:23","modified_gmt":"2024-05-27T10:22:23","slug":"weitere-angebote","status":"publish","type":"page","link":"https:\/\/lebenleben.de\/wohnen\/weitere-angebote\/","title":{"rendered":"Weitere Angebote"},"content":{"rendered":"\n<div id=\"llimageslider-block_f92733957b81306080d68c73ae0c87a5\" class=\"block-llimageslider llimageslider alignwide\">\n\n    \n\t\t<div class=\"llimageslider-slider\" data-slick='{\"autoplaySpeed\": 5000}'>\n\t\t\t\t\t\t\t<div class=\"single-slide-wrapper slide-1\">\n\t\t\t\t\t<img loading=\"lazy\" decoding=\"async\" width=\"1400\" height=\"440\" src=\"https:\/\/lebenleben.de\/wohnen\/wp-content\/uploads\/sites\/7\/2024\/05\/ll_header_slider_image_1400x560_0002_StiftungLeben_2203_9026-1400x440-1.jpg\" class=\"single-slide-image slider-desktop-image\" alt=\"\" srcset=\"https:\/\/lebenleben.de\/wohnen\/wp-content\/uploads\/sites\/7\/2024\/05\/ll_header_slider_image_1400x560_0002_StiftungLeben_2203_9026-1400x440-1.jpg 1400w, https:\/\/lebenleben.de\/wohnen\/wp-content\/uploads\/sites\/7\/2024\/05\/ll_header_slider_image_1400x560_0002_StiftungLeben_2203_9026-1400x440-1-300x94.jpg 300w, https:\/\/lebenleben.de\/wohnen\/wp-content\/uploads\/sites\/7\/2024\/05\/ll_header_slider_image_1400x560_0002_StiftungLeben_2203_9026-1400x440-1-1024x322.jpg 1024w, https:\/\/lebenleben.de\/wohnen\/wp-content\/uploads\/sites\/7\/2024\/05\/ll_header_slider_image_1400x560_0002_StiftungLeben_2203_9026-1400x440-1-768x241.jpg 768w\" sizes=\"auto, (max-width: 1400px) 100vw, 1400px\" \/>          <img loading=\"lazy\" decoding=\"async\" width=\"1000\" height=\"314\" src=\"https:\/\/lebenleben.de\/wohnen\/wp-content\/uploads\/sites\/7\/2024\/05\/ll_header_slider_image_1400x560_0002_StiftungLeben_2203_9026-1400x440-1-1024x322.jpg\" class=\"single-slide-image slider-mobile-image\" alt=\"\" srcset=\"https:\/\/lebenleben.de\/wohnen\/wp-content\/uploads\/sites\/7\/2024\/05\/ll_header_slider_image_1400x560_0002_StiftungLeben_2203_9026-1400x440-1-1024x322.jpg 1024w, https:\/\/lebenleben.de\/wohnen\/wp-content\/uploads\/sites\/7\/2024\/05\/ll_header_slider_image_1400x560_0002_StiftungLeben_2203_9026-1400x440-1-300x94.jpg 300w, https:\/\/lebenleben.de\/wohnen\/wp-content\/uploads\/sites\/7\/2024\/05\/ll_header_slider_image_1400x560_0002_StiftungLeben_2203_9026-1400x440-1-768x241.jpg 768w, https:\/\/lebenleben.de\/wohnen\/wp-content\/uploads\/sites\/7\/2024\/05\/ll_header_slider_image_1400x560_0002_StiftungLeben_2203_9026-1400x440-1.jpg 1400w\" sizes=\"auto, (max-width: 1000px) 100vw, 1000px\" \/>\n                    <div class=\"single-slide-text\">\n          <h2>Betreutes Wohnen f\u00fcr Menschen mit Behinderung. <\/h2><h3>Wohnen auf Zeit<\/h3>                  <\/div>\n        \n\t\t\t\t<\/div>\n\t\t\t\t\t<\/div>\n\t  <script>\n    jQuery(document).ready(function() {\n        jQuery('.llimageslider-slider').slick({\n          dots: true,\n          infinite: true,\n          speed: 1000,\n          autoplay: true,\n          adaptiveHeight: true,\n          slidesToShow: 1,\n          fade: true,\n          focusOnSelect: true\n        });\n    });\n    <\/script>\n<\/div>\n\n\n\n<div style=\"height:10px\" aria-hidden=\"true\" class=\"wp-block-spacer\"><\/div>\n\n\n\n<h2 class=\"wp-block-heading\">Probewohnen<\/h2>\n\n\n\n<p>Niemand kauft gern die Katze im Sack, und schon gar nicht, wenn es um das zuk\u00fcnftige Zuhause geht. Deshalb bieten wir Ihnen die M\u00f6glichkeit eines unverbindlichen Probewohnens, bevor Sie in eine unserer Wohneinrichtungen ziehen.<\/p>\n\n\n\n<p>Dazu w\u00e4hlen wir gemeinsam die zu Ihnen und Ihrem Unterst\u00fctzungsbedarf passende Wohnform aus, und Sie ziehen f\u00fcr einen Zeitraum von zwei Wochen, unter Umst\u00e4nden auch bis zu vier Wochen, dort ein. So lernen Sie Ihre Mitbewohner:innen und das Fachpersonal im Alltag kennen, diese lernen Sie kennen, und Sie k\u00f6nnen feststellen, ob Sie in den R\u00e4umlichkeiten zurechtkommen und sich dort wohlf\u00fchlen.<\/p>\n\n\n\n<p>Vor dem Probewohnen ist eine Antragstellung beim Sozialhilfetr\u00e4ger notwendig, damit die Kosten daf\u00fcr \u00fcbernommen werden. Dabei sind wir Ihnen selbstverst\u00e4ndlich gern behilflich&nbsp;\u2013 sprechen Sie uns an!<\/p>\n\n\n\n<div style=\"height:35px\" aria-hidden=\"true\" class=\"wp-block-spacer\"><\/div>\n\n\n\n<h2 class=\"wp-block-heading\">Verhinderungspflege<\/h2>\n\n\n\n<p>Was tun, wenn Ihre Angeh\u00f6rigen, die Sie im Alltag unterst\u00fctzen, krank werden oder verreisen? Auch in diesem Fall k\u00f6nnen Sie vor\u00fcbergehend in eine unserer Wohneinrichtungen einziehen&nbsp;\u2013 das nennt man \u201eVerhinderungspflege\u201c. Voraussetzung ist ein freier Wohnplatz in einer unserer Einrichtungen und dass Sie alle Antr\u00e4ge zur Kosten\u00fcbernahme rechtzeitig vor dem Einzug gestellt haben.<\/p>\n\n\n\n<p>Die Kosten f\u00fcr die Verhinderungspflege \u00fcbernimmt Ihre Pflegekasse f\u00fcr l\u00e4ngstens sechs Wochen im Kalenderjahr, wenn Sie mindestens in Pflegegrad 2 eingestuft sind. Die weitere Voraussetzung, dass Ihre Pflegeperson Sie vor der erstmaligen Verhinderung mindestens sechs Monate in Ihrer h\u00e4uslichen Umgebung gepflegt haben muss, kann auch im Pflegegrad 1 erfolgt sein. Eventuell \u00fcbernimmt die Pflegekasse nur einen bestimmten Anteil der Kosten. Wenn Sie den restlichen Anteil nicht selber zahlen k\u00f6nnen, m\u00fcssen Sie einen Antrag bei dem zust\u00e4ndigen Sozialhilfetr\u00e4ger stellen. Wenn Sie keinen Pflegegrad haben und die Kosten f\u00fcr die Verhinderungspflege nicht aus Ihrem Einkommen oder Verm\u00f6gen zahlen k\u00f6nnen, m\u00fcssen Sie ebenfalls einen Antrag beim zust\u00e4ndigen Sozialhilfetr\u00e4ger stellen.<\/p>\n\n\n\n<p>Das klingt kompliziert, aber wir stehen Ihnen gern mit Rat und Tat zur Seite, wenn Sie Fragen zur Antragstellung haben. Nehmen Sie gern Kontakt zu uns auf!<\/p>\n\n\n\n<div style=\"height:50px\" aria-hidden=\"true\" class=\"wp-block-spacer\"><\/div>\n","protected":false},"excerpt":{"rendered":"<p>Probewohnen Niemand kauft gern die Katze im Sack, und schon gar nicht, wenn es um das zuk\u00fcnftige Zuhause geht. Deshalb bieten wir Ihnen die M\u00f6glichkeit eines unverbindlichen Probewohnens, bevor Sie in eine unserer Wohneinrichtungen ziehen. Dazu w\u00e4hlen wir gemeinsam die zu Ihnen und Ihrem Unterst\u00fctzungsbedarf passende Wohnform aus, und Sie ziehen f\u00fcr einen Zeitraum von [&hellip;]<\/p>\n","protected":false},"author":1,"featured_media":98,"parent":0,"menu_order":50,"comment_status":"closed","ping_status":"closed","template":"page-templates\/page-fullscreen.php","meta":{"_acf_changed":false,"footnotes":""},"class_list":["post-12","page","type-page","status-publish","has-post-thumbnail","hentry"],"acf":[],"yoast_head":"<!-- This site is optimized with the Yoast SEO plugin v27.3 - https:\/\/yoast.com\/product\/yoast-seo-wordpress\/ -->\n<title>Betreutes Wohnen auf Zeit f\u00fcr Menschen mit Behinderung in Uelzen<\/title>\n<meta name=\"description\" content=\"Wir bieten zeitlich befristete Wohnm\u00f6glichkeiten (Probewohnen, Verhinderungspflege) f\u00fcr Menschen mit geistiger Behinderung in Uelzen und Umgebung.\" \/>\n<meta name=\"robots\" content=\"index, follow, max-snippet:-1, max-image-preview:large, max-video-preview:-1\" \/>\n<link rel=\"canonical\" href=\"https:\/\/lebenleben.de\/wohnen\/weitere-angebote\/\" \/>\n<meta property=\"og:locale\" content=\"de_DE\" \/>\n<meta property=\"og:type\" content=\"article\" \/>\n<meta property=\"og:title\" content=\"Betreutes Wohnen auf Zeit f\u00fcr Menschen mit Behinderung in Uelzen\" \/>\n<meta property=\"og:description\" content=\"Wir bieten zeitlich befristete Wohnm\u00f6glichkeiten (Probewohnen, Verhinderungspflege) f\u00fcr Menschen mit geistiger Behinderung in Uelzen und Umgebung.\" \/>\n<meta property=\"og:url\" content=\"https:\/\/lebenleben.de\/wohnen\/weitere-angebote\/\" \/>\n<meta property=\"og:site_name\" content=\"Leben leben Wohnen\" \/>\n<meta property=\"article:modified_time\" content=\"2024-05-27T10:22:23+00:00\" \/>\n<meta property=\"og:image\" content=\"https:\/\/lebenleben.de\/wohnen\/wp-content\/uploads\/sites\/7\/2021\/04\/ll_header_slider_image_1400x560_0002_StiftungLeben_2203_9026.jpg\" \/>\n\t<meta property=\"og:image:width\" content=\"1400\" \/>\n\t<meta property=\"og:image:height\" content=\"560\" \/>\n\t<meta property=\"og:image:type\" content=\"image\/jpeg\" \/>\n<meta name=\"twitter:card\" content=\"summary_large_image\" \/>\n<meta name=\"twitter:label1\" content=\"Gesch\u00e4tzte Lesezeit\" \/>\n\t<meta name=\"twitter:data1\" content=\"3\u00a0Minuten\" \/>\n<script type=\"application\/ld+json\" class=\"yoast-schema-graph\">{\"@context\":\"https:\\\/\\\/schema.org\",\"@graph\":[{\"@type\":\"WebPage\",\"@id\":\"https:\\\/\\\/lebenleben.de\\\/wohnen\\\/weitere-angebote\\\/\",\"url\":\"https:\\\/\\\/lebenleben.de\\\/wohnen\\\/weitere-angebote\\\/\",\"name\":\"Betreutes Wohnen auf Zeit f\u00fcr Menschen mit Behinderung in Uelzen\",\"isPartOf\":{\"@id\":\"https:\\\/\\\/lebenleben.de\\\/wohnen\\\/#website\"},\"primaryImageOfPage\":{\"@id\":\"https:\\\/\\\/lebenleben.de\\\/wohnen\\\/weitere-angebote\\\/#primaryimage\"},\"image\":{\"@id\":\"https:\\\/\\\/lebenleben.de\\\/wohnen\\\/weitere-angebote\\\/#primaryimage\"},\"thumbnailUrl\":\"https:\\\/\\\/lebenleben.de\\\/wohnen\\\/wp-content\\\/uploads\\\/sites\\\/7\\\/2021\\\/04\\\/ll_header_slider_image_1400x560_0002_StiftungLeben_2203_9026.jpg\",\"datePublished\":\"2021-01-22T10:55:29+00:00\",\"dateModified\":\"2024-05-27T10:22:23+00:00\",\"description\":\"Wir bieten zeitlich befristete Wohnm\u00f6glichkeiten (Probewohnen, Verhinderungspflege) f\u00fcr Menschen mit geistiger Behinderung in Uelzen und Umgebung.\",\"breadcrumb\":{\"@id\":\"https:\\\/\\\/lebenleben.de\\\/wohnen\\\/weitere-angebote\\\/#breadcrumb\"},\"inLanguage\":\"de\",\"potentialAction\":[{\"@type\":\"ReadAction\",\"target\":[\"https:\\\/\\\/lebenleben.de\\\/wohnen\\\/weitere-angebote\\\/\"]}]},{\"@type\":\"ImageObject\",\"inLanguage\":\"de\",\"@id\":\"https:\\\/\\\/lebenleben.de\\\/wohnen\\\/weitere-angebote\\\/#primaryimage\",\"url\":\"https:\\\/\\\/lebenleben.de\\\/wohnen\\\/wp-content\\\/uploads\\\/sites\\\/7\\\/2021\\\/04\\\/ll_header_slider_image_1400x560_0002_StiftungLeben_2203_9026.jpg\",\"contentUrl\":\"https:\\\/\\\/lebenleben.de\\\/wohnen\\\/wp-content\\\/uploads\\\/sites\\\/7\\\/2021\\\/04\\\/ll_header_slider_image_1400x560_0002_StiftungLeben_2203_9026.jpg\",\"width\":1400,\"height\":560},{\"@type\":\"BreadcrumbList\",\"@id\":\"https:\\\/\\\/lebenleben.de\\\/wohnen\\\/weitere-angebote\\\/#breadcrumb\",\"itemListElement\":[{\"@type\":\"ListItem\",\"position\":1,\"name\":\"Startseite\",\"item\":\"https:\\\/\\\/lebenleben.de\\\/wohnen\\\/\"},{\"@type\":\"ListItem\",\"position\":2,\"name\":\"Weitere Angebote\"}]},{\"@type\":\"WebSite\",\"@id\":\"https:\\\/\\\/lebenleben.de\\\/wohnen\\\/#website\",\"url\":\"https:\\\/\\\/lebenleben.de\\\/wohnen\\\/\",\"name\":\"Leben leben Wohnen\",\"description\":\"Eine weitere Leben Leben Netzwerk Website\",\"publisher\":{\"@id\":\"https:\\\/\\\/lebenleben.de\\\/wohnen\\\/#organization\"},\"potentialAction\":[{\"@type\":\"SearchAction\",\"target\":{\"@type\":\"EntryPoint\",\"urlTemplate\":\"https:\\\/\\\/lebenleben.de\\\/wohnen\\\/?s={search_term_string}\"},\"query-input\":{\"@type\":\"PropertyValueSpecification\",\"valueRequired\":true,\"valueName\":\"search_term_string\"}}],\"inLanguage\":\"de\"},{\"@type\":\"Organization\",\"@id\":\"https:\\\/\\\/lebenleben.de\\\/wohnen\\\/#organization\",\"name\":\"Leben leben Wohnen\",\"url\":\"https:\\\/\\\/lebenleben.de\\\/wohnen\\\/\",\"logo\":{\"@type\":\"ImageObject\",\"inLanguage\":\"de\",\"@id\":\"https:\\\/\\\/lebenleben.de\\\/wohnen\\\/#\\\/schema\\\/logo\\\/image\\\/\",\"url\":\"https:\\\/\\\/lebenleben.de\\\/wohnen\\\/wp-content\\\/uploads\\\/sites\\\/7\\\/2021\\\/01\\\/ll_favicon-yellow.png\",\"contentUrl\":\"https:\\\/\\\/lebenleben.de\\\/wohnen\\\/wp-content\\\/uploads\\\/sites\\\/7\\\/2021\\\/01\\\/ll_favicon-yellow.png\",\"width\":501,\"height\":501,\"caption\":\"Leben leben Wohnen\"},\"image\":{\"@id\":\"https:\\\/\\\/lebenleben.de\\\/wohnen\\\/#\\\/schema\\\/logo\\\/image\\\/\"}}]}<\/script>\n<!-- \/ Yoast SEO plugin. -->","yoast_head_json":{"title":"Betreutes Wohnen auf Zeit f\u00fcr Menschen mit Behinderung in Uelzen","description":"Wir bieten zeitlich befristete Wohnm\u00f6glichkeiten (Probewohnen, Verhinderungspflege) f\u00fcr Menschen mit geistiger Behinderung in Uelzen und Umgebung.","robots":{"index":"index","follow":"follow","max-snippet":"max-snippet:-1","max-image-preview":"max-image-preview:large","max-video-preview":"max-video-preview:-1"},"canonical":"https:\/\/lebenleben.de\/wohnen\/weitere-angebote\/","og_locale":"de_DE","og_type":"article","og_title":"Betreutes Wohnen auf Zeit f\u00fcr Menschen mit Behinderung in Uelzen","og_description":"Wir bieten zeitlich befristete Wohnm\u00f6glichkeiten (Probewohnen, Verhinderungspflege) f\u00fcr Menschen mit geistiger Behinderung in Uelzen und Umgebung.","og_url":"https:\/\/lebenleben.de\/wohnen\/weitere-angebote\/","og_site_name":"Leben leben Wohnen","article_modified_time":"2024-05-27T10:22:23+00:00","og_image":[{"width":1400,"height":560,"url":"https:\/\/lebenleben.de\/wohnen\/wp-content\/uploads\/sites\/7\/2021\/04\/ll_header_slider_image_1400x560_0002_StiftungLeben_2203_9026.jpg","type":"image\/jpeg"}],"twitter_card":"summary_large_image","twitter_misc":{"Gesch\u00e4tzte Lesezeit":"3\u00a0Minuten"},"schema":{"@context":"https:\/\/schema.org","@graph":[{"@type":"WebPage","@id":"https:\/\/lebenleben.de\/wohnen\/weitere-angebote\/","url":"https:\/\/lebenleben.de\/wohnen\/weitere-angebote\/","name":"Betreutes Wohnen auf Zeit f\u00fcr Menschen mit Behinderung in Uelzen","isPartOf":{"@id":"https:\/\/lebenleben.de\/wohnen\/#website"},"primaryImageOfPage":{"@id":"https:\/\/lebenleben.de\/wohnen\/weitere-angebote\/#primaryimage"},"image":{"@id":"https:\/\/lebenleben.de\/wohnen\/weitere-angebote\/#primaryimage"},"thumbnailUrl":"https:\/\/lebenleben.de\/wohnen\/wp-content\/uploads\/sites\/7\/2021\/04\/ll_header_slider_image_1400x560_0002_StiftungLeben_2203_9026.jpg","datePublished":"2021-01-22T10:55:29+00:00","dateModified":"2024-05-27T10:22:23+00:00","description":"Wir bieten zeitlich befristete Wohnm\u00f6glichkeiten (Probewohnen, Verhinderungspflege) f\u00fcr Menschen mit geistiger Behinderung in Uelzen und Umgebung.","breadcrumb":{"@id":"https:\/\/lebenleben.de\/wohnen\/weitere-angebote\/#breadcrumb"},"inLanguage":"de","potentialAction":[{"@type":"ReadAction","target":["https:\/\/lebenleben.de\/wohnen\/weitere-angebote\/"]}]},{"@type":"ImageObject","inLanguage":"de","@id":"https:\/\/lebenleben.de\/wohnen\/weitere-angebote\/#primaryimage","url":"https:\/\/lebenleben.de\/wohnen\/wp-content\/uploads\/sites\/7\/2021\/04\/ll_header_slider_image_1400x560_0002_StiftungLeben_2203_9026.jpg","contentUrl":"https:\/\/lebenleben.de\/wohnen\/wp-content\/uploads\/sites\/7\/2021\/04\/ll_header_slider_image_1400x560_0002_StiftungLeben_2203_9026.jpg","width":1400,"height":560},{"@type":"BreadcrumbList","@id":"https:\/\/lebenleben.de\/wohnen\/weitere-angebote\/#breadcrumb","itemListElement":[{"@type":"ListItem","position":1,"name":"Startseite","item":"https:\/\/lebenleben.de\/wohnen\/"},{"@type":"ListItem","position":2,"name":"Weitere Angebote"}]},{"@type":"WebSite","@id":"https:\/\/lebenleben.de\/wohnen\/#website","url":"https:\/\/lebenleben.de\/wohnen\/","name":"Leben leben Wohnen","description":"Eine weitere Leben Leben Netzwerk Website","publisher":{"@id":"https:\/\/lebenleben.de\/wohnen\/#organization"},"potentialAction":[{"@type":"SearchAction","target":{"@type":"EntryPoint","urlTemplate":"https:\/\/lebenleben.de\/wohnen\/?s={search_term_string}"},"query-input":{"@type":"PropertyValueSpecification","valueRequired":true,"valueName":"search_term_string"}}],"inLanguage":"de"},{"@type":"Organization","@id":"https:\/\/lebenleben.de\/wohnen\/#organization","name":"Leben leben Wohnen","url":"https:\/\/lebenleben.de\/wohnen\/","logo":{"@type":"ImageObject","inLanguage":"de","@id":"https:\/\/lebenleben.de\/wohnen\/#\/schema\/logo\/image\/","url":"https:\/\/lebenleben.de\/wohnen\/wp-content\/uploads\/sites\/7\/2021\/01\/ll_favicon-yellow.png","contentUrl":"https:\/\/lebenleben.de\/wohnen\/wp-content\/uploads\/sites\/7\/2021\/01\/ll_favicon-yellow.png","width":501,"height":501,"caption":"Leben leben Wohnen"},"image":{"@id":"https:\/\/lebenleben.de\/wohnen\/#\/schema\/logo\/image\/"}}]}},"_links":{"self":[{"href":"https:\/\/lebenleben.de\/wohnen\/wp-json\/wp\/v2\/pages\/12","targetHints":{"allow":["GET"]}}],"collection":[{"href":"https:\/\/lebenleben.de\/wohnen\/wp-json\/wp\/v2\/pages"}],"about":[{"href":"https:\/\/lebenleben.de\/wohnen\/wp-json\/wp\/v2\/types\/page"}],"author":[{"embeddable":true,"href":"https:\/\/lebenleben.de\/wohnen\/wp-json\/wp\/v2\/users\/1"}],"replies":[{"embeddable":true,"href":"https:\/\/lebenleben.de\/wohnen\/wp-json\/wp\/v2\/comments?post=12"}],"version-history":[{"count":8,"href":"https:\/\/lebenleben.de\/wohnen\/wp-json\/wp\/v2\/pages\/12\/revisions"}],"predecessor-version":[{"id":305,"href":"https:\/\/lebenleben.de\/wohnen\/wp-json\/wp\/v2\/pages\/12\/revisions\/305"}],"wp:featuredmedia":[{"embeddable":true,"href":"https:\/\/lebenleben.de\/wohnen\/wp-json\/wp\/v2\/media\/98"}],"wp:attachment":[{"href":"https:\/\/lebenleben.de\/wohnen\/wp-json\/wp\/v2\/media?parent=12"}],"curies":[{"name":"wp","href":"https:\/\/api.w.org\/{rel}","templated":true}]}}