{"id":7,"date":"2021-01-22T11:54:24","date_gmt":"2021-01-22T10:54:24","guid":{"rendered":"https:\/\/lebenleben.de\/wohnen\/?page_id=7"},"modified":"2024-05-28T10:24:27","modified_gmt":"2024-05-28T08:24:27","slug":"startseite","status":"publish","type":"page","link":"https:\/\/lebenleben.de\/wohnen\/","title":{"rendered":"Startseite"},"content":{"rendered":"\n<div id=\"llimageslider-block_e7a07ca48aa725b741718f63a71a7b77\" class=\"block-llimageslider llimageslider alignwide\">\n\n    \n\t\t<div class=\"llimageslider-slider\" data-slick='{\"autoplaySpeed\": 5000}'>\n\t\t\t\t\t\t\t<div class=\"single-slide-wrapper slide-1\">\n\t\t\t\t\t<img loading=\"lazy\" decoding=\"async\" width=\"1400\" height=\"560\" src=\"https:\/\/lebenleben.de\/wohnen\/wp-content\/uploads\/sites\/7\/2021\/03\/ll_header_slider_image_1400x560_0007_iStock-872845458.jpg\" class=\"single-slide-image slider-desktop-image\" alt=\"\" srcset=\"https:\/\/lebenleben.de\/wohnen\/wp-content\/uploads\/sites\/7\/2021\/03\/ll_header_slider_image_1400x560_0007_iStock-872845458.jpg 1400w, https:\/\/lebenleben.de\/wohnen\/wp-content\/uploads\/sites\/7\/2021\/03\/ll_header_slider_image_1400x560_0007_iStock-872845458-300x120.jpg 300w, https:\/\/lebenleben.de\/wohnen\/wp-content\/uploads\/sites\/7\/2021\/03\/ll_header_slider_image_1400x560_0007_iStock-872845458-1024x410.jpg 1024w, https:\/\/lebenleben.de\/wohnen\/wp-content\/uploads\/sites\/7\/2021\/03\/ll_header_slider_image_1400x560_0007_iStock-872845458-768x307.jpg 768w\" sizes=\"auto, (max-width: 1400px) 100vw, 1400px\" \/>          <img loading=\"lazy\" decoding=\"async\" width=\"1000\" height=\"400\" src=\"https:\/\/lebenleben.de\/wohnen\/wp-content\/uploads\/sites\/7\/2021\/03\/ll_header_slider_image_1400x560_0007_iStock-872845458-1024x410.jpg\" class=\"single-slide-image slider-mobile-image\" alt=\"\" srcset=\"https:\/\/lebenleben.de\/wohnen\/wp-content\/uploads\/sites\/7\/2021\/03\/ll_header_slider_image_1400x560_0007_iStock-872845458-1024x410.jpg 1024w, https:\/\/lebenleben.de\/wohnen\/wp-content\/uploads\/sites\/7\/2021\/03\/ll_header_slider_image_1400x560_0007_iStock-872845458-300x120.jpg 300w, https:\/\/lebenleben.de\/wohnen\/wp-content\/uploads\/sites\/7\/2021\/03\/ll_header_slider_image_1400x560_0007_iStock-872845458-768x307.jpg 768w, https:\/\/lebenleben.de\/wohnen\/wp-content\/uploads\/sites\/7\/2021\/03\/ll_header_slider_image_1400x560_0007_iStock-872845458.jpg 1400w\" sizes=\"auto, (max-width: 1000px) 100vw, 1000px\" \/>\n                    <div class=\"single-slide-text\">\n          <h2>Willkommen zu Hause!<\/h2><h3>Betreutes Wohnen f\u00fcr Menschen mit Behinderung<\/h3>                  <\/div>\n        \n\t\t\t\t<\/div>\n\t\t\t\t\t<\/div>\n\t  <script>\n    jQuery(document).ready(function() {\n        jQuery('.llimageslider-slider').slick({\n          dots: true,\n          infinite: true,\n          speed: 1000,\n          autoplay: true,\n          adaptiveHeight: true,\n          slidesToShow: 1,\n          fade: true,\n          focusOnSelect: true\n        });\n    });\n    <\/script>\n<\/div>\n\n\n\n<div class=\"wp-block-columns is-layout-flex wp-container-core-columns-is-layout-9d6595d7 wp-block-columns-is-layout-flex\">\n<div class=\"wp-block-column is-layout-flow wp-block-column-is-layout-flow\" style=\"flex-basis:75%\">\n<h1 class=\"wp-block-heading\">Leben leben Wohnen<\/h1>\n\n\n\n<h2 class=\"wp-block-heading\">Betreutes Wohnen f\u00fcr Menschen mit Behinderung <\/h2>\n\n\n\n<p>Wir m\u00f6chten, dass Sie den passenden Raum zum Leben finden. Einen Wohnraum, in dem Sie sich wohlf\u00fchlen und dessen Umgebung Sie zu Unternehmungen einl\u00e4dt, wo Sie Freizeitangebote wahrnehmen k\u00f6nnen und gemeinsam gefeiert und gelacht wird. Deshalb betreiben wir verschiedene Wohneinrichtungen mit unterschiedlichen Betreuungslevels, aus denen Sie die f\u00fcr Sie und Ihre Bed\u00fcrfnisse passende ausw\u00e4hlen k\u00f6nnen:<\/p>\n<\/div>\n\n\n\n<div class=\"wp-block-column hide-mobile is-layout-flow wp-block-column-is-layout-flow\" style=\"flex-basis:25%\">\n<div class=\"wp-block-group widget hide-mobile\"><div class=\"wp-block-group__inner-container is-layout-flow wp-block-group-is-layout-flow\">\n<h3 class=\"wp-block-heading\">Kontakt<\/h3>\n\n\n\n<p>Finden Sie Ihre Ansprechpartner bei Leben leben Wohnen.<\/p>\n\n\n\n<p><a href=\"https:\/\/lebenleben.de\/wohnen\/kontakt\/\">Kontakt \u00bb<\/a><\/p>\n<\/div><\/div>\n<\/div>\n<\/div>\n\n\n\n<ul class=\"wp-block-list\">\n<li>Als Mensch mit einem h\u00f6heren Hilfebedarf k\u00f6nnen Sie in unseren <strong>station\u00e4ren Wohnh\u00e4usern<\/strong> auf verl\u00e4ssliche Ansprechpartner:innen und eine starke Gemeinschaft bauen, die Ihnen die ben\u00f6tigte Sicherheit bieten. <a href=\"https:\/\/lebenleben.de\/wohnen\/wohnstaetten\/\">Mehr erfahren<\/a><\/li>\n\n\n\n<li>Sie bew\u00e4ltigen die allt\u00e4glichen Aufgaben und Herausforderungen, brauchen dabei aber etwas Hilfe? Dann sind unsere <strong>Wohngruppen,<\/strong> in denen Sie mehrere Stunden am Tag von Fachpersonal unterst\u00fctzt werden, das Richtige f\u00fcr Sie. <a href=\"https:\/\/lebenleben.de\/wohnen\/wohngruppen\/\">Mehr erfahren<\/a><\/li>\n\n\n\n<li>Sie sind selbstst\u00e4ndig, teilen aber gern Alltagspflichten und -freuden mit anderen und sch\u00e4tzen dabei die stundenweise Unterst\u00fctzung von Fachpersonal? In diesem Fall passt eine unserer <strong>Wohngemeinschaften<\/strong> gut zu Ihnen und Ihrem Lebensstil. <a href=\"https:\/\/lebenleben.de\/wohnen\/wohngemeinschaft\/\">Mehr erfahren<\/a><\/li>\n\n\n\n<li>Wenn Sie in Ihrer Wohnung gut zurechtkommen und das Leben in Ihren eigenen vier W\u00e4nden genie\u00dfen, aber in einigen Alltagssituationen unsicher sind oder Fragen haben, k\u00f6nnen Sie auf unser Fachpersonal in der <strong>Assistenz im eigenen Wohnraum<\/strong> z\u00e4hlen. <a href=\"https:\/\/lebenleben.de\/wohnen\/eigene-wohnung\/\">Mehr erfahren<\/a><\/li>\n<\/ul>\n\n\n\n<p>Egal, f\u00fcr welche Wohnl\u00f6sung Sie sich entscheiden, wir sorgen daf\u00fcr, dass Sie sich dort zu Hause f\u00fchlen. Sie richten sich Ihr Zimmer nach Ihren Vorstellungen ein, und wir stellen Ihnen eine:n pers\u00f6nliche:n Ansprechpartner:in zur Seite.<\/p>\n\n\n\n<p>Wie wohl sich die Bewohner:innen unserer Wohneinrichtungen f\u00fchlen, beweist eine Befragung, die in den verschiedenen ambulanten und station\u00e4ren Wohneinrichtungen durchgef\u00fchrt wurde. In dieser wurden alle Fragen hinsichtlich<\/p>\n\n\n\n<div style=\"height:25px\" aria-hidden=\"true\" class=\"wp-block-spacer\"><\/div>\n\n\n\n<ul class=\"wp-block-list\">\n<li>Wohlf\u00fchlcharakter<\/li>\n\n\n\n<li>Freundlichkeit des Personals<\/li>\n\n\n\n<li>Wertsch\u00e4tzung seitens des Personals<\/li>\n\n\n\n<li>Hilfsbereitschaft und Unterst\u00fctzung durch das Personal<\/li>\n\n\n\n<li>Selbstbestimmung<\/li>\n<\/ul>\n\n\n\n<p>durchweg mit Werten \u00fcber 90 % bejaht. Dies nehmen wir, die Teams der Wohnst\u00e4tten, Wohngruppen, Wohngemeinschaften und dem ambulanten Wohnen, als Vertrauensbeweis und Best\u00e4tigung f\u00fcr unsere Arbeit!<\/p>\n\n\n\n<div style=\"height:25px\" aria-hidden=\"true\" class=\"wp-block-spacer hide-desktop\"><\/div>\n\n\n\n<div class=\"wp-block-group widget hide-desktop\"><div class=\"wp-block-group__inner-container is-layout-constrained wp-block-group-is-layout-constrained\">\n<h3 class=\"wp-block-heading\">Kontakt<\/h3>\n\n\n\n<p>Finden Sie Ihre Ansprechpartner bei Leben leben Wohnen.<\/p>\n\n\n\n<p><a href=\"https:\/\/lebenleben.de\/wohnen\/kontakt\/\">Kontakt \u00bb<\/a><\/p>\n<\/div><\/div>\n\n\n\n<div style=\"height:35px\" aria-hidden=\"true\" class=\"wp-block-spacer\"><\/div>\n\n\n\n<figure class=\"wp-block-video\"><video controls src=\"https:\/\/lebenleben.de\/wohnen\/wp-content\/uploads\/sites\/7\/2022\/10\/Imagefilm_V3_Final_1080.mp4\"><\/video><figcaption class=\"wp-element-caption\">Leben leben: Wohnen am M\u00fchlenteich Ebstorf<\/figcaption><\/figure>\n\n\n\n<div style=\"height:35px\" aria-hidden=\"true\" class=\"wp-block-spacer\"><\/div>\n\n\n\n<h2 class=\"wp-block-heading\">Unsere Leistungen<\/h2>\n\n\n\n<div style=\"height:25px\" aria-hidden=\"true\" class=\"wp-block-spacer\"><\/div>\n\n\n\n<h3 class=\"wp-block-heading\">Vorgeschaltete Leistungen<\/h3>\n\n\n\n<div style=\"height:10px\" aria-hidden=\"true\" class=\"wp-block-spacer\"><\/div>\n\n\n\n<p>Bevor Sie bei uns einziehen oder das ambulante Wohnen in Anspruch nehmen,<\/p>\n\n\n\n<div style=\"height:25px\" aria-hidden=\"true\" class=\"wp-block-spacer\"><\/div>\n\n\n\n<ul class=\"wp-block-list\">\n<li>f\u00fchren wir mit Ihnen und Ihren Angeh\u00f6rigen ein ausf\u00fchrliches&nbsp;Informationsgespr\u00e4ch,<\/li>\n\n\n\n<li>stellen wir Ihnen ausgew\u00e4hlten Wohneinrichtung\/die Leistungen im ambulanten Wohnen vor,<\/li>\n\n\n\n<li>beraten wir Sie ausf\u00fchrliche Beratung zur Antragstellung,<\/li>\n\n\n\n<li>vermitteln wir bei Bedarf den Kontakt zur zust\u00e4ndigen Werkstatt f\u00fcr behinderte Menschen.<\/li>\n<\/ul>\n\n\n\n<div style=\"height:25px\" aria-hidden=\"true\" class=\"wp-block-spacer\"><\/div>\n\n\n\n<h3 class=\"wp-block-heading\">Leistungen im station\u00e4ren und teilstation\u00e4ren Wohnen sowie teilweise in den Wohngemeinschaften<\/h3>\n\n\n\n<div style=\"height:25px\" aria-hidden=\"true\" class=\"wp-block-spacer\"><\/div>\n\n\n\n<div style=\"height:5px\" aria-hidden=\"true\" class=\"wp-block-spacer\"><\/div>\n\n\n\n<ul class=\"wp-block-list\">\n<li>Wir erstellen eine ausf\u00fchrliche Sozialanamnese und werten Vorberichte sowie Gutachten aus, bei Bedarf gemeinsam mit dem psychologischen Dienst.<\/li>\n\n\n\n<li>Bei Bedarf organisieren wir f\u00fcr die Bewohner:innen Einzelgespr\u00e4che beim psychologischen Dienst.<\/li>\n\n\n\n<li>Wir f\u00fchren regelm\u00e4\u00dfige Fachberatungen und Fallbesprechungen mit dem Team und dem psychologischen Dienst durch.<\/li>\n\n\n\n<li>Wir stehen in regelm\u00e4\u00dfigem Austausch mit der zust\u00e4ndigen Werkstatt f\u00fcr behinderte Menschen.<\/li>\n\n\n\n<li>Wir f\u00fchren regelm\u00e4\u00dfige Inhouse-Schulungen unserer Mitarbeitenden zu verschiedenen Behinderungsbildern sowie aktuellen Fragestellungen durch den psychologischen Dienst durch.<\/li>\n\n\n\n<li>Wir machen individuelle Anleitungs- bzw. Unterst\u00fctzungsangebote sowie Gruppenangebote.<\/li>\n\n\n\n<li>Wir f\u00f6rdern mit bedarfsbezogenen Hilfeangeboten nach dem p\u00e4dagogischen System HELP (Handlungsbasierte Entwicklung von Leistungsf\u00e4higkeit und&nbsp;Pers\u00f6nlichkeit) nach Prof. Dr. Gerd Grampp.<\/li>\n\n\n\n<li>Wir pflegen den Kontakt mit Angeh\u00f6rigen und gesetzlichen Betreuer:innen.<\/li>\n\n\n\n<li>Wir veranstalten regelm\u00e4\u00dfig Informationsabende f\u00fcr Angeh\u00f6rige und gesetzliche Betreuer:innen.<\/li>\n\n\n\n<li>Wir pflegen Kontakte und die Zusammenarbeit mit anderen Einrichtungen der Behindertenhilfe sowie zuweisenden Einrichtungen.<\/li>\n\n\n\n<li>Wir kooperieren mit \u00c4rzten, Therapeuten, Vereinen und Initiativen.<\/li>\n\n\n\n<li>Wir veranstalten \u00f6ffentliche Feste und Feiern.<\/li>\n<\/ul>\n\n\n\n<div style=\"height:25px\" aria-hidden=\"true\" class=\"wp-block-spacer\"><\/div>\n\n\n\n<h3 class=\"wp-block-heading\">Leistungen der Assistenz im eigenen Wohnraum<\/h3>\n\n\n\n<div style=\"height:25px\" aria-hidden=\"true\" class=\"wp-block-spacer\"><\/div>\n\n\n\n<div style=\"height:5px\" aria-hidden=\"true\" class=\"wp-block-spacer\"><\/div>\n\n\n\n<ul class=\"wp-block-list\">\n<li>Wir erstellen eine ausf\u00fchrliche Sozialanamnese und werten Vorberichte sowie Gutachten aus, bei Bedarf gemeinsam mit dem psychologischen Dienst.<\/li>\n\n\n\n<li>Bei Bedarf organisieren wir f\u00fcr die Teilnehmenden Einzelgespr\u00e4che beim psychologischen Dienst.<\/li>\n\n\n\n<li>Wir f\u00fchren regelm\u00e4\u00dfig Fallbesprechungen mit dem Team und dem psychologischen Dienst durch.<\/li>\n\n\n\n<li>Bei Bedarf bitten wir den psychologischen Dienst um zus\u00e4tzliche (Einzel-)Fachberatungen.<\/li>\n\n\n\n<li>Wir stehen in regelm\u00e4\u00dfigem Austausch mit der zust\u00e4ndigen Werkstatt f\u00fcr behinderte Menschen.<\/li>\n\n\n\n<li>Wir f\u00fchren regelm\u00e4\u00dfige Inhouse-Schulungen unserer Mitarbeitenden zu verschiedenen Behinderungsbildern sowie aktuellen Fragestellungen durch den psychologischen Dienst durch.<\/li>\n\n\n\n<li>Wir vereinbaren mit den Teilnehmenden einen Monat im Voraus individuelle Assistenzzeiten.<\/li>\n\n\n\n<li>Wir veranstalten mehrmals im Jahr Gruppenangebote f\u00fcr alle Teilnehmenden.<\/li>\n\n\n\n<li>Wir gew\u00e4hrleisten eine Vertretung bei Krankheit oder Urlaub der Bezugsperson.<\/li>\n\n\n\n<li>Die Teilnehmenden erhalten die dienstliche&nbsp;Telefonnummer ihrer Bezugsassistent:innen, die einmal am Tag die Mailbox abh\u00f6ren und im Bedarfsfall Kontakt aufnehmen.<\/li>\n\n\n\n<li>Wir pflegen den Kontakt mit Angeh\u00f6rigen und gesetzlichen Betreuer:innen.<\/li>\n\n\n\n<li>Wir veranstalten regelm\u00e4\u00dfig Informationsabende f\u00fcr Angeh\u00f6rige und gesetzliche Betreuer:innen.<\/li>\n\n\n\n<li>Wir pflegen Kontakte und die Zusammenarbeit mit anderen Einrichtungen der Behindertenhilfe sowie zuweisenden Einrichtungen.<\/li>\n\n\n\n<li>Wir kooperieren mit \u00c4rzten, Therapeuten, Vereinen und Initiativen.<\/li>\n<\/ul>\n\n\n\n<div style=\"height:25px\" aria-hidden=\"true\" class=\"wp-block-spacer\"><\/div>\n\n\n\n<h3 class=\"wp-block-heading\">Personalentwicklung<\/h3>\n\n\n\n<div style=\"height:10px\" aria-hidden=\"true\" class=\"wp-block-spacer\"><\/div>\n\n\n\n<p>Uns liegt das Thema Personalentwicklung sehr am Herzen.<\/p>\n\n\n\n<p>Um unseren Bewohner:innen ein angenehmes Zuhause und den Teilnehmenden am ambulanten Wohnen eine angemessene Assistenzleistung bieten zu k\u00f6nnen, ben\u00f6tigen wir motiviertes, engagiertes und freundliches Personal. Daher liegt uns eine facettenreiche Personalentwicklung sehr am Herzen und wir bieten unseren Mitarbeitenden:<\/p>\n\n\n\n<div style=\"height:25px\" aria-hidden=\"true\" class=\"wp-block-spacer\"><\/div>\n\n\n\n<ul class=\"wp-block-list\">\n<li>Angebote zur&nbsp;Fachberatung und Fallbesprechung \u2013 einzeln, im Team und gemeinsam mit dem Psychologischen Dienst<\/li>\n\n\n\n<li>Regelm\u00e4\u00dfige Inhouse-Schulungen zu verschiedenen Behinderungsarten und aktuellen Fragestellungen, teilweise mit praktischem Training<\/li>\n\n\n\n<li>Regelm\u00e4\u00dfige Dienstbesprechungen, sowohl im kleinen Team als auch im gesamten Gesch\u00e4ftsbereich Wohnen<\/li>\n\n\n\n<li>J\u00e4hrliche Personalentwicklungsgespr\u00e4che mit Zielvereinbarung<\/li>\n\n\n\n<li>Schulungen im p\u00e4dagogischen System HELP (Handlungsbasierte Entwicklung von Leistungsf\u00e4higkeit und Pers\u00f6nlichkeit) nach Prof. Dr. Gerd Grampp zur Gestaltung von bedarfsbezogenen Hilfeangeboten f\u00fcr unsere Bewohner:innen<\/li>\n\n\n\n<li>Nach Bedarf Teilnahme an externen Fort- und Weiterbildungen<\/li>\n<\/ul>\n\n\n\n<div style=\"height:25px\" aria-hidden=\"true\" class=\"wp-block-spacer\"><\/div>\n\n\n\n<h3 class=\"wp-block-heading\">Kooperationen<\/h3>\n\n\n\n<div style=\"height:10px\" aria-hidden=\"true\" class=\"wp-block-spacer\"><\/div>\n\n\n\n<p>Wir arbeiten gerne mit anderen Menschen sowie Institutionen zusammen, tauschen uns mit ihnen aus, lernen von ihnen oder erz\u00e4hlen ihnen von unserer Arbeit und dem, was uns wichtig ist. Daher freuen wir uns \u00fcber Kooperationen mit Partnern aus dem sozialen Ausbildungsbereich:<\/p>\n\n\n\n<div style=\"height:25px\" aria-hidden=\"true\" class=\"wp-block-spacer\"><\/div>\n\n\n\n<ul class=\"wp-block-list\">\n<li>Fachschule&nbsp;Sozialp\u00e4dagogik der Berufsbildenden Schulen in Uelzen<\/li>\n\n\n\n<li>Fachschule&nbsp;Sozialp\u00e4dagogik der Berufsbildenden Schule in L\u00fcchow<\/li>\n\n\n\n<li>Fachschule f\u00fcr&nbsp;Heilerziehungspflege der Berufsbildenden Schulen in Uelzen<\/li>\n\n\n\n<li>Ostfalia-Hochschule, Fachbereich Soziale Arbeit, Suderburg<\/li>\n<\/ul>\n\n\n\n<div style=\"height:50px\" aria-hidden=\"true\" class=\"wp-block-spacer\"><\/div>\n","protected":false},"excerpt":{"rendered":"<p>Leben leben Wohnen Betreutes Wohnen f\u00fcr Menschen mit Behinderung Wir m\u00f6chten, dass Sie den passenden Raum zum Leben finden. Einen Wohnraum, in dem Sie sich wohlf\u00fchlen und dessen Umgebung Sie zu Unternehmungen einl\u00e4dt, wo Sie Freizeitangebote wahrnehmen k\u00f6nnen und gemeinsam gefeiert und gelacht wird. Deshalb betreiben wir verschiedene Wohneinrichtungen mit unterschiedlichen Betreuungslevels, aus denen Sie [&hellip;]<\/p>\n","protected":false},"author":1,"featured_media":0,"parent":0,"menu_order":0,"comment_status":"closed","ping_status":"closed","template":"page-templates\/page-fullscreen.php","meta":{"_acf_changed":false,"footnotes":""},"class_list":["post-7","page","type-page","status-publish","hentry"],"acf":[],"yoast_head":"<!-- This site is optimized with the Yoast SEO plugin v27.3 - https:\/\/yoast.com\/product\/yoast-seo-wordpress\/ -->\n<title>Betreutes Wohnen f\u00fcr Menschen mit Behinderung | Uelzen<\/title>\n<meta name=\"description\" content=\"Wir bieten betreutes Wohnen f\u00fcr Menschen mit geistiger Behinderung in verschiedenen Wohnformen in Uelzen und im Wendland.\" \/>\n<meta name=\"robots\" content=\"index, follow, max-snippet:-1, max-image-preview:large, max-video-preview:-1\" \/>\n<link rel=\"canonical\" href=\"https:\/\/lebenleben.de\/wohnen\/\" \/>\n<meta property=\"og:locale\" content=\"de_DE\" \/>\n<meta property=\"og:type\" content=\"article\" \/>\n<meta property=\"og:title\" content=\"Betreutes Wohnen f\u00fcr Menschen mit Behinderung | Uelzen\" \/>\n<meta property=\"og:description\" content=\"Wir bieten betreutes Wohnen f\u00fcr Menschen mit geistiger Behinderung in verschiedenen Wohnformen in Uelzen und im Wendland.\" \/>\n<meta property=\"og:url\" content=\"https:\/\/lebenleben.de\/wohnen\/\" \/>\n<meta property=\"og:site_name\" content=\"Leben leben Wohnen\" \/>\n<meta property=\"article:modified_time\" content=\"2024-05-28T08:24:27+00:00\" \/>\n<meta name=\"twitter:card\" content=\"summary_large_image\" \/>\n<meta name=\"twitter:label1\" content=\"Gesch\u00e4tzte Lesezeit\" \/>\n\t<meta name=\"twitter:data1\" content=\"6\u00a0Minuten\" \/>\n<script type=\"application\/ld+json\" class=\"yoast-schema-graph\">{\"@context\":\"https:\\\/\\\/schema.org\",\"@graph\":[{\"@type\":\"WebPage\",\"@id\":\"https:\\\/\\\/lebenleben.de\\\/wohnen\\\/\",\"url\":\"https:\\\/\\\/lebenleben.de\\\/wohnen\\\/\",\"name\":\"Betreutes Wohnen f\u00fcr Menschen mit Behinderung | Uelzen\",\"isPartOf\":{\"@id\":\"https:\\\/\\\/lebenleben.de\\\/wohnen\\\/#website\"},\"datePublished\":\"2021-01-22T10:54:24+00:00\",\"dateModified\":\"2024-05-28T08:24:27+00:00\",\"description\":\"Wir bieten betreutes Wohnen f\u00fcr Menschen mit geistiger Behinderung in verschiedenen Wohnformen in Uelzen und im Wendland.\",\"breadcrumb\":{\"@id\":\"https:\\\/\\\/lebenleben.de\\\/wohnen\\\/#breadcrumb\"},\"inLanguage\":\"de\",\"potentialAction\":[{\"@type\":\"ReadAction\",\"target\":[\"https:\\\/\\\/lebenleben.de\\\/wohnen\\\/\"]}]},{\"@type\":\"BreadcrumbList\",\"@id\":\"https:\\\/\\\/lebenleben.de\\\/wohnen\\\/#breadcrumb\",\"itemListElement\":[{\"@type\":\"ListItem\",\"position\":1,\"name\":\"Startseite\",\"item\":\"https:\\\/\\\/lebenleben.de\\\/wohnen\\\/\"},{\"@type\":\"ListItem\",\"position\":2,\"name\":\"Startseite\"}]},{\"@type\":\"WebSite\",\"@id\":\"https:\\\/\\\/lebenleben.de\\\/wohnen\\\/#website\",\"url\":\"https:\\\/\\\/lebenleben.de\\\/wohnen\\\/\",\"name\":\"Leben leben Wohnen\",\"description\":\"Eine weitere Leben Leben Netzwerk Website\",\"publisher\":{\"@id\":\"https:\\\/\\\/lebenleben.de\\\/wohnen\\\/#organization\"},\"potentialAction\":[{\"@type\":\"SearchAction\",\"target\":{\"@type\":\"EntryPoint\",\"urlTemplate\":\"https:\\\/\\\/lebenleben.de\\\/wohnen\\\/?s={search_term_string}\"},\"query-input\":{\"@type\":\"PropertyValueSpecification\",\"valueRequired\":true,\"valueName\":\"search_term_string\"}}],\"inLanguage\":\"de\"},{\"@type\":\"Organization\",\"@id\":\"https:\\\/\\\/lebenleben.de\\\/wohnen\\\/#organization\",\"name\":\"Leben leben Wohnen\",\"url\":\"https:\\\/\\\/lebenleben.de\\\/wohnen\\\/\",\"logo\":{\"@type\":\"ImageObject\",\"inLanguage\":\"de\",\"@id\":\"https:\\\/\\\/lebenleben.de\\\/wohnen\\\/#\\\/schema\\\/logo\\\/image\\\/\",\"url\":\"https:\\\/\\\/lebenleben.de\\\/wohnen\\\/wp-content\\\/uploads\\\/sites\\\/7\\\/2021\\\/01\\\/ll_favicon-yellow.png\",\"contentUrl\":\"https:\\\/\\\/lebenleben.de\\\/wohnen\\\/wp-content\\\/uploads\\\/sites\\\/7\\\/2021\\\/01\\\/ll_favicon-yellow.png\",\"width\":501,\"height\":501,\"caption\":\"Leben leben Wohnen\"},\"image\":{\"@id\":\"https:\\\/\\\/lebenleben.de\\\/wohnen\\\/#\\\/schema\\\/logo\\\/image\\\/\"}}]}<\/script>\n<!-- \/ Yoast SEO plugin. -->","yoast_head_json":{"title":"Betreutes Wohnen f\u00fcr Menschen mit Behinderung | Uelzen","description":"Wir bieten betreutes Wohnen f\u00fcr Menschen mit geistiger Behinderung in verschiedenen Wohnformen in Uelzen und im Wendland.","robots":{"index":"index","follow":"follow","max-snippet":"max-snippet:-1","max-image-preview":"max-image-preview:large","max-video-preview":"max-video-preview:-1"},"canonical":"https:\/\/lebenleben.de\/wohnen\/","og_locale":"de_DE","og_type":"article","og_title":"Betreutes Wohnen f\u00fcr Menschen mit Behinderung | Uelzen","og_description":"Wir bieten betreutes Wohnen f\u00fcr Menschen mit geistiger Behinderung in verschiedenen Wohnformen in Uelzen und im Wendland.","og_url":"https:\/\/lebenleben.de\/wohnen\/","og_site_name":"Leben leben Wohnen","article_modified_time":"2024-05-28T08:24:27+00:00","twitter_card":"summary_large_image","twitter_misc":{"Gesch\u00e4tzte Lesezeit":"6\u00a0Minuten"},"schema":{"@context":"https:\/\/schema.org","@graph":[{"@type":"WebPage","@id":"https:\/\/lebenleben.de\/wohnen\/","url":"https:\/\/lebenleben.de\/wohnen\/","name":"Betreutes Wohnen f\u00fcr Menschen mit Behinderung | Uelzen","isPartOf":{"@id":"https:\/\/lebenleben.de\/wohnen\/#website"},"datePublished":"2021-01-22T10:54:24+00:00","dateModified":"2024-05-28T08:24:27+00:00","description":"Wir bieten betreutes Wohnen f\u00fcr Menschen mit geistiger Behinderung in verschiedenen Wohnformen in Uelzen und im Wendland.","breadcrumb":{"@id":"https:\/\/lebenleben.de\/wohnen\/#breadcrumb"},"inLanguage":"de","potentialAction":[{"@type":"ReadAction","target":["https:\/\/lebenleben.de\/wohnen\/"]}]},{"@type":"BreadcrumbList","@id":"https:\/\/lebenleben.de\/wohnen\/#breadcrumb","itemListElement":[{"@type":"ListItem","position":1,"name":"Startseite","item":"https:\/\/lebenleben.de\/wohnen\/"},{"@type":"ListItem","position":2,"name":"Startseite"}]},{"@type":"WebSite","@id":"https:\/\/lebenleben.de\/wohnen\/#website","url":"https:\/\/lebenleben.de\/wohnen\/","name":"Leben leben Wohnen","description":"Eine weitere Leben Leben Netzwerk Website","publisher":{"@id":"https:\/\/lebenleben.de\/wohnen\/#organization"},"potentialAction":[{"@type":"SearchAction","target":{"@type":"EntryPoint","urlTemplate":"https:\/\/lebenleben.de\/wohnen\/?s={search_term_string}"},"query-input":{"@type":"PropertyValueSpecification","valueRequired":true,"valueName":"search_term_string"}}],"inLanguage":"de"},{"@type":"Organization","@id":"https:\/\/lebenleben.de\/wohnen\/#organization","name":"Leben leben Wohnen","url":"https:\/\/lebenleben.de\/wohnen\/","logo":{"@type":"ImageObject","inLanguage":"de","@id":"https:\/\/lebenleben.de\/wohnen\/#\/schema\/logo\/image\/","url":"https:\/\/lebenleben.de\/wohnen\/wp-content\/uploads\/sites\/7\/2021\/01\/ll_favicon-yellow.png","contentUrl":"https:\/\/lebenleben.de\/wohnen\/wp-content\/uploads\/sites\/7\/2021\/01\/ll_favicon-yellow.png","width":501,"height":501,"caption":"Leben leben Wohnen"},"image":{"@id":"https:\/\/lebenleben.de\/wohnen\/#\/schema\/logo\/image\/"}}]}},"_links":{"self":[{"href":"https:\/\/lebenleben.de\/wohnen\/wp-json\/wp\/v2\/pages\/7","targetHints":{"allow":["GET"]}}],"collection":[{"href":"https:\/\/lebenleben.de\/wohnen\/wp-json\/wp\/v2\/pages"}],"about":[{"href":"https:\/\/lebenleben.de\/wohnen\/wp-json\/wp\/v2\/types\/page"}],"author":[{"embeddable":true,"href":"https:\/\/lebenleben.de\/wohnen\/wp-json\/wp\/v2\/users\/1"}],"replies":[{"embeddable":true,"href":"https:\/\/lebenleben.de\/wohnen\/wp-json\/wp\/v2\/comments?post=7"}],"version-history":[{"count":63,"href":"https:\/\/lebenleben.de\/wohnen\/wp-json\/wp\/v2\/pages\/7\/revisions"}],"predecessor-version":[{"id":343,"href":"https:\/\/lebenleben.de\/wohnen\/wp-json\/wp\/v2\/pages\/7\/revisions\/343"}],"wp:attachment":[{"href":"https:\/\/lebenleben.de\/wohnen\/wp-json\/wp\/v2\/media?parent=7"}],"curies":[{"name":"wp","href":"https:\/\/api.w.org\/{rel}","templated":true}]}}