{"id":16,"date":"2021-01-22T15:37:47","date_gmt":"2021-01-22T14:37:47","guid":{"rendered":"https:\/\/lebenleben.de\/wunderland\/?page_id=16"},"modified":"2024-05-28T10:10:18","modified_gmt":"2024-05-28T08:10:18","slug":"wunderland-uelzen","status":"publish","type":"page","link":"https:\/\/lebenleben.de\/wunderland\/wunderland-uelzen\/","title":{"rendered":"Wunderland Uelzen"},"content":{"rendered":"\n<div id=\"llimageslider-block_19a0bf68a0cbdc6b85f72c619b17dc37\" class=\"block-llimageslider llimageslider alignwide\">\n\n    \n\t\t<div class=\"llimageslider-slider\" data-slick='{\"autoplaySpeed\": 5000}'>\n\t\t\t\t\t\t\t<div class=\"single-slide-wrapper slide-1\">\n\t\t\t\t\t<img loading=\"lazy\" decoding=\"async\" width=\"1400\" height=\"440\" src=\"https:\/\/lebenleben.de\/wunderland\/wp-content\/uploads\/sites\/9\/2024\/05\/ll_header_slider_image_1400x560_0005_Krippe_Wunderland-1400x440-1.jpg\" class=\"single-slide-image slider-desktop-image\" alt=\"\" srcset=\"https:\/\/lebenleben.de\/wunderland\/wp-content\/uploads\/sites\/9\/2024\/05\/ll_header_slider_image_1400x560_0005_Krippe_Wunderland-1400x440-1.jpg 1400w, https:\/\/lebenleben.de\/wunderland\/wp-content\/uploads\/sites\/9\/2024\/05\/ll_header_slider_image_1400x560_0005_Krippe_Wunderland-1400x440-1-300x94.jpg 300w, https:\/\/lebenleben.de\/wunderland\/wp-content\/uploads\/sites\/9\/2024\/05\/ll_header_slider_image_1400x560_0005_Krippe_Wunderland-1400x440-1-1024x322.jpg 1024w, https:\/\/lebenleben.de\/wunderland\/wp-content\/uploads\/sites\/9\/2024\/05\/ll_header_slider_image_1400x560_0005_Krippe_Wunderland-1400x440-1-768x241.jpg 768w\" sizes=\"auto, (max-width: 1400px) 100vw, 1400px\" \/>          <img loading=\"lazy\" decoding=\"async\" width=\"1000\" height=\"314\" src=\"https:\/\/lebenleben.de\/wunderland\/wp-content\/uploads\/sites\/9\/2024\/05\/ll_header_slider_image_1400x560_0005_Krippe_Wunderland-1400x440-1-1024x322.jpg\" class=\"single-slide-image slider-mobile-image\" alt=\"\" srcset=\"https:\/\/lebenleben.de\/wunderland\/wp-content\/uploads\/sites\/9\/2024\/05\/ll_header_slider_image_1400x560_0005_Krippe_Wunderland-1400x440-1-1024x322.jpg 1024w, https:\/\/lebenleben.de\/wunderland\/wp-content\/uploads\/sites\/9\/2024\/05\/ll_header_slider_image_1400x560_0005_Krippe_Wunderland-1400x440-1-300x94.jpg 300w, https:\/\/lebenleben.de\/wunderland\/wp-content\/uploads\/sites\/9\/2024\/05\/ll_header_slider_image_1400x560_0005_Krippe_Wunderland-1400x440-1-768x241.jpg 768w, https:\/\/lebenleben.de\/wunderland\/wp-content\/uploads\/sites\/9\/2024\/05\/ll_header_slider_image_1400x560_0005_Krippe_Wunderland-1400x440-1.jpg 1400w\" sizes=\"auto, (max-width: 1000px) 100vw, 1000px\" \/>\n                    <div class=\"single-slide-text\">\n          <h2>Wunderland Uelzen<\/h2><h3>Ein wundervolles Miteinander<\/h3>                  <\/div>\n        \n\t\t\t\t<\/div>\n\t\t\t\t\t<\/div>\n\t  <script>\n    jQuery(document).ready(function() {\n        jQuery('.llimageslider-slider').slick({\n          dots: true,\n          infinite: true,\n          speed: 1000,\n          autoplay: true,\n          adaptiveHeight: true,\n          slidesToShow: 1,\n          fade: true,\n          focusOnSelect: true\n        });\n    });\n    <\/script>\n<\/div>\n\n\n\n<p>Das Wunderland Uelzen tut sich in N\u00e4he zur Innenstadt, zum Stadtwald und zum Sportplatz auf: Die beiden Gruppen der integrativen Krippe haben ihre R\u00e4ume in einem Einzelgeb\u00e4ude mit einem eigenem, kindgerechten Au\u00dfengel\u00e4nde am Bohldamm 61, gleich daneben, in der Von-Estorff-Stra\u00dfe 5\u20139, sind alle Kinderg\u00e4rten untergebracht. Beste Voraussetzungen f\u00fcr ein buntes, wundervolles&nbsp;\u2013 und manchmal auch lautes&nbsp;\u2013 Miteinander.<\/p>\n\n\n\n<div style=\"height:25px\" aria-hidden=\"true\" class=\"wp-block-spacer\"><\/div>\n\n\n\n<script>\njQuery(document).ready(function(){\n    jQuery('.uid-1').slick({\n      dots: true,\n      infinite: true,\n      arrows: true,\n      speed: 1000,\n      autoplay: false,\n      slidesToShow: 3,\n      slidesToScroll: 1,\n      fade: false,\n      responsive: [\n        {\n          breakpoint: 1024,\n          settings: {\n            slidesToShow: 2,\n            slidesToScroll: 1\n          }\n        },\n        {\n          breakpoint: 800,\n          settings: {\n            slidesToShow: 1,\n            slidesToScroll: 1\n          }\n        }\n      ]\n\n    });\n  }); \n\n<\/script>\n\n<div id=\"childpagelist-block_f138973cb0eccce5d8655c17a9b42b9a\" class=\"block-subpage-wrapper columns-3 uid-1\">\n\n\t\n\t\n\t    <div class=\"block-subpage-wrapper__single post-23 page type-page status-publish has-post-thumbnail hentry\">\n\t        \t           <a class=\"imagelink \"href=\"https:\/\/lebenleben.de\/wunderland\/wunderland-uelzen\/kita-uelzen\/\" rel=\"bookmark\" title=\"KiTa Uelzen\"><img loading=\"lazy\" decoding=\"async\" width=\"600\" height=\"360\" src=\"https:\/\/lebenleben.de\/wunderland\/wp-content\/uploads\/sites\/9\/2021\/04\/ll_header_slider_image_1400x560_0005_Krippe_Wunderland-600x360.jpg\" class=\"attachment-ll-thumb-medium size-ll-thumb-medium wp-post-image\" alt=\"\" srcset=\"https:\/\/lebenleben.de\/wunderland\/wp-content\/uploads\/sites\/9\/2021\/04\/ll_header_slider_image_1400x560_0005_Krippe_Wunderland-600x360.jpg 600w, https:\/\/lebenleben.de\/wunderland\/wp-content\/uploads\/sites\/9\/2021\/04\/ll_header_slider_image_1400x560_0005_Krippe_Wunderland-800x480.jpg 800w, https:\/\/lebenleben.de\/wunderland\/wp-content\/uploads\/sites\/9\/2021\/04\/ll_header_slider_image_1400x560_0005_Krippe_Wunderland-400x240.jpg 400w\" sizes=\"auto, (max-width: 600px) 100vw, 600px\" \/><\/a>\n\t        \t\t\t\t\t<div class=\"textwrapper\">\n\t\t        <h3><a href=\"https:\/\/lebenleben.de\/wunderland\/wunderland-uelzen\/kita-uelzen\/\" rel=\"bookmark\" title=\"KiTa Uelzen\">KiTa Uelzen<\/a><\/h3>\n\n\t\t\t\t<p>In der KiTa Wunderland in Uelzen lernen Kinder mit und ohne F\u00f6rderbedarf gemeinsam \u2013 inklusiv, individuell gef\u00f6rdert und familiennah betreut.<\/p>\n\t\t\t\t\t\t<a href=\"https:\/\/lebenleben.de\/wunderland\/wunderland-uelzen\/kita-uelzen\/\" rel=\"bookmark\" title=\"KiTa Uelzen\">Mehr Infos&nbsp;&raquo;<\/a>\n\t\t\t\t\t<\/div>\n\t    <\/div>\n\t\n\t    <div class=\"block-subpage-wrapper__single post-24 page type-page status-publish has-post-thumbnail hentry\">\n\t        \t           <a class=\"imagelink \"href=\"https:\/\/lebenleben.de\/wunderland\/wunderland-uelzen\/heilpaedagogischer-kindergarten\/\" rel=\"bookmark\" title=\"Heilp\u00e4dagogischer Kindergarten\"><img loading=\"lazy\" decoding=\"async\" width=\"600\" height=\"360\" src=\"https:\/\/lebenleben.de\/wunderland\/wp-content\/uploads\/sites\/9\/2021\/04\/ll_header_slider_image_1400x560_0004_IMG_1425-600x360.jpg\" class=\"attachment-ll-thumb-medium size-ll-thumb-medium wp-post-image\" alt=\"\" srcset=\"https:\/\/lebenleben.de\/wunderland\/wp-content\/uploads\/sites\/9\/2021\/04\/ll_header_slider_image_1400x560_0004_IMG_1425-600x360.jpg 600w, https:\/\/lebenleben.de\/wunderland\/wp-content\/uploads\/sites\/9\/2021\/04\/ll_header_slider_image_1400x560_0004_IMG_1425-800x480.jpg 800w, https:\/\/lebenleben.de\/wunderland\/wp-content\/uploads\/sites\/9\/2021\/04\/ll_header_slider_image_1400x560_0004_IMG_1425-400x240.jpg 400w\" sizes=\"auto, (max-width: 600px) 100vw, 600px\" \/><\/a>\n\t        \t\t\t\t\t<div class=\"textwrapper\">\n\t\t        <h3><a href=\"https:\/\/lebenleben.de\/wunderland\/wunderland-uelzen\/heilpaedagogischer-kindergarten\/\" rel=\"bookmark\" title=\"Heilp\u00e4dagogischer Kindergarten\">Heilp\u00e4dagogischer Kindergarten<\/a><\/h3>\n\n\t\t\t\t<p>Weil es unser oberstes Ziel ist, jedes Kind optimal und individuell in seiner kognitiven, sprachlichen, sozialen, emotionalen und lebenspraktischen Entwicklung zu f\u00f6rdern, geh\u00f6rt zum Wunderland Uelzen auch der Heilp\u00e4dagogische Kindergarten in der Von-Estorff-Str. 5\u20139.<\/p>\n\t\t\t\t\t\t<a href=\"https:\/\/lebenleben.de\/wunderland\/wunderland-uelzen\/heilpaedagogischer-kindergarten\/\" rel=\"bookmark\" title=\"Heilp\u00e4dagogischer Kindergarten\">Mehr Infos&nbsp;&raquo;<\/a>\n\t\t\t\t\t<\/div>\n\t    <\/div>\n\t\n\t    <div class=\"block-subpage-wrapper__single post-25 page type-page status-publish has-post-thumbnail hentry\">\n\t        \t           <a class=\"imagelink \"href=\"https:\/\/lebenleben.de\/wunderland\/wunderland-uelzen\/sprachheilkindergarten\/\" rel=\"bookmark\" title=\"Sprachheilkindergarten\"><img loading=\"lazy\" decoding=\"async\" width=\"600\" height=\"360\" src=\"https:\/\/lebenleben.de\/wunderland\/wp-content\/uploads\/sites\/9\/2021\/04\/ll_header_slider_image_1400x560_0002_IMG_1446-600x360.jpg\" class=\"attachment-ll-thumb-medium size-ll-thumb-medium wp-post-image\" alt=\"\" srcset=\"https:\/\/lebenleben.de\/wunderland\/wp-content\/uploads\/sites\/9\/2021\/04\/ll_header_slider_image_1400x560_0002_IMG_1446-600x360.jpg 600w, https:\/\/lebenleben.de\/wunderland\/wp-content\/uploads\/sites\/9\/2021\/04\/ll_header_slider_image_1400x560_0002_IMG_1446-800x480.jpg 800w, https:\/\/lebenleben.de\/wunderland\/wp-content\/uploads\/sites\/9\/2021\/04\/ll_header_slider_image_1400x560_0002_IMG_1446-400x240.jpg 400w\" sizes=\"auto, (max-width: 600px) 100vw, 600px\" \/><\/a>\n\t        \t\t\t\t\t<div class=\"textwrapper\">\n\t\t        <h3><a href=\"https:\/\/lebenleben.de\/wunderland\/wunderland-uelzen\/sprachheilkindergarten\/\" rel=\"bookmark\" title=\"Sprachheilkindergarten\">Sprachheilkindergarten<\/a><\/h3>\n\n\t\t\t\t<p>Kinder ab dem 4. Lebensjahr mit einer nicht altersgem\u00e4\u00dfen Sprachentwicklung oder Sprachauff\u00e4lligkeiten werden im Sprachheilkindergarten des Wunderlands Uelzen besonders unterst\u00fctzt.<\/p>\n\t\t\t\t\t\t<a href=\"https:\/\/lebenleben.de\/wunderland\/wunderland-uelzen\/sprachheilkindergarten\/\" rel=\"bookmark\" title=\"Sprachheilkindergarten\">Mehr Infos&nbsp;&raquo;<\/a>\n\t\t\t\t\t<\/div>\n\t    <\/div>\n\t\n\t\n<\/div>\n\n\n\n<div style=\"height:25px\" aria-hidden=\"true\" class=\"wp-block-spacer\"><\/div>\n","protected":false},"excerpt":{"rendered":"<p>Das Wunderland Uelzen tut sich in N\u00e4he zur Innenstadt, zum Stadtwald und zum Sportplatz auf: Die beiden Gruppen der integrativen Krippe haben ihre R\u00e4ume in einem Einzelgeb\u00e4ude mit einem eigenem, kindgerechten Au\u00dfengel\u00e4nde am Bohldamm 61, gleich daneben, in der Von-Estorff-Stra\u00dfe 5\u20139, sind alle Kinderg\u00e4rten untergebracht. Beste Voraussetzungen f\u00fcr ein buntes, wundervolles&nbsp;\u2013 und manchmal auch lautes&nbsp;\u2013 [&hellip;]<\/p>\n","protected":false},"author":1,"featured_media":164,"parent":0,"menu_order":10,"comment_status":"closed","ping_status":"closed","template":"page-templates\/page-fullscreen.php","meta":{"_acf_changed":false,"footnotes":""},"class_list":["post-16","page","type-page","status-publish","has-post-thumbnail","hentry"],"acf":[],"yoast_head":"<!-- This site is optimized with the Yoast SEO plugin v27.3 - https:\/\/yoast.com\/product\/yoast-seo-wordpress\/ -->\n<title>Wunderland Uelzen | Krippe und Kinderg\u00e4rten<\/title>\n<meta name=\"description\" content=\"Das Wunderland Uelzen umfasst eine Kita mit integrativer Krippe und Kindergarten sowie einen heilp\u00e4dagogischer und einen Sprachheilkindergarten.\" \/>\n<meta name=\"robots\" content=\"index, follow, max-snippet:-1, max-image-preview:large, max-video-preview:-1\" \/>\n<link rel=\"canonical\" href=\"https:\/\/lebenleben.de\/wunderland\/wunderland-uelzen\/\" \/>\n<meta property=\"og:locale\" content=\"de_DE\" \/>\n<meta property=\"og:type\" content=\"article\" \/>\n<meta property=\"og:title\" content=\"Wunderland Uelzen | Krippe und Kinderg\u00e4rten\" \/>\n<meta property=\"og:description\" content=\"Das Wunderland Uelzen umfasst eine Kita mit integrativer Krippe und Kindergarten sowie einen heilp\u00e4dagogischer und einen Sprachheilkindergarten.\" \/>\n<meta property=\"og:url\" content=\"https:\/\/lebenleben.de\/wunderland\/wunderland-uelzen\/\" \/>\n<meta property=\"og:site_name\" content=\"Leben leben Wunderland\" \/>\n<meta property=\"article:modified_time\" content=\"2024-05-28T08:10:18+00:00\" \/>\n<meta property=\"og:image\" content=\"https:\/\/lebenleben.de\/wunderland\/wp-content\/uploads\/sites\/9\/2021\/04\/ll_header_slider_image_1400x560_0005_Krippe_Wunderland.jpg\" \/>\n\t<meta property=\"og:image:width\" content=\"1400\" \/>\n\t<meta property=\"og:image:height\" content=\"560\" \/>\n\t<meta property=\"og:image:type\" content=\"image\/jpeg\" \/>\n<meta name=\"twitter:card\" content=\"summary_large_image\" \/>\n<meta name=\"twitter:label1\" content=\"Gesch\u00e4tzte Lesezeit\" \/>\n\t<meta name=\"twitter:data1\" content=\"1\u00a0Minute\" \/>\n<script type=\"application\/ld+json\" class=\"yoast-schema-graph\">{\"@context\":\"https:\\\/\\\/schema.org\",\"@graph\":[{\"@type\":\"WebPage\",\"@id\":\"https:\\\/\\\/lebenleben.de\\\/wunderland\\\/wunderland-uelzen\\\/\",\"url\":\"https:\\\/\\\/lebenleben.de\\\/wunderland\\\/wunderland-uelzen\\\/\",\"name\":\"Wunderland Uelzen | Krippe und Kinderg\u00e4rten\",\"isPartOf\":{\"@id\":\"https:\\\/\\\/lebenleben.de\\\/wunderland\\\/#website\"},\"primaryImageOfPage\":{\"@id\":\"https:\\\/\\\/lebenleben.de\\\/wunderland\\\/wunderland-uelzen\\\/#primaryimage\"},\"image\":{\"@id\":\"https:\\\/\\\/lebenleben.de\\\/wunderland\\\/wunderland-uelzen\\\/#primaryimage\"},\"thumbnailUrl\":\"https:\\\/\\\/lebenleben.de\\\/wunderland\\\/wp-content\\\/uploads\\\/sites\\\/9\\\/2021\\\/04\\\/ll_header_slider_image_1400x560_0005_Krippe_Wunderland.jpg\",\"datePublished\":\"2021-01-22T14:37:47+00:00\",\"dateModified\":\"2024-05-28T08:10:18+00:00\",\"description\":\"Das Wunderland Uelzen umfasst eine Kita mit integrativer Krippe und Kindergarten sowie einen heilp\u00e4dagogischer und einen Sprachheilkindergarten.\",\"breadcrumb\":{\"@id\":\"https:\\\/\\\/lebenleben.de\\\/wunderland\\\/wunderland-uelzen\\\/#breadcrumb\"},\"inLanguage\":\"de\",\"potentialAction\":[{\"@type\":\"ReadAction\",\"target\":[\"https:\\\/\\\/lebenleben.de\\\/wunderland\\\/wunderland-uelzen\\\/\"]}]},{\"@type\":\"ImageObject\",\"inLanguage\":\"de\",\"@id\":\"https:\\\/\\\/lebenleben.de\\\/wunderland\\\/wunderland-uelzen\\\/#primaryimage\",\"url\":\"https:\\\/\\\/lebenleben.de\\\/wunderland\\\/wp-content\\\/uploads\\\/sites\\\/9\\\/2021\\\/04\\\/ll_header_slider_image_1400x560_0005_Krippe_Wunderland.jpg\",\"contentUrl\":\"https:\\\/\\\/lebenleben.de\\\/wunderland\\\/wp-content\\\/uploads\\\/sites\\\/9\\\/2021\\\/04\\\/ll_header_slider_image_1400x560_0005_Krippe_Wunderland.jpg\",\"width\":1400,\"height\":560},{\"@type\":\"BreadcrumbList\",\"@id\":\"https:\\\/\\\/lebenleben.de\\\/wunderland\\\/wunderland-uelzen\\\/#breadcrumb\",\"itemListElement\":[{\"@type\":\"ListItem\",\"position\":1,\"name\":\"Startseite\",\"item\":\"https:\\\/\\\/lebenleben.de\\\/wunderland\\\/\"},{\"@type\":\"ListItem\",\"position\":2,\"name\":\"Wunderland Uelzen\"}]},{\"@type\":\"WebSite\",\"@id\":\"https:\\\/\\\/lebenleben.de\\\/wunderland\\\/#website\",\"url\":\"https:\\\/\\\/lebenleben.de\\\/wunderland\\\/\",\"name\":\"Leben leben Wunderland\",\"description\":\"Eine weitere Leben Leben Netzwerk Website\",\"publisher\":{\"@id\":\"https:\\\/\\\/lebenleben.de\\\/wunderland\\\/#organization\"},\"potentialAction\":[{\"@type\":\"SearchAction\",\"target\":{\"@type\":\"EntryPoint\",\"urlTemplate\":\"https:\\\/\\\/lebenleben.de\\\/wunderland\\\/?s={search_term_string}\"},\"query-input\":{\"@type\":\"PropertyValueSpecification\",\"valueRequired\":true,\"valueName\":\"search_term_string\"}}],\"inLanguage\":\"de\"},{\"@type\":\"Organization\",\"@id\":\"https:\\\/\\\/lebenleben.de\\\/wunderland\\\/#organization\",\"name\":\"Leben leben Wunderland\",\"url\":\"https:\\\/\\\/lebenleben.de\\\/wunderland\\\/\",\"logo\":{\"@type\":\"ImageObject\",\"inLanguage\":\"de\",\"@id\":\"https:\\\/\\\/lebenleben.de\\\/wunderland\\\/#\\\/schema\\\/logo\\\/image\\\/\",\"url\":\"https:\\\/\\\/lebenleben.de\\\/wunderland\\\/wp-content\\\/uploads\\\/sites\\\/9\\\/2021\\\/01\\\/ll_favicon-green.png\",\"contentUrl\":\"https:\\\/\\\/lebenleben.de\\\/wunderland\\\/wp-content\\\/uploads\\\/sites\\\/9\\\/2021\\\/01\\\/ll_favicon-green.png\",\"width\":501,\"height\":501,\"caption\":\"Leben leben Wunderland\"},\"image\":{\"@id\":\"https:\\\/\\\/lebenleben.de\\\/wunderland\\\/#\\\/schema\\\/logo\\\/image\\\/\"}}]}<\/script>\n<!-- \/ Yoast SEO plugin. -->","yoast_head_json":{"title":"Wunderland Uelzen | Krippe und Kinderg\u00e4rten","description":"Das Wunderland Uelzen umfasst eine Kita mit integrativer Krippe und Kindergarten sowie einen heilp\u00e4dagogischer und einen Sprachheilkindergarten.","robots":{"index":"index","follow":"follow","max-snippet":"max-snippet:-1","max-image-preview":"max-image-preview:large","max-video-preview":"max-video-preview:-1"},"canonical":"https:\/\/lebenleben.de\/wunderland\/wunderland-uelzen\/","og_locale":"de_DE","og_type":"article","og_title":"Wunderland Uelzen | Krippe und Kinderg\u00e4rten","og_description":"Das Wunderland Uelzen umfasst eine Kita mit integrativer Krippe und Kindergarten sowie einen heilp\u00e4dagogischer und einen Sprachheilkindergarten.","og_url":"https:\/\/lebenleben.de\/wunderland\/wunderland-uelzen\/","og_site_name":"Leben leben Wunderland","article_modified_time":"2024-05-28T08:10:18+00:00","og_image":[{"width":1400,"height":560,"url":"https:\/\/lebenleben.de\/wunderland\/wp-content\/uploads\/sites\/9\/2021\/04\/ll_header_slider_image_1400x560_0005_Krippe_Wunderland.jpg","type":"image\/jpeg"}],"twitter_card":"summary_large_image","twitter_misc":{"Gesch\u00e4tzte Lesezeit":"1\u00a0Minute"},"schema":{"@context":"https:\/\/schema.org","@graph":[{"@type":"WebPage","@id":"https:\/\/lebenleben.de\/wunderland\/wunderland-uelzen\/","url":"https:\/\/lebenleben.de\/wunderland\/wunderland-uelzen\/","name":"Wunderland Uelzen | Krippe und Kinderg\u00e4rten","isPartOf":{"@id":"https:\/\/lebenleben.de\/wunderland\/#website"},"primaryImageOfPage":{"@id":"https:\/\/lebenleben.de\/wunderland\/wunderland-uelzen\/#primaryimage"},"image":{"@id":"https:\/\/lebenleben.de\/wunderland\/wunderland-uelzen\/#primaryimage"},"thumbnailUrl":"https:\/\/lebenleben.de\/wunderland\/wp-content\/uploads\/sites\/9\/2021\/04\/ll_header_slider_image_1400x560_0005_Krippe_Wunderland.jpg","datePublished":"2021-01-22T14:37:47+00:00","dateModified":"2024-05-28T08:10:18+00:00","description":"Das Wunderland Uelzen umfasst eine Kita mit integrativer Krippe und Kindergarten sowie einen heilp\u00e4dagogischer und einen Sprachheilkindergarten.","breadcrumb":{"@id":"https:\/\/lebenleben.de\/wunderland\/wunderland-uelzen\/#breadcrumb"},"inLanguage":"de","potentialAction":[{"@type":"ReadAction","target":["https:\/\/lebenleben.de\/wunderland\/wunderland-uelzen\/"]}]},{"@type":"ImageObject","inLanguage":"de","@id":"https:\/\/lebenleben.de\/wunderland\/wunderland-uelzen\/#primaryimage","url":"https:\/\/lebenleben.de\/wunderland\/wp-content\/uploads\/sites\/9\/2021\/04\/ll_header_slider_image_1400x560_0005_Krippe_Wunderland.jpg","contentUrl":"https:\/\/lebenleben.de\/wunderland\/wp-content\/uploads\/sites\/9\/2021\/04\/ll_header_slider_image_1400x560_0005_Krippe_Wunderland.jpg","width":1400,"height":560},{"@type":"BreadcrumbList","@id":"https:\/\/lebenleben.de\/wunderland\/wunderland-uelzen\/#breadcrumb","itemListElement":[{"@type":"ListItem","position":1,"name":"Startseite","item":"https:\/\/lebenleben.de\/wunderland\/"},{"@type":"ListItem","position":2,"name":"Wunderland Uelzen"}]},{"@type":"WebSite","@id":"https:\/\/lebenleben.de\/wunderland\/#website","url":"https:\/\/lebenleben.de\/wunderland\/","name":"Leben leben Wunderland","description":"Eine weitere Leben Leben Netzwerk Website","publisher":{"@id":"https:\/\/lebenleben.de\/wunderland\/#organization"},"potentialAction":[{"@type":"SearchAction","target":{"@type":"EntryPoint","urlTemplate":"https:\/\/lebenleben.de\/wunderland\/?s={search_term_string}"},"query-input":{"@type":"PropertyValueSpecification","valueRequired":true,"valueName":"search_term_string"}}],"inLanguage":"de"},{"@type":"Organization","@id":"https:\/\/lebenleben.de\/wunderland\/#organization","name":"Leben leben Wunderland","url":"https:\/\/lebenleben.de\/wunderland\/","logo":{"@type":"ImageObject","inLanguage":"de","@id":"https:\/\/lebenleben.de\/wunderland\/#\/schema\/logo\/image\/","url":"https:\/\/lebenleben.de\/wunderland\/wp-content\/uploads\/sites\/9\/2021\/01\/ll_favicon-green.png","contentUrl":"https:\/\/lebenleben.de\/wunderland\/wp-content\/uploads\/sites\/9\/2021\/01\/ll_favicon-green.png","width":501,"height":501,"caption":"Leben leben Wunderland"},"image":{"@id":"https:\/\/lebenleben.de\/wunderland\/#\/schema\/logo\/image\/"}}]}},"_links":{"self":[{"href":"https:\/\/lebenleben.de\/wunderland\/wp-json\/wp\/v2\/pages\/16","targetHints":{"allow":["GET"]}}],"collection":[{"href":"https:\/\/lebenleben.de\/wunderland\/wp-json\/wp\/v2\/pages"}],"about":[{"href":"https:\/\/lebenleben.de\/wunderland\/wp-json\/wp\/v2\/types\/page"}],"author":[{"embeddable":true,"href":"https:\/\/lebenleben.de\/wunderland\/wp-json\/wp\/v2\/users\/1"}],"replies":[{"embeddable":true,"href":"https:\/\/lebenleben.de\/wunderland\/wp-json\/wp\/v2\/comments?post=16"}],"version-history":[{"count":10,"href":"https:\/\/lebenleben.de\/wunderland\/wp-json\/wp\/v2\/pages\/16\/revisions"}],"predecessor-version":[{"id":14377,"href":"https:\/\/lebenleben.de\/wunderland\/wp-json\/wp\/v2\/pages\/16\/revisions\/14377"}],"wp:featuredmedia":[{"embeddable":true,"href":"https:\/\/lebenleben.de\/wunderland\/wp-json\/wp\/v2\/media\/164"}],"wp:attachment":[{"href":"https:\/\/lebenleben.de\/wunderland\/wp-json\/wp\/v2\/media?parent=16"}],"curies":[{"name":"wp","href":"https:\/\/api.w.org\/{rel}","templated":true}]}}