{"id":18,"date":"2021-01-22T15:37:56","date_gmt":"2021-01-22T14:37:56","guid":{"rendered":"https:\/\/lebenleben.de\/wunderland\/?page_id=18"},"modified":"2026-02-05T08:53:38","modified_gmt":"2026-02-05T07:53:38","slug":"begleitende-angebote","status":"publish","type":"page","link":"https:\/\/lebenleben.de\/wunderland\/begleitende-angebote\/","title":{"rendered":"Begleitende Angebote"},"content":{"rendered":"\n<div id=\"llimageslider-block_0f29c8831ed8ea2c1ff0ce862dfe794f\" class=\"block-llimageslider llimageslider alignwide\">\n\n    \n\t\t<div class=\"llimageslider-slider\" data-slick='{\"autoplaySpeed\": 5000}'>\n\t\t\t\t\t\t\t<div class=\"single-slide-wrapper slide-1\">\n\t\t\t\t\t<img loading=\"lazy\" decoding=\"async\" width=\"1400\" height=\"440\" src=\"https:\/\/lebenleben.de\/wunderland\/wp-content\/uploads\/sites\/9\/2024\/05\/ll_header_slider_image_1400x560_0005_is_1133791525-2-1400x440-1.jpg\" class=\"single-slide-image slider-desktop-image\" alt=\"\" srcset=\"https:\/\/lebenleben.de\/wunderland\/wp-content\/uploads\/sites\/9\/2024\/05\/ll_header_slider_image_1400x560_0005_is_1133791525-2-1400x440-1.jpg 1400w, https:\/\/lebenleben.de\/wunderland\/wp-content\/uploads\/sites\/9\/2024\/05\/ll_header_slider_image_1400x560_0005_is_1133791525-2-1400x440-1-300x94.jpg 300w, https:\/\/lebenleben.de\/wunderland\/wp-content\/uploads\/sites\/9\/2024\/05\/ll_header_slider_image_1400x560_0005_is_1133791525-2-1400x440-1-1024x322.jpg 1024w, https:\/\/lebenleben.de\/wunderland\/wp-content\/uploads\/sites\/9\/2024\/05\/ll_header_slider_image_1400x560_0005_is_1133791525-2-1400x440-1-768x241.jpg 768w\" sizes=\"auto, (max-width: 1400px) 100vw, 1400px\" \/>          <img loading=\"lazy\" decoding=\"async\" width=\"1000\" height=\"314\" src=\"https:\/\/lebenleben.de\/wunderland\/wp-content\/uploads\/sites\/9\/2024\/05\/ll_header_slider_image_1400x560_0005_is_1133791525-2-1400x440-1-1024x322.jpg\" class=\"single-slide-image slider-mobile-image\" alt=\"\" srcset=\"https:\/\/lebenleben.de\/wunderland\/wp-content\/uploads\/sites\/9\/2024\/05\/ll_header_slider_image_1400x560_0005_is_1133791525-2-1400x440-1-1024x322.jpg 1024w, https:\/\/lebenleben.de\/wunderland\/wp-content\/uploads\/sites\/9\/2024\/05\/ll_header_slider_image_1400x560_0005_is_1133791525-2-1400x440-1-300x94.jpg 300w, https:\/\/lebenleben.de\/wunderland\/wp-content\/uploads\/sites\/9\/2024\/05\/ll_header_slider_image_1400x560_0005_is_1133791525-2-1400x440-1-768x241.jpg 768w, https:\/\/lebenleben.de\/wunderland\/wp-content\/uploads\/sites\/9\/2024\/05\/ll_header_slider_image_1400x560_0005_is_1133791525-2-1400x440-1.jpg 1400w\" sizes=\"auto, (max-width: 1000px) 100vw, 1000px\" \/>\n                    <div class=\"single-slide-text\">\n          <h2>Begleitende Angebote<\/h2><h3>Weitere F\u00f6rder- und Unterst\u00fctzungsleistungen<\/h3>                  <\/div>\n        \n\t\t\t\t<\/div>\n\t\t\t\t\t<\/div>\n\t  <script>\n    jQuery(document).ready(function() {\n        jQuery('.llimageslider-slider').slick({\n          dots: true,\n          infinite: true,\n          speed: 1000,\n          autoplay: true,\n          adaptiveHeight: true,\n          slidesToShow: 1,\n          fade: true,\n          focusOnSelect: true\n        });\n    });\n    <\/script>\n<\/div>\n\n\n\n<p>Die <a href=\"https:\/\/lebenleben.de\/\" target=\"_blank\" rel=\"noreferrer noopener\">Unternehmensgruppe Leben leben<\/a> bietet ein breites Spektrum an F\u00f6rder- und Unterst\u00fctzungsleistungen f\u00fcr Kinder jeden Alters. Das macht es den Einrichtungen unseres Wunderlands leicht, bei Bedarf unkompliziert Hilfe anzubieten und sich mit den hinzugezogenen Einrichtungen direkt auszutauschen. Wir greifen bei unserer Arbeit z. B. auf die Kompetenzen folgender Einrichtungen unserer Unternehmensgruppe zur\u00fcck:<\/p>\n\n\n\n<div style=\"height:10px\" aria-hidden=\"true\" class=\"wp-block-spacer\"><\/div>\n\n\n\n<ul class=\"wp-block-list\">\n<li><a href=\"https:\/\/lebenleben.de\/therapiezentrum\/\" target=\"_blank\" rel=\"noreferrer noopener\">Therapiezentrum Uelzen<\/a> (Ergotherapie, Logop\u00e4die, Physiotherapie)<\/li>\n\n\n\n<li><a href=\"https:\/\/lebenleben.de\/mvz\/\">Fach\u00e4rztliches MVZ Drei Linden<\/a> (Kinder- und Jugendmedizin sowie therapeutische Leistungen in den Fachgebieten Neurologie, Psychologie und Psychotherapie)<\/li>\n\n\n\n<li><a href=\"http:\/\/www.lebenleben.de\/spektral\">Autismusambulanz<\/a> (von der Beratung bis zur Therapiebegleitung)<\/li>\n<\/ul>\n\n\n\n<div style=\"height:25px\" aria-hidden=\"true\" class=\"wp-block-spacer\"><\/div>\n","protected":false},"excerpt":{"rendered":"<p>Die Unternehmensgruppe Leben leben bietet ein breites Spektrum an F\u00f6rder- und Unterst\u00fctzungsleistungen f\u00fcr Kinder jeden Alters. Das macht es den Einrichtungen unseres Wunderlands leicht, bei Bedarf unkompliziert Hilfe anzubieten und sich mit den hinzugezogenen Einrichtungen direkt auszutauschen. Wir greifen bei unserer Arbeit z. B. auf die Kompetenzen folgender Einrichtungen unserer Unternehmensgruppe zur\u00fcck:<\/p>\n","protected":false},"author":1,"featured_media":168,"parent":0,"menu_order":30,"comment_status":"closed","ping_status":"closed","template":"page-templates\/page-fullscreen.php","meta":{"_acf_changed":false,"footnotes":""},"class_list":["post-18","page","type-page","status-publish","has-post-thumbnail","hentry"],"acf":[],"yoast_head":"<!-- This site is optimized with the Yoast SEO plugin v27.3 - https:\/\/yoast.com\/product\/yoast-seo-wordpress\/ -->\n<title>Begleitende Angebote | Wunderland<\/title>\n<meta name=\"description\" content=\"Kinder, die das Wunderland besuchen, profitieren auch von den weiteren Angeboten und Einrichtungen der Unternehmensgruppe Leben leben.\" \/>\n<meta name=\"robots\" content=\"index, follow, max-snippet:-1, max-image-preview:large, max-video-preview:-1\" \/>\n<link rel=\"canonical\" href=\"https:\/\/lebenleben.de\/wunderland\/begleitende-angebote\/\" \/>\n<meta property=\"og:locale\" content=\"de_DE\" \/>\n<meta property=\"og:type\" content=\"article\" \/>\n<meta property=\"og:title\" content=\"Begleitende Angebote | Wunderland\" \/>\n<meta property=\"og:description\" content=\"Kinder, die das Wunderland besuchen, profitieren auch von den weiteren Angeboten und Einrichtungen der Unternehmensgruppe Leben leben.\" \/>\n<meta property=\"og:url\" content=\"https:\/\/lebenleben.de\/wunderland\/begleitende-angebote\/\" \/>\n<meta property=\"og:site_name\" content=\"Leben leben Wunderland\" \/>\n<meta property=\"article:modified_time\" content=\"2026-02-05T07:53:38+00:00\" \/>\n<meta property=\"og:image\" content=\"https:\/\/lebenleben.de\/wunderland\/wp-content\/uploads\/sites\/9\/2021\/04\/ll_header_slider_image_1400x560_0005_is_1133791525-2.jpg\" \/>\n\t<meta property=\"og:image:width\" content=\"1400\" \/>\n\t<meta property=\"og:image:height\" content=\"560\" \/>\n\t<meta property=\"og:image:type\" content=\"image\/jpeg\" \/>\n<meta name=\"twitter:card\" content=\"summary_large_image\" \/>\n<meta name=\"twitter:label1\" content=\"Gesch\u00e4tzte Lesezeit\" \/>\n\t<meta name=\"twitter:data1\" content=\"1\u00a0Minute\" \/>\n<script type=\"application\/ld+json\" class=\"yoast-schema-graph\">{\"@context\":\"https:\\\/\\\/schema.org\",\"@graph\":[{\"@type\":\"WebPage\",\"@id\":\"https:\\\/\\\/lebenleben.de\\\/wunderland\\\/begleitende-angebote\\\/\",\"url\":\"https:\\\/\\\/lebenleben.de\\\/wunderland\\\/begleitende-angebote\\\/\",\"name\":\"Begleitende Angebote | Wunderland\",\"isPartOf\":{\"@id\":\"https:\\\/\\\/lebenleben.de\\\/wunderland\\\/#website\"},\"primaryImageOfPage\":{\"@id\":\"https:\\\/\\\/lebenleben.de\\\/wunderland\\\/begleitende-angebote\\\/#primaryimage\"},\"image\":{\"@id\":\"https:\\\/\\\/lebenleben.de\\\/wunderland\\\/begleitende-angebote\\\/#primaryimage\"},\"thumbnailUrl\":\"https:\\\/\\\/lebenleben.de\\\/wunderland\\\/wp-content\\\/uploads\\\/sites\\\/9\\\/2021\\\/04\\\/ll_header_slider_image_1400x560_0005_is_1133791525-2.jpg\",\"datePublished\":\"2021-01-22T14:37:56+00:00\",\"dateModified\":\"2026-02-05T07:53:38+00:00\",\"description\":\"Kinder, die das Wunderland besuchen, profitieren auch von den weiteren Angeboten und Einrichtungen der Unternehmensgruppe Leben leben.\",\"breadcrumb\":{\"@id\":\"https:\\\/\\\/lebenleben.de\\\/wunderland\\\/begleitende-angebote\\\/#breadcrumb\"},\"inLanguage\":\"de\",\"potentialAction\":[{\"@type\":\"ReadAction\",\"target\":[\"https:\\\/\\\/lebenleben.de\\\/wunderland\\\/begleitende-angebote\\\/\"]}]},{\"@type\":\"ImageObject\",\"inLanguage\":\"de\",\"@id\":\"https:\\\/\\\/lebenleben.de\\\/wunderland\\\/begleitende-angebote\\\/#primaryimage\",\"url\":\"https:\\\/\\\/lebenleben.de\\\/wunderland\\\/wp-content\\\/uploads\\\/sites\\\/9\\\/2021\\\/04\\\/ll_header_slider_image_1400x560_0005_is_1133791525-2.jpg\",\"contentUrl\":\"https:\\\/\\\/lebenleben.de\\\/wunderland\\\/wp-content\\\/uploads\\\/sites\\\/9\\\/2021\\\/04\\\/ll_header_slider_image_1400x560_0005_is_1133791525-2.jpg\",\"width\":1400,\"height\":560},{\"@type\":\"BreadcrumbList\",\"@id\":\"https:\\\/\\\/lebenleben.de\\\/wunderland\\\/begleitende-angebote\\\/#breadcrumb\",\"itemListElement\":[{\"@type\":\"ListItem\",\"position\":1,\"name\":\"Startseite\",\"item\":\"https:\\\/\\\/lebenleben.de\\\/wunderland\\\/\"},{\"@type\":\"ListItem\",\"position\":2,\"name\":\"Begleitende Angebote\"}]},{\"@type\":\"WebSite\",\"@id\":\"https:\\\/\\\/lebenleben.de\\\/wunderland\\\/#website\",\"url\":\"https:\\\/\\\/lebenleben.de\\\/wunderland\\\/\",\"name\":\"Leben leben Wunderland\",\"description\":\"Eine weitere Leben Leben Netzwerk Website\",\"publisher\":{\"@id\":\"https:\\\/\\\/lebenleben.de\\\/wunderland\\\/#organization\"},\"potentialAction\":[{\"@type\":\"SearchAction\",\"target\":{\"@type\":\"EntryPoint\",\"urlTemplate\":\"https:\\\/\\\/lebenleben.de\\\/wunderland\\\/?s={search_term_string}\"},\"query-input\":{\"@type\":\"PropertyValueSpecification\",\"valueRequired\":true,\"valueName\":\"search_term_string\"}}],\"inLanguage\":\"de\"},{\"@type\":\"Organization\",\"@id\":\"https:\\\/\\\/lebenleben.de\\\/wunderland\\\/#organization\",\"name\":\"Leben leben Wunderland\",\"url\":\"https:\\\/\\\/lebenleben.de\\\/wunderland\\\/\",\"logo\":{\"@type\":\"ImageObject\",\"inLanguage\":\"de\",\"@id\":\"https:\\\/\\\/lebenleben.de\\\/wunderland\\\/#\\\/schema\\\/logo\\\/image\\\/\",\"url\":\"https:\\\/\\\/lebenleben.de\\\/wunderland\\\/wp-content\\\/uploads\\\/sites\\\/9\\\/2021\\\/01\\\/ll_favicon-green.png\",\"contentUrl\":\"https:\\\/\\\/lebenleben.de\\\/wunderland\\\/wp-content\\\/uploads\\\/sites\\\/9\\\/2021\\\/01\\\/ll_favicon-green.png\",\"width\":501,\"height\":501,\"caption\":\"Leben leben Wunderland\"},\"image\":{\"@id\":\"https:\\\/\\\/lebenleben.de\\\/wunderland\\\/#\\\/schema\\\/logo\\\/image\\\/\"}}]}<\/script>\n<!-- \/ Yoast SEO plugin. -->","yoast_head_json":{"title":"Begleitende Angebote | Wunderland","description":"Kinder, die das Wunderland besuchen, profitieren auch von den weiteren Angeboten und Einrichtungen der Unternehmensgruppe Leben leben.","robots":{"index":"index","follow":"follow","max-snippet":"max-snippet:-1","max-image-preview":"max-image-preview:large","max-video-preview":"max-video-preview:-1"},"canonical":"https:\/\/lebenleben.de\/wunderland\/begleitende-angebote\/","og_locale":"de_DE","og_type":"article","og_title":"Begleitende Angebote | Wunderland","og_description":"Kinder, die das Wunderland besuchen, profitieren auch von den weiteren Angeboten und Einrichtungen der Unternehmensgruppe Leben leben.","og_url":"https:\/\/lebenleben.de\/wunderland\/begleitende-angebote\/","og_site_name":"Leben leben Wunderland","article_modified_time":"2026-02-05T07:53:38+00:00","og_image":[{"width":1400,"height":560,"url":"https:\/\/lebenleben.de\/wunderland\/wp-content\/uploads\/sites\/9\/2021\/04\/ll_header_slider_image_1400x560_0005_is_1133791525-2.jpg","type":"image\/jpeg"}],"twitter_card":"summary_large_image","twitter_misc":{"Gesch\u00e4tzte Lesezeit":"1\u00a0Minute"},"schema":{"@context":"https:\/\/schema.org","@graph":[{"@type":"WebPage","@id":"https:\/\/lebenleben.de\/wunderland\/begleitende-angebote\/","url":"https:\/\/lebenleben.de\/wunderland\/begleitende-angebote\/","name":"Begleitende Angebote | Wunderland","isPartOf":{"@id":"https:\/\/lebenleben.de\/wunderland\/#website"},"primaryImageOfPage":{"@id":"https:\/\/lebenleben.de\/wunderland\/begleitende-angebote\/#primaryimage"},"image":{"@id":"https:\/\/lebenleben.de\/wunderland\/begleitende-angebote\/#primaryimage"},"thumbnailUrl":"https:\/\/lebenleben.de\/wunderland\/wp-content\/uploads\/sites\/9\/2021\/04\/ll_header_slider_image_1400x560_0005_is_1133791525-2.jpg","datePublished":"2021-01-22T14:37:56+00:00","dateModified":"2026-02-05T07:53:38+00:00","description":"Kinder, die das Wunderland besuchen, profitieren auch von den weiteren Angeboten und Einrichtungen der Unternehmensgruppe Leben leben.","breadcrumb":{"@id":"https:\/\/lebenleben.de\/wunderland\/begleitende-angebote\/#breadcrumb"},"inLanguage":"de","potentialAction":[{"@type":"ReadAction","target":["https:\/\/lebenleben.de\/wunderland\/begleitende-angebote\/"]}]},{"@type":"ImageObject","inLanguage":"de","@id":"https:\/\/lebenleben.de\/wunderland\/begleitende-angebote\/#primaryimage","url":"https:\/\/lebenleben.de\/wunderland\/wp-content\/uploads\/sites\/9\/2021\/04\/ll_header_slider_image_1400x560_0005_is_1133791525-2.jpg","contentUrl":"https:\/\/lebenleben.de\/wunderland\/wp-content\/uploads\/sites\/9\/2021\/04\/ll_header_slider_image_1400x560_0005_is_1133791525-2.jpg","width":1400,"height":560},{"@type":"BreadcrumbList","@id":"https:\/\/lebenleben.de\/wunderland\/begleitende-angebote\/#breadcrumb","itemListElement":[{"@type":"ListItem","position":1,"name":"Startseite","item":"https:\/\/lebenleben.de\/wunderland\/"},{"@type":"ListItem","position":2,"name":"Begleitende Angebote"}]},{"@type":"WebSite","@id":"https:\/\/lebenleben.de\/wunderland\/#website","url":"https:\/\/lebenleben.de\/wunderland\/","name":"Leben leben Wunderland","description":"Eine weitere Leben Leben Netzwerk Website","publisher":{"@id":"https:\/\/lebenleben.de\/wunderland\/#organization"},"potentialAction":[{"@type":"SearchAction","target":{"@type":"EntryPoint","urlTemplate":"https:\/\/lebenleben.de\/wunderland\/?s={search_term_string}"},"query-input":{"@type":"PropertyValueSpecification","valueRequired":true,"valueName":"search_term_string"}}],"inLanguage":"de"},{"@type":"Organization","@id":"https:\/\/lebenleben.de\/wunderland\/#organization","name":"Leben leben Wunderland","url":"https:\/\/lebenleben.de\/wunderland\/","logo":{"@type":"ImageObject","inLanguage":"de","@id":"https:\/\/lebenleben.de\/wunderland\/#\/schema\/logo\/image\/","url":"https:\/\/lebenleben.de\/wunderland\/wp-content\/uploads\/sites\/9\/2021\/01\/ll_favicon-green.png","contentUrl":"https:\/\/lebenleben.de\/wunderland\/wp-content\/uploads\/sites\/9\/2021\/01\/ll_favicon-green.png","width":501,"height":501,"caption":"Leben leben Wunderland"},"image":{"@id":"https:\/\/lebenleben.de\/wunderland\/#\/schema\/logo\/image\/"}}]}},"_links":{"self":[{"href":"https:\/\/lebenleben.de\/wunderland\/wp-json\/wp\/v2\/pages\/18","targetHints":{"allow":["GET"]}}],"collection":[{"href":"https:\/\/lebenleben.de\/wunderland\/wp-json\/wp\/v2\/pages"}],"about":[{"href":"https:\/\/lebenleben.de\/wunderland\/wp-json\/wp\/v2\/types\/page"}],"author":[{"embeddable":true,"href":"https:\/\/lebenleben.de\/wunderland\/wp-json\/wp\/v2\/users\/1"}],"replies":[{"embeddable":true,"href":"https:\/\/lebenleben.de\/wunderland\/wp-json\/wp\/v2\/comments?post=18"}],"version-history":[{"count":10,"href":"https:\/\/lebenleben.de\/wunderland\/wp-json\/wp\/v2\/pages\/18\/revisions"}],"predecessor-version":[{"id":15376,"href":"https:\/\/lebenleben.de\/wunderland\/wp-json\/wp\/v2\/pages\/18\/revisions\/15376"}],"wp:featuredmedia":[{"embeddable":true,"href":"https:\/\/lebenleben.de\/wunderland\/wp-json\/wp\/v2\/media\/168"}],"wp:attachment":[{"href":"https:\/\/lebenleben.de\/wunderland\/wp-json\/wp\/v2\/media?parent=18"}],"curies":[{"name":"wp","href":"https:\/\/api.w.org\/{rel}","templated":true}]}}